{"id":398421,"date":"2021-06-13T22:38:53","date_gmt":"2021-06-13T20:38:53","guid":{"rendered":"https:\/\/hubsch-interior.com\/shop-b2c\/product\/product\/"},"modified":"2026-04-09T04:25:24","modified_gmt":"2026-04-09T02:25:24","slug":"fuyu-schale-medium-texturiertes","status":"publish","type":"product","link":"https:\/\/hubsch-interior.com\/de\/produkt\/fuyu-schale-medium-texturiertes\/","title":{"rendered":"Fuyu Schale Medium Texturiertes"},"content":{"rendered":"<p>Erinnern Sie sich noch an die Zeit, als Ihre Gro\u00dfmutter das feine Essgeschirr f\u00fcr das Sonntagsessen herausholte? Mit dieser M\u00fcslischale aus transparentem, strukturiertem Glas wird jeder Tag zu einem Tag der feinen K\u00fcche. Diese sch\u00f6ne Snackschale ist eine hervorragende Erg\u00e4nzung zu jeder Mahlzeit. Die Schale ist Teil einer Geschirrserie, zu der auch eine Salatsch\u00fcssel, ein kleiner und ein gro\u00dfer Teller sowie ein hohes Trinkglas geh\u00f6ren. Und wissen Sie, was noch besser ist &#8230; Sie ist sp\u00fclmaschinenfest.<\/p>\n","protected":false},"excerpt":{"rendered":"<p>Erinnern Sie sich noch an die Zeit, als Ihre Gro\u00dfmutter das feine Essgeschirr f\u00fcr das Sonntagsessen herausholte? Mit dieser M\u00fcslischale aus transparentem, strukturiertem Glas wird jeder Tag zu einem Tag der feinen K\u00fcche. Diese sch\u00f6ne Snackschale ist eine hervorragende Erg\u00e4nzung zu jeder Mahlzeit. Die Schale ist Teil einer Geschirrserie, zu der auch eine Salatsch\u00fcssel, ein [&hellip;]<\/p>\n","protected":false},"featured_media":1095751,"template":"","meta":{"_acf_changed":false,"inline_featured_image":false},"product_brand":[],"product_cat":[6972,7044,7078,7029,6349,4055,4096,6519],"product_tag":[],"class_list":{"0":"post-398421","1":"product","2":"type-product","3":"status-publish","4":"has-post-thumbnail","6":"product_cat-oster-sale","7":"product_cat-servierschalen-de","8":"product_cat-teller-und-schuesseln-de","9":"product_cat-tischgeschirr-de-2","10":"product_cat-garden-selection-de","11":"product_cat-kuechenzubehoer-de","12":"product_cat-tischgeschirr-de","13":"product_cat-outlet-de","14":"product_shipping_class-pk","16":"pa_color-texturiertes","17":"pa_material-glas-de","19":"first","20":"instock","21":"sale","22":"taxable","23":"shipping-taxable","24":"purchasable","25":"product-type-simple"},"exclude_global_add_ons":[],"addons":[],"acf":[],"yoast_head":"<!-- This site is optimized with the Yoast SEO plugin v26.4 - https:\/\/yoast.com\/wordpress\/plugins\/seo\/ -->\n<title>Fuyu Schale Medium Texturiertes - H\u00fcbsch<\/title>\n<meta name=\"description\" content=\"Erinnern Sie sich noch an die Zeit, als Ihre Gro\u00dfmutter das feine Essgeschirr f\u00fcr das Sonntagsessen herausholte? Mit dieser M\u00fcslischale aus transparentem,\" \/>\n<meta name=\"robots\" content=\"index, follow, max-snippet:-1, max-image-preview:large, max-video-preview:-1\" \/>\n<link rel=\"canonical\" href=\"https:\/\/hubsch-interior.com\/de\/wp-json\/wp\/v2\/product\/398421\" \/>\n<meta property=\"og:locale\" content=\"de_DE\" \/>\n<meta property=\"og:type\" content=\"article\" \/>\n<meta property=\"og:title\" content=\"Fuyu Schale Medium Texturiertes - H\u00fcbsch\" \/>\n<meta property=\"og:description\" content=\"Erinnern Sie sich noch an die Zeit, als Ihre Gro\u00dfmutter das feine Essgeschirr f\u00fcr das Sonntagsessen herausholte? Mit dieser M\u00fcslischale aus transparentem,\" \/>\n<meta property=\"og:url\" content=\"https:\/\/hubsch-interior.com\/de\/produkt\/fuyu-schale-medium-texturiertes\/\" \/>\n<meta property=\"og:site_name\" content=\"H\u00fcbsch\" \/>\n<meta property=\"article:modified_time\" content=\"2026-04-09T02:25:24+00:00\" \/>\n<meta property=\"og:image\" content=\"https:\/\/hubsch-interior.com\/wp-content\/uploads\/2023\/08\/fuyu-bowl-medium-texturedclear-530e064ace0968390ed089285c2cc4d4.jpg\" \/>\n\t<meta property=\"og:image:width\" content=\"1200\" \/>\n\t<meta property=\"og:image:height\" content=\"1200\" \/>\n\t<meta property=\"og:image:type\" content=\"image\/jpeg\" \/>\n<meta name=\"twitter:card\" content=\"summary_large_image\" \/>\n<script type=\"application\/ld+json\" class=\"yoast-schema-graph\">{\"@context\":\"https:\/\/schema.org\",\"@graph\":[{\"@type\":\"WebPage\",\"@id\":\"https:\/\/hubsch-interior.com\/de\/produkt\/fuyu-schale-medium-texturiertes\/\",\"url\":\"https:\/\/hubsch-interior.com\/de\/produkt\/fuyu-schale-medium-texturiertes\/\",\"name\":\"Fuyu Schale Medium Texturiertes - H\u00fcbsch\",\"isPartOf\":{\"@id\":\"https:\/\/hubsch-interior.com\/de\/#website\"},\"primaryImageOfPage\":{\"@id\":\"https:\/\/hubsch-interior.com\/de\/produkt\/fuyu-schale-medium-texturiertes\/#primaryimage\"},\"image\":{\"@id\":\"https:\/\/hubsch-interior.com\/de\/produkt\/fuyu-schale-medium-texturiertes\/#primaryimage\"},\"thumbnailUrl\":\"https:\/\/hubsch-interior.com\/wp-content\/uploads\/2026\/02\/fuyu-bowl-medium-textured-67903861f242c60bfba365aa1c808e87.jpg\",\"datePublished\":\"2021-06-13T20:38:53+00:00\",\"dateModified\":\"2026-04-09T02:25:24+00:00\",\"description\":\"Erinnern Sie sich noch an die Zeit, als Ihre Gro\u00dfmutter das feine Essgeschirr f\u00fcr das Sonntagsessen herausholte? Mit dieser M\u00fcslischale aus transparentem,\",\"breadcrumb\":{\"@id\":\"https:\/\/hubsch-interior.com\/de\/produkt\/fuyu-schale-medium-texturiertes\/#breadcrumb\"},\"inLanguage\":\"de\",\"potentialAction\":[{\"@type\":\"ReadAction\",\"target\":[\"https:\/\/hubsch-interior.com\/de\/produkt\/fuyu-schale-medium-texturiertes\/\"]}]},{\"@type\":\"ImageObject\",\"inLanguage\":\"de\",\"@id\":\"https:\/\/hubsch-interior.com\/de\/produkt\/fuyu-schale-medium-texturiertes\/#primaryimage\",\"url\":\"https:\/\/hubsch-interior.com\/wp-content\/uploads\/2026\/02\/fuyu-bowl-medium-textured-67903861f242c60bfba365aa1c808e87.jpg\",\"contentUrl\":\"https:\/\/hubsch-interior.com\/wp-content\/uploads\/2026\/02\/fuyu-bowl-medium-textured-67903861f242c60bfba365aa1c808e87.jpg\",\"width\":1024,\"height\":1024},{\"@type\":\"BreadcrumbList\",\"@id\":\"https:\/\/hubsch-interior.com\/de\/produkt\/fuyu-schale-medium-texturiertes\/#breadcrumb\",\"itemListElement\":[{\"@type\":\"ListItem\",\"position\":1,\"name\":\"Startseite\",\"item\":\"https:\/\/hubsch-interior.com\/de\/\"},{\"@type\":\"ListItem\",\"position\":2,\"name\":\"Produkte\",\"item\":\"https:\/\/hubsch-interior.com\/de\/shop-2\/\"},{\"@type\":\"ListItem\",\"position\":3,\"name\":\"K\u00fcche\",\"item\":\"https:\/\/hubsch-interior.com\/de\/produkt-kategorie\/kuche\/\"},{\"@type\":\"ListItem\",\"position\":4,\"name\":\"Tischgeschirr\",\"item\":\"https:\/\/hubsch-interior.com\/de\/produkt-kategorie\/kuche\/tischgeschirr-de-2\/\"},{\"@type\":\"ListItem\",\"position\":5,\"name\":\"Servierschalen\",\"item\":\"https:\/\/hubsch-interior.com\/de\/produkt-kategorie\/kuche\/tischgeschirr-de-2\/servierschalen-de\/\"},{\"@type\":\"ListItem\",\"position\":6,\"name\":\"Fuyu Schale Medium Texturiertes\"}]},{\"@type\":\"WebSite\",\"@id\":\"https:\/\/hubsch-interior.com\/de\/#website\",\"url\":\"https:\/\/hubsch-interior.com\/de\/\",\"name\":\"H\u00fcbsch\",\"description\":\"Danish Home Interior and Design\",\"publisher\":{\"@id\":\"https:\/\/hubsch-interior.com\/de\/#organization\"},\"potentialAction\":[{\"@type\":\"SearchAction\",\"target\":{\"@type\":\"EntryPoint\",\"urlTemplate\":\"https:\/\/hubsch-interior.com\/de\/?s={search_term_string}\"},\"query-input\":{\"@type\":\"PropertyValueSpecification\",\"valueRequired\":true,\"valueName\":\"search_term_string\"}}],\"inLanguage\":\"de\"},{\"@type\":\"Organization\",\"@id\":\"https:\/\/hubsch-interior.com\/de\/#organization\",\"name\":\"H\u00fcbsch\",\"url\":\"https:\/\/hubsch-interior.com\/de\/\",\"logo\":{\"@type\":\"ImageObject\",\"inLanguage\":\"de\",\"@id\":\"https:\/\/hubsch-interior.com\/de\/#\/schema\/logo\/image\/\",\"url\":\"https:\/\/hubsch-interior.com\/wp-content\/uploads\/2022\/12\/Hubsch_logo_black_one_line.svg\",\"contentUrl\":\"https:\/\/hubsch-interior.com\/wp-content\/uploads\/2022\/12\/Hubsch_logo_black_one_line.svg\",\"caption\":\"H\u00fcbsch\"},\"image\":{\"@id\":\"https:\/\/hubsch-interior.com\/de\/#\/schema\/logo\/image\/\"}}]}<\/script>\n<!-- \/ Yoast SEO plugin. -->","yoast_head_json":{"title":"Fuyu Schale Medium Texturiertes - H\u00fcbsch","description":"Erinnern Sie sich noch an die Zeit, als Ihre Gro\u00dfmutter das feine Essgeschirr f\u00fcr das Sonntagsessen herausholte? Mit dieser M\u00fcslischale aus transparentem,","robots":{"index":"index","follow":"follow","max-snippet":"max-snippet:-1","max-image-preview":"max-image-preview:large","max-video-preview":"max-video-preview:-1"},"canonical":"https:\/\/hubsch-interior.com\/de\/wp-json\/wp\/v2\/product\/398421","og_locale":"de_DE","og_type":"article","og_title":"Fuyu Schale Medium Texturiertes - H\u00fcbsch","og_description":"Erinnern Sie sich noch an die Zeit, als Ihre Gro\u00dfmutter das feine Essgeschirr f\u00fcr das Sonntagsessen herausholte? Mit dieser M\u00fcslischale aus transparentem,","og_url":"https:\/\/hubsch-interior.com\/de\/produkt\/fuyu-schale-medium-texturiertes\/","og_site_name":"H\u00fcbsch","article_modified_time":"2026-04-09T02:25:24+00:00","og_image":[{"width":1200,"height":1200,"url":"https:\/\/hubsch-interior.com\/wp-content\/uploads\/2023\/08\/fuyu-bowl-medium-texturedclear-530e064ace0968390ed089285c2cc4d4.jpg","type":"image\/jpeg"}],"twitter_card":"summary_large_image","schema":{"@context":"https:\/\/schema.org","@graph":[{"@type":"WebPage","@id":"https:\/\/hubsch-interior.com\/de\/produkt\/fuyu-schale-medium-texturiertes\/","url":"https:\/\/hubsch-interior.com\/de\/produkt\/fuyu-schale-medium-texturiertes\/","name":"Fuyu Schale Medium Texturiertes - H\u00fcbsch","isPartOf":{"@id":"https:\/\/hubsch-interior.com\/de\/#website"},"primaryImageOfPage":{"@id":"https:\/\/hubsch-interior.com\/de\/produkt\/fuyu-schale-medium-texturiertes\/#primaryimage"},"image":{"@id":"https:\/\/hubsch-interior.com\/de\/produkt\/fuyu-schale-medium-texturiertes\/#primaryimage"},"thumbnailUrl":"https:\/\/hubsch-interior.com\/wp-content\/uploads\/2026\/02\/fuyu-bowl-medium-textured-67903861f242c60bfba365aa1c808e87.jpg","datePublished":"2021-06-13T20:38:53+00:00","dateModified":"2026-04-09T02:25:24+00:00","description":"Erinnern Sie sich noch an die Zeit, als Ihre Gro\u00dfmutter das feine Essgeschirr f\u00fcr das Sonntagsessen herausholte? Mit dieser M\u00fcslischale aus transparentem,","breadcrumb":{"@id":"https:\/\/hubsch-interior.com\/de\/produkt\/fuyu-schale-medium-texturiertes\/#breadcrumb"},"inLanguage":"de","potentialAction":[{"@type":"ReadAction","target":["https:\/\/hubsch-interior.com\/de\/produkt\/fuyu-schale-medium-texturiertes\/"]}]},{"@type":"ImageObject","inLanguage":"de","@id":"https:\/\/hubsch-interior.com\/de\/produkt\/fuyu-schale-medium-texturiertes\/#primaryimage","url":"https:\/\/hubsch-interior.com\/wp-content\/uploads\/2026\/02\/fuyu-bowl-medium-textured-67903861f242c60bfba365aa1c808e87.jpg","contentUrl":"https:\/\/hubsch-interior.com\/wp-content\/uploads\/2026\/02\/fuyu-bowl-medium-textured-67903861f242c60bfba365aa1c808e87.jpg","width":1024,"height":1024},{"@type":"BreadcrumbList","@id":"https:\/\/hubsch-interior.com\/de\/produkt\/fuyu-schale-medium-texturiertes\/#breadcrumb","itemListElement":[{"@type":"ListItem","position":1,"name":"Startseite","item":"https:\/\/hubsch-interior.com\/de\/"},{"@type":"ListItem","position":2,"name":"Produkte","item":"https:\/\/hubsch-interior.com\/de\/shop-2\/"},{"@type":"ListItem","position":3,"name":"K\u00fcche","item":"https:\/\/hubsch-interior.com\/de\/produkt-kategorie\/kuche\/"},{"@type":"ListItem","position":4,"name":"Tischgeschirr","item":"https:\/\/hubsch-interior.com\/de\/produkt-kategorie\/kuche\/tischgeschirr-de-2\/"},{"@type":"ListItem","position":5,"name":"Servierschalen","item":"https:\/\/hubsch-interior.com\/de\/produkt-kategorie\/kuche\/tischgeschirr-de-2\/servierschalen-de\/"},{"@type":"ListItem","position":6,"name":"Fuyu Schale Medium Texturiertes"}]},{"@type":"WebSite","@id":"https:\/\/hubsch-interior.com\/de\/#website","url":"https:\/\/hubsch-interior.com\/de\/","name":"H\u00fcbsch","description":"Danish Home Interior and Design","publisher":{"@id":"https:\/\/hubsch-interior.com\/de\/#organization"},"potentialAction":[{"@type":"SearchAction","target":{"@type":"EntryPoint","urlTemplate":"https:\/\/hubsch-interior.com\/de\/?s={search_term_string}"},"query-input":{"@type":"PropertyValueSpecification","valueRequired":true,"valueName":"search_term_string"}}],"inLanguage":"de"},{"@type":"Organization","@id":"https:\/\/hubsch-interior.com\/de\/#organization","name":"H\u00fcbsch","url":"https:\/\/hubsch-interior.com\/de\/","logo":{"@type":"ImageObject","inLanguage":"de","@id":"https:\/\/hubsch-interior.com\/de\/#\/schema\/logo\/image\/","url":"https:\/\/hubsch-interior.com\/wp-content\/uploads\/2022\/12\/Hubsch_logo_black_one_line.svg","contentUrl":"https:\/\/hubsch-interior.com\/wp-content\/uploads\/2022\/12\/Hubsch_logo_black_one_line.svg","caption":"H\u00fcbsch"},"image":{"@id":"https:\/\/hubsch-interior.com\/de\/#\/schema\/logo\/image\/"}}]}},"_links":{"self":[{"href":"https:\/\/hubsch-interior.com\/de\/wp-json\/wp\/v2\/product\/398421","targetHints":{"allow":["GET"]}}],"collection":[{"href":"https:\/\/hubsch-interior.com\/de\/wp-json\/wp\/v2\/product"}],"about":[{"href":"https:\/\/hubsch-interior.com\/de\/wp-json\/wp\/v2\/types\/product"}],"wp:featuredmedia":[{"embeddable":true,"href":"https:\/\/hubsch-interior.com\/de\/wp-json\/wp\/v2\/media\/1095751"}],"wp:attachment":[{"href":"https:\/\/hubsch-interior.com\/de\/wp-json\/wp\/v2\/media?parent=398421"}],"wp:term":[{"taxonomy":"product_brand","embeddable":true,"href":"https:\/\/hubsch-interior.com\/de\/wp-json\/wp\/v2\/product_brand?post=398421"},{"taxonomy":"product_cat","embeddable":true,"href":"https:\/\/hubsch-interior.com\/de\/wp-json\/wp\/v2\/product_cat?post=398421"},{"taxonomy":"product_tag","embeddable":true,"href":"https:\/\/hubsch-interior.com\/de\/wp-json\/wp\/v2\/product_tag?post=398421"}],"curies":[{"name":"wp","href":"https:\/\/api.w.org\/{rel}","templated":true}]}}