{"id":398429,"date":"2021-06-13T22:39:00","date_gmt":"2021-06-13T20:39:00","guid":{"rendered":"https:\/\/hubsch-interior.com\/shop-b2c\/product\/product\/"},"modified":"2026-04-08T04:25:19","modified_gmt":"2026-04-08T02:25:19","slug":"fuyu-platte-medium-texturiertes","status":"publish","type":"product","link":"https:\/\/hubsch-interior.com\/de\/produkt\/fuyu-platte-medium-texturiertes\/","title":{"rendered":"Fuyu Platte Medium Texturiertes"},"content":{"rendered":"<p>Erinnern Sie sich noch an die Zeit, als Ihre Gro\u00dfmutter zum Sonntagsmittagessen das feine Essgeschirr herausholte? Mit diesem transparenten, strukturierten Glasteller ist jeder Tag ein Tag der feinen K\u00fcche. Der sch\u00f6ne Teller ist eine hervorragende Erg\u00e4nzung zu jeder Mahlzeit. Der Teller ist Teil einer Geschirrserie mit einer M\u00fcslischale, einem gro\u00dfen Teller, einer Salatsch\u00fcssel und einem hohen Trinkglas. Und wissen Sie, was noch besser ist &#8230; Er ist sp\u00fclmaschinenfest.<\/p>\n","protected":false},"excerpt":{"rendered":"<p>Erinnern Sie sich noch an die Zeit, als Ihre Gro\u00dfmutter zum Sonntagsmittagessen das feine Essgeschirr herausholte? Mit diesem transparenten, strukturierten Glasteller ist jeder Tag ein Tag der feinen K\u00fcche. Der sch\u00f6ne Teller ist eine hervorragende Erg\u00e4nzung zu jeder Mahlzeit. Der Teller ist Teil einer Geschirrserie mit einer M\u00fcslischale, einem gro\u00dfen Teller, einer Salatsch\u00fcssel und einem [&hellip;]<\/p>\n","protected":false},"featured_media":1095802,"template":"","meta":{"_acf_changed":false,"inline_featured_image":false},"product_brand":[],"product_cat":[6972,7078,7029,6349,4055,4096,5027,6519],"product_tag":[],"class_list":{"0":"post-398429","1":"product","2":"type-product","3":"status-publish","4":"has-post-thumbnail","6":"product_cat-oster-sale","7":"product_cat-teller-und-schuesseln-de","8":"product_cat-tischgeschirr-de-2","9":"product_cat-garden-selection-de","10":"product_cat-kuechenzubehoer-de","11":"product_cat-tischgeschirr-de","12":"product_cat-bestsellers-de","13":"product_cat-outlet-de","14":"product_shipping_class-pk","15":"pa_color-texturiertes","16":"pa_material-glas-de","18":"first","19":"instock","20":"sale","21":"featured","22":"taxable","23":"shipping-taxable","24":"purchasable","25":"product-type-simple"},"exclude_global_add_ons":[],"addons":[],"acf":[],"yoast_head":"<!-- This site is optimized with the Yoast SEO plugin v26.4 - https:\/\/yoast.com\/wordpress\/plugins\/seo\/ -->\n<title>Fuyu Platte Medium Texturiertes - H\u00fcbsch<\/title>\n<meta name=\"description\" content=\"Erinnern Sie sich noch an die Zeit, als Ihre Gro\u00dfmutter zum Sonntagsmittagessen das feine Essgeschirr herausholte? Mit diesem transparenten,\" \/>\n<meta name=\"robots\" content=\"index, follow, max-snippet:-1, max-image-preview:large, max-video-preview:-1\" \/>\n<link rel=\"canonical\" href=\"https:\/\/hubsch-interior.com\/de\/wp-json\/wp\/v2\/product\/398429\" \/>\n<meta property=\"og:locale\" content=\"de_DE\" \/>\n<meta property=\"og:type\" content=\"article\" \/>\n<meta property=\"og:title\" content=\"Fuyu Platte Medium Texturiertes - H\u00fcbsch\" \/>\n<meta property=\"og:description\" content=\"Erinnern Sie sich noch an die Zeit, als Ihre Gro\u00dfmutter zum Sonntagsmittagessen das feine Essgeschirr herausholte? Mit diesem transparenten,\" \/>\n<meta property=\"og:url\" content=\"https:\/\/hubsch-interior.com\/de\/produkt\/fuyu-platte-medium-texturiertes\/\" \/>\n<meta property=\"og:site_name\" content=\"H\u00fcbsch\" \/>\n<meta property=\"article:modified_time\" content=\"2026-04-08T02:25:19+00:00\" \/>\n<meta property=\"og:image\" content=\"https:\/\/hubsch-interior.com\/wp-content\/uploads\/2023\/08\/fuyu-plate-medium-texturedclear-773330558edd7ecf00e7830245e33ca7.jpg\" \/>\n\t<meta property=\"og:image:width\" content=\"1200\" \/>\n\t<meta property=\"og:image:height\" content=\"1200\" \/>\n\t<meta property=\"og:image:type\" content=\"image\/jpeg\" \/>\n<meta name=\"twitter:card\" content=\"summary_large_image\" \/>\n<script type=\"application\/ld+json\" class=\"yoast-schema-graph\">{\"@context\":\"https:\/\/schema.org\",\"@graph\":[{\"@type\":\"WebPage\",\"@id\":\"https:\/\/hubsch-interior.com\/de\/produkt\/fuyu-platte-medium-texturiertes\/\",\"url\":\"https:\/\/hubsch-interior.com\/de\/produkt\/fuyu-platte-medium-texturiertes\/\",\"name\":\"Fuyu Platte Medium Texturiertes - H\u00fcbsch\",\"isPartOf\":{\"@id\":\"https:\/\/hubsch-interior.com\/de\/#website\"},\"primaryImageOfPage\":{\"@id\":\"https:\/\/hubsch-interior.com\/de\/produkt\/fuyu-platte-medium-texturiertes\/#primaryimage\"},\"image\":{\"@id\":\"https:\/\/hubsch-interior.com\/de\/produkt\/fuyu-platte-medium-texturiertes\/#primaryimage\"},\"thumbnailUrl\":\"https:\/\/hubsch-interior.com\/wp-content\/uploads\/2026\/02\/fuyu-plate-medium-textured-6c0b1fc1c906a5d7bd86b494fa2d27a9.jpg\",\"datePublished\":\"2021-06-13T20:39:00+00:00\",\"dateModified\":\"2026-04-08T02:25:19+00:00\",\"description\":\"Erinnern Sie sich noch an die Zeit, als Ihre Gro\u00dfmutter zum Sonntagsmittagessen das feine Essgeschirr herausholte? Mit diesem transparenten,\",\"breadcrumb\":{\"@id\":\"https:\/\/hubsch-interior.com\/de\/produkt\/fuyu-platte-medium-texturiertes\/#breadcrumb\"},\"inLanguage\":\"de\",\"potentialAction\":[{\"@type\":\"ReadAction\",\"target\":[\"https:\/\/hubsch-interior.com\/de\/produkt\/fuyu-platte-medium-texturiertes\/\"]}]},{\"@type\":\"ImageObject\",\"inLanguage\":\"de\",\"@id\":\"https:\/\/hubsch-interior.com\/de\/produkt\/fuyu-platte-medium-texturiertes\/#primaryimage\",\"url\":\"https:\/\/hubsch-interior.com\/wp-content\/uploads\/2026\/02\/fuyu-plate-medium-textured-6c0b1fc1c906a5d7bd86b494fa2d27a9.jpg\",\"contentUrl\":\"https:\/\/hubsch-interior.com\/wp-content\/uploads\/2026\/02\/fuyu-plate-medium-textured-6c0b1fc1c906a5d7bd86b494fa2d27a9.jpg\",\"width\":1024,\"height\":1024},{\"@type\":\"BreadcrumbList\",\"@id\":\"https:\/\/hubsch-interior.com\/de\/produkt\/fuyu-platte-medium-texturiertes\/#breadcrumb\",\"itemListElement\":[{\"@type\":\"ListItem\",\"position\":1,\"name\":\"Startseite\",\"item\":\"https:\/\/hubsch-interior.com\/de\/\"},{\"@type\":\"ListItem\",\"position\":2,\"name\":\"Produkte\",\"item\":\"https:\/\/hubsch-interior.com\/de\/shop-2\/\"},{\"@type\":\"ListItem\",\"position\":3,\"name\":\"K\u00fcche\",\"item\":\"https:\/\/hubsch-interior.com\/de\/produkt-kategorie\/kuche\/\"},{\"@type\":\"ListItem\",\"position\":4,\"name\":\"Tischgeschirr\",\"item\":\"https:\/\/hubsch-interior.com\/de\/produkt-kategorie\/kuche\/tischgeschirr-de-2\/\"},{\"@type\":\"ListItem\",\"position\":5,\"name\":\"Teller und Sch&uuml;sseln\",\"item\":\"https:\/\/hubsch-interior.com\/de\/produkt-kategorie\/kuche\/tischgeschirr-de-2\/teller-und-schuesseln-de\/\"},{\"@type\":\"ListItem\",\"position\":6,\"name\":\"Fuyu Platte Medium Texturiertes\"}]},{\"@type\":\"WebSite\",\"@id\":\"https:\/\/hubsch-interior.com\/de\/#website\",\"url\":\"https:\/\/hubsch-interior.com\/de\/\",\"name\":\"H\u00fcbsch\",\"description\":\"Danish Home Interior and Design\",\"publisher\":{\"@id\":\"https:\/\/hubsch-interior.com\/de\/#organization\"},\"potentialAction\":[{\"@type\":\"SearchAction\",\"target\":{\"@type\":\"EntryPoint\",\"urlTemplate\":\"https:\/\/hubsch-interior.com\/de\/?s={search_term_string}\"},\"query-input\":{\"@type\":\"PropertyValueSpecification\",\"valueRequired\":true,\"valueName\":\"search_term_string\"}}],\"inLanguage\":\"de\"},{\"@type\":\"Organization\",\"@id\":\"https:\/\/hubsch-interior.com\/de\/#organization\",\"name\":\"H\u00fcbsch\",\"url\":\"https:\/\/hubsch-interior.com\/de\/\",\"logo\":{\"@type\":\"ImageObject\",\"inLanguage\":\"de\",\"@id\":\"https:\/\/hubsch-interior.com\/de\/#\/schema\/logo\/image\/\",\"url\":\"https:\/\/hubsch-interior.com\/wp-content\/uploads\/2022\/12\/Hubsch_logo_black_one_line.svg\",\"contentUrl\":\"https:\/\/hubsch-interior.com\/wp-content\/uploads\/2022\/12\/Hubsch_logo_black_one_line.svg\",\"caption\":\"H\u00fcbsch\"},\"image\":{\"@id\":\"https:\/\/hubsch-interior.com\/de\/#\/schema\/logo\/image\/\"}}]}<\/script>\n<!-- \/ Yoast SEO plugin. -->","yoast_head_json":{"title":"Fuyu Platte Medium Texturiertes - H\u00fcbsch","description":"Erinnern Sie sich noch an die Zeit, als Ihre Gro\u00dfmutter zum Sonntagsmittagessen das feine Essgeschirr herausholte? Mit diesem transparenten,","robots":{"index":"index","follow":"follow","max-snippet":"max-snippet:-1","max-image-preview":"max-image-preview:large","max-video-preview":"max-video-preview:-1"},"canonical":"https:\/\/hubsch-interior.com\/de\/wp-json\/wp\/v2\/product\/398429","og_locale":"de_DE","og_type":"article","og_title":"Fuyu Platte Medium Texturiertes - H\u00fcbsch","og_description":"Erinnern Sie sich noch an die Zeit, als Ihre Gro\u00dfmutter zum Sonntagsmittagessen das feine Essgeschirr herausholte? Mit diesem transparenten,","og_url":"https:\/\/hubsch-interior.com\/de\/produkt\/fuyu-platte-medium-texturiertes\/","og_site_name":"H\u00fcbsch","article_modified_time":"2026-04-08T02:25:19+00:00","og_image":[{"width":1200,"height":1200,"url":"https:\/\/hubsch-interior.com\/wp-content\/uploads\/2023\/08\/fuyu-plate-medium-texturedclear-773330558edd7ecf00e7830245e33ca7.jpg","type":"image\/jpeg"}],"twitter_card":"summary_large_image","schema":{"@context":"https:\/\/schema.org","@graph":[{"@type":"WebPage","@id":"https:\/\/hubsch-interior.com\/de\/produkt\/fuyu-platte-medium-texturiertes\/","url":"https:\/\/hubsch-interior.com\/de\/produkt\/fuyu-platte-medium-texturiertes\/","name":"Fuyu Platte Medium Texturiertes - H\u00fcbsch","isPartOf":{"@id":"https:\/\/hubsch-interior.com\/de\/#website"},"primaryImageOfPage":{"@id":"https:\/\/hubsch-interior.com\/de\/produkt\/fuyu-platte-medium-texturiertes\/#primaryimage"},"image":{"@id":"https:\/\/hubsch-interior.com\/de\/produkt\/fuyu-platte-medium-texturiertes\/#primaryimage"},"thumbnailUrl":"https:\/\/hubsch-interior.com\/wp-content\/uploads\/2026\/02\/fuyu-plate-medium-textured-6c0b1fc1c906a5d7bd86b494fa2d27a9.jpg","datePublished":"2021-06-13T20:39:00+00:00","dateModified":"2026-04-08T02:25:19+00:00","description":"Erinnern Sie sich noch an die Zeit, als Ihre Gro\u00dfmutter zum Sonntagsmittagessen das feine Essgeschirr herausholte? Mit diesem transparenten,","breadcrumb":{"@id":"https:\/\/hubsch-interior.com\/de\/produkt\/fuyu-platte-medium-texturiertes\/#breadcrumb"},"inLanguage":"de","potentialAction":[{"@type":"ReadAction","target":["https:\/\/hubsch-interior.com\/de\/produkt\/fuyu-platte-medium-texturiertes\/"]}]},{"@type":"ImageObject","inLanguage":"de","@id":"https:\/\/hubsch-interior.com\/de\/produkt\/fuyu-platte-medium-texturiertes\/#primaryimage","url":"https:\/\/hubsch-interior.com\/wp-content\/uploads\/2026\/02\/fuyu-plate-medium-textured-6c0b1fc1c906a5d7bd86b494fa2d27a9.jpg","contentUrl":"https:\/\/hubsch-interior.com\/wp-content\/uploads\/2026\/02\/fuyu-plate-medium-textured-6c0b1fc1c906a5d7bd86b494fa2d27a9.jpg","width":1024,"height":1024},{"@type":"BreadcrumbList","@id":"https:\/\/hubsch-interior.com\/de\/produkt\/fuyu-platte-medium-texturiertes\/#breadcrumb","itemListElement":[{"@type":"ListItem","position":1,"name":"Startseite","item":"https:\/\/hubsch-interior.com\/de\/"},{"@type":"ListItem","position":2,"name":"Produkte","item":"https:\/\/hubsch-interior.com\/de\/shop-2\/"},{"@type":"ListItem","position":3,"name":"K\u00fcche","item":"https:\/\/hubsch-interior.com\/de\/produkt-kategorie\/kuche\/"},{"@type":"ListItem","position":4,"name":"Tischgeschirr","item":"https:\/\/hubsch-interior.com\/de\/produkt-kategorie\/kuche\/tischgeschirr-de-2\/"},{"@type":"ListItem","position":5,"name":"Teller und Sch&uuml;sseln","item":"https:\/\/hubsch-interior.com\/de\/produkt-kategorie\/kuche\/tischgeschirr-de-2\/teller-und-schuesseln-de\/"},{"@type":"ListItem","position":6,"name":"Fuyu Platte Medium Texturiertes"}]},{"@type":"WebSite","@id":"https:\/\/hubsch-interior.com\/de\/#website","url":"https:\/\/hubsch-interior.com\/de\/","name":"H\u00fcbsch","description":"Danish Home Interior and Design","publisher":{"@id":"https:\/\/hubsch-interior.com\/de\/#organization"},"potentialAction":[{"@type":"SearchAction","target":{"@type":"EntryPoint","urlTemplate":"https:\/\/hubsch-interior.com\/de\/?s={search_term_string}"},"query-input":{"@type":"PropertyValueSpecification","valueRequired":true,"valueName":"search_term_string"}}],"inLanguage":"de"},{"@type":"Organization","@id":"https:\/\/hubsch-interior.com\/de\/#organization","name":"H\u00fcbsch","url":"https:\/\/hubsch-interior.com\/de\/","logo":{"@type":"ImageObject","inLanguage":"de","@id":"https:\/\/hubsch-interior.com\/de\/#\/schema\/logo\/image\/","url":"https:\/\/hubsch-interior.com\/wp-content\/uploads\/2022\/12\/Hubsch_logo_black_one_line.svg","contentUrl":"https:\/\/hubsch-interior.com\/wp-content\/uploads\/2022\/12\/Hubsch_logo_black_one_line.svg","caption":"H\u00fcbsch"},"image":{"@id":"https:\/\/hubsch-interior.com\/de\/#\/schema\/logo\/image\/"}}]}},"_links":{"self":[{"href":"https:\/\/hubsch-interior.com\/de\/wp-json\/wp\/v2\/product\/398429","targetHints":{"allow":["GET"]}}],"collection":[{"href":"https:\/\/hubsch-interior.com\/de\/wp-json\/wp\/v2\/product"}],"about":[{"href":"https:\/\/hubsch-interior.com\/de\/wp-json\/wp\/v2\/types\/product"}],"wp:featuredmedia":[{"embeddable":true,"href":"https:\/\/hubsch-interior.com\/de\/wp-json\/wp\/v2\/media\/1095802"}],"wp:attachment":[{"href":"https:\/\/hubsch-interior.com\/de\/wp-json\/wp\/v2\/media?parent=398429"}],"wp:term":[{"taxonomy":"product_brand","embeddable":true,"href":"https:\/\/hubsch-interior.com\/de\/wp-json\/wp\/v2\/product_brand?post=398429"},{"taxonomy":"product_cat","embeddable":true,"href":"https:\/\/hubsch-interior.com\/de\/wp-json\/wp\/v2\/product_cat?post=398429"},{"taxonomy":"product_tag","embeddable":true,"href":"https:\/\/hubsch-interior.com\/de\/wp-json\/wp\/v2\/product_tag?post=398429"}],"curies":[{"name":"wp","href":"https:\/\/api.w.org\/{rel}","templated":true}]}}