{"id":398445,"date":"2021-06-13T22:40:08","date_gmt":"2021-06-13T20:40:08","guid":{"rendered":"https:\/\/hubsch-interior.com\/shop-b2c\/product\/product\/"},"modified":"2026-04-09T04:29:16","modified_gmt":"2026-04-09T02:29:16","slug":"cuddle-decke-petrol-burgundy","status":"publish","type":"product","link":"https:\/\/hubsch-interior.com\/de\/produkt\/cuddle-decke-petrol-burgundy\/","title":{"rendered":"Cuddle Decke Petrol\/Burgundy"},"content":{"rendered":"<p>Weich und stilvoll. Unsere superweiche Decke aus OEKO-TEX\u00ae STANDARD 100\u00ae Baumwolle ist ein Muss f\u00fcr jedes Sofa. Ob zum Kuscheln beim Fernsehen oder als zus\u00e4tzliche Schicht auf Ihrem Bett f\u00fcr Komfort und Wohlf\u00fchlatmosph\u00e4re \u2013 diese Decke ist wundersch\u00f6n und f\u00fchlt sich weich an. Bitte bedenken Sie, dass diese farbenfrohe Decke in Blau und Burgunderrot so weich ist, dass Sie sie vielleicht kaum noch zur Seite legen m\u00f6chten. <\/p>\n","protected":false},"excerpt":{"rendered":"<p>Weich und stilvoll. Unsere superweiche Decke aus OEKO-TEX\u00ae STANDARD 100\u00ae Baumwolle ist ein Muss f\u00fcr jedes Sofa. Ob zum Kuscheln beim Fernsehen oder als zus\u00e4tzliche Schicht auf Ihrem Bett f\u00fcr Komfort und Wohlf\u00fchlatmosph\u00e4re \u2013 diese Decke ist wundersch\u00f6n und f\u00fchlt sich weich an. Bitte bedenken Sie, dass diese farbenfrohe Decke in Blau und Burgunderrot so [&hellip;]<\/p>\n","protected":false},"featured_media":1096700,"template":"","meta":{"_acf_changed":false,"inline_featured_image":false},"product_brand":[],"product_cat":[3004,4943,5027],"product_tag":[],"class_list":{"0":"post-398445","1":"product","2":"type-product","3":"status-publish","4":"has-post-thumbnail","6":"product_cat-textilien","7":"product_cat-decken-de","8":"product_cat-bestsellers-de","9":"product_shipping_class-pk","11":"pa_color-burgundy-de","12":"pa_color-petrol-3","13":"pa_material-cotton-100-de","15":"first","16":"instock","17":"featured","18":"taxable","19":"shipping-taxable","20":"purchasable","21":"product-type-simple"},"exclude_global_add_ons":[],"addons":[],"acf":[],"yoast_head":"<!-- This site is optimized with the Yoast SEO plugin v26.4 - https:\/\/yoast.com\/wordpress\/plugins\/seo\/ -->\n<title>Cuddle Decke Petrol\/Burgundy - H\u00fcbsch<\/title>\n<meta name=\"description\" content=\"Weich und stilvoll. Unsere superweiche Decke aus OEKO-TEX\u00ae STANDARD 100\u00ae Baumwolle ist ein Muss f\u00fcr jedes Sofa. Ob zum Kuscheln beim Fernsehen oder als\" \/>\n<meta name=\"robots\" content=\"index, follow, max-snippet:-1, max-image-preview:large, max-video-preview:-1\" \/>\n<link rel=\"canonical\" href=\"https:\/\/hubsch-interior.com\/de\/wp-json\/wp\/v2\/product\/398445\" \/>\n<meta property=\"og:locale\" content=\"de_DE\" \/>\n<meta property=\"og:type\" content=\"article\" \/>\n<meta property=\"og:title\" content=\"Cuddle Decke Petrol\/Burgundy - H\u00fcbsch\" \/>\n<meta property=\"og:description\" content=\"Weich und stilvoll. Unsere superweiche Decke aus OEKO-TEX\u00ae STANDARD 100\u00ae Baumwolle ist ein Muss f\u00fcr jedes Sofa. Ob zum Kuscheln beim Fernsehen oder als\" \/>\n<meta property=\"og:url\" content=\"https:\/\/hubsch-interior.com\/de\/produkt\/cuddle-decke-petrol-burgundy\/\" \/>\n<meta property=\"og:site_name\" content=\"H\u00fcbsch\" \/>\n<meta property=\"article:modified_time\" content=\"2026-04-09T02:29:16+00:00\" \/>\n<meta property=\"og:image\" content=\"https:\/\/hubsch-interior.com\/wp-content\/uploads\/2023\/08\/cuddle-plaid-petrolburgundy-e1ddc7fb94d8c493538f68fb8d277b64.jpg\" \/>\n\t<meta property=\"og:image:width\" content=\"1200\" \/>\n\t<meta property=\"og:image:height\" content=\"1200\" \/>\n\t<meta property=\"og:image:type\" content=\"image\/jpeg\" \/>\n<meta name=\"twitter:card\" content=\"summary_large_image\" \/>\n<script type=\"application\/ld+json\" class=\"yoast-schema-graph\">{\"@context\":\"https:\/\/schema.org\",\"@graph\":[{\"@type\":\"WebPage\",\"@id\":\"https:\/\/hubsch-interior.com\/de\/produkt\/cuddle-decke-petrol-burgundy\/\",\"url\":\"https:\/\/hubsch-interior.com\/de\/produkt\/cuddle-decke-petrol-burgundy\/\",\"name\":\"Cuddle Decke Petrol\/Burgundy - H\u00fcbsch\",\"isPartOf\":{\"@id\":\"https:\/\/hubsch-interior.com\/de\/#website\"},\"primaryImageOfPage\":{\"@id\":\"https:\/\/hubsch-interior.com\/de\/produkt\/cuddle-decke-petrol-burgundy\/#primaryimage\"},\"image\":{\"@id\":\"https:\/\/hubsch-interior.com\/de\/produkt\/cuddle-decke-petrol-burgundy\/#primaryimage\"},\"thumbnailUrl\":\"https:\/\/hubsch-interior.com\/wp-content\/uploads\/2026\/02\/cuddle-plaid-petrolburgundy-40b692e0ae3c1aa7fcadb20c1d1ef102.jpg\",\"datePublished\":\"2021-06-13T20:40:08+00:00\",\"dateModified\":\"2026-04-09T02:29:16+00:00\",\"description\":\"Weich und stilvoll. Unsere superweiche Decke aus OEKO-TEX\u00ae STANDARD 100\u00ae Baumwolle ist ein Muss f\u00fcr jedes Sofa. Ob zum Kuscheln beim Fernsehen oder als\",\"breadcrumb\":{\"@id\":\"https:\/\/hubsch-interior.com\/de\/produkt\/cuddle-decke-petrol-burgundy\/#breadcrumb\"},\"inLanguage\":\"de\",\"potentialAction\":[{\"@type\":\"ReadAction\",\"target\":[\"https:\/\/hubsch-interior.com\/de\/produkt\/cuddle-decke-petrol-burgundy\/\"]}]},{\"@type\":\"ImageObject\",\"inLanguage\":\"de\",\"@id\":\"https:\/\/hubsch-interior.com\/de\/produkt\/cuddle-decke-petrol-burgundy\/#primaryimage\",\"url\":\"https:\/\/hubsch-interior.com\/wp-content\/uploads\/2026\/02\/cuddle-plaid-petrolburgundy-40b692e0ae3c1aa7fcadb20c1d1ef102.jpg\",\"contentUrl\":\"https:\/\/hubsch-interior.com\/wp-content\/uploads\/2026\/02\/cuddle-plaid-petrolburgundy-40b692e0ae3c1aa7fcadb20c1d1ef102.jpg\",\"width\":1024,\"height\":1024},{\"@type\":\"BreadcrumbList\",\"@id\":\"https:\/\/hubsch-interior.com\/de\/produkt\/cuddle-decke-petrol-burgundy\/#breadcrumb\",\"itemListElement\":[{\"@type\":\"ListItem\",\"position\":1,\"name\":\"Startseite\",\"item\":\"https:\/\/hubsch-interior.com\/de\/\"},{\"@type\":\"ListItem\",\"position\":2,\"name\":\"Produkte\",\"item\":\"https:\/\/hubsch-interior.com\/de\/shop-2\/\"},{\"@type\":\"ListItem\",\"position\":3,\"name\":\"Textilien\",\"item\":\"https:\/\/hubsch-interior.com\/de\/produkt-kategorie\/textilien\/\"},{\"@type\":\"ListItem\",\"position\":4,\"name\":\"Decken\",\"item\":\"https:\/\/hubsch-interior.com\/de\/produkt-kategorie\/textilien\/decken-de\/\"},{\"@type\":\"ListItem\",\"position\":5,\"name\":\"Cuddle Decke Petrol\/Burgundy\"}]},{\"@type\":\"WebSite\",\"@id\":\"https:\/\/hubsch-interior.com\/de\/#website\",\"url\":\"https:\/\/hubsch-interior.com\/de\/\",\"name\":\"H\u00fcbsch\",\"description\":\"Danish Home Interior and Design\",\"publisher\":{\"@id\":\"https:\/\/hubsch-interior.com\/de\/#organization\"},\"potentialAction\":[{\"@type\":\"SearchAction\",\"target\":{\"@type\":\"EntryPoint\",\"urlTemplate\":\"https:\/\/hubsch-interior.com\/de\/?s={search_term_string}\"},\"query-input\":{\"@type\":\"PropertyValueSpecification\",\"valueRequired\":true,\"valueName\":\"search_term_string\"}}],\"inLanguage\":\"de\"},{\"@type\":\"Organization\",\"@id\":\"https:\/\/hubsch-interior.com\/de\/#organization\",\"name\":\"H\u00fcbsch\",\"url\":\"https:\/\/hubsch-interior.com\/de\/\",\"logo\":{\"@type\":\"ImageObject\",\"inLanguage\":\"de\",\"@id\":\"https:\/\/hubsch-interior.com\/de\/#\/schema\/logo\/image\/\",\"url\":\"https:\/\/hubsch-interior.com\/wp-content\/uploads\/2022\/12\/Hubsch_logo_black_one_line.svg\",\"contentUrl\":\"https:\/\/hubsch-interior.com\/wp-content\/uploads\/2022\/12\/Hubsch_logo_black_one_line.svg\",\"caption\":\"H\u00fcbsch\"},\"image\":{\"@id\":\"https:\/\/hubsch-interior.com\/de\/#\/schema\/logo\/image\/\"}}]}<\/script>\n<!-- \/ Yoast SEO plugin. -->","yoast_head_json":{"title":"Cuddle Decke Petrol\/Burgundy - H\u00fcbsch","description":"Weich und stilvoll. Unsere superweiche Decke aus OEKO-TEX\u00ae STANDARD 100\u00ae Baumwolle ist ein Muss f\u00fcr jedes Sofa. Ob zum Kuscheln beim Fernsehen oder als","robots":{"index":"index","follow":"follow","max-snippet":"max-snippet:-1","max-image-preview":"max-image-preview:large","max-video-preview":"max-video-preview:-1"},"canonical":"https:\/\/hubsch-interior.com\/de\/wp-json\/wp\/v2\/product\/398445","og_locale":"de_DE","og_type":"article","og_title":"Cuddle Decke Petrol\/Burgundy - H\u00fcbsch","og_description":"Weich und stilvoll. Unsere superweiche Decke aus OEKO-TEX\u00ae STANDARD 100\u00ae Baumwolle ist ein Muss f\u00fcr jedes Sofa. Ob zum Kuscheln beim Fernsehen oder als","og_url":"https:\/\/hubsch-interior.com\/de\/produkt\/cuddle-decke-petrol-burgundy\/","og_site_name":"H\u00fcbsch","article_modified_time":"2026-04-09T02:29:16+00:00","og_image":[{"width":1200,"height":1200,"url":"https:\/\/hubsch-interior.com\/wp-content\/uploads\/2023\/08\/cuddle-plaid-petrolburgundy-e1ddc7fb94d8c493538f68fb8d277b64.jpg","type":"image\/jpeg"}],"twitter_card":"summary_large_image","schema":{"@context":"https:\/\/schema.org","@graph":[{"@type":"WebPage","@id":"https:\/\/hubsch-interior.com\/de\/produkt\/cuddle-decke-petrol-burgundy\/","url":"https:\/\/hubsch-interior.com\/de\/produkt\/cuddle-decke-petrol-burgundy\/","name":"Cuddle Decke Petrol\/Burgundy - H\u00fcbsch","isPartOf":{"@id":"https:\/\/hubsch-interior.com\/de\/#website"},"primaryImageOfPage":{"@id":"https:\/\/hubsch-interior.com\/de\/produkt\/cuddle-decke-petrol-burgundy\/#primaryimage"},"image":{"@id":"https:\/\/hubsch-interior.com\/de\/produkt\/cuddle-decke-petrol-burgundy\/#primaryimage"},"thumbnailUrl":"https:\/\/hubsch-interior.com\/wp-content\/uploads\/2026\/02\/cuddle-plaid-petrolburgundy-40b692e0ae3c1aa7fcadb20c1d1ef102.jpg","datePublished":"2021-06-13T20:40:08+00:00","dateModified":"2026-04-09T02:29:16+00:00","description":"Weich und stilvoll. Unsere superweiche Decke aus OEKO-TEX\u00ae STANDARD 100\u00ae Baumwolle ist ein Muss f\u00fcr jedes Sofa. Ob zum Kuscheln beim Fernsehen oder als","breadcrumb":{"@id":"https:\/\/hubsch-interior.com\/de\/produkt\/cuddle-decke-petrol-burgundy\/#breadcrumb"},"inLanguage":"de","potentialAction":[{"@type":"ReadAction","target":["https:\/\/hubsch-interior.com\/de\/produkt\/cuddle-decke-petrol-burgundy\/"]}]},{"@type":"ImageObject","inLanguage":"de","@id":"https:\/\/hubsch-interior.com\/de\/produkt\/cuddle-decke-petrol-burgundy\/#primaryimage","url":"https:\/\/hubsch-interior.com\/wp-content\/uploads\/2026\/02\/cuddle-plaid-petrolburgundy-40b692e0ae3c1aa7fcadb20c1d1ef102.jpg","contentUrl":"https:\/\/hubsch-interior.com\/wp-content\/uploads\/2026\/02\/cuddle-plaid-petrolburgundy-40b692e0ae3c1aa7fcadb20c1d1ef102.jpg","width":1024,"height":1024},{"@type":"BreadcrumbList","@id":"https:\/\/hubsch-interior.com\/de\/produkt\/cuddle-decke-petrol-burgundy\/#breadcrumb","itemListElement":[{"@type":"ListItem","position":1,"name":"Startseite","item":"https:\/\/hubsch-interior.com\/de\/"},{"@type":"ListItem","position":2,"name":"Produkte","item":"https:\/\/hubsch-interior.com\/de\/shop-2\/"},{"@type":"ListItem","position":3,"name":"Textilien","item":"https:\/\/hubsch-interior.com\/de\/produkt-kategorie\/textilien\/"},{"@type":"ListItem","position":4,"name":"Decken","item":"https:\/\/hubsch-interior.com\/de\/produkt-kategorie\/textilien\/decken-de\/"},{"@type":"ListItem","position":5,"name":"Cuddle Decke Petrol\/Burgundy"}]},{"@type":"WebSite","@id":"https:\/\/hubsch-interior.com\/de\/#website","url":"https:\/\/hubsch-interior.com\/de\/","name":"H\u00fcbsch","description":"Danish Home Interior and Design","publisher":{"@id":"https:\/\/hubsch-interior.com\/de\/#organization"},"potentialAction":[{"@type":"SearchAction","target":{"@type":"EntryPoint","urlTemplate":"https:\/\/hubsch-interior.com\/de\/?s={search_term_string}"},"query-input":{"@type":"PropertyValueSpecification","valueRequired":true,"valueName":"search_term_string"}}],"inLanguage":"de"},{"@type":"Organization","@id":"https:\/\/hubsch-interior.com\/de\/#organization","name":"H\u00fcbsch","url":"https:\/\/hubsch-interior.com\/de\/","logo":{"@type":"ImageObject","inLanguage":"de","@id":"https:\/\/hubsch-interior.com\/de\/#\/schema\/logo\/image\/","url":"https:\/\/hubsch-interior.com\/wp-content\/uploads\/2022\/12\/Hubsch_logo_black_one_line.svg","contentUrl":"https:\/\/hubsch-interior.com\/wp-content\/uploads\/2022\/12\/Hubsch_logo_black_one_line.svg","caption":"H\u00fcbsch"},"image":{"@id":"https:\/\/hubsch-interior.com\/de\/#\/schema\/logo\/image\/"}}]}},"_links":{"self":[{"href":"https:\/\/hubsch-interior.com\/de\/wp-json\/wp\/v2\/product\/398445","targetHints":{"allow":["GET"]}}],"collection":[{"href":"https:\/\/hubsch-interior.com\/de\/wp-json\/wp\/v2\/product"}],"about":[{"href":"https:\/\/hubsch-interior.com\/de\/wp-json\/wp\/v2\/types\/product"}],"wp:featuredmedia":[{"embeddable":true,"href":"https:\/\/hubsch-interior.com\/de\/wp-json\/wp\/v2\/media\/1096700"}],"wp:attachment":[{"href":"https:\/\/hubsch-interior.com\/de\/wp-json\/wp\/v2\/media?parent=398445"}],"wp:term":[{"taxonomy":"product_brand","embeddable":true,"href":"https:\/\/hubsch-interior.com\/de\/wp-json\/wp\/v2\/product_brand?post=398445"},{"taxonomy":"product_cat","embeddable":true,"href":"https:\/\/hubsch-interior.com\/de\/wp-json\/wp\/v2\/product_cat?post=398445"},{"taxonomy":"product_tag","embeddable":true,"href":"https:\/\/hubsch-interior.com\/de\/wp-json\/wp\/v2\/product_tag?post=398445"}],"curies":[{"name":"wp","href":"https:\/\/api.w.org\/{rel}","templated":true}]}}