{"id":398477,"date":"2021-06-13T22:47:43","date_gmt":"2021-06-13T20:47:43","guid":{"rendered":"https:\/\/hubsch-interior.com\/shop-b2c\/product\/product\/"},"modified":"2026-04-05T04:37:33","modified_gmt":"2026-04-05T02:37:33","slug":"lemonade-karaffe-bernstein","status":"publish","type":"product","link":"https:\/\/hubsch-interior.com\/de\/produkt\/lemonade-karaffe-bernstein\/","title":{"rendered":"Lemonade Karaffe Bernstein"},"content":{"rendered":"<p>Bunte Glaskr\u00fcge sind ein Muss f\u00fcr jeden Tisch. Dieser transparente, bernsteinfarbene Wasserkrug mit rosafarbenem Boden zaubert jedem ein L\u00e4cheln ins Gesicht, auch uns selbst. Perfekt zum Servieren von Wasser, Limonade oder anderen Erfrischungsgetr\u00e4nken, wird dieser Wasserkrug Ihre G\u00e4ste begeistern. Erh\u00e4ltlich in zwei Farben.<\/p>\n","protected":false},"excerpt":{"rendered":"<p>Bunte Glaskr\u00fcge sind ein Muss f\u00fcr jeden Tisch. Dieser transparente, bernsteinfarbene Wasserkrug mit rosafarbenem Boden zaubert jedem ein L\u00e4cheln ins Gesicht, auch uns selbst. Perfekt zum Servieren von Wasser, Limonade oder anderen Erfrischungsgetr\u00e4nken, wird dieser Wasserkrug Ihre G\u00e4ste begeistern. Erh\u00e4ltlich in zwei Farben.<\/p>\n","protected":false},"featured_media":1098967,"template":"","meta":{"_acf_changed":false,"inline_featured_image":false},"product_brand":[],"product_cat":[7034,7029,6349,4055,4096,5027],"product_tag":[],"class_list":{"0":"post-398477","1":"product","2":"type-product","3":"status-publish","4":"has-post-thumbnail","6":"product_cat-glaeser-und-kannen-de","7":"product_cat-tischgeschirr-de-2","8":"product_cat-garden-selection-de","9":"product_cat-kuechenzubehoer-de","10":"product_cat-tischgeschirr-de","11":"product_cat-bestsellers-de","12":"product_shipping_class-pk","13":"pa_color-bernstein","14":"pa_material-glas-de","16":"first","17":"outofstock","18":"featured","19":"taxable","20":"shipping-taxable","21":"purchasable","22":"product-type-simple"},"exclude_global_add_ons":[],"addons":[],"acf":[],"yoast_head":"<!-- This site is optimized with the Yoast SEO plugin v26.4 - https:\/\/yoast.com\/wordpress\/plugins\/seo\/ -->\n<title>Lemonade Karaffe Bernstein - H\u00fcbsch<\/title>\n<meta name=\"description\" content=\"Bunte Glaskr\u00fcge sind ein Muss f\u00fcr jeden Tisch. Dieser transparente, bernsteinfarbene Wasserkrug mit rosafarbenem Boden zaubert jedem ein L\u00e4cheln ins\" \/>\n<meta name=\"robots\" content=\"index, follow, max-snippet:-1, max-image-preview:large, max-video-preview:-1\" \/>\n<link rel=\"canonical\" href=\"https:\/\/hubsch-interior.com\/de\/wp-json\/wp\/v2\/product\/398477\" \/>\n<meta property=\"og:locale\" content=\"de_DE\" \/>\n<meta property=\"og:type\" content=\"article\" \/>\n<meta property=\"og:title\" content=\"Lemonade Karaffe Bernstein - H\u00fcbsch\" \/>\n<meta property=\"og:description\" content=\"Bunte Glaskr\u00fcge sind ein Muss f\u00fcr jeden Tisch. Dieser transparente, bernsteinfarbene Wasserkrug mit rosafarbenem Boden zaubert jedem ein L\u00e4cheln ins\" \/>\n<meta property=\"og:url\" content=\"https:\/\/hubsch-interior.com\/de\/produkt\/lemonade-karaffe-bernstein\/\" \/>\n<meta property=\"og:site_name\" content=\"H\u00fcbsch\" \/>\n<meta property=\"article:modified_time\" content=\"2026-04-05T02:37:33+00:00\" \/>\n<meta property=\"og:image\" content=\"https:\/\/hubsch-interior.com\/wp-content\/uploads\/2024\/01\/lemonade-jug-amber-e29b5c93270ddbfab162ecb4b5762896.jpg\" \/>\n\t<meta property=\"og:image:width\" content=\"1200\" \/>\n\t<meta property=\"og:image:height\" content=\"1200\" \/>\n\t<meta property=\"og:image:type\" content=\"image\/jpeg\" \/>\n<meta name=\"twitter:card\" content=\"summary_large_image\" \/>\n<script type=\"application\/ld+json\" class=\"yoast-schema-graph\">{\"@context\":\"https:\/\/schema.org\",\"@graph\":[{\"@type\":\"WebPage\",\"@id\":\"https:\/\/hubsch-interior.com\/de\/produkt\/lemonade-karaffe-bernstein\/\",\"url\":\"https:\/\/hubsch-interior.com\/de\/produkt\/lemonade-karaffe-bernstein\/\",\"name\":\"Lemonade Karaffe Bernstein - H\u00fcbsch\",\"isPartOf\":{\"@id\":\"https:\/\/hubsch-interior.com\/de\/#website\"},\"primaryImageOfPage\":{\"@id\":\"https:\/\/hubsch-interior.com\/de\/produkt\/lemonade-karaffe-bernstein\/#primaryimage\"},\"image\":{\"@id\":\"https:\/\/hubsch-interior.com\/de\/produkt\/lemonade-karaffe-bernstein\/#primaryimage\"},\"thumbnailUrl\":\"https:\/\/hubsch-interior.com\/wp-content\/uploads\/2026\/02\/lemonade-jug-amber-8de8b043214cb9fc2da6c81bb0ae8988.jpg\",\"datePublished\":\"2021-06-13T20:47:43+00:00\",\"dateModified\":\"2026-04-05T02:37:33+00:00\",\"description\":\"Bunte Glaskr\u00fcge sind ein Muss f\u00fcr jeden Tisch. Dieser transparente, bernsteinfarbene Wasserkrug mit rosafarbenem Boden zaubert jedem ein L\u00e4cheln ins\",\"breadcrumb\":{\"@id\":\"https:\/\/hubsch-interior.com\/de\/produkt\/lemonade-karaffe-bernstein\/#breadcrumb\"},\"inLanguage\":\"de\",\"potentialAction\":[{\"@type\":\"ReadAction\",\"target\":[\"https:\/\/hubsch-interior.com\/de\/produkt\/lemonade-karaffe-bernstein\/\"]}]},{\"@type\":\"ImageObject\",\"inLanguage\":\"de\",\"@id\":\"https:\/\/hubsch-interior.com\/de\/produkt\/lemonade-karaffe-bernstein\/#primaryimage\",\"url\":\"https:\/\/hubsch-interior.com\/wp-content\/uploads\/2026\/02\/lemonade-jug-amber-8de8b043214cb9fc2da6c81bb0ae8988.jpg\",\"contentUrl\":\"https:\/\/hubsch-interior.com\/wp-content\/uploads\/2026\/02\/lemonade-jug-amber-8de8b043214cb9fc2da6c81bb0ae8988.jpg\",\"width\":1024,\"height\":1024},{\"@type\":\"BreadcrumbList\",\"@id\":\"https:\/\/hubsch-interior.com\/de\/produkt\/lemonade-karaffe-bernstein\/#breadcrumb\",\"itemListElement\":[{\"@type\":\"ListItem\",\"position\":1,\"name\":\"Startseite\",\"item\":\"https:\/\/hubsch-interior.com\/de\/\"},{\"@type\":\"ListItem\",\"position\":2,\"name\":\"Produkte\",\"item\":\"https:\/\/hubsch-interior.com\/de\/shop-2\/\"},{\"@type\":\"ListItem\",\"position\":3,\"name\":\"K\u00fcche\",\"item\":\"https:\/\/hubsch-interior.com\/de\/produkt-kategorie\/kuche\/\"},{\"@type\":\"ListItem\",\"position\":4,\"name\":\"Tischgeschirr\",\"item\":\"https:\/\/hubsch-interior.com\/de\/produkt-kategorie\/kuche\/tischgeschirr-de-2\/\"},{\"@type\":\"ListItem\",\"position\":5,\"name\":\"Gl&auml;ser und Kannen\",\"item\":\"https:\/\/hubsch-interior.com\/de\/produkt-kategorie\/kuche\/tischgeschirr-de-2\/glaeser-und-kannen-de\/\"},{\"@type\":\"ListItem\",\"position\":6,\"name\":\"Lemonade Karaffe Bernstein\"}]},{\"@type\":\"WebSite\",\"@id\":\"https:\/\/hubsch-interior.com\/de\/#website\",\"url\":\"https:\/\/hubsch-interior.com\/de\/\",\"name\":\"H\u00fcbsch\",\"description\":\"Danish Home Interior and Design\",\"publisher\":{\"@id\":\"https:\/\/hubsch-interior.com\/de\/#organization\"},\"potentialAction\":[{\"@type\":\"SearchAction\",\"target\":{\"@type\":\"EntryPoint\",\"urlTemplate\":\"https:\/\/hubsch-interior.com\/de\/?s={search_term_string}\"},\"query-input\":{\"@type\":\"PropertyValueSpecification\",\"valueRequired\":true,\"valueName\":\"search_term_string\"}}],\"inLanguage\":\"de\"},{\"@type\":\"Organization\",\"@id\":\"https:\/\/hubsch-interior.com\/de\/#organization\",\"name\":\"H\u00fcbsch\",\"url\":\"https:\/\/hubsch-interior.com\/de\/\",\"logo\":{\"@type\":\"ImageObject\",\"inLanguage\":\"de\",\"@id\":\"https:\/\/hubsch-interior.com\/de\/#\/schema\/logo\/image\/\",\"url\":\"https:\/\/hubsch-interior.com\/wp-content\/uploads\/2022\/12\/Hubsch_logo_black_one_line.svg\",\"contentUrl\":\"https:\/\/hubsch-interior.com\/wp-content\/uploads\/2022\/12\/Hubsch_logo_black_one_line.svg\",\"caption\":\"H\u00fcbsch\"},\"image\":{\"@id\":\"https:\/\/hubsch-interior.com\/de\/#\/schema\/logo\/image\/\"}}]}<\/script>\n<!-- \/ Yoast SEO plugin. -->","yoast_head_json":{"title":"Lemonade Karaffe Bernstein - H\u00fcbsch","description":"Bunte Glaskr\u00fcge sind ein Muss f\u00fcr jeden Tisch. Dieser transparente, bernsteinfarbene Wasserkrug mit rosafarbenem Boden zaubert jedem ein L\u00e4cheln ins","robots":{"index":"index","follow":"follow","max-snippet":"max-snippet:-1","max-image-preview":"max-image-preview:large","max-video-preview":"max-video-preview:-1"},"canonical":"https:\/\/hubsch-interior.com\/de\/wp-json\/wp\/v2\/product\/398477","og_locale":"de_DE","og_type":"article","og_title":"Lemonade Karaffe Bernstein - H\u00fcbsch","og_description":"Bunte Glaskr\u00fcge sind ein Muss f\u00fcr jeden Tisch. Dieser transparente, bernsteinfarbene Wasserkrug mit rosafarbenem Boden zaubert jedem ein L\u00e4cheln ins","og_url":"https:\/\/hubsch-interior.com\/de\/produkt\/lemonade-karaffe-bernstein\/","og_site_name":"H\u00fcbsch","article_modified_time":"2026-04-05T02:37:33+00:00","og_image":[{"width":1200,"height":1200,"url":"https:\/\/hubsch-interior.com\/wp-content\/uploads\/2024\/01\/lemonade-jug-amber-e29b5c93270ddbfab162ecb4b5762896.jpg","type":"image\/jpeg"}],"twitter_card":"summary_large_image","schema":{"@context":"https:\/\/schema.org","@graph":[{"@type":"WebPage","@id":"https:\/\/hubsch-interior.com\/de\/produkt\/lemonade-karaffe-bernstein\/","url":"https:\/\/hubsch-interior.com\/de\/produkt\/lemonade-karaffe-bernstein\/","name":"Lemonade Karaffe Bernstein - H\u00fcbsch","isPartOf":{"@id":"https:\/\/hubsch-interior.com\/de\/#website"},"primaryImageOfPage":{"@id":"https:\/\/hubsch-interior.com\/de\/produkt\/lemonade-karaffe-bernstein\/#primaryimage"},"image":{"@id":"https:\/\/hubsch-interior.com\/de\/produkt\/lemonade-karaffe-bernstein\/#primaryimage"},"thumbnailUrl":"https:\/\/hubsch-interior.com\/wp-content\/uploads\/2026\/02\/lemonade-jug-amber-8de8b043214cb9fc2da6c81bb0ae8988.jpg","datePublished":"2021-06-13T20:47:43+00:00","dateModified":"2026-04-05T02:37:33+00:00","description":"Bunte Glaskr\u00fcge sind ein Muss f\u00fcr jeden Tisch. Dieser transparente, bernsteinfarbene Wasserkrug mit rosafarbenem Boden zaubert jedem ein L\u00e4cheln ins","breadcrumb":{"@id":"https:\/\/hubsch-interior.com\/de\/produkt\/lemonade-karaffe-bernstein\/#breadcrumb"},"inLanguage":"de","potentialAction":[{"@type":"ReadAction","target":["https:\/\/hubsch-interior.com\/de\/produkt\/lemonade-karaffe-bernstein\/"]}]},{"@type":"ImageObject","inLanguage":"de","@id":"https:\/\/hubsch-interior.com\/de\/produkt\/lemonade-karaffe-bernstein\/#primaryimage","url":"https:\/\/hubsch-interior.com\/wp-content\/uploads\/2026\/02\/lemonade-jug-amber-8de8b043214cb9fc2da6c81bb0ae8988.jpg","contentUrl":"https:\/\/hubsch-interior.com\/wp-content\/uploads\/2026\/02\/lemonade-jug-amber-8de8b043214cb9fc2da6c81bb0ae8988.jpg","width":1024,"height":1024},{"@type":"BreadcrumbList","@id":"https:\/\/hubsch-interior.com\/de\/produkt\/lemonade-karaffe-bernstein\/#breadcrumb","itemListElement":[{"@type":"ListItem","position":1,"name":"Startseite","item":"https:\/\/hubsch-interior.com\/de\/"},{"@type":"ListItem","position":2,"name":"Produkte","item":"https:\/\/hubsch-interior.com\/de\/shop-2\/"},{"@type":"ListItem","position":3,"name":"K\u00fcche","item":"https:\/\/hubsch-interior.com\/de\/produkt-kategorie\/kuche\/"},{"@type":"ListItem","position":4,"name":"Tischgeschirr","item":"https:\/\/hubsch-interior.com\/de\/produkt-kategorie\/kuche\/tischgeschirr-de-2\/"},{"@type":"ListItem","position":5,"name":"Gl&auml;ser und Kannen","item":"https:\/\/hubsch-interior.com\/de\/produkt-kategorie\/kuche\/tischgeschirr-de-2\/glaeser-und-kannen-de\/"},{"@type":"ListItem","position":6,"name":"Lemonade Karaffe Bernstein"}]},{"@type":"WebSite","@id":"https:\/\/hubsch-interior.com\/de\/#website","url":"https:\/\/hubsch-interior.com\/de\/","name":"H\u00fcbsch","description":"Danish Home Interior and Design","publisher":{"@id":"https:\/\/hubsch-interior.com\/de\/#organization"},"potentialAction":[{"@type":"SearchAction","target":{"@type":"EntryPoint","urlTemplate":"https:\/\/hubsch-interior.com\/de\/?s={search_term_string}"},"query-input":{"@type":"PropertyValueSpecification","valueRequired":true,"valueName":"search_term_string"}}],"inLanguage":"de"},{"@type":"Organization","@id":"https:\/\/hubsch-interior.com\/de\/#organization","name":"H\u00fcbsch","url":"https:\/\/hubsch-interior.com\/de\/","logo":{"@type":"ImageObject","inLanguage":"de","@id":"https:\/\/hubsch-interior.com\/de\/#\/schema\/logo\/image\/","url":"https:\/\/hubsch-interior.com\/wp-content\/uploads\/2022\/12\/Hubsch_logo_black_one_line.svg","contentUrl":"https:\/\/hubsch-interior.com\/wp-content\/uploads\/2022\/12\/Hubsch_logo_black_one_line.svg","caption":"H\u00fcbsch"},"image":{"@id":"https:\/\/hubsch-interior.com\/de\/#\/schema\/logo\/image\/"}}]}},"_links":{"self":[{"href":"https:\/\/hubsch-interior.com\/de\/wp-json\/wp\/v2\/product\/398477","targetHints":{"allow":["GET"]}}],"collection":[{"href":"https:\/\/hubsch-interior.com\/de\/wp-json\/wp\/v2\/product"}],"about":[{"href":"https:\/\/hubsch-interior.com\/de\/wp-json\/wp\/v2\/types\/product"}],"wp:featuredmedia":[{"embeddable":true,"href":"https:\/\/hubsch-interior.com\/de\/wp-json\/wp\/v2\/media\/1098967"}],"wp:attachment":[{"href":"https:\/\/hubsch-interior.com\/de\/wp-json\/wp\/v2\/media?parent=398477"}],"wp:term":[{"taxonomy":"product_brand","embeddable":true,"href":"https:\/\/hubsch-interior.com\/de\/wp-json\/wp\/v2\/product_brand?post=398477"},{"taxonomy":"product_cat","embeddable":true,"href":"https:\/\/hubsch-interior.com\/de\/wp-json\/wp\/v2\/product_cat?post=398477"},{"taxonomy":"product_tag","embeddable":true,"href":"https:\/\/hubsch-interior.com\/de\/wp-json\/wp\/v2\/product_tag?post=398477"}],"curies":[{"name":"wp","href":"https:\/\/api.w.org\/{rel}","templated":true}]}}