{"id":398489,"date":"2021-06-13T22:49:30","date_gmt":"2021-06-13T20:49:30","guid":{"rendered":"https:\/\/hubsch-interior.com\/shop-b2c\/product\/product\/"},"modified":"2026-04-09T04:41:26","modified_gmt":"2026-04-09T02:41:26","slug":"pavilion-kissen-blau","status":"publish","type":"product","link":"https:\/\/hubsch-interior.com\/de\/produkt\/pavilion-kissen-blau\/","title":{"rendered":"Pavilion Kissen Blau"},"content":{"rendered":"<p>Dieses Baumwollkissen hat eine freche Pers\u00f6nlichkeit. Das Streifenmuster mit blauen, braunen und hellblauen Streifen wird Ihnen den Tag vers\u00fc\u00dfen. Wir sind uns sicher, dass Ihr Sofa oder Ihr Sessel es lieben wird, mit diesem gestreiften Kissen kombiniert zu werden. Mit diesem Baumwollkissen mit Streifen k\u00f6nnen Sie m\u00fchelos jedes langweilige Sofa aufpeppen.<\/p>\n","protected":false},"excerpt":{"rendered":"<p>Dieses Baumwollkissen hat eine freche Pers\u00f6nlichkeit. Das Streifenmuster mit blauen, braunen und hellblauen Streifen wird Ihnen den Tag vers\u00fc\u00dfen. Wir sind uns sicher, dass Ihr Sofa oder Ihr Sessel es lieben wird, mit diesem gestreiften Kissen kombiniert zu werden. Mit diesem Baumwollkissen mit Streifen k\u00f6nnen Sie m\u00fchelos jedes langweilige Sofa aufpeppen.<\/p>\n","protected":false},"featured_media":1100009,"template":"","meta":{"_acf_changed":false,"inline_featured_image":false},"product_brand":[],"product_cat":[6349,3005,3004],"product_tag":[],"class_list":{"0":"post-398489","1":"product","2":"type-product","3":"status-publish","4":"has-post-thumbnail","6":"product_cat-garden-selection-de","7":"product_cat-kissen-de","8":"product_cat-textilien","9":"product_shipping_class-pk","11":"pa_color-blau-2","12":"pa_material-cotton-100-de","14":"first","15":"instock","16":"taxable","17":"shipping-taxable","18":"purchasable","19":"product-type-simple"},"exclude_global_add_ons":[],"addons":[],"acf":[],"yoast_head":"<!-- This site is optimized with the Yoast SEO plugin v26.4 - https:\/\/yoast.com\/wordpress\/plugins\/seo\/ -->\n<title>Pavilion Kissen Blau - H\u00fcbsch<\/title>\n<meta name=\"description\" content=\"Dieses Baumwollkissen hat eine freche Pers\u00f6nlichkeit. Das Streifenmuster mit blauen, braunen und hellblauen Streifen wird Ihnen den Tag vers\u00fc\u00dfen. Wir sind\" \/>\n<meta name=\"robots\" content=\"index, follow, max-snippet:-1, max-image-preview:large, max-video-preview:-1\" \/>\n<link rel=\"canonical\" href=\"https:\/\/hubsch-interior.com\/de\/wp-json\/wp\/v2\/product\/398489\" \/>\n<meta property=\"og:locale\" content=\"de_DE\" \/>\n<meta property=\"og:type\" content=\"article\" \/>\n<meta property=\"og:title\" content=\"Pavilion Kissen Blau - H\u00fcbsch\" \/>\n<meta property=\"og:description\" content=\"Dieses Baumwollkissen hat eine freche Pers\u00f6nlichkeit. Das Streifenmuster mit blauen, braunen und hellblauen Streifen wird Ihnen den Tag vers\u00fc\u00dfen. Wir sind\" \/>\n<meta property=\"og:url\" content=\"https:\/\/hubsch-interior.com\/de\/produkt\/pavilion-kissen-blau\/\" \/>\n<meta property=\"og:site_name\" content=\"H\u00fcbsch\" \/>\n<meta property=\"article:modified_time\" content=\"2026-04-09T02:41:26+00:00\" \/>\n<meta property=\"og:image\" content=\"https:\/\/hubsch-interior.com\/wp-content\/uploads\/2024\/01\/pavilion-cushion-blue-c94efb133c4f02939de032ffe1138bb9.jpg\" \/>\n\t<meta property=\"og:image:width\" content=\"1200\" \/>\n\t<meta property=\"og:image:height\" content=\"1200\" \/>\n\t<meta property=\"og:image:type\" content=\"image\/jpeg\" \/>\n<meta name=\"twitter:card\" content=\"summary_large_image\" \/>\n<script type=\"application\/ld+json\" class=\"yoast-schema-graph\">{\"@context\":\"https:\/\/schema.org\",\"@graph\":[{\"@type\":\"WebPage\",\"@id\":\"https:\/\/hubsch-interior.com\/de\/produkt\/pavilion-kissen-blau\/\",\"url\":\"https:\/\/hubsch-interior.com\/de\/produkt\/pavilion-kissen-blau\/\",\"name\":\"Pavilion Kissen Blau - H\u00fcbsch\",\"isPartOf\":{\"@id\":\"https:\/\/hubsch-interior.com\/de\/#website\"},\"primaryImageOfPage\":{\"@id\":\"https:\/\/hubsch-interior.com\/de\/produkt\/pavilion-kissen-blau\/#primaryimage\"},\"image\":{\"@id\":\"https:\/\/hubsch-interior.com\/de\/produkt\/pavilion-kissen-blau\/#primaryimage\"},\"thumbnailUrl\":\"https:\/\/hubsch-interior.com\/wp-content\/uploads\/2026\/02\/pavilion-cushion-blue-1f0bef36faf04367defb2079f5cab95a.jpg\",\"datePublished\":\"2021-06-13T20:49:30+00:00\",\"dateModified\":\"2026-04-09T02:41:26+00:00\",\"description\":\"Dieses Baumwollkissen hat eine freche Pers\u00f6nlichkeit. Das Streifenmuster mit blauen, braunen und hellblauen Streifen wird Ihnen den Tag vers\u00fc\u00dfen. Wir sind\",\"breadcrumb\":{\"@id\":\"https:\/\/hubsch-interior.com\/de\/produkt\/pavilion-kissen-blau\/#breadcrumb\"},\"inLanguage\":\"de\",\"potentialAction\":[{\"@type\":\"ReadAction\",\"target\":[\"https:\/\/hubsch-interior.com\/de\/produkt\/pavilion-kissen-blau\/\"]}]},{\"@type\":\"ImageObject\",\"inLanguage\":\"de\",\"@id\":\"https:\/\/hubsch-interior.com\/de\/produkt\/pavilion-kissen-blau\/#primaryimage\",\"url\":\"https:\/\/hubsch-interior.com\/wp-content\/uploads\/2026\/02\/pavilion-cushion-blue-1f0bef36faf04367defb2079f5cab95a.jpg\",\"contentUrl\":\"https:\/\/hubsch-interior.com\/wp-content\/uploads\/2026\/02\/pavilion-cushion-blue-1f0bef36faf04367defb2079f5cab95a.jpg\",\"width\":1024,\"height\":1024},{\"@type\":\"BreadcrumbList\",\"@id\":\"https:\/\/hubsch-interior.com\/de\/produkt\/pavilion-kissen-blau\/#breadcrumb\",\"itemListElement\":[{\"@type\":\"ListItem\",\"position\":1,\"name\":\"Startseite\",\"item\":\"https:\/\/hubsch-interior.com\/de\/\"},{\"@type\":\"ListItem\",\"position\":2,\"name\":\"Produkte\",\"item\":\"https:\/\/hubsch-interior.com\/de\/shop-2\/\"},{\"@type\":\"ListItem\",\"position\":3,\"name\":\"Textilien\",\"item\":\"https:\/\/hubsch-interior.com\/de\/produkt-kategorie\/textilien\/\"},{\"@type\":\"ListItem\",\"position\":4,\"name\":\"Kissen\",\"item\":\"https:\/\/hubsch-interior.com\/de\/produkt-kategorie\/textilien\/kissen-de\/\"},{\"@type\":\"ListItem\",\"position\":5,\"name\":\"Pavilion Kissen Blau\"}]},{\"@type\":\"WebSite\",\"@id\":\"https:\/\/hubsch-interior.com\/de\/#website\",\"url\":\"https:\/\/hubsch-interior.com\/de\/\",\"name\":\"H\u00fcbsch\",\"description\":\"Danish Home Interior and Design\",\"publisher\":{\"@id\":\"https:\/\/hubsch-interior.com\/de\/#organization\"},\"potentialAction\":[{\"@type\":\"SearchAction\",\"target\":{\"@type\":\"EntryPoint\",\"urlTemplate\":\"https:\/\/hubsch-interior.com\/de\/?s={search_term_string}\"},\"query-input\":{\"@type\":\"PropertyValueSpecification\",\"valueRequired\":true,\"valueName\":\"search_term_string\"}}],\"inLanguage\":\"de\"},{\"@type\":\"Organization\",\"@id\":\"https:\/\/hubsch-interior.com\/de\/#organization\",\"name\":\"H\u00fcbsch\",\"url\":\"https:\/\/hubsch-interior.com\/de\/\",\"logo\":{\"@type\":\"ImageObject\",\"inLanguage\":\"de\",\"@id\":\"https:\/\/hubsch-interior.com\/de\/#\/schema\/logo\/image\/\",\"url\":\"https:\/\/hubsch-interior.com\/wp-content\/uploads\/2022\/12\/Hubsch_logo_black_one_line.svg\",\"contentUrl\":\"https:\/\/hubsch-interior.com\/wp-content\/uploads\/2022\/12\/Hubsch_logo_black_one_line.svg\",\"caption\":\"H\u00fcbsch\"},\"image\":{\"@id\":\"https:\/\/hubsch-interior.com\/de\/#\/schema\/logo\/image\/\"}}]}<\/script>\n<!-- \/ Yoast SEO plugin. -->","yoast_head_json":{"title":"Pavilion Kissen Blau - H\u00fcbsch","description":"Dieses Baumwollkissen hat eine freche Pers\u00f6nlichkeit. Das Streifenmuster mit blauen, braunen und hellblauen Streifen wird Ihnen den Tag vers\u00fc\u00dfen. Wir sind","robots":{"index":"index","follow":"follow","max-snippet":"max-snippet:-1","max-image-preview":"max-image-preview:large","max-video-preview":"max-video-preview:-1"},"canonical":"https:\/\/hubsch-interior.com\/de\/wp-json\/wp\/v2\/product\/398489","og_locale":"de_DE","og_type":"article","og_title":"Pavilion Kissen Blau - H\u00fcbsch","og_description":"Dieses Baumwollkissen hat eine freche Pers\u00f6nlichkeit. Das Streifenmuster mit blauen, braunen und hellblauen Streifen wird Ihnen den Tag vers\u00fc\u00dfen. Wir sind","og_url":"https:\/\/hubsch-interior.com\/de\/produkt\/pavilion-kissen-blau\/","og_site_name":"H\u00fcbsch","article_modified_time":"2026-04-09T02:41:26+00:00","og_image":[{"width":1200,"height":1200,"url":"https:\/\/hubsch-interior.com\/wp-content\/uploads\/2024\/01\/pavilion-cushion-blue-c94efb133c4f02939de032ffe1138bb9.jpg","type":"image\/jpeg"}],"twitter_card":"summary_large_image","schema":{"@context":"https:\/\/schema.org","@graph":[{"@type":"WebPage","@id":"https:\/\/hubsch-interior.com\/de\/produkt\/pavilion-kissen-blau\/","url":"https:\/\/hubsch-interior.com\/de\/produkt\/pavilion-kissen-blau\/","name":"Pavilion Kissen Blau - H\u00fcbsch","isPartOf":{"@id":"https:\/\/hubsch-interior.com\/de\/#website"},"primaryImageOfPage":{"@id":"https:\/\/hubsch-interior.com\/de\/produkt\/pavilion-kissen-blau\/#primaryimage"},"image":{"@id":"https:\/\/hubsch-interior.com\/de\/produkt\/pavilion-kissen-blau\/#primaryimage"},"thumbnailUrl":"https:\/\/hubsch-interior.com\/wp-content\/uploads\/2026\/02\/pavilion-cushion-blue-1f0bef36faf04367defb2079f5cab95a.jpg","datePublished":"2021-06-13T20:49:30+00:00","dateModified":"2026-04-09T02:41:26+00:00","description":"Dieses Baumwollkissen hat eine freche Pers\u00f6nlichkeit. Das Streifenmuster mit blauen, braunen und hellblauen Streifen wird Ihnen den Tag vers\u00fc\u00dfen. Wir sind","breadcrumb":{"@id":"https:\/\/hubsch-interior.com\/de\/produkt\/pavilion-kissen-blau\/#breadcrumb"},"inLanguage":"de","potentialAction":[{"@type":"ReadAction","target":["https:\/\/hubsch-interior.com\/de\/produkt\/pavilion-kissen-blau\/"]}]},{"@type":"ImageObject","inLanguage":"de","@id":"https:\/\/hubsch-interior.com\/de\/produkt\/pavilion-kissen-blau\/#primaryimage","url":"https:\/\/hubsch-interior.com\/wp-content\/uploads\/2026\/02\/pavilion-cushion-blue-1f0bef36faf04367defb2079f5cab95a.jpg","contentUrl":"https:\/\/hubsch-interior.com\/wp-content\/uploads\/2026\/02\/pavilion-cushion-blue-1f0bef36faf04367defb2079f5cab95a.jpg","width":1024,"height":1024},{"@type":"BreadcrumbList","@id":"https:\/\/hubsch-interior.com\/de\/produkt\/pavilion-kissen-blau\/#breadcrumb","itemListElement":[{"@type":"ListItem","position":1,"name":"Startseite","item":"https:\/\/hubsch-interior.com\/de\/"},{"@type":"ListItem","position":2,"name":"Produkte","item":"https:\/\/hubsch-interior.com\/de\/shop-2\/"},{"@type":"ListItem","position":3,"name":"Textilien","item":"https:\/\/hubsch-interior.com\/de\/produkt-kategorie\/textilien\/"},{"@type":"ListItem","position":4,"name":"Kissen","item":"https:\/\/hubsch-interior.com\/de\/produkt-kategorie\/textilien\/kissen-de\/"},{"@type":"ListItem","position":5,"name":"Pavilion Kissen Blau"}]},{"@type":"WebSite","@id":"https:\/\/hubsch-interior.com\/de\/#website","url":"https:\/\/hubsch-interior.com\/de\/","name":"H\u00fcbsch","description":"Danish Home Interior and Design","publisher":{"@id":"https:\/\/hubsch-interior.com\/de\/#organization"},"potentialAction":[{"@type":"SearchAction","target":{"@type":"EntryPoint","urlTemplate":"https:\/\/hubsch-interior.com\/de\/?s={search_term_string}"},"query-input":{"@type":"PropertyValueSpecification","valueRequired":true,"valueName":"search_term_string"}}],"inLanguage":"de"},{"@type":"Organization","@id":"https:\/\/hubsch-interior.com\/de\/#organization","name":"H\u00fcbsch","url":"https:\/\/hubsch-interior.com\/de\/","logo":{"@type":"ImageObject","inLanguage":"de","@id":"https:\/\/hubsch-interior.com\/de\/#\/schema\/logo\/image\/","url":"https:\/\/hubsch-interior.com\/wp-content\/uploads\/2022\/12\/Hubsch_logo_black_one_line.svg","contentUrl":"https:\/\/hubsch-interior.com\/wp-content\/uploads\/2022\/12\/Hubsch_logo_black_one_line.svg","caption":"H\u00fcbsch"},"image":{"@id":"https:\/\/hubsch-interior.com\/de\/#\/schema\/logo\/image\/"}}]}},"_links":{"self":[{"href":"https:\/\/hubsch-interior.com\/de\/wp-json\/wp\/v2\/product\/398489","targetHints":{"allow":["GET"]}}],"collection":[{"href":"https:\/\/hubsch-interior.com\/de\/wp-json\/wp\/v2\/product"}],"about":[{"href":"https:\/\/hubsch-interior.com\/de\/wp-json\/wp\/v2\/types\/product"}],"wp:featuredmedia":[{"embeddable":true,"href":"https:\/\/hubsch-interior.com\/de\/wp-json\/wp\/v2\/media\/1100009"}],"wp:attachment":[{"href":"https:\/\/hubsch-interior.com\/de\/wp-json\/wp\/v2\/media?parent=398489"}],"wp:term":[{"taxonomy":"product_brand","embeddable":true,"href":"https:\/\/hubsch-interior.com\/de\/wp-json\/wp\/v2\/product_brand?post=398489"},{"taxonomy":"product_cat","embeddable":true,"href":"https:\/\/hubsch-interior.com\/de\/wp-json\/wp\/v2\/product_cat?post=398489"},{"taxonomy":"product_tag","embeddable":true,"href":"https:\/\/hubsch-interior.com\/de\/wp-json\/wp\/v2\/product_tag?post=398489"}],"curies":[{"name":"wp","href":"https:\/\/api.w.org\/{rel}","templated":true}]}}