{"id":398501,"date":"2021-06-13T22:49:39","date_gmt":"2021-06-13T20:49:39","guid":{"rendered":"https:\/\/hubsch-interior.com\/shop-b2c\/product\/product\/"},"modified":"2026-04-09T04:41:34","modified_gmt":"2026-04-09T02:41:34","slug":"fluffy-teppich-beige-multifarben","status":"publish","type":"product","link":"https:\/\/hubsch-interior.com\/de\/produkt\/fluffy-teppich-beige-multifarben\/","title":{"rendered":"Fluffy Teppich Beige\/\u00a0Multifarben"},"content":{"rendered":"<p>Es ist kein Geheimnis, dass wir eine Vorliebe f\u00fcr Streifen haben. Dieser wundersch\u00f6ne, OEKO-TEX\u00ae STANDARD 100\u00ae zertifizierte Teppich ist da keine Ausnahme. Wenn Sie auf der Suche nach einem auff\u00e4lligen Teppich sind, sind Sie bei uns genau richtig. Getuftet und weich im Griff, werden Ihre F\u00fc\u00dfe und Ihr Sofatisch diesen Teppich lieben \u2013 einfach fantastisch. <\/p>\n","protected":false},"excerpt":{"rendered":"<p>Es ist kein Geheimnis, dass wir eine Vorliebe f\u00fcr Streifen haben. Dieser wundersch\u00f6ne, OEKO-TEX\u00ae STANDARD 100\u00ae zertifizierte Teppich ist da keine Ausnahme. Wenn Sie auf der Suche nach einem auff\u00e4lligen Teppich sind, sind Sie bei uns genau richtig. Getuftet und weich im Griff, werden Ihre F\u00fc\u00dfe und Ihr Sofatisch diesen Teppich lieben \u2013 einfach fantastisch.<\/p>\n","protected":false},"featured_media":1100061,"template":"","meta":{"_acf_changed":false,"inline_featured_image":false},"product_brand":[],"product_cat":[3004,3325,5027,5031],"product_tag":[],"class_list":{"0":"post-398501","1":"product","2":"type-product","3":"status-publish","4":"has-post-thumbnail","6":"product_cat-textilien","7":"product_cat-teppiche-de","8":"product_cat-bestsellers-de","9":"product_cat-wieder-auf-lager-de","10":"product_shipping_class-pk","12":"pa_color-beige-4","13":"pa_color-multifarben-2","14":"pa_material-cotton-20-de","15":"pa_material-viscose-80-de","17":"first","18":"instock","19":"featured","20":"taxable","21":"shipping-taxable","22":"purchasable","23":"product-type-simple"},"exclude_global_add_ons":[],"addons":[],"acf":[],"yoast_head":"<!-- This site is optimized with the Yoast SEO plugin v26.4 - https:\/\/yoast.com\/wordpress\/plugins\/seo\/ -->\n<title>Fluffy Teppich Beige\/\u00a0Multifarben - H\u00fcbsch<\/title>\n<meta name=\"description\" content=\"Es ist kein Geheimnis, dass wir eine Vorliebe f\u00fcr Streifen haben. Dieser wundersch\u00f6ne, OEKO-TEX\u00ae STANDARD 100\u00ae zertifizierte Teppich ist da keine\" \/>\n<meta name=\"robots\" content=\"index, follow, max-snippet:-1, max-image-preview:large, max-video-preview:-1\" \/>\n<link rel=\"canonical\" href=\"https:\/\/hubsch-interior.com\/de\/wp-json\/wp\/v2\/product\/398501\" \/>\n<meta property=\"og:locale\" content=\"de_DE\" \/>\n<meta property=\"og:type\" content=\"article\" \/>\n<meta property=\"og:title\" content=\"Fluffy Teppich Beige\/\u00a0Multifarben - H\u00fcbsch\" \/>\n<meta property=\"og:description\" content=\"Es ist kein Geheimnis, dass wir eine Vorliebe f\u00fcr Streifen haben. Dieser wundersch\u00f6ne, OEKO-TEX\u00ae STANDARD 100\u00ae zertifizierte Teppich ist da keine\" \/>\n<meta property=\"og:url\" content=\"https:\/\/hubsch-interior.com\/de\/produkt\/fluffy-teppich-beige-multifarben\/\" \/>\n<meta property=\"og:site_name\" content=\"H\u00fcbsch\" \/>\n<meta property=\"article:modified_time\" content=\"2026-04-09T02:41:34+00:00\" \/>\n<meta property=\"og:image\" content=\"https:\/\/hubsch-interior.com\/wp-content\/uploads\/2024\/01\/fluffy-rug-beigemulticolour-4cb9520e32af96f52a6a5d2d7f8e7aeb.jpg\" \/>\n\t<meta property=\"og:image:width\" content=\"1200\" \/>\n\t<meta property=\"og:image:height\" content=\"1200\" \/>\n\t<meta property=\"og:image:type\" content=\"image\/jpeg\" \/>\n<meta name=\"twitter:card\" content=\"summary_large_image\" \/>\n<script type=\"application\/ld+json\" class=\"yoast-schema-graph\">{\"@context\":\"https:\/\/schema.org\",\"@graph\":[{\"@type\":\"WebPage\",\"@id\":\"https:\/\/hubsch-interior.com\/de\/produkt\/fluffy-teppich-beige-multifarben\/\",\"url\":\"https:\/\/hubsch-interior.com\/de\/produkt\/fluffy-teppich-beige-multifarben\/\",\"name\":\"Fluffy Teppich Beige\/\u00a0Multifarben - H\u00fcbsch\",\"isPartOf\":{\"@id\":\"https:\/\/hubsch-interior.com\/de\/#website\"},\"primaryImageOfPage\":{\"@id\":\"https:\/\/hubsch-interior.com\/de\/produkt\/fluffy-teppich-beige-multifarben\/#primaryimage\"},\"image\":{\"@id\":\"https:\/\/hubsch-interior.com\/de\/produkt\/fluffy-teppich-beige-multifarben\/#primaryimage\"},\"thumbnailUrl\":\"https:\/\/hubsch-interior.com\/wp-content\/uploads\/2026\/02\/fluffy-rug-beigemulticolour-e4d529e8fb4baa65d3b817546f4f01a1.jpg\",\"datePublished\":\"2021-06-13T20:49:39+00:00\",\"dateModified\":\"2026-04-09T02:41:34+00:00\",\"description\":\"Es ist kein Geheimnis, dass wir eine Vorliebe f\u00fcr Streifen haben. Dieser wundersch\u00f6ne, OEKO-TEX\u00ae STANDARD 100\u00ae zertifizierte Teppich ist da keine\",\"breadcrumb\":{\"@id\":\"https:\/\/hubsch-interior.com\/de\/produkt\/fluffy-teppich-beige-multifarben\/#breadcrumb\"},\"inLanguage\":\"de\",\"potentialAction\":[{\"@type\":\"ReadAction\",\"target\":[\"https:\/\/hubsch-interior.com\/de\/produkt\/fluffy-teppich-beige-multifarben\/\"]}]},{\"@type\":\"ImageObject\",\"inLanguage\":\"de\",\"@id\":\"https:\/\/hubsch-interior.com\/de\/produkt\/fluffy-teppich-beige-multifarben\/#primaryimage\",\"url\":\"https:\/\/hubsch-interior.com\/wp-content\/uploads\/2026\/02\/fluffy-rug-beigemulticolour-e4d529e8fb4baa65d3b817546f4f01a1.jpg\",\"contentUrl\":\"https:\/\/hubsch-interior.com\/wp-content\/uploads\/2026\/02\/fluffy-rug-beigemulticolour-e4d529e8fb4baa65d3b817546f4f01a1.jpg\",\"width\":1024,\"height\":1024},{\"@type\":\"BreadcrumbList\",\"@id\":\"https:\/\/hubsch-interior.com\/de\/produkt\/fluffy-teppich-beige-multifarben\/#breadcrumb\",\"itemListElement\":[{\"@type\":\"ListItem\",\"position\":1,\"name\":\"Startseite\",\"item\":\"https:\/\/hubsch-interior.com\/de\/\"},{\"@type\":\"ListItem\",\"position\":2,\"name\":\"Produkte\",\"item\":\"https:\/\/hubsch-interior.com\/de\/shop-2\/\"},{\"@type\":\"ListItem\",\"position\":3,\"name\":\"Textilien\",\"item\":\"https:\/\/hubsch-interior.com\/de\/produkt-kategorie\/textilien\/\"},{\"@type\":\"ListItem\",\"position\":4,\"name\":\"Teppiche\",\"item\":\"https:\/\/hubsch-interior.com\/de\/produkt-kategorie\/textilien\/teppiche-de\/\"},{\"@type\":\"ListItem\",\"position\":5,\"name\":\"Fluffy Teppich Beige\/\u00a0Multifarben\"}]},{\"@type\":\"WebSite\",\"@id\":\"https:\/\/hubsch-interior.com\/de\/#website\",\"url\":\"https:\/\/hubsch-interior.com\/de\/\",\"name\":\"H\u00fcbsch\",\"description\":\"Danish Home Interior and Design\",\"publisher\":{\"@id\":\"https:\/\/hubsch-interior.com\/de\/#organization\"},\"potentialAction\":[{\"@type\":\"SearchAction\",\"target\":{\"@type\":\"EntryPoint\",\"urlTemplate\":\"https:\/\/hubsch-interior.com\/de\/?s={search_term_string}\"},\"query-input\":{\"@type\":\"PropertyValueSpecification\",\"valueRequired\":true,\"valueName\":\"search_term_string\"}}],\"inLanguage\":\"de\"},{\"@type\":\"Organization\",\"@id\":\"https:\/\/hubsch-interior.com\/de\/#organization\",\"name\":\"H\u00fcbsch\",\"url\":\"https:\/\/hubsch-interior.com\/de\/\",\"logo\":{\"@type\":\"ImageObject\",\"inLanguage\":\"de\",\"@id\":\"https:\/\/hubsch-interior.com\/de\/#\/schema\/logo\/image\/\",\"url\":\"https:\/\/hubsch-interior.com\/wp-content\/uploads\/2022\/12\/Hubsch_logo_black_one_line.svg\",\"contentUrl\":\"https:\/\/hubsch-interior.com\/wp-content\/uploads\/2022\/12\/Hubsch_logo_black_one_line.svg\",\"caption\":\"H\u00fcbsch\"},\"image\":{\"@id\":\"https:\/\/hubsch-interior.com\/de\/#\/schema\/logo\/image\/\"}}]}<\/script>\n<!-- \/ Yoast SEO plugin. -->","yoast_head_json":{"title":"Fluffy Teppich Beige\/\u00a0Multifarben - H\u00fcbsch","description":"Es ist kein Geheimnis, dass wir eine Vorliebe f\u00fcr Streifen haben. Dieser wundersch\u00f6ne, OEKO-TEX\u00ae STANDARD 100\u00ae zertifizierte Teppich ist da keine","robots":{"index":"index","follow":"follow","max-snippet":"max-snippet:-1","max-image-preview":"max-image-preview:large","max-video-preview":"max-video-preview:-1"},"canonical":"https:\/\/hubsch-interior.com\/de\/wp-json\/wp\/v2\/product\/398501","og_locale":"de_DE","og_type":"article","og_title":"Fluffy Teppich Beige\/\u00a0Multifarben - H\u00fcbsch","og_description":"Es ist kein Geheimnis, dass wir eine Vorliebe f\u00fcr Streifen haben. Dieser wundersch\u00f6ne, OEKO-TEX\u00ae STANDARD 100\u00ae zertifizierte Teppich ist da keine","og_url":"https:\/\/hubsch-interior.com\/de\/produkt\/fluffy-teppich-beige-multifarben\/","og_site_name":"H\u00fcbsch","article_modified_time":"2026-04-09T02:41:34+00:00","og_image":[{"width":1200,"height":1200,"url":"https:\/\/hubsch-interior.com\/wp-content\/uploads\/2024\/01\/fluffy-rug-beigemulticolour-4cb9520e32af96f52a6a5d2d7f8e7aeb.jpg","type":"image\/jpeg"}],"twitter_card":"summary_large_image","schema":{"@context":"https:\/\/schema.org","@graph":[{"@type":"WebPage","@id":"https:\/\/hubsch-interior.com\/de\/produkt\/fluffy-teppich-beige-multifarben\/","url":"https:\/\/hubsch-interior.com\/de\/produkt\/fluffy-teppich-beige-multifarben\/","name":"Fluffy Teppich Beige\/\u00a0Multifarben - H\u00fcbsch","isPartOf":{"@id":"https:\/\/hubsch-interior.com\/de\/#website"},"primaryImageOfPage":{"@id":"https:\/\/hubsch-interior.com\/de\/produkt\/fluffy-teppich-beige-multifarben\/#primaryimage"},"image":{"@id":"https:\/\/hubsch-interior.com\/de\/produkt\/fluffy-teppich-beige-multifarben\/#primaryimage"},"thumbnailUrl":"https:\/\/hubsch-interior.com\/wp-content\/uploads\/2026\/02\/fluffy-rug-beigemulticolour-e4d529e8fb4baa65d3b817546f4f01a1.jpg","datePublished":"2021-06-13T20:49:39+00:00","dateModified":"2026-04-09T02:41:34+00:00","description":"Es ist kein Geheimnis, dass wir eine Vorliebe f\u00fcr Streifen haben. Dieser wundersch\u00f6ne, OEKO-TEX\u00ae STANDARD 100\u00ae zertifizierte Teppich ist da keine","breadcrumb":{"@id":"https:\/\/hubsch-interior.com\/de\/produkt\/fluffy-teppich-beige-multifarben\/#breadcrumb"},"inLanguage":"de","potentialAction":[{"@type":"ReadAction","target":["https:\/\/hubsch-interior.com\/de\/produkt\/fluffy-teppich-beige-multifarben\/"]}]},{"@type":"ImageObject","inLanguage":"de","@id":"https:\/\/hubsch-interior.com\/de\/produkt\/fluffy-teppich-beige-multifarben\/#primaryimage","url":"https:\/\/hubsch-interior.com\/wp-content\/uploads\/2026\/02\/fluffy-rug-beigemulticolour-e4d529e8fb4baa65d3b817546f4f01a1.jpg","contentUrl":"https:\/\/hubsch-interior.com\/wp-content\/uploads\/2026\/02\/fluffy-rug-beigemulticolour-e4d529e8fb4baa65d3b817546f4f01a1.jpg","width":1024,"height":1024},{"@type":"BreadcrumbList","@id":"https:\/\/hubsch-interior.com\/de\/produkt\/fluffy-teppich-beige-multifarben\/#breadcrumb","itemListElement":[{"@type":"ListItem","position":1,"name":"Startseite","item":"https:\/\/hubsch-interior.com\/de\/"},{"@type":"ListItem","position":2,"name":"Produkte","item":"https:\/\/hubsch-interior.com\/de\/shop-2\/"},{"@type":"ListItem","position":3,"name":"Textilien","item":"https:\/\/hubsch-interior.com\/de\/produkt-kategorie\/textilien\/"},{"@type":"ListItem","position":4,"name":"Teppiche","item":"https:\/\/hubsch-interior.com\/de\/produkt-kategorie\/textilien\/teppiche-de\/"},{"@type":"ListItem","position":5,"name":"Fluffy Teppich Beige\/\u00a0Multifarben"}]},{"@type":"WebSite","@id":"https:\/\/hubsch-interior.com\/de\/#website","url":"https:\/\/hubsch-interior.com\/de\/","name":"H\u00fcbsch","description":"Danish Home Interior and Design","publisher":{"@id":"https:\/\/hubsch-interior.com\/de\/#organization"},"potentialAction":[{"@type":"SearchAction","target":{"@type":"EntryPoint","urlTemplate":"https:\/\/hubsch-interior.com\/de\/?s={search_term_string}"},"query-input":{"@type":"PropertyValueSpecification","valueRequired":true,"valueName":"search_term_string"}}],"inLanguage":"de"},{"@type":"Organization","@id":"https:\/\/hubsch-interior.com\/de\/#organization","name":"H\u00fcbsch","url":"https:\/\/hubsch-interior.com\/de\/","logo":{"@type":"ImageObject","inLanguage":"de","@id":"https:\/\/hubsch-interior.com\/de\/#\/schema\/logo\/image\/","url":"https:\/\/hubsch-interior.com\/wp-content\/uploads\/2022\/12\/Hubsch_logo_black_one_line.svg","contentUrl":"https:\/\/hubsch-interior.com\/wp-content\/uploads\/2022\/12\/Hubsch_logo_black_one_line.svg","caption":"H\u00fcbsch"},"image":{"@id":"https:\/\/hubsch-interior.com\/de\/#\/schema\/logo\/image\/"}}]}},"_links":{"self":[{"href":"https:\/\/hubsch-interior.com\/de\/wp-json\/wp\/v2\/product\/398501","targetHints":{"allow":["GET"]}}],"collection":[{"href":"https:\/\/hubsch-interior.com\/de\/wp-json\/wp\/v2\/product"}],"about":[{"href":"https:\/\/hubsch-interior.com\/de\/wp-json\/wp\/v2\/types\/product"}],"wp:featuredmedia":[{"embeddable":true,"href":"https:\/\/hubsch-interior.com\/de\/wp-json\/wp\/v2\/media\/1100061"}],"wp:attachment":[{"href":"https:\/\/hubsch-interior.com\/de\/wp-json\/wp\/v2\/media?parent=398501"}],"wp:term":[{"taxonomy":"product_brand","embeddable":true,"href":"https:\/\/hubsch-interior.com\/de\/wp-json\/wp\/v2\/product_brand?post=398501"},{"taxonomy":"product_cat","embeddable":true,"href":"https:\/\/hubsch-interior.com\/de\/wp-json\/wp\/v2\/product_cat?post=398501"},{"taxonomy":"product_tag","embeddable":true,"href":"https:\/\/hubsch-interior.com\/de\/wp-json\/wp\/v2\/product_tag?post=398501"}],"curies":[{"name":"wp","href":"https:\/\/api.w.org\/{rel}","templated":true}]}}