{"id":398533,"date":"2021-06-13T22:50:32","date_gmt":"2021-06-13T20:50:32","guid":{"rendered":"https:\/\/hubsch-interior.com\/shop-b2c\/product\/product\/"},"modified":"2026-04-04T04:43:17","modified_gmt":"2026-04-04T02:43:17","slug":"vibe-topfe-sandfarben-2er-set","status":"publish","type":"product","link":"https:\/\/hubsch-interior.com\/de\/produkt\/vibe-topfe-sandfarben-2er-set\/","title":{"rendered":"Vibe T\u00f6pfe Sandfarben (2er Set)"},"content":{"rendered":"<p>Ihre gro\u00dfen Monstera-Pflanzen haben nur das Beste verdient. Finden Sie nicht auch? Dieses Set aus zwei Keramikt\u00f6pfen f\u00fcr Ihre geliebten Pflanzen in verschiedenen Gr\u00f6\u00dfen wird die Sch\u00f6nheit Ihrer Pflanzen unterstreichen. Kombinieren Sie sie mit unseren anderen Pflanzgef\u00e4\u00dfen \u2013 sie passen wunderbar zusammen. Sie wissen ja, dass individuelle Gestaltung immer f\u00fcr eine pers\u00f6nliche Note sorgt, also greifen Sie zu!<\/p>\n","protected":false},"excerpt":{"rendered":"<p>Ihre gro\u00dfen Monstera-Pflanzen haben nur das Beste verdient. Finden Sie nicht auch? Dieses Set aus zwei Keramikt\u00f6pfen f\u00fcr Ihre geliebten Pflanzen in verschiedenen Gr\u00f6\u00dfen wird die Sch\u00f6nheit Ihrer Pflanzen unterstreichen. Kombinieren Sie sie mit unseren anderen Pflanzgef\u00e4\u00dfen \u2013 sie passen wunderbar zusammen. Sie wissen ja, dass individuelle Gestaltung immer f\u00fcr eine pers\u00f6nliche Note sorgt, also [&hellip;]<\/p>\n","protected":false},"featured_media":1100833,"template":"","meta":{"_acf_changed":false,"inline_featured_image":false},"product_brand":[],"product_cat":[6349,4916,4925,5027],"product_tag":[],"class_list":{"0":"post-398533","1":"product","2":"type-product","3":"status-publish","4":"has-post-thumbnail","6":"product_cat-garden-selection-de","7":"product_cat-toepfe-giesskannen-de","8":"product_cat-blumentoepfe-de","9":"product_cat-bestsellers-de","10":"product_shipping_class-p05","12":"pa_color-sandfarben","13":"pa_material-keramik","15":"first","16":"instock","17":"featured","18":"taxable","19":"shipping-taxable","20":"purchasable","21":"product-type-simple"},"exclude_global_add_ons":[],"addons":[],"acf":[],"yoast_head":"<!-- This site is optimized with the Yoast SEO plugin v26.4 - https:\/\/yoast.com\/wordpress\/plugins\/seo\/ -->\n<title>Vibe T\u00f6pfe Sandfarben (2er Set) - H\u00fcbsch<\/title>\n<meta name=\"description\" content=\"Ihre gro\u00dfen Monstera-Pflanzen haben nur das Beste verdient. Finden Sie nicht auch? Dieses Set aus zwei Keramikt\u00f6pfen f\u00fcr Ihre geliebten Pflanzen in\" \/>\n<meta name=\"robots\" content=\"index, follow, max-snippet:-1, max-image-preview:large, max-video-preview:-1\" \/>\n<link rel=\"canonical\" href=\"https:\/\/hubsch-interior.com\/de\/wp-json\/wp\/v2\/product\/398533\" \/>\n<meta property=\"og:locale\" content=\"de_DE\" \/>\n<meta property=\"og:type\" content=\"article\" \/>\n<meta property=\"og:title\" content=\"Vibe T\u00f6pfe Sandfarben (2er Set) - H\u00fcbsch\" \/>\n<meta property=\"og:description\" content=\"Ihre gro\u00dfen Monstera-Pflanzen haben nur das Beste verdient. Finden Sie nicht auch? Dieses Set aus zwei Keramikt\u00f6pfen f\u00fcr Ihre geliebten Pflanzen in\" \/>\n<meta property=\"og:url\" content=\"https:\/\/hubsch-interior.com\/de\/produkt\/vibe-topfe-sandfarben-2er-set\/\" \/>\n<meta property=\"og:site_name\" content=\"H\u00fcbsch\" \/>\n<meta property=\"article:modified_time\" content=\"2026-04-04T02:43:17+00:00\" \/>\n<meta property=\"og:image\" content=\"https:\/\/hubsch-interior.com\/wp-content\/uploads\/2025\/04\/vibe-pots-sand-set-of-2-50350bc57b2b630677e7f7251c58db4a.jpg\" \/>\n\t<meta property=\"og:image:width\" content=\"1200\" \/>\n\t<meta property=\"og:image:height\" content=\"1200\" \/>\n\t<meta property=\"og:image:type\" content=\"image\/jpeg\" \/>\n<meta name=\"twitter:card\" content=\"summary_large_image\" \/>\n<script type=\"application\/ld+json\" class=\"yoast-schema-graph\">{\"@context\":\"https:\/\/schema.org\",\"@graph\":[{\"@type\":\"WebPage\",\"@id\":\"https:\/\/hubsch-interior.com\/de\/produkt\/vibe-topfe-sandfarben-2er-set\/\",\"url\":\"https:\/\/hubsch-interior.com\/de\/produkt\/vibe-topfe-sandfarben-2er-set\/\",\"name\":\"Vibe T\u00f6pfe Sandfarben (2er Set) - H\u00fcbsch\",\"isPartOf\":{\"@id\":\"https:\/\/hubsch-interior.com\/de\/#website\"},\"primaryImageOfPage\":{\"@id\":\"https:\/\/hubsch-interior.com\/de\/produkt\/vibe-topfe-sandfarben-2er-set\/#primaryimage\"},\"image\":{\"@id\":\"https:\/\/hubsch-interior.com\/de\/produkt\/vibe-topfe-sandfarben-2er-set\/#primaryimage\"},\"thumbnailUrl\":\"https:\/\/hubsch-interior.com\/wp-content\/uploads\/2026\/02\/vibe-pots-sand-set-of-2-095b3749ab86fa6de0a1357aafb36144.jpg\",\"datePublished\":\"2021-06-13T20:50:32+00:00\",\"dateModified\":\"2026-04-04T02:43:17+00:00\",\"description\":\"Ihre gro\u00dfen Monstera-Pflanzen haben nur das Beste verdient. Finden Sie nicht auch? Dieses Set aus zwei Keramikt\u00f6pfen f\u00fcr Ihre geliebten Pflanzen in\",\"breadcrumb\":{\"@id\":\"https:\/\/hubsch-interior.com\/de\/produkt\/vibe-topfe-sandfarben-2er-set\/#breadcrumb\"},\"inLanguage\":\"de\",\"potentialAction\":[{\"@type\":\"ReadAction\",\"target\":[\"https:\/\/hubsch-interior.com\/de\/produkt\/vibe-topfe-sandfarben-2er-set\/\"]}]},{\"@type\":\"ImageObject\",\"inLanguage\":\"de\",\"@id\":\"https:\/\/hubsch-interior.com\/de\/produkt\/vibe-topfe-sandfarben-2er-set\/#primaryimage\",\"url\":\"https:\/\/hubsch-interior.com\/wp-content\/uploads\/2026\/02\/vibe-pots-sand-set-of-2-095b3749ab86fa6de0a1357aafb36144.jpg\",\"contentUrl\":\"https:\/\/hubsch-interior.com\/wp-content\/uploads\/2026\/02\/vibe-pots-sand-set-of-2-095b3749ab86fa6de0a1357aafb36144.jpg\",\"width\":1024,\"height\":1024},{\"@type\":\"BreadcrumbList\",\"@id\":\"https:\/\/hubsch-interior.com\/de\/produkt\/vibe-topfe-sandfarben-2er-set\/#breadcrumb\",\"itemListElement\":[{\"@type\":\"ListItem\",\"position\":1,\"name\":\"Startseite\",\"item\":\"https:\/\/hubsch-interior.com\/de\/\"},{\"@type\":\"ListItem\",\"position\":2,\"name\":\"Produkte\",\"item\":\"https:\/\/hubsch-interior.com\/de\/shop-2\/\"},{\"@type\":\"ListItem\",\"position\":3,\"name\":\"Wohnaccessoires\",\"item\":\"https:\/\/hubsch-interior.com\/de\/produkt-kategorie\/wohnaccessoires\/\"},{\"@type\":\"ListItem\",\"position\":4,\"name\":\"T&ouml;pfe &amp; Gie&szlig;kannen\",\"item\":\"https:\/\/hubsch-interior.com\/de\/produkt-kategorie\/wohnaccessoires\/toepfe-giesskannen-de\/\"},{\"@type\":\"ListItem\",\"position\":5,\"name\":\"Blument&ouml;pfe\",\"item\":\"https:\/\/hubsch-interior.com\/de\/produkt-kategorie\/wohnaccessoires\/toepfe-giesskannen-de\/blumentoepfe-de\/\"},{\"@type\":\"ListItem\",\"position\":6,\"name\":\"Vibe T\u00f6pfe Sandfarben (2er Set)\"}]},{\"@type\":\"WebSite\",\"@id\":\"https:\/\/hubsch-interior.com\/de\/#website\",\"url\":\"https:\/\/hubsch-interior.com\/de\/\",\"name\":\"H\u00fcbsch\",\"description\":\"Danish Home Interior and Design\",\"publisher\":{\"@id\":\"https:\/\/hubsch-interior.com\/de\/#organization\"},\"potentialAction\":[{\"@type\":\"SearchAction\",\"target\":{\"@type\":\"EntryPoint\",\"urlTemplate\":\"https:\/\/hubsch-interior.com\/de\/?s={search_term_string}\"},\"query-input\":{\"@type\":\"PropertyValueSpecification\",\"valueRequired\":true,\"valueName\":\"search_term_string\"}}],\"inLanguage\":\"de\"},{\"@type\":\"Organization\",\"@id\":\"https:\/\/hubsch-interior.com\/de\/#organization\",\"name\":\"H\u00fcbsch\",\"url\":\"https:\/\/hubsch-interior.com\/de\/\",\"logo\":{\"@type\":\"ImageObject\",\"inLanguage\":\"de\",\"@id\":\"https:\/\/hubsch-interior.com\/de\/#\/schema\/logo\/image\/\",\"url\":\"https:\/\/hubsch-interior.com\/wp-content\/uploads\/2022\/12\/Hubsch_logo_black_one_line.svg\",\"contentUrl\":\"https:\/\/hubsch-interior.com\/wp-content\/uploads\/2022\/12\/Hubsch_logo_black_one_line.svg\",\"caption\":\"H\u00fcbsch\"},\"image\":{\"@id\":\"https:\/\/hubsch-interior.com\/de\/#\/schema\/logo\/image\/\"}}]}<\/script>\n<!-- \/ Yoast SEO plugin. -->","yoast_head_json":{"title":"Vibe T\u00f6pfe Sandfarben (2er Set) - H\u00fcbsch","description":"Ihre gro\u00dfen Monstera-Pflanzen haben nur das Beste verdient. Finden Sie nicht auch? Dieses Set aus zwei Keramikt\u00f6pfen f\u00fcr Ihre geliebten Pflanzen in","robots":{"index":"index","follow":"follow","max-snippet":"max-snippet:-1","max-image-preview":"max-image-preview:large","max-video-preview":"max-video-preview:-1"},"canonical":"https:\/\/hubsch-interior.com\/de\/wp-json\/wp\/v2\/product\/398533","og_locale":"de_DE","og_type":"article","og_title":"Vibe T\u00f6pfe Sandfarben (2er Set) - H\u00fcbsch","og_description":"Ihre gro\u00dfen Monstera-Pflanzen haben nur das Beste verdient. Finden Sie nicht auch? Dieses Set aus zwei Keramikt\u00f6pfen f\u00fcr Ihre geliebten Pflanzen in","og_url":"https:\/\/hubsch-interior.com\/de\/produkt\/vibe-topfe-sandfarben-2er-set\/","og_site_name":"H\u00fcbsch","article_modified_time":"2026-04-04T02:43:17+00:00","og_image":[{"width":1200,"height":1200,"url":"https:\/\/hubsch-interior.com\/wp-content\/uploads\/2025\/04\/vibe-pots-sand-set-of-2-50350bc57b2b630677e7f7251c58db4a.jpg","type":"image\/jpeg"}],"twitter_card":"summary_large_image","schema":{"@context":"https:\/\/schema.org","@graph":[{"@type":"WebPage","@id":"https:\/\/hubsch-interior.com\/de\/produkt\/vibe-topfe-sandfarben-2er-set\/","url":"https:\/\/hubsch-interior.com\/de\/produkt\/vibe-topfe-sandfarben-2er-set\/","name":"Vibe T\u00f6pfe Sandfarben (2er Set) - H\u00fcbsch","isPartOf":{"@id":"https:\/\/hubsch-interior.com\/de\/#website"},"primaryImageOfPage":{"@id":"https:\/\/hubsch-interior.com\/de\/produkt\/vibe-topfe-sandfarben-2er-set\/#primaryimage"},"image":{"@id":"https:\/\/hubsch-interior.com\/de\/produkt\/vibe-topfe-sandfarben-2er-set\/#primaryimage"},"thumbnailUrl":"https:\/\/hubsch-interior.com\/wp-content\/uploads\/2026\/02\/vibe-pots-sand-set-of-2-095b3749ab86fa6de0a1357aafb36144.jpg","datePublished":"2021-06-13T20:50:32+00:00","dateModified":"2026-04-04T02:43:17+00:00","description":"Ihre gro\u00dfen Monstera-Pflanzen haben nur das Beste verdient. Finden Sie nicht auch? Dieses Set aus zwei Keramikt\u00f6pfen f\u00fcr Ihre geliebten Pflanzen in","breadcrumb":{"@id":"https:\/\/hubsch-interior.com\/de\/produkt\/vibe-topfe-sandfarben-2er-set\/#breadcrumb"},"inLanguage":"de","potentialAction":[{"@type":"ReadAction","target":["https:\/\/hubsch-interior.com\/de\/produkt\/vibe-topfe-sandfarben-2er-set\/"]}]},{"@type":"ImageObject","inLanguage":"de","@id":"https:\/\/hubsch-interior.com\/de\/produkt\/vibe-topfe-sandfarben-2er-set\/#primaryimage","url":"https:\/\/hubsch-interior.com\/wp-content\/uploads\/2026\/02\/vibe-pots-sand-set-of-2-095b3749ab86fa6de0a1357aafb36144.jpg","contentUrl":"https:\/\/hubsch-interior.com\/wp-content\/uploads\/2026\/02\/vibe-pots-sand-set-of-2-095b3749ab86fa6de0a1357aafb36144.jpg","width":1024,"height":1024},{"@type":"BreadcrumbList","@id":"https:\/\/hubsch-interior.com\/de\/produkt\/vibe-topfe-sandfarben-2er-set\/#breadcrumb","itemListElement":[{"@type":"ListItem","position":1,"name":"Startseite","item":"https:\/\/hubsch-interior.com\/de\/"},{"@type":"ListItem","position":2,"name":"Produkte","item":"https:\/\/hubsch-interior.com\/de\/shop-2\/"},{"@type":"ListItem","position":3,"name":"Wohnaccessoires","item":"https:\/\/hubsch-interior.com\/de\/produkt-kategorie\/wohnaccessoires\/"},{"@type":"ListItem","position":4,"name":"T&ouml;pfe &amp; Gie&szlig;kannen","item":"https:\/\/hubsch-interior.com\/de\/produkt-kategorie\/wohnaccessoires\/toepfe-giesskannen-de\/"},{"@type":"ListItem","position":5,"name":"Blument&ouml;pfe","item":"https:\/\/hubsch-interior.com\/de\/produkt-kategorie\/wohnaccessoires\/toepfe-giesskannen-de\/blumentoepfe-de\/"},{"@type":"ListItem","position":6,"name":"Vibe T\u00f6pfe Sandfarben (2er Set)"}]},{"@type":"WebSite","@id":"https:\/\/hubsch-interior.com\/de\/#website","url":"https:\/\/hubsch-interior.com\/de\/","name":"H\u00fcbsch","description":"Danish Home Interior and Design","publisher":{"@id":"https:\/\/hubsch-interior.com\/de\/#organization"},"potentialAction":[{"@type":"SearchAction","target":{"@type":"EntryPoint","urlTemplate":"https:\/\/hubsch-interior.com\/de\/?s={search_term_string}"},"query-input":{"@type":"PropertyValueSpecification","valueRequired":true,"valueName":"search_term_string"}}],"inLanguage":"de"},{"@type":"Organization","@id":"https:\/\/hubsch-interior.com\/de\/#organization","name":"H\u00fcbsch","url":"https:\/\/hubsch-interior.com\/de\/","logo":{"@type":"ImageObject","inLanguage":"de","@id":"https:\/\/hubsch-interior.com\/de\/#\/schema\/logo\/image\/","url":"https:\/\/hubsch-interior.com\/wp-content\/uploads\/2022\/12\/Hubsch_logo_black_one_line.svg","contentUrl":"https:\/\/hubsch-interior.com\/wp-content\/uploads\/2022\/12\/Hubsch_logo_black_one_line.svg","caption":"H\u00fcbsch"},"image":{"@id":"https:\/\/hubsch-interior.com\/de\/#\/schema\/logo\/image\/"}}]}},"_links":{"self":[{"href":"https:\/\/hubsch-interior.com\/de\/wp-json\/wp\/v2\/product\/398533","targetHints":{"allow":["GET"]}}],"collection":[{"href":"https:\/\/hubsch-interior.com\/de\/wp-json\/wp\/v2\/product"}],"about":[{"href":"https:\/\/hubsch-interior.com\/de\/wp-json\/wp\/v2\/types\/product"}],"wp:featuredmedia":[{"embeddable":true,"href":"https:\/\/hubsch-interior.com\/de\/wp-json\/wp\/v2\/media\/1100833"}],"wp:attachment":[{"href":"https:\/\/hubsch-interior.com\/de\/wp-json\/wp\/v2\/media?parent=398533"}],"wp:term":[{"taxonomy":"product_brand","embeddable":true,"href":"https:\/\/hubsch-interior.com\/de\/wp-json\/wp\/v2\/product_brand?post=398533"},{"taxonomy":"product_cat","embeddable":true,"href":"https:\/\/hubsch-interior.com\/de\/wp-json\/wp\/v2\/product_cat?post=398533"},{"taxonomy":"product_tag","embeddable":true,"href":"https:\/\/hubsch-interior.com\/de\/wp-json\/wp\/v2\/product_tag?post=398533"}],"curies":[{"name":"wp","href":"https:\/\/api.w.org\/{rel}","templated":true}]}}