{"id":398537,"date":"2021-06-13T22:50:35","date_gmt":"2021-06-13T20:50:35","guid":{"rendered":"https:\/\/hubsch-interior.com\/shop-b2c\/product\/product\/"},"modified":"2026-04-03T04:46:58","modified_gmt":"2026-04-03T02:46:58","slug":"vibe-topfe-grun-2er-set","status":"publish","type":"product","link":"https:\/\/hubsch-interior.com\/de\/produkt\/vibe-topfe-grun-2er-set\/","title":{"rendered":"Vibe T\u00f6pfe Gr\u00fcn (2er Set)"},"content":{"rendered":"<p>Bringen Sie mit unseren keramischen Vibe T\u00f6pfen einen Hauch von nat\u00fcrlichem Charme in Ihr Zuhause. Ihre warme, gesprenkelte Glasur in nat\u00fcrlichem Gelbton l\u00e4sst jede Pflanze wie einen Teil einer sonnendurchfluteten Geschichte wirken. Mit zwei Gr\u00f6\u00dfen zur Auswahl k\u00f6nnen Sie sie kombinieren und auf Regalen, Fensterb\u00e4nken oder Tischplatten stilvoll arrangieren. Aus robustem Keramik gefertigt, bieten diese T\u00f6pfe Ihren Pflanzen ein dauerhaftes Zuhause und f\u00fcgen Ihrem Dekor Charakter und Textur hinzu. Perfekt f\u00fcr alle, die Designst\u00fccke lieben, die sowohl funktional als auch voller Pers\u00f6nlichkeit sind.<\/p>\n","protected":false},"excerpt":{"rendered":"<p>Bringen Sie mit unseren keramischen Vibe T\u00f6pfen einen Hauch von nat\u00fcrlichem Charme in Ihr Zuhause. Ihre warme, gesprenkelte Glasur in nat\u00fcrlichem Gelbton l\u00e4sst jede Pflanze wie einen Teil einer sonnendurchfluteten Geschichte wirken. Mit zwei Gr\u00f6\u00dfen zur Auswahl k\u00f6nnen Sie sie kombinieren und auf Regalen, Fensterb\u00e4nken oder Tischplatten stilvoll arrangieren. Aus robustem Keramik gefertigt, bieten diese [&hellip;]<\/p>\n","protected":false},"featured_media":1100853,"template":"","meta":{"_acf_changed":false,"inline_featured_image":false},"product_brand":[],"product_cat":[6940,4916,4925,5027],"product_tag":[],"class_list":{"0":"post-398537","1":"product","2":"type-product","3":"status-publish","4":"has-post-thumbnail","6":"product_cat-additions-de","7":"product_cat-toepfe-giesskannen-de","8":"product_cat-blumentoepfe-de","9":"product_cat-bestsellers-de","10":"product_shipping_class-pk","12":"pa_color-grn-2","13":"pa_material-keramik","15":"first","16":"instock","17":"featured","18":"taxable","19":"shipping-taxable","20":"purchasable","21":"product-type-simple"},"exclude_global_add_ons":[],"addons":[],"acf":[],"yoast_head":"<!-- This site is optimized with the Yoast SEO plugin v26.4 - https:\/\/yoast.com\/wordpress\/plugins\/seo\/ -->\n<title>Vibe T\u00f6pfe Gr\u00fcn (2er Set) - H\u00fcbsch<\/title>\n<meta name=\"description\" content=\"Bringen Sie mit unseren keramischen Vibe T\u00f6pfen einen Hauch von nat\u00fcrlichem Charme in Ihr Zuhause. Ihre warme, gesprenkelte Glasur in nat\u00fcrlichem Gelbton\" \/>\n<meta name=\"robots\" content=\"index, follow, max-snippet:-1, max-image-preview:large, max-video-preview:-1\" \/>\n<link rel=\"canonical\" href=\"https:\/\/hubsch-interior.com\/de\/wp-json\/wp\/v2\/product\/398537\" \/>\n<meta property=\"og:locale\" content=\"de_DE\" \/>\n<meta property=\"og:type\" content=\"article\" \/>\n<meta property=\"og:title\" content=\"Vibe T\u00f6pfe Gr\u00fcn (2er Set) - H\u00fcbsch\" \/>\n<meta property=\"og:description\" content=\"Bringen Sie mit unseren keramischen Vibe T\u00f6pfen einen Hauch von nat\u00fcrlichem Charme in Ihr Zuhause. Ihre warme, gesprenkelte Glasur in nat\u00fcrlichem Gelbton\" \/>\n<meta property=\"og:url\" content=\"https:\/\/hubsch-interior.com\/de\/produkt\/vibe-topfe-grun-2er-set\/\" \/>\n<meta property=\"og:site_name\" content=\"H\u00fcbsch\" \/>\n<meta property=\"article:modified_time\" content=\"2026-04-03T02:46:58+00:00\" \/>\n<meta property=\"og:image\" content=\"https:\/\/hubsch-interior.com\/wp-content\/uploads\/2025\/05\/vibe-pots-green-set-of-2-afbdf2167a1d88244974d365ff3249f4.jpg\" \/>\n\t<meta property=\"og:image:width\" content=\"1200\" \/>\n\t<meta property=\"og:image:height\" content=\"1200\" \/>\n\t<meta property=\"og:image:type\" content=\"image\/jpeg\" \/>\n<meta name=\"twitter:card\" content=\"summary_large_image\" \/>\n<script type=\"application\/ld+json\" class=\"yoast-schema-graph\">{\"@context\":\"https:\/\/schema.org\",\"@graph\":[{\"@type\":\"WebPage\",\"@id\":\"https:\/\/hubsch-interior.com\/de\/produkt\/vibe-topfe-grun-2er-set\/\",\"url\":\"https:\/\/hubsch-interior.com\/de\/produkt\/vibe-topfe-grun-2er-set\/\",\"name\":\"Vibe T\u00f6pfe Gr\u00fcn (2er Set) - H\u00fcbsch\",\"isPartOf\":{\"@id\":\"https:\/\/hubsch-interior.com\/de\/#website\"},\"primaryImageOfPage\":{\"@id\":\"https:\/\/hubsch-interior.com\/de\/produkt\/vibe-topfe-grun-2er-set\/#primaryimage\"},\"image\":{\"@id\":\"https:\/\/hubsch-interior.com\/de\/produkt\/vibe-topfe-grun-2er-set\/#primaryimage\"},\"thumbnailUrl\":\"https:\/\/hubsch-interior.com\/wp-content\/uploads\/2026\/02\/vibe-pots-green-set-of-2-f30e7b7710e53c0a4e9a4ecfafefe7dc.jpg\",\"datePublished\":\"2021-06-13T20:50:35+00:00\",\"dateModified\":\"2026-04-03T02:46:58+00:00\",\"description\":\"Bringen Sie mit unseren keramischen Vibe T\u00f6pfen einen Hauch von nat\u00fcrlichem Charme in Ihr Zuhause. Ihre warme, gesprenkelte Glasur in nat\u00fcrlichem Gelbton\",\"breadcrumb\":{\"@id\":\"https:\/\/hubsch-interior.com\/de\/produkt\/vibe-topfe-grun-2er-set\/#breadcrumb\"},\"inLanguage\":\"de\",\"potentialAction\":[{\"@type\":\"ReadAction\",\"target\":[\"https:\/\/hubsch-interior.com\/de\/produkt\/vibe-topfe-grun-2er-set\/\"]}]},{\"@type\":\"ImageObject\",\"inLanguage\":\"de\",\"@id\":\"https:\/\/hubsch-interior.com\/de\/produkt\/vibe-topfe-grun-2er-set\/#primaryimage\",\"url\":\"https:\/\/hubsch-interior.com\/wp-content\/uploads\/2026\/02\/vibe-pots-green-set-of-2-f30e7b7710e53c0a4e9a4ecfafefe7dc.jpg\",\"contentUrl\":\"https:\/\/hubsch-interior.com\/wp-content\/uploads\/2026\/02\/vibe-pots-green-set-of-2-f30e7b7710e53c0a4e9a4ecfafefe7dc.jpg\",\"width\":1024,\"height\":1024},{\"@type\":\"BreadcrumbList\",\"@id\":\"https:\/\/hubsch-interior.com\/de\/produkt\/vibe-topfe-grun-2er-set\/#breadcrumb\",\"itemListElement\":[{\"@type\":\"ListItem\",\"position\":1,\"name\":\"Startseite\",\"item\":\"https:\/\/hubsch-interior.com\/de\/\"},{\"@type\":\"ListItem\",\"position\":2,\"name\":\"Produkte\",\"item\":\"https:\/\/hubsch-interior.com\/de\/shop-2\/\"},{\"@type\":\"ListItem\",\"position\":3,\"name\":\"Wohnaccessoires\",\"item\":\"https:\/\/hubsch-interior.com\/de\/produkt-kategorie\/wohnaccessoires\/\"},{\"@type\":\"ListItem\",\"position\":4,\"name\":\"T&ouml;pfe &amp; Gie&szlig;kannen\",\"item\":\"https:\/\/hubsch-interior.com\/de\/produkt-kategorie\/wohnaccessoires\/toepfe-giesskannen-de\/\"},{\"@type\":\"ListItem\",\"position\":5,\"name\":\"Blument&ouml;pfe\",\"item\":\"https:\/\/hubsch-interior.com\/de\/produkt-kategorie\/wohnaccessoires\/toepfe-giesskannen-de\/blumentoepfe-de\/\"},{\"@type\":\"ListItem\",\"position\":6,\"name\":\"Vibe T\u00f6pfe Gr\u00fcn (2er Set)\"}]},{\"@type\":\"WebSite\",\"@id\":\"https:\/\/hubsch-interior.com\/de\/#website\",\"url\":\"https:\/\/hubsch-interior.com\/de\/\",\"name\":\"H\u00fcbsch\",\"description\":\"Danish Home Interior and Design\",\"publisher\":{\"@id\":\"https:\/\/hubsch-interior.com\/de\/#organization\"},\"potentialAction\":[{\"@type\":\"SearchAction\",\"target\":{\"@type\":\"EntryPoint\",\"urlTemplate\":\"https:\/\/hubsch-interior.com\/de\/?s={search_term_string}\"},\"query-input\":{\"@type\":\"PropertyValueSpecification\",\"valueRequired\":true,\"valueName\":\"search_term_string\"}}],\"inLanguage\":\"de\"},{\"@type\":\"Organization\",\"@id\":\"https:\/\/hubsch-interior.com\/de\/#organization\",\"name\":\"H\u00fcbsch\",\"url\":\"https:\/\/hubsch-interior.com\/de\/\",\"logo\":{\"@type\":\"ImageObject\",\"inLanguage\":\"de\",\"@id\":\"https:\/\/hubsch-interior.com\/de\/#\/schema\/logo\/image\/\",\"url\":\"https:\/\/hubsch-interior.com\/wp-content\/uploads\/2022\/12\/Hubsch_logo_black_one_line.svg\",\"contentUrl\":\"https:\/\/hubsch-interior.com\/wp-content\/uploads\/2022\/12\/Hubsch_logo_black_one_line.svg\",\"caption\":\"H\u00fcbsch\"},\"image\":{\"@id\":\"https:\/\/hubsch-interior.com\/de\/#\/schema\/logo\/image\/\"}}]}<\/script>\n<!-- \/ Yoast SEO plugin. -->","yoast_head_json":{"title":"Vibe T\u00f6pfe Gr\u00fcn (2er Set) - H\u00fcbsch","description":"Bringen Sie mit unseren keramischen Vibe T\u00f6pfen einen Hauch von nat\u00fcrlichem Charme in Ihr Zuhause. Ihre warme, gesprenkelte Glasur in nat\u00fcrlichem Gelbton","robots":{"index":"index","follow":"follow","max-snippet":"max-snippet:-1","max-image-preview":"max-image-preview:large","max-video-preview":"max-video-preview:-1"},"canonical":"https:\/\/hubsch-interior.com\/de\/wp-json\/wp\/v2\/product\/398537","og_locale":"de_DE","og_type":"article","og_title":"Vibe T\u00f6pfe Gr\u00fcn (2er Set) - H\u00fcbsch","og_description":"Bringen Sie mit unseren keramischen Vibe T\u00f6pfen einen Hauch von nat\u00fcrlichem Charme in Ihr Zuhause. Ihre warme, gesprenkelte Glasur in nat\u00fcrlichem Gelbton","og_url":"https:\/\/hubsch-interior.com\/de\/produkt\/vibe-topfe-grun-2er-set\/","og_site_name":"H\u00fcbsch","article_modified_time":"2026-04-03T02:46:58+00:00","og_image":[{"width":1200,"height":1200,"url":"https:\/\/hubsch-interior.com\/wp-content\/uploads\/2025\/05\/vibe-pots-green-set-of-2-afbdf2167a1d88244974d365ff3249f4.jpg","type":"image\/jpeg"}],"twitter_card":"summary_large_image","schema":{"@context":"https:\/\/schema.org","@graph":[{"@type":"WebPage","@id":"https:\/\/hubsch-interior.com\/de\/produkt\/vibe-topfe-grun-2er-set\/","url":"https:\/\/hubsch-interior.com\/de\/produkt\/vibe-topfe-grun-2er-set\/","name":"Vibe T\u00f6pfe Gr\u00fcn (2er Set) - H\u00fcbsch","isPartOf":{"@id":"https:\/\/hubsch-interior.com\/de\/#website"},"primaryImageOfPage":{"@id":"https:\/\/hubsch-interior.com\/de\/produkt\/vibe-topfe-grun-2er-set\/#primaryimage"},"image":{"@id":"https:\/\/hubsch-interior.com\/de\/produkt\/vibe-topfe-grun-2er-set\/#primaryimage"},"thumbnailUrl":"https:\/\/hubsch-interior.com\/wp-content\/uploads\/2026\/02\/vibe-pots-green-set-of-2-f30e7b7710e53c0a4e9a4ecfafefe7dc.jpg","datePublished":"2021-06-13T20:50:35+00:00","dateModified":"2026-04-03T02:46:58+00:00","description":"Bringen Sie mit unseren keramischen Vibe T\u00f6pfen einen Hauch von nat\u00fcrlichem Charme in Ihr Zuhause. Ihre warme, gesprenkelte Glasur in nat\u00fcrlichem Gelbton","breadcrumb":{"@id":"https:\/\/hubsch-interior.com\/de\/produkt\/vibe-topfe-grun-2er-set\/#breadcrumb"},"inLanguage":"de","potentialAction":[{"@type":"ReadAction","target":["https:\/\/hubsch-interior.com\/de\/produkt\/vibe-topfe-grun-2er-set\/"]}]},{"@type":"ImageObject","inLanguage":"de","@id":"https:\/\/hubsch-interior.com\/de\/produkt\/vibe-topfe-grun-2er-set\/#primaryimage","url":"https:\/\/hubsch-interior.com\/wp-content\/uploads\/2026\/02\/vibe-pots-green-set-of-2-f30e7b7710e53c0a4e9a4ecfafefe7dc.jpg","contentUrl":"https:\/\/hubsch-interior.com\/wp-content\/uploads\/2026\/02\/vibe-pots-green-set-of-2-f30e7b7710e53c0a4e9a4ecfafefe7dc.jpg","width":1024,"height":1024},{"@type":"BreadcrumbList","@id":"https:\/\/hubsch-interior.com\/de\/produkt\/vibe-topfe-grun-2er-set\/#breadcrumb","itemListElement":[{"@type":"ListItem","position":1,"name":"Startseite","item":"https:\/\/hubsch-interior.com\/de\/"},{"@type":"ListItem","position":2,"name":"Produkte","item":"https:\/\/hubsch-interior.com\/de\/shop-2\/"},{"@type":"ListItem","position":3,"name":"Wohnaccessoires","item":"https:\/\/hubsch-interior.com\/de\/produkt-kategorie\/wohnaccessoires\/"},{"@type":"ListItem","position":4,"name":"T&ouml;pfe &amp; Gie&szlig;kannen","item":"https:\/\/hubsch-interior.com\/de\/produkt-kategorie\/wohnaccessoires\/toepfe-giesskannen-de\/"},{"@type":"ListItem","position":5,"name":"Blument&ouml;pfe","item":"https:\/\/hubsch-interior.com\/de\/produkt-kategorie\/wohnaccessoires\/toepfe-giesskannen-de\/blumentoepfe-de\/"},{"@type":"ListItem","position":6,"name":"Vibe T\u00f6pfe Gr\u00fcn (2er Set)"}]},{"@type":"WebSite","@id":"https:\/\/hubsch-interior.com\/de\/#website","url":"https:\/\/hubsch-interior.com\/de\/","name":"H\u00fcbsch","description":"Danish Home Interior and Design","publisher":{"@id":"https:\/\/hubsch-interior.com\/de\/#organization"},"potentialAction":[{"@type":"SearchAction","target":{"@type":"EntryPoint","urlTemplate":"https:\/\/hubsch-interior.com\/de\/?s={search_term_string}"},"query-input":{"@type":"PropertyValueSpecification","valueRequired":true,"valueName":"search_term_string"}}],"inLanguage":"de"},{"@type":"Organization","@id":"https:\/\/hubsch-interior.com\/de\/#organization","name":"H\u00fcbsch","url":"https:\/\/hubsch-interior.com\/de\/","logo":{"@type":"ImageObject","inLanguage":"de","@id":"https:\/\/hubsch-interior.com\/de\/#\/schema\/logo\/image\/","url":"https:\/\/hubsch-interior.com\/wp-content\/uploads\/2022\/12\/Hubsch_logo_black_one_line.svg","contentUrl":"https:\/\/hubsch-interior.com\/wp-content\/uploads\/2022\/12\/Hubsch_logo_black_one_line.svg","caption":"H\u00fcbsch"},"image":{"@id":"https:\/\/hubsch-interior.com\/de\/#\/schema\/logo\/image\/"}}]}},"_links":{"self":[{"href":"https:\/\/hubsch-interior.com\/de\/wp-json\/wp\/v2\/product\/398537","targetHints":{"allow":["GET"]}}],"collection":[{"href":"https:\/\/hubsch-interior.com\/de\/wp-json\/wp\/v2\/product"}],"about":[{"href":"https:\/\/hubsch-interior.com\/de\/wp-json\/wp\/v2\/types\/product"}],"wp:featuredmedia":[{"embeddable":true,"href":"https:\/\/hubsch-interior.com\/de\/wp-json\/wp\/v2\/media\/1100853"}],"wp:attachment":[{"href":"https:\/\/hubsch-interior.com\/de\/wp-json\/wp\/v2\/media?parent=398537"}],"wp:term":[{"taxonomy":"product_brand","embeddable":true,"href":"https:\/\/hubsch-interior.com\/de\/wp-json\/wp\/v2\/product_brand?post=398537"},{"taxonomy":"product_cat","embeddable":true,"href":"https:\/\/hubsch-interior.com\/de\/wp-json\/wp\/v2\/product_cat?post=398537"},{"taxonomy":"product_tag","embeddable":true,"href":"https:\/\/hubsch-interior.com\/de\/wp-json\/wp\/v2\/product_tag?post=398537"}],"curies":[{"name":"wp","href":"https:\/\/api.w.org\/{rel}","templated":true}]}}