{"id":398553,"date":"2021-06-13T22:55:11","date_gmt":"2021-06-13T20:55:11","guid":{"rendered":"https:\/\/hubsch-interior.com\/shop-b2c\/product\/product\/"},"modified":"2026-04-05T04:49:05","modified_gmt":"2026-04-05T02:49:05","slug":"wave-schreibtisch-organizer-naturfarben","status":"publish","type":"product","link":"https:\/\/hubsch-interior.com\/de\/produkt\/wave-schreibtisch-organizer-naturfarben\/","title":{"rendered":"Wave Schreibtisch Organizer Naturfarben"},"content":{"rendered":"<p>Der Wave Schreibtisch Organizer Naturfarben ist die perfekte L\u00f6sung, um Ihren Schreibtisch aufger\u00e4umt und ordentlich zu halten. Er wurde aus FSC-zertifiziertem Eichenholz hergestellt und ist in einem sch\u00f6nen, nat\u00fcrlichen Naturfarbton gehalten. Dieser Organizer verf\u00fcgt \u00fcber vier F\u00e4cher, die es Ihnen erm\u00f6glichen, B\u00fcromaterialien, Notizb\u00fccher und vieles mehr zu verstauen. Er ist robust und langlebig und wird Ihnen viele Jahre Freude bereiten.<\/p>\n","protected":false},"excerpt":{"rendered":"<p>Der Wave Schreibtisch Organizer Naturfarben ist die perfekte L\u00f6sung, um Ihren Schreibtisch aufger\u00e4umt und ordentlich zu halten. Er wurde aus FSC-zertifiziertem Eichenholz hergestellt und ist in einem sch\u00f6nen, nat\u00fcrlichen Naturfarbton gehalten. Dieser Organizer verf\u00fcgt \u00fcber vier F\u00e4cher, die es Ihnen erm\u00f6glichen, B\u00fcromaterialien, Notizb\u00fccher und vieles mehr zu verstauen. Er ist robust und langlebig und wird [&hellip;]<\/p>\n","protected":false},"featured_media":1101874,"template":"","meta":{"_acf_changed":false,"inline_featured_image":false},"product_brand":[],"product_cat":[4155,4156,5027,6323],"product_tag":[],"class_list":{"0":"post-398553","1":"product","2":"type-product","3":"status-publish","4":"has-post-thumbnail","6":"product_cat-buero-de","7":"product_cat-bueroartikel-de","8":"product_cat-bestsellers-de","9":"product_cat-fsc-de","10":"product_shipping_class-pk","12":"pa_color-naturfarben-2","13":"pa_material-eichenholz","15":"first","16":"instock","17":"featured","18":"taxable","19":"shipping-taxable","20":"purchasable","21":"product-type-simple"},"exclude_global_add_ons":[],"addons":[],"acf":[],"yoast_head":"<!-- This site is optimized with the Yoast SEO plugin v26.4 - https:\/\/yoast.com\/wordpress\/plugins\/seo\/ -->\n<title>Wave Schreibtisch Organizer Naturfarben - H\u00fcbsch<\/title>\n<meta name=\"description\" content=\"Der Wave Schreibtisch Organizer Naturfarben ist die perfekte L\u00f6sung, um Ihren Schreibtisch aufger\u00e4umt und ordentlich zu halten. Er wurde aus\" \/>\n<meta name=\"robots\" content=\"index, follow, max-snippet:-1, max-image-preview:large, max-video-preview:-1\" \/>\n<link rel=\"canonical\" href=\"https:\/\/hubsch-interior.com\/de\/wp-json\/wp\/v2\/product\/398553\" \/>\n<meta property=\"og:locale\" content=\"de_DE\" \/>\n<meta property=\"og:type\" content=\"article\" \/>\n<meta property=\"og:title\" content=\"Wave Schreibtisch Organizer Naturfarben - H\u00fcbsch\" \/>\n<meta property=\"og:description\" content=\"Der Wave Schreibtisch Organizer Naturfarben ist die perfekte L\u00f6sung, um Ihren Schreibtisch aufger\u00e4umt und ordentlich zu halten. Er wurde aus\" \/>\n<meta property=\"og:url\" content=\"https:\/\/hubsch-interior.com\/de\/produkt\/wave-schreibtisch-organizer-naturfarben\/\" \/>\n<meta property=\"og:site_name\" content=\"H\u00fcbsch\" \/>\n<meta property=\"article:modified_time\" content=\"2026-04-05T02:49:05+00:00\" \/>\n<meta property=\"og:image\" content=\"https:\/\/hubsch-interior.com\/wp-content\/uploads\/2023\/08\/wave-desk-organiser-natural-8bf6ab1118d527b67fde0731b6c0ea73.jpg\" \/>\n\t<meta property=\"og:image:width\" content=\"1200\" \/>\n\t<meta property=\"og:image:height\" content=\"1200\" \/>\n\t<meta property=\"og:image:type\" content=\"image\/jpeg\" \/>\n<meta name=\"twitter:card\" content=\"summary_large_image\" \/>\n<script type=\"application\/ld+json\" class=\"yoast-schema-graph\">{\"@context\":\"https:\/\/schema.org\",\"@graph\":[{\"@type\":\"WebPage\",\"@id\":\"https:\/\/hubsch-interior.com\/de\/produkt\/wave-schreibtisch-organizer-naturfarben\/\",\"url\":\"https:\/\/hubsch-interior.com\/de\/produkt\/wave-schreibtisch-organizer-naturfarben\/\",\"name\":\"Wave Schreibtisch Organizer Naturfarben - H\u00fcbsch\",\"isPartOf\":{\"@id\":\"https:\/\/hubsch-interior.com\/de\/#website\"},\"primaryImageOfPage\":{\"@id\":\"https:\/\/hubsch-interior.com\/de\/produkt\/wave-schreibtisch-organizer-naturfarben\/#primaryimage\"},\"image\":{\"@id\":\"https:\/\/hubsch-interior.com\/de\/produkt\/wave-schreibtisch-organizer-naturfarben\/#primaryimage\"},\"thumbnailUrl\":\"https:\/\/hubsch-interior.com\/wp-content\/uploads\/2026\/02\/wave-desk-organiser-natural-31ca94e8a9bca36d8f2e3ab1e2f133fa.jpg\",\"datePublished\":\"2021-06-13T20:55:11+00:00\",\"dateModified\":\"2026-04-05T02:49:05+00:00\",\"description\":\"Der Wave Schreibtisch Organizer Naturfarben ist die perfekte L\u00f6sung, um Ihren Schreibtisch aufger\u00e4umt und ordentlich zu halten. Er wurde aus\",\"breadcrumb\":{\"@id\":\"https:\/\/hubsch-interior.com\/de\/produkt\/wave-schreibtisch-organizer-naturfarben\/#breadcrumb\"},\"inLanguage\":\"de\",\"potentialAction\":[{\"@type\":\"ReadAction\",\"target\":[\"https:\/\/hubsch-interior.com\/de\/produkt\/wave-schreibtisch-organizer-naturfarben\/\"]}]},{\"@type\":\"ImageObject\",\"inLanguage\":\"de\",\"@id\":\"https:\/\/hubsch-interior.com\/de\/produkt\/wave-schreibtisch-organizer-naturfarben\/#primaryimage\",\"url\":\"https:\/\/hubsch-interior.com\/wp-content\/uploads\/2026\/02\/wave-desk-organiser-natural-31ca94e8a9bca36d8f2e3ab1e2f133fa.jpg\",\"contentUrl\":\"https:\/\/hubsch-interior.com\/wp-content\/uploads\/2026\/02\/wave-desk-organiser-natural-31ca94e8a9bca36d8f2e3ab1e2f133fa.jpg\",\"width\":1024,\"height\":1024},{\"@type\":\"BreadcrumbList\",\"@id\":\"https:\/\/hubsch-interior.com\/de\/produkt\/wave-schreibtisch-organizer-naturfarben\/#breadcrumb\",\"itemListElement\":[{\"@type\":\"ListItem\",\"position\":1,\"name\":\"Startseite\",\"item\":\"https:\/\/hubsch-interior.com\/de\/\"},{\"@type\":\"ListItem\",\"position\":2,\"name\":\"Produkte\",\"item\":\"https:\/\/hubsch-interior.com\/de\/shop-2\/\"},{\"@type\":\"ListItem\",\"position\":3,\"name\":\"Wohnaccessoires\",\"item\":\"https:\/\/hubsch-interior.com\/de\/produkt-kategorie\/wohnaccessoires\/\"},{\"@type\":\"ListItem\",\"position\":4,\"name\":\"B&uuml;ro\",\"item\":\"https:\/\/hubsch-interior.com\/de\/produkt-kategorie\/wohnaccessoires\/buero-de\/\"},{\"@type\":\"ListItem\",\"position\":5,\"name\":\"B&uuml;roartikel\",\"item\":\"https:\/\/hubsch-interior.com\/de\/produkt-kategorie\/wohnaccessoires\/buero-de\/bueroartikel-de\/\"},{\"@type\":\"ListItem\",\"position\":6,\"name\":\"Wave Schreibtisch Organizer Naturfarben\"}]},{\"@type\":\"WebSite\",\"@id\":\"https:\/\/hubsch-interior.com\/de\/#website\",\"url\":\"https:\/\/hubsch-interior.com\/de\/\",\"name\":\"H\u00fcbsch\",\"description\":\"Danish Home Interior and Design\",\"publisher\":{\"@id\":\"https:\/\/hubsch-interior.com\/de\/#organization\"},\"potentialAction\":[{\"@type\":\"SearchAction\",\"target\":{\"@type\":\"EntryPoint\",\"urlTemplate\":\"https:\/\/hubsch-interior.com\/de\/?s={search_term_string}\"},\"query-input\":{\"@type\":\"PropertyValueSpecification\",\"valueRequired\":true,\"valueName\":\"search_term_string\"}}],\"inLanguage\":\"de\"},{\"@type\":\"Organization\",\"@id\":\"https:\/\/hubsch-interior.com\/de\/#organization\",\"name\":\"H\u00fcbsch\",\"url\":\"https:\/\/hubsch-interior.com\/de\/\",\"logo\":{\"@type\":\"ImageObject\",\"inLanguage\":\"de\",\"@id\":\"https:\/\/hubsch-interior.com\/de\/#\/schema\/logo\/image\/\",\"url\":\"https:\/\/hubsch-interior.com\/wp-content\/uploads\/2022\/12\/Hubsch_logo_black_one_line.svg\",\"contentUrl\":\"https:\/\/hubsch-interior.com\/wp-content\/uploads\/2022\/12\/Hubsch_logo_black_one_line.svg\",\"caption\":\"H\u00fcbsch\"},\"image\":{\"@id\":\"https:\/\/hubsch-interior.com\/de\/#\/schema\/logo\/image\/\"}}]}<\/script>\n<!-- \/ Yoast SEO plugin. -->","yoast_head_json":{"title":"Wave Schreibtisch Organizer Naturfarben - H\u00fcbsch","description":"Der Wave Schreibtisch Organizer Naturfarben ist die perfekte L\u00f6sung, um Ihren Schreibtisch aufger\u00e4umt und ordentlich zu halten. Er wurde aus","robots":{"index":"index","follow":"follow","max-snippet":"max-snippet:-1","max-image-preview":"max-image-preview:large","max-video-preview":"max-video-preview:-1"},"canonical":"https:\/\/hubsch-interior.com\/de\/wp-json\/wp\/v2\/product\/398553","og_locale":"de_DE","og_type":"article","og_title":"Wave Schreibtisch Organizer Naturfarben - H\u00fcbsch","og_description":"Der Wave Schreibtisch Organizer Naturfarben ist die perfekte L\u00f6sung, um Ihren Schreibtisch aufger\u00e4umt und ordentlich zu halten. Er wurde aus","og_url":"https:\/\/hubsch-interior.com\/de\/produkt\/wave-schreibtisch-organizer-naturfarben\/","og_site_name":"H\u00fcbsch","article_modified_time":"2026-04-05T02:49:05+00:00","og_image":[{"width":1200,"height":1200,"url":"https:\/\/hubsch-interior.com\/wp-content\/uploads\/2023\/08\/wave-desk-organiser-natural-8bf6ab1118d527b67fde0731b6c0ea73.jpg","type":"image\/jpeg"}],"twitter_card":"summary_large_image","schema":{"@context":"https:\/\/schema.org","@graph":[{"@type":"WebPage","@id":"https:\/\/hubsch-interior.com\/de\/produkt\/wave-schreibtisch-organizer-naturfarben\/","url":"https:\/\/hubsch-interior.com\/de\/produkt\/wave-schreibtisch-organizer-naturfarben\/","name":"Wave Schreibtisch Organizer Naturfarben - H\u00fcbsch","isPartOf":{"@id":"https:\/\/hubsch-interior.com\/de\/#website"},"primaryImageOfPage":{"@id":"https:\/\/hubsch-interior.com\/de\/produkt\/wave-schreibtisch-organizer-naturfarben\/#primaryimage"},"image":{"@id":"https:\/\/hubsch-interior.com\/de\/produkt\/wave-schreibtisch-organizer-naturfarben\/#primaryimage"},"thumbnailUrl":"https:\/\/hubsch-interior.com\/wp-content\/uploads\/2026\/02\/wave-desk-organiser-natural-31ca94e8a9bca36d8f2e3ab1e2f133fa.jpg","datePublished":"2021-06-13T20:55:11+00:00","dateModified":"2026-04-05T02:49:05+00:00","description":"Der Wave Schreibtisch Organizer Naturfarben ist die perfekte L\u00f6sung, um Ihren Schreibtisch aufger\u00e4umt und ordentlich zu halten. Er wurde aus","breadcrumb":{"@id":"https:\/\/hubsch-interior.com\/de\/produkt\/wave-schreibtisch-organizer-naturfarben\/#breadcrumb"},"inLanguage":"de","potentialAction":[{"@type":"ReadAction","target":["https:\/\/hubsch-interior.com\/de\/produkt\/wave-schreibtisch-organizer-naturfarben\/"]}]},{"@type":"ImageObject","inLanguage":"de","@id":"https:\/\/hubsch-interior.com\/de\/produkt\/wave-schreibtisch-organizer-naturfarben\/#primaryimage","url":"https:\/\/hubsch-interior.com\/wp-content\/uploads\/2026\/02\/wave-desk-organiser-natural-31ca94e8a9bca36d8f2e3ab1e2f133fa.jpg","contentUrl":"https:\/\/hubsch-interior.com\/wp-content\/uploads\/2026\/02\/wave-desk-organiser-natural-31ca94e8a9bca36d8f2e3ab1e2f133fa.jpg","width":1024,"height":1024},{"@type":"BreadcrumbList","@id":"https:\/\/hubsch-interior.com\/de\/produkt\/wave-schreibtisch-organizer-naturfarben\/#breadcrumb","itemListElement":[{"@type":"ListItem","position":1,"name":"Startseite","item":"https:\/\/hubsch-interior.com\/de\/"},{"@type":"ListItem","position":2,"name":"Produkte","item":"https:\/\/hubsch-interior.com\/de\/shop-2\/"},{"@type":"ListItem","position":3,"name":"Wohnaccessoires","item":"https:\/\/hubsch-interior.com\/de\/produkt-kategorie\/wohnaccessoires\/"},{"@type":"ListItem","position":4,"name":"B&uuml;ro","item":"https:\/\/hubsch-interior.com\/de\/produkt-kategorie\/wohnaccessoires\/buero-de\/"},{"@type":"ListItem","position":5,"name":"B&uuml;roartikel","item":"https:\/\/hubsch-interior.com\/de\/produkt-kategorie\/wohnaccessoires\/buero-de\/bueroartikel-de\/"},{"@type":"ListItem","position":6,"name":"Wave Schreibtisch Organizer Naturfarben"}]},{"@type":"WebSite","@id":"https:\/\/hubsch-interior.com\/de\/#website","url":"https:\/\/hubsch-interior.com\/de\/","name":"H\u00fcbsch","description":"Danish Home Interior and Design","publisher":{"@id":"https:\/\/hubsch-interior.com\/de\/#organization"},"potentialAction":[{"@type":"SearchAction","target":{"@type":"EntryPoint","urlTemplate":"https:\/\/hubsch-interior.com\/de\/?s={search_term_string}"},"query-input":{"@type":"PropertyValueSpecification","valueRequired":true,"valueName":"search_term_string"}}],"inLanguage":"de"},{"@type":"Organization","@id":"https:\/\/hubsch-interior.com\/de\/#organization","name":"H\u00fcbsch","url":"https:\/\/hubsch-interior.com\/de\/","logo":{"@type":"ImageObject","inLanguage":"de","@id":"https:\/\/hubsch-interior.com\/de\/#\/schema\/logo\/image\/","url":"https:\/\/hubsch-interior.com\/wp-content\/uploads\/2022\/12\/Hubsch_logo_black_one_line.svg","contentUrl":"https:\/\/hubsch-interior.com\/wp-content\/uploads\/2022\/12\/Hubsch_logo_black_one_line.svg","caption":"H\u00fcbsch"},"image":{"@id":"https:\/\/hubsch-interior.com\/de\/#\/schema\/logo\/image\/"}}]}},"_links":{"self":[{"href":"https:\/\/hubsch-interior.com\/de\/wp-json\/wp\/v2\/product\/398553","targetHints":{"allow":["GET"]}}],"collection":[{"href":"https:\/\/hubsch-interior.com\/de\/wp-json\/wp\/v2\/product"}],"about":[{"href":"https:\/\/hubsch-interior.com\/de\/wp-json\/wp\/v2\/types\/product"}],"wp:featuredmedia":[{"embeddable":true,"href":"https:\/\/hubsch-interior.com\/de\/wp-json\/wp\/v2\/media\/1101874"}],"wp:attachment":[{"href":"https:\/\/hubsch-interior.com\/de\/wp-json\/wp\/v2\/media?parent=398553"}],"wp:term":[{"taxonomy":"product_brand","embeddable":true,"href":"https:\/\/hubsch-interior.com\/de\/wp-json\/wp\/v2\/product_brand?post=398553"},{"taxonomy":"product_cat","embeddable":true,"href":"https:\/\/hubsch-interior.com\/de\/wp-json\/wp\/v2\/product_cat?post=398553"},{"taxonomy":"product_tag","embeddable":true,"href":"https:\/\/hubsch-interior.com\/de\/wp-json\/wp\/v2\/product_tag?post=398553"}],"curies":[{"name":"wp","href":"https:\/\/api.w.org\/{rel}","templated":true}]}}