{"id":398593,"date":"2021-06-13T22:57:40","date_gmt":"2021-06-13T20:57:40","guid":{"rendered":"https:\/\/hubsch-interior.com\/shop-b2c\/product\/product\/"},"modified":"2026-04-12T04:51:05","modified_gmt":"2026-04-12T02:51:05","slug":"herringbone-konsolentisch-schubladen-naturfarben","status":"publish","type":"product","link":"https:\/\/hubsch-interior.com\/de\/produkt\/herringbone-konsolentisch-schubladen-naturfarben\/","title":{"rendered":"Herringbone Konsolentisch Schubladen Naturfarben"},"content":{"rendered":"<p>Ein herzliches Willkommen zu Hause. Das ist es, was dieser sch\u00f6ne Konsolentisch aus Holz mit Fischgr\u00e4tenmuster Ihnen geben wird. Er ist der perfekte Aufbewahrungsort f\u00fcr Gegenst\u00e4nde wie Schl\u00fcssel, Sonnenbrillen oder Handschuhe im Flur. Drei ger\u00e4umige, leichtg\u00e4ngige Schubladen helfen Ihnen, Ihre Dinge zu organisieren und stilvoll aufzubewahren. Aus FSC\u00ae-zertifiziertem Holzfurnier gefertigt, ist dieses M\u00f6belst\u00fcck ein Evergreen im Flur.<\/p>\n","protected":false},"excerpt":{"rendered":"<p>Ein herzliches Willkommen zu Hause. Das ist es, was dieser sch\u00f6ne Konsolentisch aus Holz mit Fischgr\u00e4tenmuster Ihnen geben wird. Er ist der perfekte Aufbewahrungsort f\u00fcr Gegenst\u00e4nde wie Schl\u00fcssel, Sonnenbrillen oder Handschuhe im Flur. Drei ger\u00e4umige, leichtg\u00e4ngige Schubladen helfen Ihnen, Ihre Dinge zu organisieren und stilvoll aufzubewahren. Aus FSC\u00ae-zertifiziertem Holzfurnier gefertigt, ist dieses M\u00f6belst\u00fcck ein Evergreen [&hellip;]<\/p>\n","protected":false},"featured_media":1102644,"template":"","meta":{"_acf_changed":false,"inline_featured_image":false},"product_brand":[],"product_cat":[2861,2862,5027],"product_tag":[],"class_list":{"0":"post-398593","1":"product","2":"type-product","3":"status-publish","4":"has-post-thumbnail","6":"product_cat-tische-de","7":"product_cat-konsole-de","8":"product_cat-bestsellers-de","9":"product_shipping_class-p05","11":"pa_color-naturfarben-2","12":"pa_material-mdf-de","13":"pa_material-eichenfurnier","14":"pa_material-eichenholz","16":"first","17":"outofstock","18":"featured","19":"taxable","20":"shipping-taxable","21":"purchasable","22":"product-type-simple"},"exclude_global_add_ons":[],"addons":[],"acf":[],"yoast_head":"<!-- This site is optimized with the Yoast SEO plugin v26.4 - https:\/\/yoast.com\/wordpress\/plugins\/seo\/ -->\n<title>Herringbone Konsolentisch Schubladen Naturfarben - H\u00fcbsch<\/title>\n<meta name=\"description\" content=\"Ein herzliches Willkommen zu Hause. Das ist es, was dieser sch\u00f6ne Konsolentisch aus Holz mit Fischgr\u00e4tenmuster Ihnen geben wird. Er ist der perfekte\" \/>\n<meta name=\"robots\" content=\"index, follow, max-snippet:-1, max-image-preview:large, max-video-preview:-1\" \/>\n<link rel=\"canonical\" href=\"https:\/\/hubsch-interior.com\/de\/wp-json\/wp\/v2\/product\/398593\" \/>\n<meta property=\"og:locale\" content=\"de_DE\" \/>\n<meta property=\"og:type\" content=\"article\" \/>\n<meta property=\"og:title\" content=\"Herringbone Konsolentisch Schubladen Naturfarben - H\u00fcbsch\" \/>\n<meta property=\"og:description\" content=\"Ein herzliches Willkommen zu Hause. Das ist es, was dieser sch\u00f6ne Konsolentisch aus Holz mit Fischgr\u00e4tenmuster Ihnen geben wird. Er ist der perfekte\" \/>\n<meta property=\"og:url\" content=\"https:\/\/hubsch-interior.com\/de\/produkt\/herringbone-konsolentisch-schubladen-naturfarben\/\" \/>\n<meta property=\"og:site_name\" content=\"H\u00fcbsch\" \/>\n<meta property=\"article:modified_time\" content=\"2026-04-12T02:51:05+00:00\" \/>\n<meta property=\"og:image\" content=\"https:\/\/hubsch-interior.com\/wp-content\/uploads\/2023\/08\/herringbone-console-table-drawers-natural-27d66a7b453e8b345513a3b468ca6d3c.jpg\" \/>\n\t<meta property=\"og:image:width\" content=\"1200\" \/>\n\t<meta property=\"og:image:height\" content=\"1200\" \/>\n\t<meta property=\"og:image:type\" content=\"image\/jpeg\" \/>\n<meta name=\"twitter:card\" content=\"summary_large_image\" \/>\n<script type=\"application\/ld+json\" class=\"yoast-schema-graph\">{\"@context\":\"https:\/\/schema.org\",\"@graph\":[{\"@type\":\"WebPage\",\"@id\":\"https:\/\/hubsch-interior.com\/de\/produkt\/herringbone-konsolentisch-schubladen-naturfarben\/\",\"url\":\"https:\/\/hubsch-interior.com\/de\/produkt\/herringbone-konsolentisch-schubladen-naturfarben\/\",\"name\":\"Herringbone Konsolentisch Schubladen Naturfarben - H\u00fcbsch\",\"isPartOf\":{\"@id\":\"https:\/\/hubsch-interior.com\/de\/#website\"},\"primaryImageOfPage\":{\"@id\":\"https:\/\/hubsch-interior.com\/de\/produkt\/herringbone-konsolentisch-schubladen-naturfarben\/#primaryimage\"},\"image\":{\"@id\":\"https:\/\/hubsch-interior.com\/de\/produkt\/herringbone-konsolentisch-schubladen-naturfarben\/#primaryimage\"},\"thumbnailUrl\":\"https:\/\/hubsch-interior.com\/wp-content\/uploads\/2026\/02\/herringbone-console-table-drawers-natural-dcdadf260930d322feb83ef585cacc9b.jpg\",\"datePublished\":\"2021-06-13T20:57:40+00:00\",\"dateModified\":\"2026-04-12T02:51:05+00:00\",\"description\":\"Ein herzliches Willkommen zu Hause. Das ist es, was dieser sch\u00f6ne Konsolentisch aus Holz mit Fischgr\u00e4tenmuster Ihnen geben wird. Er ist der perfekte\",\"breadcrumb\":{\"@id\":\"https:\/\/hubsch-interior.com\/de\/produkt\/herringbone-konsolentisch-schubladen-naturfarben\/#breadcrumb\"},\"inLanguage\":\"de\",\"potentialAction\":[{\"@type\":\"ReadAction\",\"target\":[\"https:\/\/hubsch-interior.com\/de\/produkt\/herringbone-konsolentisch-schubladen-naturfarben\/\"]}]},{\"@type\":\"ImageObject\",\"inLanguage\":\"de\",\"@id\":\"https:\/\/hubsch-interior.com\/de\/produkt\/herringbone-konsolentisch-schubladen-naturfarben\/#primaryimage\",\"url\":\"https:\/\/hubsch-interior.com\/wp-content\/uploads\/2026\/02\/herringbone-console-table-drawers-natural-dcdadf260930d322feb83ef585cacc9b.jpg\",\"contentUrl\":\"https:\/\/hubsch-interior.com\/wp-content\/uploads\/2026\/02\/herringbone-console-table-drawers-natural-dcdadf260930d322feb83ef585cacc9b.jpg\",\"width\":1024,\"height\":1024},{\"@type\":\"BreadcrumbList\",\"@id\":\"https:\/\/hubsch-interior.com\/de\/produkt\/herringbone-konsolentisch-schubladen-naturfarben\/#breadcrumb\",\"itemListElement\":[{\"@type\":\"ListItem\",\"position\":1,\"name\":\"Startseite\",\"item\":\"https:\/\/hubsch-interior.com\/de\/\"},{\"@type\":\"ListItem\",\"position\":2,\"name\":\"Produkte\",\"item\":\"https:\/\/hubsch-interior.com\/de\/shop-2\/\"},{\"@type\":\"ListItem\",\"position\":3,\"name\":\"M\u00f6bel\",\"item\":\"https:\/\/hubsch-interior.com\/de\/produkt-kategorie\/moebel\/\"},{\"@type\":\"ListItem\",\"position\":4,\"name\":\"Tische\",\"item\":\"https:\/\/hubsch-interior.com\/de\/produkt-kategorie\/moebel\/tische-de\/\"},{\"@type\":\"ListItem\",\"position\":5,\"name\":\"Konsole\",\"item\":\"https:\/\/hubsch-interior.com\/de\/produkt-kategorie\/moebel\/tische-de\/konsole-de\/\"},{\"@type\":\"ListItem\",\"position\":6,\"name\":\"Herringbone Konsolentisch Schubladen Naturfarben\"}]},{\"@type\":\"WebSite\",\"@id\":\"https:\/\/hubsch-interior.com\/de\/#website\",\"url\":\"https:\/\/hubsch-interior.com\/de\/\",\"name\":\"H\u00fcbsch\",\"description\":\"Danish Home Interior and Design\",\"publisher\":{\"@id\":\"https:\/\/hubsch-interior.com\/de\/#organization\"},\"potentialAction\":[{\"@type\":\"SearchAction\",\"target\":{\"@type\":\"EntryPoint\",\"urlTemplate\":\"https:\/\/hubsch-interior.com\/de\/?s={search_term_string}\"},\"query-input\":{\"@type\":\"PropertyValueSpecification\",\"valueRequired\":true,\"valueName\":\"search_term_string\"}}],\"inLanguage\":\"de\"},{\"@type\":\"Organization\",\"@id\":\"https:\/\/hubsch-interior.com\/de\/#organization\",\"name\":\"H\u00fcbsch\",\"url\":\"https:\/\/hubsch-interior.com\/de\/\",\"logo\":{\"@type\":\"ImageObject\",\"inLanguage\":\"de\",\"@id\":\"https:\/\/hubsch-interior.com\/de\/#\/schema\/logo\/image\/\",\"url\":\"https:\/\/hubsch-interior.com\/wp-content\/uploads\/2022\/12\/Hubsch_logo_black_one_line.svg\",\"contentUrl\":\"https:\/\/hubsch-interior.com\/wp-content\/uploads\/2022\/12\/Hubsch_logo_black_one_line.svg\",\"caption\":\"H\u00fcbsch\"},\"image\":{\"@id\":\"https:\/\/hubsch-interior.com\/de\/#\/schema\/logo\/image\/\"}}]}<\/script>\n<!-- \/ Yoast SEO plugin. -->","yoast_head_json":{"title":"Herringbone Konsolentisch Schubladen Naturfarben - H\u00fcbsch","description":"Ein herzliches Willkommen zu Hause. Das ist es, was dieser sch\u00f6ne Konsolentisch aus Holz mit Fischgr\u00e4tenmuster Ihnen geben wird. Er ist der perfekte","robots":{"index":"index","follow":"follow","max-snippet":"max-snippet:-1","max-image-preview":"max-image-preview:large","max-video-preview":"max-video-preview:-1"},"canonical":"https:\/\/hubsch-interior.com\/de\/wp-json\/wp\/v2\/product\/398593","og_locale":"de_DE","og_type":"article","og_title":"Herringbone Konsolentisch Schubladen Naturfarben - H\u00fcbsch","og_description":"Ein herzliches Willkommen zu Hause. Das ist es, was dieser sch\u00f6ne Konsolentisch aus Holz mit Fischgr\u00e4tenmuster Ihnen geben wird. Er ist der perfekte","og_url":"https:\/\/hubsch-interior.com\/de\/produkt\/herringbone-konsolentisch-schubladen-naturfarben\/","og_site_name":"H\u00fcbsch","article_modified_time":"2026-04-12T02:51:05+00:00","og_image":[{"width":1200,"height":1200,"url":"https:\/\/hubsch-interior.com\/wp-content\/uploads\/2023\/08\/herringbone-console-table-drawers-natural-27d66a7b453e8b345513a3b468ca6d3c.jpg","type":"image\/jpeg"}],"twitter_card":"summary_large_image","schema":{"@context":"https:\/\/schema.org","@graph":[{"@type":"WebPage","@id":"https:\/\/hubsch-interior.com\/de\/produkt\/herringbone-konsolentisch-schubladen-naturfarben\/","url":"https:\/\/hubsch-interior.com\/de\/produkt\/herringbone-konsolentisch-schubladen-naturfarben\/","name":"Herringbone Konsolentisch Schubladen Naturfarben - H\u00fcbsch","isPartOf":{"@id":"https:\/\/hubsch-interior.com\/de\/#website"},"primaryImageOfPage":{"@id":"https:\/\/hubsch-interior.com\/de\/produkt\/herringbone-konsolentisch-schubladen-naturfarben\/#primaryimage"},"image":{"@id":"https:\/\/hubsch-interior.com\/de\/produkt\/herringbone-konsolentisch-schubladen-naturfarben\/#primaryimage"},"thumbnailUrl":"https:\/\/hubsch-interior.com\/wp-content\/uploads\/2026\/02\/herringbone-console-table-drawers-natural-dcdadf260930d322feb83ef585cacc9b.jpg","datePublished":"2021-06-13T20:57:40+00:00","dateModified":"2026-04-12T02:51:05+00:00","description":"Ein herzliches Willkommen zu Hause. Das ist es, was dieser sch\u00f6ne Konsolentisch aus Holz mit Fischgr\u00e4tenmuster Ihnen geben wird. Er ist der perfekte","breadcrumb":{"@id":"https:\/\/hubsch-interior.com\/de\/produkt\/herringbone-konsolentisch-schubladen-naturfarben\/#breadcrumb"},"inLanguage":"de","potentialAction":[{"@type":"ReadAction","target":["https:\/\/hubsch-interior.com\/de\/produkt\/herringbone-konsolentisch-schubladen-naturfarben\/"]}]},{"@type":"ImageObject","inLanguage":"de","@id":"https:\/\/hubsch-interior.com\/de\/produkt\/herringbone-konsolentisch-schubladen-naturfarben\/#primaryimage","url":"https:\/\/hubsch-interior.com\/wp-content\/uploads\/2026\/02\/herringbone-console-table-drawers-natural-dcdadf260930d322feb83ef585cacc9b.jpg","contentUrl":"https:\/\/hubsch-interior.com\/wp-content\/uploads\/2026\/02\/herringbone-console-table-drawers-natural-dcdadf260930d322feb83ef585cacc9b.jpg","width":1024,"height":1024},{"@type":"BreadcrumbList","@id":"https:\/\/hubsch-interior.com\/de\/produkt\/herringbone-konsolentisch-schubladen-naturfarben\/#breadcrumb","itemListElement":[{"@type":"ListItem","position":1,"name":"Startseite","item":"https:\/\/hubsch-interior.com\/de\/"},{"@type":"ListItem","position":2,"name":"Produkte","item":"https:\/\/hubsch-interior.com\/de\/shop-2\/"},{"@type":"ListItem","position":3,"name":"M\u00f6bel","item":"https:\/\/hubsch-interior.com\/de\/produkt-kategorie\/moebel\/"},{"@type":"ListItem","position":4,"name":"Tische","item":"https:\/\/hubsch-interior.com\/de\/produkt-kategorie\/moebel\/tische-de\/"},{"@type":"ListItem","position":5,"name":"Konsole","item":"https:\/\/hubsch-interior.com\/de\/produkt-kategorie\/moebel\/tische-de\/konsole-de\/"},{"@type":"ListItem","position":6,"name":"Herringbone Konsolentisch Schubladen Naturfarben"}]},{"@type":"WebSite","@id":"https:\/\/hubsch-interior.com\/de\/#website","url":"https:\/\/hubsch-interior.com\/de\/","name":"H\u00fcbsch","description":"Danish Home Interior and Design","publisher":{"@id":"https:\/\/hubsch-interior.com\/de\/#organization"},"potentialAction":[{"@type":"SearchAction","target":{"@type":"EntryPoint","urlTemplate":"https:\/\/hubsch-interior.com\/de\/?s={search_term_string}"},"query-input":{"@type":"PropertyValueSpecification","valueRequired":true,"valueName":"search_term_string"}}],"inLanguage":"de"},{"@type":"Organization","@id":"https:\/\/hubsch-interior.com\/de\/#organization","name":"H\u00fcbsch","url":"https:\/\/hubsch-interior.com\/de\/","logo":{"@type":"ImageObject","inLanguage":"de","@id":"https:\/\/hubsch-interior.com\/de\/#\/schema\/logo\/image\/","url":"https:\/\/hubsch-interior.com\/wp-content\/uploads\/2022\/12\/Hubsch_logo_black_one_line.svg","contentUrl":"https:\/\/hubsch-interior.com\/wp-content\/uploads\/2022\/12\/Hubsch_logo_black_one_line.svg","caption":"H\u00fcbsch"},"image":{"@id":"https:\/\/hubsch-interior.com\/de\/#\/schema\/logo\/image\/"}}]}},"_links":{"self":[{"href":"https:\/\/hubsch-interior.com\/de\/wp-json\/wp\/v2\/product\/398593","targetHints":{"allow":["GET"]}}],"collection":[{"href":"https:\/\/hubsch-interior.com\/de\/wp-json\/wp\/v2\/product"}],"about":[{"href":"https:\/\/hubsch-interior.com\/de\/wp-json\/wp\/v2\/types\/product"}],"wp:featuredmedia":[{"embeddable":true,"href":"https:\/\/hubsch-interior.com\/de\/wp-json\/wp\/v2\/media\/1102644"}],"wp:attachment":[{"href":"https:\/\/hubsch-interior.com\/de\/wp-json\/wp\/v2\/media?parent=398593"}],"wp:term":[{"taxonomy":"product_brand","embeddable":true,"href":"https:\/\/hubsch-interior.com\/de\/wp-json\/wp\/v2\/product_brand?post=398593"},{"taxonomy":"product_cat","embeddable":true,"href":"https:\/\/hubsch-interior.com\/de\/wp-json\/wp\/v2\/product_cat?post=398593"},{"taxonomy":"product_tag","embeddable":true,"href":"https:\/\/hubsch-interior.com\/de\/wp-json\/wp\/v2\/product_tag?post=398593"}],"curies":[{"name":"wp","href":"https:\/\/api.w.org\/{rel}","templated":true}]}}