{"id":398657,"date":"2021-06-13T23:07:58","date_gmt":"2021-06-13T21:07:58","guid":{"rendered":"https:\/\/hubsch-interior.com\/shop-b2c\/product\/product\/"},"modified":"2026-04-09T05:15:32","modified_gmt":"2026-04-09T03:15:32","slug":"embrace-untersetzer-schwarz-3er-set","status":"publish","type":"product","link":"https:\/\/hubsch-interior.com\/de\/produkt\/embrace-untersetzer-schwarz-3er-set\/","title":{"rendered":"Embrace Untersetzer Schwarz (3er Set)"},"content":{"rendered":"<p>Wenn Sie in Ihrem Wohnzimmer auf gro\u00dfe, sch\u00f6ne Pflanzen setzen \u2013 nat\u00fcrlich tun Sie das \u2013 werden diese schwarzen Metall-Pflanzenuntersetzer Ihren Boden vor Wasserflecken sch\u00fctzen und Ihren Blumentopf dekorativ in Szene setzen. Holen Sie sich also die Natur ins Haus und pflanzen Sie drauf los. Sie m\u00fcssen sich keine Sorgen um Ihren Fu\u00dfboden machen, wenn Sie Ihren Blumentopf mit einem Untersetzer kombinieren.<\/p>\n","protected":false},"excerpt":{"rendered":"<p>Wenn Sie in Ihrem Wohnzimmer auf gro\u00dfe, sch\u00f6ne Pflanzen setzen \u2013 nat\u00fcrlich tun Sie das \u2013 werden diese schwarzen Metall-Pflanzenuntersetzer Ihren Boden vor Wasserflecken sch\u00fctzen und Ihren Blumentopf dekorativ in Szene setzen. Holen Sie sich also die Natur ins Haus und pflanzen Sie drauf los. Sie m\u00fcssen sich keine Sorgen um Ihren Fu\u00dfboden machen, wenn [&hellip;]<\/p>\n","protected":false},"featured_media":1109736,"template":"","meta":{"_acf_changed":false,"inline_featured_image":false},"product_brand":[],"product_cat":[4925,4055,4916,4056],"product_tag":[],"class_list":{"0":"post-398657","1":"product","2":"type-product","3":"status-publish","4":"has-post-thumbnail","6":"product_cat-blumentoepfe-de","7":"product_cat-kuechenzubehoer-de","8":"product_cat-toepfe-giesskannen-de","9":"product_cat-tabletts-de","10":"product_shipping_class-pk","12":"pa_color-schwarz","13":"pa_material-eisen-de","15":"first","16":"instock","17":"taxable","18":"shipping-taxable","19":"purchasable","20":"product-type-simple"},"exclude_global_add_ons":[],"addons":[],"acf":[],"yoast_head":"<!-- This site is optimized with the Yoast SEO plugin v26.4 - https:\/\/yoast.com\/wordpress\/plugins\/seo\/ -->\n<title>Embrace Untersetzer Schwarz (3er Set) - H\u00fcbsch<\/title>\n<meta name=\"description\" content=\"Wenn Sie in Ihrem Wohnzimmer auf gro\u00dfe, sch\u00f6ne Pflanzen setzen \u2013 nat\u00fcrlich tun Sie das \u2013 werden diese schwarzen Metall-Pflanzenuntersetzer Ihren Boden vor\" \/>\n<meta name=\"robots\" content=\"index, follow, max-snippet:-1, max-image-preview:large, max-video-preview:-1\" \/>\n<link rel=\"canonical\" href=\"https:\/\/hubsch-interior.com\/de\/wp-json\/wp\/v2\/product\/398657\" \/>\n<meta property=\"og:locale\" content=\"de_DE\" \/>\n<meta property=\"og:type\" content=\"article\" \/>\n<meta property=\"og:title\" content=\"Embrace Untersetzer Schwarz (3er Set) - H\u00fcbsch\" \/>\n<meta property=\"og:description\" content=\"Wenn Sie in Ihrem Wohnzimmer auf gro\u00dfe, sch\u00f6ne Pflanzen setzen \u2013 nat\u00fcrlich tun Sie das \u2013 werden diese schwarzen Metall-Pflanzenuntersetzer Ihren Boden vor\" \/>\n<meta property=\"og:url\" content=\"https:\/\/hubsch-interior.com\/de\/produkt\/embrace-untersetzer-schwarz-3er-set\/\" \/>\n<meta property=\"og:site_name\" content=\"H\u00fcbsch\" \/>\n<meta property=\"article:modified_time\" content=\"2026-04-09T03:15:32+00:00\" \/>\n<meta property=\"og:image\" content=\"https:\/\/hubsch-interior.com\/wp-content\/uploads\/2024\/01\/embrace-saucers-black-set-of-3-5522a2b68acedc9de87975f42e0257a7.jpg\" \/>\n\t<meta property=\"og:image:width\" content=\"1200\" \/>\n\t<meta property=\"og:image:height\" content=\"1200\" \/>\n\t<meta property=\"og:image:type\" content=\"image\/jpeg\" \/>\n<meta name=\"twitter:card\" content=\"summary_large_image\" \/>\n<script type=\"application\/ld+json\" class=\"yoast-schema-graph\">{\"@context\":\"https:\/\/schema.org\",\"@graph\":[{\"@type\":\"WebPage\",\"@id\":\"https:\/\/hubsch-interior.com\/de\/produkt\/embrace-untersetzer-schwarz-3er-set\/\",\"url\":\"https:\/\/hubsch-interior.com\/de\/produkt\/embrace-untersetzer-schwarz-3er-set\/\",\"name\":\"Embrace Untersetzer Schwarz (3er Set) - H\u00fcbsch\",\"isPartOf\":{\"@id\":\"https:\/\/hubsch-interior.com\/de\/#website\"},\"primaryImageOfPage\":{\"@id\":\"https:\/\/hubsch-interior.com\/de\/produkt\/embrace-untersetzer-schwarz-3er-set\/#primaryimage\"},\"image\":{\"@id\":\"https:\/\/hubsch-interior.com\/de\/produkt\/embrace-untersetzer-schwarz-3er-set\/#primaryimage\"},\"thumbnailUrl\":\"https:\/\/hubsch-interior.com\/wp-content\/uploads\/2026\/02\/embrace-saucers-black-set-of-3-162a47c6a2cf95c83df2f02ede6bdbe5.jpg\",\"datePublished\":\"2021-06-13T21:07:58+00:00\",\"dateModified\":\"2026-04-09T03:15:32+00:00\",\"description\":\"Wenn Sie in Ihrem Wohnzimmer auf gro\u00dfe, sch\u00f6ne Pflanzen setzen \u2013 nat\u00fcrlich tun Sie das \u2013 werden diese schwarzen Metall-Pflanzenuntersetzer Ihren Boden vor\",\"breadcrumb\":{\"@id\":\"https:\/\/hubsch-interior.com\/de\/produkt\/embrace-untersetzer-schwarz-3er-set\/#breadcrumb\"},\"inLanguage\":\"de\",\"potentialAction\":[{\"@type\":\"ReadAction\",\"target\":[\"https:\/\/hubsch-interior.com\/de\/produkt\/embrace-untersetzer-schwarz-3er-set\/\"]}]},{\"@type\":\"ImageObject\",\"inLanguage\":\"de\",\"@id\":\"https:\/\/hubsch-interior.com\/de\/produkt\/embrace-untersetzer-schwarz-3er-set\/#primaryimage\",\"url\":\"https:\/\/hubsch-interior.com\/wp-content\/uploads\/2026\/02\/embrace-saucers-black-set-of-3-162a47c6a2cf95c83df2f02ede6bdbe5.jpg\",\"contentUrl\":\"https:\/\/hubsch-interior.com\/wp-content\/uploads\/2026\/02\/embrace-saucers-black-set-of-3-162a47c6a2cf95c83df2f02ede6bdbe5.jpg\",\"width\":1024,\"height\":1024},{\"@type\":\"BreadcrumbList\",\"@id\":\"https:\/\/hubsch-interior.com\/de\/produkt\/embrace-untersetzer-schwarz-3er-set\/#breadcrumb\",\"itemListElement\":[{\"@type\":\"ListItem\",\"position\":1,\"name\":\"Startseite\",\"item\":\"https:\/\/hubsch-interior.com\/de\/\"},{\"@type\":\"ListItem\",\"position\":2,\"name\":\"Produkte\",\"item\":\"https:\/\/hubsch-interior.com\/de\/shop-2\/\"},{\"@type\":\"ListItem\",\"position\":3,\"name\":\"Wohnaccessoires\",\"item\":\"https:\/\/hubsch-interior.com\/de\/produkt-kategorie\/wohnaccessoires\/\"},{\"@type\":\"ListItem\",\"position\":4,\"name\":\"K&uuml;chenzubeh&ouml;r\",\"item\":\"https:\/\/hubsch-interior.com\/de\/produkt-kategorie\/wohnaccessoires\/kuechenzubehoer-de\/\"},{\"@type\":\"ListItem\",\"position\":5,\"name\":\"Tabletts\",\"item\":\"https:\/\/hubsch-interior.com\/de\/produkt-kategorie\/wohnaccessoires\/kuechenzubehoer-de\/tabletts-de\/\"},{\"@type\":\"ListItem\",\"position\":6,\"name\":\"Embrace Untersetzer Schwarz (3er Set)\"}]},{\"@type\":\"WebSite\",\"@id\":\"https:\/\/hubsch-interior.com\/de\/#website\",\"url\":\"https:\/\/hubsch-interior.com\/de\/\",\"name\":\"H\u00fcbsch\",\"description\":\"Danish Home Interior and Design\",\"publisher\":{\"@id\":\"https:\/\/hubsch-interior.com\/de\/#organization\"},\"potentialAction\":[{\"@type\":\"SearchAction\",\"target\":{\"@type\":\"EntryPoint\",\"urlTemplate\":\"https:\/\/hubsch-interior.com\/de\/?s={search_term_string}\"},\"query-input\":{\"@type\":\"PropertyValueSpecification\",\"valueRequired\":true,\"valueName\":\"search_term_string\"}}],\"inLanguage\":\"de\"},{\"@type\":\"Organization\",\"@id\":\"https:\/\/hubsch-interior.com\/de\/#organization\",\"name\":\"H\u00fcbsch\",\"url\":\"https:\/\/hubsch-interior.com\/de\/\",\"logo\":{\"@type\":\"ImageObject\",\"inLanguage\":\"de\",\"@id\":\"https:\/\/hubsch-interior.com\/de\/#\/schema\/logo\/image\/\",\"url\":\"https:\/\/hubsch-interior.com\/wp-content\/uploads\/2022\/12\/Hubsch_logo_black_one_line.svg\",\"contentUrl\":\"https:\/\/hubsch-interior.com\/wp-content\/uploads\/2022\/12\/Hubsch_logo_black_one_line.svg\",\"caption\":\"H\u00fcbsch\"},\"image\":{\"@id\":\"https:\/\/hubsch-interior.com\/de\/#\/schema\/logo\/image\/\"}}]}<\/script>\n<!-- \/ Yoast SEO plugin. -->","yoast_head_json":{"title":"Embrace Untersetzer Schwarz (3er Set) - H\u00fcbsch","description":"Wenn Sie in Ihrem Wohnzimmer auf gro\u00dfe, sch\u00f6ne Pflanzen setzen \u2013 nat\u00fcrlich tun Sie das \u2013 werden diese schwarzen Metall-Pflanzenuntersetzer Ihren Boden vor","robots":{"index":"index","follow":"follow","max-snippet":"max-snippet:-1","max-image-preview":"max-image-preview:large","max-video-preview":"max-video-preview:-1"},"canonical":"https:\/\/hubsch-interior.com\/de\/wp-json\/wp\/v2\/product\/398657","og_locale":"de_DE","og_type":"article","og_title":"Embrace Untersetzer Schwarz (3er Set) - H\u00fcbsch","og_description":"Wenn Sie in Ihrem Wohnzimmer auf gro\u00dfe, sch\u00f6ne Pflanzen setzen \u2013 nat\u00fcrlich tun Sie das \u2013 werden diese schwarzen Metall-Pflanzenuntersetzer Ihren Boden vor","og_url":"https:\/\/hubsch-interior.com\/de\/produkt\/embrace-untersetzer-schwarz-3er-set\/","og_site_name":"H\u00fcbsch","article_modified_time":"2026-04-09T03:15:32+00:00","og_image":[{"width":1200,"height":1200,"url":"https:\/\/hubsch-interior.com\/wp-content\/uploads\/2024\/01\/embrace-saucers-black-set-of-3-5522a2b68acedc9de87975f42e0257a7.jpg","type":"image\/jpeg"}],"twitter_card":"summary_large_image","schema":{"@context":"https:\/\/schema.org","@graph":[{"@type":"WebPage","@id":"https:\/\/hubsch-interior.com\/de\/produkt\/embrace-untersetzer-schwarz-3er-set\/","url":"https:\/\/hubsch-interior.com\/de\/produkt\/embrace-untersetzer-schwarz-3er-set\/","name":"Embrace Untersetzer Schwarz (3er Set) - H\u00fcbsch","isPartOf":{"@id":"https:\/\/hubsch-interior.com\/de\/#website"},"primaryImageOfPage":{"@id":"https:\/\/hubsch-interior.com\/de\/produkt\/embrace-untersetzer-schwarz-3er-set\/#primaryimage"},"image":{"@id":"https:\/\/hubsch-interior.com\/de\/produkt\/embrace-untersetzer-schwarz-3er-set\/#primaryimage"},"thumbnailUrl":"https:\/\/hubsch-interior.com\/wp-content\/uploads\/2026\/02\/embrace-saucers-black-set-of-3-162a47c6a2cf95c83df2f02ede6bdbe5.jpg","datePublished":"2021-06-13T21:07:58+00:00","dateModified":"2026-04-09T03:15:32+00:00","description":"Wenn Sie in Ihrem Wohnzimmer auf gro\u00dfe, sch\u00f6ne Pflanzen setzen \u2013 nat\u00fcrlich tun Sie das \u2013 werden diese schwarzen Metall-Pflanzenuntersetzer Ihren Boden vor","breadcrumb":{"@id":"https:\/\/hubsch-interior.com\/de\/produkt\/embrace-untersetzer-schwarz-3er-set\/#breadcrumb"},"inLanguage":"de","potentialAction":[{"@type":"ReadAction","target":["https:\/\/hubsch-interior.com\/de\/produkt\/embrace-untersetzer-schwarz-3er-set\/"]}]},{"@type":"ImageObject","inLanguage":"de","@id":"https:\/\/hubsch-interior.com\/de\/produkt\/embrace-untersetzer-schwarz-3er-set\/#primaryimage","url":"https:\/\/hubsch-interior.com\/wp-content\/uploads\/2026\/02\/embrace-saucers-black-set-of-3-162a47c6a2cf95c83df2f02ede6bdbe5.jpg","contentUrl":"https:\/\/hubsch-interior.com\/wp-content\/uploads\/2026\/02\/embrace-saucers-black-set-of-3-162a47c6a2cf95c83df2f02ede6bdbe5.jpg","width":1024,"height":1024},{"@type":"BreadcrumbList","@id":"https:\/\/hubsch-interior.com\/de\/produkt\/embrace-untersetzer-schwarz-3er-set\/#breadcrumb","itemListElement":[{"@type":"ListItem","position":1,"name":"Startseite","item":"https:\/\/hubsch-interior.com\/de\/"},{"@type":"ListItem","position":2,"name":"Produkte","item":"https:\/\/hubsch-interior.com\/de\/shop-2\/"},{"@type":"ListItem","position":3,"name":"Wohnaccessoires","item":"https:\/\/hubsch-interior.com\/de\/produkt-kategorie\/wohnaccessoires\/"},{"@type":"ListItem","position":4,"name":"K&uuml;chenzubeh&ouml;r","item":"https:\/\/hubsch-interior.com\/de\/produkt-kategorie\/wohnaccessoires\/kuechenzubehoer-de\/"},{"@type":"ListItem","position":5,"name":"Tabletts","item":"https:\/\/hubsch-interior.com\/de\/produkt-kategorie\/wohnaccessoires\/kuechenzubehoer-de\/tabletts-de\/"},{"@type":"ListItem","position":6,"name":"Embrace Untersetzer Schwarz (3er Set)"}]},{"@type":"WebSite","@id":"https:\/\/hubsch-interior.com\/de\/#website","url":"https:\/\/hubsch-interior.com\/de\/","name":"H\u00fcbsch","description":"Danish Home Interior and Design","publisher":{"@id":"https:\/\/hubsch-interior.com\/de\/#organization"},"potentialAction":[{"@type":"SearchAction","target":{"@type":"EntryPoint","urlTemplate":"https:\/\/hubsch-interior.com\/de\/?s={search_term_string}"},"query-input":{"@type":"PropertyValueSpecification","valueRequired":true,"valueName":"search_term_string"}}],"inLanguage":"de"},{"@type":"Organization","@id":"https:\/\/hubsch-interior.com\/de\/#organization","name":"H\u00fcbsch","url":"https:\/\/hubsch-interior.com\/de\/","logo":{"@type":"ImageObject","inLanguage":"de","@id":"https:\/\/hubsch-interior.com\/de\/#\/schema\/logo\/image\/","url":"https:\/\/hubsch-interior.com\/wp-content\/uploads\/2022\/12\/Hubsch_logo_black_one_line.svg","contentUrl":"https:\/\/hubsch-interior.com\/wp-content\/uploads\/2022\/12\/Hubsch_logo_black_one_line.svg","caption":"H\u00fcbsch"},"image":{"@id":"https:\/\/hubsch-interior.com\/de\/#\/schema\/logo\/image\/"}}]}},"_links":{"self":[{"href":"https:\/\/hubsch-interior.com\/de\/wp-json\/wp\/v2\/product\/398657","targetHints":{"allow":["GET"]}}],"collection":[{"href":"https:\/\/hubsch-interior.com\/de\/wp-json\/wp\/v2\/product"}],"about":[{"href":"https:\/\/hubsch-interior.com\/de\/wp-json\/wp\/v2\/types\/product"}],"wp:featuredmedia":[{"embeddable":true,"href":"https:\/\/hubsch-interior.com\/de\/wp-json\/wp\/v2\/media\/1109736"}],"wp:attachment":[{"href":"https:\/\/hubsch-interior.com\/de\/wp-json\/wp\/v2\/media?parent=398657"}],"wp:term":[{"taxonomy":"product_brand","embeddable":true,"href":"https:\/\/hubsch-interior.com\/de\/wp-json\/wp\/v2\/product_brand?post=398657"},{"taxonomy":"product_cat","embeddable":true,"href":"https:\/\/hubsch-interior.com\/de\/wp-json\/wp\/v2\/product_cat?post=398657"},{"taxonomy":"product_tag","embeddable":true,"href":"https:\/\/hubsch-interior.com\/de\/wp-json\/wp\/v2\/product_tag?post=398657"}],"curies":[{"name":"wp","href":"https:\/\/api.w.org\/{rel}","templated":true}]}}