{"id":398665,"date":"2021-06-13T23:08:04","date_gmt":"2021-06-13T21:08:04","guid":{"rendered":"https:\/\/hubsch-interior.com\/shop-b2c\/product\/product\/"},"modified":"2026-04-05T05:18:46","modified_gmt":"2026-04-05T03:18:46","slug":"crayon-hangelampe-bernstein","status":"publish","type":"product","link":"https:\/\/hubsch-interior.com\/de\/produkt\/crayon-hangelampe-bernstein\/","title":{"rendered":"Crayon H\u00e4ngelampe Bernstein"},"content":{"rendered":"<p>Hell, mutig und sch\u00f6n \u2013 das ist diese Deckenleuchte in lebendigen Farben. Eine verspielte Farbpalette in Sand und Braun gibt den Ton f\u00fcr diese Pendelleuchte im Vintage-Stil an, die ein brillantes Licht auf Ihren B\u00fcroschreibtisch, Ihre K\u00fcchenarbeitsplatte oder Ihren Esstisch wirft. In jedem Fall sorgt die H\u00e4ngeleuchte f\u00fcr ein L\u00e4cheln, das garantiert die Atmosph\u00e4re in jedem Raum verbessert. Auch wenn sie nicht \u00fcber Ihre Witze lacht, wird sie Ihren Raum erhellen \u2013 und das ist ein Versprechen.<\/p>\n","protected":false},"excerpt":{"rendered":"<p>Hell, mutig und sch\u00f6n \u2013 das ist diese Deckenleuchte in lebendigen Farben. Eine verspielte Farbpalette in Sand und Braun gibt den Ton f\u00fcr diese Pendelleuchte im Vintage-Stil an, die ein brillantes Licht auf Ihren B\u00fcroschreibtisch, Ihre K\u00fcchenarbeitsplatte oder Ihren Esstisch wirft. In jedem Fall sorgt die H\u00e4ngeleuchte f\u00fcr ein L\u00e4cheln, das garantiert die Atmosph\u00e4re in [&hellip;]<\/p>\n","protected":false},"featured_media":1113112,"template":"","meta":{"_acf_changed":false,"inline_featured_image":false},"product_brand":[],"product_cat":[3809,4148,5027],"product_tag":[],"class_list":{"0":"post-398665","1":"product","2":"type-product","3":"status-publish","4":"has-post-thumbnail","6":"product_cat-beleuchtung","7":"product_cat-haengelampen-de","8":"product_cat-bestsellers-de","9":"product_shipping_class-pk","10":"pa_color-bernstein","11":"pa_material-eisen-de","13":"first","14":"outofstock","15":"featured","16":"taxable","17":"shipping-taxable","18":"purchasable","19":"product-type-simple"},"exclude_global_add_ons":[],"addons":[],"acf":[],"yoast_head":"<!-- This site is optimized with the Yoast SEO plugin v26.4 - https:\/\/yoast.com\/wordpress\/plugins\/seo\/ -->\n<title>Crayon H\u00e4ngelampe Bernstein - H\u00fcbsch<\/title>\n<meta name=\"description\" content=\"Hell, mutig und sch\u00f6n \u2013 das ist diese Deckenleuchte in lebendigen Farben. Eine verspielte Farbpalette in Sand und Braun gibt den Ton f\u00fcr diese\" \/>\n<meta name=\"robots\" content=\"index, follow, max-snippet:-1, max-image-preview:large, max-video-preview:-1\" \/>\n<link rel=\"canonical\" href=\"https:\/\/hubsch-interior.com\/de\/wp-json\/wp\/v2\/product\/398665\" \/>\n<meta property=\"og:locale\" content=\"de_DE\" \/>\n<meta property=\"og:type\" content=\"article\" \/>\n<meta property=\"og:title\" content=\"Crayon H\u00e4ngelampe Bernstein - H\u00fcbsch\" \/>\n<meta property=\"og:description\" content=\"Hell, mutig und sch\u00f6n \u2013 das ist diese Deckenleuchte in lebendigen Farben. Eine verspielte Farbpalette in Sand und Braun gibt den Ton f\u00fcr diese\" \/>\n<meta property=\"og:url\" content=\"https:\/\/hubsch-interior.com\/de\/produkt\/crayon-hangelampe-bernstein\/\" \/>\n<meta property=\"og:site_name\" content=\"H\u00fcbsch\" \/>\n<meta property=\"article:modified_time\" content=\"2026-04-05T03:18:46+00:00\" \/>\n<meta property=\"og:image\" content=\"https:\/\/hubsch-interior.com\/wp-content\/uploads\/2025\/05\/crayon-pendant-amber-e8f0e6fa5166ea106f4bead29c86150b.jpg\" \/>\n\t<meta property=\"og:image:width\" content=\"1200\" \/>\n\t<meta property=\"og:image:height\" content=\"1200\" \/>\n\t<meta property=\"og:image:type\" content=\"image\/jpeg\" \/>\n<meta name=\"twitter:card\" content=\"summary_large_image\" \/>\n<script type=\"application\/ld+json\" class=\"yoast-schema-graph\">{\"@context\":\"https:\/\/schema.org\",\"@graph\":[{\"@type\":\"WebPage\",\"@id\":\"https:\/\/hubsch-interior.com\/de\/produkt\/crayon-hangelampe-bernstein\/\",\"url\":\"https:\/\/hubsch-interior.com\/de\/produkt\/crayon-hangelampe-bernstein\/\",\"name\":\"Crayon H\u00e4ngelampe Bernstein - H\u00fcbsch\",\"isPartOf\":{\"@id\":\"https:\/\/hubsch-interior.com\/de\/#website\"},\"primaryImageOfPage\":{\"@id\":\"https:\/\/hubsch-interior.com\/de\/produkt\/crayon-hangelampe-bernstein\/#primaryimage\"},\"image\":{\"@id\":\"https:\/\/hubsch-interior.com\/de\/produkt\/crayon-hangelampe-bernstein\/#primaryimage\"},\"thumbnailUrl\":\"https:\/\/hubsch-interior.com\/wp-content\/uploads\/2026\/02\/crayon-pendant-amber-1abdc36143d9b27441e6c8630fb25155.jpg\",\"datePublished\":\"2021-06-13T21:08:04+00:00\",\"dateModified\":\"2026-04-05T03:18:46+00:00\",\"description\":\"Hell, mutig und sch\u00f6n \u2013 das ist diese Deckenleuchte in lebendigen Farben. Eine verspielte Farbpalette in Sand und Braun gibt den Ton f\u00fcr diese\",\"breadcrumb\":{\"@id\":\"https:\/\/hubsch-interior.com\/de\/produkt\/crayon-hangelampe-bernstein\/#breadcrumb\"},\"inLanguage\":\"de\",\"potentialAction\":[{\"@type\":\"ReadAction\",\"target\":[\"https:\/\/hubsch-interior.com\/de\/produkt\/crayon-hangelampe-bernstein\/\"]}]},{\"@type\":\"ImageObject\",\"inLanguage\":\"de\",\"@id\":\"https:\/\/hubsch-interior.com\/de\/produkt\/crayon-hangelampe-bernstein\/#primaryimage\",\"url\":\"https:\/\/hubsch-interior.com\/wp-content\/uploads\/2026\/02\/crayon-pendant-amber-1abdc36143d9b27441e6c8630fb25155.jpg\",\"contentUrl\":\"https:\/\/hubsch-interior.com\/wp-content\/uploads\/2026\/02\/crayon-pendant-amber-1abdc36143d9b27441e6c8630fb25155.jpg\",\"width\":1024,\"height\":1024},{\"@type\":\"BreadcrumbList\",\"@id\":\"https:\/\/hubsch-interior.com\/de\/produkt\/crayon-hangelampe-bernstein\/#breadcrumb\",\"itemListElement\":[{\"@type\":\"ListItem\",\"position\":1,\"name\":\"Startseite\",\"item\":\"https:\/\/hubsch-interior.com\/de\/\"},{\"@type\":\"ListItem\",\"position\":2,\"name\":\"Produkte\",\"item\":\"https:\/\/hubsch-interior.com\/de\/shop-2\/\"},{\"@type\":\"ListItem\",\"position\":3,\"name\":\"Beleuchtung\",\"item\":\"https:\/\/hubsch-interior.com\/de\/produkt-kategorie\/beleuchtung\/\"},{\"@type\":\"ListItem\",\"position\":4,\"name\":\"H&auml;ngelampen\",\"item\":\"https:\/\/hubsch-interior.com\/de\/produkt-kategorie\/beleuchtung\/haengelampen-de\/\"},{\"@type\":\"ListItem\",\"position\":5,\"name\":\"Crayon H\u00e4ngelampe Bernstein\"}]},{\"@type\":\"WebSite\",\"@id\":\"https:\/\/hubsch-interior.com\/de\/#website\",\"url\":\"https:\/\/hubsch-interior.com\/de\/\",\"name\":\"H\u00fcbsch\",\"description\":\"Danish Home Interior and Design\",\"publisher\":{\"@id\":\"https:\/\/hubsch-interior.com\/de\/#organization\"},\"potentialAction\":[{\"@type\":\"SearchAction\",\"target\":{\"@type\":\"EntryPoint\",\"urlTemplate\":\"https:\/\/hubsch-interior.com\/de\/?s={search_term_string}\"},\"query-input\":{\"@type\":\"PropertyValueSpecification\",\"valueRequired\":true,\"valueName\":\"search_term_string\"}}],\"inLanguage\":\"de\"},{\"@type\":\"Organization\",\"@id\":\"https:\/\/hubsch-interior.com\/de\/#organization\",\"name\":\"H\u00fcbsch\",\"url\":\"https:\/\/hubsch-interior.com\/de\/\",\"logo\":{\"@type\":\"ImageObject\",\"inLanguage\":\"de\",\"@id\":\"https:\/\/hubsch-interior.com\/de\/#\/schema\/logo\/image\/\",\"url\":\"https:\/\/hubsch-interior.com\/wp-content\/uploads\/2022\/12\/Hubsch_logo_black_one_line.svg\",\"contentUrl\":\"https:\/\/hubsch-interior.com\/wp-content\/uploads\/2022\/12\/Hubsch_logo_black_one_line.svg\",\"caption\":\"H\u00fcbsch\"},\"image\":{\"@id\":\"https:\/\/hubsch-interior.com\/de\/#\/schema\/logo\/image\/\"}}]}<\/script>\n<!-- \/ Yoast SEO plugin. -->","yoast_head_json":{"title":"Crayon H\u00e4ngelampe Bernstein - H\u00fcbsch","description":"Hell, mutig und sch\u00f6n \u2013 das ist diese Deckenleuchte in lebendigen Farben. Eine verspielte Farbpalette in Sand und Braun gibt den Ton f\u00fcr diese","robots":{"index":"index","follow":"follow","max-snippet":"max-snippet:-1","max-image-preview":"max-image-preview:large","max-video-preview":"max-video-preview:-1"},"canonical":"https:\/\/hubsch-interior.com\/de\/wp-json\/wp\/v2\/product\/398665","og_locale":"de_DE","og_type":"article","og_title":"Crayon H\u00e4ngelampe Bernstein - H\u00fcbsch","og_description":"Hell, mutig und sch\u00f6n \u2013 das ist diese Deckenleuchte in lebendigen Farben. Eine verspielte Farbpalette in Sand und Braun gibt den Ton f\u00fcr diese","og_url":"https:\/\/hubsch-interior.com\/de\/produkt\/crayon-hangelampe-bernstein\/","og_site_name":"H\u00fcbsch","article_modified_time":"2026-04-05T03:18:46+00:00","og_image":[{"width":1200,"height":1200,"url":"https:\/\/hubsch-interior.com\/wp-content\/uploads\/2025\/05\/crayon-pendant-amber-e8f0e6fa5166ea106f4bead29c86150b.jpg","type":"image\/jpeg"}],"twitter_card":"summary_large_image","schema":{"@context":"https:\/\/schema.org","@graph":[{"@type":"WebPage","@id":"https:\/\/hubsch-interior.com\/de\/produkt\/crayon-hangelampe-bernstein\/","url":"https:\/\/hubsch-interior.com\/de\/produkt\/crayon-hangelampe-bernstein\/","name":"Crayon H\u00e4ngelampe Bernstein - H\u00fcbsch","isPartOf":{"@id":"https:\/\/hubsch-interior.com\/de\/#website"},"primaryImageOfPage":{"@id":"https:\/\/hubsch-interior.com\/de\/produkt\/crayon-hangelampe-bernstein\/#primaryimage"},"image":{"@id":"https:\/\/hubsch-interior.com\/de\/produkt\/crayon-hangelampe-bernstein\/#primaryimage"},"thumbnailUrl":"https:\/\/hubsch-interior.com\/wp-content\/uploads\/2026\/02\/crayon-pendant-amber-1abdc36143d9b27441e6c8630fb25155.jpg","datePublished":"2021-06-13T21:08:04+00:00","dateModified":"2026-04-05T03:18:46+00:00","description":"Hell, mutig und sch\u00f6n \u2013 das ist diese Deckenleuchte in lebendigen Farben. Eine verspielte Farbpalette in Sand und Braun gibt den Ton f\u00fcr diese","breadcrumb":{"@id":"https:\/\/hubsch-interior.com\/de\/produkt\/crayon-hangelampe-bernstein\/#breadcrumb"},"inLanguage":"de","potentialAction":[{"@type":"ReadAction","target":["https:\/\/hubsch-interior.com\/de\/produkt\/crayon-hangelampe-bernstein\/"]}]},{"@type":"ImageObject","inLanguage":"de","@id":"https:\/\/hubsch-interior.com\/de\/produkt\/crayon-hangelampe-bernstein\/#primaryimage","url":"https:\/\/hubsch-interior.com\/wp-content\/uploads\/2026\/02\/crayon-pendant-amber-1abdc36143d9b27441e6c8630fb25155.jpg","contentUrl":"https:\/\/hubsch-interior.com\/wp-content\/uploads\/2026\/02\/crayon-pendant-amber-1abdc36143d9b27441e6c8630fb25155.jpg","width":1024,"height":1024},{"@type":"BreadcrumbList","@id":"https:\/\/hubsch-interior.com\/de\/produkt\/crayon-hangelampe-bernstein\/#breadcrumb","itemListElement":[{"@type":"ListItem","position":1,"name":"Startseite","item":"https:\/\/hubsch-interior.com\/de\/"},{"@type":"ListItem","position":2,"name":"Produkte","item":"https:\/\/hubsch-interior.com\/de\/shop-2\/"},{"@type":"ListItem","position":3,"name":"Beleuchtung","item":"https:\/\/hubsch-interior.com\/de\/produkt-kategorie\/beleuchtung\/"},{"@type":"ListItem","position":4,"name":"H&auml;ngelampen","item":"https:\/\/hubsch-interior.com\/de\/produkt-kategorie\/beleuchtung\/haengelampen-de\/"},{"@type":"ListItem","position":5,"name":"Crayon H\u00e4ngelampe Bernstein"}]},{"@type":"WebSite","@id":"https:\/\/hubsch-interior.com\/de\/#website","url":"https:\/\/hubsch-interior.com\/de\/","name":"H\u00fcbsch","description":"Danish Home Interior and Design","publisher":{"@id":"https:\/\/hubsch-interior.com\/de\/#organization"},"potentialAction":[{"@type":"SearchAction","target":{"@type":"EntryPoint","urlTemplate":"https:\/\/hubsch-interior.com\/de\/?s={search_term_string}"},"query-input":{"@type":"PropertyValueSpecification","valueRequired":true,"valueName":"search_term_string"}}],"inLanguage":"de"},{"@type":"Organization","@id":"https:\/\/hubsch-interior.com\/de\/#organization","name":"H\u00fcbsch","url":"https:\/\/hubsch-interior.com\/de\/","logo":{"@type":"ImageObject","inLanguage":"de","@id":"https:\/\/hubsch-interior.com\/de\/#\/schema\/logo\/image\/","url":"https:\/\/hubsch-interior.com\/wp-content\/uploads\/2022\/12\/Hubsch_logo_black_one_line.svg","contentUrl":"https:\/\/hubsch-interior.com\/wp-content\/uploads\/2022\/12\/Hubsch_logo_black_one_line.svg","caption":"H\u00fcbsch"},"image":{"@id":"https:\/\/hubsch-interior.com\/de\/#\/schema\/logo\/image\/"}}]}},"_links":{"self":[{"href":"https:\/\/hubsch-interior.com\/de\/wp-json\/wp\/v2\/product\/398665","targetHints":{"allow":["GET"]}}],"collection":[{"href":"https:\/\/hubsch-interior.com\/de\/wp-json\/wp\/v2\/product"}],"about":[{"href":"https:\/\/hubsch-interior.com\/de\/wp-json\/wp\/v2\/types\/product"}],"wp:featuredmedia":[{"embeddable":true,"href":"https:\/\/hubsch-interior.com\/de\/wp-json\/wp\/v2\/media\/1113112"}],"wp:attachment":[{"href":"https:\/\/hubsch-interior.com\/de\/wp-json\/wp\/v2\/media?parent=398665"}],"wp:term":[{"taxonomy":"product_brand","embeddable":true,"href":"https:\/\/hubsch-interior.com\/de\/wp-json\/wp\/v2\/product_brand?post=398665"},{"taxonomy":"product_cat","embeddable":true,"href":"https:\/\/hubsch-interior.com\/de\/wp-json\/wp\/v2\/product_cat?post=398665"},{"taxonomy":"product_tag","embeddable":true,"href":"https:\/\/hubsch-interior.com\/de\/wp-json\/wp\/v2\/product_tag?post=398665"}],"curies":[{"name":"wp","href":"https:\/\/api.w.org\/{rel}","templated":true}]}}