{"id":398669,"date":"2021-06-13T23:08:07","date_gmt":"2021-06-13T21:08:07","guid":{"rendered":"https:\/\/hubsch-interior.com\/shop-b2c\/product\/product\/"},"modified":"2026-04-11T05:12:26","modified_gmt":"2026-04-11T03:12:26","slug":"crayon-hangelampe-grun","status":"publish","type":"product","link":"https:\/\/hubsch-interior.com\/de\/produkt\/crayon-hangelampe-grun\/","title":{"rendered":"Crayon H\u00e4ngelampe Gr\u00fcn"},"content":{"rendered":"<p>Hell, mutig und sch\u00f6n \u2013 das ist diese Deckenleuchte in lebendigen Farben. Eine verspielte Farbpalette in Gr\u00fcn, Braun, Sand und Orange gibt den Ton f\u00fcr diese Pendelleuchte im Vintage-Stil an, die ein brillantes Licht auf Ihren B\u00fcroschreibtisch, Ihre K\u00fcchenarbeitsplatte oder Ihren Esstisch wirft. In jedem Fall sorgt die H\u00e4ngeleuchte f\u00fcr ein L\u00e4cheln, das garantiert die Atmosph\u00e4re in jedem Raum verbessert. Auch wenn sie nicht \u00fcber Ihre Witze lacht, wird sie Ihren Raum erhellen \u2013 und das ist ein Versprechen.<\/p>\n","protected":false},"excerpt":{"rendered":"<p>Hell, mutig und sch\u00f6n \u2013 das ist diese Deckenleuchte in lebendigen Farben. Eine verspielte Farbpalette in Gr\u00fcn, Braun, Sand und Orange gibt den Ton f\u00fcr diese Pendelleuchte im Vintage-Stil an, die ein brillantes Licht auf Ihren B\u00fcroschreibtisch, Ihre K\u00fcchenarbeitsplatte oder Ihren Esstisch wirft. In jedem Fall sorgt die H\u00e4ngeleuchte f\u00fcr ein L\u00e4cheln, das garantiert die [&hellip;]<\/p>\n","protected":false},"featured_media":1109771,"template":"","meta":{"_acf_changed":false,"inline_featured_image":false},"product_brand":[],"product_cat":[3809,5027,4148,5031],"product_tag":[],"class_list":{"0":"post-398669","1":"product","2":"type-product","3":"status-publish","4":"has-post-thumbnail","6":"product_cat-beleuchtung","7":"product_cat-bestsellers-de","8":"product_cat-haengelampen-de","9":"product_cat-wieder-auf-lager-de","10":"product_shipping_class-pk","12":"pa_color-grn-2","13":"pa_material-eisen-de","15":"first","16":"instock","17":"featured","18":"taxable","19":"shipping-taxable","20":"purchasable","21":"product-type-simple"},"exclude_global_add_ons":[],"addons":[],"acf":[],"yoast_head":"<!-- This site is optimized with the Yoast SEO plugin v26.4 - https:\/\/yoast.com\/wordpress\/plugins\/seo\/ -->\n<title>Crayon H\u00e4ngelampe Gr\u00fcn - H\u00fcbsch<\/title>\n<meta name=\"description\" content=\"Hell, mutig und sch\u00f6n \u2013 das ist diese Deckenleuchte in lebendigen Farben. Eine verspielte Farbpalette in Gr\u00fcn, Braun, Sand und Orange gibt den Ton f\u00fcr\" \/>\n<meta name=\"robots\" content=\"index, follow, max-snippet:-1, max-image-preview:large, max-video-preview:-1\" \/>\n<link rel=\"canonical\" href=\"https:\/\/hubsch-interior.com\/de\/wp-json\/wp\/v2\/product\/398669\" \/>\n<meta property=\"og:locale\" content=\"de_DE\" \/>\n<meta property=\"og:type\" content=\"article\" \/>\n<meta property=\"og:title\" content=\"Crayon H\u00e4ngelampe Gr\u00fcn - H\u00fcbsch\" \/>\n<meta property=\"og:description\" content=\"Hell, mutig und sch\u00f6n \u2013 das ist diese Deckenleuchte in lebendigen Farben. Eine verspielte Farbpalette in Gr\u00fcn, Braun, Sand und Orange gibt den Ton f\u00fcr\" \/>\n<meta property=\"og:url\" content=\"https:\/\/hubsch-interior.com\/de\/produkt\/crayon-hangelampe-grun\/\" \/>\n<meta property=\"og:site_name\" content=\"H\u00fcbsch\" \/>\n<meta property=\"article:modified_time\" content=\"2026-04-11T03:12:26+00:00\" \/>\n<meta property=\"og:image\" content=\"https:\/\/hubsch-interior.com\/wp-content\/uploads\/2025\/05\/crayon-pendant-green-e5a8cf24920968119cd94418b70791d8.jpg\" \/>\n\t<meta property=\"og:image:width\" content=\"1200\" \/>\n\t<meta property=\"og:image:height\" content=\"1200\" \/>\n\t<meta property=\"og:image:type\" content=\"image\/jpeg\" \/>\n<meta name=\"twitter:card\" content=\"summary_large_image\" \/>\n<script type=\"application\/ld+json\" class=\"yoast-schema-graph\">{\"@context\":\"https:\/\/schema.org\",\"@graph\":[{\"@type\":\"WebPage\",\"@id\":\"https:\/\/hubsch-interior.com\/de\/produkt\/crayon-hangelampe-grun\/\",\"url\":\"https:\/\/hubsch-interior.com\/de\/produkt\/crayon-hangelampe-grun\/\",\"name\":\"Crayon H\u00e4ngelampe Gr\u00fcn - H\u00fcbsch\",\"isPartOf\":{\"@id\":\"https:\/\/hubsch-interior.com\/de\/#website\"},\"primaryImageOfPage\":{\"@id\":\"https:\/\/hubsch-interior.com\/de\/produkt\/crayon-hangelampe-grun\/#primaryimage\"},\"image\":{\"@id\":\"https:\/\/hubsch-interior.com\/de\/produkt\/crayon-hangelampe-grun\/#primaryimage\"},\"thumbnailUrl\":\"https:\/\/hubsch-interior.com\/wp-content\/uploads\/2026\/02\/crayon-pendant-green-41826a916d06840fc82e9a6a58b70a5b.jpg\",\"datePublished\":\"2021-06-13T21:08:07+00:00\",\"dateModified\":\"2026-04-11T03:12:26+00:00\",\"description\":\"Hell, mutig und sch\u00f6n \u2013 das ist diese Deckenleuchte in lebendigen Farben. Eine verspielte Farbpalette in Gr\u00fcn, Braun, Sand und Orange gibt den Ton f\u00fcr\",\"breadcrumb\":{\"@id\":\"https:\/\/hubsch-interior.com\/de\/produkt\/crayon-hangelampe-grun\/#breadcrumb\"},\"inLanguage\":\"de\",\"potentialAction\":[{\"@type\":\"ReadAction\",\"target\":[\"https:\/\/hubsch-interior.com\/de\/produkt\/crayon-hangelampe-grun\/\"]}]},{\"@type\":\"ImageObject\",\"inLanguage\":\"de\",\"@id\":\"https:\/\/hubsch-interior.com\/de\/produkt\/crayon-hangelampe-grun\/#primaryimage\",\"url\":\"https:\/\/hubsch-interior.com\/wp-content\/uploads\/2026\/02\/crayon-pendant-green-41826a916d06840fc82e9a6a58b70a5b.jpg\",\"contentUrl\":\"https:\/\/hubsch-interior.com\/wp-content\/uploads\/2026\/02\/crayon-pendant-green-41826a916d06840fc82e9a6a58b70a5b.jpg\",\"width\":1024,\"height\":1024},{\"@type\":\"BreadcrumbList\",\"@id\":\"https:\/\/hubsch-interior.com\/de\/produkt\/crayon-hangelampe-grun\/#breadcrumb\",\"itemListElement\":[{\"@type\":\"ListItem\",\"position\":1,\"name\":\"Startseite\",\"item\":\"https:\/\/hubsch-interior.com\/de\/\"},{\"@type\":\"ListItem\",\"position\":2,\"name\":\"Produkte\",\"item\":\"https:\/\/hubsch-interior.com\/de\/shop-2\/\"},{\"@type\":\"ListItem\",\"position\":3,\"name\":\"Beleuchtung\",\"item\":\"https:\/\/hubsch-interior.com\/de\/produkt-kategorie\/beleuchtung\/\"},{\"@type\":\"ListItem\",\"position\":4,\"name\":\"H&auml;ngelampen\",\"item\":\"https:\/\/hubsch-interior.com\/de\/produkt-kategorie\/beleuchtung\/haengelampen-de\/\"},{\"@type\":\"ListItem\",\"position\":5,\"name\":\"Crayon H\u00e4ngelampe Gr\u00fcn\"}]},{\"@type\":\"WebSite\",\"@id\":\"https:\/\/hubsch-interior.com\/de\/#website\",\"url\":\"https:\/\/hubsch-interior.com\/de\/\",\"name\":\"H\u00fcbsch\",\"description\":\"Danish Home Interior and Design\",\"publisher\":{\"@id\":\"https:\/\/hubsch-interior.com\/de\/#organization\"},\"potentialAction\":[{\"@type\":\"SearchAction\",\"target\":{\"@type\":\"EntryPoint\",\"urlTemplate\":\"https:\/\/hubsch-interior.com\/de\/?s={search_term_string}\"},\"query-input\":{\"@type\":\"PropertyValueSpecification\",\"valueRequired\":true,\"valueName\":\"search_term_string\"}}],\"inLanguage\":\"de\"},{\"@type\":\"Organization\",\"@id\":\"https:\/\/hubsch-interior.com\/de\/#organization\",\"name\":\"H\u00fcbsch\",\"url\":\"https:\/\/hubsch-interior.com\/de\/\",\"logo\":{\"@type\":\"ImageObject\",\"inLanguage\":\"de\",\"@id\":\"https:\/\/hubsch-interior.com\/de\/#\/schema\/logo\/image\/\",\"url\":\"https:\/\/hubsch-interior.com\/wp-content\/uploads\/2022\/12\/Hubsch_logo_black_one_line.svg\",\"contentUrl\":\"https:\/\/hubsch-interior.com\/wp-content\/uploads\/2022\/12\/Hubsch_logo_black_one_line.svg\",\"caption\":\"H\u00fcbsch\"},\"image\":{\"@id\":\"https:\/\/hubsch-interior.com\/de\/#\/schema\/logo\/image\/\"}}]}<\/script>\n<!-- \/ Yoast SEO plugin. -->","yoast_head_json":{"title":"Crayon H\u00e4ngelampe Gr\u00fcn - H\u00fcbsch","description":"Hell, mutig und sch\u00f6n \u2013 das ist diese Deckenleuchte in lebendigen Farben. Eine verspielte Farbpalette in Gr\u00fcn, Braun, Sand und Orange gibt den Ton f\u00fcr","robots":{"index":"index","follow":"follow","max-snippet":"max-snippet:-1","max-image-preview":"max-image-preview:large","max-video-preview":"max-video-preview:-1"},"canonical":"https:\/\/hubsch-interior.com\/de\/wp-json\/wp\/v2\/product\/398669","og_locale":"de_DE","og_type":"article","og_title":"Crayon H\u00e4ngelampe Gr\u00fcn - H\u00fcbsch","og_description":"Hell, mutig und sch\u00f6n \u2013 das ist diese Deckenleuchte in lebendigen Farben. Eine verspielte Farbpalette in Gr\u00fcn, Braun, Sand und Orange gibt den Ton f\u00fcr","og_url":"https:\/\/hubsch-interior.com\/de\/produkt\/crayon-hangelampe-grun\/","og_site_name":"H\u00fcbsch","article_modified_time":"2026-04-11T03:12:26+00:00","og_image":[{"width":1200,"height":1200,"url":"https:\/\/hubsch-interior.com\/wp-content\/uploads\/2025\/05\/crayon-pendant-green-e5a8cf24920968119cd94418b70791d8.jpg","type":"image\/jpeg"}],"twitter_card":"summary_large_image","schema":{"@context":"https:\/\/schema.org","@graph":[{"@type":"WebPage","@id":"https:\/\/hubsch-interior.com\/de\/produkt\/crayon-hangelampe-grun\/","url":"https:\/\/hubsch-interior.com\/de\/produkt\/crayon-hangelampe-grun\/","name":"Crayon H\u00e4ngelampe Gr\u00fcn - H\u00fcbsch","isPartOf":{"@id":"https:\/\/hubsch-interior.com\/de\/#website"},"primaryImageOfPage":{"@id":"https:\/\/hubsch-interior.com\/de\/produkt\/crayon-hangelampe-grun\/#primaryimage"},"image":{"@id":"https:\/\/hubsch-interior.com\/de\/produkt\/crayon-hangelampe-grun\/#primaryimage"},"thumbnailUrl":"https:\/\/hubsch-interior.com\/wp-content\/uploads\/2026\/02\/crayon-pendant-green-41826a916d06840fc82e9a6a58b70a5b.jpg","datePublished":"2021-06-13T21:08:07+00:00","dateModified":"2026-04-11T03:12:26+00:00","description":"Hell, mutig und sch\u00f6n \u2013 das ist diese Deckenleuchte in lebendigen Farben. Eine verspielte Farbpalette in Gr\u00fcn, Braun, Sand und Orange gibt den Ton f\u00fcr","breadcrumb":{"@id":"https:\/\/hubsch-interior.com\/de\/produkt\/crayon-hangelampe-grun\/#breadcrumb"},"inLanguage":"de","potentialAction":[{"@type":"ReadAction","target":["https:\/\/hubsch-interior.com\/de\/produkt\/crayon-hangelampe-grun\/"]}]},{"@type":"ImageObject","inLanguage":"de","@id":"https:\/\/hubsch-interior.com\/de\/produkt\/crayon-hangelampe-grun\/#primaryimage","url":"https:\/\/hubsch-interior.com\/wp-content\/uploads\/2026\/02\/crayon-pendant-green-41826a916d06840fc82e9a6a58b70a5b.jpg","contentUrl":"https:\/\/hubsch-interior.com\/wp-content\/uploads\/2026\/02\/crayon-pendant-green-41826a916d06840fc82e9a6a58b70a5b.jpg","width":1024,"height":1024},{"@type":"BreadcrumbList","@id":"https:\/\/hubsch-interior.com\/de\/produkt\/crayon-hangelampe-grun\/#breadcrumb","itemListElement":[{"@type":"ListItem","position":1,"name":"Startseite","item":"https:\/\/hubsch-interior.com\/de\/"},{"@type":"ListItem","position":2,"name":"Produkte","item":"https:\/\/hubsch-interior.com\/de\/shop-2\/"},{"@type":"ListItem","position":3,"name":"Beleuchtung","item":"https:\/\/hubsch-interior.com\/de\/produkt-kategorie\/beleuchtung\/"},{"@type":"ListItem","position":4,"name":"H&auml;ngelampen","item":"https:\/\/hubsch-interior.com\/de\/produkt-kategorie\/beleuchtung\/haengelampen-de\/"},{"@type":"ListItem","position":5,"name":"Crayon H\u00e4ngelampe Gr\u00fcn"}]},{"@type":"WebSite","@id":"https:\/\/hubsch-interior.com\/de\/#website","url":"https:\/\/hubsch-interior.com\/de\/","name":"H\u00fcbsch","description":"Danish Home Interior and Design","publisher":{"@id":"https:\/\/hubsch-interior.com\/de\/#organization"},"potentialAction":[{"@type":"SearchAction","target":{"@type":"EntryPoint","urlTemplate":"https:\/\/hubsch-interior.com\/de\/?s={search_term_string}"},"query-input":{"@type":"PropertyValueSpecification","valueRequired":true,"valueName":"search_term_string"}}],"inLanguage":"de"},{"@type":"Organization","@id":"https:\/\/hubsch-interior.com\/de\/#organization","name":"H\u00fcbsch","url":"https:\/\/hubsch-interior.com\/de\/","logo":{"@type":"ImageObject","inLanguage":"de","@id":"https:\/\/hubsch-interior.com\/de\/#\/schema\/logo\/image\/","url":"https:\/\/hubsch-interior.com\/wp-content\/uploads\/2022\/12\/Hubsch_logo_black_one_line.svg","contentUrl":"https:\/\/hubsch-interior.com\/wp-content\/uploads\/2022\/12\/Hubsch_logo_black_one_line.svg","caption":"H\u00fcbsch"},"image":{"@id":"https:\/\/hubsch-interior.com\/de\/#\/schema\/logo\/image\/"}}]}},"_links":{"self":[{"href":"https:\/\/hubsch-interior.com\/de\/wp-json\/wp\/v2\/product\/398669","targetHints":{"allow":["GET"]}}],"collection":[{"href":"https:\/\/hubsch-interior.com\/de\/wp-json\/wp\/v2\/product"}],"about":[{"href":"https:\/\/hubsch-interior.com\/de\/wp-json\/wp\/v2\/types\/product"}],"wp:featuredmedia":[{"embeddable":true,"href":"https:\/\/hubsch-interior.com\/de\/wp-json\/wp\/v2\/media\/1109771"}],"wp:attachment":[{"href":"https:\/\/hubsch-interior.com\/de\/wp-json\/wp\/v2\/media?parent=398669"}],"wp:term":[{"taxonomy":"product_brand","embeddable":true,"href":"https:\/\/hubsch-interior.com\/de\/wp-json\/wp\/v2\/product_brand?post=398669"},{"taxonomy":"product_cat","embeddable":true,"href":"https:\/\/hubsch-interior.com\/de\/wp-json\/wp\/v2\/product_cat?post=398669"},{"taxonomy":"product_tag","embeddable":true,"href":"https:\/\/hubsch-interior.com\/de\/wp-json\/wp\/v2\/product_tag?post=398669"}],"curies":[{"name":"wp","href":"https:\/\/api.w.org\/{rel}","templated":true}]}}