{"id":398677,"date":"2021-06-13T23:08:12","date_gmt":"2021-06-13T21:08:12","guid":{"rendered":"https:\/\/hubsch-interior.com\/shop-b2c\/product\/product\/"},"modified":"2026-04-09T05:15:38","modified_gmt":"2026-04-09T03:15:38","slug":"coney-hangelampe-bernstein","status":"publish","type":"product","link":"https:\/\/hubsch-interior.com\/de\/produkt\/coney-hangelampe-bernstein\/","title":{"rendered":"Coney H\u00e4ngelampe Bernstein"},"content":{"rendered":"<p>Diese skurrile braune Metallpendelleuchte ist die perfekte Wahl f\u00fcr Ihre Decke. Die Deckenleuchte ist nicht nur ein toller Begleiter in Ihrer bevorzugten Leseecke, sondern sieht auch in Kombination mit mehreren Exemplaren \u00fcber dem Esstisch oder auf beiden Seiten des Bettes bezaubernd gut aus. Beim Anblick dieser Pendelleuchte werden unweigerlich s\u00fc\u00dfe Kindheitserinnerungen wach. Das kleine Schmuckst\u00fcck von einer Deckenlampe vereint alles, was die 70er-Jahre an W\u00e4rme und Schnickschnack zu bieten hatten \u2013 aber auf eine moderne, minimalistische Weise. Finden Sie nicht auch?<\/p>\n","protected":false},"excerpt":{"rendered":"<p>Diese skurrile braune Metallpendelleuchte ist die perfekte Wahl f\u00fcr Ihre Decke. Die Deckenleuchte ist nicht nur ein toller Begleiter in Ihrer bevorzugten Leseecke, sondern sieht auch in Kombination mit mehreren Exemplaren \u00fcber dem Esstisch oder auf beiden Seiten des Bettes bezaubernd gut aus. Beim Anblick dieser Pendelleuchte werden unweigerlich s\u00fc\u00dfe Kindheitserinnerungen wach. Das kleine Schmuckst\u00fcck [&hellip;]<\/p>\n","protected":false},"featured_media":1109815,"template":"","meta":{"_acf_changed":false,"inline_featured_image":false},"product_brand":[],"product_cat":[3809,4148],"product_tag":[],"class_list":{"0":"post-398677","1":"product","2":"type-product","3":"status-publish","4":"has-post-thumbnail","6":"product_cat-beleuchtung","7":"product_cat-haengelampen-de","8":"product_shipping_class-pk","10":"pa_color-bernstein","11":"pa_material-aluminium-de","12":"pa_material-eisen-de","14":"first","15":"instock","16":"taxable","17":"shipping-taxable","18":"purchasable","19":"product-type-simple"},"exclude_global_add_ons":[],"addons":[],"acf":[],"yoast_head":"<!-- This site is optimized with the Yoast SEO plugin v26.4 - https:\/\/yoast.com\/wordpress\/plugins\/seo\/ -->\n<title>Coney H\u00e4ngelampe Bernstein - H\u00fcbsch<\/title>\n<meta name=\"description\" content=\"Diese skurrile braune Metallpendelleuchte ist die perfekte Wahl f\u00fcr Ihre Decke. Die Deckenleuchte ist nicht nur ein toller Begleiter in Ihrer bevorzugten\" \/>\n<meta name=\"robots\" content=\"index, follow, max-snippet:-1, max-image-preview:large, max-video-preview:-1\" \/>\n<link rel=\"canonical\" href=\"https:\/\/hubsch-interior.com\/de\/wp-json\/wp\/v2\/product\/398677\" \/>\n<meta property=\"og:locale\" content=\"de_DE\" \/>\n<meta property=\"og:type\" content=\"article\" \/>\n<meta property=\"og:title\" content=\"Coney H\u00e4ngelampe Bernstein - H\u00fcbsch\" \/>\n<meta property=\"og:description\" content=\"Diese skurrile braune Metallpendelleuchte ist die perfekte Wahl f\u00fcr Ihre Decke. Die Deckenleuchte ist nicht nur ein toller Begleiter in Ihrer bevorzugten\" \/>\n<meta property=\"og:url\" content=\"https:\/\/hubsch-interior.com\/de\/produkt\/coney-hangelampe-bernstein\/\" \/>\n<meta property=\"og:site_name\" content=\"H\u00fcbsch\" \/>\n<meta property=\"article:modified_time\" content=\"2026-04-09T03:15:38+00:00\" \/>\n<meta property=\"og:image\" content=\"https:\/\/hubsch-interior.com\/wp-content\/uploads\/2025\/05\/coney-pendant-amber-4b6eae2e99a5d9071cf7a67baecf5851.jpg\" \/>\n\t<meta property=\"og:image:width\" content=\"1200\" \/>\n\t<meta property=\"og:image:height\" content=\"1200\" \/>\n\t<meta property=\"og:image:type\" content=\"image\/jpeg\" \/>\n<meta name=\"twitter:card\" content=\"summary_large_image\" \/>\n<script type=\"application\/ld+json\" class=\"yoast-schema-graph\">{\"@context\":\"https:\/\/schema.org\",\"@graph\":[{\"@type\":\"WebPage\",\"@id\":\"https:\/\/hubsch-interior.com\/de\/produkt\/coney-hangelampe-bernstein\/\",\"url\":\"https:\/\/hubsch-interior.com\/de\/produkt\/coney-hangelampe-bernstein\/\",\"name\":\"Coney H\u00e4ngelampe Bernstein - H\u00fcbsch\",\"isPartOf\":{\"@id\":\"https:\/\/hubsch-interior.com\/de\/#website\"},\"primaryImageOfPage\":{\"@id\":\"https:\/\/hubsch-interior.com\/de\/produkt\/coney-hangelampe-bernstein\/#primaryimage\"},\"image\":{\"@id\":\"https:\/\/hubsch-interior.com\/de\/produkt\/coney-hangelampe-bernstein\/#primaryimage\"},\"thumbnailUrl\":\"https:\/\/hubsch-interior.com\/wp-content\/uploads\/2026\/02\/coney-pendant-amber-3ac9073ebbbc7a96a3ab579328de8400.jpg\",\"datePublished\":\"2021-06-13T21:08:12+00:00\",\"dateModified\":\"2026-04-09T03:15:38+00:00\",\"description\":\"Diese skurrile braune Metallpendelleuchte ist die perfekte Wahl f\u00fcr Ihre Decke. Die Deckenleuchte ist nicht nur ein toller Begleiter in Ihrer bevorzugten\",\"breadcrumb\":{\"@id\":\"https:\/\/hubsch-interior.com\/de\/produkt\/coney-hangelampe-bernstein\/#breadcrumb\"},\"inLanguage\":\"de\",\"potentialAction\":[{\"@type\":\"ReadAction\",\"target\":[\"https:\/\/hubsch-interior.com\/de\/produkt\/coney-hangelampe-bernstein\/\"]}]},{\"@type\":\"ImageObject\",\"inLanguage\":\"de\",\"@id\":\"https:\/\/hubsch-interior.com\/de\/produkt\/coney-hangelampe-bernstein\/#primaryimage\",\"url\":\"https:\/\/hubsch-interior.com\/wp-content\/uploads\/2026\/02\/coney-pendant-amber-3ac9073ebbbc7a96a3ab579328de8400.jpg\",\"contentUrl\":\"https:\/\/hubsch-interior.com\/wp-content\/uploads\/2026\/02\/coney-pendant-amber-3ac9073ebbbc7a96a3ab579328de8400.jpg\",\"width\":1024,\"height\":1024},{\"@type\":\"BreadcrumbList\",\"@id\":\"https:\/\/hubsch-interior.com\/de\/produkt\/coney-hangelampe-bernstein\/#breadcrumb\",\"itemListElement\":[{\"@type\":\"ListItem\",\"position\":1,\"name\":\"Startseite\",\"item\":\"https:\/\/hubsch-interior.com\/de\/\"},{\"@type\":\"ListItem\",\"position\":2,\"name\":\"Produkte\",\"item\":\"https:\/\/hubsch-interior.com\/de\/shop-2\/\"},{\"@type\":\"ListItem\",\"position\":3,\"name\":\"Beleuchtung\",\"item\":\"https:\/\/hubsch-interior.com\/de\/produkt-kategorie\/beleuchtung\/\"},{\"@type\":\"ListItem\",\"position\":4,\"name\":\"H&auml;ngelampen\",\"item\":\"https:\/\/hubsch-interior.com\/de\/produkt-kategorie\/beleuchtung\/haengelampen-de\/\"},{\"@type\":\"ListItem\",\"position\":5,\"name\":\"Coney H\u00e4ngelampe Bernstein\"}]},{\"@type\":\"WebSite\",\"@id\":\"https:\/\/hubsch-interior.com\/de\/#website\",\"url\":\"https:\/\/hubsch-interior.com\/de\/\",\"name\":\"H\u00fcbsch\",\"description\":\"Danish Home Interior and Design\",\"publisher\":{\"@id\":\"https:\/\/hubsch-interior.com\/de\/#organization\"},\"potentialAction\":[{\"@type\":\"SearchAction\",\"target\":{\"@type\":\"EntryPoint\",\"urlTemplate\":\"https:\/\/hubsch-interior.com\/de\/?s={search_term_string}\"},\"query-input\":{\"@type\":\"PropertyValueSpecification\",\"valueRequired\":true,\"valueName\":\"search_term_string\"}}],\"inLanguage\":\"de\"},{\"@type\":\"Organization\",\"@id\":\"https:\/\/hubsch-interior.com\/de\/#organization\",\"name\":\"H\u00fcbsch\",\"url\":\"https:\/\/hubsch-interior.com\/de\/\",\"logo\":{\"@type\":\"ImageObject\",\"inLanguage\":\"de\",\"@id\":\"https:\/\/hubsch-interior.com\/de\/#\/schema\/logo\/image\/\",\"url\":\"https:\/\/hubsch-interior.com\/wp-content\/uploads\/2022\/12\/Hubsch_logo_black_one_line.svg\",\"contentUrl\":\"https:\/\/hubsch-interior.com\/wp-content\/uploads\/2022\/12\/Hubsch_logo_black_one_line.svg\",\"caption\":\"H\u00fcbsch\"},\"image\":{\"@id\":\"https:\/\/hubsch-interior.com\/de\/#\/schema\/logo\/image\/\"}}]}<\/script>\n<!-- \/ Yoast SEO plugin. -->","yoast_head_json":{"title":"Coney H\u00e4ngelampe Bernstein - H\u00fcbsch","description":"Diese skurrile braune Metallpendelleuchte ist die perfekte Wahl f\u00fcr Ihre Decke. Die Deckenleuchte ist nicht nur ein toller Begleiter in Ihrer bevorzugten","robots":{"index":"index","follow":"follow","max-snippet":"max-snippet:-1","max-image-preview":"max-image-preview:large","max-video-preview":"max-video-preview:-1"},"canonical":"https:\/\/hubsch-interior.com\/de\/wp-json\/wp\/v2\/product\/398677","og_locale":"de_DE","og_type":"article","og_title":"Coney H\u00e4ngelampe Bernstein - H\u00fcbsch","og_description":"Diese skurrile braune Metallpendelleuchte ist die perfekte Wahl f\u00fcr Ihre Decke. Die Deckenleuchte ist nicht nur ein toller Begleiter in Ihrer bevorzugten","og_url":"https:\/\/hubsch-interior.com\/de\/produkt\/coney-hangelampe-bernstein\/","og_site_name":"H\u00fcbsch","article_modified_time":"2026-04-09T03:15:38+00:00","og_image":[{"width":1200,"height":1200,"url":"https:\/\/hubsch-interior.com\/wp-content\/uploads\/2025\/05\/coney-pendant-amber-4b6eae2e99a5d9071cf7a67baecf5851.jpg","type":"image\/jpeg"}],"twitter_card":"summary_large_image","schema":{"@context":"https:\/\/schema.org","@graph":[{"@type":"WebPage","@id":"https:\/\/hubsch-interior.com\/de\/produkt\/coney-hangelampe-bernstein\/","url":"https:\/\/hubsch-interior.com\/de\/produkt\/coney-hangelampe-bernstein\/","name":"Coney H\u00e4ngelampe Bernstein - H\u00fcbsch","isPartOf":{"@id":"https:\/\/hubsch-interior.com\/de\/#website"},"primaryImageOfPage":{"@id":"https:\/\/hubsch-interior.com\/de\/produkt\/coney-hangelampe-bernstein\/#primaryimage"},"image":{"@id":"https:\/\/hubsch-interior.com\/de\/produkt\/coney-hangelampe-bernstein\/#primaryimage"},"thumbnailUrl":"https:\/\/hubsch-interior.com\/wp-content\/uploads\/2026\/02\/coney-pendant-amber-3ac9073ebbbc7a96a3ab579328de8400.jpg","datePublished":"2021-06-13T21:08:12+00:00","dateModified":"2026-04-09T03:15:38+00:00","description":"Diese skurrile braune Metallpendelleuchte ist die perfekte Wahl f\u00fcr Ihre Decke. Die Deckenleuchte ist nicht nur ein toller Begleiter in Ihrer bevorzugten","breadcrumb":{"@id":"https:\/\/hubsch-interior.com\/de\/produkt\/coney-hangelampe-bernstein\/#breadcrumb"},"inLanguage":"de","potentialAction":[{"@type":"ReadAction","target":["https:\/\/hubsch-interior.com\/de\/produkt\/coney-hangelampe-bernstein\/"]}]},{"@type":"ImageObject","inLanguage":"de","@id":"https:\/\/hubsch-interior.com\/de\/produkt\/coney-hangelampe-bernstein\/#primaryimage","url":"https:\/\/hubsch-interior.com\/wp-content\/uploads\/2026\/02\/coney-pendant-amber-3ac9073ebbbc7a96a3ab579328de8400.jpg","contentUrl":"https:\/\/hubsch-interior.com\/wp-content\/uploads\/2026\/02\/coney-pendant-amber-3ac9073ebbbc7a96a3ab579328de8400.jpg","width":1024,"height":1024},{"@type":"BreadcrumbList","@id":"https:\/\/hubsch-interior.com\/de\/produkt\/coney-hangelampe-bernstein\/#breadcrumb","itemListElement":[{"@type":"ListItem","position":1,"name":"Startseite","item":"https:\/\/hubsch-interior.com\/de\/"},{"@type":"ListItem","position":2,"name":"Produkte","item":"https:\/\/hubsch-interior.com\/de\/shop-2\/"},{"@type":"ListItem","position":3,"name":"Beleuchtung","item":"https:\/\/hubsch-interior.com\/de\/produkt-kategorie\/beleuchtung\/"},{"@type":"ListItem","position":4,"name":"H&auml;ngelampen","item":"https:\/\/hubsch-interior.com\/de\/produkt-kategorie\/beleuchtung\/haengelampen-de\/"},{"@type":"ListItem","position":5,"name":"Coney H\u00e4ngelampe Bernstein"}]},{"@type":"WebSite","@id":"https:\/\/hubsch-interior.com\/de\/#website","url":"https:\/\/hubsch-interior.com\/de\/","name":"H\u00fcbsch","description":"Danish Home Interior and Design","publisher":{"@id":"https:\/\/hubsch-interior.com\/de\/#organization"},"potentialAction":[{"@type":"SearchAction","target":{"@type":"EntryPoint","urlTemplate":"https:\/\/hubsch-interior.com\/de\/?s={search_term_string}"},"query-input":{"@type":"PropertyValueSpecification","valueRequired":true,"valueName":"search_term_string"}}],"inLanguage":"de"},{"@type":"Organization","@id":"https:\/\/hubsch-interior.com\/de\/#organization","name":"H\u00fcbsch","url":"https:\/\/hubsch-interior.com\/de\/","logo":{"@type":"ImageObject","inLanguage":"de","@id":"https:\/\/hubsch-interior.com\/de\/#\/schema\/logo\/image\/","url":"https:\/\/hubsch-interior.com\/wp-content\/uploads\/2022\/12\/Hubsch_logo_black_one_line.svg","contentUrl":"https:\/\/hubsch-interior.com\/wp-content\/uploads\/2022\/12\/Hubsch_logo_black_one_line.svg","caption":"H\u00fcbsch"},"image":{"@id":"https:\/\/hubsch-interior.com\/de\/#\/schema\/logo\/image\/"}}]}},"_links":{"self":[{"href":"https:\/\/hubsch-interior.com\/de\/wp-json\/wp\/v2\/product\/398677","targetHints":{"allow":["GET"]}}],"collection":[{"href":"https:\/\/hubsch-interior.com\/de\/wp-json\/wp\/v2\/product"}],"about":[{"href":"https:\/\/hubsch-interior.com\/de\/wp-json\/wp\/v2\/types\/product"}],"wp:featuredmedia":[{"embeddable":true,"href":"https:\/\/hubsch-interior.com\/de\/wp-json\/wp\/v2\/media\/1109815"}],"wp:attachment":[{"href":"https:\/\/hubsch-interior.com\/de\/wp-json\/wp\/v2\/media?parent=398677"}],"wp:term":[{"taxonomy":"product_brand","embeddable":true,"href":"https:\/\/hubsch-interior.com\/de\/wp-json\/wp\/v2\/product_brand?post=398677"},{"taxonomy":"product_cat","embeddable":true,"href":"https:\/\/hubsch-interior.com\/de\/wp-json\/wp\/v2\/product_cat?post=398677"},{"taxonomy":"product_tag","embeddable":true,"href":"https:\/\/hubsch-interior.com\/de\/wp-json\/wp\/v2\/product_tag?post=398677"}],"curies":[{"name":"wp","href":"https:\/\/api.w.org\/{rel}","templated":true}]}}