{"id":398689,"date":"2021-06-13T23:08:20","date_gmt":"2021-06-13T21:08:20","guid":{"rendered":"https:\/\/hubsch-interior.com\/shop-b2c\/product\/product\/"},"modified":"2026-04-09T05:15:44","modified_gmt":"2026-04-09T03:15:44","slug":"podium-tischlampe-bernstein","status":"publish","type":"product","link":"https:\/\/hubsch-interior.com\/de\/produkt\/podium-tischlampe-bernstein\/","title":{"rendered":"Podium Tischlampe Bernstein"},"content":{"rendered":"<p>So skurril, warm und wundervoll zur gleichen Zeit. Der bernsteinfarbene Sockel und der strukturierte gelbe Glasschirm verleihen jedem Raum Gem\u00fctlichkeit und bringen Licht in jede triste Ecke oder auf eine schlichte Tischplatte. Mit der leuchtenden Farbe erinnert die Podium-Tischleuchte an einen Sonnenuntergang und l\u00e4dt zu stundenlangen, angenehmen Gespr\u00e4chen oder zum Entspannen ein. Die fr\u00f6hliche Ausstrahlung der Leuchte f\u00e4rbt einfach auf ihre Umgebung ab.<\/p>\n","protected":false},"excerpt":{"rendered":"<p>So skurril, warm und wundervoll zur gleichen Zeit. Der bernsteinfarbene Sockel und der strukturierte gelbe Glasschirm verleihen jedem Raum Gem\u00fctlichkeit und bringen Licht in jede triste Ecke oder auf eine schlichte Tischplatte. Mit der leuchtenden Farbe erinnert die Podium-Tischleuchte an einen Sonnenuntergang und l\u00e4dt zu stundenlangen, angenehmen Gespr\u00e4chen oder zum Entspannen ein. Die fr\u00f6hliche Ausstrahlung [&hellip;]<\/p>\n","protected":false},"featured_media":1113130,"template":"","meta":{"_acf_changed":false,"inline_featured_image":false},"product_brand":[],"product_cat":[3809,3501,5027],"product_tag":[],"class_list":{"0":"post-398689","1":"product","2":"type-product","3":"status-publish","4":"has-post-thumbnail","6":"product_cat-beleuchtung","7":"product_cat-tischlampen-de","8":"product_cat-bestsellers-de","9":"product_shipping_class-pk","11":"pa_color-bernstein","12":"pa_material-eisen-de","13":"pa_material-glas-de","15":"first","16":"instock","17":"featured","18":"taxable","19":"shipping-taxable","20":"purchasable","21":"product-type-simple"},"exclude_global_add_ons":[],"addons":[],"acf":[],"yoast_head":"<!-- This site is optimized with the Yoast SEO plugin v26.4 - https:\/\/yoast.com\/wordpress\/plugins\/seo\/ -->\n<title>Podium Tischlampe Bernstein - H\u00fcbsch<\/title>\n<meta name=\"description\" content=\"So skurril, warm und wundervoll zur gleichen Zeit. Der bernsteinfarbene Sockel und der strukturierte gelbe Glasschirm verleihen jedem Raum Gem\u00fctlichkeit\" \/>\n<meta name=\"robots\" content=\"index, follow, max-snippet:-1, max-image-preview:large, max-video-preview:-1\" \/>\n<link rel=\"canonical\" href=\"https:\/\/hubsch-interior.com\/de\/wp-json\/wp\/v2\/product\/398689\" \/>\n<meta property=\"og:locale\" content=\"de_DE\" \/>\n<meta property=\"og:type\" content=\"article\" \/>\n<meta property=\"og:title\" content=\"Podium Tischlampe Bernstein - H\u00fcbsch\" \/>\n<meta property=\"og:description\" content=\"So skurril, warm und wundervoll zur gleichen Zeit. Der bernsteinfarbene Sockel und der strukturierte gelbe Glasschirm verleihen jedem Raum Gem\u00fctlichkeit\" \/>\n<meta property=\"og:url\" content=\"https:\/\/hubsch-interior.com\/de\/produkt\/podium-tischlampe-bernstein\/\" \/>\n<meta property=\"og:site_name\" content=\"H\u00fcbsch\" \/>\n<meta property=\"article:modified_time\" content=\"2026-04-09T03:15:44+00:00\" \/>\n<meta property=\"og:image\" content=\"https:\/\/hubsch-interior.com\/wp-content\/uploads\/2024\/01\/podium-table-lamp-amber-f8e98bf17d5da8458614643dfe969944.jpg\" \/>\n\t<meta property=\"og:image:width\" content=\"1200\" \/>\n\t<meta property=\"og:image:height\" content=\"1200\" \/>\n\t<meta property=\"og:image:type\" content=\"image\/jpeg\" \/>\n<meta name=\"twitter:card\" content=\"summary_large_image\" \/>\n<script type=\"application\/ld+json\" class=\"yoast-schema-graph\">{\"@context\":\"https:\/\/schema.org\",\"@graph\":[{\"@type\":\"WebPage\",\"@id\":\"https:\/\/hubsch-interior.com\/de\/produkt\/podium-tischlampe-bernstein\/\",\"url\":\"https:\/\/hubsch-interior.com\/de\/produkt\/podium-tischlampe-bernstein\/\",\"name\":\"Podium Tischlampe Bernstein - H\u00fcbsch\",\"isPartOf\":{\"@id\":\"https:\/\/hubsch-interior.com\/de\/#website\"},\"primaryImageOfPage\":{\"@id\":\"https:\/\/hubsch-interior.com\/de\/produkt\/podium-tischlampe-bernstein\/#primaryimage\"},\"image\":{\"@id\":\"https:\/\/hubsch-interior.com\/de\/produkt\/podium-tischlampe-bernstein\/#primaryimage\"},\"thumbnailUrl\":\"https:\/\/hubsch-interior.com\/wp-content\/uploads\/2026\/02\/podium-table-lamp-amber-bab7ad64014e28c0d291fb12699a5d9b.jpg\",\"datePublished\":\"2021-06-13T21:08:20+00:00\",\"dateModified\":\"2026-04-09T03:15:44+00:00\",\"description\":\"So skurril, warm und wundervoll zur gleichen Zeit. Der bernsteinfarbene Sockel und der strukturierte gelbe Glasschirm verleihen jedem Raum Gem\u00fctlichkeit\",\"breadcrumb\":{\"@id\":\"https:\/\/hubsch-interior.com\/de\/produkt\/podium-tischlampe-bernstein\/#breadcrumb\"},\"inLanguage\":\"de\",\"potentialAction\":[{\"@type\":\"ReadAction\",\"target\":[\"https:\/\/hubsch-interior.com\/de\/produkt\/podium-tischlampe-bernstein\/\"]}]},{\"@type\":\"ImageObject\",\"inLanguage\":\"de\",\"@id\":\"https:\/\/hubsch-interior.com\/de\/produkt\/podium-tischlampe-bernstein\/#primaryimage\",\"url\":\"https:\/\/hubsch-interior.com\/wp-content\/uploads\/2026\/02\/podium-table-lamp-amber-bab7ad64014e28c0d291fb12699a5d9b.jpg\",\"contentUrl\":\"https:\/\/hubsch-interior.com\/wp-content\/uploads\/2026\/02\/podium-table-lamp-amber-bab7ad64014e28c0d291fb12699a5d9b.jpg\",\"width\":1024,\"height\":1024},{\"@type\":\"BreadcrumbList\",\"@id\":\"https:\/\/hubsch-interior.com\/de\/produkt\/podium-tischlampe-bernstein\/#breadcrumb\",\"itemListElement\":[{\"@type\":\"ListItem\",\"position\":1,\"name\":\"Startseite\",\"item\":\"https:\/\/hubsch-interior.com\/de\/\"},{\"@type\":\"ListItem\",\"position\":2,\"name\":\"Produkte\",\"item\":\"https:\/\/hubsch-interior.com\/de\/shop-2\/\"},{\"@type\":\"ListItem\",\"position\":3,\"name\":\"Beleuchtung\",\"item\":\"https:\/\/hubsch-interior.com\/de\/produkt-kategorie\/beleuchtung\/\"},{\"@type\":\"ListItem\",\"position\":4,\"name\":\"Tischlampen\",\"item\":\"https:\/\/hubsch-interior.com\/de\/produkt-kategorie\/beleuchtung\/tischlampen-de\/\"},{\"@type\":\"ListItem\",\"position\":5,\"name\":\"Podium Tischlampe Bernstein\"}]},{\"@type\":\"WebSite\",\"@id\":\"https:\/\/hubsch-interior.com\/de\/#website\",\"url\":\"https:\/\/hubsch-interior.com\/de\/\",\"name\":\"H\u00fcbsch\",\"description\":\"Danish Home Interior and Design\",\"publisher\":{\"@id\":\"https:\/\/hubsch-interior.com\/de\/#organization\"},\"potentialAction\":[{\"@type\":\"SearchAction\",\"target\":{\"@type\":\"EntryPoint\",\"urlTemplate\":\"https:\/\/hubsch-interior.com\/de\/?s={search_term_string}\"},\"query-input\":{\"@type\":\"PropertyValueSpecification\",\"valueRequired\":true,\"valueName\":\"search_term_string\"}}],\"inLanguage\":\"de\"},{\"@type\":\"Organization\",\"@id\":\"https:\/\/hubsch-interior.com\/de\/#organization\",\"name\":\"H\u00fcbsch\",\"url\":\"https:\/\/hubsch-interior.com\/de\/\",\"logo\":{\"@type\":\"ImageObject\",\"inLanguage\":\"de\",\"@id\":\"https:\/\/hubsch-interior.com\/de\/#\/schema\/logo\/image\/\",\"url\":\"https:\/\/hubsch-interior.com\/wp-content\/uploads\/2022\/12\/Hubsch_logo_black_one_line.svg\",\"contentUrl\":\"https:\/\/hubsch-interior.com\/wp-content\/uploads\/2022\/12\/Hubsch_logo_black_one_line.svg\",\"caption\":\"H\u00fcbsch\"},\"image\":{\"@id\":\"https:\/\/hubsch-interior.com\/de\/#\/schema\/logo\/image\/\"}}]}<\/script>\n<!-- \/ Yoast SEO plugin. -->","yoast_head_json":{"title":"Podium Tischlampe Bernstein - H\u00fcbsch","description":"So skurril, warm und wundervoll zur gleichen Zeit. Der bernsteinfarbene Sockel und der strukturierte gelbe Glasschirm verleihen jedem Raum Gem\u00fctlichkeit","robots":{"index":"index","follow":"follow","max-snippet":"max-snippet:-1","max-image-preview":"max-image-preview:large","max-video-preview":"max-video-preview:-1"},"canonical":"https:\/\/hubsch-interior.com\/de\/wp-json\/wp\/v2\/product\/398689","og_locale":"de_DE","og_type":"article","og_title":"Podium Tischlampe Bernstein - H\u00fcbsch","og_description":"So skurril, warm und wundervoll zur gleichen Zeit. Der bernsteinfarbene Sockel und der strukturierte gelbe Glasschirm verleihen jedem Raum Gem\u00fctlichkeit","og_url":"https:\/\/hubsch-interior.com\/de\/produkt\/podium-tischlampe-bernstein\/","og_site_name":"H\u00fcbsch","article_modified_time":"2026-04-09T03:15:44+00:00","og_image":[{"width":1200,"height":1200,"url":"https:\/\/hubsch-interior.com\/wp-content\/uploads\/2024\/01\/podium-table-lamp-amber-f8e98bf17d5da8458614643dfe969944.jpg","type":"image\/jpeg"}],"twitter_card":"summary_large_image","schema":{"@context":"https:\/\/schema.org","@graph":[{"@type":"WebPage","@id":"https:\/\/hubsch-interior.com\/de\/produkt\/podium-tischlampe-bernstein\/","url":"https:\/\/hubsch-interior.com\/de\/produkt\/podium-tischlampe-bernstein\/","name":"Podium Tischlampe Bernstein - H\u00fcbsch","isPartOf":{"@id":"https:\/\/hubsch-interior.com\/de\/#website"},"primaryImageOfPage":{"@id":"https:\/\/hubsch-interior.com\/de\/produkt\/podium-tischlampe-bernstein\/#primaryimage"},"image":{"@id":"https:\/\/hubsch-interior.com\/de\/produkt\/podium-tischlampe-bernstein\/#primaryimage"},"thumbnailUrl":"https:\/\/hubsch-interior.com\/wp-content\/uploads\/2026\/02\/podium-table-lamp-amber-bab7ad64014e28c0d291fb12699a5d9b.jpg","datePublished":"2021-06-13T21:08:20+00:00","dateModified":"2026-04-09T03:15:44+00:00","description":"So skurril, warm und wundervoll zur gleichen Zeit. Der bernsteinfarbene Sockel und der strukturierte gelbe Glasschirm verleihen jedem Raum Gem\u00fctlichkeit","breadcrumb":{"@id":"https:\/\/hubsch-interior.com\/de\/produkt\/podium-tischlampe-bernstein\/#breadcrumb"},"inLanguage":"de","potentialAction":[{"@type":"ReadAction","target":["https:\/\/hubsch-interior.com\/de\/produkt\/podium-tischlampe-bernstein\/"]}]},{"@type":"ImageObject","inLanguage":"de","@id":"https:\/\/hubsch-interior.com\/de\/produkt\/podium-tischlampe-bernstein\/#primaryimage","url":"https:\/\/hubsch-interior.com\/wp-content\/uploads\/2026\/02\/podium-table-lamp-amber-bab7ad64014e28c0d291fb12699a5d9b.jpg","contentUrl":"https:\/\/hubsch-interior.com\/wp-content\/uploads\/2026\/02\/podium-table-lamp-amber-bab7ad64014e28c0d291fb12699a5d9b.jpg","width":1024,"height":1024},{"@type":"BreadcrumbList","@id":"https:\/\/hubsch-interior.com\/de\/produkt\/podium-tischlampe-bernstein\/#breadcrumb","itemListElement":[{"@type":"ListItem","position":1,"name":"Startseite","item":"https:\/\/hubsch-interior.com\/de\/"},{"@type":"ListItem","position":2,"name":"Produkte","item":"https:\/\/hubsch-interior.com\/de\/shop-2\/"},{"@type":"ListItem","position":3,"name":"Beleuchtung","item":"https:\/\/hubsch-interior.com\/de\/produkt-kategorie\/beleuchtung\/"},{"@type":"ListItem","position":4,"name":"Tischlampen","item":"https:\/\/hubsch-interior.com\/de\/produkt-kategorie\/beleuchtung\/tischlampen-de\/"},{"@type":"ListItem","position":5,"name":"Podium Tischlampe Bernstein"}]},{"@type":"WebSite","@id":"https:\/\/hubsch-interior.com\/de\/#website","url":"https:\/\/hubsch-interior.com\/de\/","name":"H\u00fcbsch","description":"Danish Home Interior and Design","publisher":{"@id":"https:\/\/hubsch-interior.com\/de\/#organization"},"potentialAction":[{"@type":"SearchAction","target":{"@type":"EntryPoint","urlTemplate":"https:\/\/hubsch-interior.com\/de\/?s={search_term_string}"},"query-input":{"@type":"PropertyValueSpecification","valueRequired":true,"valueName":"search_term_string"}}],"inLanguage":"de"},{"@type":"Organization","@id":"https:\/\/hubsch-interior.com\/de\/#organization","name":"H\u00fcbsch","url":"https:\/\/hubsch-interior.com\/de\/","logo":{"@type":"ImageObject","inLanguage":"de","@id":"https:\/\/hubsch-interior.com\/de\/#\/schema\/logo\/image\/","url":"https:\/\/hubsch-interior.com\/wp-content\/uploads\/2022\/12\/Hubsch_logo_black_one_line.svg","contentUrl":"https:\/\/hubsch-interior.com\/wp-content\/uploads\/2022\/12\/Hubsch_logo_black_one_line.svg","caption":"H\u00fcbsch"},"image":{"@id":"https:\/\/hubsch-interior.com\/de\/#\/schema\/logo\/image\/"}}]}},"_links":{"self":[{"href":"https:\/\/hubsch-interior.com\/de\/wp-json\/wp\/v2\/product\/398689","targetHints":{"allow":["GET"]}}],"collection":[{"href":"https:\/\/hubsch-interior.com\/de\/wp-json\/wp\/v2\/product"}],"about":[{"href":"https:\/\/hubsch-interior.com\/de\/wp-json\/wp\/v2\/types\/product"}],"wp:featuredmedia":[{"embeddable":true,"href":"https:\/\/hubsch-interior.com\/de\/wp-json\/wp\/v2\/media\/1113130"}],"wp:attachment":[{"href":"https:\/\/hubsch-interior.com\/de\/wp-json\/wp\/v2\/media?parent=398689"}],"wp:term":[{"taxonomy":"product_brand","embeddable":true,"href":"https:\/\/hubsch-interior.com\/de\/wp-json\/wp\/v2\/product_brand?post=398689"},{"taxonomy":"product_cat","embeddable":true,"href":"https:\/\/hubsch-interior.com\/de\/wp-json\/wp\/v2\/product_cat?post=398689"},{"taxonomy":"product_tag","embeddable":true,"href":"https:\/\/hubsch-interior.com\/de\/wp-json\/wp\/v2\/product_tag?post=398689"}],"curies":[{"name":"wp","href":"https:\/\/api.w.org\/{rel}","templated":true}]}}