{"id":398693,"date":"2021-06-13T23:08:23","date_gmt":"2021-06-13T21:08:23","guid":{"rendered":"https:\/\/hubsch-interior.com\/shop-b2c\/product\/product\/"},"modified":"2026-04-09T05:15:49","modified_gmt":"2026-04-09T03:15:49","slug":"kiosk-kuchenrollenhalter-blau-rosa","status":"publish","type":"product","link":"https:\/\/hubsch-interior.com\/de\/produkt\/kiosk-kuchenrollenhalter-blau-rosa\/","title":{"rendered":"Kiosk K\u00fcchenrollenhalter Blau\/Rosa"},"content":{"rendered":"<p>Wenn Sie jemals einen atemberaubenden K\u00fcchenrollenhalter brauchen (und wir wissen, dass Sie das tun), dann ist dies der richtige! Ja. Wir wissen es. Wir wissen, dass die K\u00fcchenrolle auf den K\u00fcchenrollenhalter geh\u00f6rt. Trotzdem ist dieses St\u00fcck mit und ohne K\u00fcchenrolle genauso sch\u00f6n. Die Kombination aus rosa und blauem Kristallglas ist einfach fantastisch \u2013 finden Sie nicht auch?<\/p>\n","protected":false},"excerpt":{"rendered":"<p>Wenn Sie jemals einen atemberaubenden K\u00fcchenrollenhalter brauchen (und wir wissen, dass Sie das tun), dann ist dies der richtige! Ja. Wir wissen es. Wir wissen, dass die K\u00fcchenrolle auf den K\u00fcchenrollenhalter geh\u00f6rt. Trotzdem ist dieses St\u00fcck mit und ohne K\u00fcchenrolle genauso sch\u00f6n. Die Kombination aus rosa und blauem Kristallglas ist einfach fantastisch \u2013 finden Sie [&hellip;]<\/p>\n","protected":false},"featured_media":1109879,"template":"","meta":{"_acf_changed":false,"inline_featured_image":false},"product_brand":[],"product_cat":[7060,6972,7029,6349,4055,4096,5027,6519],"product_tag":[],"class_list":{"0":"post-398693","1":"product","2":"type-product","3":"status-publish","4":"has-post-thumbnail","6":"product_cat-kuechenrollenhalter-de","7":"product_cat-oster-sale","8":"product_cat-tischgeschirr-de-2","9":"product_cat-garden-selection-de","10":"product_cat-kuechenzubehoer-de","11":"product_cat-tischgeschirr-de","12":"product_cat-bestsellers-de","13":"product_cat-outlet-de","14":"product_shipping_class-pk","16":"pa_color-rosa-de","17":"pa_color-blau-2","18":"pa_material-kristall-de","20":"first","21":"instock","22":"sale","23":"featured","24":"taxable","25":"shipping-taxable","26":"purchasable","27":"product-type-simple"},"exclude_global_add_ons":[],"addons":[],"acf":[],"yoast_head":"<!-- This site is optimized with the Yoast SEO plugin v26.4 - https:\/\/yoast.com\/wordpress\/plugins\/seo\/ -->\n<title>Kiosk K\u00fcchenrollenhalter Blau\/Rosa - H\u00fcbsch<\/title>\n<meta name=\"description\" content=\"Wenn Sie jemals einen atemberaubenden K\u00fcchenrollenhalter brauchen (und wir wissen, dass Sie das tun), dann ist dies der richtige! Ja. Wir wissen es. Wir\" \/>\n<meta name=\"robots\" content=\"index, follow, max-snippet:-1, max-image-preview:large, max-video-preview:-1\" \/>\n<link rel=\"canonical\" href=\"https:\/\/hubsch-interior.com\/de\/wp-json\/wp\/v2\/product\/398693\" \/>\n<meta property=\"og:locale\" content=\"de_DE\" \/>\n<meta property=\"og:type\" content=\"article\" \/>\n<meta property=\"og:title\" content=\"Kiosk K\u00fcchenrollenhalter Blau\/Rosa - H\u00fcbsch\" \/>\n<meta property=\"og:description\" content=\"Wenn Sie jemals einen atemberaubenden K\u00fcchenrollenhalter brauchen (und wir wissen, dass Sie das tun), dann ist dies der richtige! Ja. Wir wissen es. Wir\" \/>\n<meta property=\"og:url\" content=\"https:\/\/hubsch-interior.com\/de\/produkt\/kiosk-kuchenrollenhalter-blau-rosa\/\" \/>\n<meta property=\"og:site_name\" content=\"H\u00fcbsch\" \/>\n<meta property=\"article:modified_time\" content=\"2026-04-09T03:15:49+00:00\" \/>\n<meta property=\"og:image\" content=\"https:\/\/hubsch-interior.com\/wp-content\/uploads\/2025\/05\/kiosk-kitchen-roll-holder-bluepink-59f2a3bcaa024e84eba5c6a7da94ac8d.jpg\" \/>\n\t<meta property=\"og:image:width\" content=\"1200\" \/>\n\t<meta property=\"og:image:height\" content=\"1200\" \/>\n\t<meta property=\"og:image:type\" content=\"image\/jpeg\" \/>\n<meta name=\"twitter:card\" content=\"summary_large_image\" \/>\n<script type=\"application\/ld+json\" class=\"yoast-schema-graph\">{\"@context\":\"https:\/\/schema.org\",\"@graph\":[{\"@type\":\"WebPage\",\"@id\":\"https:\/\/hubsch-interior.com\/de\/produkt\/kiosk-kuchenrollenhalter-blau-rosa\/\",\"url\":\"https:\/\/hubsch-interior.com\/de\/produkt\/kiosk-kuchenrollenhalter-blau-rosa\/\",\"name\":\"Kiosk K\u00fcchenrollenhalter Blau\/Rosa - H\u00fcbsch\",\"isPartOf\":{\"@id\":\"https:\/\/hubsch-interior.com\/de\/#website\"},\"primaryImageOfPage\":{\"@id\":\"https:\/\/hubsch-interior.com\/de\/produkt\/kiosk-kuchenrollenhalter-blau-rosa\/#primaryimage\"},\"image\":{\"@id\":\"https:\/\/hubsch-interior.com\/de\/produkt\/kiosk-kuchenrollenhalter-blau-rosa\/#primaryimage\"},\"thumbnailUrl\":\"https:\/\/hubsch-interior.com\/wp-content\/uploads\/2026\/02\/kiosk-kitchen-roll-holder-bluepink-ef773fa7d92364ef0481fd994170a344.jpg\",\"datePublished\":\"2021-06-13T21:08:23+00:00\",\"dateModified\":\"2026-04-09T03:15:49+00:00\",\"description\":\"Wenn Sie jemals einen atemberaubenden K\u00fcchenrollenhalter brauchen (und wir wissen, dass Sie das tun), dann ist dies der richtige! Ja. Wir wissen es. Wir\",\"breadcrumb\":{\"@id\":\"https:\/\/hubsch-interior.com\/de\/produkt\/kiosk-kuchenrollenhalter-blau-rosa\/#breadcrumb\"},\"inLanguage\":\"de\",\"potentialAction\":[{\"@type\":\"ReadAction\",\"target\":[\"https:\/\/hubsch-interior.com\/de\/produkt\/kiosk-kuchenrollenhalter-blau-rosa\/\"]}]},{\"@type\":\"ImageObject\",\"inLanguage\":\"de\",\"@id\":\"https:\/\/hubsch-interior.com\/de\/produkt\/kiosk-kuchenrollenhalter-blau-rosa\/#primaryimage\",\"url\":\"https:\/\/hubsch-interior.com\/wp-content\/uploads\/2026\/02\/kiosk-kitchen-roll-holder-bluepink-ef773fa7d92364ef0481fd994170a344.jpg\",\"contentUrl\":\"https:\/\/hubsch-interior.com\/wp-content\/uploads\/2026\/02\/kiosk-kitchen-roll-holder-bluepink-ef773fa7d92364ef0481fd994170a344.jpg\",\"width\":1024,\"height\":1024},{\"@type\":\"BreadcrumbList\",\"@id\":\"https:\/\/hubsch-interior.com\/de\/produkt\/kiosk-kuchenrollenhalter-blau-rosa\/#breadcrumb\",\"itemListElement\":[{\"@type\":\"ListItem\",\"position\":1,\"name\":\"Startseite\",\"item\":\"https:\/\/hubsch-interior.com\/de\/\"},{\"@type\":\"ListItem\",\"position\":2,\"name\":\"Produkte\",\"item\":\"https:\/\/hubsch-interior.com\/de\/shop-2\/\"},{\"@type\":\"ListItem\",\"position\":3,\"name\":\"K\u00fcche\",\"item\":\"https:\/\/hubsch-interior.com\/de\/produkt-kategorie\/kuche\/\"},{\"@type\":\"ListItem\",\"position\":4,\"name\":\"Tischgeschirr\",\"item\":\"https:\/\/hubsch-interior.com\/de\/produkt-kategorie\/kuche\/tischgeschirr-de-2\/\"},{\"@type\":\"ListItem\",\"position\":5,\"name\":\"K&uuml;chenrollenhalter\",\"item\":\"https:\/\/hubsch-interior.com\/de\/produkt-kategorie\/kuche\/tischgeschirr-de-2\/kuechenrollenhalter-de\/\"},{\"@type\":\"ListItem\",\"position\":6,\"name\":\"Kiosk K\u00fcchenrollenhalter Blau\/Rosa\"}]},{\"@type\":\"WebSite\",\"@id\":\"https:\/\/hubsch-interior.com\/de\/#website\",\"url\":\"https:\/\/hubsch-interior.com\/de\/\",\"name\":\"H\u00fcbsch\",\"description\":\"Danish Home Interior and Design\",\"publisher\":{\"@id\":\"https:\/\/hubsch-interior.com\/de\/#organization\"},\"potentialAction\":[{\"@type\":\"SearchAction\",\"target\":{\"@type\":\"EntryPoint\",\"urlTemplate\":\"https:\/\/hubsch-interior.com\/de\/?s={search_term_string}\"},\"query-input\":{\"@type\":\"PropertyValueSpecification\",\"valueRequired\":true,\"valueName\":\"search_term_string\"}}],\"inLanguage\":\"de\"},{\"@type\":\"Organization\",\"@id\":\"https:\/\/hubsch-interior.com\/de\/#organization\",\"name\":\"H\u00fcbsch\",\"url\":\"https:\/\/hubsch-interior.com\/de\/\",\"logo\":{\"@type\":\"ImageObject\",\"inLanguage\":\"de\",\"@id\":\"https:\/\/hubsch-interior.com\/de\/#\/schema\/logo\/image\/\",\"url\":\"https:\/\/hubsch-interior.com\/wp-content\/uploads\/2022\/12\/Hubsch_logo_black_one_line.svg\",\"contentUrl\":\"https:\/\/hubsch-interior.com\/wp-content\/uploads\/2022\/12\/Hubsch_logo_black_one_line.svg\",\"caption\":\"H\u00fcbsch\"},\"image\":{\"@id\":\"https:\/\/hubsch-interior.com\/de\/#\/schema\/logo\/image\/\"}}]}<\/script>\n<!-- \/ Yoast SEO plugin. -->","yoast_head_json":{"title":"Kiosk K\u00fcchenrollenhalter Blau\/Rosa - H\u00fcbsch","description":"Wenn Sie jemals einen atemberaubenden K\u00fcchenrollenhalter brauchen (und wir wissen, dass Sie das tun), dann ist dies der richtige! Ja. Wir wissen es. Wir","robots":{"index":"index","follow":"follow","max-snippet":"max-snippet:-1","max-image-preview":"max-image-preview:large","max-video-preview":"max-video-preview:-1"},"canonical":"https:\/\/hubsch-interior.com\/de\/wp-json\/wp\/v2\/product\/398693","og_locale":"de_DE","og_type":"article","og_title":"Kiosk K\u00fcchenrollenhalter Blau\/Rosa - H\u00fcbsch","og_description":"Wenn Sie jemals einen atemberaubenden K\u00fcchenrollenhalter brauchen (und wir wissen, dass Sie das tun), dann ist dies der richtige! Ja. Wir wissen es. Wir","og_url":"https:\/\/hubsch-interior.com\/de\/produkt\/kiosk-kuchenrollenhalter-blau-rosa\/","og_site_name":"H\u00fcbsch","article_modified_time":"2026-04-09T03:15:49+00:00","og_image":[{"width":1200,"height":1200,"url":"https:\/\/hubsch-interior.com\/wp-content\/uploads\/2025\/05\/kiosk-kitchen-roll-holder-bluepink-59f2a3bcaa024e84eba5c6a7da94ac8d.jpg","type":"image\/jpeg"}],"twitter_card":"summary_large_image","schema":{"@context":"https:\/\/schema.org","@graph":[{"@type":"WebPage","@id":"https:\/\/hubsch-interior.com\/de\/produkt\/kiosk-kuchenrollenhalter-blau-rosa\/","url":"https:\/\/hubsch-interior.com\/de\/produkt\/kiosk-kuchenrollenhalter-blau-rosa\/","name":"Kiosk K\u00fcchenrollenhalter Blau\/Rosa - H\u00fcbsch","isPartOf":{"@id":"https:\/\/hubsch-interior.com\/de\/#website"},"primaryImageOfPage":{"@id":"https:\/\/hubsch-interior.com\/de\/produkt\/kiosk-kuchenrollenhalter-blau-rosa\/#primaryimage"},"image":{"@id":"https:\/\/hubsch-interior.com\/de\/produkt\/kiosk-kuchenrollenhalter-blau-rosa\/#primaryimage"},"thumbnailUrl":"https:\/\/hubsch-interior.com\/wp-content\/uploads\/2026\/02\/kiosk-kitchen-roll-holder-bluepink-ef773fa7d92364ef0481fd994170a344.jpg","datePublished":"2021-06-13T21:08:23+00:00","dateModified":"2026-04-09T03:15:49+00:00","description":"Wenn Sie jemals einen atemberaubenden K\u00fcchenrollenhalter brauchen (und wir wissen, dass Sie das tun), dann ist dies der richtige! Ja. Wir wissen es. Wir","breadcrumb":{"@id":"https:\/\/hubsch-interior.com\/de\/produkt\/kiosk-kuchenrollenhalter-blau-rosa\/#breadcrumb"},"inLanguage":"de","potentialAction":[{"@type":"ReadAction","target":["https:\/\/hubsch-interior.com\/de\/produkt\/kiosk-kuchenrollenhalter-blau-rosa\/"]}]},{"@type":"ImageObject","inLanguage":"de","@id":"https:\/\/hubsch-interior.com\/de\/produkt\/kiosk-kuchenrollenhalter-blau-rosa\/#primaryimage","url":"https:\/\/hubsch-interior.com\/wp-content\/uploads\/2026\/02\/kiosk-kitchen-roll-holder-bluepink-ef773fa7d92364ef0481fd994170a344.jpg","contentUrl":"https:\/\/hubsch-interior.com\/wp-content\/uploads\/2026\/02\/kiosk-kitchen-roll-holder-bluepink-ef773fa7d92364ef0481fd994170a344.jpg","width":1024,"height":1024},{"@type":"BreadcrumbList","@id":"https:\/\/hubsch-interior.com\/de\/produkt\/kiosk-kuchenrollenhalter-blau-rosa\/#breadcrumb","itemListElement":[{"@type":"ListItem","position":1,"name":"Startseite","item":"https:\/\/hubsch-interior.com\/de\/"},{"@type":"ListItem","position":2,"name":"Produkte","item":"https:\/\/hubsch-interior.com\/de\/shop-2\/"},{"@type":"ListItem","position":3,"name":"K\u00fcche","item":"https:\/\/hubsch-interior.com\/de\/produkt-kategorie\/kuche\/"},{"@type":"ListItem","position":4,"name":"Tischgeschirr","item":"https:\/\/hubsch-interior.com\/de\/produkt-kategorie\/kuche\/tischgeschirr-de-2\/"},{"@type":"ListItem","position":5,"name":"K&uuml;chenrollenhalter","item":"https:\/\/hubsch-interior.com\/de\/produkt-kategorie\/kuche\/tischgeschirr-de-2\/kuechenrollenhalter-de\/"},{"@type":"ListItem","position":6,"name":"Kiosk K\u00fcchenrollenhalter Blau\/Rosa"}]},{"@type":"WebSite","@id":"https:\/\/hubsch-interior.com\/de\/#website","url":"https:\/\/hubsch-interior.com\/de\/","name":"H\u00fcbsch","description":"Danish Home Interior and Design","publisher":{"@id":"https:\/\/hubsch-interior.com\/de\/#organization"},"potentialAction":[{"@type":"SearchAction","target":{"@type":"EntryPoint","urlTemplate":"https:\/\/hubsch-interior.com\/de\/?s={search_term_string}"},"query-input":{"@type":"PropertyValueSpecification","valueRequired":true,"valueName":"search_term_string"}}],"inLanguage":"de"},{"@type":"Organization","@id":"https:\/\/hubsch-interior.com\/de\/#organization","name":"H\u00fcbsch","url":"https:\/\/hubsch-interior.com\/de\/","logo":{"@type":"ImageObject","inLanguage":"de","@id":"https:\/\/hubsch-interior.com\/de\/#\/schema\/logo\/image\/","url":"https:\/\/hubsch-interior.com\/wp-content\/uploads\/2022\/12\/Hubsch_logo_black_one_line.svg","contentUrl":"https:\/\/hubsch-interior.com\/wp-content\/uploads\/2022\/12\/Hubsch_logo_black_one_line.svg","caption":"H\u00fcbsch"},"image":{"@id":"https:\/\/hubsch-interior.com\/de\/#\/schema\/logo\/image\/"}}]}},"_links":{"self":[{"href":"https:\/\/hubsch-interior.com\/de\/wp-json\/wp\/v2\/product\/398693","targetHints":{"allow":["GET"]}}],"collection":[{"href":"https:\/\/hubsch-interior.com\/de\/wp-json\/wp\/v2\/product"}],"about":[{"href":"https:\/\/hubsch-interior.com\/de\/wp-json\/wp\/v2\/types\/product"}],"wp:featuredmedia":[{"embeddable":true,"href":"https:\/\/hubsch-interior.com\/de\/wp-json\/wp\/v2\/media\/1109879"}],"wp:attachment":[{"href":"https:\/\/hubsch-interior.com\/de\/wp-json\/wp\/v2\/media?parent=398693"}],"wp:term":[{"taxonomy":"product_brand","embeddable":true,"href":"https:\/\/hubsch-interior.com\/de\/wp-json\/wp\/v2\/product_brand?post=398693"},{"taxonomy":"product_cat","embeddable":true,"href":"https:\/\/hubsch-interior.com\/de\/wp-json\/wp\/v2\/product_cat?post=398693"},{"taxonomy":"product_tag","embeddable":true,"href":"https:\/\/hubsch-interior.com\/de\/wp-json\/wp\/v2\/product_tag?post=398693"}],"curies":[{"name":"wp","href":"https:\/\/api.w.org\/{rel}","templated":true}]}}