{"id":398701,"date":"2021-06-13T23:08:28","date_gmt":"2021-06-13T21:08:28","guid":{"rendered":"https:\/\/hubsch-interior.com\/shop-b2c\/product\/product\/"},"modified":"2026-04-09T05:15:57","modified_gmt":"2026-04-09T03:15:57","slug":"astro-teelichthalter-grun-blau","status":"publish","type":"product","link":"https:\/\/hubsch-interior.com\/de\/produkt\/astro-teelichthalter-grun-blau\/","title":{"rendered":"Astro Teelichthalter Gr\u00fcn\/Blau"},"content":{"rendered":"<p>Teelichthalter und Glasvase in einem \u2013 beides raubt uns den Atem. Aus hellgr\u00fcnem und blauem Kristallglas gefertigt, hat uns dieses St\u00fcck sofort verzaubert. Nicht nur, dass die Vase auf der einen Seite Ihre Blumen noch sch\u00f6ner aussehen l\u00e4sst \u2013 auch der Teelichthalter auf der anderen Seite wird jeden Kaminsims, jedes Regal und jeden Nachttisch schm\u00fccken. Es kommt selten vor, dass man auf ein St\u00fcck st\u00f6\u00dft, das einem das Herz stiehlt. Dies ist einer dieser Momente.<\/p>\n","protected":false},"excerpt":{"rendered":"<p>Teelichthalter und Glasvase in einem \u2013 beides raubt uns den Atem. Aus hellgr\u00fcnem und blauem Kristallglas gefertigt, hat uns dieses St\u00fcck sofort verzaubert. Nicht nur, dass die Vase auf der einen Seite Ihre Blumen noch sch\u00f6ner aussehen l\u00e4sst \u2013 auch der Teelichthalter auf der anderen Seite wird jeden Kaminsims, jedes Regal und jeden Nachttisch schm\u00fccken. [&hellip;]<\/p>\n","protected":false},"featured_media":1113166,"template":"","meta":{"_acf_changed":false,"inline_featured_image":false},"product_brand":[],"product_cat":[5027,4068,4067,6972,6519],"product_tag":[],"class_list":{"0":"post-398701","1":"product","2":"type-product","3":"status-publish","4":"has-post-thumbnail","6":"product_cat-bestsellers-de","7":"product_cat-kerzenstaender-de","8":"product_cat-kerzenstaender-laternen-de","9":"product_cat-oster-sale","10":"product_cat-outlet-de","11":"product_shipping_class-pk","13":"pa_color-blau-2","14":"pa_color-grn-2","15":"pa_material-kristall-de","17":"first","18":"instock","19":"sale","20":"featured","21":"taxable","22":"shipping-taxable","23":"purchasable","24":"product-type-simple"},"exclude_global_add_ons":[],"addons":[],"acf":[],"yoast_head":"<!-- This site is optimized with the Yoast SEO plugin v26.4 - https:\/\/yoast.com\/wordpress\/plugins\/seo\/ -->\n<title>Astro Teelichthalter Gr\u00fcn\/Blau - H\u00fcbsch<\/title>\n<meta name=\"description\" content=\"Teelichthalter und Glasvase in einem \u2013 beides raubt uns den Atem. Aus hellgr\u00fcnem und blauem Kristallglas gefertigt, hat uns dieses St\u00fcck sofort\" \/>\n<meta name=\"robots\" content=\"index, follow, max-snippet:-1, max-image-preview:large, max-video-preview:-1\" \/>\n<link rel=\"canonical\" href=\"https:\/\/hubsch-interior.com\/de\/wp-json\/wp\/v2\/product\/398701\" \/>\n<meta property=\"og:locale\" content=\"de_DE\" \/>\n<meta property=\"og:type\" content=\"article\" \/>\n<meta property=\"og:title\" content=\"Astro Teelichthalter Gr\u00fcn\/Blau - H\u00fcbsch\" \/>\n<meta property=\"og:description\" content=\"Teelichthalter und Glasvase in einem \u2013 beides raubt uns den Atem. Aus hellgr\u00fcnem und blauem Kristallglas gefertigt, hat uns dieses St\u00fcck sofort\" \/>\n<meta property=\"og:url\" content=\"https:\/\/hubsch-interior.com\/de\/produkt\/astro-teelichthalter-grun-blau\/\" \/>\n<meta property=\"og:site_name\" content=\"H\u00fcbsch\" \/>\n<meta property=\"article:modified_time\" content=\"2026-04-09T03:15:57+00:00\" \/>\n<meta property=\"og:image\" content=\"https:\/\/hubsch-interior.com\/wp-content\/uploads\/2025\/05\/astro-tealight-holder-greenblue-58e980c62fae6dd98c07394e8005c748.jpg\" \/>\n\t<meta property=\"og:image:width\" content=\"1200\" \/>\n\t<meta property=\"og:image:height\" content=\"1200\" \/>\n\t<meta property=\"og:image:type\" content=\"image\/jpeg\" \/>\n<meta name=\"twitter:card\" content=\"summary_large_image\" \/>\n<script type=\"application\/ld+json\" class=\"yoast-schema-graph\">{\"@context\":\"https:\/\/schema.org\",\"@graph\":[{\"@type\":\"WebPage\",\"@id\":\"https:\/\/hubsch-interior.com\/de\/produkt\/astro-teelichthalter-grun-blau\/\",\"url\":\"https:\/\/hubsch-interior.com\/de\/produkt\/astro-teelichthalter-grun-blau\/\",\"name\":\"Astro Teelichthalter Gr\u00fcn\/Blau - H\u00fcbsch\",\"isPartOf\":{\"@id\":\"https:\/\/hubsch-interior.com\/de\/#website\"},\"primaryImageOfPage\":{\"@id\":\"https:\/\/hubsch-interior.com\/de\/produkt\/astro-teelichthalter-grun-blau\/#primaryimage\"},\"image\":{\"@id\":\"https:\/\/hubsch-interior.com\/de\/produkt\/astro-teelichthalter-grun-blau\/#primaryimage\"},\"thumbnailUrl\":\"https:\/\/hubsch-interior.com\/wp-content\/uploads\/2026\/02\/astro-tealight-holder-greenblue-eec95bc2767e8d22bf62299d2cecc665.jpg\",\"datePublished\":\"2021-06-13T21:08:28+00:00\",\"dateModified\":\"2026-04-09T03:15:57+00:00\",\"description\":\"Teelichthalter und Glasvase in einem \u2013 beides raubt uns den Atem. Aus hellgr\u00fcnem und blauem Kristallglas gefertigt, hat uns dieses St\u00fcck sofort\",\"breadcrumb\":{\"@id\":\"https:\/\/hubsch-interior.com\/de\/produkt\/astro-teelichthalter-grun-blau\/#breadcrumb\"},\"inLanguage\":\"de\",\"potentialAction\":[{\"@type\":\"ReadAction\",\"target\":[\"https:\/\/hubsch-interior.com\/de\/produkt\/astro-teelichthalter-grun-blau\/\"]}]},{\"@type\":\"ImageObject\",\"inLanguage\":\"de\",\"@id\":\"https:\/\/hubsch-interior.com\/de\/produkt\/astro-teelichthalter-grun-blau\/#primaryimage\",\"url\":\"https:\/\/hubsch-interior.com\/wp-content\/uploads\/2026\/02\/astro-tealight-holder-greenblue-eec95bc2767e8d22bf62299d2cecc665.jpg\",\"contentUrl\":\"https:\/\/hubsch-interior.com\/wp-content\/uploads\/2026\/02\/astro-tealight-holder-greenblue-eec95bc2767e8d22bf62299d2cecc665.jpg\",\"width\":1024,\"height\":1024},{\"@type\":\"BreadcrumbList\",\"@id\":\"https:\/\/hubsch-interior.com\/de\/produkt\/astro-teelichthalter-grun-blau\/#breadcrumb\",\"itemListElement\":[{\"@type\":\"ListItem\",\"position\":1,\"name\":\"Startseite\",\"item\":\"https:\/\/hubsch-interior.com\/de\/\"},{\"@type\":\"ListItem\",\"position\":2,\"name\":\"Produkte\",\"item\":\"https:\/\/hubsch-interior.com\/de\/shop-2\/\"},{\"@type\":\"ListItem\",\"position\":3,\"name\":\"Wohnaccessoires\",\"item\":\"https:\/\/hubsch-interior.com\/de\/produkt-kategorie\/wohnaccessoires\/\"},{\"@type\":\"ListItem\",\"position\":4,\"name\":\"Kerzenst&auml;nder &amp; Laternen\",\"item\":\"https:\/\/hubsch-interior.com\/de\/produkt-kategorie\/wohnaccessoires\/kerzenstaender-laternen-de\/\"},{\"@type\":\"ListItem\",\"position\":5,\"name\":\"Kerzenst&auml;nder\",\"item\":\"https:\/\/hubsch-interior.com\/de\/produkt-kategorie\/wohnaccessoires\/kerzenstaender-laternen-de\/kerzenstaender-de\/\"},{\"@type\":\"ListItem\",\"position\":6,\"name\":\"Astro Teelichthalter Gr\u00fcn\/Blau\"}]},{\"@type\":\"WebSite\",\"@id\":\"https:\/\/hubsch-interior.com\/de\/#website\",\"url\":\"https:\/\/hubsch-interior.com\/de\/\",\"name\":\"H\u00fcbsch\",\"description\":\"Danish Home Interior and Design\",\"publisher\":{\"@id\":\"https:\/\/hubsch-interior.com\/de\/#organization\"},\"potentialAction\":[{\"@type\":\"SearchAction\",\"target\":{\"@type\":\"EntryPoint\",\"urlTemplate\":\"https:\/\/hubsch-interior.com\/de\/?s={search_term_string}\"},\"query-input\":{\"@type\":\"PropertyValueSpecification\",\"valueRequired\":true,\"valueName\":\"search_term_string\"}}],\"inLanguage\":\"de\"},{\"@type\":\"Organization\",\"@id\":\"https:\/\/hubsch-interior.com\/de\/#organization\",\"name\":\"H\u00fcbsch\",\"url\":\"https:\/\/hubsch-interior.com\/de\/\",\"logo\":{\"@type\":\"ImageObject\",\"inLanguage\":\"de\",\"@id\":\"https:\/\/hubsch-interior.com\/de\/#\/schema\/logo\/image\/\",\"url\":\"https:\/\/hubsch-interior.com\/wp-content\/uploads\/2022\/12\/Hubsch_logo_black_one_line.svg\",\"contentUrl\":\"https:\/\/hubsch-interior.com\/wp-content\/uploads\/2022\/12\/Hubsch_logo_black_one_line.svg\",\"caption\":\"H\u00fcbsch\"},\"image\":{\"@id\":\"https:\/\/hubsch-interior.com\/de\/#\/schema\/logo\/image\/\"}}]}<\/script>\n<!-- \/ Yoast SEO plugin. -->","yoast_head_json":{"title":"Astro Teelichthalter Gr\u00fcn\/Blau - H\u00fcbsch","description":"Teelichthalter und Glasvase in einem \u2013 beides raubt uns den Atem. Aus hellgr\u00fcnem und blauem Kristallglas gefertigt, hat uns dieses St\u00fcck sofort","robots":{"index":"index","follow":"follow","max-snippet":"max-snippet:-1","max-image-preview":"max-image-preview:large","max-video-preview":"max-video-preview:-1"},"canonical":"https:\/\/hubsch-interior.com\/de\/wp-json\/wp\/v2\/product\/398701","og_locale":"de_DE","og_type":"article","og_title":"Astro Teelichthalter Gr\u00fcn\/Blau - H\u00fcbsch","og_description":"Teelichthalter und Glasvase in einem \u2013 beides raubt uns den Atem. Aus hellgr\u00fcnem und blauem Kristallglas gefertigt, hat uns dieses St\u00fcck sofort","og_url":"https:\/\/hubsch-interior.com\/de\/produkt\/astro-teelichthalter-grun-blau\/","og_site_name":"H\u00fcbsch","article_modified_time":"2026-04-09T03:15:57+00:00","og_image":[{"width":1200,"height":1200,"url":"https:\/\/hubsch-interior.com\/wp-content\/uploads\/2025\/05\/astro-tealight-holder-greenblue-58e980c62fae6dd98c07394e8005c748.jpg","type":"image\/jpeg"}],"twitter_card":"summary_large_image","schema":{"@context":"https:\/\/schema.org","@graph":[{"@type":"WebPage","@id":"https:\/\/hubsch-interior.com\/de\/produkt\/astro-teelichthalter-grun-blau\/","url":"https:\/\/hubsch-interior.com\/de\/produkt\/astro-teelichthalter-grun-blau\/","name":"Astro Teelichthalter Gr\u00fcn\/Blau - H\u00fcbsch","isPartOf":{"@id":"https:\/\/hubsch-interior.com\/de\/#website"},"primaryImageOfPage":{"@id":"https:\/\/hubsch-interior.com\/de\/produkt\/astro-teelichthalter-grun-blau\/#primaryimage"},"image":{"@id":"https:\/\/hubsch-interior.com\/de\/produkt\/astro-teelichthalter-grun-blau\/#primaryimage"},"thumbnailUrl":"https:\/\/hubsch-interior.com\/wp-content\/uploads\/2026\/02\/astro-tealight-holder-greenblue-eec95bc2767e8d22bf62299d2cecc665.jpg","datePublished":"2021-06-13T21:08:28+00:00","dateModified":"2026-04-09T03:15:57+00:00","description":"Teelichthalter und Glasvase in einem \u2013 beides raubt uns den Atem. Aus hellgr\u00fcnem und blauem Kristallglas gefertigt, hat uns dieses St\u00fcck sofort","breadcrumb":{"@id":"https:\/\/hubsch-interior.com\/de\/produkt\/astro-teelichthalter-grun-blau\/#breadcrumb"},"inLanguage":"de","potentialAction":[{"@type":"ReadAction","target":["https:\/\/hubsch-interior.com\/de\/produkt\/astro-teelichthalter-grun-blau\/"]}]},{"@type":"ImageObject","inLanguage":"de","@id":"https:\/\/hubsch-interior.com\/de\/produkt\/astro-teelichthalter-grun-blau\/#primaryimage","url":"https:\/\/hubsch-interior.com\/wp-content\/uploads\/2026\/02\/astro-tealight-holder-greenblue-eec95bc2767e8d22bf62299d2cecc665.jpg","contentUrl":"https:\/\/hubsch-interior.com\/wp-content\/uploads\/2026\/02\/astro-tealight-holder-greenblue-eec95bc2767e8d22bf62299d2cecc665.jpg","width":1024,"height":1024},{"@type":"BreadcrumbList","@id":"https:\/\/hubsch-interior.com\/de\/produkt\/astro-teelichthalter-grun-blau\/#breadcrumb","itemListElement":[{"@type":"ListItem","position":1,"name":"Startseite","item":"https:\/\/hubsch-interior.com\/de\/"},{"@type":"ListItem","position":2,"name":"Produkte","item":"https:\/\/hubsch-interior.com\/de\/shop-2\/"},{"@type":"ListItem","position":3,"name":"Wohnaccessoires","item":"https:\/\/hubsch-interior.com\/de\/produkt-kategorie\/wohnaccessoires\/"},{"@type":"ListItem","position":4,"name":"Kerzenst&auml;nder &amp; Laternen","item":"https:\/\/hubsch-interior.com\/de\/produkt-kategorie\/wohnaccessoires\/kerzenstaender-laternen-de\/"},{"@type":"ListItem","position":5,"name":"Kerzenst&auml;nder","item":"https:\/\/hubsch-interior.com\/de\/produkt-kategorie\/wohnaccessoires\/kerzenstaender-laternen-de\/kerzenstaender-de\/"},{"@type":"ListItem","position":6,"name":"Astro Teelichthalter Gr\u00fcn\/Blau"}]},{"@type":"WebSite","@id":"https:\/\/hubsch-interior.com\/de\/#website","url":"https:\/\/hubsch-interior.com\/de\/","name":"H\u00fcbsch","description":"Danish Home Interior and Design","publisher":{"@id":"https:\/\/hubsch-interior.com\/de\/#organization"},"potentialAction":[{"@type":"SearchAction","target":{"@type":"EntryPoint","urlTemplate":"https:\/\/hubsch-interior.com\/de\/?s={search_term_string}"},"query-input":{"@type":"PropertyValueSpecification","valueRequired":true,"valueName":"search_term_string"}}],"inLanguage":"de"},{"@type":"Organization","@id":"https:\/\/hubsch-interior.com\/de\/#organization","name":"H\u00fcbsch","url":"https:\/\/hubsch-interior.com\/de\/","logo":{"@type":"ImageObject","inLanguage":"de","@id":"https:\/\/hubsch-interior.com\/de\/#\/schema\/logo\/image\/","url":"https:\/\/hubsch-interior.com\/wp-content\/uploads\/2022\/12\/Hubsch_logo_black_one_line.svg","contentUrl":"https:\/\/hubsch-interior.com\/wp-content\/uploads\/2022\/12\/Hubsch_logo_black_one_line.svg","caption":"H\u00fcbsch"},"image":{"@id":"https:\/\/hubsch-interior.com\/de\/#\/schema\/logo\/image\/"}}]}},"_links":{"self":[{"href":"https:\/\/hubsch-interior.com\/de\/wp-json\/wp\/v2\/product\/398701","targetHints":{"allow":["GET"]}}],"collection":[{"href":"https:\/\/hubsch-interior.com\/de\/wp-json\/wp\/v2\/product"}],"about":[{"href":"https:\/\/hubsch-interior.com\/de\/wp-json\/wp\/v2\/types\/product"}],"wp:featuredmedia":[{"embeddable":true,"href":"https:\/\/hubsch-interior.com\/de\/wp-json\/wp\/v2\/media\/1113166"}],"wp:attachment":[{"href":"https:\/\/hubsch-interior.com\/de\/wp-json\/wp\/v2\/media?parent=398701"}],"wp:term":[{"taxonomy":"product_brand","embeddable":true,"href":"https:\/\/hubsch-interior.com\/de\/wp-json\/wp\/v2\/product_brand?post=398701"},{"taxonomy":"product_cat","embeddable":true,"href":"https:\/\/hubsch-interior.com\/de\/wp-json\/wp\/v2\/product_cat?post=398701"},{"taxonomy":"product_tag","embeddable":true,"href":"https:\/\/hubsch-interior.com\/de\/wp-json\/wp\/v2\/product_tag?post=398701"}],"curies":[{"name":"wp","href":"https:\/\/api.w.org\/{rel}","templated":true}]}}