{"id":398705,"date":"2021-06-13T23:08:30","date_gmt":"2021-06-13T21:08:30","guid":{"rendered":"https:\/\/hubsch-interior.com\/shop-b2c\/product\/product\/"},"modified":"2026-04-09T05:16:01","modified_gmt":"2026-04-09T03:16:01","slug":"astro-teelichthalter-braun-gelb","status":"publish","type":"product","link":"https:\/\/hubsch-interior.com\/de\/produkt\/astro-teelichthalter-braun-gelb\/","title":{"rendered":"Astro Teelichthalter Braun\/Gelb"},"content":{"rendered":"<p>Teelichthalter und Glasvase in einem \u2013 beides raubt uns den Atem. Aus braunem und gelbem Kristallglas gefertigt, hat uns dieses St\u00fcck sofort verzaubert. Nicht nur, dass die Vase auf der einen Seite Ihre Blumen noch sch\u00f6ner aussehen l\u00e4sst \u2013 auch der Teelichthalter auf der anderen Seite wird jeden Kaminsims, jedes Regal und jeden Nachttisch schm\u00fccken. Es kommt selten vor, dass man auf ein St\u00fcck st\u00f6\u00dft, das einem das Herz stiehlt. Dies ist einer dieser Momente.<\/p>\n","protected":false},"excerpt":{"rendered":"<p>Teelichthalter und Glasvase in einem \u2013 beides raubt uns den Atem. Aus braunem und gelbem Kristallglas gefertigt, hat uns dieses St\u00fcck sofort verzaubert. Nicht nur, dass die Vase auf der einen Seite Ihre Blumen noch sch\u00f6ner aussehen l\u00e4sst \u2013 auch der Teelichthalter auf der anderen Seite wird jeden Kaminsims, jedes Regal und jeden Nachttisch schm\u00fccken. [&hellip;]<\/p>\n","protected":false},"featured_media":1109963,"template":"","meta":{"_acf_changed":false,"inline_featured_image":false},"product_brand":[],"product_cat":[6972,6349,4067,4068,5027,6519],"product_tag":[],"class_list":{"0":"post-398705","1":"product","2":"type-product","3":"status-publish","4":"has-post-thumbnail","6":"product_cat-oster-sale","7":"product_cat-garden-selection-de","8":"product_cat-kerzenstaender-laternen-de","9":"product_cat-kerzenstaender-de","10":"product_cat-bestsellers-de","11":"product_cat-outlet-de","12":"product_shipping_class-pk","14":"pa_color-braun","15":"pa_color-gelb","16":"pa_material-kristall-de","18":"first","19":"instock","20":"sale","21":"featured","22":"taxable","23":"shipping-taxable","24":"purchasable","25":"product-type-simple"},"exclude_global_add_ons":[],"addons":[],"acf":[],"yoast_head":"<!-- This site is optimized with the Yoast SEO plugin v26.4 - https:\/\/yoast.com\/wordpress\/plugins\/seo\/ -->\n<title>Astro Teelichthalter Braun\/Gelb - H\u00fcbsch<\/title>\n<meta name=\"description\" content=\"Teelichthalter und Glasvase in einem \u2013 beides raubt uns den Atem. Aus braunem und gelbem Kristallglas gefertigt, hat uns dieses St\u00fcck sofort verzaubert.\" \/>\n<meta name=\"robots\" content=\"index, follow, max-snippet:-1, max-image-preview:large, max-video-preview:-1\" \/>\n<link rel=\"canonical\" href=\"https:\/\/hubsch-interior.com\/de\/wp-json\/wp\/v2\/product\/398705\" \/>\n<meta property=\"og:locale\" content=\"de_DE\" \/>\n<meta property=\"og:type\" content=\"article\" \/>\n<meta property=\"og:title\" content=\"Astro Teelichthalter Braun\/Gelb - H\u00fcbsch\" \/>\n<meta property=\"og:description\" content=\"Teelichthalter und Glasvase in einem \u2013 beides raubt uns den Atem. Aus braunem und gelbem Kristallglas gefertigt, hat uns dieses St\u00fcck sofort verzaubert.\" \/>\n<meta property=\"og:url\" content=\"https:\/\/hubsch-interior.com\/de\/produkt\/astro-teelichthalter-braun-gelb\/\" \/>\n<meta property=\"og:site_name\" content=\"H\u00fcbsch\" \/>\n<meta property=\"article:modified_time\" content=\"2026-04-09T03:16:01+00:00\" \/>\n<meta property=\"og:image\" content=\"https:\/\/hubsch-interior.com\/wp-content\/uploads\/2024\/05\/astro-tealight-holder-brownyellow-867fe9762b9051117ab0af134ab7fd51.jpg\" \/>\n\t<meta property=\"og:image:width\" content=\"1200\" \/>\n\t<meta property=\"og:image:height\" content=\"1200\" \/>\n\t<meta property=\"og:image:type\" content=\"image\/jpeg\" \/>\n<meta name=\"twitter:card\" content=\"summary_large_image\" \/>\n<script type=\"application\/ld+json\" class=\"yoast-schema-graph\">{\"@context\":\"https:\/\/schema.org\",\"@graph\":[{\"@type\":\"WebPage\",\"@id\":\"https:\/\/hubsch-interior.com\/de\/produkt\/astro-teelichthalter-braun-gelb\/\",\"url\":\"https:\/\/hubsch-interior.com\/de\/produkt\/astro-teelichthalter-braun-gelb\/\",\"name\":\"Astro Teelichthalter Braun\/Gelb - H\u00fcbsch\",\"isPartOf\":{\"@id\":\"https:\/\/hubsch-interior.com\/de\/#website\"},\"primaryImageOfPage\":{\"@id\":\"https:\/\/hubsch-interior.com\/de\/produkt\/astro-teelichthalter-braun-gelb\/#primaryimage\"},\"image\":{\"@id\":\"https:\/\/hubsch-interior.com\/de\/produkt\/astro-teelichthalter-braun-gelb\/#primaryimage\"},\"thumbnailUrl\":\"https:\/\/hubsch-interior.com\/wp-content\/uploads\/2026\/02\/astro-tealight-holder-brownyellow-f2eab1f493df2993fa05adb98787f1d7.jpg\",\"datePublished\":\"2021-06-13T21:08:30+00:00\",\"dateModified\":\"2026-04-09T03:16:01+00:00\",\"description\":\"Teelichthalter und Glasvase in einem \u2013 beides raubt uns den Atem. Aus braunem und gelbem Kristallglas gefertigt, hat uns dieses St\u00fcck sofort verzaubert.\",\"breadcrumb\":{\"@id\":\"https:\/\/hubsch-interior.com\/de\/produkt\/astro-teelichthalter-braun-gelb\/#breadcrumb\"},\"inLanguage\":\"de\",\"potentialAction\":[{\"@type\":\"ReadAction\",\"target\":[\"https:\/\/hubsch-interior.com\/de\/produkt\/astro-teelichthalter-braun-gelb\/\"]}]},{\"@type\":\"ImageObject\",\"inLanguage\":\"de\",\"@id\":\"https:\/\/hubsch-interior.com\/de\/produkt\/astro-teelichthalter-braun-gelb\/#primaryimage\",\"url\":\"https:\/\/hubsch-interior.com\/wp-content\/uploads\/2026\/02\/astro-tealight-holder-brownyellow-f2eab1f493df2993fa05adb98787f1d7.jpg\",\"contentUrl\":\"https:\/\/hubsch-interior.com\/wp-content\/uploads\/2026\/02\/astro-tealight-holder-brownyellow-f2eab1f493df2993fa05adb98787f1d7.jpg\",\"width\":1024,\"height\":1024},{\"@type\":\"BreadcrumbList\",\"@id\":\"https:\/\/hubsch-interior.com\/de\/produkt\/astro-teelichthalter-braun-gelb\/#breadcrumb\",\"itemListElement\":[{\"@type\":\"ListItem\",\"position\":1,\"name\":\"Startseite\",\"item\":\"https:\/\/hubsch-interior.com\/de\/\"},{\"@type\":\"ListItem\",\"position\":2,\"name\":\"Produkte\",\"item\":\"https:\/\/hubsch-interior.com\/de\/shop-2\/\"},{\"@type\":\"ListItem\",\"position\":3,\"name\":\"Wohnaccessoires\",\"item\":\"https:\/\/hubsch-interior.com\/de\/produkt-kategorie\/wohnaccessoires\/\"},{\"@type\":\"ListItem\",\"position\":4,\"name\":\"Kerzenst&auml;nder &amp; Laternen\",\"item\":\"https:\/\/hubsch-interior.com\/de\/produkt-kategorie\/wohnaccessoires\/kerzenstaender-laternen-de\/\"},{\"@type\":\"ListItem\",\"position\":5,\"name\":\"Kerzenst&auml;nder\",\"item\":\"https:\/\/hubsch-interior.com\/de\/produkt-kategorie\/wohnaccessoires\/kerzenstaender-laternen-de\/kerzenstaender-de\/\"},{\"@type\":\"ListItem\",\"position\":6,\"name\":\"Astro Teelichthalter Braun\/Gelb\"}]},{\"@type\":\"WebSite\",\"@id\":\"https:\/\/hubsch-interior.com\/de\/#website\",\"url\":\"https:\/\/hubsch-interior.com\/de\/\",\"name\":\"H\u00fcbsch\",\"description\":\"Danish Home Interior and Design\",\"publisher\":{\"@id\":\"https:\/\/hubsch-interior.com\/de\/#organization\"},\"potentialAction\":[{\"@type\":\"SearchAction\",\"target\":{\"@type\":\"EntryPoint\",\"urlTemplate\":\"https:\/\/hubsch-interior.com\/de\/?s={search_term_string}\"},\"query-input\":{\"@type\":\"PropertyValueSpecification\",\"valueRequired\":true,\"valueName\":\"search_term_string\"}}],\"inLanguage\":\"de\"},{\"@type\":\"Organization\",\"@id\":\"https:\/\/hubsch-interior.com\/de\/#organization\",\"name\":\"H\u00fcbsch\",\"url\":\"https:\/\/hubsch-interior.com\/de\/\",\"logo\":{\"@type\":\"ImageObject\",\"inLanguage\":\"de\",\"@id\":\"https:\/\/hubsch-interior.com\/de\/#\/schema\/logo\/image\/\",\"url\":\"https:\/\/hubsch-interior.com\/wp-content\/uploads\/2022\/12\/Hubsch_logo_black_one_line.svg\",\"contentUrl\":\"https:\/\/hubsch-interior.com\/wp-content\/uploads\/2022\/12\/Hubsch_logo_black_one_line.svg\",\"caption\":\"H\u00fcbsch\"},\"image\":{\"@id\":\"https:\/\/hubsch-interior.com\/de\/#\/schema\/logo\/image\/\"}}]}<\/script>\n<!-- \/ Yoast SEO plugin. -->","yoast_head_json":{"title":"Astro Teelichthalter Braun\/Gelb - H\u00fcbsch","description":"Teelichthalter und Glasvase in einem \u2013 beides raubt uns den Atem. Aus braunem und gelbem Kristallglas gefertigt, hat uns dieses St\u00fcck sofort verzaubert.","robots":{"index":"index","follow":"follow","max-snippet":"max-snippet:-1","max-image-preview":"max-image-preview:large","max-video-preview":"max-video-preview:-1"},"canonical":"https:\/\/hubsch-interior.com\/de\/wp-json\/wp\/v2\/product\/398705","og_locale":"de_DE","og_type":"article","og_title":"Astro Teelichthalter Braun\/Gelb - H\u00fcbsch","og_description":"Teelichthalter und Glasvase in einem \u2013 beides raubt uns den Atem. Aus braunem und gelbem Kristallglas gefertigt, hat uns dieses St\u00fcck sofort verzaubert.","og_url":"https:\/\/hubsch-interior.com\/de\/produkt\/astro-teelichthalter-braun-gelb\/","og_site_name":"H\u00fcbsch","article_modified_time":"2026-04-09T03:16:01+00:00","og_image":[{"width":1200,"height":1200,"url":"https:\/\/hubsch-interior.com\/wp-content\/uploads\/2024\/05\/astro-tealight-holder-brownyellow-867fe9762b9051117ab0af134ab7fd51.jpg","type":"image\/jpeg"}],"twitter_card":"summary_large_image","schema":{"@context":"https:\/\/schema.org","@graph":[{"@type":"WebPage","@id":"https:\/\/hubsch-interior.com\/de\/produkt\/astro-teelichthalter-braun-gelb\/","url":"https:\/\/hubsch-interior.com\/de\/produkt\/astro-teelichthalter-braun-gelb\/","name":"Astro Teelichthalter Braun\/Gelb - H\u00fcbsch","isPartOf":{"@id":"https:\/\/hubsch-interior.com\/de\/#website"},"primaryImageOfPage":{"@id":"https:\/\/hubsch-interior.com\/de\/produkt\/astro-teelichthalter-braun-gelb\/#primaryimage"},"image":{"@id":"https:\/\/hubsch-interior.com\/de\/produkt\/astro-teelichthalter-braun-gelb\/#primaryimage"},"thumbnailUrl":"https:\/\/hubsch-interior.com\/wp-content\/uploads\/2026\/02\/astro-tealight-holder-brownyellow-f2eab1f493df2993fa05adb98787f1d7.jpg","datePublished":"2021-06-13T21:08:30+00:00","dateModified":"2026-04-09T03:16:01+00:00","description":"Teelichthalter und Glasvase in einem \u2013 beides raubt uns den Atem. Aus braunem und gelbem Kristallglas gefertigt, hat uns dieses St\u00fcck sofort verzaubert.","breadcrumb":{"@id":"https:\/\/hubsch-interior.com\/de\/produkt\/astro-teelichthalter-braun-gelb\/#breadcrumb"},"inLanguage":"de","potentialAction":[{"@type":"ReadAction","target":["https:\/\/hubsch-interior.com\/de\/produkt\/astro-teelichthalter-braun-gelb\/"]}]},{"@type":"ImageObject","inLanguage":"de","@id":"https:\/\/hubsch-interior.com\/de\/produkt\/astro-teelichthalter-braun-gelb\/#primaryimage","url":"https:\/\/hubsch-interior.com\/wp-content\/uploads\/2026\/02\/astro-tealight-holder-brownyellow-f2eab1f493df2993fa05adb98787f1d7.jpg","contentUrl":"https:\/\/hubsch-interior.com\/wp-content\/uploads\/2026\/02\/astro-tealight-holder-brownyellow-f2eab1f493df2993fa05adb98787f1d7.jpg","width":1024,"height":1024},{"@type":"BreadcrumbList","@id":"https:\/\/hubsch-interior.com\/de\/produkt\/astro-teelichthalter-braun-gelb\/#breadcrumb","itemListElement":[{"@type":"ListItem","position":1,"name":"Startseite","item":"https:\/\/hubsch-interior.com\/de\/"},{"@type":"ListItem","position":2,"name":"Produkte","item":"https:\/\/hubsch-interior.com\/de\/shop-2\/"},{"@type":"ListItem","position":3,"name":"Wohnaccessoires","item":"https:\/\/hubsch-interior.com\/de\/produkt-kategorie\/wohnaccessoires\/"},{"@type":"ListItem","position":4,"name":"Kerzenst&auml;nder &amp; Laternen","item":"https:\/\/hubsch-interior.com\/de\/produkt-kategorie\/wohnaccessoires\/kerzenstaender-laternen-de\/"},{"@type":"ListItem","position":5,"name":"Kerzenst&auml;nder","item":"https:\/\/hubsch-interior.com\/de\/produkt-kategorie\/wohnaccessoires\/kerzenstaender-laternen-de\/kerzenstaender-de\/"},{"@type":"ListItem","position":6,"name":"Astro Teelichthalter Braun\/Gelb"}]},{"@type":"WebSite","@id":"https:\/\/hubsch-interior.com\/de\/#website","url":"https:\/\/hubsch-interior.com\/de\/","name":"H\u00fcbsch","description":"Danish Home Interior and Design","publisher":{"@id":"https:\/\/hubsch-interior.com\/de\/#organization"},"potentialAction":[{"@type":"SearchAction","target":{"@type":"EntryPoint","urlTemplate":"https:\/\/hubsch-interior.com\/de\/?s={search_term_string}"},"query-input":{"@type":"PropertyValueSpecification","valueRequired":true,"valueName":"search_term_string"}}],"inLanguage":"de"},{"@type":"Organization","@id":"https:\/\/hubsch-interior.com\/de\/#organization","name":"H\u00fcbsch","url":"https:\/\/hubsch-interior.com\/de\/","logo":{"@type":"ImageObject","inLanguage":"de","@id":"https:\/\/hubsch-interior.com\/de\/#\/schema\/logo\/image\/","url":"https:\/\/hubsch-interior.com\/wp-content\/uploads\/2022\/12\/Hubsch_logo_black_one_line.svg","contentUrl":"https:\/\/hubsch-interior.com\/wp-content\/uploads\/2022\/12\/Hubsch_logo_black_one_line.svg","caption":"H\u00fcbsch"},"image":{"@id":"https:\/\/hubsch-interior.com\/de\/#\/schema\/logo\/image\/"}}]}},"_links":{"self":[{"href":"https:\/\/hubsch-interior.com\/de\/wp-json\/wp\/v2\/product\/398705","targetHints":{"allow":["GET"]}}],"collection":[{"href":"https:\/\/hubsch-interior.com\/de\/wp-json\/wp\/v2\/product"}],"about":[{"href":"https:\/\/hubsch-interior.com\/de\/wp-json\/wp\/v2\/types\/product"}],"wp:featuredmedia":[{"embeddable":true,"href":"https:\/\/hubsch-interior.com\/de\/wp-json\/wp\/v2\/media\/1109963"}],"wp:attachment":[{"href":"https:\/\/hubsch-interior.com\/de\/wp-json\/wp\/v2\/media?parent=398705"}],"wp:term":[{"taxonomy":"product_brand","embeddable":true,"href":"https:\/\/hubsch-interior.com\/de\/wp-json\/wp\/v2\/product_brand?post=398705"},{"taxonomy":"product_cat","embeddable":true,"href":"https:\/\/hubsch-interior.com\/de\/wp-json\/wp\/v2\/product_cat?post=398705"},{"taxonomy":"product_tag","embeddable":true,"href":"https:\/\/hubsch-interior.com\/de\/wp-json\/wp\/v2\/product_tag?post=398705"}],"curies":[{"name":"wp","href":"https:\/\/api.w.org\/{rel}","templated":true}]}}