{"id":398709,"date":"2021-06-13T23:08:32","date_gmt":"2021-06-13T21:08:32","guid":{"rendered":"https:\/\/hubsch-interior.com\/shop-b2c\/product\/product\/"},"modified":"2026-04-09T05:16:04","modified_gmt":"2026-04-09T03:16:04","slug":"astro-kerzenhalter-blau","status":"publish","type":"product","link":"https:\/\/hubsch-interior.com\/de\/produkt\/astro-kerzenhalter-blau\/","title":{"rendered":"Astro Kerzenhalter Blau"},"content":{"rendered":"<p>Ein Kerzenst\u00e4nder mit einer geometrischen und doch schlichten Form ist immer ein Blickfang. Gepaart mit einer kr\u00e4ftigen Farbkombination aus zartem Rosa, Blau und Braun entsteht dieser wundersch\u00f6ne Kerzenhalter aus Kristallglas. Kerzenlicht sorgt immer f\u00fcr eine gem\u00fctliche und sanfte Atmosph\u00e4re. Dieser Kerzenst\u00e4nder wird als Teil Ihres Tischarrangements oder auf Ihrem Kaminsims die Konversation anregen \u2013 eine Konversation, bei der sich nat\u00fcrlich alles um diesen Kerzenst\u00e4nder dreht.<\/p>\n","protected":false},"excerpt":{"rendered":"<p>Ein Kerzenst\u00e4nder mit einer geometrischen und doch schlichten Form ist immer ein Blickfang. Gepaart mit einer kr\u00e4ftigen Farbkombination aus zartem Rosa, Blau und Braun entsteht dieser wundersch\u00f6ne Kerzenhalter aus Kristallglas. Kerzenlicht sorgt immer f\u00fcr eine gem\u00fctliche und sanfte Atmosph\u00e4re. Dieser Kerzenst\u00e4nder wird als Teil Ihres Tischarrangements oder auf Ihrem Kaminsims die Konversation anregen \u2013 eine [&hellip;]<\/p>\n","protected":false},"featured_media":1114003,"template":"","meta":{"_acf_changed":false,"inline_featured_image":false},"product_brand":[],"product_cat":[6349,4068,4067,6972,6519],"product_tag":[],"class_list":{"0":"post-398709","1":"product","2":"type-product","3":"status-publish","4":"has-post-thumbnail","6":"product_cat-garden-selection-de","7":"product_cat-kerzenstaender-de","8":"product_cat-kerzenstaender-laternen-de","9":"product_cat-oster-sale","10":"product_cat-outlet-de","11":"product_shipping_class-pk","13":"pa_color-blau-2","14":"pa_material-kristall-de","16":"first","17":"instock","18":"sale","19":"taxable","20":"shipping-taxable","21":"purchasable","22":"product-type-simple"},"exclude_global_add_ons":[],"addons":[],"acf":[],"yoast_head":"<!-- This site is optimized with the Yoast SEO plugin v26.4 - https:\/\/yoast.com\/wordpress\/plugins\/seo\/ -->\n<title>Astro Kerzenhalter Blau - H\u00fcbsch<\/title>\n<meta name=\"description\" content=\"Ein Kerzenst\u00e4nder mit einer geometrischen und doch schlichten Form ist immer ein Blickfang. Gepaart mit einer kr\u00e4ftigen Farbkombination aus zartem Rosa,\" \/>\n<meta name=\"robots\" content=\"index, follow, max-snippet:-1, max-image-preview:large, max-video-preview:-1\" \/>\n<link rel=\"canonical\" href=\"https:\/\/hubsch-interior.com\/de\/wp-json\/wp\/v2\/product\/398709\" \/>\n<meta property=\"og:locale\" content=\"de_DE\" \/>\n<meta property=\"og:type\" content=\"article\" \/>\n<meta property=\"og:title\" content=\"Astro Kerzenhalter Blau - H\u00fcbsch\" \/>\n<meta property=\"og:description\" content=\"Ein Kerzenst\u00e4nder mit einer geometrischen und doch schlichten Form ist immer ein Blickfang. Gepaart mit einer kr\u00e4ftigen Farbkombination aus zartem Rosa,\" \/>\n<meta property=\"og:url\" content=\"https:\/\/hubsch-interior.com\/de\/produkt\/astro-kerzenhalter-blau\/\" \/>\n<meta property=\"og:site_name\" content=\"H\u00fcbsch\" \/>\n<meta property=\"article:modified_time\" content=\"2026-04-09T03:16:04+00:00\" \/>\n<meta property=\"og:image\" content=\"https:\/\/hubsch-interior.com\/wp-content\/uploads\/2024\/05\/astro-candlestick-blue-acdb812accb3679ed4bc83f3c7ef426c.jpg\" \/>\n\t<meta property=\"og:image:width\" content=\"1200\" \/>\n\t<meta property=\"og:image:height\" content=\"1200\" \/>\n\t<meta property=\"og:image:type\" content=\"image\/jpeg\" \/>\n<meta name=\"twitter:card\" content=\"summary_large_image\" \/>\n<script type=\"application\/ld+json\" class=\"yoast-schema-graph\">{\"@context\":\"https:\/\/schema.org\",\"@graph\":[{\"@type\":\"WebPage\",\"@id\":\"https:\/\/hubsch-interior.com\/de\/produkt\/astro-kerzenhalter-blau\/\",\"url\":\"https:\/\/hubsch-interior.com\/de\/produkt\/astro-kerzenhalter-blau\/\",\"name\":\"Astro Kerzenhalter Blau - H\u00fcbsch\",\"isPartOf\":{\"@id\":\"https:\/\/hubsch-interior.com\/de\/#website\"},\"primaryImageOfPage\":{\"@id\":\"https:\/\/hubsch-interior.com\/de\/produkt\/astro-kerzenhalter-blau\/#primaryimage\"},\"image\":{\"@id\":\"https:\/\/hubsch-interior.com\/de\/produkt\/astro-kerzenhalter-blau\/#primaryimage\"},\"thumbnailUrl\":\"https:\/\/hubsch-interior.com\/wp-content\/uploads\/2026\/02\/astro-candlestick-blue-521bd590b6d020759728a3682f27ce9d.jpg\",\"datePublished\":\"2021-06-13T21:08:32+00:00\",\"dateModified\":\"2026-04-09T03:16:04+00:00\",\"description\":\"Ein Kerzenst\u00e4nder mit einer geometrischen und doch schlichten Form ist immer ein Blickfang. Gepaart mit einer kr\u00e4ftigen Farbkombination aus zartem Rosa,\",\"breadcrumb\":{\"@id\":\"https:\/\/hubsch-interior.com\/de\/produkt\/astro-kerzenhalter-blau\/#breadcrumb\"},\"inLanguage\":\"de\",\"potentialAction\":[{\"@type\":\"ReadAction\",\"target\":[\"https:\/\/hubsch-interior.com\/de\/produkt\/astro-kerzenhalter-blau\/\"]}]},{\"@type\":\"ImageObject\",\"inLanguage\":\"de\",\"@id\":\"https:\/\/hubsch-interior.com\/de\/produkt\/astro-kerzenhalter-blau\/#primaryimage\",\"url\":\"https:\/\/hubsch-interior.com\/wp-content\/uploads\/2026\/02\/astro-candlestick-blue-521bd590b6d020759728a3682f27ce9d.jpg\",\"contentUrl\":\"https:\/\/hubsch-interior.com\/wp-content\/uploads\/2026\/02\/astro-candlestick-blue-521bd590b6d020759728a3682f27ce9d.jpg\",\"width\":1024,\"height\":1024},{\"@type\":\"BreadcrumbList\",\"@id\":\"https:\/\/hubsch-interior.com\/de\/produkt\/astro-kerzenhalter-blau\/#breadcrumb\",\"itemListElement\":[{\"@type\":\"ListItem\",\"position\":1,\"name\":\"Startseite\",\"item\":\"https:\/\/hubsch-interior.com\/de\/\"},{\"@type\":\"ListItem\",\"position\":2,\"name\":\"Produkte\",\"item\":\"https:\/\/hubsch-interior.com\/de\/shop-2\/\"},{\"@type\":\"ListItem\",\"position\":3,\"name\":\"Wohnaccessoires\",\"item\":\"https:\/\/hubsch-interior.com\/de\/produkt-kategorie\/wohnaccessoires\/\"},{\"@type\":\"ListItem\",\"position\":4,\"name\":\"Kerzenst&auml;nder &amp; Laternen\",\"item\":\"https:\/\/hubsch-interior.com\/de\/produkt-kategorie\/wohnaccessoires\/kerzenstaender-laternen-de\/\"},{\"@type\":\"ListItem\",\"position\":5,\"name\":\"Kerzenst&auml;nder\",\"item\":\"https:\/\/hubsch-interior.com\/de\/produkt-kategorie\/wohnaccessoires\/kerzenstaender-laternen-de\/kerzenstaender-de\/\"},{\"@type\":\"ListItem\",\"position\":6,\"name\":\"Astro Kerzenhalter Blau\"}]},{\"@type\":\"WebSite\",\"@id\":\"https:\/\/hubsch-interior.com\/de\/#website\",\"url\":\"https:\/\/hubsch-interior.com\/de\/\",\"name\":\"H\u00fcbsch\",\"description\":\"Danish Home Interior and Design\",\"publisher\":{\"@id\":\"https:\/\/hubsch-interior.com\/de\/#organization\"},\"potentialAction\":[{\"@type\":\"SearchAction\",\"target\":{\"@type\":\"EntryPoint\",\"urlTemplate\":\"https:\/\/hubsch-interior.com\/de\/?s={search_term_string}\"},\"query-input\":{\"@type\":\"PropertyValueSpecification\",\"valueRequired\":true,\"valueName\":\"search_term_string\"}}],\"inLanguage\":\"de\"},{\"@type\":\"Organization\",\"@id\":\"https:\/\/hubsch-interior.com\/de\/#organization\",\"name\":\"H\u00fcbsch\",\"url\":\"https:\/\/hubsch-interior.com\/de\/\",\"logo\":{\"@type\":\"ImageObject\",\"inLanguage\":\"de\",\"@id\":\"https:\/\/hubsch-interior.com\/de\/#\/schema\/logo\/image\/\",\"url\":\"https:\/\/hubsch-interior.com\/wp-content\/uploads\/2022\/12\/Hubsch_logo_black_one_line.svg\",\"contentUrl\":\"https:\/\/hubsch-interior.com\/wp-content\/uploads\/2022\/12\/Hubsch_logo_black_one_line.svg\",\"caption\":\"H\u00fcbsch\"},\"image\":{\"@id\":\"https:\/\/hubsch-interior.com\/de\/#\/schema\/logo\/image\/\"}}]}<\/script>\n<!-- \/ Yoast SEO plugin. -->","yoast_head_json":{"title":"Astro Kerzenhalter Blau - H\u00fcbsch","description":"Ein Kerzenst\u00e4nder mit einer geometrischen und doch schlichten Form ist immer ein Blickfang. Gepaart mit einer kr\u00e4ftigen Farbkombination aus zartem Rosa,","robots":{"index":"index","follow":"follow","max-snippet":"max-snippet:-1","max-image-preview":"max-image-preview:large","max-video-preview":"max-video-preview:-1"},"canonical":"https:\/\/hubsch-interior.com\/de\/wp-json\/wp\/v2\/product\/398709","og_locale":"de_DE","og_type":"article","og_title":"Astro Kerzenhalter Blau - H\u00fcbsch","og_description":"Ein Kerzenst\u00e4nder mit einer geometrischen und doch schlichten Form ist immer ein Blickfang. Gepaart mit einer kr\u00e4ftigen Farbkombination aus zartem Rosa,","og_url":"https:\/\/hubsch-interior.com\/de\/produkt\/astro-kerzenhalter-blau\/","og_site_name":"H\u00fcbsch","article_modified_time":"2026-04-09T03:16:04+00:00","og_image":[{"width":1200,"height":1200,"url":"https:\/\/hubsch-interior.com\/wp-content\/uploads\/2024\/05\/astro-candlestick-blue-acdb812accb3679ed4bc83f3c7ef426c.jpg","type":"image\/jpeg"}],"twitter_card":"summary_large_image","schema":{"@context":"https:\/\/schema.org","@graph":[{"@type":"WebPage","@id":"https:\/\/hubsch-interior.com\/de\/produkt\/astro-kerzenhalter-blau\/","url":"https:\/\/hubsch-interior.com\/de\/produkt\/astro-kerzenhalter-blau\/","name":"Astro Kerzenhalter Blau - H\u00fcbsch","isPartOf":{"@id":"https:\/\/hubsch-interior.com\/de\/#website"},"primaryImageOfPage":{"@id":"https:\/\/hubsch-interior.com\/de\/produkt\/astro-kerzenhalter-blau\/#primaryimage"},"image":{"@id":"https:\/\/hubsch-interior.com\/de\/produkt\/astro-kerzenhalter-blau\/#primaryimage"},"thumbnailUrl":"https:\/\/hubsch-interior.com\/wp-content\/uploads\/2026\/02\/astro-candlestick-blue-521bd590b6d020759728a3682f27ce9d.jpg","datePublished":"2021-06-13T21:08:32+00:00","dateModified":"2026-04-09T03:16:04+00:00","description":"Ein Kerzenst\u00e4nder mit einer geometrischen und doch schlichten Form ist immer ein Blickfang. Gepaart mit einer kr\u00e4ftigen Farbkombination aus zartem Rosa,","breadcrumb":{"@id":"https:\/\/hubsch-interior.com\/de\/produkt\/astro-kerzenhalter-blau\/#breadcrumb"},"inLanguage":"de","potentialAction":[{"@type":"ReadAction","target":["https:\/\/hubsch-interior.com\/de\/produkt\/astro-kerzenhalter-blau\/"]}]},{"@type":"ImageObject","inLanguage":"de","@id":"https:\/\/hubsch-interior.com\/de\/produkt\/astro-kerzenhalter-blau\/#primaryimage","url":"https:\/\/hubsch-interior.com\/wp-content\/uploads\/2026\/02\/astro-candlestick-blue-521bd590b6d020759728a3682f27ce9d.jpg","contentUrl":"https:\/\/hubsch-interior.com\/wp-content\/uploads\/2026\/02\/astro-candlestick-blue-521bd590b6d020759728a3682f27ce9d.jpg","width":1024,"height":1024},{"@type":"BreadcrumbList","@id":"https:\/\/hubsch-interior.com\/de\/produkt\/astro-kerzenhalter-blau\/#breadcrumb","itemListElement":[{"@type":"ListItem","position":1,"name":"Startseite","item":"https:\/\/hubsch-interior.com\/de\/"},{"@type":"ListItem","position":2,"name":"Produkte","item":"https:\/\/hubsch-interior.com\/de\/shop-2\/"},{"@type":"ListItem","position":3,"name":"Wohnaccessoires","item":"https:\/\/hubsch-interior.com\/de\/produkt-kategorie\/wohnaccessoires\/"},{"@type":"ListItem","position":4,"name":"Kerzenst&auml;nder &amp; Laternen","item":"https:\/\/hubsch-interior.com\/de\/produkt-kategorie\/wohnaccessoires\/kerzenstaender-laternen-de\/"},{"@type":"ListItem","position":5,"name":"Kerzenst&auml;nder","item":"https:\/\/hubsch-interior.com\/de\/produkt-kategorie\/wohnaccessoires\/kerzenstaender-laternen-de\/kerzenstaender-de\/"},{"@type":"ListItem","position":6,"name":"Astro Kerzenhalter Blau"}]},{"@type":"WebSite","@id":"https:\/\/hubsch-interior.com\/de\/#website","url":"https:\/\/hubsch-interior.com\/de\/","name":"H\u00fcbsch","description":"Danish Home Interior and Design","publisher":{"@id":"https:\/\/hubsch-interior.com\/de\/#organization"},"potentialAction":[{"@type":"SearchAction","target":{"@type":"EntryPoint","urlTemplate":"https:\/\/hubsch-interior.com\/de\/?s={search_term_string}"},"query-input":{"@type":"PropertyValueSpecification","valueRequired":true,"valueName":"search_term_string"}}],"inLanguage":"de"},{"@type":"Organization","@id":"https:\/\/hubsch-interior.com\/de\/#organization","name":"H\u00fcbsch","url":"https:\/\/hubsch-interior.com\/de\/","logo":{"@type":"ImageObject","inLanguage":"de","@id":"https:\/\/hubsch-interior.com\/de\/#\/schema\/logo\/image\/","url":"https:\/\/hubsch-interior.com\/wp-content\/uploads\/2022\/12\/Hubsch_logo_black_one_line.svg","contentUrl":"https:\/\/hubsch-interior.com\/wp-content\/uploads\/2022\/12\/Hubsch_logo_black_one_line.svg","caption":"H\u00fcbsch"},"image":{"@id":"https:\/\/hubsch-interior.com\/de\/#\/schema\/logo\/image\/"}}]}},"_links":{"self":[{"href":"https:\/\/hubsch-interior.com\/de\/wp-json\/wp\/v2\/product\/398709","targetHints":{"allow":["GET"]}}],"collection":[{"href":"https:\/\/hubsch-interior.com\/de\/wp-json\/wp\/v2\/product"}],"about":[{"href":"https:\/\/hubsch-interior.com\/de\/wp-json\/wp\/v2\/types\/product"}],"wp:featuredmedia":[{"embeddable":true,"href":"https:\/\/hubsch-interior.com\/de\/wp-json\/wp\/v2\/media\/1114003"}],"wp:attachment":[{"href":"https:\/\/hubsch-interior.com\/de\/wp-json\/wp\/v2\/media?parent=398709"}],"wp:term":[{"taxonomy":"product_brand","embeddable":true,"href":"https:\/\/hubsch-interior.com\/de\/wp-json\/wp\/v2\/product_brand?post=398709"},{"taxonomy":"product_cat","embeddable":true,"href":"https:\/\/hubsch-interior.com\/de\/wp-json\/wp\/v2\/product_cat?post=398709"},{"taxonomy":"product_tag","embeddable":true,"href":"https:\/\/hubsch-interior.com\/de\/wp-json\/wp\/v2\/product_tag?post=398709"}],"curies":[{"name":"wp","href":"https:\/\/api.w.org\/{rel}","templated":true}]}}