{"id":39955,"date":"2020-12-15T09:50:55","date_gmt":"2020-12-15T08:50:55","guid":{"rendered":"https:\/\/hubsch-interior.com\/product\/product-27\/"},"modified":"2026-04-05T04:51:21","modified_gmt":"2026-04-05T02:51:21","slug":"nomad-pflanzenstander-small-naturfarben","status":"publish","type":"product","link":"https:\/\/hubsch-interior.com\/de\/produkt\/nomad-pflanzenstander-small-naturfarben\/","title":{"rendered":"Nomad Pflanzenst\u00e4nder Small Naturfarben"},"content":{"rendered":"<p>Der Nomad Pflanzenst\u00e4nder Naturfarben ist ein innovatives Designst\u00fcck aus FSC-zertifiziertem Eichenholz. Er ist ein einzigartiges und stilvolles Element, das in jeden Raum passt. Der Pflanzenst\u00e4nder ist robust, langlebig und einfach zu montieren. Er ist eine wunderbare Erg\u00e4nzung f\u00fcr Ihr Zuhause und sorgt f\u00fcr ein einladendes Ambiente. Mit seiner nat\u00fcrlichen Farbe und der klassischen Holzoptik ist er ein unverzichtbares Accessoire in Ihrem Wohnraum.<\/p>\n","protected":false},"excerpt":{"rendered":"<p>Der Nomad Pflanzenst\u00e4nder Naturfarben ist ein innovatives Designst\u00fcck aus FSC-zertifiziertem Eichenholz. Er ist ein einzigartiges und stilvolles Element, das in jeden Raum passt. Der Pflanzenst\u00e4nder ist robust, langlebig und einfach zu montieren. Er ist eine wunderbare Erg\u00e4nzung f\u00fcr Ihr Zuhause und sorgt f\u00fcr ein einladendes Ambiente. Mit seiner nat\u00fcrlichen Farbe und der klassischen Holzoptik ist [&hellip;]<\/p>\n","protected":false},"featured_media":1102464,"template":"","meta":{"_acf_changed":false,"inline_featured_image":false},"product_brand":[],"product_cat":[6944,4916,4917,5027],"product_tag":[],"class_list":{"0":"post-39955","1":"product","2":"type-product","3":"status-publish","4":"has-post-thumbnail","6":"product_cat-bestseller-2025-de","7":"product_cat-toepfe-giesskannen-de","8":"product_cat-pflanzkasten-de","9":"product_cat-bestsellers-de","10":"product_shipping_class-pk","11":"pa_color-naturfarben-2","12":"pa_material-mdf-de","13":"pa_material-eichenfurnier","14":"pa_material-eichenholz","16":"first","17":"outofstock","18":"featured","19":"taxable","20":"shipping-taxable","21":"purchasable","22":"product-type-simple"},"exclude_global_add_ons":[],"addons":[],"acf":[],"yoast_head":"<!-- This site is optimized with the Yoast SEO plugin v26.4 - https:\/\/yoast.com\/wordpress\/plugins\/seo\/ -->\n<title>Nomad Pflanzenst\u00e4nder Small Naturfarben - H\u00fcbsch<\/title>\n<meta name=\"description\" content=\"Der Nomad Pflanzenst\u00e4nder Naturfarben ist ein innovatives Designst\u00fcck aus FSC-zertifiziertem Eichenholz. Er ist ein einzigartiges und stilvolles Element,\" \/>\n<meta name=\"robots\" content=\"index, follow, max-snippet:-1, max-image-preview:large, max-video-preview:-1\" \/>\n<link rel=\"canonical\" href=\"https:\/\/hubsch-interior.com\/de\/wp-json\/wp\/v2\/product\/39955\" \/>\n<meta property=\"og:locale\" content=\"de_DE\" \/>\n<meta property=\"og:type\" content=\"article\" \/>\n<meta property=\"og:title\" content=\"Nomad Pflanzenst\u00e4nder Small Naturfarben - H\u00fcbsch\" \/>\n<meta property=\"og:description\" content=\"Der Nomad Pflanzenst\u00e4nder Naturfarben ist ein innovatives Designst\u00fcck aus FSC-zertifiziertem Eichenholz. Er ist ein einzigartiges und stilvolles Element,\" \/>\n<meta property=\"og:url\" content=\"https:\/\/hubsch-interior.com\/de\/produkt\/nomad-pflanzenstander-small-naturfarben\/\" \/>\n<meta property=\"og:site_name\" content=\"H\u00fcbsch\" \/>\n<meta property=\"article:modified_time\" content=\"2026-04-05T02:51:21+00:00\" \/>\n<meta property=\"og:image\" content=\"https:\/\/hubsch-interior.com\/wp-content\/uploads\/2025\/05\/nomad-plant-stand-small-natural-45d21cedf79f46de7f8e32dca6211734.jpg\" \/>\n\t<meta property=\"og:image:width\" content=\"1200\" \/>\n\t<meta property=\"og:image:height\" content=\"1200\" \/>\n\t<meta property=\"og:image:type\" content=\"image\/jpeg\" \/>\n<meta name=\"twitter:card\" content=\"summary_large_image\" \/>\n<script type=\"application\/ld+json\" class=\"yoast-schema-graph\">{\"@context\":\"https:\/\/schema.org\",\"@graph\":[{\"@type\":\"WebPage\",\"@id\":\"https:\/\/hubsch-interior.com\/de\/produkt\/nomad-pflanzenstander-small-naturfarben\/\",\"url\":\"https:\/\/hubsch-interior.com\/de\/produkt\/nomad-pflanzenstander-small-naturfarben\/\",\"name\":\"Nomad Pflanzenst\u00e4nder Small Naturfarben - H\u00fcbsch\",\"isPartOf\":{\"@id\":\"https:\/\/hubsch-interior.com\/de\/#website\"},\"primaryImageOfPage\":{\"@id\":\"https:\/\/hubsch-interior.com\/de\/produkt\/nomad-pflanzenstander-small-naturfarben\/#primaryimage\"},\"image\":{\"@id\":\"https:\/\/hubsch-interior.com\/de\/produkt\/nomad-pflanzenstander-small-naturfarben\/#primaryimage\"},\"thumbnailUrl\":\"https:\/\/hubsch-interior.com\/wp-content\/uploads\/2026\/02\/nomad-plant-stand-small-natural-27a19fac00400f6e3f1950ca8efc9e9e.jpg\",\"datePublished\":\"2020-12-15T08:50:55+00:00\",\"dateModified\":\"2026-04-05T02:51:21+00:00\",\"description\":\"Der Nomad Pflanzenst\u00e4nder Naturfarben ist ein innovatives Designst\u00fcck aus FSC-zertifiziertem Eichenholz. Er ist ein einzigartiges und stilvolles Element,\",\"breadcrumb\":{\"@id\":\"https:\/\/hubsch-interior.com\/de\/produkt\/nomad-pflanzenstander-small-naturfarben\/#breadcrumb\"},\"inLanguage\":\"de\",\"potentialAction\":[{\"@type\":\"ReadAction\",\"target\":[\"https:\/\/hubsch-interior.com\/de\/produkt\/nomad-pflanzenstander-small-naturfarben\/\"]}]},{\"@type\":\"ImageObject\",\"inLanguage\":\"de\",\"@id\":\"https:\/\/hubsch-interior.com\/de\/produkt\/nomad-pflanzenstander-small-naturfarben\/#primaryimage\",\"url\":\"https:\/\/hubsch-interior.com\/wp-content\/uploads\/2026\/02\/nomad-plant-stand-small-natural-27a19fac00400f6e3f1950ca8efc9e9e.jpg\",\"contentUrl\":\"https:\/\/hubsch-interior.com\/wp-content\/uploads\/2026\/02\/nomad-plant-stand-small-natural-27a19fac00400f6e3f1950ca8efc9e9e.jpg\",\"width\":1024,\"height\":1024},{\"@type\":\"BreadcrumbList\",\"@id\":\"https:\/\/hubsch-interior.com\/de\/produkt\/nomad-pflanzenstander-small-naturfarben\/#breadcrumb\",\"itemListElement\":[{\"@type\":\"ListItem\",\"position\":1,\"name\":\"Startseite\",\"item\":\"https:\/\/hubsch-interior.com\/de\/\"},{\"@type\":\"ListItem\",\"position\":2,\"name\":\"Produkte\",\"item\":\"https:\/\/hubsch-interior.com\/de\/shop-2\/\"},{\"@type\":\"ListItem\",\"position\":3,\"name\":\"Wohnaccessoires\",\"item\":\"https:\/\/hubsch-interior.com\/de\/produkt-kategorie\/wohnaccessoires\/\"},{\"@type\":\"ListItem\",\"position\":4,\"name\":\"T&ouml;pfe &amp; Gie&szlig;kannen\",\"item\":\"https:\/\/hubsch-interior.com\/de\/produkt-kategorie\/wohnaccessoires\/toepfe-giesskannen-de\/\"},{\"@type\":\"ListItem\",\"position\":5,\"name\":\"Pflanzkasten\",\"item\":\"https:\/\/hubsch-interior.com\/de\/produkt-kategorie\/wohnaccessoires\/toepfe-giesskannen-de\/pflanzkasten-de\/\"},{\"@type\":\"ListItem\",\"position\":6,\"name\":\"Nomad Pflanzenst\u00e4nder Small Naturfarben\"}]},{\"@type\":\"WebSite\",\"@id\":\"https:\/\/hubsch-interior.com\/de\/#website\",\"url\":\"https:\/\/hubsch-interior.com\/de\/\",\"name\":\"H\u00fcbsch\",\"description\":\"Danish Home Interior and Design\",\"publisher\":{\"@id\":\"https:\/\/hubsch-interior.com\/de\/#organization\"},\"potentialAction\":[{\"@type\":\"SearchAction\",\"target\":{\"@type\":\"EntryPoint\",\"urlTemplate\":\"https:\/\/hubsch-interior.com\/de\/?s={search_term_string}\"},\"query-input\":{\"@type\":\"PropertyValueSpecification\",\"valueRequired\":true,\"valueName\":\"search_term_string\"}}],\"inLanguage\":\"de\"},{\"@type\":\"Organization\",\"@id\":\"https:\/\/hubsch-interior.com\/de\/#organization\",\"name\":\"H\u00fcbsch\",\"url\":\"https:\/\/hubsch-interior.com\/de\/\",\"logo\":{\"@type\":\"ImageObject\",\"inLanguage\":\"de\",\"@id\":\"https:\/\/hubsch-interior.com\/de\/#\/schema\/logo\/image\/\",\"url\":\"https:\/\/hubsch-interior.com\/wp-content\/uploads\/2022\/12\/Hubsch_logo_black_one_line.svg\",\"contentUrl\":\"https:\/\/hubsch-interior.com\/wp-content\/uploads\/2022\/12\/Hubsch_logo_black_one_line.svg\",\"caption\":\"H\u00fcbsch\"},\"image\":{\"@id\":\"https:\/\/hubsch-interior.com\/de\/#\/schema\/logo\/image\/\"}}]}<\/script>\n<!-- \/ Yoast SEO plugin. -->","yoast_head_json":{"title":"Nomad Pflanzenst\u00e4nder Small Naturfarben - H\u00fcbsch","description":"Der Nomad Pflanzenst\u00e4nder Naturfarben ist ein innovatives Designst\u00fcck aus FSC-zertifiziertem Eichenholz. Er ist ein einzigartiges und stilvolles Element,","robots":{"index":"index","follow":"follow","max-snippet":"max-snippet:-1","max-image-preview":"max-image-preview:large","max-video-preview":"max-video-preview:-1"},"canonical":"https:\/\/hubsch-interior.com\/de\/wp-json\/wp\/v2\/product\/39955","og_locale":"de_DE","og_type":"article","og_title":"Nomad Pflanzenst\u00e4nder Small Naturfarben - H\u00fcbsch","og_description":"Der Nomad Pflanzenst\u00e4nder Naturfarben ist ein innovatives Designst\u00fcck aus FSC-zertifiziertem Eichenholz. Er ist ein einzigartiges und stilvolles Element,","og_url":"https:\/\/hubsch-interior.com\/de\/produkt\/nomad-pflanzenstander-small-naturfarben\/","og_site_name":"H\u00fcbsch","article_modified_time":"2026-04-05T02:51:21+00:00","og_image":[{"width":1200,"height":1200,"url":"https:\/\/hubsch-interior.com\/wp-content\/uploads\/2025\/05\/nomad-plant-stand-small-natural-45d21cedf79f46de7f8e32dca6211734.jpg","type":"image\/jpeg"}],"twitter_card":"summary_large_image","schema":{"@context":"https:\/\/schema.org","@graph":[{"@type":"WebPage","@id":"https:\/\/hubsch-interior.com\/de\/produkt\/nomad-pflanzenstander-small-naturfarben\/","url":"https:\/\/hubsch-interior.com\/de\/produkt\/nomad-pflanzenstander-small-naturfarben\/","name":"Nomad Pflanzenst\u00e4nder Small Naturfarben - H\u00fcbsch","isPartOf":{"@id":"https:\/\/hubsch-interior.com\/de\/#website"},"primaryImageOfPage":{"@id":"https:\/\/hubsch-interior.com\/de\/produkt\/nomad-pflanzenstander-small-naturfarben\/#primaryimage"},"image":{"@id":"https:\/\/hubsch-interior.com\/de\/produkt\/nomad-pflanzenstander-small-naturfarben\/#primaryimage"},"thumbnailUrl":"https:\/\/hubsch-interior.com\/wp-content\/uploads\/2026\/02\/nomad-plant-stand-small-natural-27a19fac00400f6e3f1950ca8efc9e9e.jpg","datePublished":"2020-12-15T08:50:55+00:00","dateModified":"2026-04-05T02:51:21+00:00","description":"Der Nomad Pflanzenst\u00e4nder Naturfarben ist ein innovatives Designst\u00fcck aus FSC-zertifiziertem Eichenholz. Er ist ein einzigartiges und stilvolles Element,","breadcrumb":{"@id":"https:\/\/hubsch-interior.com\/de\/produkt\/nomad-pflanzenstander-small-naturfarben\/#breadcrumb"},"inLanguage":"de","potentialAction":[{"@type":"ReadAction","target":["https:\/\/hubsch-interior.com\/de\/produkt\/nomad-pflanzenstander-small-naturfarben\/"]}]},{"@type":"ImageObject","inLanguage":"de","@id":"https:\/\/hubsch-interior.com\/de\/produkt\/nomad-pflanzenstander-small-naturfarben\/#primaryimage","url":"https:\/\/hubsch-interior.com\/wp-content\/uploads\/2026\/02\/nomad-plant-stand-small-natural-27a19fac00400f6e3f1950ca8efc9e9e.jpg","contentUrl":"https:\/\/hubsch-interior.com\/wp-content\/uploads\/2026\/02\/nomad-plant-stand-small-natural-27a19fac00400f6e3f1950ca8efc9e9e.jpg","width":1024,"height":1024},{"@type":"BreadcrumbList","@id":"https:\/\/hubsch-interior.com\/de\/produkt\/nomad-pflanzenstander-small-naturfarben\/#breadcrumb","itemListElement":[{"@type":"ListItem","position":1,"name":"Startseite","item":"https:\/\/hubsch-interior.com\/de\/"},{"@type":"ListItem","position":2,"name":"Produkte","item":"https:\/\/hubsch-interior.com\/de\/shop-2\/"},{"@type":"ListItem","position":3,"name":"Wohnaccessoires","item":"https:\/\/hubsch-interior.com\/de\/produkt-kategorie\/wohnaccessoires\/"},{"@type":"ListItem","position":4,"name":"T&ouml;pfe &amp; Gie&szlig;kannen","item":"https:\/\/hubsch-interior.com\/de\/produkt-kategorie\/wohnaccessoires\/toepfe-giesskannen-de\/"},{"@type":"ListItem","position":5,"name":"Pflanzkasten","item":"https:\/\/hubsch-interior.com\/de\/produkt-kategorie\/wohnaccessoires\/toepfe-giesskannen-de\/pflanzkasten-de\/"},{"@type":"ListItem","position":6,"name":"Nomad Pflanzenst\u00e4nder Small Naturfarben"}]},{"@type":"WebSite","@id":"https:\/\/hubsch-interior.com\/de\/#website","url":"https:\/\/hubsch-interior.com\/de\/","name":"H\u00fcbsch","description":"Danish Home Interior and Design","publisher":{"@id":"https:\/\/hubsch-interior.com\/de\/#organization"},"potentialAction":[{"@type":"SearchAction","target":{"@type":"EntryPoint","urlTemplate":"https:\/\/hubsch-interior.com\/de\/?s={search_term_string}"},"query-input":{"@type":"PropertyValueSpecification","valueRequired":true,"valueName":"search_term_string"}}],"inLanguage":"de"},{"@type":"Organization","@id":"https:\/\/hubsch-interior.com\/de\/#organization","name":"H\u00fcbsch","url":"https:\/\/hubsch-interior.com\/de\/","logo":{"@type":"ImageObject","inLanguage":"de","@id":"https:\/\/hubsch-interior.com\/de\/#\/schema\/logo\/image\/","url":"https:\/\/hubsch-interior.com\/wp-content\/uploads\/2022\/12\/Hubsch_logo_black_one_line.svg","contentUrl":"https:\/\/hubsch-interior.com\/wp-content\/uploads\/2022\/12\/Hubsch_logo_black_one_line.svg","caption":"H\u00fcbsch"},"image":{"@id":"https:\/\/hubsch-interior.com\/de\/#\/schema\/logo\/image\/"}}]}},"_links":{"self":[{"href":"https:\/\/hubsch-interior.com\/de\/wp-json\/wp\/v2\/product\/39955","targetHints":{"allow":["GET"]}}],"collection":[{"href":"https:\/\/hubsch-interior.com\/de\/wp-json\/wp\/v2\/product"}],"about":[{"href":"https:\/\/hubsch-interior.com\/de\/wp-json\/wp\/v2\/types\/product"}],"wp:featuredmedia":[{"embeddable":true,"href":"https:\/\/hubsch-interior.com\/de\/wp-json\/wp\/v2\/media\/1102464"}],"wp:attachment":[{"href":"https:\/\/hubsch-interior.com\/de\/wp-json\/wp\/v2\/media?parent=39955"}],"wp:term":[{"taxonomy":"product_brand","embeddable":true,"href":"https:\/\/hubsch-interior.com\/de\/wp-json\/wp\/v2\/product_brand?post=39955"},{"taxonomy":"product_cat","embeddable":true,"href":"https:\/\/hubsch-interior.com\/de\/wp-json\/wp\/v2\/product_cat?post=39955"},{"taxonomy":"product_tag","embeddable":true,"href":"https:\/\/hubsch-interior.com\/de\/wp-json\/wp\/v2\/product_tag?post=39955"}],"curies":[{"name":"wp","href":"https:\/\/api.w.org\/{rel}","templated":true}]}}