{"id":40083,"date":"2020-12-15T09:51:26","date_gmt":"2020-12-15T08:51:26","guid":{"rendered":"https:\/\/hubsch-interior.com\/product\/product-33\/"},"modified":"2026-04-09T04:49:27","modified_gmt":"2026-04-09T02:49:27","slug":"wave-kuchenrollenhalter-naturfarben","status":"publish","type":"product","link":"https:\/\/hubsch-interior.com\/de\/produkt\/wave-kuchenrollenhalter-naturfarben\/","title":{"rendered":"Wave K\u00fcchenrollenhalter Naturfarben"},"content":{"rendered":"<p>Der Wave K\u00fcchenrollenhalter aus Naturfarben ist FSC-zertifiziert und aus Eichenholz hergestellt. Er ist ein stilvolles und n\u00fctzliches Accessoire f\u00fcr jede K\u00fcche. Sein schlankes und modernes Design f\u00fcgt sich problemlos in jeden Stil ein. Der K\u00fcchenrollenhalter hat eine stabile und robuste Konstruktion, die ein sicheres und stabiles Abstellen von K\u00fcchenrollen gew\u00e4hrleistet. Durch die nat\u00fcrliche Holzstruktur ist jeder K\u00fcchenrollenhalter einzigartig.<\/p>\n","protected":false},"excerpt":{"rendered":"<p>Der Wave K\u00fcchenrollenhalter aus Naturfarben ist FSC-zertifiziert und aus Eichenholz hergestellt. Er ist ein stilvolles und n\u00fctzliches Accessoire f\u00fcr jede K\u00fcche. Sein schlankes und modernes Design f\u00fcgt sich problemlos in jeden Stil ein. Der K\u00fcchenrollenhalter hat eine stabile und robuste Konstruktion, die ein sicheres und stabiles Abstellen von K\u00fcchenrollen gew\u00e4hrleistet. Durch die nat\u00fcrliche Holzstruktur ist [&hellip;]<\/p>\n","protected":false},"featured_media":1114469,"template":"","meta":{"_acf_changed":false,"inline_featured_image":false},"product_brand":[],"product_cat":[7060,7029,6323,4055,4096,5027],"product_tag":[],"class_list":{"0":"post-40083","1":"product","2":"type-product","3":"status-publish","4":"has-post-thumbnail","6":"product_cat-kuechenrollenhalter-de","7":"product_cat-tischgeschirr-de-2","8":"product_cat-fsc-de","9":"product_cat-kuechenzubehoer-de","10":"product_cat-tischgeschirr-de","11":"product_cat-bestsellers-de","12":"product_shipping_class-pk","14":"pa_color-naturfarben-2","15":"pa_material-eichenholz","17":"first","18":"instock","19":"featured","20":"taxable","21":"shipping-taxable","22":"purchasable","23":"product-type-simple"},"exclude_global_add_ons":[],"addons":[],"acf":[],"yoast_head":"<!-- This site is optimized with the Yoast SEO plugin v26.4 - https:\/\/yoast.com\/wordpress\/plugins\/seo\/ -->\n<title>Wave K\u00fcchenrollenhalter Naturfarben - H\u00fcbsch<\/title>\n<meta name=\"description\" content=\"Der Wave K\u00fcchenrollenhalter aus Naturfarben ist FSC-zertifiziert und aus Eichenholz hergestellt. Er ist ein stilvolles und n\u00fctzliches Accessoire f\u00fcr jede\" \/>\n<meta name=\"robots\" content=\"index, follow, max-snippet:-1, max-image-preview:large, max-video-preview:-1\" \/>\n<link rel=\"canonical\" href=\"https:\/\/hubsch-interior.com\/de\/wp-json\/wp\/v2\/product\/40083\" \/>\n<meta property=\"og:locale\" content=\"de_DE\" \/>\n<meta property=\"og:type\" content=\"article\" \/>\n<meta property=\"og:title\" content=\"Wave K\u00fcchenrollenhalter Naturfarben - H\u00fcbsch\" \/>\n<meta property=\"og:description\" content=\"Der Wave K\u00fcchenrollenhalter aus Naturfarben ist FSC-zertifiziert und aus Eichenholz hergestellt. Er ist ein stilvolles und n\u00fctzliches Accessoire f\u00fcr jede\" \/>\n<meta property=\"og:url\" content=\"https:\/\/hubsch-interior.com\/de\/produkt\/wave-kuchenrollenhalter-naturfarben\/\" \/>\n<meta property=\"og:site_name\" content=\"H\u00fcbsch\" \/>\n<meta property=\"article:modified_time\" content=\"2026-04-09T02:49:27+00:00\" \/>\n<meta property=\"og:image\" content=\"https:\/\/hubsch-interior.com\/wp-content\/uploads\/2025\/05\/wave-kitchen-roll-holder-natural-37e53dcd06fb2d29256359682efb6658.jpg\" \/>\n\t<meta property=\"og:image:width\" content=\"1200\" \/>\n\t<meta property=\"og:image:height\" content=\"1200\" \/>\n\t<meta property=\"og:image:type\" content=\"image\/jpeg\" \/>\n<meta name=\"twitter:card\" content=\"summary_large_image\" \/>\n<script type=\"application\/ld+json\" class=\"yoast-schema-graph\">{\"@context\":\"https:\/\/schema.org\",\"@graph\":[{\"@type\":\"WebPage\",\"@id\":\"https:\/\/hubsch-interior.com\/de\/produkt\/wave-kuchenrollenhalter-naturfarben\/\",\"url\":\"https:\/\/hubsch-interior.com\/de\/produkt\/wave-kuchenrollenhalter-naturfarben\/\",\"name\":\"Wave K\u00fcchenrollenhalter Naturfarben - H\u00fcbsch\",\"isPartOf\":{\"@id\":\"https:\/\/hubsch-interior.com\/de\/#website\"},\"primaryImageOfPage\":{\"@id\":\"https:\/\/hubsch-interior.com\/de\/produkt\/wave-kuchenrollenhalter-naturfarben\/#primaryimage\"},\"image\":{\"@id\":\"https:\/\/hubsch-interior.com\/de\/produkt\/wave-kuchenrollenhalter-naturfarben\/#primaryimage\"},\"thumbnailUrl\":\"https:\/\/hubsch-interior.com\/wp-content\/uploads\/2026\/02\/wave-kitchen-roll-holder-natural-b7656ea6b867c90fbfbd25a1fde89851.jpg\",\"datePublished\":\"2020-12-15T08:51:26+00:00\",\"dateModified\":\"2026-04-09T02:49:27+00:00\",\"description\":\"Der Wave K\u00fcchenrollenhalter aus Naturfarben ist FSC-zertifiziert und aus Eichenholz hergestellt. Er ist ein stilvolles und n\u00fctzliches Accessoire f\u00fcr jede\",\"breadcrumb\":{\"@id\":\"https:\/\/hubsch-interior.com\/de\/produkt\/wave-kuchenrollenhalter-naturfarben\/#breadcrumb\"},\"inLanguage\":\"de\",\"potentialAction\":[{\"@type\":\"ReadAction\",\"target\":[\"https:\/\/hubsch-interior.com\/de\/produkt\/wave-kuchenrollenhalter-naturfarben\/\"]}]},{\"@type\":\"ImageObject\",\"inLanguage\":\"de\",\"@id\":\"https:\/\/hubsch-interior.com\/de\/produkt\/wave-kuchenrollenhalter-naturfarben\/#primaryimage\",\"url\":\"https:\/\/hubsch-interior.com\/wp-content\/uploads\/2026\/02\/wave-kitchen-roll-holder-natural-b7656ea6b867c90fbfbd25a1fde89851.jpg\",\"contentUrl\":\"https:\/\/hubsch-interior.com\/wp-content\/uploads\/2026\/02\/wave-kitchen-roll-holder-natural-b7656ea6b867c90fbfbd25a1fde89851.jpg\",\"width\":1024,\"height\":1024},{\"@type\":\"BreadcrumbList\",\"@id\":\"https:\/\/hubsch-interior.com\/de\/produkt\/wave-kuchenrollenhalter-naturfarben\/#breadcrumb\",\"itemListElement\":[{\"@type\":\"ListItem\",\"position\":1,\"name\":\"Startseite\",\"item\":\"https:\/\/hubsch-interior.com\/de\/\"},{\"@type\":\"ListItem\",\"position\":2,\"name\":\"Produkte\",\"item\":\"https:\/\/hubsch-interior.com\/de\/shop-2\/\"},{\"@type\":\"ListItem\",\"position\":3,\"name\":\"K\u00fcche\",\"item\":\"https:\/\/hubsch-interior.com\/de\/produkt-kategorie\/kuche\/\"},{\"@type\":\"ListItem\",\"position\":4,\"name\":\"Tischgeschirr\",\"item\":\"https:\/\/hubsch-interior.com\/de\/produkt-kategorie\/kuche\/tischgeschirr-de-2\/\"},{\"@type\":\"ListItem\",\"position\":5,\"name\":\"K&uuml;chenrollenhalter\",\"item\":\"https:\/\/hubsch-interior.com\/de\/produkt-kategorie\/kuche\/tischgeschirr-de-2\/kuechenrollenhalter-de\/\"},{\"@type\":\"ListItem\",\"position\":6,\"name\":\"Wave K\u00fcchenrollenhalter Naturfarben\"}]},{\"@type\":\"WebSite\",\"@id\":\"https:\/\/hubsch-interior.com\/de\/#website\",\"url\":\"https:\/\/hubsch-interior.com\/de\/\",\"name\":\"H\u00fcbsch\",\"description\":\"Danish Home Interior and Design\",\"publisher\":{\"@id\":\"https:\/\/hubsch-interior.com\/de\/#organization\"},\"potentialAction\":[{\"@type\":\"SearchAction\",\"target\":{\"@type\":\"EntryPoint\",\"urlTemplate\":\"https:\/\/hubsch-interior.com\/de\/?s={search_term_string}\"},\"query-input\":{\"@type\":\"PropertyValueSpecification\",\"valueRequired\":true,\"valueName\":\"search_term_string\"}}],\"inLanguage\":\"de\"},{\"@type\":\"Organization\",\"@id\":\"https:\/\/hubsch-interior.com\/de\/#organization\",\"name\":\"H\u00fcbsch\",\"url\":\"https:\/\/hubsch-interior.com\/de\/\",\"logo\":{\"@type\":\"ImageObject\",\"inLanguage\":\"de\",\"@id\":\"https:\/\/hubsch-interior.com\/de\/#\/schema\/logo\/image\/\",\"url\":\"https:\/\/hubsch-interior.com\/wp-content\/uploads\/2022\/12\/Hubsch_logo_black_one_line.svg\",\"contentUrl\":\"https:\/\/hubsch-interior.com\/wp-content\/uploads\/2022\/12\/Hubsch_logo_black_one_line.svg\",\"caption\":\"H\u00fcbsch\"},\"image\":{\"@id\":\"https:\/\/hubsch-interior.com\/de\/#\/schema\/logo\/image\/\"}}]}<\/script>\n<!-- \/ Yoast SEO plugin. -->","yoast_head_json":{"title":"Wave K\u00fcchenrollenhalter Naturfarben - H\u00fcbsch","description":"Der Wave K\u00fcchenrollenhalter aus Naturfarben ist FSC-zertifiziert und aus Eichenholz hergestellt. Er ist ein stilvolles und n\u00fctzliches Accessoire f\u00fcr jede","robots":{"index":"index","follow":"follow","max-snippet":"max-snippet:-1","max-image-preview":"max-image-preview:large","max-video-preview":"max-video-preview:-1"},"canonical":"https:\/\/hubsch-interior.com\/de\/wp-json\/wp\/v2\/product\/40083","og_locale":"de_DE","og_type":"article","og_title":"Wave K\u00fcchenrollenhalter Naturfarben - H\u00fcbsch","og_description":"Der Wave K\u00fcchenrollenhalter aus Naturfarben ist FSC-zertifiziert und aus Eichenholz hergestellt. Er ist ein stilvolles und n\u00fctzliches Accessoire f\u00fcr jede","og_url":"https:\/\/hubsch-interior.com\/de\/produkt\/wave-kuchenrollenhalter-naturfarben\/","og_site_name":"H\u00fcbsch","article_modified_time":"2026-04-09T02:49:27+00:00","og_image":[{"width":1200,"height":1200,"url":"https:\/\/hubsch-interior.com\/wp-content\/uploads\/2025\/05\/wave-kitchen-roll-holder-natural-37e53dcd06fb2d29256359682efb6658.jpg","type":"image\/jpeg"}],"twitter_card":"summary_large_image","schema":{"@context":"https:\/\/schema.org","@graph":[{"@type":"WebPage","@id":"https:\/\/hubsch-interior.com\/de\/produkt\/wave-kuchenrollenhalter-naturfarben\/","url":"https:\/\/hubsch-interior.com\/de\/produkt\/wave-kuchenrollenhalter-naturfarben\/","name":"Wave K\u00fcchenrollenhalter Naturfarben - H\u00fcbsch","isPartOf":{"@id":"https:\/\/hubsch-interior.com\/de\/#website"},"primaryImageOfPage":{"@id":"https:\/\/hubsch-interior.com\/de\/produkt\/wave-kuchenrollenhalter-naturfarben\/#primaryimage"},"image":{"@id":"https:\/\/hubsch-interior.com\/de\/produkt\/wave-kuchenrollenhalter-naturfarben\/#primaryimage"},"thumbnailUrl":"https:\/\/hubsch-interior.com\/wp-content\/uploads\/2026\/02\/wave-kitchen-roll-holder-natural-b7656ea6b867c90fbfbd25a1fde89851.jpg","datePublished":"2020-12-15T08:51:26+00:00","dateModified":"2026-04-09T02:49:27+00:00","description":"Der Wave K\u00fcchenrollenhalter aus Naturfarben ist FSC-zertifiziert und aus Eichenholz hergestellt. Er ist ein stilvolles und n\u00fctzliches Accessoire f\u00fcr jede","breadcrumb":{"@id":"https:\/\/hubsch-interior.com\/de\/produkt\/wave-kuchenrollenhalter-naturfarben\/#breadcrumb"},"inLanguage":"de","potentialAction":[{"@type":"ReadAction","target":["https:\/\/hubsch-interior.com\/de\/produkt\/wave-kuchenrollenhalter-naturfarben\/"]}]},{"@type":"ImageObject","inLanguage":"de","@id":"https:\/\/hubsch-interior.com\/de\/produkt\/wave-kuchenrollenhalter-naturfarben\/#primaryimage","url":"https:\/\/hubsch-interior.com\/wp-content\/uploads\/2026\/02\/wave-kitchen-roll-holder-natural-b7656ea6b867c90fbfbd25a1fde89851.jpg","contentUrl":"https:\/\/hubsch-interior.com\/wp-content\/uploads\/2026\/02\/wave-kitchen-roll-holder-natural-b7656ea6b867c90fbfbd25a1fde89851.jpg","width":1024,"height":1024},{"@type":"BreadcrumbList","@id":"https:\/\/hubsch-interior.com\/de\/produkt\/wave-kuchenrollenhalter-naturfarben\/#breadcrumb","itemListElement":[{"@type":"ListItem","position":1,"name":"Startseite","item":"https:\/\/hubsch-interior.com\/de\/"},{"@type":"ListItem","position":2,"name":"Produkte","item":"https:\/\/hubsch-interior.com\/de\/shop-2\/"},{"@type":"ListItem","position":3,"name":"K\u00fcche","item":"https:\/\/hubsch-interior.com\/de\/produkt-kategorie\/kuche\/"},{"@type":"ListItem","position":4,"name":"Tischgeschirr","item":"https:\/\/hubsch-interior.com\/de\/produkt-kategorie\/kuche\/tischgeschirr-de-2\/"},{"@type":"ListItem","position":5,"name":"K&uuml;chenrollenhalter","item":"https:\/\/hubsch-interior.com\/de\/produkt-kategorie\/kuche\/tischgeschirr-de-2\/kuechenrollenhalter-de\/"},{"@type":"ListItem","position":6,"name":"Wave K\u00fcchenrollenhalter Naturfarben"}]},{"@type":"WebSite","@id":"https:\/\/hubsch-interior.com\/de\/#website","url":"https:\/\/hubsch-interior.com\/de\/","name":"H\u00fcbsch","description":"Danish Home Interior and Design","publisher":{"@id":"https:\/\/hubsch-interior.com\/de\/#organization"},"potentialAction":[{"@type":"SearchAction","target":{"@type":"EntryPoint","urlTemplate":"https:\/\/hubsch-interior.com\/de\/?s={search_term_string}"},"query-input":{"@type":"PropertyValueSpecification","valueRequired":true,"valueName":"search_term_string"}}],"inLanguage":"de"},{"@type":"Organization","@id":"https:\/\/hubsch-interior.com\/de\/#organization","name":"H\u00fcbsch","url":"https:\/\/hubsch-interior.com\/de\/","logo":{"@type":"ImageObject","inLanguage":"de","@id":"https:\/\/hubsch-interior.com\/de\/#\/schema\/logo\/image\/","url":"https:\/\/hubsch-interior.com\/wp-content\/uploads\/2022\/12\/Hubsch_logo_black_one_line.svg","contentUrl":"https:\/\/hubsch-interior.com\/wp-content\/uploads\/2022\/12\/Hubsch_logo_black_one_line.svg","caption":"H\u00fcbsch"},"image":{"@id":"https:\/\/hubsch-interior.com\/de\/#\/schema\/logo\/image\/"}}]}},"_links":{"self":[{"href":"https:\/\/hubsch-interior.com\/de\/wp-json\/wp\/v2\/product\/40083","targetHints":{"allow":["GET"]}}],"collection":[{"href":"https:\/\/hubsch-interior.com\/de\/wp-json\/wp\/v2\/product"}],"about":[{"href":"https:\/\/hubsch-interior.com\/de\/wp-json\/wp\/v2\/types\/product"}],"wp:featuredmedia":[{"embeddable":true,"href":"https:\/\/hubsch-interior.com\/de\/wp-json\/wp\/v2\/media\/1114469"}],"wp:attachment":[{"href":"https:\/\/hubsch-interior.com\/de\/wp-json\/wp\/v2\/media?parent=40083"}],"wp:term":[{"taxonomy":"product_brand","embeddable":true,"href":"https:\/\/hubsch-interior.com\/de\/wp-json\/wp\/v2\/product_brand?post=40083"},{"taxonomy":"product_cat","embeddable":true,"href":"https:\/\/hubsch-interior.com\/de\/wp-json\/wp\/v2\/product_cat?post=40083"},{"taxonomy":"product_tag","embeddable":true,"href":"https:\/\/hubsch-interior.com\/de\/wp-json\/wp\/v2\/product_tag?post=40083"}],"curies":[{"name":"wp","href":"https:\/\/api.w.org\/{rel}","templated":true}]}}