{"id":40135,"date":"2020-12-15T09:51:42","date_gmt":"2020-12-15T08:51:42","guid":{"rendered":"https:\/\/hubsch-interior.com\/product\/product-35\/"},"modified":"2026-04-05T05:02:09","modified_gmt":"2026-04-05T03:02:09","slug":"nomad-esstisch-schreibtisch-naturfarben","status":"publish","type":"product","link":"https:\/\/hubsch-interior.com\/de\/produkt\/nomad-esstisch-schreibtisch-naturfarben\/","title":{"rendered":"Nomad Esstisch\/Schreibtisch Naturfarben"},"content":{"rendered":"<p>Der Nomad Esstisch Naturfarben ist ein wundersch\u00f6nes Produkt, das aus Eichenfurnier und Eichenholz hergestellt wird. Es ist FSC zertifiziert und bietet Ihnen eine robuste und langlebige Struktur. Dieser Tisch ist ein minimalistisches Design, das sich in jedes Interieur einf\u00fcgt. Er ist auf Grund der nat\u00fcrlichen Farben ein echter Blickfang und wird Ihren Raum sch\u00f6ner machen. Der Nomad Esstisch Naturfarben ist eine perfekte Wahl f\u00fcr ein modernes und stilvolles Zuhause.<\/p>\n","protected":false},"excerpt":{"rendered":"<p>Der Nomad Esstisch Naturfarben ist ein wundersch\u00f6nes Produkt, das aus Eichenfurnier und Eichenholz hergestellt wird. Es ist FSC zertifiziert und bietet Ihnen eine robuste und langlebige Struktur. Dieser Tisch ist ein minimalistisches Design, das sich in jedes Interieur einf\u00fcgt. Er ist auf Grund der nat\u00fcrlichen Farben ein echter Blickfang und wird Ihren Raum sch\u00f6ner machen. [&hellip;]<\/p>\n","protected":false},"featured_media":1105633,"template":"","meta":{"_acf_changed":false,"inline_featured_image":false},"product_brand":[],"product_cat":[6323,2861,2906,4216],"product_tag":[],"class_list":{"0":"post-40135","1":"product","2":"type-product","3":"status-publish","4":"has-post-thumbnail","6":"product_cat-fsc-de","7":"product_cat-tische-de","8":"product_cat-schreibtische-de","9":"product_cat-esstische-de","10":"product_shipping_class-p05","12":"pa_color-naturfarben-2","13":"pa_material-mdf-de","14":"pa_material-eichenfurnier","15":"pa_material-eichenholz","17":"first","18":"instock","19":"taxable","20":"shipping-taxable","21":"purchasable","22":"product-type-simple"},"exclude_global_add_ons":[],"addons":[],"acf":[],"yoast_head":"<!-- This site is optimized with the Yoast SEO plugin v26.4 - https:\/\/yoast.com\/wordpress\/plugins\/seo\/ -->\n<title>Nomad Esstisch\/Schreibtisch Naturfarben - H\u00fcbsch<\/title>\n<meta name=\"description\" content=\"Der Nomad Esstisch Naturfarben ist ein wundersch\u00f6nes Produkt, das aus Eichenfurnier und Eichenholz hergestellt wird. Es ist FSC zertifiziert und bietet\" \/>\n<meta name=\"robots\" content=\"index, follow, max-snippet:-1, max-image-preview:large, max-video-preview:-1\" \/>\n<link rel=\"canonical\" href=\"https:\/\/hubsch-interior.com\/de\/wp-json\/wp\/v2\/product\/40135\" \/>\n<meta property=\"og:locale\" content=\"de_DE\" \/>\n<meta property=\"og:type\" content=\"article\" \/>\n<meta property=\"og:title\" content=\"Nomad Esstisch\/Schreibtisch Naturfarben - H\u00fcbsch\" \/>\n<meta property=\"og:description\" content=\"Der Nomad Esstisch Naturfarben ist ein wundersch\u00f6nes Produkt, das aus Eichenfurnier und Eichenholz hergestellt wird. Es ist FSC zertifiziert und bietet\" \/>\n<meta property=\"og:url\" content=\"https:\/\/hubsch-interior.com\/de\/produkt\/nomad-esstisch-schreibtisch-naturfarben\/\" \/>\n<meta property=\"og:site_name\" content=\"H\u00fcbsch\" \/>\n<meta property=\"article:modified_time\" content=\"2026-04-05T03:02:09+00:00\" \/>\n<meta property=\"og:image\" content=\"https:\/\/hubsch-interior.com\/wp-content\/uploads\/2023\/08\/nomad-dining-table-natural-087e330df30cb858d470dcbef1abac31.jpg\" \/>\n\t<meta property=\"og:image:width\" content=\"1200\" \/>\n\t<meta property=\"og:image:height\" content=\"1200\" \/>\n\t<meta property=\"og:image:type\" content=\"image\/jpeg\" \/>\n<meta name=\"twitter:card\" content=\"summary_large_image\" \/>\n<script type=\"application\/ld+json\" class=\"yoast-schema-graph\">{\"@context\":\"https:\/\/schema.org\",\"@graph\":[{\"@type\":\"WebPage\",\"@id\":\"https:\/\/hubsch-interior.com\/de\/produkt\/nomad-esstisch-schreibtisch-naturfarben\/\",\"url\":\"https:\/\/hubsch-interior.com\/de\/produkt\/nomad-esstisch-schreibtisch-naturfarben\/\",\"name\":\"Nomad Esstisch\/Schreibtisch Naturfarben - H\u00fcbsch\",\"isPartOf\":{\"@id\":\"https:\/\/hubsch-interior.com\/de\/#website\"},\"primaryImageOfPage\":{\"@id\":\"https:\/\/hubsch-interior.com\/de\/produkt\/nomad-esstisch-schreibtisch-naturfarben\/#primaryimage\"},\"image\":{\"@id\":\"https:\/\/hubsch-interior.com\/de\/produkt\/nomad-esstisch-schreibtisch-naturfarben\/#primaryimage\"},\"thumbnailUrl\":\"https:\/\/hubsch-interior.com\/wp-content\/uploads\/2026\/02\/nomad-dining-tabledesk-natural-c4831176cf9bf3bc0d8b39007db5c32a.jpg\",\"datePublished\":\"2020-12-15T08:51:42+00:00\",\"dateModified\":\"2026-04-05T03:02:09+00:00\",\"description\":\"Der Nomad Esstisch Naturfarben ist ein wundersch\u00f6nes Produkt, das aus Eichenfurnier und Eichenholz hergestellt wird. Es ist FSC zertifiziert und bietet\",\"breadcrumb\":{\"@id\":\"https:\/\/hubsch-interior.com\/de\/produkt\/nomad-esstisch-schreibtisch-naturfarben\/#breadcrumb\"},\"inLanguage\":\"de\",\"potentialAction\":[{\"@type\":\"ReadAction\",\"target\":[\"https:\/\/hubsch-interior.com\/de\/produkt\/nomad-esstisch-schreibtisch-naturfarben\/\"]}]},{\"@type\":\"ImageObject\",\"inLanguage\":\"de\",\"@id\":\"https:\/\/hubsch-interior.com\/de\/produkt\/nomad-esstisch-schreibtisch-naturfarben\/#primaryimage\",\"url\":\"https:\/\/hubsch-interior.com\/wp-content\/uploads\/2026\/02\/nomad-dining-tabledesk-natural-c4831176cf9bf3bc0d8b39007db5c32a.jpg\",\"contentUrl\":\"https:\/\/hubsch-interior.com\/wp-content\/uploads\/2026\/02\/nomad-dining-tabledesk-natural-c4831176cf9bf3bc0d8b39007db5c32a.jpg\",\"width\":1024,\"height\":1024},{\"@type\":\"BreadcrumbList\",\"@id\":\"https:\/\/hubsch-interior.com\/de\/produkt\/nomad-esstisch-schreibtisch-naturfarben\/#breadcrumb\",\"itemListElement\":[{\"@type\":\"ListItem\",\"position\":1,\"name\":\"Startseite\",\"item\":\"https:\/\/hubsch-interior.com\/de\/\"},{\"@type\":\"ListItem\",\"position\":2,\"name\":\"Produkte\",\"item\":\"https:\/\/hubsch-interior.com\/de\/shop-2\/\"},{\"@type\":\"ListItem\",\"position\":3,\"name\":\"M\u00f6bel\",\"item\":\"https:\/\/hubsch-interior.com\/de\/produkt-kategorie\/moebel\/\"},{\"@type\":\"ListItem\",\"position\":4,\"name\":\"Tische\",\"item\":\"https:\/\/hubsch-interior.com\/de\/produkt-kategorie\/moebel\/tische-de\/\"},{\"@type\":\"ListItem\",\"position\":5,\"name\":\"Esstische\",\"item\":\"https:\/\/hubsch-interior.com\/de\/produkt-kategorie\/moebel\/tische-de\/esstische-de\/\"},{\"@type\":\"ListItem\",\"position\":6,\"name\":\"Nomad Esstisch\/Schreibtisch Naturfarben\"}]},{\"@type\":\"WebSite\",\"@id\":\"https:\/\/hubsch-interior.com\/de\/#website\",\"url\":\"https:\/\/hubsch-interior.com\/de\/\",\"name\":\"H\u00fcbsch\",\"description\":\"Danish Home Interior and Design\",\"publisher\":{\"@id\":\"https:\/\/hubsch-interior.com\/de\/#organization\"},\"potentialAction\":[{\"@type\":\"SearchAction\",\"target\":{\"@type\":\"EntryPoint\",\"urlTemplate\":\"https:\/\/hubsch-interior.com\/de\/?s={search_term_string}\"},\"query-input\":{\"@type\":\"PropertyValueSpecification\",\"valueRequired\":true,\"valueName\":\"search_term_string\"}}],\"inLanguage\":\"de\"},{\"@type\":\"Organization\",\"@id\":\"https:\/\/hubsch-interior.com\/de\/#organization\",\"name\":\"H\u00fcbsch\",\"url\":\"https:\/\/hubsch-interior.com\/de\/\",\"logo\":{\"@type\":\"ImageObject\",\"inLanguage\":\"de\",\"@id\":\"https:\/\/hubsch-interior.com\/de\/#\/schema\/logo\/image\/\",\"url\":\"https:\/\/hubsch-interior.com\/wp-content\/uploads\/2022\/12\/Hubsch_logo_black_one_line.svg\",\"contentUrl\":\"https:\/\/hubsch-interior.com\/wp-content\/uploads\/2022\/12\/Hubsch_logo_black_one_line.svg\",\"caption\":\"H\u00fcbsch\"},\"image\":{\"@id\":\"https:\/\/hubsch-interior.com\/de\/#\/schema\/logo\/image\/\"}}]}<\/script>\n<!-- \/ Yoast SEO plugin. -->","yoast_head_json":{"title":"Nomad Esstisch\/Schreibtisch Naturfarben - H\u00fcbsch","description":"Der Nomad Esstisch Naturfarben ist ein wundersch\u00f6nes Produkt, das aus Eichenfurnier und Eichenholz hergestellt wird. Es ist FSC zertifiziert und bietet","robots":{"index":"index","follow":"follow","max-snippet":"max-snippet:-1","max-image-preview":"max-image-preview:large","max-video-preview":"max-video-preview:-1"},"canonical":"https:\/\/hubsch-interior.com\/de\/wp-json\/wp\/v2\/product\/40135","og_locale":"de_DE","og_type":"article","og_title":"Nomad Esstisch\/Schreibtisch Naturfarben - H\u00fcbsch","og_description":"Der Nomad Esstisch Naturfarben ist ein wundersch\u00f6nes Produkt, das aus Eichenfurnier und Eichenholz hergestellt wird. Es ist FSC zertifiziert und bietet","og_url":"https:\/\/hubsch-interior.com\/de\/produkt\/nomad-esstisch-schreibtisch-naturfarben\/","og_site_name":"H\u00fcbsch","article_modified_time":"2026-04-05T03:02:09+00:00","og_image":[{"width":1200,"height":1200,"url":"https:\/\/hubsch-interior.com\/wp-content\/uploads\/2023\/08\/nomad-dining-table-natural-087e330df30cb858d470dcbef1abac31.jpg","type":"image\/jpeg"}],"twitter_card":"summary_large_image","schema":{"@context":"https:\/\/schema.org","@graph":[{"@type":"WebPage","@id":"https:\/\/hubsch-interior.com\/de\/produkt\/nomad-esstisch-schreibtisch-naturfarben\/","url":"https:\/\/hubsch-interior.com\/de\/produkt\/nomad-esstisch-schreibtisch-naturfarben\/","name":"Nomad Esstisch\/Schreibtisch Naturfarben - H\u00fcbsch","isPartOf":{"@id":"https:\/\/hubsch-interior.com\/de\/#website"},"primaryImageOfPage":{"@id":"https:\/\/hubsch-interior.com\/de\/produkt\/nomad-esstisch-schreibtisch-naturfarben\/#primaryimage"},"image":{"@id":"https:\/\/hubsch-interior.com\/de\/produkt\/nomad-esstisch-schreibtisch-naturfarben\/#primaryimage"},"thumbnailUrl":"https:\/\/hubsch-interior.com\/wp-content\/uploads\/2026\/02\/nomad-dining-tabledesk-natural-c4831176cf9bf3bc0d8b39007db5c32a.jpg","datePublished":"2020-12-15T08:51:42+00:00","dateModified":"2026-04-05T03:02:09+00:00","description":"Der Nomad Esstisch Naturfarben ist ein wundersch\u00f6nes Produkt, das aus Eichenfurnier und Eichenholz hergestellt wird. Es ist FSC zertifiziert und bietet","breadcrumb":{"@id":"https:\/\/hubsch-interior.com\/de\/produkt\/nomad-esstisch-schreibtisch-naturfarben\/#breadcrumb"},"inLanguage":"de","potentialAction":[{"@type":"ReadAction","target":["https:\/\/hubsch-interior.com\/de\/produkt\/nomad-esstisch-schreibtisch-naturfarben\/"]}]},{"@type":"ImageObject","inLanguage":"de","@id":"https:\/\/hubsch-interior.com\/de\/produkt\/nomad-esstisch-schreibtisch-naturfarben\/#primaryimage","url":"https:\/\/hubsch-interior.com\/wp-content\/uploads\/2026\/02\/nomad-dining-tabledesk-natural-c4831176cf9bf3bc0d8b39007db5c32a.jpg","contentUrl":"https:\/\/hubsch-interior.com\/wp-content\/uploads\/2026\/02\/nomad-dining-tabledesk-natural-c4831176cf9bf3bc0d8b39007db5c32a.jpg","width":1024,"height":1024},{"@type":"BreadcrumbList","@id":"https:\/\/hubsch-interior.com\/de\/produkt\/nomad-esstisch-schreibtisch-naturfarben\/#breadcrumb","itemListElement":[{"@type":"ListItem","position":1,"name":"Startseite","item":"https:\/\/hubsch-interior.com\/de\/"},{"@type":"ListItem","position":2,"name":"Produkte","item":"https:\/\/hubsch-interior.com\/de\/shop-2\/"},{"@type":"ListItem","position":3,"name":"M\u00f6bel","item":"https:\/\/hubsch-interior.com\/de\/produkt-kategorie\/moebel\/"},{"@type":"ListItem","position":4,"name":"Tische","item":"https:\/\/hubsch-interior.com\/de\/produkt-kategorie\/moebel\/tische-de\/"},{"@type":"ListItem","position":5,"name":"Esstische","item":"https:\/\/hubsch-interior.com\/de\/produkt-kategorie\/moebel\/tische-de\/esstische-de\/"},{"@type":"ListItem","position":6,"name":"Nomad Esstisch\/Schreibtisch Naturfarben"}]},{"@type":"WebSite","@id":"https:\/\/hubsch-interior.com\/de\/#website","url":"https:\/\/hubsch-interior.com\/de\/","name":"H\u00fcbsch","description":"Danish Home Interior and Design","publisher":{"@id":"https:\/\/hubsch-interior.com\/de\/#organization"},"potentialAction":[{"@type":"SearchAction","target":{"@type":"EntryPoint","urlTemplate":"https:\/\/hubsch-interior.com\/de\/?s={search_term_string}"},"query-input":{"@type":"PropertyValueSpecification","valueRequired":true,"valueName":"search_term_string"}}],"inLanguage":"de"},{"@type":"Organization","@id":"https:\/\/hubsch-interior.com\/de\/#organization","name":"H\u00fcbsch","url":"https:\/\/hubsch-interior.com\/de\/","logo":{"@type":"ImageObject","inLanguage":"de","@id":"https:\/\/hubsch-interior.com\/de\/#\/schema\/logo\/image\/","url":"https:\/\/hubsch-interior.com\/wp-content\/uploads\/2022\/12\/Hubsch_logo_black_one_line.svg","contentUrl":"https:\/\/hubsch-interior.com\/wp-content\/uploads\/2022\/12\/Hubsch_logo_black_one_line.svg","caption":"H\u00fcbsch"},"image":{"@id":"https:\/\/hubsch-interior.com\/de\/#\/schema\/logo\/image\/"}}]}},"_links":{"self":[{"href":"https:\/\/hubsch-interior.com\/de\/wp-json\/wp\/v2\/product\/40135","targetHints":{"allow":["GET"]}}],"collection":[{"href":"https:\/\/hubsch-interior.com\/de\/wp-json\/wp\/v2\/product"}],"about":[{"href":"https:\/\/hubsch-interior.com\/de\/wp-json\/wp\/v2\/types\/product"}],"wp:featuredmedia":[{"embeddable":true,"href":"https:\/\/hubsch-interior.com\/de\/wp-json\/wp\/v2\/media\/1105633"}],"wp:attachment":[{"href":"https:\/\/hubsch-interior.com\/de\/wp-json\/wp\/v2\/media?parent=40135"}],"wp:term":[{"taxonomy":"product_brand","embeddable":true,"href":"https:\/\/hubsch-interior.com\/de\/wp-json\/wp\/v2\/product_brand?post=40135"},{"taxonomy":"product_cat","embeddable":true,"href":"https:\/\/hubsch-interior.com\/de\/wp-json\/wp\/v2\/product_cat?post=40135"},{"taxonomy":"product_tag","embeddable":true,"href":"https:\/\/hubsch-interior.com\/de\/wp-json\/wp\/v2\/product_tag?post=40135"}],"curies":[{"name":"wp","href":"https:\/\/api.w.org\/{rel}","templated":true}]}}