{"id":40723,"date":"2020-12-15T09:57:19","date_gmt":"2020-12-15T08:57:19","guid":{"rendered":"https:\/\/hubsch-interior.com\/product\/product-40\/"},"modified":"2026-04-11T05:11:26","modified_gmt":"2026-04-11T03:11:26","slug":"drop-hangelampe-multifarben","status":"publish","type":"product","link":"https:\/\/hubsch-interior.com\/de\/produkt\/drop-hangelampe-multifarben\/","title":{"rendered":"Drop H\u00e4ngelampe \u00a0Multifarben"},"content":{"rendered":"<p>Die Drop Lampe ist eine moderne Metallleuchte in Wei\u00df, Rot und Messingfarben. Sie ist eine ideale Erg\u00e4nzung f\u00fcr moderne und klassische Wohnr\u00e4ume. Die Lampe ist einfach zu installieren und kann ein sch\u00f6nes Ambiente in Ihrem Zuhause schaffen. Ihr Design ist schlicht und klassisch, sodass sie in jede Umgebung passt. Die Farben und Materialien sorgen f\u00fcr ein edles Finish und ein stilvolles Design. Erleben Sie ein warmes und einladendes Licht dank der Drop Lampe.<\/p>\n","protected":false},"excerpt":{"rendered":"<p>Die Drop Lampe ist eine moderne Metallleuchte in Wei\u00df, Rot und Messingfarben. Sie ist eine ideale Erg\u00e4nzung f\u00fcr moderne und klassische Wohnr\u00e4ume. Die Lampe ist einfach zu installieren und kann ein sch\u00f6nes Ambiente in Ihrem Zuhause schaffen. Ihr Design ist schlicht und klassisch, sodass sie in jede Umgebung passt. Die Farben und Materialien sorgen f\u00fcr [&hellip;]<\/p>\n","protected":false},"featured_media":1112936,"template":"","meta":{"_acf_changed":false,"inline_featured_image":false},"product_brand":[],"product_cat":[3809,4148],"product_tag":[],"class_list":{"0":"post-40723","1":"product","2":"type-product","3":"status-publish","4":"has-post-thumbnail","6":"product_cat-beleuchtung","7":"product_cat-haengelampen-de","8":"product_shipping_class-pk","10":"pa_color-multifarben-2","11":"pa_material-eisen-de","13":"first","14":"instock","15":"taxable","16":"shipping-taxable","17":"purchasable","18":"product-type-simple"},"exclude_global_add_ons":[],"addons":[],"acf":[],"yoast_head":"<!-- This site is optimized with the Yoast SEO plugin v26.4 - https:\/\/yoast.com\/wordpress\/plugins\/seo\/ -->\n<title>Drop H\u00e4ngelampe \u00a0Multifarben - H\u00fcbsch<\/title>\n<meta name=\"description\" content=\"Die Drop Lampe ist eine moderne Metallleuchte in Wei\u00df, Rot und Messingfarben. Sie ist eine ideale Erg\u00e4nzung f\u00fcr moderne und klassische Wohnr\u00e4ume. Die\" \/>\n<meta name=\"robots\" content=\"index, follow, max-snippet:-1, max-image-preview:large, max-video-preview:-1\" \/>\n<link rel=\"canonical\" href=\"https:\/\/hubsch-interior.com\/de\/wp-json\/wp\/v2\/product\/40723\" \/>\n<meta property=\"og:locale\" content=\"de_DE\" \/>\n<meta property=\"og:type\" content=\"article\" \/>\n<meta property=\"og:title\" content=\"Drop H\u00e4ngelampe \u00a0Multifarben - H\u00fcbsch\" \/>\n<meta property=\"og:description\" content=\"Die Drop Lampe ist eine moderne Metallleuchte in Wei\u00df, Rot und Messingfarben. Sie ist eine ideale Erg\u00e4nzung f\u00fcr moderne und klassische Wohnr\u00e4ume. Die\" \/>\n<meta property=\"og:url\" content=\"https:\/\/hubsch-interior.com\/de\/produkt\/drop-hangelampe-multifarben\/\" \/>\n<meta property=\"og:site_name\" content=\"H\u00fcbsch\" \/>\n<meta property=\"article:modified_time\" content=\"2026-04-11T03:11:26+00:00\" \/>\n<meta property=\"og:image\" content=\"https:\/\/hubsch-interior.com\/wp-content\/uploads\/2024\/05\/drop-lamp-multicolour-7c98c9c57d0e1e02ebd8d0c546dc99fb.jpg\" \/>\n\t<meta property=\"og:image:width\" content=\"1200\" \/>\n\t<meta property=\"og:image:height\" content=\"1200\" \/>\n\t<meta property=\"og:image:type\" content=\"image\/jpeg\" \/>\n<meta name=\"twitter:card\" content=\"summary_large_image\" \/>\n<script type=\"application\/ld+json\" class=\"yoast-schema-graph\">{\"@context\":\"https:\/\/schema.org\",\"@graph\":[{\"@type\":\"WebPage\",\"@id\":\"https:\/\/hubsch-interior.com\/de\/produkt\/drop-hangelampe-multifarben\/\",\"url\":\"https:\/\/hubsch-interior.com\/de\/produkt\/drop-hangelampe-multifarben\/\",\"name\":\"Drop H\u00e4ngelampe \u00a0Multifarben - H\u00fcbsch\",\"isPartOf\":{\"@id\":\"https:\/\/hubsch-interior.com\/de\/#website\"},\"primaryImageOfPage\":{\"@id\":\"https:\/\/hubsch-interior.com\/de\/produkt\/drop-hangelampe-multifarben\/#primaryimage\"},\"image\":{\"@id\":\"https:\/\/hubsch-interior.com\/de\/produkt\/drop-hangelampe-multifarben\/#primaryimage\"},\"thumbnailUrl\":\"https:\/\/hubsch-interior.com\/wp-content\/uploads\/2026\/02\/drop-pendant-multicolour-765ee3b231953a1d6403a61f46bcdca0.jpg\",\"datePublished\":\"2020-12-15T08:57:19+00:00\",\"dateModified\":\"2026-04-11T03:11:26+00:00\",\"description\":\"Die Drop Lampe ist eine moderne Metallleuchte in Wei\u00df, Rot und Messingfarben. Sie ist eine ideale Erg\u00e4nzung f\u00fcr moderne und klassische Wohnr\u00e4ume. Die\",\"breadcrumb\":{\"@id\":\"https:\/\/hubsch-interior.com\/de\/produkt\/drop-hangelampe-multifarben\/#breadcrumb\"},\"inLanguage\":\"de\",\"potentialAction\":[{\"@type\":\"ReadAction\",\"target\":[\"https:\/\/hubsch-interior.com\/de\/produkt\/drop-hangelampe-multifarben\/\"]}]},{\"@type\":\"ImageObject\",\"inLanguage\":\"de\",\"@id\":\"https:\/\/hubsch-interior.com\/de\/produkt\/drop-hangelampe-multifarben\/#primaryimage\",\"url\":\"https:\/\/hubsch-interior.com\/wp-content\/uploads\/2026\/02\/drop-pendant-multicolour-765ee3b231953a1d6403a61f46bcdca0.jpg\",\"contentUrl\":\"https:\/\/hubsch-interior.com\/wp-content\/uploads\/2026\/02\/drop-pendant-multicolour-765ee3b231953a1d6403a61f46bcdca0.jpg\",\"width\":1024,\"height\":1024},{\"@type\":\"BreadcrumbList\",\"@id\":\"https:\/\/hubsch-interior.com\/de\/produkt\/drop-hangelampe-multifarben\/#breadcrumb\",\"itemListElement\":[{\"@type\":\"ListItem\",\"position\":1,\"name\":\"Startseite\",\"item\":\"https:\/\/hubsch-interior.com\/de\/\"},{\"@type\":\"ListItem\",\"position\":2,\"name\":\"Produkte\",\"item\":\"https:\/\/hubsch-interior.com\/de\/shop-2\/\"},{\"@type\":\"ListItem\",\"position\":3,\"name\":\"Beleuchtung\",\"item\":\"https:\/\/hubsch-interior.com\/de\/produkt-kategorie\/beleuchtung\/\"},{\"@type\":\"ListItem\",\"position\":4,\"name\":\"H&auml;ngelampen\",\"item\":\"https:\/\/hubsch-interior.com\/de\/produkt-kategorie\/beleuchtung\/haengelampen-de\/\"},{\"@type\":\"ListItem\",\"position\":5,\"name\":\"Drop H\u00e4ngelampe \u00a0Multifarben\"}]},{\"@type\":\"WebSite\",\"@id\":\"https:\/\/hubsch-interior.com\/de\/#website\",\"url\":\"https:\/\/hubsch-interior.com\/de\/\",\"name\":\"H\u00fcbsch\",\"description\":\"Danish Home Interior and Design\",\"publisher\":{\"@id\":\"https:\/\/hubsch-interior.com\/de\/#organization\"},\"potentialAction\":[{\"@type\":\"SearchAction\",\"target\":{\"@type\":\"EntryPoint\",\"urlTemplate\":\"https:\/\/hubsch-interior.com\/de\/?s={search_term_string}\"},\"query-input\":{\"@type\":\"PropertyValueSpecification\",\"valueRequired\":true,\"valueName\":\"search_term_string\"}}],\"inLanguage\":\"de\"},{\"@type\":\"Organization\",\"@id\":\"https:\/\/hubsch-interior.com\/de\/#organization\",\"name\":\"H\u00fcbsch\",\"url\":\"https:\/\/hubsch-interior.com\/de\/\",\"logo\":{\"@type\":\"ImageObject\",\"inLanguage\":\"de\",\"@id\":\"https:\/\/hubsch-interior.com\/de\/#\/schema\/logo\/image\/\",\"url\":\"https:\/\/hubsch-interior.com\/wp-content\/uploads\/2022\/12\/Hubsch_logo_black_one_line.svg\",\"contentUrl\":\"https:\/\/hubsch-interior.com\/wp-content\/uploads\/2022\/12\/Hubsch_logo_black_one_line.svg\",\"caption\":\"H\u00fcbsch\"},\"image\":{\"@id\":\"https:\/\/hubsch-interior.com\/de\/#\/schema\/logo\/image\/\"}}]}<\/script>\n<!-- \/ Yoast SEO plugin. -->","yoast_head_json":{"title":"Drop H\u00e4ngelampe \u00a0Multifarben - H\u00fcbsch","description":"Die Drop Lampe ist eine moderne Metallleuchte in Wei\u00df, Rot und Messingfarben. Sie ist eine ideale Erg\u00e4nzung f\u00fcr moderne und klassische Wohnr\u00e4ume. Die","robots":{"index":"index","follow":"follow","max-snippet":"max-snippet:-1","max-image-preview":"max-image-preview:large","max-video-preview":"max-video-preview:-1"},"canonical":"https:\/\/hubsch-interior.com\/de\/wp-json\/wp\/v2\/product\/40723","og_locale":"de_DE","og_type":"article","og_title":"Drop H\u00e4ngelampe \u00a0Multifarben - H\u00fcbsch","og_description":"Die Drop Lampe ist eine moderne Metallleuchte in Wei\u00df, Rot und Messingfarben. Sie ist eine ideale Erg\u00e4nzung f\u00fcr moderne und klassische Wohnr\u00e4ume. Die","og_url":"https:\/\/hubsch-interior.com\/de\/produkt\/drop-hangelampe-multifarben\/","og_site_name":"H\u00fcbsch","article_modified_time":"2026-04-11T03:11:26+00:00","og_image":[{"width":1200,"height":1200,"url":"https:\/\/hubsch-interior.com\/wp-content\/uploads\/2024\/05\/drop-lamp-multicolour-7c98c9c57d0e1e02ebd8d0c546dc99fb.jpg","type":"image\/jpeg"}],"twitter_card":"summary_large_image","schema":{"@context":"https:\/\/schema.org","@graph":[{"@type":"WebPage","@id":"https:\/\/hubsch-interior.com\/de\/produkt\/drop-hangelampe-multifarben\/","url":"https:\/\/hubsch-interior.com\/de\/produkt\/drop-hangelampe-multifarben\/","name":"Drop H\u00e4ngelampe \u00a0Multifarben - H\u00fcbsch","isPartOf":{"@id":"https:\/\/hubsch-interior.com\/de\/#website"},"primaryImageOfPage":{"@id":"https:\/\/hubsch-interior.com\/de\/produkt\/drop-hangelampe-multifarben\/#primaryimage"},"image":{"@id":"https:\/\/hubsch-interior.com\/de\/produkt\/drop-hangelampe-multifarben\/#primaryimage"},"thumbnailUrl":"https:\/\/hubsch-interior.com\/wp-content\/uploads\/2026\/02\/drop-pendant-multicolour-765ee3b231953a1d6403a61f46bcdca0.jpg","datePublished":"2020-12-15T08:57:19+00:00","dateModified":"2026-04-11T03:11:26+00:00","description":"Die Drop Lampe ist eine moderne Metallleuchte in Wei\u00df, Rot und Messingfarben. Sie ist eine ideale Erg\u00e4nzung f\u00fcr moderne und klassische Wohnr\u00e4ume. Die","breadcrumb":{"@id":"https:\/\/hubsch-interior.com\/de\/produkt\/drop-hangelampe-multifarben\/#breadcrumb"},"inLanguage":"de","potentialAction":[{"@type":"ReadAction","target":["https:\/\/hubsch-interior.com\/de\/produkt\/drop-hangelampe-multifarben\/"]}]},{"@type":"ImageObject","inLanguage":"de","@id":"https:\/\/hubsch-interior.com\/de\/produkt\/drop-hangelampe-multifarben\/#primaryimage","url":"https:\/\/hubsch-interior.com\/wp-content\/uploads\/2026\/02\/drop-pendant-multicolour-765ee3b231953a1d6403a61f46bcdca0.jpg","contentUrl":"https:\/\/hubsch-interior.com\/wp-content\/uploads\/2026\/02\/drop-pendant-multicolour-765ee3b231953a1d6403a61f46bcdca0.jpg","width":1024,"height":1024},{"@type":"BreadcrumbList","@id":"https:\/\/hubsch-interior.com\/de\/produkt\/drop-hangelampe-multifarben\/#breadcrumb","itemListElement":[{"@type":"ListItem","position":1,"name":"Startseite","item":"https:\/\/hubsch-interior.com\/de\/"},{"@type":"ListItem","position":2,"name":"Produkte","item":"https:\/\/hubsch-interior.com\/de\/shop-2\/"},{"@type":"ListItem","position":3,"name":"Beleuchtung","item":"https:\/\/hubsch-interior.com\/de\/produkt-kategorie\/beleuchtung\/"},{"@type":"ListItem","position":4,"name":"H&auml;ngelampen","item":"https:\/\/hubsch-interior.com\/de\/produkt-kategorie\/beleuchtung\/haengelampen-de\/"},{"@type":"ListItem","position":5,"name":"Drop H\u00e4ngelampe \u00a0Multifarben"}]},{"@type":"WebSite","@id":"https:\/\/hubsch-interior.com\/de\/#website","url":"https:\/\/hubsch-interior.com\/de\/","name":"H\u00fcbsch","description":"Danish Home Interior and Design","publisher":{"@id":"https:\/\/hubsch-interior.com\/de\/#organization"},"potentialAction":[{"@type":"SearchAction","target":{"@type":"EntryPoint","urlTemplate":"https:\/\/hubsch-interior.com\/de\/?s={search_term_string}"},"query-input":{"@type":"PropertyValueSpecification","valueRequired":true,"valueName":"search_term_string"}}],"inLanguage":"de"},{"@type":"Organization","@id":"https:\/\/hubsch-interior.com\/de\/#organization","name":"H\u00fcbsch","url":"https:\/\/hubsch-interior.com\/de\/","logo":{"@type":"ImageObject","inLanguage":"de","@id":"https:\/\/hubsch-interior.com\/de\/#\/schema\/logo\/image\/","url":"https:\/\/hubsch-interior.com\/wp-content\/uploads\/2022\/12\/Hubsch_logo_black_one_line.svg","contentUrl":"https:\/\/hubsch-interior.com\/wp-content\/uploads\/2022\/12\/Hubsch_logo_black_one_line.svg","caption":"H\u00fcbsch"},"image":{"@id":"https:\/\/hubsch-interior.com\/de\/#\/schema\/logo\/image\/"}}]}},"_links":{"self":[{"href":"https:\/\/hubsch-interior.com\/de\/wp-json\/wp\/v2\/product\/40723","targetHints":{"allow":["GET"]}}],"collection":[{"href":"https:\/\/hubsch-interior.com\/de\/wp-json\/wp\/v2\/product"}],"about":[{"href":"https:\/\/hubsch-interior.com\/de\/wp-json\/wp\/v2\/types\/product"}],"wp:featuredmedia":[{"embeddable":true,"href":"https:\/\/hubsch-interior.com\/de\/wp-json\/wp\/v2\/media\/1112936"}],"wp:attachment":[{"href":"https:\/\/hubsch-interior.com\/de\/wp-json\/wp\/v2\/media?parent=40723"}],"wp:term":[{"taxonomy":"product_brand","embeddable":true,"href":"https:\/\/hubsch-interior.com\/de\/wp-json\/wp\/v2\/product_brand?post=40723"},{"taxonomy":"product_cat","embeddable":true,"href":"https:\/\/hubsch-interior.com\/de\/wp-json\/wp\/v2\/product_cat?post=40723"},{"taxonomy":"product_tag","embeddable":true,"href":"https:\/\/hubsch-interior.com\/de\/wp-json\/wp\/v2\/product_tag?post=40723"}],"curies":[{"name":"wp","href":"https:\/\/api.w.org\/{rel}","templated":true}]}}