{"id":40779,"date":"2020-12-15T09:57:30","date_gmt":"2020-12-15T08:57:30","guid":{"rendered":"https:\/\/hubsch-interior.com\/product\/product-41\/"},"modified":"2026-04-09T05:14:44","modified_gmt":"2026-04-09T03:14:44","slug":"solo-tischlampe-nickel","status":"publish","type":"product","link":"https:\/\/hubsch-interior.com\/de\/produkt\/solo-tischlampe-nickel\/","title":{"rendered":"Solo Tischlampe Nickel"},"content":{"rendered":"<p>Diese sch\u00f6ne Solo Tischlampe Nickel ist ein moderner Blickfang in Ihrem Zuhause. Sie ist aus robustem Metall gefertigt und mit einem nickelbeschichteten Finish versehen. Dank des einzigartigen Designs passt sie perfekt zu jedem Einrichtungsstil. Sie bietet ein dezentes Licht und ist die perfekte Erg\u00e4nzung f\u00fcr jedes Zimmer. Mit einer H\u00f6he von 34 cm ist sie ein Blickfang in Ihrem Zuhause.<\/p>\n","protected":false},"excerpt":{"rendered":"<p>Diese sch\u00f6ne Solo Tischlampe Nickel ist ein moderner Blickfang in Ihrem Zuhause. Sie ist aus robustem Metall gefertigt und mit einem nickelbeschichteten Finish versehen. Dank des einzigartigen Designs passt sie perfekt zu jedem Einrichtungsstil. Sie bietet ein dezentes Licht und ist die perfekte Erg\u00e4nzung f\u00fcr jedes Zimmer. Mit einer H\u00f6he von 34 cm ist sie [&hellip;]<\/p>\n","protected":false},"featured_media":1112960,"template":"","meta":{"_acf_changed":false,"inline_featured_image":false},"product_brand":[],"product_cat":[3809,3501],"product_tag":[],"class_list":{"0":"post-40779","1":"product","2":"type-product","3":"status-publish","4":"has-post-thumbnail","6":"product_cat-beleuchtung","7":"product_cat-tischlampen-de","8":"product_shipping_class-pk","10":"pa_color-nickel-de","11":"pa_material-eisen-de","13":"first","14":"instock","15":"taxable","16":"shipping-taxable","17":"purchasable","18":"product-type-simple"},"exclude_global_add_ons":[],"addons":[],"acf":[],"yoast_head":"<!-- This site is optimized with the Yoast SEO plugin v26.4 - https:\/\/yoast.com\/wordpress\/plugins\/seo\/ -->\n<title>Solo Tischlampe Nickel - H\u00fcbsch<\/title>\n<meta name=\"description\" content=\"Diese sch\u00f6ne Solo Tischlampe Nickel ist ein moderner Blickfang in Ihrem Zuhause. Sie ist aus robustem Metall gefertigt und mit einem nickelbeschichteten\" \/>\n<meta name=\"robots\" content=\"index, follow, max-snippet:-1, max-image-preview:large, max-video-preview:-1\" \/>\n<link rel=\"canonical\" href=\"https:\/\/hubsch-interior.com\/de\/wp-json\/wp\/v2\/product\/40779\" \/>\n<meta property=\"og:locale\" content=\"de_DE\" \/>\n<meta property=\"og:type\" content=\"article\" \/>\n<meta property=\"og:title\" content=\"Solo Tischlampe Nickel - H\u00fcbsch\" \/>\n<meta property=\"og:description\" content=\"Diese sch\u00f6ne Solo Tischlampe Nickel ist ein moderner Blickfang in Ihrem Zuhause. Sie ist aus robustem Metall gefertigt und mit einem nickelbeschichteten\" \/>\n<meta property=\"og:url\" content=\"https:\/\/hubsch-interior.com\/de\/produkt\/solo-tischlampe-nickel\/\" \/>\n<meta property=\"og:site_name\" content=\"H\u00fcbsch\" \/>\n<meta property=\"article:modified_time\" content=\"2026-04-09T03:14:44+00:00\" \/>\n<meta property=\"og:image\" content=\"https:\/\/hubsch-interior.com\/wp-content\/uploads\/2024\/01\/solo-table-lamp-nickel-7598a73e10db73defbc50c50150d988f.jpg\" \/>\n\t<meta property=\"og:image:width\" content=\"1200\" \/>\n\t<meta property=\"og:image:height\" content=\"1200\" \/>\n\t<meta property=\"og:image:type\" content=\"image\/jpeg\" \/>\n<meta name=\"twitter:card\" content=\"summary_large_image\" \/>\n<script type=\"application\/ld+json\" class=\"yoast-schema-graph\">{\"@context\":\"https:\/\/schema.org\",\"@graph\":[{\"@type\":\"WebPage\",\"@id\":\"https:\/\/hubsch-interior.com\/de\/produkt\/solo-tischlampe-nickel\/\",\"url\":\"https:\/\/hubsch-interior.com\/de\/produkt\/solo-tischlampe-nickel\/\",\"name\":\"Solo Tischlampe Nickel - H\u00fcbsch\",\"isPartOf\":{\"@id\":\"https:\/\/hubsch-interior.com\/de\/#website\"},\"primaryImageOfPage\":{\"@id\":\"https:\/\/hubsch-interior.com\/de\/produkt\/solo-tischlampe-nickel\/#primaryimage\"},\"image\":{\"@id\":\"https:\/\/hubsch-interior.com\/de\/produkt\/solo-tischlampe-nickel\/#primaryimage\"},\"thumbnailUrl\":\"https:\/\/hubsch-interior.com\/wp-content\/uploads\/2026\/02\/solo-table-lamp-nickel-3f2274575df25902c5a3ce6f97fdc179.jpg\",\"datePublished\":\"2020-12-15T08:57:30+00:00\",\"dateModified\":\"2026-04-09T03:14:44+00:00\",\"description\":\"Diese sch\u00f6ne Solo Tischlampe Nickel ist ein moderner Blickfang in Ihrem Zuhause. Sie ist aus robustem Metall gefertigt und mit einem nickelbeschichteten\",\"breadcrumb\":{\"@id\":\"https:\/\/hubsch-interior.com\/de\/produkt\/solo-tischlampe-nickel\/#breadcrumb\"},\"inLanguage\":\"de\",\"potentialAction\":[{\"@type\":\"ReadAction\",\"target\":[\"https:\/\/hubsch-interior.com\/de\/produkt\/solo-tischlampe-nickel\/\"]}]},{\"@type\":\"ImageObject\",\"inLanguage\":\"de\",\"@id\":\"https:\/\/hubsch-interior.com\/de\/produkt\/solo-tischlampe-nickel\/#primaryimage\",\"url\":\"https:\/\/hubsch-interior.com\/wp-content\/uploads\/2026\/02\/solo-table-lamp-nickel-3f2274575df25902c5a3ce6f97fdc179.jpg\",\"contentUrl\":\"https:\/\/hubsch-interior.com\/wp-content\/uploads\/2026\/02\/solo-table-lamp-nickel-3f2274575df25902c5a3ce6f97fdc179.jpg\",\"width\":1024,\"height\":1024},{\"@type\":\"BreadcrumbList\",\"@id\":\"https:\/\/hubsch-interior.com\/de\/produkt\/solo-tischlampe-nickel\/#breadcrumb\",\"itemListElement\":[{\"@type\":\"ListItem\",\"position\":1,\"name\":\"Startseite\",\"item\":\"https:\/\/hubsch-interior.com\/de\/\"},{\"@type\":\"ListItem\",\"position\":2,\"name\":\"Produkte\",\"item\":\"https:\/\/hubsch-interior.com\/de\/shop-2\/\"},{\"@type\":\"ListItem\",\"position\":3,\"name\":\"Beleuchtung\",\"item\":\"https:\/\/hubsch-interior.com\/de\/produkt-kategorie\/beleuchtung\/\"},{\"@type\":\"ListItem\",\"position\":4,\"name\":\"Tischlampen\",\"item\":\"https:\/\/hubsch-interior.com\/de\/produkt-kategorie\/beleuchtung\/tischlampen-de\/\"},{\"@type\":\"ListItem\",\"position\":5,\"name\":\"Solo Tischlampe Nickel\"}]},{\"@type\":\"WebSite\",\"@id\":\"https:\/\/hubsch-interior.com\/de\/#website\",\"url\":\"https:\/\/hubsch-interior.com\/de\/\",\"name\":\"H\u00fcbsch\",\"description\":\"Danish Home Interior and Design\",\"publisher\":{\"@id\":\"https:\/\/hubsch-interior.com\/de\/#organization\"},\"potentialAction\":[{\"@type\":\"SearchAction\",\"target\":{\"@type\":\"EntryPoint\",\"urlTemplate\":\"https:\/\/hubsch-interior.com\/de\/?s={search_term_string}\"},\"query-input\":{\"@type\":\"PropertyValueSpecification\",\"valueRequired\":true,\"valueName\":\"search_term_string\"}}],\"inLanguage\":\"de\"},{\"@type\":\"Organization\",\"@id\":\"https:\/\/hubsch-interior.com\/de\/#organization\",\"name\":\"H\u00fcbsch\",\"url\":\"https:\/\/hubsch-interior.com\/de\/\",\"logo\":{\"@type\":\"ImageObject\",\"inLanguage\":\"de\",\"@id\":\"https:\/\/hubsch-interior.com\/de\/#\/schema\/logo\/image\/\",\"url\":\"https:\/\/hubsch-interior.com\/wp-content\/uploads\/2022\/12\/Hubsch_logo_black_one_line.svg\",\"contentUrl\":\"https:\/\/hubsch-interior.com\/wp-content\/uploads\/2022\/12\/Hubsch_logo_black_one_line.svg\",\"caption\":\"H\u00fcbsch\"},\"image\":{\"@id\":\"https:\/\/hubsch-interior.com\/de\/#\/schema\/logo\/image\/\"}}]}<\/script>\n<!-- \/ Yoast SEO plugin. -->","yoast_head_json":{"title":"Solo Tischlampe Nickel - H\u00fcbsch","description":"Diese sch\u00f6ne Solo Tischlampe Nickel ist ein moderner Blickfang in Ihrem Zuhause. Sie ist aus robustem Metall gefertigt und mit einem nickelbeschichteten","robots":{"index":"index","follow":"follow","max-snippet":"max-snippet:-1","max-image-preview":"max-image-preview:large","max-video-preview":"max-video-preview:-1"},"canonical":"https:\/\/hubsch-interior.com\/de\/wp-json\/wp\/v2\/product\/40779","og_locale":"de_DE","og_type":"article","og_title":"Solo Tischlampe Nickel - H\u00fcbsch","og_description":"Diese sch\u00f6ne Solo Tischlampe Nickel ist ein moderner Blickfang in Ihrem Zuhause. Sie ist aus robustem Metall gefertigt und mit einem nickelbeschichteten","og_url":"https:\/\/hubsch-interior.com\/de\/produkt\/solo-tischlampe-nickel\/","og_site_name":"H\u00fcbsch","article_modified_time":"2026-04-09T03:14:44+00:00","og_image":[{"width":1200,"height":1200,"url":"https:\/\/hubsch-interior.com\/wp-content\/uploads\/2024\/01\/solo-table-lamp-nickel-7598a73e10db73defbc50c50150d988f.jpg","type":"image\/jpeg"}],"twitter_card":"summary_large_image","schema":{"@context":"https:\/\/schema.org","@graph":[{"@type":"WebPage","@id":"https:\/\/hubsch-interior.com\/de\/produkt\/solo-tischlampe-nickel\/","url":"https:\/\/hubsch-interior.com\/de\/produkt\/solo-tischlampe-nickel\/","name":"Solo Tischlampe Nickel - H\u00fcbsch","isPartOf":{"@id":"https:\/\/hubsch-interior.com\/de\/#website"},"primaryImageOfPage":{"@id":"https:\/\/hubsch-interior.com\/de\/produkt\/solo-tischlampe-nickel\/#primaryimage"},"image":{"@id":"https:\/\/hubsch-interior.com\/de\/produkt\/solo-tischlampe-nickel\/#primaryimage"},"thumbnailUrl":"https:\/\/hubsch-interior.com\/wp-content\/uploads\/2026\/02\/solo-table-lamp-nickel-3f2274575df25902c5a3ce6f97fdc179.jpg","datePublished":"2020-12-15T08:57:30+00:00","dateModified":"2026-04-09T03:14:44+00:00","description":"Diese sch\u00f6ne Solo Tischlampe Nickel ist ein moderner Blickfang in Ihrem Zuhause. Sie ist aus robustem Metall gefertigt und mit einem nickelbeschichteten","breadcrumb":{"@id":"https:\/\/hubsch-interior.com\/de\/produkt\/solo-tischlampe-nickel\/#breadcrumb"},"inLanguage":"de","potentialAction":[{"@type":"ReadAction","target":["https:\/\/hubsch-interior.com\/de\/produkt\/solo-tischlampe-nickel\/"]}]},{"@type":"ImageObject","inLanguage":"de","@id":"https:\/\/hubsch-interior.com\/de\/produkt\/solo-tischlampe-nickel\/#primaryimage","url":"https:\/\/hubsch-interior.com\/wp-content\/uploads\/2026\/02\/solo-table-lamp-nickel-3f2274575df25902c5a3ce6f97fdc179.jpg","contentUrl":"https:\/\/hubsch-interior.com\/wp-content\/uploads\/2026\/02\/solo-table-lamp-nickel-3f2274575df25902c5a3ce6f97fdc179.jpg","width":1024,"height":1024},{"@type":"BreadcrumbList","@id":"https:\/\/hubsch-interior.com\/de\/produkt\/solo-tischlampe-nickel\/#breadcrumb","itemListElement":[{"@type":"ListItem","position":1,"name":"Startseite","item":"https:\/\/hubsch-interior.com\/de\/"},{"@type":"ListItem","position":2,"name":"Produkte","item":"https:\/\/hubsch-interior.com\/de\/shop-2\/"},{"@type":"ListItem","position":3,"name":"Beleuchtung","item":"https:\/\/hubsch-interior.com\/de\/produkt-kategorie\/beleuchtung\/"},{"@type":"ListItem","position":4,"name":"Tischlampen","item":"https:\/\/hubsch-interior.com\/de\/produkt-kategorie\/beleuchtung\/tischlampen-de\/"},{"@type":"ListItem","position":5,"name":"Solo Tischlampe Nickel"}]},{"@type":"WebSite","@id":"https:\/\/hubsch-interior.com\/de\/#website","url":"https:\/\/hubsch-interior.com\/de\/","name":"H\u00fcbsch","description":"Danish Home Interior and Design","publisher":{"@id":"https:\/\/hubsch-interior.com\/de\/#organization"},"potentialAction":[{"@type":"SearchAction","target":{"@type":"EntryPoint","urlTemplate":"https:\/\/hubsch-interior.com\/de\/?s={search_term_string}"},"query-input":{"@type":"PropertyValueSpecification","valueRequired":true,"valueName":"search_term_string"}}],"inLanguage":"de"},{"@type":"Organization","@id":"https:\/\/hubsch-interior.com\/de\/#organization","name":"H\u00fcbsch","url":"https:\/\/hubsch-interior.com\/de\/","logo":{"@type":"ImageObject","inLanguage":"de","@id":"https:\/\/hubsch-interior.com\/de\/#\/schema\/logo\/image\/","url":"https:\/\/hubsch-interior.com\/wp-content\/uploads\/2022\/12\/Hubsch_logo_black_one_line.svg","contentUrl":"https:\/\/hubsch-interior.com\/wp-content\/uploads\/2022\/12\/Hubsch_logo_black_one_line.svg","caption":"H\u00fcbsch"},"image":{"@id":"https:\/\/hubsch-interior.com\/de\/#\/schema\/logo\/image\/"}}]}},"_links":{"self":[{"href":"https:\/\/hubsch-interior.com\/de\/wp-json\/wp\/v2\/product\/40779","targetHints":{"allow":["GET"]}}],"collection":[{"href":"https:\/\/hubsch-interior.com\/de\/wp-json\/wp\/v2\/product"}],"about":[{"href":"https:\/\/hubsch-interior.com\/de\/wp-json\/wp\/v2\/types\/product"}],"wp:featuredmedia":[{"embeddable":true,"href":"https:\/\/hubsch-interior.com\/de\/wp-json\/wp\/v2\/media\/1112960"}],"wp:attachment":[{"href":"https:\/\/hubsch-interior.com\/de\/wp-json\/wp\/v2\/media?parent=40779"}],"wp:term":[{"taxonomy":"product_brand","embeddable":true,"href":"https:\/\/hubsch-interior.com\/de\/wp-json\/wp\/v2\/product_brand?post=40779"},{"taxonomy":"product_cat","embeddable":true,"href":"https:\/\/hubsch-interior.com\/de\/wp-json\/wp\/v2\/product_cat?post=40779"},{"taxonomy":"product_tag","embeddable":true,"href":"https:\/\/hubsch-interior.com\/de\/wp-json\/wp\/v2\/product_tag?post=40779"}],"curies":[{"name":"wp","href":"https:\/\/api.w.org\/{rel}","templated":true}]}}