{"id":40859,"date":"2020-12-15T09:57:45","date_gmt":"2020-12-15T08:57:45","guid":{"rendered":"https:\/\/hubsch-interior.com\/product\/product-44\/"},"modified":"2026-04-09T05:14:49","modified_gmt":"2026-04-09T03:14:49","slug":"kumu-lampe-o25-weis","status":"publish","type":"product","link":"https:\/\/hubsch-interior.com\/de\/produkt\/kumu-lampe-o25-weis\/","title":{"rendered":"Kumu Lampe \u00d825 Wei\u00df"},"content":{"rendered":"<p>Kumu Wandlampe \u00d825 Wei\u00df ist eine moderne und stilvolle Lampe, die perfekt in Ihr Zuhause passt. Aus Glas und Metall gefertigt, ist sie robust und langlebig. Die Lampenschirme sind in einem wei\u00dfen Finish erh\u00e4ltlich, das Ihren Raum aufhellt. Ein- und Ausschalten ist ganz einfach mit dem integrierten Schalter. Kumu Wandlampe \u00d825 Wei\u00df ist die perfekte Wahl, um Ihren Wohnraum zu erhellen und zu dekorieren.<\/p>\n","protected":false},"excerpt":{"rendered":"<p>Kumu Wandlampe \u00d825 Wei\u00df ist eine moderne und stilvolle Lampe, die perfekt in Ihr Zuhause passt. Aus Glas und Metall gefertigt, ist sie robust und langlebig. Die Lampenschirme sind in einem wei\u00dfen Finish erh\u00e4ltlich, das Ihren Raum aufhellt. Ein- und Ausschalten ist ganz einfach mit dem integrierten Schalter. Kumu Wandlampe \u00d825 Wei\u00df ist die perfekte [&hellip;]<\/p>\n","protected":false},"featured_media":1109512,"template":"","meta":{"_acf_changed":false,"inline_featured_image":false},"product_brand":[],"product_cat":[3809,3409,4148,5027],"product_tag":[],"class_list":{"0":"post-40859","1":"product","2":"type-product","3":"status-publish","4":"has-post-thumbnail","6":"product_cat-beleuchtung","7":"product_cat-wandlampen-de","8":"product_cat-haengelampen-de","9":"product_cat-bestsellers-de","10":"product_shipping_class-pk","12":"pa_color-wei","13":"pa_material-eisen-de","14":"pa_material-glas-de","16":"first","17":"instock","18":"featured","19":"taxable","20":"shipping-taxable","21":"purchasable","22":"product-type-simple"},"exclude_global_add_ons":[],"addons":[],"acf":[],"yoast_head":"<!-- This site is optimized with the Yoast SEO plugin v26.4 - https:\/\/yoast.com\/wordpress\/plugins\/seo\/ -->\n<title>Kumu Lampe \u00d825 Wei\u00df - H\u00fcbsch<\/title>\n<meta name=\"description\" content=\"Kumu Wandlampe \u00d825 Wei\u00df ist eine moderne und stilvolle Lampe, die perfekt in Ihr Zuhause passt. Aus Glas und Metall gefertigt, ist sie robust und\" \/>\n<meta name=\"robots\" content=\"index, follow, max-snippet:-1, max-image-preview:large, max-video-preview:-1\" \/>\n<link rel=\"canonical\" href=\"https:\/\/hubsch-interior.com\/de\/wp-json\/wp\/v2\/product\/40859\" \/>\n<meta property=\"og:locale\" content=\"de_DE\" \/>\n<meta property=\"og:type\" content=\"article\" \/>\n<meta property=\"og:title\" content=\"Kumu Lampe \u00d825 Wei\u00df - H\u00fcbsch\" \/>\n<meta property=\"og:description\" content=\"Kumu Wandlampe \u00d825 Wei\u00df ist eine moderne und stilvolle Lampe, die perfekt in Ihr Zuhause passt. Aus Glas und Metall gefertigt, ist sie robust und\" \/>\n<meta property=\"og:url\" content=\"https:\/\/hubsch-interior.com\/de\/produkt\/kumu-lampe-o25-weis\/\" \/>\n<meta property=\"og:site_name\" content=\"H\u00fcbsch\" \/>\n<meta property=\"article:modified_time\" content=\"2026-04-09T03:14:49+00:00\" \/>\n<meta property=\"og:image\" content=\"https:\/\/hubsch-interior.com\/wp-content\/uploads\/2024\/01\/kumu-wall-lamp-O25-white-d6249724044b0d4d4fab1fc4e5ed6050.jpg\" \/>\n\t<meta property=\"og:image:width\" content=\"1200\" \/>\n\t<meta property=\"og:image:height\" content=\"1200\" \/>\n\t<meta property=\"og:image:type\" content=\"image\/jpeg\" \/>\n<meta name=\"twitter:card\" content=\"summary_large_image\" \/>\n<script type=\"application\/ld+json\" class=\"yoast-schema-graph\">{\"@context\":\"https:\/\/schema.org\",\"@graph\":[{\"@type\":\"WebPage\",\"@id\":\"https:\/\/hubsch-interior.com\/de\/produkt\/kumu-lampe-o25-weis\/\",\"url\":\"https:\/\/hubsch-interior.com\/de\/produkt\/kumu-lampe-o25-weis\/\",\"name\":\"Kumu Lampe \u00d825 Wei\u00df - H\u00fcbsch\",\"isPartOf\":{\"@id\":\"https:\/\/hubsch-interior.com\/de\/#website\"},\"primaryImageOfPage\":{\"@id\":\"https:\/\/hubsch-interior.com\/de\/produkt\/kumu-lampe-o25-weis\/#primaryimage\"},\"image\":{\"@id\":\"https:\/\/hubsch-interior.com\/de\/produkt\/kumu-lampe-o25-weis\/#primaryimage\"},\"thumbnailUrl\":\"https:\/\/hubsch-interior.com\/wp-content\/uploads\/2026\/02\/kumu-lamp-O25-white-c452559c87b5c830e62007761da1e630.jpg\",\"datePublished\":\"2020-12-15T08:57:45+00:00\",\"dateModified\":\"2026-04-09T03:14:49+00:00\",\"description\":\"Kumu Wandlampe \u00d825 Wei\u00df ist eine moderne und stilvolle Lampe, die perfekt in Ihr Zuhause passt. Aus Glas und Metall gefertigt, ist sie robust und\",\"breadcrumb\":{\"@id\":\"https:\/\/hubsch-interior.com\/de\/produkt\/kumu-lampe-o25-weis\/#breadcrumb\"},\"inLanguage\":\"de\",\"potentialAction\":[{\"@type\":\"ReadAction\",\"target\":[\"https:\/\/hubsch-interior.com\/de\/produkt\/kumu-lampe-o25-weis\/\"]}]},{\"@type\":\"ImageObject\",\"inLanguage\":\"de\",\"@id\":\"https:\/\/hubsch-interior.com\/de\/produkt\/kumu-lampe-o25-weis\/#primaryimage\",\"url\":\"https:\/\/hubsch-interior.com\/wp-content\/uploads\/2026\/02\/kumu-lamp-O25-white-c452559c87b5c830e62007761da1e630.jpg\",\"contentUrl\":\"https:\/\/hubsch-interior.com\/wp-content\/uploads\/2026\/02\/kumu-lamp-O25-white-c452559c87b5c830e62007761da1e630.jpg\",\"width\":1024,\"height\":1024},{\"@type\":\"BreadcrumbList\",\"@id\":\"https:\/\/hubsch-interior.com\/de\/produkt\/kumu-lampe-o25-weis\/#breadcrumb\",\"itemListElement\":[{\"@type\":\"ListItem\",\"position\":1,\"name\":\"Startseite\",\"item\":\"https:\/\/hubsch-interior.com\/de\/\"},{\"@type\":\"ListItem\",\"position\":2,\"name\":\"Produkte\",\"item\":\"https:\/\/hubsch-interior.com\/de\/shop-2\/\"},{\"@type\":\"ListItem\",\"position\":3,\"name\":\"Beleuchtung\",\"item\":\"https:\/\/hubsch-interior.com\/de\/produkt-kategorie\/beleuchtung\/\"},{\"@type\":\"ListItem\",\"position\":4,\"name\":\"Wandlampen\",\"item\":\"https:\/\/hubsch-interior.com\/de\/produkt-kategorie\/beleuchtung\/wandlampen-de\/\"},{\"@type\":\"ListItem\",\"position\":5,\"name\":\"Kumu Lampe \u00d825 Wei\u00df\"}]},{\"@type\":\"WebSite\",\"@id\":\"https:\/\/hubsch-interior.com\/de\/#website\",\"url\":\"https:\/\/hubsch-interior.com\/de\/\",\"name\":\"H\u00fcbsch\",\"description\":\"Danish Home Interior and Design\",\"publisher\":{\"@id\":\"https:\/\/hubsch-interior.com\/de\/#organization\"},\"potentialAction\":[{\"@type\":\"SearchAction\",\"target\":{\"@type\":\"EntryPoint\",\"urlTemplate\":\"https:\/\/hubsch-interior.com\/de\/?s={search_term_string}\"},\"query-input\":{\"@type\":\"PropertyValueSpecification\",\"valueRequired\":true,\"valueName\":\"search_term_string\"}}],\"inLanguage\":\"de\"},{\"@type\":\"Organization\",\"@id\":\"https:\/\/hubsch-interior.com\/de\/#organization\",\"name\":\"H\u00fcbsch\",\"url\":\"https:\/\/hubsch-interior.com\/de\/\",\"logo\":{\"@type\":\"ImageObject\",\"inLanguage\":\"de\",\"@id\":\"https:\/\/hubsch-interior.com\/de\/#\/schema\/logo\/image\/\",\"url\":\"https:\/\/hubsch-interior.com\/wp-content\/uploads\/2022\/12\/Hubsch_logo_black_one_line.svg\",\"contentUrl\":\"https:\/\/hubsch-interior.com\/wp-content\/uploads\/2022\/12\/Hubsch_logo_black_one_line.svg\",\"caption\":\"H\u00fcbsch\"},\"image\":{\"@id\":\"https:\/\/hubsch-interior.com\/de\/#\/schema\/logo\/image\/\"}}]}<\/script>\n<!-- \/ Yoast SEO plugin. -->","yoast_head_json":{"title":"Kumu Lampe \u00d825 Wei\u00df - H\u00fcbsch","description":"Kumu Wandlampe \u00d825 Wei\u00df ist eine moderne und stilvolle Lampe, die perfekt in Ihr Zuhause passt. Aus Glas und Metall gefertigt, ist sie robust und","robots":{"index":"index","follow":"follow","max-snippet":"max-snippet:-1","max-image-preview":"max-image-preview:large","max-video-preview":"max-video-preview:-1"},"canonical":"https:\/\/hubsch-interior.com\/de\/wp-json\/wp\/v2\/product\/40859","og_locale":"de_DE","og_type":"article","og_title":"Kumu Lampe \u00d825 Wei\u00df - H\u00fcbsch","og_description":"Kumu Wandlampe \u00d825 Wei\u00df ist eine moderne und stilvolle Lampe, die perfekt in Ihr Zuhause passt. Aus Glas und Metall gefertigt, ist sie robust und","og_url":"https:\/\/hubsch-interior.com\/de\/produkt\/kumu-lampe-o25-weis\/","og_site_name":"H\u00fcbsch","article_modified_time":"2026-04-09T03:14:49+00:00","og_image":[{"width":1200,"height":1200,"url":"https:\/\/hubsch-interior.com\/wp-content\/uploads\/2024\/01\/kumu-wall-lamp-O25-white-d6249724044b0d4d4fab1fc4e5ed6050.jpg","type":"image\/jpeg"}],"twitter_card":"summary_large_image","schema":{"@context":"https:\/\/schema.org","@graph":[{"@type":"WebPage","@id":"https:\/\/hubsch-interior.com\/de\/produkt\/kumu-lampe-o25-weis\/","url":"https:\/\/hubsch-interior.com\/de\/produkt\/kumu-lampe-o25-weis\/","name":"Kumu Lampe \u00d825 Wei\u00df - H\u00fcbsch","isPartOf":{"@id":"https:\/\/hubsch-interior.com\/de\/#website"},"primaryImageOfPage":{"@id":"https:\/\/hubsch-interior.com\/de\/produkt\/kumu-lampe-o25-weis\/#primaryimage"},"image":{"@id":"https:\/\/hubsch-interior.com\/de\/produkt\/kumu-lampe-o25-weis\/#primaryimage"},"thumbnailUrl":"https:\/\/hubsch-interior.com\/wp-content\/uploads\/2026\/02\/kumu-lamp-O25-white-c452559c87b5c830e62007761da1e630.jpg","datePublished":"2020-12-15T08:57:45+00:00","dateModified":"2026-04-09T03:14:49+00:00","description":"Kumu Wandlampe \u00d825 Wei\u00df ist eine moderne und stilvolle Lampe, die perfekt in Ihr Zuhause passt. Aus Glas und Metall gefertigt, ist sie robust und","breadcrumb":{"@id":"https:\/\/hubsch-interior.com\/de\/produkt\/kumu-lampe-o25-weis\/#breadcrumb"},"inLanguage":"de","potentialAction":[{"@type":"ReadAction","target":["https:\/\/hubsch-interior.com\/de\/produkt\/kumu-lampe-o25-weis\/"]}]},{"@type":"ImageObject","inLanguage":"de","@id":"https:\/\/hubsch-interior.com\/de\/produkt\/kumu-lampe-o25-weis\/#primaryimage","url":"https:\/\/hubsch-interior.com\/wp-content\/uploads\/2026\/02\/kumu-lamp-O25-white-c452559c87b5c830e62007761da1e630.jpg","contentUrl":"https:\/\/hubsch-interior.com\/wp-content\/uploads\/2026\/02\/kumu-lamp-O25-white-c452559c87b5c830e62007761da1e630.jpg","width":1024,"height":1024},{"@type":"BreadcrumbList","@id":"https:\/\/hubsch-interior.com\/de\/produkt\/kumu-lampe-o25-weis\/#breadcrumb","itemListElement":[{"@type":"ListItem","position":1,"name":"Startseite","item":"https:\/\/hubsch-interior.com\/de\/"},{"@type":"ListItem","position":2,"name":"Produkte","item":"https:\/\/hubsch-interior.com\/de\/shop-2\/"},{"@type":"ListItem","position":3,"name":"Beleuchtung","item":"https:\/\/hubsch-interior.com\/de\/produkt-kategorie\/beleuchtung\/"},{"@type":"ListItem","position":4,"name":"Wandlampen","item":"https:\/\/hubsch-interior.com\/de\/produkt-kategorie\/beleuchtung\/wandlampen-de\/"},{"@type":"ListItem","position":5,"name":"Kumu Lampe \u00d825 Wei\u00df"}]},{"@type":"WebSite","@id":"https:\/\/hubsch-interior.com\/de\/#website","url":"https:\/\/hubsch-interior.com\/de\/","name":"H\u00fcbsch","description":"Danish Home Interior and Design","publisher":{"@id":"https:\/\/hubsch-interior.com\/de\/#organization"},"potentialAction":[{"@type":"SearchAction","target":{"@type":"EntryPoint","urlTemplate":"https:\/\/hubsch-interior.com\/de\/?s={search_term_string}"},"query-input":{"@type":"PropertyValueSpecification","valueRequired":true,"valueName":"search_term_string"}}],"inLanguage":"de"},{"@type":"Organization","@id":"https:\/\/hubsch-interior.com\/de\/#organization","name":"H\u00fcbsch","url":"https:\/\/hubsch-interior.com\/de\/","logo":{"@type":"ImageObject","inLanguage":"de","@id":"https:\/\/hubsch-interior.com\/de\/#\/schema\/logo\/image\/","url":"https:\/\/hubsch-interior.com\/wp-content\/uploads\/2022\/12\/Hubsch_logo_black_one_line.svg","contentUrl":"https:\/\/hubsch-interior.com\/wp-content\/uploads\/2022\/12\/Hubsch_logo_black_one_line.svg","caption":"H\u00fcbsch"},"image":{"@id":"https:\/\/hubsch-interior.com\/de\/#\/schema\/logo\/image\/"}}]}},"_links":{"self":[{"href":"https:\/\/hubsch-interior.com\/de\/wp-json\/wp\/v2\/product\/40859","targetHints":{"allow":["GET"]}}],"collection":[{"href":"https:\/\/hubsch-interior.com\/de\/wp-json\/wp\/v2\/product"}],"about":[{"href":"https:\/\/hubsch-interior.com\/de\/wp-json\/wp\/v2\/types\/product"}],"wp:featuredmedia":[{"embeddable":true,"href":"https:\/\/hubsch-interior.com\/de\/wp-json\/wp\/v2\/media\/1109512"}],"wp:attachment":[{"href":"https:\/\/hubsch-interior.com\/de\/wp-json\/wp\/v2\/media?parent=40859"}],"wp:term":[{"taxonomy":"product_brand","embeddable":true,"href":"https:\/\/hubsch-interior.com\/de\/wp-json\/wp\/v2\/product_brand?post=40859"},{"taxonomy":"product_cat","embeddable":true,"href":"https:\/\/hubsch-interior.com\/de\/wp-json\/wp\/v2\/product_cat?post=40859"},{"taxonomy":"product_tag","embeddable":true,"href":"https:\/\/hubsch-interior.com\/de\/wp-json\/wp\/v2\/product_tag?post=40859"}],"curies":[{"name":"wp","href":"https:\/\/api.w.org\/{rel}","templated":true}]}}