{"id":40883,"date":"2020-12-15T09:57:49","date_gmt":"2020-12-15T08:57:49","guid":{"rendered":"https:\/\/hubsch-interior.com\/product\/product-45\/"},"modified":"2026-04-09T05:14:53","modified_gmt":"2026-04-09T03:14:53","slug":"kumu-lampe-o18-weis","status":"publish","type":"product","link":"https:\/\/hubsch-interior.com\/de\/produkt\/kumu-lampe-o18-weis\/","title":{"rendered":"Kumu Lampe \u00d818 Wei\u00df"},"content":{"rendered":"<p>Die Kumu Wandlampe \u00d818 Wei\u00df ist eine moderne und elegante Lampe, die perfekt zu Ihrem Zuhause passt. Hergestellt aus Glas und Metall, bietet sie ein klares und stilvolles Design, das jedem Raum ein elegantes Ambiente verleiht. Mit einer Leistung von max. 60 Watt ist sie ein echtes Highlight. Egal wo Sie sie anbringen &#8211; sie wird ein Blickfang sein. Mit der Kumu Wandlampe \u00d818 Wei\u00df erhalten Sie eine qualitativ hochwertige Lampe, die Ihnen viele Jahre Freude bereiten wird.<\/p>\n","protected":false},"excerpt":{"rendered":"<p>Die Kumu Wandlampe \u00d818 Wei\u00df ist eine moderne und elegante Lampe, die perfekt zu Ihrem Zuhause passt. Hergestellt aus Glas und Metall, bietet sie ein klares und stilvolles Design, das jedem Raum ein elegantes Ambiente verleiht. Mit einer Leistung von max. 60 Watt ist sie ein echtes Highlight. Egal wo Sie sie anbringen &#8211; sie [&hellip;]<\/p>\n","protected":false},"featured_media":1112992,"template":"","meta":{"_acf_changed":false,"inline_featured_image":false},"product_brand":[],"product_cat":[3809,3409,4148,5027],"product_tag":[],"class_list":{"0":"post-40883","1":"product","2":"type-product","3":"status-publish","4":"has-post-thumbnail","6":"product_cat-beleuchtung","7":"product_cat-wandlampen-de","8":"product_cat-haengelampen-de","9":"product_cat-bestsellers-de","10":"product_shipping_class-pk","12":"pa_color-wei","13":"pa_material-eisen-de","14":"pa_material-glas-de","16":"first","17":"instock","18":"featured","19":"taxable","20":"shipping-taxable","21":"purchasable","22":"product-type-simple"},"exclude_global_add_ons":[],"addons":[],"acf":[],"yoast_head":"<!-- This site is optimized with the Yoast SEO plugin v26.4 - https:\/\/yoast.com\/wordpress\/plugins\/seo\/ -->\n<title>Kumu Lampe \u00d818 Wei\u00df - H\u00fcbsch<\/title>\n<meta name=\"description\" content=\"Die Kumu Wandlampe \u00d818 Wei\u00df ist eine moderne und elegante Lampe, die perfekt zu Ihrem Zuhause passt. Hergestellt aus Glas und Metall, bietet sie ein\" \/>\n<meta name=\"robots\" content=\"index, follow, max-snippet:-1, max-image-preview:large, max-video-preview:-1\" \/>\n<link rel=\"canonical\" href=\"https:\/\/hubsch-interior.com\/de\/wp-json\/wp\/v2\/product\/40883\" \/>\n<meta property=\"og:locale\" content=\"de_DE\" \/>\n<meta property=\"og:type\" content=\"article\" \/>\n<meta property=\"og:title\" content=\"Kumu Lampe \u00d818 Wei\u00df - H\u00fcbsch\" \/>\n<meta property=\"og:description\" content=\"Die Kumu Wandlampe \u00d818 Wei\u00df ist eine moderne und elegante Lampe, die perfekt zu Ihrem Zuhause passt. Hergestellt aus Glas und Metall, bietet sie ein\" \/>\n<meta property=\"og:url\" content=\"https:\/\/hubsch-interior.com\/de\/produkt\/kumu-lampe-o18-weis\/\" \/>\n<meta property=\"og:site_name\" content=\"H\u00fcbsch\" \/>\n<meta property=\"article:modified_time\" content=\"2026-04-09T03:14:53+00:00\" \/>\n<meta property=\"og:image\" content=\"https:\/\/hubsch-interior.com\/wp-content\/uploads\/2025\/05\/kumu-lamp-O18-white-b3695f0aa080b10419cd8698776f1a37.jpg\" \/>\n\t<meta property=\"og:image:width\" content=\"1200\" \/>\n\t<meta property=\"og:image:height\" content=\"1200\" \/>\n\t<meta property=\"og:image:type\" content=\"image\/jpeg\" \/>\n<meta name=\"twitter:card\" content=\"summary_large_image\" \/>\n<script type=\"application\/ld+json\" class=\"yoast-schema-graph\">{\"@context\":\"https:\/\/schema.org\",\"@graph\":[{\"@type\":\"WebPage\",\"@id\":\"https:\/\/hubsch-interior.com\/de\/produkt\/kumu-lampe-o18-weis\/\",\"url\":\"https:\/\/hubsch-interior.com\/de\/produkt\/kumu-lampe-o18-weis\/\",\"name\":\"Kumu Lampe \u00d818 Wei\u00df - H\u00fcbsch\",\"isPartOf\":{\"@id\":\"https:\/\/hubsch-interior.com\/de\/#website\"},\"primaryImageOfPage\":{\"@id\":\"https:\/\/hubsch-interior.com\/de\/produkt\/kumu-lampe-o18-weis\/#primaryimage\"},\"image\":{\"@id\":\"https:\/\/hubsch-interior.com\/de\/produkt\/kumu-lampe-o18-weis\/#primaryimage\"},\"thumbnailUrl\":\"https:\/\/hubsch-interior.com\/wp-content\/uploads\/2026\/02\/kumu-lamp-O18-white-5dadc0ffe9474d43a6a26ea008415f04.jpg\",\"datePublished\":\"2020-12-15T08:57:49+00:00\",\"dateModified\":\"2026-04-09T03:14:53+00:00\",\"description\":\"Die Kumu Wandlampe \u00d818 Wei\u00df ist eine moderne und elegante Lampe, die perfekt zu Ihrem Zuhause passt. Hergestellt aus Glas und Metall, bietet sie ein\",\"breadcrumb\":{\"@id\":\"https:\/\/hubsch-interior.com\/de\/produkt\/kumu-lampe-o18-weis\/#breadcrumb\"},\"inLanguage\":\"de\",\"potentialAction\":[{\"@type\":\"ReadAction\",\"target\":[\"https:\/\/hubsch-interior.com\/de\/produkt\/kumu-lampe-o18-weis\/\"]}]},{\"@type\":\"ImageObject\",\"inLanguage\":\"de\",\"@id\":\"https:\/\/hubsch-interior.com\/de\/produkt\/kumu-lampe-o18-weis\/#primaryimage\",\"url\":\"https:\/\/hubsch-interior.com\/wp-content\/uploads\/2026\/02\/kumu-lamp-O18-white-5dadc0ffe9474d43a6a26ea008415f04.jpg\",\"contentUrl\":\"https:\/\/hubsch-interior.com\/wp-content\/uploads\/2026\/02\/kumu-lamp-O18-white-5dadc0ffe9474d43a6a26ea008415f04.jpg\",\"width\":1024,\"height\":1024},{\"@type\":\"BreadcrumbList\",\"@id\":\"https:\/\/hubsch-interior.com\/de\/produkt\/kumu-lampe-o18-weis\/#breadcrumb\",\"itemListElement\":[{\"@type\":\"ListItem\",\"position\":1,\"name\":\"Startseite\",\"item\":\"https:\/\/hubsch-interior.com\/de\/\"},{\"@type\":\"ListItem\",\"position\":2,\"name\":\"Produkte\",\"item\":\"https:\/\/hubsch-interior.com\/de\/shop-2\/\"},{\"@type\":\"ListItem\",\"position\":3,\"name\":\"Beleuchtung\",\"item\":\"https:\/\/hubsch-interior.com\/de\/produkt-kategorie\/beleuchtung\/\"},{\"@type\":\"ListItem\",\"position\":4,\"name\":\"Wandlampen\",\"item\":\"https:\/\/hubsch-interior.com\/de\/produkt-kategorie\/beleuchtung\/wandlampen-de\/\"},{\"@type\":\"ListItem\",\"position\":5,\"name\":\"Kumu Lampe \u00d818 Wei\u00df\"}]},{\"@type\":\"WebSite\",\"@id\":\"https:\/\/hubsch-interior.com\/de\/#website\",\"url\":\"https:\/\/hubsch-interior.com\/de\/\",\"name\":\"H\u00fcbsch\",\"description\":\"Danish Home Interior and Design\",\"publisher\":{\"@id\":\"https:\/\/hubsch-interior.com\/de\/#organization\"},\"potentialAction\":[{\"@type\":\"SearchAction\",\"target\":{\"@type\":\"EntryPoint\",\"urlTemplate\":\"https:\/\/hubsch-interior.com\/de\/?s={search_term_string}\"},\"query-input\":{\"@type\":\"PropertyValueSpecification\",\"valueRequired\":true,\"valueName\":\"search_term_string\"}}],\"inLanguage\":\"de\"},{\"@type\":\"Organization\",\"@id\":\"https:\/\/hubsch-interior.com\/de\/#organization\",\"name\":\"H\u00fcbsch\",\"url\":\"https:\/\/hubsch-interior.com\/de\/\",\"logo\":{\"@type\":\"ImageObject\",\"inLanguage\":\"de\",\"@id\":\"https:\/\/hubsch-interior.com\/de\/#\/schema\/logo\/image\/\",\"url\":\"https:\/\/hubsch-interior.com\/wp-content\/uploads\/2022\/12\/Hubsch_logo_black_one_line.svg\",\"contentUrl\":\"https:\/\/hubsch-interior.com\/wp-content\/uploads\/2022\/12\/Hubsch_logo_black_one_line.svg\",\"caption\":\"H\u00fcbsch\"},\"image\":{\"@id\":\"https:\/\/hubsch-interior.com\/de\/#\/schema\/logo\/image\/\"}}]}<\/script>\n<!-- \/ Yoast SEO plugin. -->","yoast_head_json":{"title":"Kumu Lampe \u00d818 Wei\u00df - H\u00fcbsch","description":"Die Kumu Wandlampe \u00d818 Wei\u00df ist eine moderne und elegante Lampe, die perfekt zu Ihrem Zuhause passt. Hergestellt aus Glas und Metall, bietet sie ein","robots":{"index":"index","follow":"follow","max-snippet":"max-snippet:-1","max-image-preview":"max-image-preview:large","max-video-preview":"max-video-preview:-1"},"canonical":"https:\/\/hubsch-interior.com\/de\/wp-json\/wp\/v2\/product\/40883","og_locale":"de_DE","og_type":"article","og_title":"Kumu Lampe \u00d818 Wei\u00df - H\u00fcbsch","og_description":"Die Kumu Wandlampe \u00d818 Wei\u00df ist eine moderne und elegante Lampe, die perfekt zu Ihrem Zuhause passt. Hergestellt aus Glas und Metall, bietet sie ein","og_url":"https:\/\/hubsch-interior.com\/de\/produkt\/kumu-lampe-o18-weis\/","og_site_name":"H\u00fcbsch","article_modified_time":"2026-04-09T03:14:53+00:00","og_image":[{"width":1200,"height":1200,"url":"https:\/\/hubsch-interior.com\/wp-content\/uploads\/2025\/05\/kumu-lamp-O18-white-b3695f0aa080b10419cd8698776f1a37.jpg","type":"image\/jpeg"}],"twitter_card":"summary_large_image","schema":{"@context":"https:\/\/schema.org","@graph":[{"@type":"WebPage","@id":"https:\/\/hubsch-interior.com\/de\/produkt\/kumu-lampe-o18-weis\/","url":"https:\/\/hubsch-interior.com\/de\/produkt\/kumu-lampe-o18-weis\/","name":"Kumu Lampe \u00d818 Wei\u00df - H\u00fcbsch","isPartOf":{"@id":"https:\/\/hubsch-interior.com\/de\/#website"},"primaryImageOfPage":{"@id":"https:\/\/hubsch-interior.com\/de\/produkt\/kumu-lampe-o18-weis\/#primaryimage"},"image":{"@id":"https:\/\/hubsch-interior.com\/de\/produkt\/kumu-lampe-o18-weis\/#primaryimage"},"thumbnailUrl":"https:\/\/hubsch-interior.com\/wp-content\/uploads\/2026\/02\/kumu-lamp-O18-white-5dadc0ffe9474d43a6a26ea008415f04.jpg","datePublished":"2020-12-15T08:57:49+00:00","dateModified":"2026-04-09T03:14:53+00:00","description":"Die Kumu Wandlampe \u00d818 Wei\u00df ist eine moderne und elegante Lampe, die perfekt zu Ihrem Zuhause passt. Hergestellt aus Glas und Metall, bietet sie ein","breadcrumb":{"@id":"https:\/\/hubsch-interior.com\/de\/produkt\/kumu-lampe-o18-weis\/#breadcrumb"},"inLanguage":"de","potentialAction":[{"@type":"ReadAction","target":["https:\/\/hubsch-interior.com\/de\/produkt\/kumu-lampe-o18-weis\/"]}]},{"@type":"ImageObject","inLanguage":"de","@id":"https:\/\/hubsch-interior.com\/de\/produkt\/kumu-lampe-o18-weis\/#primaryimage","url":"https:\/\/hubsch-interior.com\/wp-content\/uploads\/2026\/02\/kumu-lamp-O18-white-5dadc0ffe9474d43a6a26ea008415f04.jpg","contentUrl":"https:\/\/hubsch-interior.com\/wp-content\/uploads\/2026\/02\/kumu-lamp-O18-white-5dadc0ffe9474d43a6a26ea008415f04.jpg","width":1024,"height":1024},{"@type":"BreadcrumbList","@id":"https:\/\/hubsch-interior.com\/de\/produkt\/kumu-lampe-o18-weis\/#breadcrumb","itemListElement":[{"@type":"ListItem","position":1,"name":"Startseite","item":"https:\/\/hubsch-interior.com\/de\/"},{"@type":"ListItem","position":2,"name":"Produkte","item":"https:\/\/hubsch-interior.com\/de\/shop-2\/"},{"@type":"ListItem","position":3,"name":"Beleuchtung","item":"https:\/\/hubsch-interior.com\/de\/produkt-kategorie\/beleuchtung\/"},{"@type":"ListItem","position":4,"name":"Wandlampen","item":"https:\/\/hubsch-interior.com\/de\/produkt-kategorie\/beleuchtung\/wandlampen-de\/"},{"@type":"ListItem","position":5,"name":"Kumu Lampe \u00d818 Wei\u00df"}]},{"@type":"WebSite","@id":"https:\/\/hubsch-interior.com\/de\/#website","url":"https:\/\/hubsch-interior.com\/de\/","name":"H\u00fcbsch","description":"Danish Home Interior and Design","publisher":{"@id":"https:\/\/hubsch-interior.com\/de\/#organization"},"potentialAction":[{"@type":"SearchAction","target":{"@type":"EntryPoint","urlTemplate":"https:\/\/hubsch-interior.com\/de\/?s={search_term_string}"},"query-input":{"@type":"PropertyValueSpecification","valueRequired":true,"valueName":"search_term_string"}}],"inLanguage":"de"},{"@type":"Organization","@id":"https:\/\/hubsch-interior.com\/de\/#organization","name":"H\u00fcbsch","url":"https:\/\/hubsch-interior.com\/de\/","logo":{"@type":"ImageObject","inLanguage":"de","@id":"https:\/\/hubsch-interior.com\/de\/#\/schema\/logo\/image\/","url":"https:\/\/hubsch-interior.com\/wp-content\/uploads\/2022\/12\/Hubsch_logo_black_one_line.svg","contentUrl":"https:\/\/hubsch-interior.com\/wp-content\/uploads\/2022\/12\/Hubsch_logo_black_one_line.svg","caption":"H\u00fcbsch"},"image":{"@id":"https:\/\/hubsch-interior.com\/de\/#\/schema\/logo\/image\/"}}]}},"_links":{"self":[{"href":"https:\/\/hubsch-interior.com\/de\/wp-json\/wp\/v2\/product\/40883","targetHints":{"allow":["GET"]}}],"collection":[{"href":"https:\/\/hubsch-interior.com\/de\/wp-json\/wp\/v2\/product"}],"about":[{"href":"https:\/\/hubsch-interior.com\/de\/wp-json\/wp\/v2\/types\/product"}],"wp:featuredmedia":[{"embeddable":true,"href":"https:\/\/hubsch-interior.com\/de\/wp-json\/wp\/v2\/media\/1112992"}],"wp:attachment":[{"href":"https:\/\/hubsch-interior.com\/de\/wp-json\/wp\/v2\/media?parent=40883"}],"wp:term":[{"taxonomy":"product_brand","embeddable":true,"href":"https:\/\/hubsch-interior.com\/de\/wp-json\/wp\/v2\/product_brand?post=40883"},{"taxonomy":"product_cat","embeddable":true,"href":"https:\/\/hubsch-interior.com\/de\/wp-json\/wp\/v2\/product_cat?post=40883"},{"taxonomy":"product_tag","embeddable":true,"href":"https:\/\/hubsch-interior.com\/de\/wp-json\/wp\/v2\/product_tag?post=40883"}],"curies":[{"name":"wp","href":"https:\/\/api.w.org\/{rel}","templated":true}]}}