{"id":40903,"date":"2020-12-15T09:57:53","date_gmt":"2020-12-15T08:57:53","guid":{"rendered":"https:\/\/hubsch-interior.com\/product\/product-46\/"},"modified":"2026-04-09T05:14:57","modified_gmt":"2026-04-09T03:14:57","slug":"villa-tisch-small-schwarz","status":"publish","type":"product","link":"https:\/\/hubsch-interior.com\/de\/produkt\/villa-tisch-small-schwarz\/","title":{"rendered":"Villa Tisch Small Schwarz"},"content":{"rendered":"<p>Der Villa Tisch Small Schwarz ist ein modernes Design-St\u00fcck, das aus hochwertigem Edelstahl hergestellt wurde. Er ist ein perfekter Begleiter f\u00fcr Ihren Wohnbereich &#8211; ob als K\u00fcchentisch oder Beistelltisch. Sein minimalistisches Design macht ihn zu einem echten Blickfang und er passt in jeden Raum. Die solide Verarbeitung und die robuste Materialqualit\u00e4t machen den Villa Tisch Small Schwarz zu einem perfekten Begleiter f\u00fcr viele Jahre.<\/p>\n","protected":false},"excerpt":{"rendered":"<p>Der Villa Tisch Small Schwarz ist ein modernes Design-St\u00fcck, das aus hochwertigem Edelstahl hergestellt wurde. Er ist ein perfekter Begleiter f\u00fcr Ihren Wohnbereich &#8211; ob als K\u00fcchentisch oder Beistelltisch. Sein minimalistisches Design macht ihn zu einem echten Blickfang und er passt in jeden Raum. Die solide Verarbeitung und die robuste Materialqualit\u00e4t machen den Villa Tisch [&hellip;]<\/p>\n","protected":false},"featured_media":1113008,"template":"","meta":{"_acf_changed":false,"inline_featured_image":false},"product_brand":[],"product_cat":[6349,5013,7103],"product_tag":[],"class_list":{"0":"post-40903","1":"product","2":"type-product","3":"status-publish","4":"has-post-thumbnail","6":"product_cat-garden-selection-de","7":"product_cat-gartenmoebel-de","8":"product_cat-gartentische-de","9":"product_shipping_class-p10","11":"pa_color-schwarz","12":"pa_material-rostfreiem-stahl","14":"first","15":"instock","16":"taxable","17":"shipping-taxable","18":"purchasable","19":"product-type-simple"},"exclude_global_add_ons":[],"addons":[],"acf":[],"yoast_head":"<!-- This site is optimized with the Yoast SEO plugin v26.4 - https:\/\/yoast.com\/wordpress\/plugins\/seo\/ -->\n<title>Villa Tisch Small Schwarz - H\u00fcbsch<\/title>\n<meta name=\"description\" content=\"Der Villa Tisch Small Schwarz ist ein modernes Design-St\u00fcck, das aus hochwertigem Edelstahl hergestellt wurde. Er ist ein perfekter Begleiter f\u00fcr Ihren\" \/>\n<meta name=\"robots\" content=\"index, follow, max-snippet:-1, max-image-preview:large, max-video-preview:-1\" \/>\n<link rel=\"canonical\" href=\"https:\/\/hubsch-interior.com\/de\/wp-json\/wp\/v2\/product\/40903\" \/>\n<meta property=\"og:locale\" content=\"de_DE\" \/>\n<meta property=\"og:type\" content=\"article\" \/>\n<meta property=\"og:title\" content=\"Villa Tisch Small Schwarz - H\u00fcbsch\" \/>\n<meta property=\"og:description\" content=\"Der Villa Tisch Small Schwarz ist ein modernes Design-St\u00fcck, das aus hochwertigem Edelstahl hergestellt wurde. Er ist ein perfekter Begleiter f\u00fcr Ihren\" \/>\n<meta property=\"og:url\" content=\"https:\/\/hubsch-interior.com\/de\/produkt\/villa-tisch-small-schwarz\/\" \/>\n<meta property=\"og:site_name\" content=\"H\u00fcbsch\" \/>\n<meta property=\"article:modified_time\" content=\"2026-04-09T03:14:57+00:00\" \/>\n<meta property=\"og:image\" content=\"https:\/\/hubsch-interior.com\/wp-content\/uploads\/2024\/01\/villa-table-small-black-41457c5a11f4f5fa1d54303d225c91ed.jpg\" \/>\n\t<meta property=\"og:image:width\" content=\"1200\" \/>\n\t<meta property=\"og:image:height\" content=\"1200\" \/>\n\t<meta property=\"og:image:type\" content=\"image\/jpeg\" \/>\n<meta name=\"twitter:card\" content=\"summary_large_image\" \/>\n<script type=\"application\/ld+json\" class=\"yoast-schema-graph\">{\"@context\":\"https:\/\/schema.org\",\"@graph\":[{\"@type\":\"WebPage\",\"@id\":\"https:\/\/hubsch-interior.com\/de\/produkt\/villa-tisch-small-schwarz\/\",\"url\":\"https:\/\/hubsch-interior.com\/de\/produkt\/villa-tisch-small-schwarz\/\",\"name\":\"Villa Tisch Small Schwarz - H\u00fcbsch\",\"isPartOf\":{\"@id\":\"https:\/\/hubsch-interior.com\/de\/#website\"},\"primaryImageOfPage\":{\"@id\":\"https:\/\/hubsch-interior.com\/de\/produkt\/villa-tisch-small-schwarz\/#primaryimage\"},\"image\":{\"@id\":\"https:\/\/hubsch-interior.com\/de\/produkt\/villa-tisch-small-schwarz\/#primaryimage\"},\"thumbnailUrl\":\"https:\/\/hubsch-interior.com\/wp-content\/uploads\/2026\/02\/villa-table-small-black-87597d87e8a67982ec1b7298555c7c96.jpg\",\"datePublished\":\"2020-12-15T08:57:53+00:00\",\"dateModified\":\"2026-04-09T03:14:57+00:00\",\"description\":\"Der Villa Tisch Small Schwarz ist ein modernes Design-St\u00fcck, das aus hochwertigem Edelstahl hergestellt wurde. Er ist ein perfekter Begleiter f\u00fcr Ihren\",\"breadcrumb\":{\"@id\":\"https:\/\/hubsch-interior.com\/de\/produkt\/villa-tisch-small-schwarz\/#breadcrumb\"},\"inLanguage\":\"de\",\"potentialAction\":[{\"@type\":\"ReadAction\",\"target\":[\"https:\/\/hubsch-interior.com\/de\/produkt\/villa-tisch-small-schwarz\/\"]}]},{\"@type\":\"ImageObject\",\"inLanguage\":\"de\",\"@id\":\"https:\/\/hubsch-interior.com\/de\/produkt\/villa-tisch-small-schwarz\/#primaryimage\",\"url\":\"https:\/\/hubsch-interior.com\/wp-content\/uploads\/2026\/02\/villa-table-small-black-87597d87e8a67982ec1b7298555c7c96.jpg\",\"contentUrl\":\"https:\/\/hubsch-interior.com\/wp-content\/uploads\/2026\/02\/villa-table-small-black-87597d87e8a67982ec1b7298555c7c96.jpg\",\"width\":1024,\"height\":1024},{\"@type\":\"BreadcrumbList\",\"@id\":\"https:\/\/hubsch-interior.com\/de\/produkt\/villa-tisch-small-schwarz\/#breadcrumb\",\"itemListElement\":[{\"@type\":\"ListItem\",\"position\":1,\"name\":\"Startseite\",\"item\":\"https:\/\/hubsch-interior.com\/de\/\"},{\"@type\":\"ListItem\",\"position\":2,\"name\":\"Produkte\",\"item\":\"https:\/\/hubsch-interior.com\/de\/shop-2\/\"},{\"@type\":\"ListItem\",\"position\":3,\"name\":\"M\u00f6bel\",\"item\":\"https:\/\/hubsch-interior.com\/de\/produkt-kategorie\/moebel\/\"},{\"@type\":\"ListItem\",\"position\":4,\"name\":\"Gartenm&ouml;bel\",\"item\":\"https:\/\/hubsch-interior.com\/de\/produkt-kategorie\/moebel\/gartenmoebel-de\/\"},{\"@type\":\"ListItem\",\"position\":5,\"name\":\"Villa Tisch Small Schwarz\"}]},{\"@type\":\"WebSite\",\"@id\":\"https:\/\/hubsch-interior.com\/de\/#website\",\"url\":\"https:\/\/hubsch-interior.com\/de\/\",\"name\":\"H\u00fcbsch\",\"description\":\"Danish Home Interior and Design\",\"publisher\":{\"@id\":\"https:\/\/hubsch-interior.com\/de\/#organization\"},\"potentialAction\":[{\"@type\":\"SearchAction\",\"target\":{\"@type\":\"EntryPoint\",\"urlTemplate\":\"https:\/\/hubsch-interior.com\/de\/?s={search_term_string}\"},\"query-input\":{\"@type\":\"PropertyValueSpecification\",\"valueRequired\":true,\"valueName\":\"search_term_string\"}}],\"inLanguage\":\"de\"},{\"@type\":\"Organization\",\"@id\":\"https:\/\/hubsch-interior.com\/de\/#organization\",\"name\":\"H\u00fcbsch\",\"url\":\"https:\/\/hubsch-interior.com\/de\/\",\"logo\":{\"@type\":\"ImageObject\",\"inLanguage\":\"de\",\"@id\":\"https:\/\/hubsch-interior.com\/de\/#\/schema\/logo\/image\/\",\"url\":\"https:\/\/hubsch-interior.com\/wp-content\/uploads\/2022\/12\/Hubsch_logo_black_one_line.svg\",\"contentUrl\":\"https:\/\/hubsch-interior.com\/wp-content\/uploads\/2022\/12\/Hubsch_logo_black_one_line.svg\",\"caption\":\"H\u00fcbsch\"},\"image\":{\"@id\":\"https:\/\/hubsch-interior.com\/de\/#\/schema\/logo\/image\/\"}}]}<\/script>\n<!-- \/ Yoast SEO plugin. -->","yoast_head_json":{"title":"Villa Tisch Small Schwarz - H\u00fcbsch","description":"Der Villa Tisch Small Schwarz ist ein modernes Design-St\u00fcck, das aus hochwertigem Edelstahl hergestellt wurde. Er ist ein perfekter Begleiter f\u00fcr Ihren","robots":{"index":"index","follow":"follow","max-snippet":"max-snippet:-1","max-image-preview":"max-image-preview:large","max-video-preview":"max-video-preview:-1"},"canonical":"https:\/\/hubsch-interior.com\/de\/wp-json\/wp\/v2\/product\/40903","og_locale":"de_DE","og_type":"article","og_title":"Villa Tisch Small Schwarz - H\u00fcbsch","og_description":"Der Villa Tisch Small Schwarz ist ein modernes Design-St\u00fcck, das aus hochwertigem Edelstahl hergestellt wurde. Er ist ein perfekter Begleiter f\u00fcr Ihren","og_url":"https:\/\/hubsch-interior.com\/de\/produkt\/villa-tisch-small-schwarz\/","og_site_name":"H\u00fcbsch","article_modified_time":"2026-04-09T03:14:57+00:00","og_image":[{"width":1200,"height":1200,"url":"https:\/\/hubsch-interior.com\/wp-content\/uploads\/2024\/01\/villa-table-small-black-41457c5a11f4f5fa1d54303d225c91ed.jpg","type":"image\/jpeg"}],"twitter_card":"summary_large_image","schema":{"@context":"https:\/\/schema.org","@graph":[{"@type":"WebPage","@id":"https:\/\/hubsch-interior.com\/de\/produkt\/villa-tisch-small-schwarz\/","url":"https:\/\/hubsch-interior.com\/de\/produkt\/villa-tisch-small-schwarz\/","name":"Villa Tisch Small Schwarz - H\u00fcbsch","isPartOf":{"@id":"https:\/\/hubsch-interior.com\/de\/#website"},"primaryImageOfPage":{"@id":"https:\/\/hubsch-interior.com\/de\/produkt\/villa-tisch-small-schwarz\/#primaryimage"},"image":{"@id":"https:\/\/hubsch-interior.com\/de\/produkt\/villa-tisch-small-schwarz\/#primaryimage"},"thumbnailUrl":"https:\/\/hubsch-interior.com\/wp-content\/uploads\/2026\/02\/villa-table-small-black-87597d87e8a67982ec1b7298555c7c96.jpg","datePublished":"2020-12-15T08:57:53+00:00","dateModified":"2026-04-09T03:14:57+00:00","description":"Der Villa Tisch Small Schwarz ist ein modernes Design-St\u00fcck, das aus hochwertigem Edelstahl hergestellt wurde. Er ist ein perfekter Begleiter f\u00fcr Ihren","breadcrumb":{"@id":"https:\/\/hubsch-interior.com\/de\/produkt\/villa-tisch-small-schwarz\/#breadcrumb"},"inLanguage":"de","potentialAction":[{"@type":"ReadAction","target":["https:\/\/hubsch-interior.com\/de\/produkt\/villa-tisch-small-schwarz\/"]}]},{"@type":"ImageObject","inLanguage":"de","@id":"https:\/\/hubsch-interior.com\/de\/produkt\/villa-tisch-small-schwarz\/#primaryimage","url":"https:\/\/hubsch-interior.com\/wp-content\/uploads\/2026\/02\/villa-table-small-black-87597d87e8a67982ec1b7298555c7c96.jpg","contentUrl":"https:\/\/hubsch-interior.com\/wp-content\/uploads\/2026\/02\/villa-table-small-black-87597d87e8a67982ec1b7298555c7c96.jpg","width":1024,"height":1024},{"@type":"BreadcrumbList","@id":"https:\/\/hubsch-interior.com\/de\/produkt\/villa-tisch-small-schwarz\/#breadcrumb","itemListElement":[{"@type":"ListItem","position":1,"name":"Startseite","item":"https:\/\/hubsch-interior.com\/de\/"},{"@type":"ListItem","position":2,"name":"Produkte","item":"https:\/\/hubsch-interior.com\/de\/shop-2\/"},{"@type":"ListItem","position":3,"name":"M\u00f6bel","item":"https:\/\/hubsch-interior.com\/de\/produkt-kategorie\/moebel\/"},{"@type":"ListItem","position":4,"name":"Gartenm&ouml;bel","item":"https:\/\/hubsch-interior.com\/de\/produkt-kategorie\/moebel\/gartenmoebel-de\/"},{"@type":"ListItem","position":5,"name":"Villa Tisch Small Schwarz"}]},{"@type":"WebSite","@id":"https:\/\/hubsch-interior.com\/de\/#website","url":"https:\/\/hubsch-interior.com\/de\/","name":"H\u00fcbsch","description":"Danish Home Interior and Design","publisher":{"@id":"https:\/\/hubsch-interior.com\/de\/#organization"},"potentialAction":[{"@type":"SearchAction","target":{"@type":"EntryPoint","urlTemplate":"https:\/\/hubsch-interior.com\/de\/?s={search_term_string}"},"query-input":{"@type":"PropertyValueSpecification","valueRequired":true,"valueName":"search_term_string"}}],"inLanguage":"de"},{"@type":"Organization","@id":"https:\/\/hubsch-interior.com\/de\/#organization","name":"H\u00fcbsch","url":"https:\/\/hubsch-interior.com\/de\/","logo":{"@type":"ImageObject","inLanguage":"de","@id":"https:\/\/hubsch-interior.com\/de\/#\/schema\/logo\/image\/","url":"https:\/\/hubsch-interior.com\/wp-content\/uploads\/2022\/12\/Hubsch_logo_black_one_line.svg","contentUrl":"https:\/\/hubsch-interior.com\/wp-content\/uploads\/2022\/12\/Hubsch_logo_black_one_line.svg","caption":"H\u00fcbsch"},"image":{"@id":"https:\/\/hubsch-interior.com\/de\/#\/schema\/logo\/image\/"}}]}},"_links":{"self":[{"href":"https:\/\/hubsch-interior.com\/de\/wp-json\/wp\/v2\/product\/40903","targetHints":{"allow":["GET"]}}],"collection":[{"href":"https:\/\/hubsch-interior.com\/de\/wp-json\/wp\/v2\/product"}],"about":[{"href":"https:\/\/hubsch-interior.com\/de\/wp-json\/wp\/v2\/types\/product"}],"wp:featuredmedia":[{"embeddable":true,"href":"https:\/\/hubsch-interior.com\/de\/wp-json\/wp\/v2\/media\/1113008"}],"wp:attachment":[{"href":"https:\/\/hubsch-interior.com\/de\/wp-json\/wp\/v2\/media?parent=40903"}],"wp:term":[{"taxonomy":"product_brand","embeddable":true,"href":"https:\/\/hubsch-interior.com\/de\/wp-json\/wp\/v2\/product_brand?post=40903"},{"taxonomy":"product_cat","embeddable":true,"href":"https:\/\/hubsch-interior.com\/de\/wp-json\/wp\/v2\/product_cat?post=40903"},{"taxonomy":"product_tag","embeddable":true,"href":"https:\/\/hubsch-interior.com\/de\/wp-json\/wp\/v2\/product_tag?post=40903"}],"curies":[{"name":"wp","href":"https:\/\/api.w.org\/{rel}","templated":true}]}}