{"id":40935,"date":"2020-12-15T09:58:00","date_gmt":"2020-12-15T08:58:00","guid":{"rendered":"https:\/\/hubsch-interior.com\/product\/product-48\/"},"modified":"2026-04-09T05:15:01","modified_gmt":"2026-04-09T03:15:01","slug":"roll-kerzenhalter-messingfarben","status":"publish","type":"product","link":"https:\/\/hubsch-interior.com\/de\/produkt\/roll-kerzenhalter-messingfarben\/","title":{"rendered":"Roll Kerzenhalter Messingfarben"},"content":{"rendered":"<p>Der Roll Kerzenhalter aus Metall in Messingfarbe ist ein sch\u00f6nes und praktisches Accessoire f\u00fcr jeden Wohnbereich. Mit seinem stilvollen Design passt er zu jedem Dekor und bietet eine elegante Umgebung f\u00fcr Ihre liebsten Kerzen. Der Kerzenhalter ist einfach anzubringen und bietet einen sicheren und stabilen Halt. Er ist eine dekorative und moderne Erg\u00e4nzung f\u00fcr Ihr Zuhause.<\/p>\n","protected":false},"excerpt":{"rendered":"<p>Der Roll Kerzenhalter aus Metall in Messingfarbe ist ein sch\u00f6nes und praktisches Accessoire f\u00fcr jeden Wohnbereich. Mit seinem stilvollen Design passt er zu jedem Dekor und bietet eine elegante Umgebung f\u00fcr Ihre liebsten Kerzen. Der Kerzenhalter ist einfach anzubringen und bietet einen sicheren und stabilen Halt. Er ist eine dekorative und moderne Erg\u00e4nzung f\u00fcr Ihr [&hellip;]<\/p>\n","protected":false},"featured_media":1109572,"template":"","meta":{"_acf_changed":false,"inline_featured_image":false},"product_brand":[],"product_cat":[6972,4067,4068,6519],"product_tag":[],"class_list":{"0":"post-40935","1":"product","2":"type-product","3":"status-publish","4":"has-post-thumbnail","6":"product_cat-oster-sale","7":"product_cat-kerzenstaender-laternen-de","8":"product_cat-kerzenstaender-de","9":"product_cat-outlet-de","10":"product_shipping_class-pk","12":"pa_color-messingfarben","13":"pa_material-eisen-de","15":"first","16":"instock","17":"sale","18":"taxable","19":"shipping-taxable","20":"purchasable","21":"product-type-simple"},"exclude_global_add_ons":[],"addons":[],"acf":[],"yoast_head":"<!-- This site is optimized with the Yoast SEO plugin v26.4 - https:\/\/yoast.com\/wordpress\/plugins\/seo\/ -->\n<title>Roll Kerzenhalter Messingfarben - H\u00fcbsch<\/title>\n<meta name=\"description\" content=\"Der Roll Kerzenhalter aus Metall in Messingfarbe ist ein sch\u00f6nes und praktisches Accessoire f\u00fcr jeden Wohnbereich. Mit seinem stilvollen Design passt er\" \/>\n<meta name=\"robots\" content=\"index, follow, max-snippet:-1, max-image-preview:large, max-video-preview:-1\" \/>\n<link rel=\"canonical\" href=\"https:\/\/hubsch-interior.com\/de\/wp-json\/wp\/v2\/product\/40935\" \/>\n<meta property=\"og:locale\" content=\"de_DE\" \/>\n<meta property=\"og:type\" content=\"article\" \/>\n<meta property=\"og:title\" content=\"Roll Kerzenhalter Messingfarben - H\u00fcbsch\" \/>\n<meta property=\"og:description\" content=\"Der Roll Kerzenhalter aus Metall in Messingfarbe ist ein sch\u00f6nes und praktisches Accessoire f\u00fcr jeden Wohnbereich. Mit seinem stilvollen Design passt er\" \/>\n<meta property=\"og:url\" content=\"https:\/\/hubsch-interior.com\/de\/produkt\/roll-kerzenhalter-messingfarben\/\" \/>\n<meta property=\"og:site_name\" content=\"H\u00fcbsch\" \/>\n<meta property=\"article:modified_time\" content=\"2026-04-09T03:15:01+00:00\" \/>\n<meta property=\"og:image\" content=\"https:\/\/hubsch-interior.com\/wp-content\/uploads\/2024\/01\/roll-candlestick-brass-67b8521fb57694d936452b3ce306a0bc.jpg\" \/>\n\t<meta property=\"og:image:width\" content=\"1200\" \/>\n\t<meta property=\"og:image:height\" content=\"1200\" \/>\n\t<meta property=\"og:image:type\" content=\"image\/jpeg\" \/>\n<meta name=\"twitter:card\" content=\"summary_large_image\" \/>\n<script type=\"application\/ld+json\" class=\"yoast-schema-graph\">{\"@context\":\"https:\/\/schema.org\",\"@graph\":[{\"@type\":\"WebPage\",\"@id\":\"https:\/\/hubsch-interior.com\/de\/produkt\/roll-kerzenhalter-messingfarben\/\",\"url\":\"https:\/\/hubsch-interior.com\/de\/produkt\/roll-kerzenhalter-messingfarben\/\",\"name\":\"Roll Kerzenhalter Messingfarben - H\u00fcbsch\",\"isPartOf\":{\"@id\":\"https:\/\/hubsch-interior.com\/de\/#website\"},\"primaryImageOfPage\":{\"@id\":\"https:\/\/hubsch-interior.com\/de\/produkt\/roll-kerzenhalter-messingfarben\/#primaryimage\"},\"image\":{\"@id\":\"https:\/\/hubsch-interior.com\/de\/produkt\/roll-kerzenhalter-messingfarben\/#primaryimage\"},\"thumbnailUrl\":\"https:\/\/hubsch-interior.com\/wp-content\/uploads\/2026\/02\/roll-candlestick-brass-1599889e625ee2bb454f0f83dec157fd.jpg\",\"datePublished\":\"2020-12-15T08:58:00+00:00\",\"dateModified\":\"2026-04-09T03:15:01+00:00\",\"description\":\"Der Roll Kerzenhalter aus Metall in Messingfarbe ist ein sch\u00f6nes und praktisches Accessoire f\u00fcr jeden Wohnbereich. Mit seinem stilvollen Design passt er\",\"breadcrumb\":{\"@id\":\"https:\/\/hubsch-interior.com\/de\/produkt\/roll-kerzenhalter-messingfarben\/#breadcrumb\"},\"inLanguage\":\"de\",\"potentialAction\":[{\"@type\":\"ReadAction\",\"target\":[\"https:\/\/hubsch-interior.com\/de\/produkt\/roll-kerzenhalter-messingfarben\/\"]}]},{\"@type\":\"ImageObject\",\"inLanguage\":\"de\",\"@id\":\"https:\/\/hubsch-interior.com\/de\/produkt\/roll-kerzenhalter-messingfarben\/#primaryimage\",\"url\":\"https:\/\/hubsch-interior.com\/wp-content\/uploads\/2026\/02\/roll-candlestick-brass-1599889e625ee2bb454f0f83dec157fd.jpg\",\"contentUrl\":\"https:\/\/hubsch-interior.com\/wp-content\/uploads\/2026\/02\/roll-candlestick-brass-1599889e625ee2bb454f0f83dec157fd.jpg\",\"width\":1024,\"height\":1024},{\"@type\":\"BreadcrumbList\",\"@id\":\"https:\/\/hubsch-interior.com\/de\/produkt\/roll-kerzenhalter-messingfarben\/#breadcrumb\",\"itemListElement\":[{\"@type\":\"ListItem\",\"position\":1,\"name\":\"Startseite\",\"item\":\"https:\/\/hubsch-interior.com\/de\/\"},{\"@type\":\"ListItem\",\"position\":2,\"name\":\"Produkte\",\"item\":\"https:\/\/hubsch-interior.com\/de\/shop-2\/\"},{\"@type\":\"ListItem\",\"position\":3,\"name\":\"Wohnaccessoires\",\"item\":\"https:\/\/hubsch-interior.com\/de\/produkt-kategorie\/wohnaccessoires\/\"},{\"@type\":\"ListItem\",\"position\":4,\"name\":\"Kerzenst&auml;nder &amp; Laternen\",\"item\":\"https:\/\/hubsch-interior.com\/de\/produkt-kategorie\/wohnaccessoires\/kerzenstaender-laternen-de\/\"},{\"@type\":\"ListItem\",\"position\":5,\"name\":\"Kerzenst&auml;nder\",\"item\":\"https:\/\/hubsch-interior.com\/de\/produkt-kategorie\/wohnaccessoires\/kerzenstaender-laternen-de\/kerzenstaender-de\/\"},{\"@type\":\"ListItem\",\"position\":6,\"name\":\"Roll Kerzenhalter Messingfarben\"}]},{\"@type\":\"WebSite\",\"@id\":\"https:\/\/hubsch-interior.com\/de\/#website\",\"url\":\"https:\/\/hubsch-interior.com\/de\/\",\"name\":\"H\u00fcbsch\",\"description\":\"Danish Home Interior and Design\",\"publisher\":{\"@id\":\"https:\/\/hubsch-interior.com\/de\/#organization\"},\"potentialAction\":[{\"@type\":\"SearchAction\",\"target\":{\"@type\":\"EntryPoint\",\"urlTemplate\":\"https:\/\/hubsch-interior.com\/de\/?s={search_term_string}\"},\"query-input\":{\"@type\":\"PropertyValueSpecification\",\"valueRequired\":true,\"valueName\":\"search_term_string\"}}],\"inLanguage\":\"de\"},{\"@type\":\"Organization\",\"@id\":\"https:\/\/hubsch-interior.com\/de\/#organization\",\"name\":\"H\u00fcbsch\",\"url\":\"https:\/\/hubsch-interior.com\/de\/\",\"logo\":{\"@type\":\"ImageObject\",\"inLanguage\":\"de\",\"@id\":\"https:\/\/hubsch-interior.com\/de\/#\/schema\/logo\/image\/\",\"url\":\"https:\/\/hubsch-interior.com\/wp-content\/uploads\/2022\/12\/Hubsch_logo_black_one_line.svg\",\"contentUrl\":\"https:\/\/hubsch-interior.com\/wp-content\/uploads\/2022\/12\/Hubsch_logo_black_one_line.svg\",\"caption\":\"H\u00fcbsch\"},\"image\":{\"@id\":\"https:\/\/hubsch-interior.com\/de\/#\/schema\/logo\/image\/\"}}]}<\/script>\n<!-- \/ Yoast SEO plugin. -->","yoast_head_json":{"title":"Roll Kerzenhalter Messingfarben - H\u00fcbsch","description":"Der Roll Kerzenhalter aus Metall in Messingfarbe ist ein sch\u00f6nes und praktisches Accessoire f\u00fcr jeden Wohnbereich. Mit seinem stilvollen Design passt er","robots":{"index":"index","follow":"follow","max-snippet":"max-snippet:-1","max-image-preview":"max-image-preview:large","max-video-preview":"max-video-preview:-1"},"canonical":"https:\/\/hubsch-interior.com\/de\/wp-json\/wp\/v2\/product\/40935","og_locale":"de_DE","og_type":"article","og_title":"Roll Kerzenhalter Messingfarben - H\u00fcbsch","og_description":"Der Roll Kerzenhalter aus Metall in Messingfarbe ist ein sch\u00f6nes und praktisches Accessoire f\u00fcr jeden Wohnbereich. Mit seinem stilvollen Design passt er","og_url":"https:\/\/hubsch-interior.com\/de\/produkt\/roll-kerzenhalter-messingfarben\/","og_site_name":"H\u00fcbsch","article_modified_time":"2026-04-09T03:15:01+00:00","og_image":[{"width":1200,"height":1200,"url":"https:\/\/hubsch-interior.com\/wp-content\/uploads\/2024\/01\/roll-candlestick-brass-67b8521fb57694d936452b3ce306a0bc.jpg","type":"image\/jpeg"}],"twitter_card":"summary_large_image","schema":{"@context":"https:\/\/schema.org","@graph":[{"@type":"WebPage","@id":"https:\/\/hubsch-interior.com\/de\/produkt\/roll-kerzenhalter-messingfarben\/","url":"https:\/\/hubsch-interior.com\/de\/produkt\/roll-kerzenhalter-messingfarben\/","name":"Roll Kerzenhalter Messingfarben - H\u00fcbsch","isPartOf":{"@id":"https:\/\/hubsch-interior.com\/de\/#website"},"primaryImageOfPage":{"@id":"https:\/\/hubsch-interior.com\/de\/produkt\/roll-kerzenhalter-messingfarben\/#primaryimage"},"image":{"@id":"https:\/\/hubsch-interior.com\/de\/produkt\/roll-kerzenhalter-messingfarben\/#primaryimage"},"thumbnailUrl":"https:\/\/hubsch-interior.com\/wp-content\/uploads\/2026\/02\/roll-candlestick-brass-1599889e625ee2bb454f0f83dec157fd.jpg","datePublished":"2020-12-15T08:58:00+00:00","dateModified":"2026-04-09T03:15:01+00:00","description":"Der Roll Kerzenhalter aus Metall in Messingfarbe ist ein sch\u00f6nes und praktisches Accessoire f\u00fcr jeden Wohnbereich. Mit seinem stilvollen Design passt er","breadcrumb":{"@id":"https:\/\/hubsch-interior.com\/de\/produkt\/roll-kerzenhalter-messingfarben\/#breadcrumb"},"inLanguage":"de","potentialAction":[{"@type":"ReadAction","target":["https:\/\/hubsch-interior.com\/de\/produkt\/roll-kerzenhalter-messingfarben\/"]}]},{"@type":"ImageObject","inLanguage":"de","@id":"https:\/\/hubsch-interior.com\/de\/produkt\/roll-kerzenhalter-messingfarben\/#primaryimage","url":"https:\/\/hubsch-interior.com\/wp-content\/uploads\/2026\/02\/roll-candlestick-brass-1599889e625ee2bb454f0f83dec157fd.jpg","contentUrl":"https:\/\/hubsch-interior.com\/wp-content\/uploads\/2026\/02\/roll-candlestick-brass-1599889e625ee2bb454f0f83dec157fd.jpg","width":1024,"height":1024},{"@type":"BreadcrumbList","@id":"https:\/\/hubsch-interior.com\/de\/produkt\/roll-kerzenhalter-messingfarben\/#breadcrumb","itemListElement":[{"@type":"ListItem","position":1,"name":"Startseite","item":"https:\/\/hubsch-interior.com\/de\/"},{"@type":"ListItem","position":2,"name":"Produkte","item":"https:\/\/hubsch-interior.com\/de\/shop-2\/"},{"@type":"ListItem","position":3,"name":"Wohnaccessoires","item":"https:\/\/hubsch-interior.com\/de\/produkt-kategorie\/wohnaccessoires\/"},{"@type":"ListItem","position":4,"name":"Kerzenst&auml;nder &amp; Laternen","item":"https:\/\/hubsch-interior.com\/de\/produkt-kategorie\/wohnaccessoires\/kerzenstaender-laternen-de\/"},{"@type":"ListItem","position":5,"name":"Kerzenst&auml;nder","item":"https:\/\/hubsch-interior.com\/de\/produkt-kategorie\/wohnaccessoires\/kerzenstaender-laternen-de\/kerzenstaender-de\/"},{"@type":"ListItem","position":6,"name":"Roll Kerzenhalter Messingfarben"}]},{"@type":"WebSite","@id":"https:\/\/hubsch-interior.com\/de\/#website","url":"https:\/\/hubsch-interior.com\/de\/","name":"H\u00fcbsch","description":"Danish Home Interior and Design","publisher":{"@id":"https:\/\/hubsch-interior.com\/de\/#organization"},"potentialAction":[{"@type":"SearchAction","target":{"@type":"EntryPoint","urlTemplate":"https:\/\/hubsch-interior.com\/de\/?s={search_term_string}"},"query-input":{"@type":"PropertyValueSpecification","valueRequired":true,"valueName":"search_term_string"}}],"inLanguage":"de"},{"@type":"Organization","@id":"https:\/\/hubsch-interior.com\/de\/#organization","name":"H\u00fcbsch","url":"https:\/\/hubsch-interior.com\/de\/","logo":{"@type":"ImageObject","inLanguage":"de","@id":"https:\/\/hubsch-interior.com\/de\/#\/schema\/logo\/image\/","url":"https:\/\/hubsch-interior.com\/wp-content\/uploads\/2022\/12\/Hubsch_logo_black_one_line.svg","contentUrl":"https:\/\/hubsch-interior.com\/wp-content\/uploads\/2022\/12\/Hubsch_logo_black_one_line.svg","caption":"H\u00fcbsch"},"image":{"@id":"https:\/\/hubsch-interior.com\/de\/#\/schema\/logo\/image\/"}}]}},"_links":{"self":[{"href":"https:\/\/hubsch-interior.com\/de\/wp-json\/wp\/v2\/product\/40935","targetHints":{"allow":["GET"]}}],"collection":[{"href":"https:\/\/hubsch-interior.com\/de\/wp-json\/wp\/v2\/product"}],"about":[{"href":"https:\/\/hubsch-interior.com\/de\/wp-json\/wp\/v2\/types\/product"}],"wp:featuredmedia":[{"embeddable":true,"href":"https:\/\/hubsch-interior.com\/de\/wp-json\/wp\/v2\/media\/1109572"}],"wp:attachment":[{"href":"https:\/\/hubsch-interior.com\/de\/wp-json\/wp\/v2\/media?parent=40935"}],"wp:term":[{"taxonomy":"product_brand","embeddable":true,"href":"https:\/\/hubsch-interior.com\/de\/wp-json\/wp\/v2\/product_brand?post=40935"},{"taxonomy":"product_cat","embeddable":true,"href":"https:\/\/hubsch-interior.com\/de\/wp-json\/wp\/v2\/product_cat?post=40935"},{"taxonomy":"product_tag","embeddable":true,"href":"https:\/\/hubsch-interior.com\/de\/wp-json\/wp\/v2\/product_tag?post=40935"}],"curies":[{"name":"wp","href":"https:\/\/api.w.org\/{rel}","templated":true}]}}