{"id":41007,"date":"2020-12-15T09:58:20","date_gmt":"2020-12-15T08:58:20","guid":{"rendered":"https:\/\/hubsch-interior.com\/product\/product-51\/"},"modified":"2026-04-05T05:18:18","modified_gmt":"2026-04-05T03:18:18","slug":"rest-haken-messingfarben","status":"publish","type":"product","link":"https:\/\/hubsch-interior.com\/de\/produkt\/rest-haken-messingfarben\/","title":{"rendered":"Rest Haken Messingfarben"},"content":{"rendered":"<p>Der Rest Haken Messingfarben ist ein funktionales und stilvolles Metall-Design. Er ist ideal f\u00fcr die Aufbewahrung von Taschen, Handt\u00fcchern und anderen Gegenst\u00e4nden und passt zu allen Einrichtungsstilen. Seine robuste Konstruktion aus Metall sorgt f\u00fcr eine zuverl\u00e4ssige und langlebige Leistung, w\u00e4hrend die modern-edle Optik ein sch\u00f6nes Upgrade f\u00fcr Ihr Zuhause bietet. Einfach zu installieren und perfekt f\u00fcr ein Wohnzimmer, Schlafzimmer oder Badezimmer. Auch ein sch\u00f6nes Geschenk f\u00fcr einen geliebten Menschen.<\/p>\n","protected":false},"excerpt":{"rendered":"<p>Der Rest Haken Messingfarben ist ein funktionales und stilvolles Metall-Design. Er ist ideal f\u00fcr die Aufbewahrung von Taschen, Handt\u00fcchern und anderen Gegenst\u00e4nden und passt zu allen Einrichtungsstilen. Seine robuste Konstruktion aus Metall sorgt f\u00fcr eine zuverl\u00e4ssige und langlebige Leistung, w\u00e4hrend die modern-edle Optik ein sch\u00f6nes Upgrade f\u00fcr Ihr Zuhause bietet. Einfach zu installieren und perfekt [&hellip;]<\/p>\n","protected":false},"featured_media":1109596,"template":"","meta":{"_acf_changed":false,"inline_featured_image":false},"product_brand":[],"product_cat":[7067,7073,4043,4108,5027,5031],"product_tag":[],"class_list":{"0":"post-41007","1":"product","2":"type-product","3":"status-publish","4":"has-post-thumbnail","6":"product_cat-kuchen-haken-de","7":"product_cat-haken-regale-de","8":"product_cat-haken-und-hakenleisten-de","9":"product_cat-haken-de","10":"product_cat-bestsellers-de","11":"product_cat-wieder-auf-lager-de","12":"product_shipping_class-pk","14":"pa_color-messingfarben","15":"pa_material-eisen-de","17":"first","18":"instock","19":"featured","20":"taxable","21":"shipping-taxable","22":"purchasable","23":"product-type-simple"},"exclude_global_add_ons":[],"addons":[],"acf":[],"yoast_head":"<!-- This site is optimized with the Yoast SEO plugin v26.4 - https:\/\/yoast.com\/wordpress\/plugins\/seo\/ -->\n<title>Rest Haken Messingfarben - H\u00fcbsch<\/title>\n<meta name=\"description\" content=\"Der Rest Haken Messingfarben ist ein funktionales und stilvolles Metall-Design. Er ist ideal f\u00fcr die Aufbewahrung von Taschen, Handt\u00fcchern und anderen\" \/>\n<meta name=\"robots\" content=\"index, follow, max-snippet:-1, max-image-preview:large, max-video-preview:-1\" \/>\n<link rel=\"canonical\" href=\"https:\/\/hubsch-interior.com\/de\/wp-json\/wp\/v2\/product\/41007\" \/>\n<meta property=\"og:locale\" content=\"de_DE\" \/>\n<meta property=\"og:type\" content=\"article\" \/>\n<meta property=\"og:title\" content=\"Rest Haken Messingfarben - H\u00fcbsch\" \/>\n<meta property=\"og:description\" content=\"Der Rest Haken Messingfarben ist ein funktionales und stilvolles Metall-Design. Er ist ideal f\u00fcr die Aufbewahrung von Taschen, Handt\u00fcchern und anderen\" \/>\n<meta property=\"og:url\" content=\"https:\/\/hubsch-interior.com\/de\/produkt\/rest-haken-messingfarben\/\" \/>\n<meta property=\"og:site_name\" content=\"H\u00fcbsch\" \/>\n<meta property=\"article:modified_time\" content=\"2026-04-05T03:18:18+00:00\" \/>\n<meta property=\"og:image\" content=\"https:\/\/hubsch-interior.com\/wp-content\/uploads\/2024\/01\/rest-hook-brass-75c6e06fe7fc62770b9937b48f25af65.jpg\" \/>\n\t<meta property=\"og:image:width\" content=\"1200\" \/>\n\t<meta property=\"og:image:height\" content=\"1200\" \/>\n\t<meta property=\"og:image:type\" content=\"image\/jpeg\" \/>\n<meta name=\"twitter:card\" content=\"summary_large_image\" \/>\n<script type=\"application\/ld+json\" class=\"yoast-schema-graph\">{\"@context\":\"https:\/\/schema.org\",\"@graph\":[{\"@type\":\"WebPage\",\"@id\":\"https:\/\/hubsch-interior.com\/de\/produkt\/rest-haken-messingfarben\/\",\"url\":\"https:\/\/hubsch-interior.com\/de\/produkt\/rest-haken-messingfarben\/\",\"name\":\"Rest Haken Messingfarben - H\u00fcbsch\",\"isPartOf\":{\"@id\":\"https:\/\/hubsch-interior.com\/de\/#website\"},\"primaryImageOfPage\":{\"@id\":\"https:\/\/hubsch-interior.com\/de\/produkt\/rest-haken-messingfarben\/#primaryimage\"},\"image\":{\"@id\":\"https:\/\/hubsch-interior.com\/de\/produkt\/rest-haken-messingfarben\/#primaryimage\"},\"thumbnailUrl\":\"https:\/\/hubsch-interior.com\/wp-content\/uploads\/2026\/02\/rest-hook-brass-65765a31520cf04b394178a2f915e58c.jpg\",\"datePublished\":\"2020-12-15T08:58:20+00:00\",\"dateModified\":\"2026-04-05T03:18:18+00:00\",\"description\":\"Der Rest Haken Messingfarben ist ein funktionales und stilvolles Metall-Design. Er ist ideal f\u00fcr die Aufbewahrung von Taschen, Handt\u00fcchern und anderen\",\"breadcrumb\":{\"@id\":\"https:\/\/hubsch-interior.com\/de\/produkt\/rest-haken-messingfarben\/#breadcrumb\"},\"inLanguage\":\"de\",\"potentialAction\":[{\"@type\":\"ReadAction\",\"target\":[\"https:\/\/hubsch-interior.com\/de\/produkt\/rest-haken-messingfarben\/\"]}]},{\"@type\":\"ImageObject\",\"inLanguage\":\"de\",\"@id\":\"https:\/\/hubsch-interior.com\/de\/produkt\/rest-haken-messingfarben\/#primaryimage\",\"url\":\"https:\/\/hubsch-interior.com\/wp-content\/uploads\/2026\/02\/rest-hook-brass-65765a31520cf04b394178a2f915e58c.jpg\",\"contentUrl\":\"https:\/\/hubsch-interior.com\/wp-content\/uploads\/2026\/02\/rest-hook-brass-65765a31520cf04b394178a2f915e58c.jpg\",\"width\":1024,\"height\":1024},{\"@type\":\"BreadcrumbList\",\"@id\":\"https:\/\/hubsch-interior.com\/de\/produkt\/rest-haken-messingfarben\/#breadcrumb\",\"itemListElement\":[{\"@type\":\"ListItem\",\"position\":1,\"name\":\"Startseite\",\"item\":\"https:\/\/hubsch-interior.com\/de\/\"},{\"@type\":\"ListItem\",\"position\":2,\"name\":\"Produkte\",\"item\":\"https:\/\/hubsch-interior.com\/de\/shop-2\/\"},{\"@type\":\"ListItem\",\"position\":3,\"name\":\"Wohnaccessoires\",\"item\":\"https:\/\/hubsch-interior.com\/de\/produkt-kategorie\/wohnaccessoires\/\"},{\"@type\":\"ListItem\",\"position\":4,\"name\":\"Haken und Hakenleisten\",\"item\":\"https:\/\/hubsch-interior.com\/de\/produkt-kategorie\/wohnaccessoires\/haken-und-hakenleisten-de\/\"},{\"@type\":\"ListItem\",\"position\":5,\"name\":\"Haken\",\"item\":\"https:\/\/hubsch-interior.com\/de\/produkt-kategorie\/wohnaccessoires\/haken-und-hakenleisten-de\/haken-de\/\"},{\"@type\":\"ListItem\",\"position\":6,\"name\":\"Rest Haken Messingfarben\"}]},{\"@type\":\"WebSite\",\"@id\":\"https:\/\/hubsch-interior.com\/de\/#website\",\"url\":\"https:\/\/hubsch-interior.com\/de\/\",\"name\":\"H\u00fcbsch\",\"description\":\"Danish Home Interior and Design\",\"publisher\":{\"@id\":\"https:\/\/hubsch-interior.com\/de\/#organization\"},\"potentialAction\":[{\"@type\":\"SearchAction\",\"target\":{\"@type\":\"EntryPoint\",\"urlTemplate\":\"https:\/\/hubsch-interior.com\/de\/?s={search_term_string}\"},\"query-input\":{\"@type\":\"PropertyValueSpecification\",\"valueRequired\":true,\"valueName\":\"search_term_string\"}}],\"inLanguage\":\"de\"},{\"@type\":\"Organization\",\"@id\":\"https:\/\/hubsch-interior.com\/de\/#organization\",\"name\":\"H\u00fcbsch\",\"url\":\"https:\/\/hubsch-interior.com\/de\/\",\"logo\":{\"@type\":\"ImageObject\",\"inLanguage\":\"de\",\"@id\":\"https:\/\/hubsch-interior.com\/de\/#\/schema\/logo\/image\/\",\"url\":\"https:\/\/hubsch-interior.com\/wp-content\/uploads\/2022\/12\/Hubsch_logo_black_one_line.svg\",\"contentUrl\":\"https:\/\/hubsch-interior.com\/wp-content\/uploads\/2022\/12\/Hubsch_logo_black_one_line.svg\",\"caption\":\"H\u00fcbsch\"},\"image\":{\"@id\":\"https:\/\/hubsch-interior.com\/de\/#\/schema\/logo\/image\/\"}}]}<\/script>\n<!-- \/ Yoast SEO plugin. -->","yoast_head_json":{"title":"Rest Haken Messingfarben - H\u00fcbsch","description":"Der Rest Haken Messingfarben ist ein funktionales und stilvolles Metall-Design. Er ist ideal f\u00fcr die Aufbewahrung von Taschen, Handt\u00fcchern und anderen","robots":{"index":"index","follow":"follow","max-snippet":"max-snippet:-1","max-image-preview":"max-image-preview:large","max-video-preview":"max-video-preview:-1"},"canonical":"https:\/\/hubsch-interior.com\/de\/wp-json\/wp\/v2\/product\/41007","og_locale":"de_DE","og_type":"article","og_title":"Rest Haken Messingfarben - H\u00fcbsch","og_description":"Der Rest Haken Messingfarben ist ein funktionales und stilvolles Metall-Design. Er ist ideal f\u00fcr die Aufbewahrung von Taschen, Handt\u00fcchern und anderen","og_url":"https:\/\/hubsch-interior.com\/de\/produkt\/rest-haken-messingfarben\/","og_site_name":"H\u00fcbsch","article_modified_time":"2026-04-05T03:18:18+00:00","og_image":[{"width":1200,"height":1200,"url":"https:\/\/hubsch-interior.com\/wp-content\/uploads\/2024\/01\/rest-hook-brass-75c6e06fe7fc62770b9937b48f25af65.jpg","type":"image\/jpeg"}],"twitter_card":"summary_large_image","schema":{"@context":"https:\/\/schema.org","@graph":[{"@type":"WebPage","@id":"https:\/\/hubsch-interior.com\/de\/produkt\/rest-haken-messingfarben\/","url":"https:\/\/hubsch-interior.com\/de\/produkt\/rest-haken-messingfarben\/","name":"Rest Haken Messingfarben - H\u00fcbsch","isPartOf":{"@id":"https:\/\/hubsch-interior.com\/de\/#website"},"primaryImageOfPage":{"@id":"https:\/\/hubsch-interior.com\/de\/produkt\/rest-haken-messingfarben\/#primaryimage"},"image":{"@id":"https:\/\/hubsch-interior.com\/de\/produkt\/rest-haken-messingfarben\/#primaryimage"},"thumbnailUrl":"https:\/\/hubsch-interior.com\/wp-content\/uploads\/2026\/02\/rest-hook-brass-65765a31520cf04b394178a2f915e58c.jpg","datePublished":"2020-12-15T08:58:20+00:00","dateModified":"2026-04-05T03:18:18+00:00","description":"Der Rest Haken Messingfarben ist ein funktionales und stilvolles Metall-Design. Er ist ideal f\u00fcr die Aufbewahrung von Taschen, Handt\u00fcchern und anderen","breadcrumb":{"@id":"https:\/\/hubsch-interior.com\/de\/produkt\/rest-haken-messingfarben\/#breadcrumb"},"inLanguage":"de","potentialAction":[{"@type":"ReadAction","target":["https:\/\/hubsch-interior.com\/de\/produkt\/rest-haken-messingfarben\/"]}]},{"@type":"ImageObject","inLanguage":"de","@id":"https:\/\/hubsch-interior.com\/de\/produkt\/rest-haken-messingfarben\/#primaryimage","url":"https:\/\/hubsch-interior.com\/wp-content\/uploads\/2026\/02\/rest-hook-brass-65765a31520cf04b394178a2f915e58c.jpg","contentUrl":"https:\/\/hubsch-interior.com\/wp-content\/uploads\/2026\/02\/rest-hook-brass-65765a31520cf04b394178a2f915e58c.jpg","width":1024,"height":1024},{"@type":"BreadcrumbList","@id":"https:\/\/hubsch-interior.com\/de\/produkt\/rest-haken-messingfarben\/#breadcrumb","itemListElement":[{"@type":"ListItem","position":1,"name":"Startseite","item":"https:\/\/hubsch-interior.com\/de\/"},{"@type":"ListItem","position":2,"name":"Produkte","item":"https:\/\/hubsch-interior.com\/de\/shop-2\/"},{"@type":"ListItem","position":3,"name":"Wohnaccessoires","item":"https:\/\/hubsch-interior.com\/de\/produkt-kategorie\/wohnaccessoires\/"},{"@type":"ListItem","position":4,"name":"Haken und Hakenleisten","item":"https:\/\/hubsch-interior.com\/de\/produkt-kategorie\/wohnaccessoires\/haken-und-hakenleisten-de\/"},{"@type":"ListItem","position":5,"name":"Haken","item":"https:\/\/hubsch-interior.com\/de\/produkt-kategorie\/wohnaccessoires\/haken-und-hakenleisten-de\/haken-de\/"},{"@type":"ListItem","position":6,"name":"Rest Haken Messingfarben"}]},{"@type":"WebSite","@id":"https:\/\/hubsch-interior.com\/de\/#website","url":"https:\/\/hubsch-interior.com\/de\/","name":"H\u00fcbsch","description":"Danish Home Interior and Design","publisher":{"@id":"https:\/\/hubsch-interior.com\/de\/#organization"},"potentialAction":[{"@type":"SearchAction","target":{"@type":"EntryPoint","urlTemplate":"https:\/\/hubsch-interior.com\/de\/?s={search_term_string}"},"query-input":{"@type":"PropertyValueSpecification","valueRequired":true,"valueName":"search_term_string"}}],"inLanguage":"de"},{"@type":"Organization","@id":"https:\/\/hubsch-interior.com\/de\/#organization","name":"H\u00fcbsch","url":"https:\/\/hubsch-interior.com\/de\/","logo":{"@type":"ImageObject","inLanguage":"de","@id":"https:\/\/hubsch-interior.com\/de\/#\/schema\/logo\/image\/","url":"https:\/\/hubsch-interior.com\/wp-content\/uploads\/2022\/12\/Hubsch_logo_black_one_line.svg","contentUrl":"https:\/\/hubsch-interior.com\/wp-content\/uploads\/2022\/12\/Hubsch_logo_black_one_line.svg","caption":"H\u00fcbsch"},"image":{"@id":"https:\/\/hubsch-interior.com\/de\/#\/schema\/logo\/image\/"}}]}},"_links":{"self":[{"href":"https:\/\/hubsch-interior.com\/de\/wp-json\/wp\/v2\/product\/41007","targetHints":{"allow":["GET"]}}],"collection":[{"href":"https:\/\/hubsch-interior.com\/de\/wp-json\/wp\/v2\/product"}],"about":[{"href":"https:\/\/hubsch-interior.com\/de\/wp-json\/wp\/v2\/types\/product"}],"wp:featuredmedia":[{"embeddable":true,"href":"https:\/\/hubsch-interior.com\/de\/wp-json\/wp\/v2\/media\/1109596"}],"wp:attachment":[{"href":"https:\/\/hubsch-interior.com\/de\/wp-json\/wp\/v2\/media?parent=41007"}],"wp:term":[{"taxonomy":"product_brand","embeddable":true,"href":"https:\/\/hubsch-interior.com\/de\/wp-json\/wp\/v2\/product_brand?post=41007"},{"taxonomy":"product_cat","embeddable":true,"href":"https:\/\/hubsch-interior.com\/de\/wp-json\/wp\/v2\/product_cat?post=41007"},{"taxonomy":"product_tag","embeddable":true,"href":"https:\/\/hubsch-interior.com\/de\/wp-json\/wp\/v2\/product_tag?post=41007"}],"curies":[{"name":"wp","href":"https:\/\/api.w.org\/{rel}","templated":true}]}}