{"id":41087,"date":"2020-12-15T09:58:33","date_gmt":"2020-12-15T08:58:33","guid":{"rendered":"https:\/\/hubsch-interior.com\/product\/product-51\/"},"modified":"2026-04-11T05:12:01","modified_gmt":"2026-04-11T03:12:01","slug":"ripple-hangelampe-large-klar","status":"publish","type":"product","link":"https:\/\/hubsch-interior.com\/de\/produkt\/ripple-hangelampe-large-klar\/","title":{"rendered":"Ripple H\u00e4ngelampe Large Klar"},"content":{"rendered":"<p>Die Ripple H\u00e4ngelampe Large Klar ist ein modernes und elegantes Design, das den Raum in ein warmes und beleuchtetes Ambiente verwandelt. Das Lampengeh\u00e4use besteht aus Glas und Metall, wodurch ein besonders ausgefallenes Erscheinungsbild entsteht. Es ist eine perfekte Erg\u00e4nzung f\u00fcr ein modernes Wohnzimmer oder einen Eingangsbereich. Sie verleiht Ihrem Zuhause ein Gef\u00fchl der Behaglichkeit und W\u00e4rme und setzt ein stilvolles Designakzent. Mit dieser Lampe k\u00f6nnen Sie Ihrem Interieur eine neue Dynamik verleihen.<\/p>\n","protected":false},"excerpt":{"rendered":"<p>Die Ripple H\u00e4ngelampe Large Klar ist ein modernes und elegantes Design, das den Raum in ein warmes und beleuchtetes Ambiente verwandelt. Das Lampengeh\u00e4use besteht aus Glas und Metall, wodurch ein besonders ausgefallenes Erscheinungsbild entsteht. Es ist eine perfekte Erg\u00e4nzung f\u00fcr ein modernes Wohnzimmer oder einen Eingangsbereich. Sie verleiht Ihrem Zuhause ein Gef\u00fchl der Behaglichkeit und [&hellip;]<\/p>\n","protected":false},"featured_media":1113032,"template":"","meta":{"_acf_changed":false,"inline_featured_image":false},"product_brand":[],"product_cat":[3809,4148,5027],"product_tag":[],"class_list":{"0":"post-41087","1":"product","2":"type-product","3":"status-publish","4":"has-post-thumbnail","6":"product_cat-beleuchtung","7":"product_cat-haengelampen-de","8":"product_cat-bestsellers-de","9":"product_shipping_class-pk","11":"pa_color-klar-de","12":"pa_material-eisen-de","13":"pa_material-glas-de","15":"first","16":"instock","17":"featured","18":"taxable","19":"shipping-taxable","20":"purchasable","21":"product-type-simple"},"exclude_global_add_ons":[],"addons":[],"acf":[],"yoast_head":"<!-- This site is optimized with the Yoast SEO plugin v26.4 - https:\/\/yoast.com\/wordpress\/plugins\/seo\/ -->\n<title>Ripple H\u00e4ngelampe Large Klar - H\u00fcbsch<\/title>\n<meta name=\"description\" content=\"Die Ripple H\u00e4ngelampe Large Klar ist ein modernes und elegantes Design, das den Raum in ein warmes und beleuchtetes Ambiente verwandelt. Das Lampengeh\u00e4use\" \/>\n<meta name=\"robots\" content=\"index, follow, max-snippet:-1, max-image-preview:large, max-video-preview:-1\" \/>\n<link rel=\"canonical\" href=\"https:\/\/hubsch-interior.com\/de\/wp-json\/wp\/v2\/product\/41087\" \/>\n<meta property=\"og:locale\" content=\"de_DE\" \/>\n<meta property=\"og:type\" content=\"article\" \/>\n<meta property=\"og:title\" content=\"Ripple H\u00e4ngelampe Large Klar - H\u00fcbsch\" \/>\n<meta property=\"og:description\" content=\"Die Ripple H\u00e4ngelampe Large Klar ist ein modernes und elegantes Design, das den Raum in ein warmes und beleuchtetes Ambiente verwandelt. Das Lampengeh\u00e4use\" \/>\n<meta property=\"og:url\" content=\"https:\/\/hubsch-interior.com\/de\/produkt\/ripple-hangelampe-large-klar\/\" \/>\n<meta property=\"og:site_name\" content=\"H\u00fcbsch\" \/>\n<meta property=\"article:modified_time\" content=\"2026-04-11T03:12:01+00:00\" \/>\n<meta property=\"og:image\" content=\"https:\/\/hubsch-interior.com\/wp-content\/uploads\/2025\/05\/ripple-pendant-large-clear-d16a032bc88dfc2a90b33d46e265fae3.jpg\" \/>\n\t<meta property=\"og:image:width\" content=\"1200\" \/>\n\t<meta property=\"og:image:height\" content=\"1200\" \/>\n\t<meta property=\"og:image:type\" content=\"image\/jpeg\" \/>\n<meta name=\"twitter:card\" content=\"summary_large_image\" \/>\n<script type=\"application\/ld+json\" class=\"yoast-schema-graph\">{\"@context\":\"https:\/\/schema.org\",\"@graph\":[{\"@type\":\"WebPage\",\"@id\":\"https:\/\/hubsch-interior.com\/de\/produkt\/ripple-hangelampe-large-klar\/\",\"url\":\"https:\/\/hubsch-interior.com\/de\/produkt\/ripple-hangelampe-large-klar\/\",\"name\":\"Ripple H\u00e4ngelampe Large Klar - H\u00fcbsch\",\"isPartOf\":{\"@id\":\"https:\/\/hubsch-interior.com\/de\/#website\"},\"primaryImageOfPage\":{\"@id\":\"https:\/\/hubsch-interior.com\/de\/produkt\/ripple-hangelampe-large-klar\/#primaryimage\"},\"image\":{\"@id\":\"https:\/\/hubsch-interior.com\/de\/produkt\/ripple-hangelampe-large-klar\/#primaryimage\"},\"thumbnailUrl\":\"https:\/\/hubsch-interior.com\/wp-content\/uploads\/2026\/02\/ripple-pendant-large-clear-c89965fcd1e1f4aebd43491a2dca6438.jpg\",\"datePublished\":\"2020-12-15T08:58:33+00:00\",\"dateModified\":\"2026-04-11T03:12:01+00:00\",\"description\":\"Die Ripple H\u00e4ngelampe Large Klar ist ein modernes und elegantes Design, das den Raum in ein warmes und beleuchtetes Ambiente verwandelt. Das Lampengeh\u00e4use\",\"breadcrumb\":{\"@id\":\"https:\/\/hubsch-interior.com\/de\/produkt\/ripple-hangelampe-large-klar\/#breadcrumb\"},\"inLanguage\":\"de\",\"potentialAction\":[{\"@type\":\"ReadAction\",\"target\":[\"https:\/\/hubsch-interior.com\/de\/produkt\/ripple-hangelampe-large-klar\/\"]}]},{\"@type\":\"ImageObject\",\"inLanguage\":\"de\",\"@id\":\"https:\/\/hubsch-interior.com\/de\/produkt\/ripple-hangelampe-large-klar\/#primaryimage\",\"url\":\"https:\/\/hubsch-interior.com\/wp-content\/uploads\/2026\/02\/ripple-pendant-large-clear-c89965fcd1e1f4aebd43491a2dca6438.jpg\",\"contentUrl\":\"https:\/\/hubsch-interior.com\/wp-content\/uploads\/2026\/02\/ripple-pendant-large-clear-c89965fcd1e1f4aebd43491a2dca6438.jpg\",\"width\":1024,\"height\":1024},{\"@type\":\"BreadcrumbList\",\"@id\":\"https:\/\/hubsch-interior.com\/de\/produkt\/ripple-hangelampe-large-klar\/#breadcrumb\",\"itemListElement\":[{\"@type\":\"ListItem\",\"position\":1,\"name\":\"Startseite\",\"item\":\"https:\/\/hubsch-interior.com\/de\/\"},{\"@type\":\"ListItem\",\"position\":2,\"name\":\"Produkte\",\"item\":\"https:\/\/hubsch-interior.com\/de\/shop-2\/\"},{\"@type\":\"ListItem\",\"position\":3,\"name\":\"Beleuchtung\",\"item\":\"https:\/\/hubsch-interior.com\/de\/produkt-kategorie\/beleuchtung\/\"},{\"@type\":\"ListItem\",\"position\":4,\"name\":\"H&auml;ngelampen\",\"item\":\"https:\/\/hubsch-interior.com\/de\/produkt-kategorie\/beleuchtung\/haengelampen-de\/\"},{\"@type\":\"ListItem\",\"position\":5,\"name\":\"Ripple H\u00e4ngelampe Large Klar\"}]},{\"@type\":\"WebSite\",\"@id\":\"https:\/\/hubsch-interior.com\/de\/#website\",\"url\":\"https:\/\/hubsch-interior.com\/de\/\",\"name\":\"H\u00fcbsch\",\"description\":\"Danish Home Interior and Design\",\"publisher\":{\"@id\":\"https:\/\/hubsch-interior.com\/de\/#organization\"},\"potentialAction\":[{\"@type\":\"SearchAction\",\"target\":{\"@type\":\"EntryPoint\",\"urlTemplate\":\"https:\/\/hubsch-interior.com\/de\/?s={search_term_string}\"},\"query-input\":{\"@type\":\"PropertyValueSpecification\",\"valueRequired\":true,\"valueName\":\"search_term_string\"}}],\"inLanguage\":\"de\"},{\"@type\":\"Organization\",\"@id\":\"https:\/\/hubsch-interior.com\/de\/#organization\",\"name\":\"H\u00fcbsch\",\"url\":\"https:\/\/hubsch-interior.com\/de\/\",\"logo\":{\"@type\":\"ImageObject\",\"inLanguage\":\"de\",\"@id\":\"https:\/\/hubsch-interior.com\/de\/#\/schema\/logo\/image\/\",\"url\":\"https:\/\/hubsch-interior.com\/wp-content\/uploads\/2022\/12\/Hubsch_logo_black_one_line.svg\",\"contentUrl\":\"https:\/\/hubsch-interior.com\/wp-content\/uploads\/2022\/12\/Hubsch_logo_black_one_line.svg\",\"caption\":\"H\u00fcbsch\"},\"image\":{\"@id\":\"https:\/\/hubsch-interior.com\/de\/#\/schema\/logo\/image\/\"}}]}<\/script>\n<!-- \/ Yoast SEO plugin. -->","yoast_head_json":{"title":"Ripple H\u00e4ngelampe Large Klar - H\u00fcbsch","description":"Die Ripple H\u00e4ngelampe Large Klar ist ein modernes und elegantes Design, das den Raum in ein warmes und beleuchtetes Ambiente verwandelt. Das Lampengeh\u00e4use","robots":{"index":"index","follow":"follow","max-snippet":"max-snippet:-1","max-image-preview":"max-image-preview:large","max-video-preview":"max-video-preview:-1"},"canonical":"https:\/\/hubsch-interior.com\/de\/wp-json\/wp\/v2\/product\/41087","og_locale":"de_DE","og_type":"article","og_title":"Ripple H\u00e4ngelampe Large Klar - H\u00fcbsch","og_description":"Die Ripple H\u00e4ngelampe Large Klar ist ein modernes und elegantes Design, das den Raum in ein warmes und beleuchtetes Ambiente verwandelt. Das Lampengeh\u00e4use","og_url":"https:\/\/hubsch-interior.com\/de\/produkt\/ripple-hangelampe-large-klar\/","og_site_name":"H\u00fcbsch","article_modified_time":"2026-04-11T03:12:01+00:00","og_image":[{"width":1200,"height":1200,"url":"https:\/\/hubsch-interior.com\/wp-content\/uploads\/2025\/05\/ripple-pendant-large-clear-d16a032bc88dfc2a90b33d46e265fae3.jpg","type":"image\/jpeg"}],"twitter_card":"summary_large_image","schema":{"@context":"https:\/\/schema.org","@graph":[{"@type":"WebPage","@id":"https:\/\/hubsch-interior.com\/de\/produkt\/ripple-hangelampe-large-klar\/","url":"https:\/\/hubsch-interior.com\/de\/produkt\/ripple-hangelampe-large-klar\/","name":"Ripple H\u00e4ngelampe Large Klar - H\u00fcbsch","isPartOf":{"@id":"https:\/\/hubsch-interior.com\/de\/#website"},"primaryImageOfPage":{"@id":"https:\/\/hubsch-interior.com\/de\/produkt\/ripple-hangelampe-large-klar\/#primaryimage"},"image":{"@id":"https:\/\/hubsch-interior.com\/de\/produkt\/ripple-hangelampe-large-klar\/#primaryimage"},"thumbnailUrl":"https:\/\/hubsch-interior.com\/wp-content\/uploads\/2026\/02\/ripple-pendant-large-clear-c89965fcd1e1f4aebd43491a2dca6438.jpg","datePublished":"2020-12-15T08:58:33+00:00","dateModified":"2026-04-11T03:12:01+00:00","description":"Die Ripple H\u00e4ngelampe Large Klar ist ein modernes und elegantes Design, das den Raum in ein warmes und beleuchtetes Ambiente verwandelt. Das Lampengeh\u00e4use","breadcrumb":{"@id":"https:\/\/hubsch-interior.com\/de\/produkt\/ripple-hangelampe-large-klar\/#breadcrumb"},"inLanguage":"de","potentialAction":[{"@type":"ReadAction","target":["https:\/\/hubsch-interior.com\/de\/produkt\/ripple-hangelampe-large-klar\/"]}]},{"@type":"ImageObject","inLanguage":"de","@id":"https:\/\/hubsch-interior.com\/de\/produkt\/ripple-hangelampe-large-klar\/#primaryimage","url":"https:\/\/hubsch-interior.com\/wp-content\/uploads\/2026\/02\/ripple-pendant-large-clear-c89965fcd1e1f4aebd43491a2dca6438.jpg","contentUrl":"https:\/\/hubsch-interior.com\/wp-content\/uploads\/2026\/02\/ripple-pendant-large-clear-c89965fcd1e1f4aebd43491a2dca6438.jpg","width":1024,"height":1024},{"@type":"BreadcrumbList","@id":"https:\/\/hubsch-interior.com\/de\/produkt\/ripple-hangelampe-large-klar\/#breadcrumb","itemListElement":[{"@type":"ListItem","position":1,"name":"Startseite","item":"https:\/\/hubsch-interior.com\/de\/"},{"@type":"ListItem","position":2,"name":"Produkte","item":"https:\/\/hubsch-interior.com\/de\/shop-2\/"},{"@type":"ListItem","position":3,"name":"Beleuchtung","item":"https:\/\/hubsch-interior.com\/de\/produkt-kategorie\/beleuchtung\/"},{"@type":"ListItem","position":4,"name":"H&auml;ngelampen","item":"https:\/\/hubsch-interior.com\/de\/produkt-kategorie\/beleuchtung\/haengelampen-de\/"},{"@type":"ListItem","position":5,"name":"Ripple H\u00e4ngelampe Large Klar"}]},{"@type":"WebSite","@id":"https:\/\/hubsch-interior.com\/de\/#website","url":"https:\/\/hubsch-interior.com\/de\/","name":"H\u00fcbsch","description":"Danish Home Interior and Design","publisher":{"@id":"https:\/\/hubsch-interior.com\/de\/#organization"},"potentialAction":[{"@type":"SearchAction","target":{"@type":"EntryPoint","urlTemplate":"https:\/\/hubsch-interior.com\/de\/?s={search_term_string}"},"query-input":{"@type":"PropertyValueSpecification","valueRequired":true,"valueName":"search_term_string"}}],"inLanguage":"de"},{"@type":"Organization","@id":"https:\/\/hubsch-interior.com\/de\/#organization","name":"H\u00fcbsch","url":"https:\/\/hubsch-interior.com\/de\/","logo":{"@type":"ImageObject","inLanguage":"de","@id":"https:\/\/hubsch-interior.com\/de\/#\/schema\/logo\/image\/","url":"https:\/\/hubsch-interior.com\/wp-content\/uploads\/2022\/12\/Hubsch_logo_black_one_line.svg","contentUrl":"https:\/\/hubsch-interior.com\/wp-content\/uploads\/2022\/12\/Hubsch_logo_black_one_line.svg","caption":"H\u00fcbsch"},"image":{"@id":"https:\/\/hubsch-interior.com\/de\/#\/schema\/logo\/image\/"}}]}},"_links":{"self":[{"href":"https:\/\/hubsch-interior.com\/de\/wp-json\/wp\/v2\/product\/41087","targetHints":{"allow":["GET"]}}],"collection":[{"href":"https:\/\/hubsch-interior.com\/de\/wp-json\/wp\/v2\/product"}],"about":[{"href":"https:\/\/hubsch-interior.com\/de\/wp-json\/wp\/v2\/types\/product"}],"wp:featuredmedia":[{"embeddable":true,"href":"https:\/\/hubsch-interior.com\/de\/wp-json\/wp\/v2\/media\/1113032"}],"wp:attachment":[{"href":"https:\/\/hubsch-interior.com\/de\/wp-json\/wp\/v2\/media?parent=41087"}],"wp:term":[{"taxonomy":"product_brand","embeddable":true,"href":"https:\/\/hubsch-interior.com\/de\/wp-json\/wp\/v2\/product_brand?post=41087"},{"taxonomy":"product_cat","embeddable":true,"href":"https:\/\/hubsch-interior.com\/de\/wp-json\/wp\/v2\/product_cat?post=41087"},{"taxonomy":"product_tag","embeddable":true,"href":"https:\/\/hubsch-interior.com\/de\/wp-json\/wp\/v2\/product_tag?post=41087"}],"curies":[{"name":"wp","href":"https:\/\/api.w.org\/{rel}","templated":true}]}}