{"id":41103,"date":"2020-12-15T09:58:39","date_gmt":"2020-12-15T08:58:39","guid":{"rendered":"https:\/\/hubsch-interior.com\/product\/product-51\/"},"modified":"2026-04-09T05:15:14","modified_gmt":"2026-04-09T03:15:14","slug":"fuse-wandleuchte-nickel","status":"publish","type":"product","link":"https:\/\/hubsch-interior.com\/de\/produkt\/fuse-wandleuchte-nickel\/","title":{"rendered":"Fuse Wandleuchte Nickel"},"content":{"rendered":"<p>Die Fuse Wandlampe in Nickel ist ein modernes, funktionales Design. Hergestellt aus Metall, es ist langlebig und verleiht jedem Raum einen Hauch von Eleganz. Die Wandlampe ist einfach anzubringen und verf\u00fcgt \u00fcber ein elegantes Design, das eine angenehme Atmosph\u00e4re schafft. Sie ist die perfekte Erg\u00e4nzung f\u00fcr jeden modernen Wohnraum. Genie\u00dfen Sie die stilvolle Beleuchtung, die diese Wandlampe bietet.<\/p>\n","protected":false},"excerpt":{"rendered":"<p>Die Fuse Wandlampe in Nickel ist ein modernes, funktionales Design. Hergestellt aus Metall, es ist langlebig und verleiht jedem Raum einen Hauch von Eleganz. Die Wandlampe ist einfach anzubringen und verf\u00fcgt \u00fcber ein elegantes Design, das eine angenehme Atmosph\u00e4re schafft. Sie ist die perfekte Erg\u00e4nzung f\u00fcr jeden modernen Wohnraum. Genie\u00dfen Sie die stilvolle Beleuchtung, die [&hellip;]<\/p>\n","protected":false},"featured_media":1109640,"template":"","meta":{"_acf_changed":false,"inline_featured_image":false},"product_brand":[],"product_cat":[3809,3409],"product_tag":[],"class_list":{"0":"post-41103","1":"product","2":"type-product","3":"status-publish","4":"has-post-thumbnail","6":"product_cat-beleuchtung","7":"product_cat-wandlampen-de","8":"product_shipping_class-pk","10":"pa_color-nickel-de","11":"pa_material-eisen-de","13":"first","14":"instock","15":"taxable","16":"shipping-taxable","17":"purchasable","18":"product-type-simple"},"exclude_global_add_ons":[],"addons":[],"acf":[],"yoast_head":"<!-- This site is optimized with the Yoast SEO plugin v26.4 - https:\/\/yoast.com\/wordpress\/plugins\/seo\/ -->\n<title>Fuse Wandleuchte Nickel - H\u00fcbsch<\/title>\n<meta name=\"description\" content=\"Die Fuse Wandlampe in Nickel ist ein modernes, funktionales Design. Hergestellt aus Metall, es ist langlebig und verleiht jedem Raum einen Hauch von\" \/>\n<meta name=\"robots\" content=\"index, follow, max-snippet:-1, max-image-preview:large, max-video-preview:-1\" \/>\n<link rel=\"canonical\" href=\"https:\/\/hubsch-interior.com\/de\/wp-json\/wp\/v2\/product\/41103\" \/>\n<meta property=\"og:locale\" content=\"de_DE\" \/>\n<meta property=\"og:type\" content=\"article\" \/>\n<meta property=\"og:title\" content=\"Fuse Wandleuchte Nickel - H\u00fcbsch\" \/>\n<meta property=\"og:description\" content=\"Die Fuse Wandlampe in Nickel ist ein modernes, funktionales Design. Hergestellt aus Metall, es ist langlebig und verleiht jedem Raum einen Hauch von\" \/>\n<meta property=\"og:url\" content=\"https:\/\/hubsch-interior.com\/de\/produkt\/fuse-wandleuchte-nickel\/\" \/>\n<meta property=\"og:site_name\" content=\"H\u00fcbsch\" \/>\n<meta property=\"article:modified_time\" content=\"2026-04-09T03:15:14+00:00\" \/>\n<meta property=\"og:image\" content=\"https:\/\/hubsch-interior.com\/wp-content\/uploads\/2024\/01\/fuse-wall-lamp-nickel-9ba2e0f5b220e351fff0ab34d9e7ad8e.jpg\" \/>\n\t<meta property=\"og:image:width\" content=\"1200\" \/>\n\t<meta property=\"og:image:height\" content=\"1200\" \/>\n\t<meta property=\"og:image:type\" content=\"image\/jpeg\" \/>\n<meta name=\"twitter:card\" content=\"summary_large_image\" \/>\n<script type=\"application\/ld+json\" class=\"yoast-schema-graph\">{\"@context\":\"https:\/\/schema.org\",\"@graph\":[{\"@type\":\"WebPage\",\"@id\":\"https:\/\/hubsch-interior.com\/de\/produkt\/fuse-wandleuchte-nickel\/\",\"url\":\"https:\/\/hubsch-interior.com\/de\/produkt\/fuse-wandleuchte-nickel\/\",\"name\":\"Fuse Wandleuchte Nickel - H\u00fcbsch\",\"isPartOf\":{\"@id\":\"https:\/\/hubsch-interior.com\/de\/#website\"},\"primaryImageOfPage\":{\"@id\":\"https:\/\/hubsch-interior.com\/de\/produkt\/fuse-wandleuchte-nickel\/#primaryimage\"},\"image\":{\"@id\":\"https:\/\/hubsch-interior.com\/de\/produkt\/fuse-wandleuchte-nickel\/#primaryimage\"},\"thumbnailUrl\":\"https:\/\/hubsch-interior.com\/wp-content\/uploads\/2026\/02\/fuse-wall-light-nickel-b4aeb6ef0c0614f195c986fd29d5a1e3.jpg\",\"datePublished\":\"2020-12-15T08:58:39+00:00\",\"dateModified\":\"2026-04-09T03:15:14+00:00\",\"description\":\"Die Fuse Wandlampe in Nickel ist ein modernes, funktionales Design. Hergestellt aus Metall, es ist langlebig und verleiht jedem Raum einen Hauch von\",\"breadcrumb\":{\"@id\":\"https:\/\/hubsch-interior.com\/de\/produkt\/fuse-wandleuchte-nickel\/#breadcrumb\"},\"inLanguage\":\"de\",\"potentialAction\":[{\"@type\":\"ReadAction\",\"target\":[\"https:\/\/hubsch-interior.com\/de\/produkt\/fuse-wandleuchte-nickel\/\"]}]},{\"@type\":\"ImageObject\",\"inLanguage\":\"de\",\"@id\":\"https:\/\/hubsch-interior.com\/de\/produkt\/fuse-wandleuchte-nickel\/#primaryimage\",\"url\":\"https:\/\/hubsch-interior.com\/wp-content\/uploads\/2026\/02\/fuse-wall-light-nickel-b4aeb6ef0c0614f195c986fd29d5a1e3.jpg\",\"contentUrl\":\"https:\/\/hubsch-interior.com\/wp-content\/uploads\/2026\/02\/fuse-wall-light-nickel-b4aeb6ef0c0614f195c986fd29d5a1e3.jpg\",\"width\":1024,\"height\":1024},{\"@type\":\"BreadcrumbList\",\"@id\":\"https:\/\/hubsch-interior.com\/de\/produkt\/fuse-wandleuchte-nickel\/#breadcrumb\",\"itemListElement\":[{\"@type\":\"ListItem\",\"position\":1,\"name\":\"Startseite\",\"item\":\"https:\/\/hubsch-interior.com\/de\/\"},{\"@type\":\"ListItem\",\"position\":2,\"name\":\"Produkte\",\"item\":\"https:\/\/hubsch-interior.com\/de\/shop-2\/\"},{\"@type\":\"ListItem\",\"position\":3,\"name\":\"Beleuchtung\",\"item\":\"https:\/\/hubsch-interior.com\/de\/produkt-kategorie\/beleuchtung\/\"},{\"@type\":\"ListItem\",\"position\":4,\"name\":\"Wandlampen\",\"item\":\"https:\/\/hubsch-interior.com\/de\/produkt-kategorie\/beleuchtung\/wandlampen-de\/\"},{\"@type\":\"ListItem\",\"position\":5,\"name\":\"Fuse Wandleuchte Nickel\"}]},{\"@type\":\"WebSite\",\"@id\":\"https:\/\/hubsch-interior.com\/de\/#website\",\"url\":\"https:\/\/hubsch-interior.com\/de\/\",\"name\":\"H\u00fcbsch\",\"description\":\"Danish Home Interior and Design\",\"publisher\":{\"@id\":\"https:\/\/hubsch-interior.com\/de\/#organization\"},\"potentialAction\":[{\"@type\":\"SearchAction\",\"target\":{\"@type\":\"EntryPoint\",\"urlTemplate\":\"https:\/\/hubsch-interior.com\/de\/?s={search_term_string}\"},\"query-input\":{\"@type\":\"PropertyValueSpecification\",\"valueRequired\":true,\"valueName\":\"search_term_string\"}}],\"inLanguage\":\"de\"},{\"@type\":\"Organization\",\"@id\":\"https:\/\/hubsch-interior.com\/de\/#organization\",\"name\":\"H\u00fcbsch\",\"url\":\"https:\/\/hubsch-interior.com\/de\/\",\"logo\":{\"@type\":\"ImageObject\",\"inLanguage\":\"de\",\"@id\":\"https:\/\/hubsch-interior.com\/de\/#\/schema\/logo\/image\/\",\"url\":\"https:\/\/hubsch-interior.com\/wp-content\/uploads\/2022\/12\/Hubsch_logo_black_one_line.svg\",\"contentUrl\":\"https:\/\/hubsch-interior.com\/wp-content\/uploads\/2022\/12\/Hubsch_logo_black_one_line.svg\",\"caption\":\"H\u00fcbsch\"},\"image\":{\"@id\":\"https:\/\/hubsch-interior.com\/de\/#\/schema\/logo\/image\/\"}}]}<\/script>\n<!-- \/ Yoast SEO plugin. -->","yoast_head_json":{"title":"Fuse Wandleuchte Nickel - H\u00fcbsch","description":"Die Fuse Wandlampe in Nickel ist ein modernes, funktionales Design. Hergestellt aus Metall, es ist langlebig und verleiht jedem Raum einen Hauch von","robots":{"index":"index","follow":"follow","max-snippet":"max-snippet:-1","max-image-preview":"max-image-preview:large","max-video-preview":"max-video-preview:-1"},"canonical":"https:\/\/hubsch-interior.com\/de\/wp-json\/wp\/v2\/product\/41103","og_locale":"de_DE","og_type":"article","og_title":"Fuse Wandleuchte Nickel - H\u00fcbsch","og_description":"Die Fuse Wandlampe in Nickel ist ein modernes, funktionales Design. Hergestellt aus Metall, es ist langlebig und verleiht jedem Raum einen Hauch von","og_url":"https:\/\/hubsch-interior.com\/de\/produkt\/fuse-wandleuchte-nickel\/","og_site_name":"H\u00fcbsch","article_modified_time":"2026-04-09T03:15:14+00:00","og_image":[{"width":1200,"height":1200,"url":"https:\/\/hubsch-interior.com\/wp-content\/uploads\/2024\/01\/fuse-wall-lamp-nickel-9ba2e0f5b220e351fff0ab34d9e7ad8e.jpg","type":"image\/jpeg"}],"twitter_card":"summary_large_image","schema":{"@context":"https:\/\/schema.org","@graph":[{"@type":"WebPage","@id":"https:\/\/hubsch-interior.com\/de\/produkt\/fuse-wandleuchte-nickel\/","url":"https:\/\/hubsch-interior.com\/de\/produkt\/fuse-wandleuchte-nickel\/","name":"Fuse Wandleuchte Nickel - H\u00fcbsch","isPartOf":{"@id":"https:\/\/hubsch-interior.com\/de\/#website"},"primaryImageOfPage":{"@id":"https:\/\/hubsch-interior.com\/de\/produkt\/fuse-wandleuchte-nickel\/#primaryimage"},"image":{"@id":"https:\/\/hubsch-interior.com\/de\/produkt\/fuse-wandleuchte-nickel\/#primaryimage"},"thumbnailUrl":"https:\/\/hubsch-interior.com\/wp-content\/uploads\/2026\/02\/fuse-wall-light-nickel-b4aeb6ef0c0614f195c986fd29d5a1e3.jpg","datePublished":"2020-12-15T08:58:39+00:00","dateModified":"2026-04-09T03:15:14+00:00","description":"Die Fuse Wandlampe in Nickel ist ein modernes, funktionales Design. Hergestellt aus Metall, es ist langlebig und verleiht jedem Raum einen Hauch von","breadcrumb":{"@id":"https:\/\/hubsch-interior.com\/de\/produkt\/fuse-wandleuchte-nickel\/#breadcrumb"},"inLanguage":"de","potentialAction":[{"@type":"ReadAction","target":["https:\/\/hubsch-interior.com\/de\/produkt\/fuse-wandleuchte-nickel\/"]}]},{"@type":"ImageObject","inLanguage":"de","@id":"https:\/\/hubsch-interior.com\/de\/produkt\/fuse-wandleuchte-nickel\/#primaryimage","url":"https:\/\/hubsch-interior.com\/wp-content\/uploads\/2026\/02\/fuse-wall-light-nickel-b4aeb6ef0c0614f195c986fd29d5a1e3.jpg","contentUrl":"https:\/\/hubsch-interior.com\/wp-content\/uploads\/2026\/02\/fuse-wall-light-nickel-b4aeb6ef0c0614f195c986fd29d5a1e3.jpg","width":1024,"height":1024},{"@type":"BreadcrumbList","@id":"https:\/\/hubsch-interior.com\/de\/produkt\/fuse-wandleuchte-nickel\/#breadcrumb","itemListElement":[{"@type":"ListItem","position":1,"name":"Startseite","item":"https:\/\/hubsch-interior.com\/de\/"},{"@type":"ListItem","position":2,"name":"Produkte","item":"https:\/\/hubsch-interior.com\/de\/shop-2\/"},{"@type":"ListItem","position":3,"name":"Beleuchtung","item":"https:\/\/hubsch-interior.com\/de\/produkt-kategorie\/beleuchtung\/"},{"@type":"ListItem","position":4,"name":"Wandlampen","item":"https:\/\/hubsch-interior.com\/de\/produkt-kategorie\/beleuchtung\/wandlampen-de\/"},{"@type":"ListItem","position":5,"name":"Fuse Wandleuchte Nickel"}]},{"@type":"WebSite","@id":"https:\/\/hubsch-interior.com\/de\/#website","url":"https:\/\/hubsch-interior.com\/de\/","name":"H\u00fcbsch","description":"Danish Home Interior and Design","publisher":{"@id":"https:\/\/hubsch-interior.com\/de\/#organization"},"potentialAction":[{"@type":"SearchAction","target":{"@type":"EntryPoint","urlTemplate":"https:\/\/hubsch-interior.com\/de\/?s={search_term_string}"},"query-input":{"@type":"PropertyValueSpecification","valueRequired":true,"valueName":"search_term_string"}}],"inLanguage":"de"},{"@type":"Organization","@id":"https:\/\/hubsch-interior.com\/de\/#organization","name":"H\u00fcbsch","url":"https:\/\/hubsch-interior.com\/de\/","logo":{"@type":"ImageObject","inLanguage":"de","@id":"https:\/\/hubsch-interior.com\/de\/#\/schema\/logo\/image\/","url":"https:\/\/hubsch-interior.com\/wp-content\/uploads\/2022\/12\/Hubsch_logo_black_one_line.svg","contentUrl":"https:\/\/hubsch-interior.com\/wp-content\/uploads\/2022\/12\/Hubsch_logo_black_one_line.svg","caption":"H\u00fcbsch"},"image":{"@id":"https:\/\/hubsch-interior.com\/de\/#\/schema\/logo\/image\/"}}]}},"_links":{"self":[{"href":"https:\/\/hubsch-interior.com\/de\/wp-json\/wp\/v2\/product\/41103","targetHints":{"allow":["GET"]}}],"collection":[{"href":"https:\/\/hubsch-interior.com\/de\/wp-json\/wp\/v2\/product"}],"about":[{"href":"https:\/\/hubsch-interior.com\/de\/wp-json\/wp\/v2\/types\/product"}],"wp:featuredmedia":[{"embeddable":true,"href":"https:\/\/hubsch-interior.com\/de\/wp-json\/wp\/v2\/media\/1109640"}],"wp:attachment":[{"href":"https:\/\/hubsch-interior.com\/de\/wp-json\/wp\/v2\/media?parent=41103"}],"wp:term":[{"taxonomy":"product_brand","embeddable":true,"href":"https:\/\/hubsch-interior.com\/de\/wp-json\/wp\/v2\/product_brand?post=41103"},{"taxonomy":"product_cat","embeddable":true,"href":"https:\/\/hubsch-interior.com\/de\/wp-json\/wp\/v2\/product_cat?post=41103"},{"taxonomy":"product_tag","embeddable":true,"href":"https:\/\/hubsch-interior.com\/de\/wp-json\/wp\/v2\/product_tag?post=41103"}],"curies":[{"name":"wp","href":"https:\/\/api.w.org\/{rel}","templated":true}]}}