{"id":41135,"date":"2020-12-15T09:58:42","date_gmt":"2020-12-15T08:58:42","guid":{"rendered":"https:\/\/hubsch-interior.com\/product\/product-52\/"},"modified":"2026-04-09T05:15:17","modified_gmt":"2026-04-09T03:15:17","slug":"origami-buchstutze-orange","status":"publish","type":"product","link":"https:\/\/hubsch-interior.com\/de\/produkt\/origami-buchstutze-orange\/","title":{"rendered":"Origami Buchst\u00fctze Orange"},"content":{"rendered":"<p>Die Origami Buchst\u00fctze Orange ist die perfekte Erg\u00e4nzung f\u00fcr Ihr Zuhause. Sie ist aus robustem Metall gefertigt und verleiht Ihrem Raum ein modernes Design. Dank der originellen Form k\u00f6nnen Sie Ihre B\u00fccher und Zeitschriften in jeder Lage aufstellen. Mit diesem Produkt k\u00f6nnen Sie Ihrem Zimmer ein bisschen mehr Farbe und Abwechslung verleihen. Einfach aussehen und einfach zu handhaben &#8211; die Origami Buchst\u00fctze Orange ist die perfekte Wahl f\u00fcr jeden, der Stil und Komfort sucht.<\/p>\n","protected":false},"excerpt":{"rendered":"<p>Die Origami Buchst\u00fctze Orange ist die perfekte Erg\u00e4nzung f\u00fcr Ihr Zuhause. Sie ist aus robustem Metall gefertigt und verleiht Ihrem Raum ein modernes Design. Dank der originellen Form k\u00f6nnen Sie Ihre B\u00fccher und Zeitschriften in jeder Lage aufstellen. Mit diesem Produkt k\u00f6nnen Sie Ihrem Zimmer ein bisschen mehr Farbe und Abwechslung verleihen. Einfach aussehen und [&hellip;]<\/p>\n","protected":false},"featured_media":1113056,"template":"","meta":{"_acf_changed":false,"inline_featured_image":false},"product_brand":[],"product_cat":[4155,4160,5027],"product_tag":[],"class_list":{"0":"post-41135","1":"product","2":"type-product","3":"status-publish","4":"has-post-thumbnail","6":"product_cat-buero-de","7":"product_cat-buchstuetze-de","8":"product_cat-bestsellers-de","9":"product_shipping_class-pk","11":"pa_color-orange-de","12":"pa_material-eisen-de","14":"first","15":"instock","16":"featured","17":"taxable","18":"shipping-taxable","19":"purchasable","20":"product-type-simple"},"exclude_global_add_ons":[],"addons":[],"acf":[],"yoast_head":"<!-- This site is optimized with the Yoast SEO plugin v26.4 - https:\/\/yoast.com\/wordpress\/plugins\/seo\/ -->\n<title>Origami Buchst\u00fctze Orange - H\u00fcbsch<\/title>\n<meta name=\"description\" content=\"Die Origami Buchst\u00fctze Orange ist die perfekte Erg\u00e4nzung f\u00fcr Ihr Zuhause. Sie ist aus robustem Metall gefertigt und verleiht Ihrem Raum ein modernes\" \/>\n<meta name=\"robots\" content=\"index, follow, max-snippet:-1, max-image-preview:large, max-video-preview:-1\" \/>\n<link rel=\"canonical\" href=\"https:\/\/hubsch-interior.com\/de\/wp-json\/wp\/v2\/product\/41135\" \/>\n<meta property=\"og:locale\" content=\"de_DE\" \/>\n<meta property=\"og:type\" content=\"article\" \/>\n<meta property=\"og:title\" content=\"Origami Buchst\u00fctze Orange - H\u00fcbsch\" \/>\n<meta property=\"og:description\" content=\"Die Origami Buchst\u00fctze Orange ist die perfekte Erg\u00e4nzung f\u00fcr Ihr Zuhause. Sie ist aus robustem Metall gefertigt und verleiht Ihrem Raum ein modernes\" \/>\n<meta property=\"og:url\" content=\"https:\/\/hubsch-interior.com\/de\/produkt\/origami-buchstutze-orange\/\" \/>\n<meta property=\"og:site_name\" content=\"H\u00fcbsch\" \/>\n<meta property=\"article:modified_time\" content=\"2026-04-09T03:15:17+00:00\" \/>\n<meta property=\"og:image\" content=\"https:\/\/hubsch-interior.com\/wp-content\/uploads\/2025\/05\/origami-bookend-orange-c28551e38689f676567d321384561789.jpg\" \/>\n\t<meta property=\"og:image:width\" content=\"1200\" \/>\n\t<meta property=\"og:image:height\" content=\"1200\" \/>\n\t<meta property=\"og:image:type\" content=\"image\/jpeg\" \/>\n<meta name=\"twitter:card\" content=\"summary_large_image\" \/>\n<script type=\"application\/ld+json\" class=\"yoast-schema-graph\">{\"@context\":\"https:\/\/schema.org\",\"@graph\":[{\"@type\":\"WebPage\",\"@id\":\"https:\/\/hubsch-interior.com\/de\/produkt\/origami-buchstutze-orange\/\",\"url\":\"https:\/\/hubsch-interior.com\/de\/produkt\/origami-buchstutze-orange\/\",\"name\":\"Origami Buchst\u00fctze Orange - H\u00fcbsch\",\"isPartOf\":{\"@id\":\"https:\/\/hubsch-interior.com\/de\/#website\"},\"primaryImageOfPage\":{\"@id\":\"https:\/\/hubsch-interior.com\/de\/produkt\/origami-buchstutze-orange\/#primaryimage\"},\"image\":{\"@id\":\"https:\/\/hubsch-interior.com\/de\/produkt\/origami-buchstutze-orange\/#primaryimage\"},\"thumbnailUrl\":\"https:\/\/hubsch-interior.com\/wp-content\/uploads\/2026\/02\/origami-bookend-orange-8ceaeb7a2e77fd7570d1466d79731699.jpg\",\"datePublished\":\"2020-12-15T08:58:42+00:00\",\"dateModified\":\"2026-04-09T03:15:17+00:00\",\"description\":\"Die Origami Buchst\u00fctze Orange ist die perfekte Erg\u00e4nzung f\u00fcr Ihr Zuhause. Sie ist aus robustem Metall gefertigt und verleiht Ihrem Raum ein modernes\",\"breadcrumb\":{\"@id\":\"https:\/\/hubsch-interior.com\/de\/produkt\/origami-buchstutze-orange\/#breadcrumb\"},\"inLanguage\":\"de\",\"potentialAction\":[{\"@type\":\"ReadAction\",\"target\":[\"https:\/\/hubsch-interior.com\/de\/produkt\/origami-buchstutze-orange\/\"]}]},{\"@type\":\"ImageObject\",\"inLanguage\":\"de\",\"@id\":\"https:\/\/hubsch-interior.com\/de\/produkt\/origami-buchstutze-orange\/#primaryimage\",\"url\":\"https:\/\/hubsch-interior.com\/wp-content\/uploads\/2026\/02\/origami-bookend-orange-8ceaeb7a2e77fd7570d1466d79731699.jpg\",\"contentUrl\":\"https:\/\/hubsch-interior.com\/wp-content\/uploads\/2026\/02\/origami-bookend-orange-8ceaeb7a2e77fd7570d1466d79731699.jpg\",\"width\":1024,\"height\":1024},{\"@type\":\"BreadcrumbList\",\"@id\":\"https:\/\/hubsch-interior.com\/de\/produkt\/origami-buchstutze-orange\/#breadcrumb\",\"itemListElement\":[{\"@type\":\"ListItem\",\"position\":1,\"name\":\"Startseite\",\"item\":\"https:\/\/hubsch-interior.com\/de\/\"},{\"@type\":\"ListItem\",\"position\":2,\"name\":\"Produkte\",\"item\":\"https:\/\/hubsch-interior.com\/de\/shop-2\/\"},{\"@type\":\"ListItem\",\"position\":3,\"name\":\"Wohnaccessoires\",\"item\":\"https:\/\/hubsch-interior.com\/de\/produkt-kategorie\/wohnaccessoires\/\"},{\"@type\":\"ListItem\",\"position\":4,\"name\":\"B&uuml;ro\",\"item\":\"https:\/\/hubsch-interior.com\/de\/produkt-kategorie\/wohnaccessoires\/buero-de\/\"},{\"@type\":\"ListItem\",\"position\":5,\"name\":\"Buchst&uuml;tze\",\"item\":\"https:\/\/hubsch-interior.com\/de\/produkt-kategorie\/wohnaccessoires\/buero-de\/buchstuetze-de\/\"},{\"@type\":\"ListItem\",\"position\":6,\"name\":\"Origami Buchst\u00fctze Orange\"}]},{\"@type\":\"WebSite\",\"@id\":\"https:\/\/hubsch-interior.com\/de\/#website\",\"url\":\"https:\/\/hubsch-interior.com\/de\/\",\"name\":\"H\u00fcbsch\",\"description\":\"Danish Home Interior and Design\",\"publisher\":{\"@id\":\"https:\/\/hubsch-interior.com\/de\/#organization\"},\"potentialAction\":[{\"@type\":\"SearchAction\",\"target\":{\"@type\":\"EntryPoint\",\"urlTemplate\":\"https:\/\/hubsch-interior.com\/de\/?s={search_term_string}\"},\"query-input\":{\"@type\":\"PropertyValueSpecification\",\"valueRequired\":true,\"valueName\":\"search_term_string\"}}],\"inLanguage\":\"de\"},{\"@type\":\"Organization\",\"@id\":\"https:\/\/hubsch-interior.com\/de\/#organization\",\"name\":\"H\u00fcbsch\",\"url\":\"https:\/\/hubsch-interior.com\/de\/\",\"logo\":{\"@type\":\"ImageObject\",\"inLanguage\":\"de\",\"@id\":\"https:\/\/hubsch-interior.com\/de\/#\/schema\/logo\/image\/\",\"url\":\"https:\/\/hubsch-interior.com\/wp-content\/uploads\/2022\/12\/Hubsch_logo_black_one_line.svg\",\"contentUrl\":\"https:\/\/hubsch-interior.com\/wp-content\/uploads\/2022\/12\/Hubsch_logo_black_one_line.svg\",\"caption\":\"H\u00fcbsch\"},\"image\":{\"@id\":\"https:\/\/hubsch-interior.com\/de\/#\/schema\/logo\/image\/\"}}]}<\/script>\n<!-- \/ Yoast SEO plugin. -->","yoast_head_json":{"title":"Origami Buchst\u00fctze Orange - H\u00fcbsch","description":"Die Origami Buchst\u00fctze Orange ist die perfekte Erg\u00e4nzung f\u00fcr Ihr Zuhause. Sie ist aus robustem Metall gefertigt und verleiht Ihrem Raum ein modernes","robots":{"index":"index","follow":"follow","max-snippet":"max-snippet:-1","max-image-preview":"max-image-preview:large","max-video-preview":"max-video-preview:-1"},"canonical":"https:\/\/hubsch-interior.com\/de\/wp-json\/wp\/v2\/product\/41135","og_locale":"de_DE","og_type":"article","og_title":"Origami Buchst\u00fctze Orange - H\u00fcbsch","og_description":"Die Origami Buchst\u00fctze Orange ist die perfekte Erg\u00e4nzung f\u00fcr Ihr Zuhause. Sie ist aus robustem Metall gefertigt und verleiht Ihrem Raum ein modernes","og_url":"https:\/\/hubsch-interior.com\/de\/produkt\/origami-buchstutze-orange\/","og_site_name":"H\u00fcbsch","article_modified_time":"2026-04-09T03:15:17+00:00","og_image":[{"width":1200,"height":1200,"url":"https:\/\/hubsch-interior.com\/wp-content\/uploads\/2025\/05\/origami-bookend-orange-c28551e38689f676567d321384561789.jpg","type":"image\/jpeg"}],"twitter_card":"summary_large_image","schema":{"@context":"https:\/\/schema.org","@graph":[{"@type":"WebPage","@id":"https:\/\/hubsch-interior.com\/de\/produkt\/origami-buchstutze-orange\/","url":"https:\/\/hubsch-interior.com\/de\/produkt\/origami-buchstutze-orange\/","name":"Origami Buchst\u00fctze Orange - H\u00fcbsch","isPartOf":{"@id":"https:\/\/hubsch-interior.com\/de\/#website"},"primaryImageOfPage":{"@id":"https:\/\/hubsch-interior.com\/de\/produkt\/origami-buchstutze-orange\/#primaryimage"},"image":{"@id":"https:\/\/hubsch-interior.com\/de\/produkt\/origami-buchstutze-orange\/#primaryimage"},"thumbnailUrl":"https:\/\/hubsch-interior.com\/wp-content\/uploads\/2026\/02\/origami-bookend-orange-8ceaeb7a2e77fd7570d1466d79731699.jpg","datePublished":"2020-12-15T08:58:42+00:00","dateModified":"2026-04-09T03:15:17+00:00","description":"Die Origami Buchst\u00fctze Orange ist die perfekte Erg\u00e4nzung f\u00fcr Ihr Zuhause. Sie ist aus robustem Metall gefertigt und verleiht Ihrem Raum ein modernes","breadcrumb":{"@id":"https:\/\/hubsch-interior.com\/de\/produkt\/origami-buchstutze-orange\/#breadcrumb"},"inLanguage":"de","potentialAction":[{"@type":"ReadAction","target":["https:\/\/hubsch-interior.com\/de\/produkt\/origami-buchstutze-orange\/"]}]},{"@type":"ImageObject","inLanguage":"de","@id":"https:\/\/hubsch-interior.com\/de\/produkt\/origami-buchstutze-orange\/#primaryimage","url":"https:\/\/hubsch-interior.com\/wp-content\/uploads\/2026\/02\/origami-bookend-orange-8ceaeb7a2e77fd7570d1466d79731699.jpg","contentUrl":"https:\/\/hubsch-interior.com\/wp-content\/uploads\/2026\/02\/origami-bookend-orange-8ceaeb7a2e77fd7570d1466d79731699.jpg","width":1024,"height":1024},{"@type":"BreadcrumbList","@id":"https:\/\/hubsch-interior.com\/de\/produkt\/origami-buchstutze-orange\/#breadcrumb","itemListElement":[{"@type":"ListItem","position":1,"name":"Startseite","item":"https:\/\/hubsch-interior.com\/de\/"},{"@type":"ListItem","position":2,"name":"Produkte","item":"https:\/\/hubsch-interior.com\/de\/shop-2\/"},{"@type":"ListItem","position":3,"name":"Wohnaccessoires","item":"https:\/\/hubsch-interior.com\/de\/produkt-kategorie\/wohnaccessoires\/"},{"@type":"ListItem","position":4,"name":"B&uuml;ro","item":"https:\/\/hubsch-interior.com\/de\/produkt-kategorie\/wohnaccessoires\/buero-de\/"},{"@type":"ListItem","position":5,"name":"Buchst&uuml;tze","item":"https:\/\/hubsch-interior.com\/de\/produkt-kategorie\/wohnaccessoires\/buero-de\/buchstuetze-de\/"},{"@type":"ListItem","position":6,"name":"Origami Buchst\u00fctze Orange"}]},{"@type":"WebSite","@id":"https:\/\/hubsch-interior.com\/de\/#website","url":"https:\/\/hubsch-interior.com\/de\/","name":"H\u00fcbsch","description":"Danish Home Interior and Design","publisher":{"@id":"https:\/\/hubsch-interior.com\/de\/#organization"},"potentialAction":[{"@type":"SearchAction","target":{"@type":"EntryPoint","urlTemplate":"https:\/\/hubsch-interior.com\/de\/?s={search_term_string}"},"query-input":{"@type":"PropertyValueSpecification","valueRequired":true,"valueName":"search_term_string"}}],"inLanguage":"de"},{"@type":"Organization","@id":"https:\/\/hubsch-interior.com\/de\/#organization","name":"H\u00fcbsch","url":"https:\/\/hubsch-interior.com\/de\/","logo":{"@type":"ImageObject","inLanguage":"de","@id":"https:\/\/hubsch-interior.com\/de\/#\/schema\/logo\/image\/","url":"https:\/\/hubsch-interior.com\/wp-content\/uploads\/2022\/12\/Hubsch_logo_black_one_line.svg","contentUrl":"https:\/\/hubsch-interior.com\/wp-content\/uploads\/2022\/12\/Hubsch_logo_black_one_line.svg","caption":"H\u00fcbsch"},"image":{"@id":"https:\/\/hubsch-interior.com\/de\/#\/schema\/logo\/image\/"}}]}},"_links":{"self":[{"href":"https:\/\/hubsch-interior.com\/de\/wp-json\/wp\/v2\/product\/41135","targetHints":{"allow":["GET"]}}],"collection":[{"href":"https:\/\/hubsch-interior.com\/de\/wp-json\/wp\/v2\/product"}],"about":[{"href":"https:\/\/hubsch-interior.com\/de\/wp-json\/wp\/v2\/types\/product"}],"wp:featuredmedia":[{"embeddable":true,"href":"https:\/\/hubsch-interior.com\/de\/wp-json\/wp\/v2\/media\/1113056"}],"wp:attachment":[{"href":"https:\/\/hubsch-interior.com\/de\/wp-json\/wp\/v2\/media?parent=41135"}],"wp:term":[{"taxonomy":"product_brand","embeddable":true,"href":"https:\/\/hubsch-interior.com\/de\/wp-json\/wp\/v2\/product_brand?post=41135"},{"taxonomy":"product_cat","embeddable":true,"href":"https:\/\/hubsch-interior.com\/de\/wp-json\/wp\/v2\/product_cat?post=41135"},{"taxonomy":"product_tag","embeddable":true,"href":"https:\/\/hubsch-interior.com\/de\/wp-json\/wp\/v2\/product_tag?post=41135"}],"curies":[{"name":"wp","href":"https:\/\/api.w.org\/{rel}","templated":true}]}}