{"id":694037,"date":"2021-08-31T09:29:23","date_gmt":"2021-08-31T07:29:23","guid":{"rendered":"https:\/\/hubsch-interior.com\/shop-b2c\/product\/product\/"},"modified":"2026-04-08T04:23:14","modified_gmt":"2026-04-08T02:23:14","slug":"ontop-hangetopfe-weis","status":"publish","type":"product","link":"https:\/\/hubsch-interior.com\/de\/produkt\/ontop-hangetopfe-weis\/","title":{"rendered":"Ontop H\u00e4nget\u00f6pfe Wei\u00df"},"content":{"rendered":"<p>Die Ontop H\u00e4nget\u00f6pfe Wei\u00df\/Naturfarben sind ein besonderes Produkt. Sie bestehen aus Keramik und Kupfer und haben ein Lederband, sodass sie einfach aufzuh\u00e4ngen sind. Sie sind doppelt und in Wei\u00df und Naturfarben erh\u00e4ltlich, sodass Sie sie in Ihrem Zuhause leicht anpassen k\u00f6nnen. Die H\u00e4nget\u00f6pfe sind so konzipiert, dass sie jedem Interieur ein besonderes Element hinzuf\u00fcgen. Genie\u00dfen Sie ein einzigartiges Erlebnis mit Ontop H\u00e4nget\u00f6pfe Wei\u00df\/Naturfarben!<\/p>\n","protected":false},"excerpt":{"rendered":"<p>Die Ontop H\u00e4nget\u00f6pfe Wei\u00df\/Naturfarben sind ein besonderes Produkt. Sie bestehen aus Keramik und Kupfer und haben ein Lederband, sodass sie einfach aufzuh\u00e4ngen sind. Sie sind doppelt und in Wei\u00df und Naturfarben erh\u00e4ltlich, sodass Sie sie in Ihrem Zuhause leicht anpassen k\u00f6nnen. Die H\u00e4nget\u00f6pfe sind so konzipiert, dass sie jedem Interieur ein besonderes Element hinzuf\u00fcgen. Genie\u00dfen [&hellip;]<\/p>\n","protected":false},"featured_media":1095286,"template":"","meta":{"_acf_changed":false,"inline_featured_image":false},"product_brand":[],"product_cat":[4916,4929],"product_tag":[],"class_list":{"0":"post-694037","1":"product","2":"type-product","3":"status-publish","4":"has-post-thumbnail","6":"product_cat-toepfe-giesskannen-de","7":"product_cat-haengetoepfe-de","8":"product_shipping_class-pk","9":"pa_color-wei","10":"pa_material-kupfer-de","11":"pa_material-keramik","12":"pa_material-leder","14":"first","15":"instock","16":"taxable","17":"shipping-taxable","18":"purchasable","19":"product-type-simple"},"exclude_global_add_ons":[],"addons":[],"acf":[],"yoast_head":"<!-- This site is optimized with the Yoast SEO plugin v26.4 - https:\/\/yoast.com\/wordpress\/plugins\/seo\/ -->\n<title>Ontop H\u00e4nget\u00f6pfe Wei\u00df - H\u00fcbsch<\/title>\n<meta name=\"description\" content=\"Die Ontop H\u00e4nget\u00f6pfe Wei\u00df\/Naturfarben sind ein besonderes Produkt. Sie bestehen aus Keramik und Kupfer und haben ein Lederband, sodass sie einfach\" \/>\n<meta name=\"robots\" content=\"index, follow, max-snippet:-1, max-image-preview:large, max-video-preview:-1\" \/>\n<link rel=\"canonical\" href=\"https:\/\/hubsch-interior.com\/de\/wp-json\/wp\/v2\/product\/694037\" \/>\n<meta property=\"og:locale\" content=\"de_DE\" \/>\n<meta property=\"og:type\" content=\"article\" \/>\n<meta property=\"og:title\" content=\"Ontop H\u00e4nget\u00f6pfe Wei\u00df - H\u00fcbsch\" \/>\n<meta property=\"og:description\" content=\"Die Ontop H\u00e4nget\u00f6pfe Wei\u00df\/Naturfarben sind ein besonderes Produkt. Sie bestehen aus Keramik und Kupfer und haben ein Lederband, sodass sie einfach\" \/>\n<meta property=\"og:url\" content=\"https:\/\/hubsch-interior.com\/de\/produkt\/ontop-hangetopfe-weis\/\" \/>\n<meta property=\"og:site_name\" content=\"H\u00fcbsch\" \/>\n<meta property=\"article:modified_time\" content=\"2026-04-08T02:23:14+00:00\" \/>\n<meta property=\"og:image\" content=\"https:\/\/hubsch-interior.com\/wp-content\/uploads\/2025\/04\/ontop-hanging-pots-white-1ea34f3cde27bf898ec1d24eed2cbff1.jpg\" \/>\n\t<meta property=\"og:image:width\" content=\"1200\" \/>\n\t<meta property=\"og:image:height\" content=\"1200\" \/>\n\t<meta property=\"og:image:type\" content=\"image\/jpeg\" \/>\n<meta name=\"twitter:card\" content=\"summary_large_image\" \/>\n<script type=\"application\/ld+json\" class=\"yoast-schema-graph\">{\"@context\":\"https:\/\/schema.org\",\"@graph\":[{\"@type\":\"WebPage\",\"@id\":\"https:\/\/hubsch-interior.com\/de\/produkt\/ontop-hangetopfe-weis\/\",\"url\":\"https:\/\/hubsch-interior.com\/de\/produkt\/ontop-hangetopfe-weis\/\",\"name\":\"Ontop H\u00e4nget\u00f6pfe Wei\u00df - H\u00fcbsch\",\"isPartOf\":{\"@id\":\"https:\/\/hubsch-interior.com\/de\/#website\"},\"primaryImageOfPage\":{\"@id\":\"https:\/\/hubsch-interior.com\/de\/produkt\/ontop-hangetopfe-weis\/#primaryimage\"},\"image\":{\"@id\":\"https:\/\/hubsch-interior.com\/de\/produkt\/ontop-hangetopfe-weis\/#primaryimage\"},\"thumbnailUrl\":\"https:\/\/hubsch-interior.com\/wp-content\/uploads\/2026\/02\/ontop-hanging-pots-white-3f7dcc5f3a046aacd39bc7f41c62859e.jpg\",\"datePublished\":\"2021-08-31T07:29:23+00:00\",\"dateModified\":\"2026-04-08T02:23:14+00:00\",\"description\":\"Die Ontop H\u00e4nget\u00f6pfe Wei\u00df\/Naturfarben sind ein besonderes Produkt. Sie bestehen aus Keramik und Kupfer und haben ein Lederband, sodass sie einfach\",\"breadcrumb\":{\"@id\":\"https:\/\/hubsch-interior.com\/de\/produkt\/ontop-hangetopfe-weis\/#breadcrumb\"},\"inLanguage\":\"de\",\"potentialAction\":[{\"@type\":\"ReadAction\",\"target\":[\"https:\/\/hubsch-interior.com\/de\/produkt\/ontop-hangetopfe-weis\/\"]}]},{\"@type\":\"ImageObject\",\"inLanguage\":\"de\",\"@id\":\"https:\/\/hubsch-interior.com\/de\/produkt\/ontop-hangetopfe-weis\/#primaryimage\",\"url\":\"https:\/\/hubsch-interior.com\/wp-content\/uploads\/2026\/02\/ontop-hanging-pots-white-3f7dcc5f3a046aacd39bc7f41c62859e.jpg\",\"contentUrl\":\"https:\/\/hubsch-interior.com\/wp-content\/uploads\/2026\/02\/ontop-hanging-pots-white-3f7dcc5f3a046aacd39bc7f41c62859e.jpg\",\"width\":1024,\"height\":1024},{\"@type\":\"BreadcrumbList\",\"@id\":\"https:\/\/hubsch-interior.com\/de\/produkt\/ontop-hangetopfe-weis\/#breadcrumb\",\"itemListElement\":[{\"@type\":\"ListItem\",\"position\":1,\"name\":\"Startseite\",\"item\":\"https:\/\/hubsch-interior.com\/de\/\"},{\"@type\":\"ListItem\",\"position\":2,\"name\":\"Produkte\",\"item\":\"https:\/\/hubsch-interior.com\/de\/shop-2\/\"},{\"@type\":\"ListItem\",\"position\":3,\"name\":\"Wohnaccessoires\",\"item\":\"https:\/\/hubsch-interior.com\/de\/produkt-kategorie\/wohnaccessoires\/\"},{\"@type\":\"ListItem\",\"position\":4,\"name\":\"T&ouml;pfe &amp; Gie&szlig;kannen\",\"item\":\"https:\/\/hubsch-interior.com\/de\/produkt-kategorie\/wohnaccessoires\/toepfe-giesskannen-de\/\"},{\"@type\":\"ListItem\",\"position\":5,\"name\":\"H&auml;nget&ouml;pfe\",\"item\":\"https:\/\/hubsch-interior.com\/de\/produkt-kategorie\/wohnaccessoires\/toepfe-giesskannen-de\/haengetoepfe-de\/\"},{\"@type\":\"ListItem\",\"position\":6,\"name\":\"Ontop H\u00e4nget\u00f6pfe Wei\u00df\"}]},{\"@type\":\"WebSite\",\"@id\":\"https:\/\/hubsch-interior.com\/de\/#website\",\"url\":\"https:\/\/hubsch-interior.com\/de\/\",\"name\":\"H\u00fcbsch\",\"description\":\"Danish Home Interior and Design\",\"publisher\":{\"@id\":\"https:\/\/hubsch-interior.com\/de\/#organization\"},\"potentialAction\":[{\"@type\":\"SearchAction\",\"target\":{\"@type\":\"EntryPoint\",\"urlTemplate\":\"https:\/\/hubsch-interior.com\/de\/?s={search_term_string}\"},\"query-input\":{\"@type\":\"PropertyValueSpecification\",\"valueRequired\":true,\"valueName\":\"search_term_string\"}}],\"inLanguage\":\"de\"},{\"@type\":\"Organization\",\"@id\":\"https:\/\/hubsch-interior.com\/de\/#organization\",\"name\":\"H\u00fcbsch\",\"url\":\"https:\/\/hubsch-interior.com\/de\/\",\"logo\":{\"@type\":\"ImageObject\",\"inLanguage\":\"de\",\"@id\":\"https:\/\/hubsch-interior.com\/de\/#\/schema\/logo\/image\/\",\"url\":\"https:\/\/hubsch-interior.com\/wp-content\/uploads\/2022\/12\/Hubsch_logo_black_one_line.svg\",\"contentUrl\":\"https:\/\/hubsch-interior.com\/wp-content\/uploads\/2022\/12\/Hubsch_logo_black_one_line.svg\",\"caption\":\"H\u00fcbsch\"},\"image\":{\"@id\":\"https:\/\/hubsch-interior.com\/de\/#\/schema\/logo\/image\/\"}}]}<\/script>\n<!-- \/ Yoast SEO plugin. -->","yoast_head_json":{"title":"Ontop H\u00e4nget\u00f6pfe Wei\u00df - H\u00fcbsch","description":"Die Ontop H\u00e4nget\u00f6pfe Wei\u00df\/Naturfarben sind ein besonderes Produkt. Sie bestehen aus Keramik und Kupfer und haben ein Lederband, sodass sie einfach","robots":{"index":"index","follow":"follow","max-snippet":"max-snippet:-1","max-image-preview":"max-image-preview:large","max-video-preview":"max-video-preview:-1"},"canonical":"https:\/\/hubsch-interior.com\/de\/wp-json\/wp\/v2\/product\/694037","og_locale":"de_DE","og_type":"article","og_title":"Ontop H\u00e4nget\u00f6pfe Wei\u00df - H\u00fcbsch","og_description":"Die Ontop H\u00e4nget\u00f6pfe Wei\u00df\/Naturfarben sind ein besonderes Produkt. Sie bestehen aus Keramik und Kupfer und haben ein Lederband, sodass sie einfach","og_url":"https:\/\/hubsch-interior.com\/de\/produkt\/ontop-hangetopfe-weis\/","og_site_name":"H\u00fcbsch","article_modified_time":"2026-04-08T02:23:14+00:00","og_image":[{"width":1200,"height":1200,"url":"https:\/\/hubsch-interior.com\/wp-content\/uploads\/2025\/04\/ontop-hanging-pots-white-1ea34f3cde27bf898ec1d24eed2cbff1.jpg","type":"image\/jpeg"}],"twitter_card":"summary_large_image","schema":{"@context":"https:\/\/schema.org","@graph":[{"@type":"WebPage","@id":"https:\/\/hubsch-interior.com\/de\/produkt\/ontop-hangetopfe-weis\/","url":"https:\/\/hubsch-interior.com\/de\/produkt\/ontop-hangetopfe-weis\/","name":"Ontop H\u00e4nget\u00f6pfe Wei\u00df - H\u00fcbsch","isPartOf":{"@id":"https:\/\/hubsch-interior.com\/de\/#website"},"primaryImageOfPage":{"@id":"https:\/\/hubsch-interior.com\/de\/produkt\/ontop-hangetopfe-weis\/#primaryimage"},"image":{"@id":"https:\/\/hubsch-interior.com\/de\/produkt\/ontop-hangetopfe-weis\/#primaryimage"},"thumbnailUrl":"https:\/\/hubsch-interior.com\/wp-content\/uploads\/2026\/02\/ontop-hanging-pots-white-3f7dcc5f3a046aacd39bc7f41c62859e.jpg","datePublished":"2021-08-31T07:29:23+00:00","dateModified":"2026-04-08T02:23:14+00:00","description":"Die Ontop H\u00e4nget\u00f6pfe Wei\u00df\/Naturfarben sind ein besonderes Produkt. Sie bestehen aus Keramik und Kupfer und haben ein Lederband, sodass sie einfach","breadcrumb":{"@id":"https:\/\/hubsch-interior.com\/de\/produkt\/ontop-hangetopfe-weis\/#breadcrumb"},"inLanguage":"de","potentialAction":[{"@type":"ReadAction","target":["https:\/\/hubsch-interior.com\/de\/produkt\/ontop-hangetopfe-weis\/"]}]},{"@type":"ImageObject","inLanguage":"de","@id":"https:\/\/hubsch-interior.com\/de\/produkt\/ontop-hangetopfe-weis\/#primaryimage","url":"https:\/\/hubsch-interior.com\/wp-content\/uploads\/2026\/02\/ontop-hanging-pots-white-3f7dcc5f3a046aacd39bc7f41c62859e.jpg","contentUrl":"https:\/\/hubsch-interior.com\/wp-content\/uploads\/2026\/02\/ontop-hanging-pots-white-3f7dcc5f3a046aacd39bc7f41c62859e.jpg","width":1024,"height":1024},{"@type":"BreadcrumbList","@id":"https:\/\/hubsch-interior.com\/de\/produkt\/ontop-hangetopfe-weis\/#breadcrumb","itemListElement":[{"@type":"ListItem","position":1,"name":"Startseite","item":"https:\/\/hubsch-interior.com\/de\/"},{"@type":"ListItem","position":2,"name":"Produkte","item":"https:\/\/hubsch-interior.com\/de\/shop-2\/"},{"@type":"ListItem","position":3,"name":"Wohnaccessoires","item":"https:\/\/hubsch-interior.com\/de\/produkt-kategorie\/wohnaccessoires\/"},{"@type":"ListItem","position":4,"name":"T&ouml;pfe &amp; Gie&szlig;kannen","item":"https:\/\/hubsch-interior.com\/de\/produkt-kategorie\/wohnaccessoires\/toepfe-giesskannen-de\/"},{"@type":"ListItem","position":5,"name":"H&auml;nget&ouml;pfe","item":"https:\/\/hubsch-interior.com\/de\/produkt-kategorie\/wohnaccessoires\/toepfe-giesskannen-de\/haengetoepfe-de\/"},{"@type":"ListItem","position":6,"name":"Ontop H\u00e4nget\u00f6pfe Wei\u00df"}]},{"@type":"WebSite","@id":"https:\/\/hubsch-interior.com\/de\/#website","url":"https:\/\/hubsch-interior.com\/de\/","name":"H\u00fcbsch","description":"Danish Home Interior and Design","publisher":{"@id":"https:\/\/hubsch-interior.com\/de\/#organization"},"potentialAction":[{"@type":"SearchAction","target":{"@type":"EntryPoint","urlTemplate":"https:\/\/hubsch-interior.com\/de\/?s={search_term_string}"},"query-input":{"@type":"PropertyValueSpecification","valueRequired":true,"valueName":"search_term_string"}}],"inLanguage":"de"},{"@type":"Organization","@id":"https:\/\/hubsch-interior.com\/de\/#organization","name":"H\u00fcbsch","url":"https:\/\/hubsch-interior.com\/de\/","logo":{"@type":"ImageObject","inLanguage":"de","@id":"https:\/\/hubsch-interior.com\/de\/#\/schema\/logo\/image\/","url":"https:\/\/hubsch-interior.com\/wp-content\/uploads\/2022\/12\/Hubsch_logo_black_one_line.svg","contentUrl":"https:\/\/hubsch-interior.com\/wp-content\/uploads\/2022\/12\/Hubsch_logo_black_one_line.svg","caption":"H\u00fcbsch"},"image":{"@id":"https:\/\/hubsch-interior.com\/de\/#\/schema\/logo\/image\/"}}]}},"_links":{"self":[{"href":"https:\/\/hubsch-interior.com\/de\/wp-json\/wp\/v2\/product\/694037","targetHints":{"allow":["GET"]}}],"collection":[{"href":"https:\/\/hubsch-interior.com\/de\/wp-json\/wp\/v2\/product"}],"about":[{"href":"https:\/\/hubsch-interior.com\/de\/wp-json\/wp\/v2\/types\/product"}],"wp:featuredmedia":[{"embeddable":true,"href":"https:\/\/hubsch-interior.com\/de\/wp-json\/wp\/v2\/media\/1095286"}],"wp:attachment":[{"href":"https:\/\/hubsch-interior.com\/de\/wp-json\/wp\/v2\/media?parent=694037"}],"wp:term":[{"taxonomy":"product_brand","embeddable":true,"href":"https:\/\/hubsch-interior.com\/de\/wp-json\/wp\/v2\/product_brand?post=694037"},{"taxonomy":"product_cat","embeddable":true,"href":"https:\/\/hubsch-interior.com\/de\/wp-json\/wp\/v2\/product_cat?post=694037"},{"taxonomy":"product_tag","embeddable":true,"href":"https:\/\/hubsch-interior.com\/de\/wp-json\/wp\/v2\/product_tag?post=694037"}],"curies":[{"name":"wp","href":"https:\/\/api.w.org\/{rel}","templated":true}]}}