{"id":694182,"date":"2021-08-31T09:33:19","date_gmt":"2021-08-31T07:33:19","guid":{"rendered":"https:\/\/hubsch-interior.com\/shop-b2c\/product\/product\/"},"modified":"2026-04-29T04:29:34","modified_gmt":"2026-04-29T02:29:34","slug":"gleaming-vase-grau-3er-set","status":"publish","type":"product","link":"https:\/\/hubsch-interior.com\/de\/produkt\/gleaming-vase-grau-3er-set\/","title":{"rendered":"Gleaming Vase Grau (3er Set)"},"content":{"rendered":"<p>Dieses atemberaubende Gleaming Vase Grau (3er Set) verleiht jedem Raum ein luxuri\u00f6ses Gef\u00fchl. Hergestellt aus hochwertigem Metall, erstrahlen die Gef\u00e4\u00dfe in einem eleganten Grau, das sich perfekt in jedes Interieur integriert. Dieses 3er Set ist eine \u00e4sthetische und praktische Zugabe f\u00fcr Ihr Zuhause.<\/p>\n","protected":false},"excerpt":{"rendered":"<p>Dieses atemberaubende Gleaming Vase Grau (3er Set) verleiht jedem Raum ein luxuri\u00f6ses Gef\u00fchl. Hergestellt aus hochwertigem Metall, erstrahlen die Gef\u00e4\u00dfe in einem eleganten Grau, das sich perfekt in jedes Interieur integriert. Dieses 3er Set ist eine \u00e4sthetische und praktische Zugabe f\u00fcr Ihr Zuhause.<\/p>\n","protected":false},"featured_media":1096760,"template":"","meta":{"_acf_changed":false,"inline_featured_image":false},"product_brand":[],"product_cat":[3156],"product_tag":[],"class_list":{"0":"post-694182","1":"product","2":"type-product","3":"status-publish","4":"has-post-thumbnail","6":"product_cat-vasen-de","7":"product_shipping_class-pk","9":"pa_color-grau-2","10":"pa_material-eisen-de","12":"first","13":"instock","14":"taxable","15":"shipping-taxable","16":"purchasable","17":"product-type-simple"},"exclude_global_add_ons":[],"addons":[],"acf":[],"yoast_head":"<!-- This site is optimized with the Yoast SEO plugin v26.4 - https:\/\/yoast.com\/wordpress\/plugins\/seo\/ -->\n<title>Gleaming Vase Grau (3er Set) - H\u00fcbsch<\/title>\n<meta name=\"description\" content=\"Dieses atemberaubende Gleaming Vase Grau (3er Set) verleiht jedem Raum ein luxuri\u00f6ses Gef\u00fchl. Hergestellt aus hochwertigem Metall, erstrahlen die Gef\u00e4\u00dfe\" \/>\n<meta name=\"robots\" content=\"index, follow, max-snippet:-1, max-image-preview:large, max-video-preview:-1\" \/>\n<link rel=\"canonical\" href=\"https:\/\/hubsch-interior.com\/de\/wp-json\/wp\/v2\/product\/694182\" \/>\n<meta property=\"og:locale\" content=\"de_DE\" \/>\n<meta property=\"og:type\" content=\"article\" \/>\n<meta property=\"og:title\" content=\"Gleaming Vase Grau (3er Set) - H\u00fcbsch\" \/>\n<meta property=\"og:description\" content=\"Dieses atemberaubende Gleaming Vase Grau (3er Set) verleiht jedem Raum ein luxuri\u00f6ses Gef\u00fchl. Hergestellt aus hochwertigem Metall, erstrahlen die Gef\u00e4\u00dfe\" \/>\n<meta property=\"og:url\" content=\"https:\/\/hubsch-interior.com\/de\/produkt\/gleaming-vase-grau-3er-set\/\" \/>\n<meta property=\"og:site_name\" content=\"H\u00fcbsch\" \/>\n<meta property=\"article:modified_time\" content=\"2026-04-29T02:29:34+00:00\" \/>\n<meta property=\"og:image\" content=\"https:\/\/hubsch-interior.com\/wp-content\/uploads\/2023\/08\/gleaming-vase-grey-set-of-3-615be6b60747b5aab6f51ad2bcf0c8ce.jpg\" \/>\n\t<meta property=\"og:image:width\" content=\"1200\" \/>\n\t<meta property=\"og:image:height\" content=\"1200\" \/>\n\t<meta property=\"og:image:type\" content=\"image\/jpeg\" \/>\n<meta name=\"twitter:card\" content=\"summary_large_image\" \/>\n<script type=\"application\/ld+json\" class=\"yoast-schema-graph\">{\"@context\":\"https:\/\/schema.org\",\"@graph\":[{\"@type\":\"WebPage\",\"@id\":\"https:\/\/hubsch-interior.com\/de\/produkt\/gleaming-vase-grau-3er-set\/\",\"url\":\"https:\/\/hubsch-interior.com\/de\/produkt\/gleaming-vase-grau-3er-set\/\",\"name\":\"Gleaming Vase Grau (3er Set) - H\u00fcbsch\",\"isPartOf\":{\"@id\":\"https:\/\/hubsch-interior.com\/de\/#website\"},\"primaryImageOfPage\":{\"@id\":\"https:\/\/hubsch-interior.com\/de\/produkt\/gleaming-vase-grau-3er-set\/#primaryimage\"},\"image\":{\"@id\":\"https:\/\/hubsch-interior.com\/de\/produkt\/gleaming-vase-grau-3er-set\/#primaryimage\"},\"thumbnailUrl\":\"https:\/\/hubsch-interior.com\/wp-content\/uploads\/2026\/02\/gleaming-vase-grey-set-of-3-7f2d8511651d0975cc907608cc0e59bc.jpg\",\"datePublished\":\"2021-08-31T07:33:19+00:00\",\"dateModified\":\"2026-04-29T02:29:34+00:00\",\"description\":\"Dieses atemberaubende Gleaming Vase Grau (3er Set) verleiht jedem Raum ein luxuri\u00f6ses Gef\u00fchl. Hergestellt aus hochwertigem Metall, erstrahlen die Gef\u00e4\u00dfe\",\"breadcrumb\":{\"@id\":\"https:\/\/hubsch-interior.com\/de\/produkt\/gleaming-vase-grau-3er-set\/#breadcrumb\"},\"inLanguage\":\"de\",\"potentialAction\":[{\"@type\":\"ReadAction\",\"target\":[\"https:\/\/hubsch-interior.com\/de\/produkt\/gleaming-vase-grau-3er-set\/\"]}]},{\"@type\":\"ImageObject\",\"inLanguage\":\"de\",\"@id\":\"https:\/\/hubsch-interior.com\/de\/produkt\/gleaming-vase-grau-3er-set\/#primaryimage\",\"url\":\"https:\/\/hubsch-interior.com\/wp-content\/uploads\/2026\/02\/gleaming-vase-grey-set-of-3-7f2d8511651d0975cc907608cc0e59bc.jpg\",\"contentUrl\":\"https:\/\/hubsch-interior.com\/wp-content\/uploads\/2026\/02\/gleaming-vase-grey-set-of-3-7f2d8511651d0975cc907608cc0e59bc.jpg\",\"width\":1024,\"height\":1024},{\"@type\":\"BreadcrumbList\",\"@id\":\"https:\/\/hubsch-interior.com\/de\/produkt\/gleaming-vase-grau-3er-set\/#breadcrumb\",\"itemListElement\":[{\"@type\":\"ListItem\",\"position\":1,\"name\":\"Startseite\",\"item\":\"https:\/\/hubsch-interior.com\/de\/\"},{\"@type\":\"ListItem\",\"position\":2,\"name\":\"Produkte\",\"item\":\"https:\/\/hubsch-interior.com\/de\/shop-2\/\"},{\"@type\":\"ListItem\",\"position\":3,\"name\":\"Wohnaccessoires\",\"item\":\"https:\/\/hubsch-interior.com\/de\/produkt-kategorie\/wohnaccessoires\/\"},{\"@type\":\"ListItem\",\"position\":4,\"name\":\"Vasen\",\"item\":\"https:\/\/hubsch-interior.com\/de\/produkt-kategorie\/wohnaccessoires\/vasen-de\/\"},{\"@type\":\"ListItem\",\"position\":5,\"name\":\"Gleaming Vase Grau (3er Set)\"}]},{\"@type\":\"WebSite\",\"@id\":\"https:\/\/hubsch-interior.com\/de\/#website\",\"url\":\"https:\/\/hubsch-interior.com\/de\/\",\"name\":\"H\u00fcbsch\",\"description\":\"Danish Home Interior and Design\",\"publisher\":{\"@id\":\"https:\/\/hubsch-interior.com\/de\/#organization\"},\"potentialAction\":[{\"@type\":\"SearchAction\",\"target\":{\"@type\":\"EntryPoint\",\"urlTemplate\":\"https:\/\/hubsch-interior.com\/de\/?s={search_term_string}\"},\"query-input\":{\"@type\":\"PropertyValueSpecification\",\"valueRequired\":true,\"valueName\":\"search_term_string\"}}],\"inLanguage\":\"de\"},{\"@type\":\"Organization\",\"@id\":\"https:\/\/hubsch-interior.com\/de\/#organization\",\"name\":\"H\u00fcbsch\",\"url\":\"https:\/\/hubsch-interior.com\/de\/\",\"logo\":{\"@type\":\"ImageObject\",\"inLanguage\":\"de\",\"@id\":\"https:\/\/hubsch-interior.com\/de\/#\/schema\/logo\/image\/\",\"url\":\"https:\/\/hubsch-interior.com\/wp-content\/uploads\/2022\/12\/Hubsch_logo_black_one_line.svg\",\"contentUrl\":\"https:\/\/hubsch-interior.com\/wp-content\/uploads\/2022\/12\/Hubsch_logo_black_one_line.svg\",\"caption\":\"H\u00fcbsch\"},\"image\":{\"@id\":\"https:\/\/hubsch-interior.com\/de\/#\/schema\/logo\/image\/\"}}]}<\/script>\n<!-- \/ Yoast SEO plugin. -->","yoast_head_json":{"title":"Gleaming Vase Grau (3er Set) - H\u00fcbsch","description":"Dieses atemberaubende Gleaming Vase Grau (3er Set) verleiht jedem Raum ein luxuri\u00f6ses Gef\u00fchl. Hergestellt aus hochwertigem Metall, erstrahlen die Gef\u00e4\u00dfe","robots":{"index":"index","follow":"follow","max-snippet":"max-snippet:-1","max-image-preview":"max-image-preview:large","max-video-preview":"max-video-preview:-1"},"canonical":"https:\/\/hubsch-interior.com\/de\/wp-json\/wp\/v2\/product\/694182","og_locale":"de_DE","og_type":"article","og_title":"Gleaming Vase Grau (3er Set) - H\u00fcbsch","og_description":"Dieses atemberaubende Gleaming Vase Grau (3er Set) verleiht jedem Raum ein luxuri\u00f6ses Gef\u00fchl. Hergestellt aus hochwertigem Metall, erstrahlen die Gef\u00e4\u00dfe","og_url":"https:\/\/hubsch-interior.com\/de\/produkt\/gleaming-vase-grau-3er-set\/","og_site_name":"H\u00fcbsch","article_modified_time":"2026-04-29T02:29:34+00:00","og_image":[{"width":1200,"height":1200,"url":"https:\/\/hubsch-interior.com\/wp-content\/uploads\/2023\/08\/gleaming-vase-grey-set-of-3-615be6b60747b5aab6f51ad2bcf0c8ce.jpg","type":"image\/jpeg"}],"twitter_card":"summary_large_image","schema":{"@context":"https:\/\/schema.org","@graph":[{"@type":"WebPage","@id":"https:\/\/hubsch-interior.com\/de\/produkt\/gleaming-vase-grau-3er-set\/","url":"https:\/\/hubsch-interior.com\/de\/produkt\/gleaming-vase-grau-3er-set\/","name":"Gleaming Vase Grau (3er Set) - H\u00fcbsch","isPartOf":{"@id":"https:\/\/hubsch-interior.com\/de\/#website"},"primaryImageOfPage":{"@id":"https:\/\/hubsch-interior.com\/de\/produkt\/gleaming-vase-grau-3er-set\/#primaryimage"},"image":{"@id":"https:\/\/hubsch-interior.com\/de\/produkt\/gleaming-vase-grau-3er-set\/#primaryimage"},"thumbnailUrl":"https:\/\/hubsch-interior.com\/wp-content\/uploads\/2026\/02\/gleaming-vase-grey-set-of-3-7f2d8511651d0975cc907608cc0e59bc.jpg","datePublished":"2021-08-31T07:33:19+00:00","dateModified":"2026-04-29T02:29:34+00:00","description":"Dieses atemberaubende Gleaming Vase Grau (3er Set) verleiht jedem Raum ein luxuri\u00f6ses Gef\u00fchl. Hergestellt aus hochwertigem Metall, erstrahlen die Gef\u00e4\u00dfe","breadcrumb":{"@id":"https:\/\/hubsch-interior.com\/de\/produkt\/gleaming-vase-grau-3er-set\/#breadcrumb"},"inLanguage":"de","potentialAction":[{"@type":"ReadAction","target":["https:\/\/hubsch-interior.com\/de\/produkt\/gleaming-vase-grau-3er-set\/"]}]},{"@type":"ImageObject","inLanguage":"de","@id":"https:\/\/hubsch-interior.com\/de\/produkt\/gleaming-vase-grau-3er-set\/#primaryimage","url":"https:\/\/hubsch-interior.com\/wp-content\/uploads\/2026\/02\/gleaming-vase-grey-set-of-3-7f2d8511651d0975cc907608cc0e59bc.jpg","contentUrl":"https:\/\/hubsch-interior.com\/wp-content\/uploads\/2026\/02\/gleaming-vase-grey-set-of-3-7f2d8511651d0975cc907608cc0e59bc.jpg","width":1024,"height":1024},{"@type":"BreadcrumbList","@id":"https:\/\/hubsch-interior.com\/de\/produkt\/gleaming-vase-grau-3er-set\/#breadcrumb","itemListElement":[{"@type":"ListItem","position":1,"name":"Startseite","item":"https:\/\/hubsch-interior.com\/de\/"},{"@type":"ListItem","position":2,"name":"Produkte","item":"https:\/\/hubsch-interior.com\/de\/shop-2\/"},{"@type":"ListItem","position":3,"name":"Wohnaccessoires","item":"https:\/\/hubsch-interior.com\/de\/produkt-kategorie\/wohnaccessoires\/"},{"@type":"ListItem","position":4,"name":"Vasen","item":"https:\/\/hubsch-interior.com\/de\/produkt-kategorie\/wohnaccessoires\/vasen-de\/"},{"@type":"ListItem","position":5,"name":"Gleaming Vase Grau (3er Set)"}]},{"@type":"WebSite","@id":"https:\/\/hubsch-interior.com\/de\/#website","url":"https:\/\/hubsch-interior.com\/de\/","name":"H\u00fcbsch","description":"Danish Home Interior and Design","publisher":{"@id":"https:\/\/hubsch-interior.com\/de\/#organization"},"potentialAction":[{"@type":"SearchAction","target":{"@type":"EntryPoint","urlTemplate":"https:\/\/hubsch-interior.com\/de\/?s={search_term_string}"},"query-input":{"@type":"PropertyValueSpecification","valueRequired":true,"valueName":"search_term_string"}}],"inLanguage":"de"},{"@type":"Organization","@id":"https:\/\/hubsch-interior.com\/de\/#organization","name":"H\u00fcbsch","url":"https:\/\/hubsch-interior.com\/de\/","logo":{"@type":"ImageObject","inLanguage":"de","@id":"https:\/\/hubsch-interior.com\/de\/#\/schema\/logo\/image\/","url":"https:\/\/hubsch-interior.com\/wp-content\/uploads\/2022\/12\/Hubsch_logo_black_one_line.svg","contentUrl":"https:\/\/hubsch-interior.com\/wp-content\/uploads\/2022\/12\/Hubsch_logo_black_one_line.svg","caption":"H\u00fcbsch"},"image":{"@id":"https:\/\/hubsch-interior.com\/de\/#\/schema\/logo\/image\/"}}]}},"_links":{"self":[{"href":"https:\/\/hubsch-interior.com\/de\/wp-json\/wp\/v2\/product\/694182","targetHints":{"allow":["GET"]}}],"collection":[{"href":"https:\/\/hubsch-interior.com\/de\/wp-json\/wp\/v2\/product"}],"about":[{"href":"https:\/\/hubsch-interior.com\/de\/wp-json\/wp\/v2\/types\/product"}],"wp:featuredmedia":[{"embeddable":true,"href":"https:\/\/hubsch-interior.com\/de\/wp-json\/wp\/v2\/media\/1096760"}],"wp:attachment":[{"href":"https:\/\/hubsch-interior.com\/de\/wp-json\/wp\/v2\/media?parent=694182"}],"wp:term":[{"taxonomy":"product_brand","embeddable":true,"href":"https:\/\/hubsch-interior.com\/de\/wp-json\/wp\/v2\/product_brand?post=694182"},{"taxonomy":"product_cat","embeddable":true,"href":"https:\/\/hubsch-interior.com\/de\/wp-json\/wp\/v2\/product_cat?post=694182"},{"taxonomy":"product_tag","embeddable":true,"href":"https:\/\/hubsch-interior.com\/de\/wp-json\/wp\/v2\/product_tag?post=694182"}],"curies":[{"name":"wp","href":"https:\/\/api.w.org\/{rel}","templated":true}]}}