{"id":694210,"date":"2021-08-31T09:34:40","date_gmt":"2021-08-31T07:34:40","guid":{"rendered":"https:\/\/hubsch-interior.com\/shop-b2c\/product\/product\/"},"modified":"2026-04-11T04:29:34","modified_gmt":"2026-04-11T02:29:34","slug":"moving-hangelampe-nickel","status":"publish","type":"product","link":"https:\/\/hubsch-interior.com\/de\/produkt\/moving-hangelampe-nickel\/","title":{"rendered":"Moving H\u00e4ngelampe Nickel"},"content":{"rendered":"<p>Diese Moving H\u00e4ngelampe Nickel ist eine stilvolle Erg\u00e4nzung f\u00fcr jedes Zuhause. Sie besteht aus einem robusten Metallrahmen in Silber und ist dank des unauff\u00e4lligen Designs eine elegante Bereicherung f\u00fcr Ihren Wohnraum. Diese Lampe sorgt f\u00fcr ein angenehmes, helles Licht und ist eine unkomplizierte L\u00f6sung f\u00fcr komfortable Beleuchtung. Mit der Moving H\u00e4ngelampe Nickel genie\u00dfen Sie eine harmonische Atmosph\u00e4re und ein stilvolles Ambiente in Ihrem Zuhause.<\/p>\n","protected":false},"excerpt":{"rendered":"<p>Diese Moving H\u00e4ngelampe Nickel ist eine stilvolle Erg\u00e4nzung f\u00fcr jedes Zuhause. Sie besteht aus einem robusten Metallrahmen in Silber und ist dank des unauff\u00e4lligen Designs eine elegante Bereicherung f\u00fcr Ihren Wohnraum. Diese Lampe sorgt f\u00fcr ein angenehmes, helles Licht und ist eine unkomplizierte L\u00f6sung f\u00fcr komfortable Beleuchtung. Mit der Moving H\u00e4ngelampe Nickel genie\u00dfen Sie eine [&hellip;]<\/p>\n","protected":false},"featured_media":1097053,"template":"","meta":{"_acf_changed":false,"inline_featured_image":false},"product_brand":[],"product_cat":[3809,4148],"product_tag":[],"class_list":{"0":"post-694210","1":"product","2":"type-product","3":"status-publish","4":"has-post-thumbnail","6":"product_cat-beleuchtung","7":"product_cat-haengelampen-de","8":"product_shipping_class-pk","10":"pa_color-nickel-de","12":"first","13":"instock","14":"taxable","15":"shipping-taxable","16":"purchasable","17":"product-type-simple"},"exclude_global_add_ons":[],"addons":[],"acf":[],"yoast_head":"<!-- This site is optimized with the Yoast SEO plugin v26.4 - https:\/\/yoast.com\/wordpress\/plugins\/seo\/ -->\n<title>Moving H\u00e4ngelampe Nickel - H\u00fcbsch<\/title>\n<meta name=\"description\" content=\"Diese Moving H\u00e4ngelampe Nickel ist eine stilvolle Erg\u00e4nzung f\u00fcr jedes Zuhause. Sie besteht aus einem robusten Metallrahmen in Silber und ist dank des\" \/>\n<meta name=\"robots\" content=\"index, follow, max-snippet:-1, max-image-preview:large, max-video-preview:-1\" \/>\n<link rel=\"canonical\" href=\"https:\/\/hubsch-interior.com\/de\/wp-json\/wp\/v2\/product\/694210\" \/>\n<meta property=\"og:locale\" content=\"de_DE\" \/>\n<meta property=\"og:type\" content=\"article\" \/>\n<meta property=\"og:title\" content=\"Moving H\u00e4ngelampe Nickel - H\u00fcbsch\" \/>\n<meta property=\"og:description\" content=\"Diese Moving H\u00e4ngelampe Nickel ist eine stilvolle Erg\u00e4nzung f\u00fcr jedes Zuhause. Sie besteht aus einem robusten Metallrahmen in Silber und ist dank des\" \/>\n<meta property=\"og:url\" content=\"https:\/\/hubsch-interior.com\/de\/produkt\/moving-hangelampe-nickel\/\" \/>\n<meta property=\"og:site_name\" content=\"H\u00fcbsch\" \/>\n<meta property=\"article:modified_time\" content=\"2026-04-11T02:29:34+00:00\" \/>\n<meta property=\"og:image\" content=\"https:\/\/hubsch-interior.com\/wp-content\/uploads\/2024\/07\/moving-ceiling-light-nickel-3c57e9e15d0e20813e061d231cf54b54.jpg\" \/>\n\t<meta property=\"og:image:width\" content=\"1200\" \/>\n\t<meta property=\"og:image:height\" content=\"1200\" \/>\n\t<meta property=\"og:image:type\" content=\"image\/jpeg\" \/>\n<meta name=\"twitter:card\" content=\"summary_large_image\" \/>\n<script type=\"application\/ld+json\" class=\"yoast-schema-graph\">{\"@context\":\"https:\/\/schema.org\",\"@graph\":[{\"@type\":\"WebPage\",\"@id\":\"https:\/\/hubsch-interior.com\/de\/produkt\/moving-hangelampe-nickel\/\",\"url\":\"https:\/\/hubsch-interior.com\/de\/produkt\/moving-hangelampe-nickel\/\",\"name\":\"Moving H\u00e4ngelampe Nickel - H\u00fcbsch\",\"isPartOf\":{\"@id\":\"https:\/\/hubsch-interior.com\/de\/#website\"},\"primaryImageOfPage\":{\"@id\":\"https:\/\/hubsch-interior.com\/de\/produkt\/moving-hangelampe-nickel\/#primaryimage\"},\"image\":{\"@id\":\"https:\/\/hubsch-interior.com\/de\/produkt\/moving-hangelampe-nickel\/#primaryimage\"},\"thumbnailUrl\":\"https:\/\/hubsch-interior.com\/wp-content\/uploads\/2026\/02\/moving-pendant-nickel-a7c8c354747438373584d705002dd50f.jpg\",\"datePublished\":\"2021-08-31T07:34:40+00:00\",\"dateModified\":\"2026-04-11T02:29:34+00:00\",\"description\":\"Diese Moving H\u00e4ngelampe Nickel ist eine stilvolle Erg\u00e4nzung f\u00fcr jedes Zuhause. Sie besteht aus einem robusten Metallrahmen in Silber und ist dank des\",\"breadcrumb\":{\"@id\":\"https:\/\/hubsch-interior.com\/de\/produkt\/moving-hangelampe-nickel\/#breadcrumb\"},\"inLanguage\":\"de\",\"potentialAction\":[{\"@type\":\"ReadAction\",\"target\":[\"https:\/\/hubsch-interior.com\/de\/produkt\/moving-hangelampe-nickel\/\"]}]},{\"@type\":\"ImageObject\",\"inLanguage\":\"de\",\"@id\":\"https:\/\/hubsch-interior.com\/de\/produkt\/moving-hangelampe-nickel\/#primaryimage\",\"url\":\"https:\/\/hubsch-interior.com\/wp-content\/uploads\/2026\/02\/moving-pendant-nickel-a7c8c354747438373584d705002dd50f.jpg\",\"contentUrl\":\"https:\/\/hubsch-interior.com\/wp-content\/uploads\/2026\/02\/moving-pendant-nickel-a7c8c354747438373584d705002dd50f.jpg\",\"width\":1024,\"height\":1024},{\"@type\":\"BreadcrumbList\",\"@id\":\"https:\/\/hubsch-interior.com\/de\/produkt\/moving-hangelampe-nickel\/#breadcrumb\",\"itemListElement\":[{\"@type\":\"ListItem\",\"position\":1,\"name\":\"Startseite\",\"item\":\"https:\/\/hubsch-interior.com\/de\/\"},{\"@type\":\"ListItem\",\"position\":2,\"name\":\"Produkte\",\"item\":\"https:\/\/hubsch-interior.com\/de\/shop-2\/\"},{\"@type\":\"ListItem\",\"position\":3,\"name\":\"Beleuchtung\",\"item\":\"https:\/\/hubsch-interior.com\/de\/produkt-kategorie\/beleuchtung\/\"},{\"@type\":\"ListItem\",\"position\":4,\"name\":\"H&auml;ngelampen\",\"item\":\"https:\/\/hubsch-interior.com\/de\/produkt-kategorie\/beleuchtung\/haengelampen-de\/\"},{\"@type\":\"ListItem\",\"position\":5,\"name\":\"Moving H\u00e4ngelampe Nickel\"}]},{\"@type\":\"WebSite\",\"@id\":\"https:\/\/hubsch-interior.com\/de\/#website\",\"url\":\"https:\/\/hubsch-interior.com\/de\/\",\"name\":\"H\u00fcbsch\",\"description\":\"Danish Home Interior and Design\",\"publisher\":{\"@id\":\"https:\/\/hubsch-interior.com\/de\/#organization\"},\"potentialAction\":[{\"@type\":\"SearchAction\",\"target\":{\"@type\":\"EntryPoint\",\"urlTemplate\":\"https:\/\/hubsch-interior.com\/de\/?s={search_term_string}\"},\"query-input\":{\"@type\":\"PropertyValueSpecification\",\"valueRequired\":true,\"valueName\":\"search_term_string\"}}],\"inLanguage\":\"de\"},{\"@type\":\"Organization\",\"@id\":\"https:\/\/hubsch-interior.com\/de\/#organization\",\"name\":\"H\u00fcbsch\",\"url\":\"https:\/\/hubsch-interior.com\/de\/\",\"logo\":{\"@type\":\"ImageObject\",\"inLanguage\":\"de\",\"@id\":\"https:\/\/hubsch-interior.com\/de\/#\/schema\/logo\/image\/\",\"url\":\"https:\/\/hubsch-interior.com\/wp-content\/uploads\/2022\/12\/Hubsch_logo_black_one_line.svg\",\"contentUrl\":\"https:\/\/hubsch-interior.com\/wp-content\/uploads\/2022\/12\/Hubsch_logo_black_one_line.svg\",\"caption\":\"H\u00fcbsch\"},\"image\":{\"@id\":\"https:\/\/hubsch-interior.com\/de\/#\/schema\/logo\/image\/\"}}]}<\/script>\n<!-- \/ Yoast SEO plugin. -->","yoast_head_json":{"title":"Moving H\u00e4ngelampe Nickel - H\u00fcbsch","description":"Diese Moving H\u00e4ngelampe Nickel ist eine stilvolle Erg\u00e4nzung f\u00fcr jedes Zuhause. Sie besteht aus einem robusten Metallrahmen in Silber und ist dank des","robots":{"index":"index","follow":"follow","max-snippet":"max-snippet:-1","max-image-preview":"max-image-preview:large","max-video-preview":"max-video-preview:-1"},"canonical":"https:\/\/hubsch-interior.com\/de\/wp-json\/wp\/v2\/product\/694210","og_locale":"de_DE","og_type":"article","og_title":"Moving H\u00e4ngelampe Nickel - H\u00fcbsch","og_description":"Diese Moving H\u00e4ngelampe Nickel ist eine stilvolle Erg\u00e4nzung f\u00fcr jedes Zuhause. Sie besteht aus einem robusten Metallrahmen in Silber und ist dank des","og_url":"https:\/\/hubsch-interior.com\/de\/produkt\/moving-hangelampe-nickel\/","og_site_name":"H\u00fcbsch","article_modified_time":"2026-04-11T02:29:34+00:00","og_image":[{"width":1200,"height":1200,"url":"https:\/\/hubsch-interior.com\/wp-content\/uploads\/2024\/07\/moving-ceiling-light-nickel-3c57e9e15d0e20813e061d231cf54b54.jpg","type":"image\/jpeg"}],"twitter_card":"summary_large_image","schema":{"@context":"https:\/\/schema.org","@graph":[{"@type":"WebPage","@id":"https:\/\/hubsch-interior.com\/de\/produkt\/moving-hangelampe-nickel\/","url":"https:\/\/hubsch-interior.com\/de\/produkt\/moving-hangelampe-nickel\/","name":"Moving H\u00e4ngelampe Nickel - H\u00fcbsch","isPartOf":{"@id":"https:\/\/hubsch-interior.com\/de\/#website"},"primaryImageOfPage":{"@id":"https:\/\/hubsch-interior.com\/de\/produkt\/moving-hangelampe-nickel\/#primaryimage"},"image":{"@id":"https:\/\/hubsch-interior.com\/de\/produkt\/moving-hangelampe-nickel\/#primaryimage"},"thumbnailUrl":"https:\/\/hubsch-interior.com\/wp-content\/uploads\/2026\/02\/moving-pendant-nickel-a7c8c354747438373584d705002dd50f.jpg","datePublished":"2021-08-31T07:34:40+00:00","dateModified":"2026-04-11T02:29:34+00:00","description":"Diese Moving H\u00e4ngelampe Nickel ist eine stilvolle Erg\u00e4nzung f\u00fcr jedes Zuhause. Sie besteht aus einem robusten Metallrahmen in Silber und ist dank des","breadcrumb":{"@id":"https:\/\/hubsch-interior.com\/de\/produkt\/moving-hangelampe-nickel\/#breadcrumb"},"inLanguage":"de","potentialAction":[{"@type":"ReadAction","target":["https:\/\/hubsch-interior.com\/de\/produkt\/moving-hangelampe-nickel\/"]}]},{"@type":"ImageObject","inLanguage":"de","@id":"https:\/\/hubsch-interior.com\/de\/produkt\/moving-hangelampe-nickel\/#primaryimage","url":"https:\/\/hubsch-interior.com\/wp-content\/uploads\/2026\/02\/moving-pendant-nickel-a7c8c354747438373584d705002dd50f.jpg","contentUrl":"https:\/\/hubsch-interior.com\/wp-content\/uploads\/2026\/02\/moving-pendant-nickel-a7c8c354747438373584d705002dd50f.jpg","width":1024,"height":1024},{"@type":"BreadcrumbList","@id":"https:\/\/hubsch-interior.com\/de\/produkt\/moving-hangelampe-nickel\/#breadcrumb","itemListElement":[{"@type":"ListItem","position":1,"name":"Startseite","item":"https:\/\/hubsch-interior.com\/de\/"},{"@type":"ListItem","position":2,"name":"Produkte","item":"https:\/\/hubsch-interior.com\/de\/shop-2\/"},{"@type":"ListItem","position":3,"name":"Beleuchtung","item":"https:\/\/hubsch-interior.com\/de\/produkt-kategorie\/beleuchtung\/"},{"@type":"ListItem","position":4,"name":"H&auml;ngelampen","item":"https:\/\/hubsch-interior.com\/de\/produkt-kategorie\/beleuchtung\/haengelampen-de\/"},{"@type":"ListItem","position":5,"name":"Moving H\u00e4ngelampe Nickel"}]},{"@type":"WebSite","@id":"https:\/\/hubsch-interior.com\/de\/#website","url":"https:\/\/hubsch-interior.com\/de\/","name":"H\u00fcbsch","description":"Danish Home Interior and Design","publisher":{"@id":"https:\/\/hubsch-interior.com\/de\/#organization"},"potentialAction":[{"@type":"SearchAction","target":{"@type":"EntryPoint","urlTemplate":"https:\/\/hubsch-interior.com\/de\/?s={search_term_string}"},"query-input":{"@type":"PropertyValueSpecification","valueRequired":true,"valueName":"search_term_string"}}],"inLanguage":"de"},{"@type":"Organization","@id":"https:\/\/hubsch-interior.com\/de\/#organization","name":"H\u00fcbsch","url":"https:\/\/hubsch-interior.com\/de\/","logo":{"@type":"ImageObject","inLanguage":"de","@id":"https:\/\/hubsch-interior.com\/de\/#\/schema\/logo\/image\/","url":"https:\/\/hubsch-interior.com\/wp-content\/uploads\/2022\/12\/Hubsch_logo_black_one_line.svg","contentUrl":"https:\/\/hubsch-interior.com\/wp-content\/uploads\/2022\/12\/Hubsch_logo_black_one_line.svg","caption":"H\u00fcbsch"},"image":{"@id":"https:\/\/hubsch-interior.com\/de\/#\/schema\/logo\/image\/"}}]}},"_links":{"self":[{"href":"https:\/\/hubsch-interior.com\/de\/wp-json\/wp\/v2\/product\/694210","targetHints":{"allow":["GET"]}}],"collection":[{"href":"https:\/\/hubsch-interior.com\/de\/wp-json\/wp\/v2\/product"}],"about":[{"href":"https:\/\/hubsch-interior.com\/de\/wp-json\/wp\/v2\/types\/product"}],"wp:featuredmedia":[{"embeddable":true,"href":"https:\/\/hubsch-interior.com\/de\/wp-json\/wp\/v2\/media\/1097053"}],"wp:attachment":[{"href":"https:\/\/hubsch-interior.com\/de\/wp-json\/wp\/v2\/media?parent=694210"}],"wp:term":[{"taxonomy":"product_brand","embeddable":true,"href":"https:\/\/hubsch-interior.com\/de\/wp-json\/wp\/v2\/product_brand?post=694210"},{"taxonomy":"product_cat","embeddable":true,"href":"https:\/\/hubsch-interior.com\/de\/wp-json\/wp\/v2\/product_cat?post=694210"},{"taxonomy":"product_tag","embeddable":true,"href":"https:\/\/hubsch-interior.com\/de\/wp-json\/wp\/v2\/product_tag?post=694210"}],"curies":[{"name":"wp","href":"https:\/\/api.w.org\/{rel}","templated":true}]}}