{"id":694226,"date":"2021-08-31T09:34:51","date_gmt":"2021-08-31T07:34:51","guid":{"rendered":"https:\/\/hubsch-interior.com\/shop-b2c\/product\/product\/"},"modified":"2026-04-09T04:31:29","modified_gmt":"2026-04-09T02:31:29","slug":"retro-wandspiegel-runde-gebursteter-nickel","status":"publish","type":"product","link":"https:\/\/hubsch-interior.com\/de\/produkt\/retro-wandspiegel-runde-gebursteter-nickel\/","title":{"rendered":"Retro Wandspiegel Runde Geb\u00fcrsteter Nickel"},"content":{"rendered":"<p>Der Retro Wandspiegel Runde Nickel ist ein einzigartiger Spiegel im angesagten antiken Look. Hergestellt aus Metall und einem hochwertigen Spiegelglas, ist er ein toller Blickfang f\u00fcr jeden Raum. Der edle Rahmen aus Nickel sorgt f\u00fcr einen besonderen Vintage Look. Der Spiegel ist ein gro\u00dfartiger Blickfang f\u00fcr jeden Eingangsbereich oder Schlafzimmer. Mit seiner einzigartigen Optik und der hochwertigen Verarbeitung ist er ein unvergesslicher Blickfang in jeder Wohnung.<\/p>\n","protected":false},"excerpt":{"rendered":"<p>Der Retro Wandspiegel Runde Nickel ist ein einzigartiger Spiegel im angesagten antiken Look. Hergestellt aus Metall und einem hochwertigen Spiegelglas, ist er ein toller Blickfang f\u00fcr jeden Raum. Der edle Rahmen aus Nickel sorgt f\u00fcr einen besonderen Vintage Look. Der Spiegel ist ein gro\u00dfartiger Blickfang f\u00fcr jeden Eingangsbereich oder Schlafzimmer. Mit seiner einzigartigen Optik und [&hellip;]<\/p>\n","protected":false},"featured_media":1097251,"template":"","meta":{"_acf_changed":false,"inline_featured_image":false},"product_brand":[],"product_cat":[2925,2926],"product_tag":[],"class_list":{"0":"post-694226","1":"product","2":"type-product","3":"status-publish","4":"has-post-thumbnail","6":"product_cat-spiegel-de","7":"product_cat-wandspiegel-de","8":"product_shipping_class-pk","10":"pa_color-gebursteter-nickel","11":"pa_material-eisen-de","12":"pa_material-spiegelglas","14":"first","15":"instock","16":"taxable","17":"shipping-taxable","18":"purchasable","19":"product-type-simple"},"exclude_global_add_ons":[],"addons":[],"acf":[],"yoast_head":"<!-- This site is optimized with the Yoast SEO plugin v26.4 - https:\/\/yoast.com\/wordpress\/plugins\/seo\/ -->\n<title>Retro Wandspiegel Runde Geb\u00fcrsteter Nickel - H\u00fcbsch<\/title>\n<meta name=\"description\" content=\"Der Retro Wandspiegel Runde Nickel ist ein einzigartiger Spiegel im angesagten antiken Look. Hergestellt aus Metall und einem hochwertigen Spiegelglas,\" \/>\n<meta name=\"robots\" content=\"index, follow, max-snippet:-1, max-image-preview:large, max-video-preview:-1\" \/>\n<link rel=\"canonical\" href=\"https:\/\/hubsch-interior.com\/de\/wp-json\/wp\/v2\/product\/694226\" \/>\n<meta property=\"og:locale\" content=\"de_DE\" \/>\n<meta property=\"og:type\" content=\"article\" \/>\n<meta property=\"og:title\" content=\"Retro Wandspiegel Runde Geb\u00fcrsteter Nickel - H\u00fcbsch\" \/>\n<meta property=\"og:description\" content=\"Der Retro Wandspiegel Runde Nickel ist ein einzigartiger Spiegel im angesagten antiken Look. Hergestellt aus Metall und einem hochwertigen Spiegelglas,\" \/>\n<meta property=\"og:url\" content=\"https:\/\/hubsch-interior.com\/de\/produkt\/retro-wandspiegel-runde-gebursteter-nickel\/\" \/>\n<meta property=\"og:site_name\" content=\"H\u00fcbsch\" \/>\n<meta property=\"article:modified_time\" content=\"2026-04-09T02:31:29+00:00\" \/>\n<meta property=\"og:image\" content=\"https:\/\/hubsch-interior.com\/wp-content\/uploads\/2025\/04\/retro-wall-mirror-round-brushed-nickel-4942d402dedb227e10849f08486b1f77.jpg\" \/>\n\t<meta property=\"og:image:width\" content=\"1200\" \/>\n\t<meta property=\"og:image:height\" content=\"1200\" \/>\n\t<meta property=\"og:image:type\" content=\"image\/jpeg\" \/>\n<meta name=\"twitter:card\" content=\"summary_large_image\" \/>\n<script type=\"application\/ld+json\" class=\"yoast-schema-graph\">{\"@context\":\"https:\/\/schema.org\",\"@graph\":[{\"@type\":\"WebPage\",\"@id\":\"https:\/\/hubsch-interior.com\/de\/produkt\/retro-wandspiegel-runde-gebursteter-nickel\/\",\"url\":\"https:\/\/hubsch-interior.com\/de\/produkt\/retro-wandspiegel-runde-gebursteter-nickel\/\",\"name\":\"Retro Wandspiegel Runde Geb\u00fcrsteter Nickel - H\u00fcbsch\",\"isPartOf\":{\"@id\":\"https:\/\/hubsch-interior.com\/de\/#website\"},\"primaryImageOfPage\":{\"@id\":\"https:\/\/hubsch-interior.com\/de\/produkt\/retro-wandspiegel-runde-gebursteter-nickel\/#primaryimage\"},\"image\":{\"@id\":\"https:\/\/hubsch-interior.com\/de\/produkt\/retro-wandspiegel-runde-gebursteter-nickel\/#primaryimage\"},\"thumbnailUrl\":\"https:\/\/hubsch-interior.com\/wp-content\/uploads\/2026\/02\/retro-wall-mirror-round-brushed-nickel-e5cd293cd64a75b00b321ec99682d169.jpg\",\"datePublished\":\"2021-08-31T07:34:51+00:00\",\"dateModified\":\"2026-04-09T02:31:29+00:00\",\"description\":\"Der Retro Wandspiegel Runde Nickel ist ein einzigartiger Spiegel im angesagten antiken Look. Hergestellt aus Metall und einem hochwertigen Spiegelglas,\",\"breadcrumb\":{\"@id\":\"https:\/\/hubsch-interior.com\/de\/produkt\/retro-wandspiegel-runde-gebursteter-nickel\/#breadcrumb\"},\"inLanguage\":\"de\",\"potentialAction\":[{\"@type\":\"ReadAction\",\"target\":[\"https:\/\/hubsch-interior.com\/de\/produkt\/retro-wandspiegel-runde-gebursteter-nickel\/\"]}]},{\"@type\":\"ImageObject\",\"inLanguage\":\"de\",\"@id\":\"https:\/\/hubsch-interior.com\/de\/produkt\/retro-wandspiegel-runde-gebursteter-nickel\/#primaryimage\",\"url\":\"https:\/\/hubsch-interior.com\/wp-content\/uploads\/2026\/02\/retro-wall-mirror-round-brushed-nickel-e5cd293cd64a75b00b321ec99682d169.jpg\",\"contentUrl\":\"https:\/\/hubsch-interior.com\/wp-content\/uploads\/2026\/02\/retro-wall-mirror-round-brushed-nickel-e5cd293cd64a75b00b321ec99682d169.jpg\",\"width\":1024,\"height\":1024},{\"@type\":\"BreadcrumbList\",\"@id\":\"https:\/\/hubsch-interior.com\/de\/produkt\/retro-wandspiegel-runde-gebursteter-nickel\/#breadcrumb\",\"itemListElement\":[{\"@type\":\"ListItem\",\"position\":1,\"name\":\"Startseite\",\"item\":\"https:\/\/hubsch-interior.com\/de\/\"},{\"@type\":\"ListItem\",\"position\":2,\"name\":\"Produkte\",\"item\":\"https:\/\/hubsch-interior.com\/de\/shop-2\/\"},{\"@type\":\"ListItem\",\"position\":3,\"name\":\"Wohnaccessoires\",\"item\":\"https:\/\/hubsch-interior.com\/de\/produkt-kategorie\/wohnaccessoires\/\"},{\"@type\":\"ListItem\",\"position\":4,\"name\":\"Spiegel\",\"item\":\"https:\/\/hubsch-interior.com\/de\/produkt-kategorie\/wohnaccessoires\/spiegel-de\/\"},{\"@type\":\"ListItem\",\"position\":5,\"name\":\"Wandspiegel\",\"item\":\"https:\/\/hubsch-interior.com\/de\/produkt-kategorie\/wohnaccessoires\/spiegel-de\/wandspiegel-de\/\"},{\"@type\":\"ListItem\",\"position\":6,\"name\":\"Retro Wandspiegel Runde Geb\u00fcrsteter Nickel\"}]},{\"@type\":\"WebSite\",\"@id\":\"https:\/\/hubsch-interior.com\/de\/#website\",\"url\":\"https:\/\/hubsch-interior.com\/de\/\",\"name\":\"H\u00fcbsch\",\"description\":\"Danish Home Interior and Design\",\"publisher\":{\"@id\":\"https:\/\/hubsch-interior.com\/de\/#organization\"},\"potentialAction\":[{\"@type\":\"SearchAction\",\"target\":{\"@type\":\"EntryPoint\",\"urlTemplate\":\"https:\/\/hubsch-interior.com\/de\/?s={search_term_string}\"},\"query-input\":{\"@type\":\"PropertyValueSpecification\",\"valueRequired\":true,\"valueName\":\"search_term_string\"}}],\"inLanguage\":\"de\"},{\"@type\":\"Organization\",\"@id\":\"https:\/\/hubsch-interior.com\/de\/#organization\",\"name\":\"H\u00fcbsch\",\"url\":\"https:\/\/hubsch-interior.com\/de\/\",\"logo\":{\"@type\":\"ImageObject\",\"inLanguage\":\"de\",\"@id\":\"https:\/\/hubsch-interior.com\/de\/#\/schema\/logo\/image\/\",\"url\":\"https:\/\/hubsch-interior.com\/wp-content\/uploads\/2022\/12\/Hubsch_logo_black_one_line.svg\",\"contentUrl\":\"https:\/\/hubsch-interior.com\/wp-content\/uploads\/2022\/12\/Hubsch_logo_black_one_line.svg\",\"caption\":\"H\u00fcbsch\"},\"image\":{\"@id\":\"https:\/\/hubsch-interior.com\/de\/#\/schema\/logo\/image\/\"}}]}<\/script>\n<!-- \/ Yoast SEO plugin. -->","yoast_head_json":{"title":"Retro Wandspiegel Runde Geb\u00fcrsteter Nickel - H\u00fcbsch","description":"Der Retro Wandspiegel Runde Nickel ist ein einzigartiger Spiegel im angesagten antiken Look. Hergestellt aus Metall und einem hochwertigen Spiegelglas,","robots":{"index":"index","follow":"follow","max-snippet":"max-snippet:-1","max-image-preview":"max-image-preview:large","max-video-preview":"max-video-preview:-1"},"canonical":"https:\/\/hubsch-interior.com\/de\/wp-json\/wp\/v2\/product\/694226","og_locale":"de_DE","og_type":"article","og_title":"Retro Wandspiegel Runde Geb\u00fcrsteter Nickel - H\u00fcbsch","og_description":"Der Retro Wandspiegel Runde Nickel ist ein einzigartiger Spiegel im angesagten antiken Look. Hergestellt aus Metall und einem hochwertigen Spiegelglas,","og_url":"https:\/\/hubsch-interior.com\/de\/produkt\/retro-wandspiegel-runde-gebursteter-nickel\/","og_site_name":"H\u00fcbsch","article_modified_time":"2026-04-09T02:31:29+00:00","og_image":[{"width":1200,"height":1200,"url":"https:\/\/hubsch-interior.com\/wp-content\/uploads\/2025\/04\/retro-wall-mirror-round-brushed-nickel-4942d402dedb227e10849f08486b1f77.jpg","type":"image\/jpeg"}],"twitter_card":"summary_large_image","schema":{"@context":"https:\/\/schema.org","@graph":[{"@type":"WebPage","@id":"https:\/\/hubsch-interior.com\/de\/produkt\/retro-wandspiegel-runde-gebursteter-nickel\/","url":"https:\/\/hubsch-interior.com\/de\/produkt\/retro-wandspiegel-runde-gebursteter-nickel\/","name":"Retro Wandspiegel Runde Geb\u00fcrsteter Nickel - H\u00fcbsch","isPartOf":{"@id":"https:\/\/hubsch-interior.com\/de\/#website"},"primaryImageOfPage":{"@id":"https:\/\/hubsch-interior.com\/de\/produkt\/retro-wandspiegel-runde-gebursteter-nickel\/#primaryimage"},"image":{"@id":"https:\/\/hubsch-interior.com\/de\/produkt\/retro-wandspiegel-runde-gebursteter-nickel\/#primaryimage"},"thumbnailUrl":"https:\/\/hubsch-interior.com\/wp-content\/uploads\/2026\/02\/retro-wall-mirror-round-brushed-nickel-e5cd293cd64a75b00b321ec99682d169.jpg","datePublished":"2021-08-31T07:34:51+00:00","dateModified":"2026-04-09T02:31:29+00:00","description":"Der Retro Wandspiegel Runde Nickel ist ein einzigartiger Spiegel im angesagten antiken Look. Hergestellt aus Metall und einem hochwertigen Spiegelglas,","breadcrumb":{"@id":"https:\/\/hubsch-interior.com\/de\/produkt\/retro-wandspiegel-runde-gebursteter-nickel\/#breadcrumb"},"inLanguage":"de","potentialAction":[{"@type":"ReadAction","target":["https:\/\/hubsch-interior.com\/de\/produkt\/retro-wandspiegel-runde-gebursteter-nickel\/"]}]},{"@type":"ImageObject","inLanguage":"de","@id":"https:\/\/hubsch-interior.com\/de\/produkt\/retro-wandspiegel-runde-gebursteter-nickel\/#primaryimage","url":"https:\/\/hubsch-interior.com\/wp-content\/uploads\/2026\/02\/retro-wall-mirror-round-brushed-nickel-e5cd293cd64a75b00b321ec99682d169.jpg","contentUrl":"https:\/\/hubsch-interior.com\/wp-content\/uploads\/2026\/02\/retro-wall-mirror-round-brushed-nickel-e5cd293cd64a75b00b321ec99682d169.jpg","width":1024,"height":1024},{"@type":"BreadcrumbList","@id":"https:\/\/hubsch-interior.com\/de\/produkt\/retro-wandspiegel-runde-gebursteter-nickel\/#breadcrumb","itemListElement":[{"@type":"ListItem","position":1,"name":"Startseite","item":"https:\/\/hubsch-interior.com\/de\/"},{"@type":"ListItem","position":2,"name":"Produkte","item":"https:\/\/hubsch-interior.com\/de\/shop-2\/"},{"@type":"ListItem","position":3,"name":"Wohnaccessoires","item":"https:\/\/hubsch-interior.com\/de\/produkt-kategorie\/wohnaccessoires\/"},{"@type":"ListItem","position":4,"name":"Spiegel","item":"https:\/\/hubsch-interior.com\/de\/produkt-kategorie\/wohnaccessoires\/spiegel-de\/"},{"@type":"ListItem","position":5,"name":"Wandspiegel","item":"https:\/\/hubsch-interior.com\/de\/produkt-kategorie\/wohnaccessoires\/spiegel-de\/wandspiegel-de\/"},{"@type":"ListItem","position":6,"name":"Retro Wandspiegel Runde Geb\u00fcrsteter Nickel"}]},{"@type":"WebSite","@id":"https:\/\/hubsch-interior.com\/de\/#website","url":"https:\/\/hubsch-interior.com\/de\/","name":"H\u00fcbsch","description":"Danish Home Interior and Design","publisher":{"@id":"https:\/\/hubsch-interior.com\/de\/#organization"},"potentialAction":[{"@type":"SearchAction","target":{"@type":"EntryPoint","urlTemplate":"https:\/\/hubsch-interior.com\/de\/?s={search_term_string}"},"query-input":{"@type":"PropertyValueSpecification","valueRequired":true,"valueName":"search_term_string"}}],"inLanguage":"de"},{"@type":"Organization","@id":"https:\/\/hubsch-interior.com\/de\/#organization","name":"H\u00fcbsch","url":"https:\/\/hubsch-interior.com\/de\/","logo":{"@type":"ImageObject","inLanguage":"de","@id":"https:\/\/hubsch-interior.com\/de\/#\/schema\/logo\/image\/","url":"https:\/\/hubsch-interior.com\/wp-content\/uploads\/2022\/12\/Hubsch_logo_black_one_line.svg","contentUrl":"https:\/\/hubsch-interior.com\/wp-content\/uploads\/2022\/12\/Hubsch_logo_black_one_line.svg","caption":"H\u00fcbsch"},"image":{"@id":"https:\/\/hubsch-interior.com\/de\/#\/schema\/logo\/image\/"}}]}},"_links":{"self":[{"href":"https:\/\/hubsch-interior.com\/de\/wp-json\/wp\/v2\/product\/694226","targetHints":{"allow":["GET"]}}],"collection":[{"href":"https:\/\/hubsch-interior.com\/de\/wp-json\/wp\/v2\/product"}],"about":[{"href":"https:\/\/hubsch-interior.com\/de\/wp-json\/wp\/v2\/types\/product"}],"wp:featuredmedia":[{"embeddable":true,"href":"https:\/\/hubsch-interior.com\/de\/wp-json\/wp\/v2\/media\/1097251"}],"wp:attachment":[{"href":"https:\/\/hubsch-interior.com\/de\/wp-json\/wp\/v2\/media?parent=694226"}],"wp:term":[{"taxonomy":"product_brand","embeddable":true,"href":"https:\/\/hubsch-interior.com\/de\/wp-json\/wp\/v2\/product_brand?post=694226"},{"taxonomy":"product_cat","embeddable":true,"href":"https:\/\/hubsch-interior.com\/de\/wp-json\/wp\/v2\/product_cat?post=694226"},{"taxonomy":"product_tag","embeddable":true,"href":"https:\/\/hubsch-interior.com\/de\/wp-json\/wp\/v2\/product_tag?post=694226"}],"curies":[{"name":"wp","href":"https:\/\/api.w.org\/{rel}","templated":true}]}}