{"id":694362,"date":"2021-08-31T09:36:51","date_gmt":"2021-08-31T07:36:51","guid":{"rendered":"https:\/\/hubsch-interior.com\/shop-b2c\/product\/product\/"},"modified":"2026-04-14T04:34:09","modified_gmt":"2026-04-14T02:34:09","slug":"select-schalen-multifarben-5er-set","status":"publish","type":"product","link":"https:\/\/hubsch-interior.com\/de\/produkt\/select-schalen-multifarben-5er-set\/","title":{"rendered":"Select Schalen \u00a0Multifarben (5er Set)"},"content":{"rendered":"<p>Das Select Schalen Multifarben (5er Set) ist ein elegantes Set aus f\u00fcnf Schalen aus Porzellan in verschiedenen Farben, ideal zum Servieren und Genie\u00dfen von Speisen. Jede Schale ist mit einem einzigartigen Farbton versehen und schafft eine stilvolle Atmosph\u00e4re auf dem Tisch. Sie sind robust und langlebig, aber auch leicht zu reinigen. Ein Muss f\u00fcr jeden, der das Beste vom Besten m\u00f6chte!<\/p>\n","protected":false},"excerpt":{"rendered":"<p>Das Select Schalen Multifarben (5er Set) ist ein elegantes Set aus f\u00fcnf Schalen aus Porzellan in verschiedenen Farben, ideal zum Servieren und Genie\u00dfen von Speisen. Jede Schale ist mit einem einzigartigen Farbton versehen und schafft eine stilvolle Atmosph\u00e4re auf dem Tisch. Sie sind robust und langlebig, aber auch leicht zu reinigen. Ein Muss f\u00fcr jeden, [&hellip;]<\/p>\n","protected":false},"featured_media":1098091,"template":"","meta":{"_acf_changed":false,"inline_featured_image":false},"product_brand":[],"product_cat":[7044,7029,4055,4096,5027],"product_tag":[],"class_list":{"0":"post-694362","1":"product","2":"type-product","3":"status-publish","4":"has-post-thumbnail","6":"product_cat-servierschalen-de","7":"product_cat-tischgeschirr-de-2","8":"product_cat-kuechenzubehoer-de","9":"product_cat-tischgeschirr-de","10":"product_cat-bestsellers-de","11":"product_shipping_class-pk","13":"pa_color-multifarben-2","14":"pa_material-porzellan-de","16":"first","17":"instock","18":"featured","19":"taxable","20":"shipping-taxable","21":"purchasable","22":"product-type-simple"},"exclude_global_add_ons":[],"addons":[],"acf":[],"yoast_head":"<!-- This site is optimized with the Yoast SEO plugin v26.4 - https:\/\/yoast.com\/wordpress\/plugins\/seo\/ -->\n<title>Select Schalen \u00a0Multifarben (5er Set) - H\u00fcbsch<\/title>\n<meta name=\"description\" content=\"Das Select Schalen Multifarben (5er Set) ist ein elegantes Set aus f\u00fcnf Schalen aus Porzellan in verschiedenen Farben, ideal zum Servieren und Genie\u00dfen\" \/>\n<meta name=\"robots\" content=\"index, follow, max-snippet:-1, max-image-preview:large, max-video-preview:-1\" \/>\n<link rel=\"canonical\" href=\"https:\/\/hubsch-interior.com\/de\/wp-json\/wp\/v2\/product\/694362\" \/>\n<meta property=\"og:locale\" content=\"de_DE\" \/>\n<meta property=\"og:type\" content=\"article\" \/>\n<meta property=\"og:title\" content=\"Select Schalen \u00a0Multifarben (5er Set) - H\u00fcbsch\" \/>\n<meta property=\"og:description\" content=\"Das Select Schalen Multifarben (5er Set) ist ein elegantes Set aus f\u00fcnf Schalen aus Porzellan in verschiedenen Farben, ideal zum Servieren und Genie\u00dfen\" \/>\n<meta property=\"og:url\" content=\"https:\/\/hubsch-interior.com\/de\/produkt\/select-schalen-multifarben-5er-set\/\" \/>\n<meta property=\"og:site_name\" content=\"H\u00fcbsch\" \/>\n<meta property=\"article:modified_time\" content=\"2026-04-14T02:34:09+00:00\" \/>\n<meta property=\"og:image\" content=\"https:\/\/hubsch-interior.com\/wp-content\/uploads\/2023\/08\/select-bowls-multicolour-set-of-5-c290d66a4bcddb3cd8665d1ce72ffe22.jpg\" \/>\n\t<meta property=\"og:image:width\" content=\"1200\" \/>\n\t<meta property=\"og:image:height\" content=\"1200\" \/>\n\t<meta property=\"og:image:type\" content=\"image\/jpeg\" \/>\n<meta name=\"twitter:card\" content=\"summary_large_image\" \/>\n<script type=\"application\/ld+json\" class=\"yoast-schema-graph\">{\"@context\":\"https:\/\/schema.org\",\"@graph\":[{\"@type\":\"WebPage\",\"@id\":\"https:\/\/hubsch-interior.com\/de\/produkt\/select-schalen-multifarben-5er-set\/\",\"url\":\"https:\/\/hubsch-interior.com\/de\/produkt\/select-schalen-multifarben-5er-set\/\",\"name\":\"Select Schalen \u00a0Multifarben (5er Set) - H\u00fcbsch\",\"isPartOf\":{\"@id\":\"https:\/\/hubsch-interior.com\/de\/#website\"},\"primaryImageOfPage\":{\"@id\":\"https:\/\/hubsch-interior.com\/de\/produkt\/select-schalen-multifarben-5er-set\/#primaryimage\"},\"image\":{\"@id\":\"https:\/\/hubsch-interior.com\/de\/produkt\/select-schalen-multifarben-5er-set\/#primaryimage\"},\"thumbnailUrl\":\"https:\/\/hubsch-interior.com\/wp-content\/uploads\/2026\/02\/select-bowls-multicolour-set-of-5-f32ca16b284d93461652a1640116701d.jpg\",\"datePublished\":\"2021-08-31T07:36:51+00:00\",\"dateModified\":\"2026-04-14T02:34:09+00:00\",\"description\":\"Das Select Schalen Multifarben (5er Set) ist ein elegantes Set aus f\u00fcnf Schalen aus Porzellan in verschiedenen Farben, ideal zum Servieren und Genie\u00dfen\",\"breadcrumb\":{\"@id\":\"https:\/\/hubsch-interior.com\/de\/produkt\/select-schalen-multifarben-5er-set\/#breadcrumb\"},\"inLanguage\":\"de\",\"potentialAction\":[{\"@type\":\"ReadAction\",\"target\":[\"https:\/\/hubsch-interior.com\/de\/produkt\/select-schalen-multifarben-5er-set\/\"]}]},{\"@type\":\"ImageObject\",\"inLanguage\":\"de\",\"@id\":\"https:\/\/hubsch-interior.com\/de\/produkt\/select-schalen-multifarben-5er-set\/#primaryimage\",\"url\":\"https:\/\/hubsch-interior.com\/wp-content\/uploads\/2026\/02\/select-bowls-multicolour-set-of-5-f32ca16b284d93461652a1640116701d.jpg\",\"contentUrl\":\"https:\/\/hubsch-interior.com\/wp-content\/uploads\/2026\/02\/select-bowls-multicolour-set-of-5-f32ca16b284d93461652a1640116701d.jpg\",\"width\":1024,\"height\":1024},{\"@type\":\"BreadcrumbList\",\"@id\":\"https:\/\/hubsch-interior.com\/de\/produkt\/select-schalen-multifarben-5er-set\/#breadcrumb\",\"itemListElement\":[{\"@type\":\"ListItem\",\"position\":1,\"name\":\"Startseite\",\"item\":\"https:\/\/hubsch-interior.com\/de\/\"},{\"@type\":\"ListItem\",\"position\":2,\"name\":\"Produkte\",\"item\":\"https:\/\/hubsch-interior.com\/de\/shop-2\/\"},{\"@type\":\"ListItem\",\"position\":3,\"name\":\"K\u00fcche\",\"item\":\"https:\/\/hubsch-interior.com\/de\/produkt-kategorie\/kuche\/\"},{\"@type\":\"ListItem\",\"position\":4,\"name\":\"Tischgeschirr\",\"item\":\"https:\/\/hubsch-interior.com\/de\/produkt-kategorie\/kuche\/tischgeschirr-de-2\/\"},{\"@type\":\"ListItem\",\"position\":5,\"name\":\"Servierschalen\",\"item\":\"https:\/\/hubsch-interior.com\/de\/produkt-kategorie\/kuche\/tischgeschirr-de-2\/servierschalen-de\/\"},{\"@type\":\"ListItem\",\"position\":6,\"name\":\"Select Schalen \u00a0Multifarben (5er Set)\"}]},{\"@type\":\"WebSite\",\"@id\":\"https:\/\/hubsch-interior.com\/de\/#website\",\"url\":\"https:\/\/hubsch-interior.com\/de\/\",\"name\":\"H\u00fcbsch\",\"description\":\"Danish Home Interior and Design\",\"publisher\":{\"@id\":\"https:\/\/hubsch-interior.com\/de\/#organization\"},\"potentialAction\":[{\"@type\":\"SearchAction\",\"target\":{\"@type\":\"EntryPoint\",\"urlTemplate\":\"https:\/\/hubsch-interior.com\/de\/?s={search_term_string}\"},\"query-input\":{\"@type\":\"PropertyValueSpecification\",\"valueRequired\":true,\"valueName\":\"search_term_string\"}}],\"inLanguage\":\"de\"},{\"@type\":\"Organization\",\"@id\":\"https:\/\/hubsch-interior.com\/de\/#organization\",\"name\":\"H\u00fcbsch\",\"url\":\"https:\/\/hubsch-interior.com\/de\/\",\"logo\":{\"@type\":\"ImageObject\",\"inLanguage\":\"de\",\"@id\":\"https:\/\/hubsch-interior.com\/de\/#\/schema\/logo\/image\/\",\"url\":\"https:\/\/hubsch-interior.com\/wp-content\/uploads\/2022\/12\/Hubsch_logo_black_one_line.svg\",\"contentUrl\":\"https:\/\/hubsch-interior.com\/wp-content\/uploads\/2022\/12\/Hubsch_logo_black_one_line.svg\",\"caption\":\"H\u00fcbsch\"},\"image\":{\"@id\":\"https:\/\/hubsch-interior.com\/de\/#\/schema\/logo\/image\/\"}}]}<\/script>\n<!-- \/ Yoast SEO plugin. -->","yoast_head_json":{"title":"Select Schalen \u00a0Multifarben (5er Set) - H\u00fcbsch","description":"Das Select Schalen Multifarben (5er Set) ist ein elegantes Set aus f\u00fcnf Schalen aus Porzellan in verschiedenen Farben, ideal zum Servieren und Genie\u00dfen","robots":{"index":"index","follow":"follow","max-snippet":"max-snippet:-1","max-image-preview":"max-image-preview:large","max-video-preview":"max-video-preview:-1"},"canonical":"https:\/\/hubsch-interior.com\/de\/wp-json\/wp\/v2\/product\/694362","og_locale":"de_DE","og_type":"article","og_title":"Select Schalen \u00a0Multifarben (5er Set) - H\u00fcbsch","og_description":"Das Select Schalen Multifarben (5er Set) ist ein elegantes Set aus f\u00fcnf Schalen aus Porzellan in verschiedenen Farben, ideal zum Servieren und Genie\u00dfen","og_url":"https:\/\/hubsch-interior.com\/de\/produkt\/select-schalen-multifarben-5er-set\/","og_site_name":"H\u00fcbsch","article_modified_time":"2026-04-14T02:34:09+00:00","og_image":[{"width":1200,"height":1200,"url":"https:\/\/hubsch-interior.com\/wp-content\/uploads\/2023\/08\/select-bowls-multicolour-set-of-5-c290d66a4bcddb3cd8665d1ce72ffe22.jpg","type":"image\/jpeg"}],"twitter_card":"summary_large_image","schema":{"@context":"https:\/\/schema.org","@graph":[{"@type":"WebPage","@id":"https:\/\/hubsch-interior.com\/de\/produkt\/select-schalen-multifarben-5er-set\/","url":"https:\/\/hubsch-interior.com\/de\/produkt\/select-schalen-multifarben-5er-set\/","name":"Select Schalen \u00a0Multifarben (5er Set) - H\u00fcbsch","isPartOf":{"@id":"https:\/\/hubsch-interior.com\/de\/#website"},"primaryImageOfPage":{"@id":"https:\/\/hubsch-interior.com\/de\/produkt\/select-schalen-multifarben-5er-set\/#primaryimage"},"image":{"@id":"https:\/\/hubsch-interior.com\/de\/produkt\/select-schalen-multifarben-5er-set\/#primaryimage"},"thumbnailUrl":"https:\/\/hubsch-interior.com\/wp-content\/uploads\/2026\/02\/select-bowls-multicolour-set-of-5-f32ca16b284d93461652a1640116701d.jpg","datePublished":"2021-08-31T07:36:51+00:00","dateModified":"2026-04-14T02:34:09+00:00","description":"Das Select Schalen Multifarben (5er Set) ist ein elegantes Set aus f\u00fcnf Schalen aus Porzellan in verschiedenen Farben, ideal zum Servieren und Genie\u00dfen","breadcrumb":{"@id":"https:\/\/hubsch-interior.com\/de\/produkt\/select-schalen-multifarben-5er-set\/#breadcrumb"},"inLanguage":"de","potentialAction":[{"@type":"ReadAction","target":["https:\/\/hubsch-interior.com\/de\/produkt\/select-schalen-multifarben-5er-set\/"]}]},{"@type":"ImageObject","inLanguage":"de","@id":"https:\/\/hubsch-interior.com\/de\/produkt\/select-schalen-multifarben-5er-set\/#primaryimage","url":"https:\/\/hubsch-interior.com\/wp-content\/uploads\/2026\/02\/select-bowls-multicolour-set-of-5-f32ca16b284d93461652a1640116701d.jpg","contentUrl":"https:\/\/hubsch-interior.com\/wp-content\/uploads\/2026\/02\/select-bowls-multicolour-set-of-5-f32ca16b284d93461652a1640116701d.jpg","width":1024,"height":1024},{"@type":"BreadcrumbList","@id":"https:\/\/hubsch-interior.com\/de\/produkt\/select-schalen-multifarben-5er-set\/#breadcrumb","itemListElement":[{"@type":"ListItem","position":1,"name":"Startseite","item":"https:\/\/hubsch-interior.com\/de\/"},{"@type":"ListItem","position":2,"name":"Produkte","item":"https:\/\/hubsch-interior.com\/de\/shop-2\/"},{"@type":"ListItem","position":3,"name":"K\u00fcche","item":"https:\/\/hubsch-interior.com\/de\/produkt-kategorie\/kuche\/"},{"@type":"ListItem","position":4,"name":"Tischgeschirr","item":"https:\/\/hubsch-interior.com\/de\/produkt-kategorie\/kuche\/tischgeschirr-de-2\/"},{"@type":"ListItem","position":5,"name":"Servierschalen","item":"https:\/\/hubsch-interior.com\/de\/produkt-kategorie\/kuche\/tischgeschirr-de-2\/servierschalen-de\/"},{"@type":"ListItem","position":6,"name":"Select Schalen \u00a0Multifarben (5er Set)"}]},{"@type":"WebSite","@id":"https:\/\/hubsch-interior.com\/de\/#website","url":"https:\/\/hubsch-interior.com\/de\/","name":"H\u00fcbsch","description":"Danish Home Interior and Design","publisher":{"@id":"https:\/\/hubsch-interior.com\/de\/#organization"},"potentialAction":[{"@type":"SearchAction","target":{"@type":"EntryPoint","urlTemplate":"https:\/\/hubsch-interior.com\/de\/?s={search_term_string}"},"query-input":{"@type":"PropertyValueSpecification","valueRequired":true,"valueName":"search_term_string"}}],"inLanguage":"de"},{"@type":"Organization","@id":"https:\/\/hubsch-interior.com\/de\/#organization","name":"H\u00fcbsch","url":"https:\/\/hubsch-interior.com\/de\/","logo":{"@type":"ImageObject","inLanguage":"de","@id":"https:\/\/hubsch-interior.com\/de\/#\/schema\/logo\/image\/","url":"https:\/\/hubsch-interior.com\/wp-content\/uploads\/2022\/12\/Hubsch_logo_black_one_line.svg","contentUrl":"https:\/\/hubsch-interior.com\/wp-content\/uploads\/2022\/12\/Hubsch_logo_black_one_line.svg","caption":"H\u00fcbsch"},"image":{"@id":"https:\/\/hubsch-interior.com\/de\/#\/schema\/logo\/image\/"}}]}},"_links":{"self":[{"href":"https:\/\/hubsch-interior.com\/de\/wp-json\/wp\/v2\/product\/694362","targetHints":{"allow":["GET"]}}],"collection":[{"href":"https:\/\/hubsch-interior.com\/de\/wp-json\/wp\/v2\/product"}],"about":[{"href":"https:\/\/hubsch-interior.com\/de\/wp-json\/wp\/v2\/types\/product"}],"wp:featuredmedia":[{"embeddable":true,"href":"https:\/\/hubsch-interior.com\/de\/wp-json\/wp\/v2\/media\/1098091"}],"wp:attachment":[{"href":"https:\/\/hubsch-interior.com\/de\/wp-json\/wp\/v2\/media?parent=694362"}],"wp:term":[{"taxonomy":"product_brand","embeddable":true,"href":"https:\/\/hubsch-interior.com\/de\/wp-json\/wp\/v2\/product_brand?post=694362"},{"taxonomy":"product_cat","embeddable":true,"href":"https:\/\/hubsch-interior.com\/de\/wp-json\/wp\/v2\/product_cat?post=694362"},{"taxonomy":"product_tag","embeddable":true,"href":"https:\/\/hubsch-interior.com\/de\/wp-json\/wp\/v2\/product_tag?post=694362"}],"curies":[{"name":"wp","href":"https:\/\/api.w.org\/{rel}","templated":true}]}}