{"id":694378,"date":"2021-08-31T09:37:01","date_gmt":"2021-08-31T07:37:01","guid":{"rendered":"https:\/\/hubsch-interior.com\/shop-b2c\/product\/product\/"},"modified":"2026-04-09T04:34:25","modified_gmt":"2026-04-09T02:34:25","slug":"flicker-teelichthalter-grun","status":"publish","type":"product","link":"https:\/\/hubsch-interior.com\/de\/produkt\/flicker-teelichthalter-grun\/","title":{"rendered":"Flicker Teelichthalter Gr\u00fcn"},"content":{"rendered":"<p>Der Flicker Teelichthalter in Gr\u00fcn ist ein dekoratives Glasprodukt. Es ist ein einzigartiger Teelichthalter, der eine sch\u00f6ne und unvergessliche Atmosph\u00e4re in Ihrem Zuhause schafft. Durch sein gr\u00fcnes Glas ist er ein sch\u00f6nes Accessoire, das Ihr Zuhause noch sch\u00f6ner macht. Er ist ein Muss f\u00fcr jeden, der nach einem einzigartigen und unvergesslichen Teelichthalter sucht.<\/p>\n","protected":false},"excerpt":{"rendered":"<p>Der Flicker Teelichthalter in Gr\u00fcn ist ein dekoratives Glasprodukt. Es ist ein einzigartiger Teelichthalter, der eine sch\u00f6ne und unvergessliche Atmosph\u00e4re in Ihrem Zuhause schafft. Durch sein gr\u00fcnes Glas ist er ein sch\u00f6nes Accessoire, das Ihr Zuhause noch sch\u00f6ner macht. Er ist ein Muss f\u00fcr jeden, der nach einem einzigartigen und unvergesslichen Teelichthalter sucht.<\/p>\n","protected":false},"featured_media":1098103,"template":"","meta":{"_acf_changed":false,"inline_featured_image":false},"product_brand":[],"product_cat":[4067,4068],"product_tag":[],"class_list":{"0":"post-694378","1":"product","2":"type-product","3":"status-publish","4":"has-post-thumbnail","6":"product_cat-kerzenstaender-laternen-de","7":"product_cat-kerzenstaender-de","8":"product_shipping_class-pk","10":"pa_color-grn-2","11":"pa_material-glas-de","13":"first","14":"instock","15":"taxable","16":"shipping-taxable","17":"purchasable","18":"product-type-simple"},"exclude_global_add_ons":[],"addons":[],"acf":[],"yoast_head":"<!-- This site is optimized with the Yoast SEO plugin v26.4 - https:\/\/yoast.com\/wordpress\/plugins\/seo\/ -->\n<title>Flicker Teelichthalter Gr\u00fcn - H\u00fcbsch<\/title>\n<meta name=\"description\" content=\"Der Flicker Teelichthalter in Gr\u00fcn ist ein dekoratives Glasprodukt. Es ist ein einzigartiger Teelichthalter, der eine sch\u00f6ne und unvergessliche Atmosph\u00e4re\" \/>\n<meta name=\"robots\" content=\"index, follow, max-snippet:-1, max-image-preview:large, max-video-preview:-1\" \/>\n<link rel=\"canonical\" href=\"https:\/\/hubsch-interior.com\/de\/wp-json\/wp\/v2\/product\/694378\" \/>\n<meta property=\"og:locale\" content=\"de_DE\" \/>\n<meta property=\"og:type\" content=\"article\" \/>\n<meta property=\"og:title\" content=\"Flicker Teelichthalter Gr\u00fcn - H\u00fcbsch\" \/>\n<meta property=\"og:description\" content=\"Der Flicker Teelichthalter in Gr\u00fcn ist ein dekoratives Glasprodukt. Es ist ein einzigartiger Teelichthalter, der eine sch\u00f6ne und unvergessliche Atmosph\u00e4re\" \/>\n<meta property=\"og:url\" content=\"https:\/\/hubsch-interior.com\/de\/produkt\/flicker-teelichthalter-grun\/\" \/>\n<meta property=\"og:site_name\" content=\"H\u00fcbsch\" \/>\n<meta property=\"article:modified_time\" content=\"2026-04-09T02:34:25+00:00\" \/>\n<meta property=\"og:image\" content=\"https:\/\/hubsch-interior.com\/wp-content\/uploads\/2025\/04\/flicker-tealight-holder-green-a2295472506955e052a33f6a6566d751.jpg\" \/>\n\t<meta property=\"og:image:width\" content=\"1200\" \/>\n\t<meta property=\"og:image:height\" content=\"1200\" \/>\n\t<meta property=\"og:image:type\" content=\"image\/jpeg\" \/>\n<meta name=\"twitter:card\" content=\"summary_large_image\" \/>\n<script type=\"application\/ld+json\" class=\"yoast-schema-graph\">{\"@context\":\"https:\/\/schema.org\",\"@graph\":[{\"@type\":\"WebPage\",\"@id\":\"https:\/\/hubsch-interior.com\/de\/produkt\/flicker-teelichthalter-grun\/\",\"url\":\"https:\/\/hubsch-interior.com\/de\/produkt\/flicker-teelichthalter-grun\/\",\"name\":\"Flicker Teelichthalter Gr\u00fcn - H\u00fcbsch\",\"isPartOf\":{\"@id\":\"https:\/\/hubsch-interior.com\/de\/#website\"},\"primaryImageOfPage\":{\"@id\":\"https:\/\/hubsch-interior.com\/de\/produkt\/flicker-teelichthalter-grun\/#primaryimage\"},\"image\":{\"@id\":\"https:\/\/hubsch-interior.com\/de\/produkt\/flicker-teelichthalter-grun\/#primaryimage\"},\"thumbnailUrl\":\"https:\/\/hubsch-interior.com\/wp-content\/uploads\/2026\/02\/flicker-tealight-holder-green-b9a3452451da46bad6e131aa45404c0a.jpg\",\"datePublished\":\"2021-08-31T07:37:01+00:00\",\"dateModified\":\"2026-04-09T02:34:25+00:00\",\"description\":\"Der Flicker Teelichthalter in Gr\u00fcn ist ein dekoratives Glasprodukt. Es ist ein einzigartiger Teelichthalter, der eine sch\u00f6ne und unvergessliche Atmosph\u00e4re\",\"breadcrumb\":{\"@id\":\"https:\/\/hubsch-interior.com\/de\/produkt\/flicker-teelichthalter-grun\/#breadcrumb\"},\"inLanguage\":\"de\",\"potentialAction\":[{\"@type\":\"ReadAction\",\"target\":[\"https:\/\/hubsch-interior.com\/de\/produkt\/flicker-teelichthalter-grun\/\"]}]},{\"@type\":\"ImageObject\",\"inLanguage\":\"de\",\"@id\":\"https:\/\/hubsch-interior.com\/de\/produkt\/flicker-teelichthalter-grun\/#primaryimage\",\"url\":\"https:\/\/hubsch-interior.com\/wp-content\/uploads\/2026\/02\/flicker-tealight-holder-green-b9a3452451da46bad6e131aa45404c0a.jpg\",\"contentUrl\":\"https:\/\/hubsch-interior.com\/wp-content\/uploads\/2026\/02\/flicker-tealight-holder-green-b9a3452451da46bad6e131aa45404c0a.jpg\",\"width\":1024,\"height\":1024},{\"@type\":\"BreadcrumbList\",\"@id\":\"https:\/\/hubsch-interior.com\/de\/produkt\/flicker-teelichthalter-grun\/#breadcrumb\",\"itemListElement\":[{\"@type\":\"ListItem\",\"position\":1,\"name\":\"Startseite\",\"item\":\"https:\/\/hubsch-interior.com\/de\/\"},{\"@type\":\"ListItem\",\"position\":2,\"name\":\"Produkte\",\"item\":\"https:\/\/hubsch-interior.com\/de\/shop-2\/\"},{\"@type\":\"ListItem\",\"position\":3,\"name\":\"Wohnaccessoires\",\"item\":\"https:\/\/hubsch-interior.com\/de\/produkt-kategorie\/wohnaccessoires\/\"},{\"@type\":\"ListItem\",\"position\":4,\"name\":\"Kerzenst&auml;nder &amp; Laternen\",\"item\":\"https:\/\/hubsch-interior.com\/de\/produkt-kategorie\/wohnaccessoires\/kerzenstaender-laternen-de\/\"},{\"@type\":\"ListItem\",\"position\":5,\"name\":\"Kerzenst&auml;nder\",\"item\":\"https:\/\/hubsch-interior.com\/de\/produkt-kategorie\/wohnaccessoires\/kerzenstaender-laternen-de\/kerzenstaender-de\/\"},{\"@type\":\"ListItem\",\"position\":6,\"name\":\"Flicker Teelichthalter Gr\u00fcn\"}]},{\"@type\":\"WebSite\",\"@id\":\"https:\/\/hubsch-interior.com\/de\/#website\",\"url\":\"https:\/\/hubsch-interior.com\/de\/\",\"name\":\"H\u00fcbsch\",\"description\":\"Danish Home Interior and Design\",\"publisher\":{\"@id\":\"https:\/\/hubsch-interior.com\/de\/#organization\"},\"potentialAction\":[{\"@type\":\"SearchAction\",\"target\":{\"@type\":\"EntryPoint\",\"urlTemplate\":\"https:\/\/hubsch-interior.com\/de\/?s={search_term_string}\"},\"query-input\":{\"@type\":\"PropertyValueSpecification\",\"valueRequired\":true,\"valueName\":\"search_term_string\"}}],\"inLanguage\":\"de\"},{\"@type\":\"Organization\",\"@id\":\"https:\/\/hubsch-interior.com\/de\/#organization\",\"name\":\"H\u00fcbsch\",\"url\":\"https:\/\/hubsch-interior.com\/de\/\",\"logo\":{\"@type\":\"ImageObject\",\"inLanguage\":\"de\",\"@id\":\"https:\/\/hubsch-interior.com\/de\/#\/schema\/logo\/image\/\",\"url\":\"https:\/\/hubsch-interior.com\/wp-content\/uploads\/2022\/12\/Hubsch_logo_black_one_line.svg\",\"contentUrl\":\"https:\/\/hubsch-interior.com\/wp-content\/uploads\/2022\/12\/Hubsch_logo_black_one_line.svg\",\"caption\":\"H\u00fcbsch\"},\"image\":{\"@id\":\"https:\/\/hubsch-interior.com\/de\/#\/schema\/logo\/image\/\"}}]}<\/script>\n<!-- \/ Yoast SEO plugin. -->","yoast_head_json":{"title":"Flicker Teelichthalter Gr\u00fcn - H\u00fcbsch","description":"Der Flicker Teelichthalter in Gr\u00fcn ist ein dekoratives Glasprodukt. Es ist ein einzigartiger Teelichthalter, der eine sch\u00f6ne und unvergessliche Atmosph\u00e4re","robots":{"index":"index","follow":"follow","max-snippet":"max-snippet:-1","max-image-preview":"max-image-preview:large","max-video-preview":"max-video-preview:-1"},"canonical":"https:\/\/hubsch-interior.com\/de\/wp-json\/wp\/v2\/product\/694378","og_locale":"de_DE","og_type":"article","og_title":"Flicker Teelichthalter Gr\u00fcn - H\u00fcbsch","og_description":"Der Flicker Teelichthalter in Gr\u00fcn ist ein dekoratives Glasprodukt. Es ist ein einzigartiger Teelichthalter, der eine sch\u00f6ne und unvergessliche Atmosph\u00e4re","og_url":"https:\/\/hubsch-interior.com\/de\/produkt\/flicker-teelichthalter-grun\/","og_site_name":"H\u00fcbsch","article_modified_time":"2026-04-09T02:34:25+00:00","og_image":[{"width":1200,"height":1200,"url":"https:\/\/hubsch-interior.com\/wp-content\/uploads\/2025\/04\/flicker-tealight-holder-green-a2295472506955e052a33f6a6566d751.jpg","type":"image\/jpeg"}],"twitter_card":"summary_large_image","schema":{"@context":"https:\/\/schema.org","@graph":[{"@type":"WebPage","@id":"https:\/\/hubsch-interior.com\/de\/produkt\/flicker-teelichthalter-grun\/","url":"https:\/\/hubsch-interior.com\/de\/produkt\/flicker-teelichthalter-grun\/","name":"Flicker Teelichthalter Gr\u00fcn - H\u00fcbsch","isPartOf":{"@id":"https:\/\/hubsch-interior.com\/de\/#website"},"primaryImageOfPage":{"@id":"https:\/\/hubsch-interior.com\/de\/produkt\/flicker-teelichthalter-grun\/#primaryimage"},"image":{"@id":"https:\/\/hubsch-interior.com\/de\/produkt\/flicker-teelichthalter-grun\/#primaryimage"},"thumbnailUrl":"https:\/\/hubsch-interior.com\/wp-content\/uploads\/2026\/02\/flicker-tealight-holder-green-b9a3452451da46bad6e131aa45404c0a.jpg","datePublished":"2021-08-31T07:37:01+00:00","dateModified":"2026-04-09T02:34:25+00:00","description":"Der Flicker Teelichthalter in Gr\u00fcn ist ein dekoratives Glasprodukt. Es ist ein einzigartiger Teelichthalter, der eine sch\u00f6ne und unvergessliche Atmosph\u00e4re","breadcrumb":{"@id":"https:\/\/hubsch-interior.com\/de\/produkt\/flicker-teelichthalter-grun\/#breadcrumb"},"inLanguage":"de","potentialAction":[{"@type":"ReadAction","target":["https:\/\/hubsch-interior.com\/de\/produkt\/flicker-teelichthalter-grun\/"]}]},{"@type":"ImageObject","inLanguage":"de","@id":"https:\/\/hubsch-interior.com\/de\/produkt\/flicker-teelichthalter-grun\/#primaryimage","url":"https:\/\/hubsch-interior.com\/wp-content\/uploads\/2026\/02\/flicker-tealight-holder-green-b9a3452451da46bad6e131aa45404c0a.jpg","contentUrl":"https:\/\/hubsch-interior.com\/wp-content\/uploads\/2026\/02\/flicker-tealight-holder-green-b9a3452451da46bad6e131aa45404c0a.jpg","width":1024,"height":1024},{"@type":"BreadcrumbList","@id":"https:\/\/hubsch-interior.com\/de\/produkt\/flicker-teelichthalter-grun\/#breadcrumb","itemListElement":[{"@type":"ListItem","position":1,"name":"Startseite","item":"https:\/\/hubsch-interior.com\/de\/"},{"@type":"ListItem","position":2,"name":"Produkte","item":"https:\/\/hubsch-interior.com\/de\/shop-2\/"},{"@type":"ListItem","position":3,"name":"Wohnaccessoires","item":"https:\/\/hubsch-interior.com\/de\/produkt-kategorie\/wohnaccessoires\/"},{"@type":"ListItem","position":4,"name":"Kerzenst&auml;nder &amp; Laternen","item":"https:\/\/hubsch-interior.com\/de\/produkt-kategorie\/wohnaccessoires\/kerzenstaender-laternen-de\/"},{"@type":"ListItem","position":5,"name":"Kerzenst&auml;nder","item":"https:\/\/hubsch-interior.com\/de\/produkt-kategorie\/wohnaccessoires\/kerzenstaender-laternen-de\/kerzenstaender-de\/"},{"@type":"ListItem","position":6,"name":"Flicker Teelichthalter Gr\u00fcn"}]},{"@type":"WebSite","@id":"https:\/\/hubsch-interior.com\/de\/#website","url":"https:\/\/hubsch-interior.com\/de\/","name":"H\u00fcbsch","description":"Danish Home Interior and Design","publisher":{"@id":"https:\/\/hubsch-interior.com\/de\/#organization"},"potentialAction":[{"@type":"SearchAction","target":{"@type":"EntryPoint","urlTemplate":"https:\/\/hubsch-interior.com\/de\/?s={search_term_string}"},"query-input":{"@type":"PropertyValueSpecification","valueRequired":true,"valueName":"search_term_string"}}],"inLanguage":"de"},{"@type":"Organization","@id":"https:\/\/hubsch-interior.com\/de\/#organization","name":"H\u00fcbsch","url":"https:\/\/hubsch-interior.com\/de\/","logo":{"@type":"ImageObject","inLanguage":"de","@id":"https:\/\/hubsch-interior.com\/de\/#\/schema\/logo\/image\/","url":"https:\/\/hubsch-interior.com\/wp-content\/uploads\/2022\/12\/Hubsch_logo_black_one_line.svg","contentUrl":"https:\/\/hubsch-interior.com\/wp-content\/uploads\/2022\/12\/Hubsch_logo_black_one_line.svg","caption":"H\u00fcbsch"},"image":{"@id":"https:\/\/hubsch-interior.com\/de\/#\/schema\/logo\/image\/"}}]}},"_links":{"self":[{"href":"https:\/\/hubsch-interior.com\/de\/wp-json\/wp\/v2\/product\/694378","targetHints":{"allow":["GET"]}}],"collection":[{"href":"https:\/\/hubsch-interior.com\/de\/wp-json\/wp\/v2\/product"}],"about":[{"href":"https:\/\/hubsch-interior.com\/de\/wp-json\/wp\/v2\/types\/product"}],"wp:featuredmedia":[{"embeddable":true,"href":"https:\/\/hubsch-interior.com\/de\/wp-json\/wp\/v2\/media\/1098103"}],"wp:attachment":[{"href":"https:\/\/hubsch-interior.com\/de\/wp-json\/wp\/v2\/media?parent=694378"}],"wp:term":[{"taxonomy":"product_brand","embeddable":true,"href":"https:\/\/hubsch-interior.com\/de\/wp-json\/wp\/v2\/product_brand?post=694378"},{"taxonomy":"product_cat","embeddable":true,"href":"https:\/\/hubsch-interior.com\/de\/wp-json\/wp\/v2\/product_cat?post=694378"},{"taxonomy":"product_tag","embeddable":true,"href":"https:\/\/hubsch-interior.com\/de\/wp-json\/wp\/v2\/product_tag?post=694378"}],"curies":[{"name":"wp","href":"https:\/\/api.w.org\/{rel}","templated":true}]}}