{"id":694386,"date":"2021-08-31T09:37:05","date_gmt":"2021-08-31T07:37:05","guid":{"rendered":"https:\/\/hubsch-interior.com\/shop-b2c\/product\/product\/"},"modified":"2026-04-09T04:34:28","modified_gmt":"2026-04-09T02:34:28","slug":"flicker-teelichthalter-burgundy","status":"publish","type":"product","link":"https:\/\/hubsch-interior.com\/de\/produkt\/flicker-teelichthalter-burgundy\/","title":{"rendered":"Flicker Teelichthalter Burgundy"},"content":{"rendered":"<p>Der Flicker Teelichthalter Lila ist ein sch\u00f6nes Accessoire f\u00fcr jeden Raum. Er besteht aus farbigem Glas und wurde liebevoll gestaltet. Seine lila Farbe verleiht jedem Raum einen Hauch von Eleganz und Romantik. Der Teelichthalter ist f\u00fcr jeden Anlass geeignet und eignet sich besonders gut als Geschenk, um ein L\u00e4cheln ins Gesicht des Beschenkten zu zaubern. Dank seines gl\u00e4sernen Materials ist er ein absolutes Highlight und eine Bereicherung f\u00fcr jedes Zuhause.<\/p>\n","protected":false},"excerpt":{"rendered":"<p>Der Flicker Teelichthalter Lila ist ein sch\u00f6nes Accessoire f\u00fcr jeden Raum. Er besteht aus farbigem Glas und wurde liebevoll gestaltet. Seine lila Farbe verleiht jedem Raum einen Hauch von Eleganz und Romantik. Der Teelichthalter ist f\u00fcr jeden Anlass geeignet und eignet sich besonders gut als Geschenk, um ein L\u00e4cheln ins Gesicht des Beschenkten zu zaubern. [&hellip;]<\/p>\n","protected":false},"featured_media":1098107,"template":"","meta":{"_acf_changed":false,"inline_featured_image":false},"product_brand":[],"product_cat":[4067,4068,6519],"product_tag":[],"class_list":{"0":"post-694386","1":"product","2":"type-product","3":"status-publish","4":"has-post-thumbnail","6":"product_cat-kerzenstaender-laternen-de","7":"product_cat-kerzenstaender-de","8":"product_cat-outlet-de","9":"product_shipping_class-pk","11":"pa_color-burgundy-de","12":"pa_material-glas-de","14":"first","15":"instock","16":"sale","17":"taxable","18":"shipping-taxable","19":"purchasable","20":"product-type-simple"},"exclude_global_add_ons":[],"addons":[],"acf":[],"yoast_head":"<!-- This site is optimized with the Yoast SEO plugin v26.4 - https:\/\/yoast.com\/wordpress\/plugins\/seo\/ -->\n<title>Flicker Teelichthalter Burgundy - H\u00fcbsch<\/title>\n<meta name=\"description\" content=\"Der Flicker Teelichthalter Lila ist ein sch\u00f6nes Accessoire f\u00fcr jeden Raum. Er besteht aus farbigem Glas und wurde liebevoll gestaltet. Seine lila Farbe\" \/>\n<meta name=\"robots\" content=\"index, follow, max-snippet:-1, max-image-preview:large, max-video-preview:-1\" \/>\n<link rel=\"canonical\" href=\"https:\/\/hubsch-interior.com\/de\/wp-json\/wp\/v2\/product\/694386\" \/>\n<meta property=\"og:locale\" content=\"de_DE\" \/>\n<meta property=\"og:type\" content=\"article\" \/>\n<meta property=\"og:title\" content=\"Flicker Teelichthalter Burgundy - H\u00fcbsch\" \/>\n<meta property=\"og:description\" content=\"Der Flicker Teelichthalter Lila ist ein sch\u00f6nes Accessoire f\u00fcr jeden Raum. Er besteht aus farbigem Glas und wurde liebevoll gestaltet. Seine lila Farbe\" \/>\n<meta property=\"og:url\" content=\"https:\/\/hubsch-interior.com\/de\/produkt\/flicker-teelichthalter-burgundy\/\" \/>\n<meta property=\"og:site_name\" content=\"H\u00fcbsch\" \/>\n<meta property=\"article:modified_time\" content=\"2026-04-09T02:34:28+00:00\" \/>\n<meta property=\"og:image\" content=\"https:\/\/hubsch-interior.com\/wp-content\/uploads\/2023\/08\/flicker-tealight-holder-purple-a23b9714e5b93c7274aa451d108bac78.jpg\" \/>\n\t<meta property=\"og:image:width\" content=\"1200\" \/>\n\t<meta property=\"og:image:height\" content=\"1200\" \/>\n\t<meta property=\"og:image:type\" content=\"image\/jpeg\" \/>\n<meta name=\"twitter:card\" content=\"summary_large_image\" \/>\n<script type=\"application\/ld+json\" class=\"yoast-schema-graph\">{\"@context\":\"https:\/\/schema.org\",\"@graph\":[{\"@type\":\"WebPage\",\"@id\":\"https:\/\/hubsch-interior.com\/de\/produkt\/flicker-teelichthalter-burgundy\/\",\"url\":\"https:\/\/hubsch-interior.com\/de\/produkt\/flicker-teelichthalter-burgundy\/\",\"name\":\"Flicker Teelichthalter Burgundy - H\u00fcbsch\",\"isPartOf\":{\"@id\":\"https:\/\/hubsch-interior.com\/de\/#website\"},\"primaryImageOfPage\":{\"@id\":\"https:\/\/hubsch-interior.com\/de\/produkt\/flicker-teelichthalter-burgundy\/#primaryimage\"},\"image\":{\"@id\":\"https:\/\/hubsch-interior.com\/de\/produkt\/flicker-teelichthalter-burgundy\/#primaryimage\"},\"thumbnailUrl\":\"https:\/\/hubsch-interior.com\/wp-content\/uploads\/2026\/02\/flicker-tealight-holder-burgundy-2621662619433235ec9a22aeb9f34e94.jpg\",\"datePublished\":\"2021-08-31T07:37:05+00:00\",\"dateModified\":\"2026-04-09T02:34:28+00:00\",\"description\":\"Der Flicker Teelichthalter Lila ist ein sch\u00f6nes Accessoire f\u00fcr jeden Raum. Er besteht aus farbigem Glas und wurde liebevoll gestaltet. Seine lila Farbe\",\"breadcrumb\":{\"@id\":\"https:\/\/hubsch-interior.com\/de\/produkt\/flicker-teelichthalter-burgundy\/#breadcrumb\"},\"inLanguage\":\"de\",\"potentialAction\":[{\"@type\":\"ReadAction\",\"target\":[\"https:\/\/hubsch-interior.com\/de\/produkt\/flicker-teelichthalter-burgundy\/\"]}]},{\"@type\":\"ImageObject\",\"inLanguage\":\"de\",\"@id\":\"https:\/\/hubsch-interior.com\/de\/produkt\/flicker-teelichthalter-burgundy\/#primaryimage\",\"url\":\"https:\/\/hubsch-interior.com\/wp-content\/uploads\/2026\/02\/flicker-tealight-holder-burgundy-2621662619433235ec9a22aeb9f34e94.jpg\",\"contentUrl\":\"https:\/\/hubsch-interior.com\/wp-content\/uploads\/2026\/02\/flicker-tealight-holder-burgundy-2621662619433235ec9a22aeb9f34e94.jpg\",\"width\":1024,\"height\":1024},{\"@type\":\"BreadcrumbList\",\"@id\":\"https:\/\/hubsch-interior.com\/de\/produkt\/flicker-teelichthalter-burgundy\/#breadcrumb\",\"itemListElement\":[{\"@type\":\"ListItem\",\"position\":1,\"name\":\"Startseite\",\"item\":\"https:\/\/hubsch-interior.com\/de\/\"},{\"@type\":\"ListItem\",\"position\":2,\"name\":\"Produkte\",\"item\":\"https:\/\/hubsch-interior.com\/de\/shop-2\/\"},{\"@type\":\"ListItem\",\"position\":3,\"name\":\"Wohnaccessoires\",\"item\":\"https:\/\/hubsch-interior.com\/de\/produkt-kategorie\/wohnaccessoires\/\"},{\"@type\":\"ListItem\",\"position\":4,\"name\":\"Kerzenst&auml;nder &amp; Laternen\",\"item\":\"https:\/\/hubsch-interior.com\/de\/produkt-kategorie\/wohnaccessoires\/kerzenstaender-laternen-de\/\"},{\"@type\":\"ListItem\",\"position\":5,\"name\":\"Kerzenst&auml;nder\",\"item\":\"https:\/\/hubsch-interior.com\/de\/produkt-kategorie\/wohnaccessoires\/kerzenstaender-laternen-de\/kerzenstaender-de\/\"},{\"@type\":\"ListItem\",\"position\":6,\"name\":\"Flicker Teelichthalter Burgundy\"}]},{\"@type\":\"WebSite\",\"@id\":\"https:\/\/hubsch-interior.com\/de\/#website\",\"url\":\"https:\/\/hubsch-interior.com\/de\/\",\"name\":\"H\u00fcbsch\",\"description\":\"Danish Home Interior and Design\",\"publisher\":{\"@id\":\"https:\/\/hubsch-interior.com\/de\/#organization\"},\"potentialAction\":[{\"@type\":\"SearchAction\",\"target\":{\"@type\":\"EntryPoint\",\"urlTemplate\":\"https:\/\/hubsch-interior.com\/de\/?s={search_term_string}\"},\"query-input\":{\"@type\":\"PropertyValueSpecification\",\"valueRequired\":true,\"valueName\":\"search_term_string\"}}],\"inLanguage\":\"de\"},{\"@type\":\"Organization\",\"@id\":\"https:\/\/hubsch-interior.com\/de\/#organization\",\"name\":\"H\u00fcbsch\",\"url\":\"https:\/\/hubsch-interior.com\/de\/\",\"logo\":{\"@type\":\"ImageObject\",\"inLanguage\":\"de\",\"@id\":\"https:\/\/hubsch-interior.com\/de\/#\/schema\/logo\/image\/\",\"url\":\"https:\/\/hubsch-interior.com\/wp-content\/uploads\/2022\/12\/Hubsch_logo_black_one_line.svg\",\"contentUrl\":\"https:\/\/hubsch-interior.com\/wp-content\/uploads\/2022\/12\/Hubsch_logo_black_one_line.svg\",\"caption\":\"H\u00fcbsch\"},\"image\":{\"@id\":\"https:\/\/hubsch-interior.com\/de\/#\/schema\/logo\/image\/\"}}]}<\/script>\n<!-- \/ Yoast SEO plugin. -->","yoast_head_json":{"title":"Flicker Teelichthalter Burgundy - H\u00fcbsch","description":"Der Flicker Teelichthalter Lila ist ein sch\u00f6nes Accessoire f\u00fcr jeden Raum. Er besteht aus farbigem Glas und wurde liebevoll gestaltet. Seine lila Farbe","robots":{"index":"index","follow":"follow","max-snippet":"max-snippet:-1","max-image-preview":"max-image-preview:large","max-video-preview":"max-video-preview:-1"},"canonical":"https:\/\/hubsch-interior.com\/de\/wp-json\/wp\/v2\/product\/694386","og_locale":"de_DE","og_type":"article","og_title":"Flicker Teelichthalter Burgundy - H\u00fcbsch","og_description":"Der Flicker Teelichthalter Lila ist ein sch\u00f6nes Accessoire f\u00fcr jeden Raum. Er besteht aus farbigem Glas und wurde liebevoll gestaltet. Seine lila Farbe","og_url":"https:\/\/hubsch-interior.com\/de\/produkt\/flicker-teelichthalter-burgundy\/","og_site_name":"H\u00fcbsch","article_modified_time":"2026-04-09T02:34:28+00:00","og_image":[{"width":1200,"height":1200,"url":"https:\/\/hubsch-interior.com\/wp-content\/uploads\/2023\/08\/flicker-tealight-holder-purple-a23b9714e5b93c7274aa451d108bac78.jpg","type":"image\/jpeg"}],"twitter_card":"summary_large_image","schema":{"@context":"https:\/\/schema.org","@graph":[{"@type":"WebPage","@id":"https:\/\/hubsch-interior.com\/de\/produkt\/flicker-teelichthalter-burgundy\/","url":"https:\/\/hubsch-interior.com\/de\/produkt\/flicker-teelichthalter-burgundy\/","name":"Flicker Teelichthalter Burgundy - H\u00fcbsch","isPartOf":{"@id":"https:\/\/hubsch-interior.com\/de\/#website"},"primaryImageOfPage":{"@id":"https:\/\/hubsch-interior.com\/de\/produkt\/flicker-teelichthalter-burgundy\/#primaryimage"},"image":{"@id":"https:\/\/hubsch-interior.com\/de\/produkt\/flicker-teelichthalter-burgundy\/#primaryimage"},"thumbnailUrl":"https:\/\/hubsch-interior.com\/wp-content\/uploads\/2026\/02\/flicker-tealight-holder-burgundy-2621662619433235ec9a22aeb9f34e94.jpg","datePublished":"2021-08-31T07:37:05+00:00","dateModified":"2026-04-09T02:34:28+00:00","description":"Der Flicker Teelichthalter Lila ist ein sch\u00f6nes Accessoire f\u00fcr jeden Raum. Er besteht aus farbigem Glas und wurde liebevoll gestaltet. Seine lila Farbe","breadcrumb":{"@id":"https:\/\/hubsch-interior.com\/de\/produkt\/flicker-teelichthalter-burgundy\/#breadcrumb"},"inLanguage":"de","potentialAction":[{"@type":"ReadAction","target":["https:\/\/hubsch-interior.com\/de\/produkt\/flicker-teelichthalter-burgundy\/"]}]},{"@type":"ImageObject","inLanguage":"de","@id":"https:\/\/hubsch-interior.com\/de\/produkt\/flicker-teelichthalter-burgundy\/#primaryimage","url":"https:\/\/hubsch-interior.com\/wp-content\/uploads\/2026\/02\/flicker-tealight-holder-burgundy-2621662619433235ec9a22aeb9f34e94.jpg","contentUrl":"https:\/\/hubsch-interior.com\/wp-content\/uploads\/2026\/02\/flicker-tealight-holder-burgundy-2621662619433235ec9a22aeb9f34e94.jpg","width":1024,"height":1024},{"@type":"BreadcrumbList","@id":"https:\/\/hubsch-interior.com\/de\/produkt\/flicker-teelichthalter-burgundy\/#breadcrumb","itemListElement":[{"@type":"ListItem","position":1,"name":"Startseite","item":"https:\/\/hubsch-interior.com\/de\/"},{"@type":"ListItem","position":2,"name":"Produkte","item":"https:\/\/hubsch-interior.com\/de\/shop-2\/"},{"@type":"ListItem","position":3,"name":"Wohnaccessoires","item":"https:\/\/hubsch-interior.com\/de\/produkt-kategorie\/wohnaccessoires\/"},{"@type":"ListItem","position":4,"name":"Kerzenst&auml;nder &amp; Laternen","item":"https:\/\/hubsch-interior.com\/de\/produkt-kategorie\/wohnaccessoires\/kerzenstaender-laternen-de\/"},{"@type":"ListItem","position":5,"name":"Kerzenst&auml;nder","item":"https:\/\/hubsch-interior.com\/de\/produkt-kategorie\/wohnaccessoires\/kerzenstaender-laternen-de\/kerzenstaender-de\/"},{"@type":"ListItem","position":6,"name":"Flicker Teelichthalter Burgundy"}]},{"@type":"WebSite","@id":"https:\/\/hubsch-interior.com\/de\/#website","url":"https:\/\/hubsch-interior.com\/de\/","name":"H\u00fcbsch","description":"Danish Home Interior and Design","publisher":{"@id":"https:\/\/hubsch-interior.com\/de\/#organization"},"potentialAction":[{"@type":"SearchAction","target":{"@type":"EntryPoint","urlTemplate":"https:\/\/hubsch-interior.com\/de\/?s={search_term_string}"},"query-input":{"@type":"PropertyValueSpecification","valueRequired":true,"valueName":"search_term_string"}}],"inLanguage":"de"},{"@type":"Organization","@id":"https:\/\/hubsch-interior.com\/de\/#organization","name":"H\u00fcbsch","url":"https:\/\/hubsch-interior.com\/de\/","logo":{"@type":"ImageObject","inLanguage":"de","@id":"https:\/\/hubsch-interior.com\/de\/#\/schema\/logo\/image\/","url":"https:\/\/hubsch-interior.com\/wp-content\/uploads\/2022\/12\/Hubsch_logo_black_one_line.svg","contentUrl":"https:\/\/hubsch-interior.com\/wp-content\/uploads\/2022\/12\/Hubsch_logo_black_one_line.svg","caption":"H\u00fcbsch"},"image":{"@id":"https:\/\/hubsch-interior.com\/de\/#\/schema\/logo\/image\/"}}]}},"_links":{"self":[{"href":"https:\/\/hubsch-interior.com\/de\/wp-json\/wp\/v2\/product\/694386","targetHints":{"allow":["GET"]}}],"collection":[{"href":"https:\/\/hubsch-interior.com\/de\/wp-json\/wp\/v2\/product"}],"about":[{"href":"https:\/\/hubsch-interior.com\/de\/wp-json\/wp\/v2\/types\/product"}],"wp:featuredmedia":[{"embeddable":true,"href":"https:\/\/hubsch-interior.com\/de\/wp-json\/wp\/v2\/media\/1098107"}],"wp:attachment":[{"href":"https:\/\/hubsch-interior.com\/de\/wp-json\/wp\/v2\/media?parent=694386"}],"wp:term":[{"taxonomy":"product_brand","embeddable":true,"href":"https:\/\/hubsch-interior.com\/de\/wp-json\/wp\/v2\/product_brand?post=694386"},{"taxonomy":"product_cat","embeddable":true,"href":"https:\/\/hubsch-interior.com\/de\/wp-json\/wp\/v2\/product_cat?post=694386"},{"taxonomy":"product_tag","embeddable":true,"href":"https:\/\/hubsch-interior.com\/de\/wp-json\/wp\/v2\/product_tag?post=694386"}],"curies":[{"name":"wp","href":"https:\/\/api.w.org\/{rel}","templated":true}]}}