{"id":694394,"date":"2021-08-31T09:37:08","date_gmt":"2021-08-31T07:37:08","guid":{"rendered":"https:\/\/hubsch-interior.com\/shop-b2c\/product\/product\/"},"modified":"2026-04-09T04:34:32","modified_gmt":"2026-04-09T02:34:32","slug":"lunar-trinkglas-grau","status":"publish","type":"product","link":"https:\/\/hubsch-interior.com\/de\/produkt\/lunar-trinkglas-grau\/","title":{"rendered":"Lunar Trinkglas Grau"},"content":{"rendered":"<p>Das Lunar Trinkglas Smoked ist ein einzigartiges Glas aus hochwertigem Glas. Es hat eine grau-rauchige Optik und ein modernes Design, das Ihnen ein ganz besonderes Trinkerlebnis bietet. Das Glas wurde f\u00fcr den Innenbereich entworfen und kann f\u00fcr alle Arten von Getr\u00e4nken verwendet werden. Es ist ein stilvolles Accessoire f\u00fcr jeden Wohn- oder Essbereich. Genie\u00dfen Sie Ihr Getr\u00e4nk in diesem einzigartigen Glas und verleihen Sie Ihrem Zuhause eine besondere Note.<\/p>\n","protected":false},"excerpt":{"rendered":"<p>Das Lunar Trinkglas Smoked ist ein einzigartiges Glas aus hochwertigem Glas. Es hat eine grau-rauchige Optik und ein modernes Design, das Ihnen ein ganz besonderes Trinkerlebnis bietet. Das Glas wurde f\u00fcr den Innenbereich entworfen und kann f\u00fcr alle Arten von Getr\u00e4nken verwendet werden. Es ist ein stilvolles Accessoire f\u00fcr jeden Wohn- oder Essbereich. Genie\u00dfen Sie [&hellip;]<\/p>\n","protected":false},"featured_media":1098115,"template":"","meta":{"_acf_changed":false,"inline_featured_image":false},"product_brand":[],"product_cat":[7034,7029,4055,4096],"product_tag":[],"class_list":{"0":"post-694394","1":"product","2":"type-product","3":"status-publish","4":"has-post-thumbnail","6":"product_cat-glaeser-und-kannen-de","7":"product_cat-tischgeschirr-de-2","8":"product_cat-kuechenzubehoer-de","9":"product_cat-tischgeschirr-de","10":"product_shipping_class-pk","12":"pa_color-grau-2","13":"pa_material-glas-de","15":"first","16":"instock","17":"taxable","18":"shipping-taxable","19":"purchasable","20":"product-type-simple"},"exclude_global_add_ons":[],"addons":[],"acf":[],"yoast_head":"<!-- This site is optimized with the Yoast SEO plugin v26.4 - https:\/\/yoast.com\/wordpress\/plugins\/seo\/ -->\n<title>Lunar Trinkglas Grau - H\u00fcbsch<\/title>\n<meta name=\"description\" content=\"Das Lunar Trinkglas Smoked ist ein einzigartiges Glas aus hochwertigem Glas. Es hat eine grau-rauchige Optik und ein modernes Design, das Ihnen ein ganz\" \/>\n<meta name=\"robots\" content=\"index, follow, max-snippet:-1, max-image-preview:large, max-video-preview:-1\" \/>\n<link rel=\"canonical\" href=\"https:\/\/hubsch-interior.com\/de\/wp-json\/wp\/v2\/product\/694394\" \/>\n<meta property=\"og:locale\" content=\"de_DE\" \/>\n<meta property=\"og:type\" content=\"article\" \/>\n<meta property=\"og:title\" content=\"Lunar Trinkglas Grau - H\u00fcbsch\" \/>\n<meta property=\"og:description\" content=\"Das Lunar Trinkglas Smoked ist ein einzigartiges Glas aus hochwertigem Glas. Es hat eine grau-rauchige Optik und ein modernes Design, das Ihnen ein ganz\" \/>\n<meta property=\"og:url\" content=\"https:\/\/hubsch-interior.com\/de\/produkt\/lunar-trinkglas-grau\/\" \/>\n<meta property=\"og:site_name\" content=\"H\u00fcbsch\" \/>\n<meta property=\"article:modified_time\" content=\"2026-04-09T02:34:32+00:00\" \/>\n<meta property=\"og:image\" content=\"https:\/\/hubsch-interior.com\/wp-content\/uploads\/2023\/08\/lunar-drinking-glass-smoked-384aed6e626b697e213b5d3bb7274b6a.jpg\" \/>\n\t<meta property=\"og:image:width\" content=\"1200\" \/>\n\t<meta property=\"og:image:height\" content=\"1200\" \/>\n\t<meta property=\"og:image:type\" content=\"image\/jpeg\" \/>\n<meta name=\"twitter:card\" content=\"summary_large_image\" \/>\n<script type=\"application\/ld+json\" class=\"yoast-schema-graph\">{\"@context\":\"https:\/\/schema.org\",\"@graph\":[{\"@type\":\"WebPage\",\"@id\":\"https:\/\/hubsch-interior.com\/de\/produkt\/lunar-trinkglas-grau\/\",\"url\":\"https:\/\/hubsch-interior.com\/de\/produkt\/lunar-trinkglas-grau\/\",\"name\":\"Lunar Trinkglas Grau - H\u00fcbsch\",\"isPartOf\":{\"@id\":\"https:\/\/hubsch-interior.com\/de\/#website\"},\"primaryImageOfPage\":{\"@id\":\"https:\/\/hubsch-interior.com\/de\/produkt\/lunar-trinkglas-grau\/#primaryimage\"},\"image\":{\"@id\":\"https:\/\/hubsch-interior.com\/de\/produkt\/lunar-trinkglas-grau\/#primaryimage\"},\"thumbnailUrl\":\"https:\/\/hubsch-interior.com\/wp-content\/uploads\/2026\/02\/lunar-drinking-glass-grey-d43831eb7560e7e6d2c4be925cee0765.jpg\",\"datePublished\":\"2021-08-31T07:37:08+00:00\",\"dateModified\":\"2026-04-09T02:34:32+00:00\",\"description\":\"Das Lunar Trinkglas Smoked ist ein einzigartiges Glas aus hochwertigem Glas. Es hat eine grau-rauchige Optik und ein modernes Design, das Ihnen ein ganz\",\"breadcrumb\":{\"@id\":\"https:\/\/hubsch-interior.com\/de\/produkt\/lunar-trinkglas-grau\/#breadcrumb\"},\"inLanguage\":\"de\",\"potentialAction\":[{\"@type\":\"ReadAction\",\"target\":[\"https:\/\/hubsch-interior.com\/de\/produkt\/lunar-trinkglas-grau\/\"]}]},{\"@type\":\"ImageObject\",\"inLanguage\":\"de\",\"@id\":\"https:\/\/hubsch-interior.com\/de\/produkt\/lunar-trinkglas-grau\/#primaryimage\",\"url\":\"https:\/\/hubsch-interior.com\/wp-content\/uploads\/2026\/02\/lunar-drinking-glass-grey-d43831eb7560e7e6d2c4be925cee0765.jpg\",\"contentUrl\":\"https:\/\/hubsch-interior.com\/wp-content\/uploads\/2026\/02\/lunar-drinking-glass-grey-d43831eb7560e7e6d2c4be925cee0765.jpg\",\"width\":1024,\"height\":1024},{\"@type\":\"BreadcrumbList\",\"@id\":\"https:\/\/hubsch-interior.com\/de\/produkt\/lunar-trinkglas-grau\/#breadcrumb\",\"itemListElement\":[{\"@type\":\"ListItem\",\"position\":1,\"name\":\"Startseite\",\"item\":\"https:\/\/hubsch-interior.com\/de\/\"},{\"@type\":\"ListItem\",\"position\":2,\"name\":\"Produkte\",\"item\":\"https:\/\/hubsch-interior.com\/de\/shop-2\/\"},{\"@type\":\"ListItem\",\"position\":3,\"name\":\"K\u00fcche\",\"item\":\"https:\/\/hubsch-interior.com\/de\/produkt-kategorie\/kuche\/\"},{\"@type\":\"ListItem\",\"position\":4,\"name\":\"Tischgeschirr\",\"item\":\"https:\/\/hubsch-interior.com\/de\/produkt-kategorie\/kuche\/tischgeschirr-de-2\/\"},{\"@type\":\"ListItem\",\"position\":5,\"name\":\"Gl&auml;ser und Kannen\",\"item\":\"https:\/\/hubsch-interior.com\/de\/produkt-kategorie\/kuche\/tischgeschirr-de-2\/glaeser-und-kannen-de\/\"},{\"@type\":\"ListItem\",\"position\":6,\"name\":\"Lunar Trinkglas Grau\"}]},{\"@type\":\"WebSite\",\"@id\":\"https:\/\/hubsch-interior.com\/de\/#website\",\"url\":\"https:\/\/hubsch-interior.com\/de\/\",\"name\":\"H\u00fcbsch\",\"description\":\"Danish Home Interior and Design\",\"publisher\":{\"@id\":\"https:\/\/hubsch-interior.com\/de\/#organization\"},\"potentialAction\":[{\"@type\":\"SearchAction\",\"target\":{\"@type\":\"EntryPoint\",\"urlTemplate\":\"https:\/\/hubsch-interior.com\/de\/?s={search_term_string}\"},\"query-input\":{\"@type\":\"PropertyValueSpecification\",\"valueRequired\":true,\"valueName\":\"search_term_string\"}}],\"inLanguage\":\"de\"},{\"@type\":\"Organization\",\"@id\":\"https:\/\/hubsch-interior.com\/de\/#organization\",\"name\":\"H\u00fcbsch\",\"url\":\"https:\/\/hubsch-interior.com\/de\/\",\"logo\":{\"@type\":\"ImageObject\",\"inLanguage\":\"de\",\"@id\":\"https:\/\/hubsch-interior.com\/de\/#\/schema\/logo\/image\/\",\"url\":\"https:\/\/hubsch-interior.com\/wp-content\/uploads\/2022\/12\/Hubsch_logo_black_one_line.svg\",\"contentUrl\":\"https:\/\/hubsch-interior.com\/wp-content\/uploads\/2022\/12\/Hubsch_logo_black_one_line.svg\",\"caption\":\"H\u00fcbsch\"},\"image\":{\"@id\":\"https:\/\/hubsch-interior.com\/de\/#\/schema\/logo\/image\/\"}}]}<\/script>\n<!-- \/ Yoast SEO plugin. -->","yoast_head_json":{"title":"Lunar Trinkglas Grau - H\u00fcbsch","description":"Das Lunar Trinkglas Smoked ist ein einzigartiges Glas aus hochwertigem Glas. Es hat eine grau-rauchige Optik und ein modernes Design, das Ihnen ein ganz","robots":{"index":"index","follow":"follow","max-snippet":"max-snippet:-1","max-image-preview":"max-image-preview:large","max-video-preview":"max-video-preview:-1"},"canonical":"https:\/\/hubsch-interior.com\/de\/wp-json\/wp\/v2\/product\/694394","og_locale":"de_DE","og_type":"article","og_title":"Lunar Trinkglas Grau - H\u00fcbsch","og_description":"Das Lunar Trinkglas Smoked ist ein einzigartiges Glas aus hochwertigem Glas. Es hat eine grau-rauchige Optik und ein modernes Design, das Ihnen ein ganz","og_url":"https:\/\/hubsch-interior.com\/de\/produkt\/lunar-trinkglas-grau\/","og_site_name":"H\u00fcbsch","article_modified_time":"2026-04-09T02:34:32+00:00","og_image":[{"width":1200,"height":1200,"url":"https:\/\/hubsch-interior.com\/wp-content\/uploads\/2023\/08\/lunar-drinking-glass-smoked-384aed6e626b697e213b5d3bb7274b6a.jpg","type":"image\/jpeg"}],"twitter_card":"summary_large_image","schema":{"@context":"https:\/\/schema.org","@graph":[{"@type":"WebPage","@id":"https:\/\/hubsch-interior.com\/de\/produkt\/lunar-trinkglas-grau\/","url":"https:\/\/hubsch-interior.com\/de\/produkt\/lunar-trinkglas-grau\/","name":"Lunar Trinkglas Grau - H\u00fcbsch","isPartOf":{"@id":"https:\/\/hubsch-interior.com\/de\/#website"},"primaryImageOfPage":{"@id":"https:\/\/hubsch-interior.com\/de\/produkt\/lunar-trinkglas-grau\/#primaryimage"},"image":{"@id":"https:\/\/hubsch-interior.com\/de\/produkt\/lunar-trinkglas-grau\/#primaryimage"},"thumbnailUrl":"https:\/\/hubsch-interior.com\/wp-content\/uploads\/2026\/02\/lunar-drinking-glass-grey-d43831eb7560e7e6d2c4be925cee0765.jpg","datePublished":"2021-08-31T07:37:08+00:00","dateModified":"2026-04-09T02:34:32+00:00","description":"Das Lunar Trinkglas Smoked ist ein einzigartiges Glas aus hochwertigem Glas. Es hat eine grau-rauchige Optik und ein modernes Design, das Ihnen ein ganz","breadcrumb":{"@id":"https:\/\/hubsch-interior.com\/de\/produkt\/lunar-trinkglas-grau\/#breadcrumb"},"inLanguage":"de","potentialAction":[{"@type":"ReadAction","target":["https:\/\/hubsch-interior.com\/de\/produkt\/lunar-trinkglas-grau\/"]}]},{"@type":"ImageObject","inLanguage":"de","@id":"https:\/\/hubsch-interior.com\/de\/produkt\/lunar-trinkglas-grau\/#primaryimage","url":"https:\/\/hubsch-interior.com\/wp-content\/uploads\/2026\/02\/lunar-drinking-glass-grey-d43831eb7560e7e6d2c4be925cee0765.jpg","contentUrl":"https:\/\/hubsch-interior.com\/wp-content\/uploads\/2026\/02\/lunar-drinking-glass-grey-d43831eb7560e7e6d2c4be925cee0765.jpg","width":1024,"height":1024},{"@type":"BreadcrumbList","@id":"https:\/\/hubsch-interior.com\/de\/produkt\/lunar-trinkglas-grau\/#breadcrumb","itemListElement":[{"@type":"ListItem","position":1,"name":"Startseite","item":"https:\/\/hubsch-interior.com\/de\/"},{"@type":"ListItem","position":2,"name":"Produkte","item":"https:\/\/hubsch-interior.com\/de\/shop-2\/"},{"@type":"ListItem","position":3,"name":"K\u00fcche","item":"https:\/\/hubsch-interior.com\/de\/produkt-kategorie\/kuche\/"},{"@type":"ListItem","position":4,"name":"Tischgeschirr","item":"https:\/\/hubsch-interior.com\/de\/produkt-kategorie\/kuche\/tischgeschirr-de-2\/"},{"@type":"ListItem","position":5,"name":"Gl&auml;ser und Kannen","item":"https:\/\/hubsch-interior.com\/de\/produkt-kategorie\/kuche\/tischgeschirr-de-2\/glaeser-und-kannen-de\/"},{"@type":"ListItem","position":6,"name":"Lunar Trinkglas Grau"}]},{"@type":"WebSite","@id":"https:\/\/hubsch-interior.com\/de\/#website","url":"https:\/\/hubsch-interior.com\/de\/","name":"H\u00fcbsch","description":"Danish Home Interior and Design","publisher":{"@id":"https:\/\/hubsch-interior.com\/de\/#organization"},"potentialAction":[{"@type":"SearchAction","target":{"@type":"EntryPoint","urlTemplate":"https:\/\/hubsch-interior.com\/de\/?s={search_term_string}"},"query-input":{"@type":"PropertyValueSpecification","valueRequired":true,"valueName":"search_term_string"}}],"inLanguage":"de"},{"@type":"Organization","@id":"https:\/\/hubsch-interior.com\/de\/#organization","name":"H\u00fcbsch","url":"https:\/\/hubsch-interior.com\/de\/","logo":{"@type":"ImageObject","inLanguage":"de","@id":"https:\/\/hubsch-interior.com\/de\/#\/schema\/logo\/image\/","url":"https:\/\/hubsch-interior.com\/wp-content\/uploads\/2022\/12\/Hubsch_logo_black_one_line.svg","contentUrl":"https:\/\/hubsch-interior.com\/wp-content\/uploads\/2022\/12\/Hubsch_logo_black_one_line.svg","caption":"H\u00fcbsch"},"image":{"@id":"https:\/\/hubsch-interior.com\/de\/#\/schema\/logo\/image\/"}}]}},"_links":{"self":[{"href":"https:\/\/hubsch-interior.com\/de\/wp-json\/wp\/v2\/product\/694394","targetHints":{"allow":["GET"]}}],"collection":[{"href":"https:\/\/hubsch-interior.com\/de\/wp-json\/wp\/v2\/product"}],"about":[{"href":"https:\/\/hubsch-interior.com\/de\/wp-json\/wp\/v2\/types\/product"}],"wp:featuredmedia":[{"embeddable":true,"href":"https:\/\/hubsch-interior.com\/de\/wp-json\/wp\/v2\/media\/1098115"}],"wp:attachment":[{"href":"https:\/\/hubsch-interior.com\/de\/wp-json\/wp\/v2\/media?parent=694394"}],"wp:term":[{"taxonomy":"product_brand","embeddable":true,"href":"https:\/\/hubsch-interior.com\/de\/wp-json\/wp\/v2\/product_brand?post=694394"},{"taxonomy":"product_cat","embeddable":true,"href":"https:\/\/hubsch-interior.com\/de\/wp-json\/wp\/v2\/product_cat?post=694394"},{"taxonomy":"product_tag","embeddable":true,"href":"https:\/\/hubsch-interior.com\/de\/wp-json\/wp\/v2\/product_tag?post=694394"}],"curies":[{"name":"wp","href":"https:\/\/api.w.org\/{rel}","templated":true}]}}