{"id":694590,"date":"2021-08-31T09:41:28","date_gmt":"2021-08-31T07:41:28","guid":{"rendered":"https:\/\/hubsch-interior.com\/shop-b2c\/product\/product\/"},"modified":"2026-04-05T04:40:36","modified_gmt":"2026-04-05T02:40:36","slug":"loft-rahmen-kette-large-schwarz","status":"publish","type":"product","link":"https:\/\/hubsch-interior.com\/de\/produkt\/loft-rahmen-kette-large-schwarz\/","title":{"rendered":"Loft Rahmen Kette Large Schwarz"},"content":{"rendered":"<p>Dieser Loft Rahmen Kette Large Schwarz ist eine stilvolle M\u00f6glichkeit, Ihre liebsten Erinnerungen zu pr\u00e4sentieren. Aus Glas und Metall gefertigt, ist er eine moderne und elegante Erg\u00e4nzung f\u00fcr jedes Zuhause. Der schwarze Rahmen ist gro\u00df und kann sowohl an der Wand als auch an der Decke aufgeh\u00e4ngt werden. Dank der Kette ist er einfach zu installieren und kann in vielen R\u00e4umen und Einrichtungen verwendet werden. Ein perfektes Geschenk f\u00fcr Familie und Freunde.<\/p>\n","protected":false},"excerpt":{"rendered":"<p>Dieser Loft Rahmen Kette Large Schwarz ist eine stilvolle M\u00f6glichkeit, Ihre liebsten Erinnerungen zu pr\u00e4sentieren. Aus Glas und Metall gefertigt, ist er eine moderne und elegante Erg\u00e4nzung f\u00fcr jedes Zuhause. Der schwarze Rahmen ist gro\u00df und kann sowohl an der Wand als auch an der Decke aufgeh\u00e4ngt werden. Dank der Kette ist er einfach zu [&hellip;]<\/p>\n","protected":false},"featured_media":1099761,"template":"","meta":{"_acf_changed":false,"inline_featured_image":false},"product_brand":[],"product_cat":[5027,4937,3118],"product_tag":[],"class_list":{"0":"post-694590","1":"product","2":"type-product","3":"status-publish","4":"has-post-thumbnail","6":"product_cat-bestsellers-de","7":"product_cat-rahmen-de","8":"product_cat-wanddekoration-de","9":"product_shipping_class-pk","11":"pa_color-schwarz","12":"pa_material-eisen-de","13":"pa_material-glas-de","15":"first","16":"instock","17":"featured","18":"taxable","19":"shipping-taxable","20":"purchasable","21":"product-type-simple"},"exclude_global_add_ons":[],"addons":[],"acf":[],"yoast_head":"<!-- This site is optimized with the Yoast SEO plugin v26.4 - https:\/\/yoast.com\/wordpress\/plugins\/seo\/ -->\n<title>Loft Rahmen Kette Large Schwarz - H\u00fcbsch<\/title>\n<meta name=\"description\" content=\"Dieser Loft Rahmen Kette Large Schwarz ist eine stilvolle M\u00f6glichkeit, Ihre liebsten Erinnerungen zu pr\u00e4sentieren. Aus Glas und Metall gefertigt, ist er\" \/>\n<meta name=\"robots\" content=\"index, follow, max-snippet:-1, max-image-preview:large, max-video-preview:-1\" \/>\n<link rel=\"canonical\" href=\"https:\/\/hubsch-interior.com\/de\/wp-json\/wp\/v2\/product\/694590\" \/>\n<meta property=\"og:locale\" content=\"de_DE\" \/>\n<meta property=\"og:type\" content=\"article\" \/>\n<meta property=\"og:title\" content=\"Loft Rahmen Kette Large Schwarz - H\u00fcbsch\" \/>\n<meta property=\"og:description\" content=\"Dieser Loft Rahmen Kette Large Schwarz ist eine stilvolle M\u00f6glichkeit, Ihre liebsten Erinnerungen zu pr\u00e4sentieren. Aus Glas und Metall gefertigt, ist er\" \/>\n<meta property=\"og:url\" content=\"https:\/\/hubsch-interior.com\/de\/produkt\/loft-rahmen-kette-large-schwarz\/\" \/>\n<meta property=\"og:site_name\" content=\"H\u00fcbsch\" \/>\n<meta property=\"article:modified_time\" content=\"2026-04-05T02:40:36+00:00\" \/>\n<meta property=\"og:image\" content=\"https:\/\/hubsch-interior.com\/wp-content\/uploads\/2024\/01\/loft-frame-chained-large-black-5b196f9dd3ea1d3645a1071d9b6be85f.jpg\" \/>\n\t<meta property=\"og:image:width\" content=\"1200\" \/>\n\t<meta property=\"og:image:height\" content=\"1200\" \/>\n\t<meta property=\"og:image:type\" content=\"image\/jpeg\" \/>\n<meta name=\"twitter:card\" content=\"summary_large_image\" \/>\n<script type=\"application\/ld+json\" class=\"yoast-schema-graph\">{\"@context\":\"https:\/\/schema.org\",\"@graph\":[{\"@type\":\"WebPage\",\"@id\":\"https:\/\/hubsch-interior.com\/de\/produkt\/loft-rahmen-kette-large-schwarz\/\",\"url\":\"https:\/\/hubsch-interior.com\/de\/produkt\/loft-rahmen-kette-large-schwarz\/\",\"name\":\"Loft Rahmen Kette Large Schwarz - H\u00fcbsch\",\"isPartOf\":{\"@id\":\"https:\/\/hubsch-interior.com\/de\/#website\"},\"primaryImageOfPage\":{\"@id\":\"https:\/\/hubsch-interior.com\/de\/produkt\/loft-rahmen-kette-large-schwarz\/#primaryimage\"},\"image\":{\"@id\":\"https:\/\/hubsch-interior.com\/de\/produkt\/loft-rahmen-kette-large-schwarz\/#primaryimage\"},\"thumbnailUrl\":\"https:\/\/hubsch-interior.com\/wp-content\/uploads\/2026\/02\/loft-frame-chained-large-black-b4843a3d8efc774af6c57a9a5b61020a.jpg\",\"datePublished\":\"2021-08-31T07:41:28+00:00\",\"dateModified\":\"2026-04-05T02:40:36+00:00\",\"description\":\"Dieser Loft Rahmen Kette Large Schwarz ist eine stilvolle M\u00f6glichkeit, Ihre liebsten Erinnerungen zu pr\u00e4sentieren. Aus Glas und Metall gefertigt, ist er\",\"breadcrumb\":{\"@id\":\"https:\/\/hubsch-interior.com\/de\/produkt\/loft-rahmen-kette-large-schwarz\/#breadcrumb\"},\"inLanguage\":\"de\",\"potentialAction\":[{\"@type\":\"ReadAction\",\"target\":[\"https:\/\/hubsch-interior.com\/de\/produkt\/loft-rahmen-kette-large-schwarz\/\"]}]},{\"@type\":\"ImageObject\",\"inLanguage\":\"de\",\"@id\":\"https:\/\/hubsch-interior.com\/de\/produkt\/loft-rahmen-kette-large-schwarz\/#primaryimage\",\"url\":\"https:\/\/hubsch-interior.com\/wp-content\/uploads\/2026\/02\/loft-frame-chained-large-black-b4843a3d8efc774af6c57a9a5b61020a.jpg\",\"contentUrl\":\"https:\/\/hubsch-interior.com\/wp-content\/uploads\/2026\/02\/loft-frame-chained-large-black-b4843a3d8efc774af6c57a9a5b61020a.jpg\",\"width\":1024,\"height\":1024},{\"@type\":\"BreadcrumbList\",\"@id\":\"https:\/\/hubsch-interior.com\/de\/produkt\/loft-rahmen-kette-large-schwarz\/#breadcrumb\",\"itemListElement\":[{\"@type\":\"ListItem\",\"position\":1,\"name\":\"Startseite\",\"item\":\"https:\/\/hubsch-interior.com\/de\/\"},{\"@type\":\"ListItem\",\"position\":2,\"name\":\"Produkte\",\"item\":\"https:\/\/hubsch-interior.com\/de\/shop-2\/\"},{\"@type\":\"ListItem\",\"position\":3,\"name\":\"Wohnaccessoires\",\"item\":\"https:\/\/hubsch-interior.com\/de\/produkt-kategorie\/wohnaccessoires\/\"},{\"@type\":\"ListItem\",\"position\":4,\"name\":\"Wanddekoration\",\"item\":\"https:\/\/hubsch-interior.com\/de\/produkt-kategorie\/wohnaccessoires\/wanddekoration-de\/\"},{\"@type\":\"ListItem\",\"position\":5,\"name\":\"Rahmen\",\"item\":\"https:\/\/hubsch-interior.com\/de\/produkt-kategorie\/wohnaccessoires\/wanddekoration-de\/rahmen-de\/\"},{\"@type\":\"ListItem\",\"position\":6,\"name\":\"Loft Rahmen Kette Large Schwarz\"}]},{\"@type\":\"WebSite\",\"@id\":\"https:\/\/hubsch-interior.com\/de\/#website\",\"url\":\"https:\/\/hubsch-interior.com\/de\/\",\"name\":\"H\u00fcbsch\",\"description\":\"Danish Home Interior and Design\",\"publisher\":{\"@id\":\"https:\/\/hubsch-interior.com\/de\/#organization\"},\"potentialAction\":[{\"@type\":\"SearchAction\",\"target\":{\"@type\":\"EntryPoint\",\"urlTemplate\":\"https:\/\/hubsch-interior.com\/de\/?s={search_term_string}\"},\"query-input\":{\"@type\":\"PropertyValueSpecification\",\"valueRequired\":true,\"valueName\":\"search_term_string\"}}],\"inLanguage\":\"de\"},{\"@type\":\"Organization\",\"@id\":\"https:\/\/hubsch-interior.com\/de\/#organization\",\"name\":\"H\u00fcbsch\",\"url\":\"https:\/\/hubsch-interior.com\/de\/\",\"logo\":{\"@type\":\"ImageObject\",\"inLanguage\":\"de\",\"@id\":\"https:\/\/hubsch-interior.com\/de\/#\/schema\/logo\/image\/\",\"url\":\"https:\/\/hubsch-interior.com\/wp-content\/uploads\/2022\/12\/Hubsch_logo_black_one_line.svg\",\"contentUrl\":\"https:\/\/hubsch-interior.com\/wp-content\/uploads\/2022\/12\/Hubsch_logo_black_one_line.svg\",\"caption\":\"H\u00fcbsch\"},\"image\":{\"@id\":\"https:\/\/hubsch-interior.com\/de\/#\/schema\/logo\/image\/\"}}]}<\/script>\n<!-- \/ Yoast SEO plugin. -->","yoast_head_json":{"title":"Loft Rahmen Kette Large Schwarz - H\u00fcbsch","description":"Dieser Loft Rahmen Kette Large Schwarz ist eine stilvolle M\u00f6glichkeit, Ihre liebsten Erinnerungen zu pr\u00e4sentieren. Aus Glas und Metall gefertigt, ist er","robots":{"index":"index","follow":"follow","max-snippet":"max-snippet:-1","max-image-preview":"max-image-preview:large","max-video-preview":"max-video-preview:-1"},"canonical":"https:\/\/hubsch-interior.com\/de\/wp-json\/wp\/v2\/product\/694590","og_locale":"de_DE","og_type":"article","og_title":"Loft Rahmen Kette Large Schwarz - H\u00fcbsch","og_description":"Dieser Loft Rahmen Kette Large Schwarz ist eine stilvolle M\u00f6glichkeit, Ihre liebsten Erinnerungen zu pr\u00e4sentieren. Aus Glas und Metall gefertigt, ist er","og_url":"https:\/\/hubsch-interior.com\/de\/produkt\/loft-rahmen-kette-large-schwarz\/","og_site_name":"H\u00fcbsch","article_modified_time":"2026-04-05T02:40:36+00:00","og_image":[{"width":1200,"height":1200,"url":"https:\/\/hubsch-interior.com\/wp-content\/uploads\/2024\/01\/loft-frame-chained-large-black-5b196f9dd3ea1d3645a1071d9b6be85f.jpg","type":"image\/jpeg"}],"twitter_card":"summary_large_image","schema":{"@context":"https:\/\/schema.org","@graph":[{"@type":"WebPage","@id":"https:\/\/hubsch-interior.com\/de\/produkt\/loft-rahmen-kette-large-schwarz\/","url":"https:\/\/hubsch-interior.com\/de\/produkt\/loft-rahmen-kette-large-schwarz\/","name":"Loft Rahmen Kette Large Schwarz - H\u00fcbsch","isPartOf":{"@id":"https:\/\/hubsch-interior.com\/de\/#website"},"primaryImageOfPage":{"@id":"https:\/\/hubsch-interior.com\/de\/produkt\/loft-rahmen-kette-large-schwarz\/#primaryimage"},"image":{"@id":"https:\/\/hubsch-interior.com\/de\/produkt\/loft-rahmen-kette-large-schwarz\/#primaryimage"},"thumbnailUrl":"https:\/\/hubsch-interior.com\/wp-content\/uploads\/2026\/02\/loft-frame-chained-large-black-b4843a3d8efc774af6c57a9a5b61020a.jpg","datePublished":"2021-08-31T07:41:28+00:00","dateModified":"2026-04-05T02:40:36+00:00","description":"Dieser Loft Rahmen Kette Large Schwarz ist eine stilvolle M\u00f6glichkeit, Ihre liebsten Erinnerungen zu pr\u00e4sentieren. Aus Glas und Metall gefertigt, ist er","breadcrumb":{"@id":"https:\/\/hubsch-interior.com\/de\/produkt\/loft-rahmen-kette-large-schwarz\/#breadcrumb"},"inLanguage":"de","potentialAction":[{"@type":"ReadAction","target":["https:\/\/hubsch-interior.com\/de\/produkt\/loft-rahmen-kette-large-schwarz\/"]}]},{"@type":"ImageObject","inLanguage":"de","@id":"https:\/\/hubsch-interior.com\/de\/produkt\/loft-rahmen-kette-large-schwarz\/#primaryimage","url":"https:\/\/hubsch-interior.com\/wp-content\/uploads\/2026\/02\/loft-frame-chained-large-black-b4843a3d8efc774af6c57a9a5b61020a.jpg","contentUrl":"https:\/\/hubsch-interior.com\/wp-content\/uploads\/2026\/02\/loft-frame-chained-large-black-b4843a3d8efc774af6c57a9a5b61020a.jpg","width":1024,"height":1024},{"@type":"BreadcrumbList","@id":"https:\/\/hubsch-interior.com\/de\/produkt\/loft-rahmen-kette-large-schwarz\/#breadcrumb","itemListElement":[{"@type":"ListItem","position":1,"name":"Startseite","item":"https:\/\/hubsch-interior.com\/de\/"},{"@type":"ListItem","position":2,"name":"Produkte","item":"https:\/\/hubsch-interior.com\/de\/shop-2\/"},{"@type":"ListItem","position":3,"name":"Wohnaccessoires","item":"https:\/\/hubsch-interior.com\/de\/produkt-kategorie\/wohnaccessoires\/"},{"@type":"ListItem","position":4,"name":"Wanddekoration","item":"https:\/\/hubsch-interior.com\/de\/produkt-kategorie\/wohnaccessoires\/wanddekoration-de\/"},{"@type":"ListItem","position":5,"name":"Rahmen","item":"https:\/\/hubsch-interior.com\/de\/produkt-kategorie\/wohnaccessoires\/wanddekoration-de\/rahmen-de\/"},{"@type":"ListItem","position":6,"name":"Loft Rahmen Kette Large Schwarz"}]},{"@type":"WebSite","@id":"https:\/\/hubsch-interior.com\/de\/#website","url":"https:\/\/hubsch-interior.com\/de\/","name":"H\u00fcbsch","description":"Danish Home Interior and Design","publisher":{"@id":"https:\/\/hubsch-interior.com\/de\/#organization"},"potentialAction":[{"@type":"SearchAction","target":{"@type":"EntryPoint","urlTemplate":"https:\/\/hubsch-interior.com\/de\/?s={search_term_string}"},"query-input":{"@type":"PropertyValueSpecification","valueRequired":true,"valueName":"search_term_string"}}],"inLanguage":"de"},{"@type":"Organization","@id":"https:\/\/hubsch-interior.com\/de\/#organization","name":"H\u00fcbsch","url":"https:\/\/hubsch-interior.com\/de\/","logo":{"@type":"ImageObject","inLanguage":"de","@id":"https:\/\/hubsch-interior.com\/de\/#\/schema\/logo\/image\/","url":"https:\/\/hubsch-interior.com\/wp-content\/uploads\/2022\/12\/Hubsch_logo_black_one_line.svg","contentUrl":"https:\/\/hubsch-interior.com\/wp-content\/uploads\/2022\/12\/Hubsch_logo_black_one_line.svg","caption":"H\u00fcbsch"},"image":{"@id":"https:\/\/hubsch-interior.com\/de\/#\/schema\/logo\/image\/"}}]}},"_links":{"self":[{"href":"https:\/\/hubsch-interior.com\/de\/wp-json\/wp\/v2\/product\/694590","targetHints":{"allow":["GET"]}}],"collection":[{"href":"https:\/\/hubsch-interior.com\/de\/wp-json\/wp\/v2\/product"}],"about":[{"href":"https:\/\/hubsch-interior.com\/de\/wp-json\/wp\/v2\/types\/product"}],"wp:featuredmedia":[{"embeddable":true,"href":"https:\/\/hubsch-interior.com\/de\/wp-json\/wp\/v2\/media\/1099761"}],"wp:attachment":[{"href":"https:\/\/hubsch-interior.com\/de\/wp-json\/wp\/v2\/media?parent=694590"}],"wp:term":[{"taxonomy":"product_brand","embeddable":true,"href":"https:\/\/hubsch-interior.com\/de\/wp-json\/wp\/v2\/product_brand?post=694590"},{"taxonomy":"product_cat","embeddable":true,"href":"https:\/\/hubsch-interior.com\/de\/wp-json\/wp\/v2\/product_cat?post=694590"},{"taxonomy":"product_tag","embeddable":true,"href":"https:\/\/hubsch-interior.com\/de\/wp-json\/wp\/v2\/product_tag?post=694590"}],"curies":[{"name":"wp","href":"https:\/\/api.w.org\/{rel}","templated":true}]}}