{"id":694714,"date":"2021-08-31T09:44:59","date_gmt":"2021-08-31T07:44:59","guid":{"rendered":"https:\/\/hubsch-interior.com\/shop-b2c\/product\/product\/"},"modified":"2026-04-09T04:45:33","modified_gmt":"2026-04-09T02:45:33","slug":"mix-kerzenhalter-grun-naturfarben-2er-set","status":"publish","type":"product","link":"https:\/\/hubsch-interior.com\/de\/produkt\/mix-kerzenhalter-grun-naturfarben-2er-set\/","title":{"rendered":"Mix Kerzenhalter Gr\u00fcn\/Naturfarben (2er Set)"},"content":{"rendered":"<p>Das 2er Set Mix Kerzenhalter Gr\u00fcn\/Naturfarben ist eine einzigartige Kombination aus Bambus und Keramik. Die Kerzenhalter sind in einem sch\u00f6nen gr\u00fcnen und nat\u00fcrlichen Farbton gestaltet, der sich perfekt in jedes moderne oder traditionelle Interieur einf\u00fcgt. Mit diesen Kerzenhaltern k\u00f6nnen Sie zu jeder Gelegenheit eine besondere Atmosph\u00e4re schaffen. Ein wunderbar dekoratives und unverwechselbares Geschenk.<\/p>\n","protected":false},"excerpt":{"rendered":"<p>Das 2er Set Mix Kerzenhalter Gr\u00fcn\/Naturfarben ist eine einzigartige Kombination aus Bambus und Keramik. Die Kerzenhalter sind in einem sch\u00f6nen gr\u00fcnen und nat\u00fcrlichen Farbton gestaltet, der sich perfekt in jedes moderne oder traditionelle Interieur einf\u00fcgt. Mit diesen Kerzenhaltern k\u00f6nnen Sie zu jeder Gelegenheit eine besondere Atmosph\u00e4re schaffen. Ein wunderbar dekoratives und unverwechselbares Geschenk.<\/p>\n","protected":false},"featured_media":1101121,"template":"","meta":{"_acf_changed":false,"inline_featured_image":false},"product_brand":[],"product_cat":[4068,4067],"product_tag":[],"class_list":{"0":"post-694714","1":"product","2":"type-product","3":"status-publish","4":"has-post-thumbnail","6":"product_cat-kerzenstaender-de","7":"product_cat-kerzenstaender-laternen-de","8":"product_shipping_class-pk","10":"pa_color-grn-2","11":"pa_color-naturfarben","12":"pa_material-bambus-de","13":"pa_material-keramik","15":"first","16":"instock","17":"taxable","18":"shipping-taxable","19":"purchasable","20":"product-type-simple"},"exclude_global_add_ons":[],"addons":[],"acf":[],"yoast_head":"<!-- This site is optimized with the Yoast SEO plugin v26.4 - https:\/\/yoast.com\/wordpress\/plugins\/seo\/ -->\n<title>Mix Kerzenhalter Gr\u00fcn\/Naturfarben (2er Set) - H\u00fcbsch<\/title>\n<meta name=\"description\" content=\"Das 2er Set Mix Kerzenhalter Gr\u00fcn\/Naturfarben ist eine einzigartige Kombination aus Bambus und Keramik. Die Kerzenhalter sind in einem sch\u00f6nen gr\u00fcnen und\" \/>\n<meta name=\"robots\" content=\"index, follow, max-snippet:-1, max-image-preview:large, max-video-preview:-1\" \/>\n<link rel=\"canonical\" href=\"https:\/\/hubsch-interior.com\/de\/wp-json\/wp\/v2\/product\/694714\" \/>\n<meta property=\"og:locale\" content=\"de_DE\" \/>\n<meta property=\"og:type\" content=\"article\" \/>\n<meta property=\"og:title\" content=\"Mix Kerzenhalter Gr\u00fcn\/Naturfarben (2er Set) - H\u00fcbsch\" \/>\n<meta property=\"og:description\" content=\"Das 2er Set Mix Kerzenhalter Gr\u00fcn\/Naturfarben ist eine einzigartige Kombination aus Bambus und Keramik. Die Kerzenhalter sind in einem sch\u00f6nen gr\u00fcnen und\" \/>\n<meta property=\"og:url\" content=\"https:\/\/hubsch-interior.com\/de\/produkt\/mix-kerzenhalter-grun-naturfarben-2er-set\/\" \/>\n<meta property=\"og:site_name\" content=\"H\u00fcbsch\" \/>\n<meta property=\"article:modified_time\" content=\"2026-04-09T02:45:33+00:00\" \/>\n<meta property=\"og:image\" content=\"https:\/\/hubsch-interior.com\/wp-content\/uploads\/2025\/04\/mix-candlestick-greennatural-set-of-2-b11742eccfc664b7a4b2d4440c7a7181.jpg\" \/>\n\t<meta property=\"og:image:width\" content=\"1200\" \/>\n\t<meta property=\"og:image:height\" content=\"1200\" \/>\n\t<meta property=\"og:image:type\" content=\"image\/jpeg\" \/>\n<meta name=\"twitter:card\" content=\"summary_large_image\" \/>\n<script type=\"application\/ld+json\" class=\"yoast-schema-graph\">{\"@context\":\"https:\/\/schema.org\",\"@graph\":[{\"@type\":\"WebPage\",\"@id\":\"https:\/\/hubsch-interior.com\/de\/produkt\/mix-kerzenhalter-grun-naturfarben-2er-set\/\",\"url\":\"https:\/\/hubsch-interior.com\/de\/produkt\/mix-kerzenhalter-grun-naturfarben-2er-set\/\",\"name\":\"Mix Kerzenhalter Gr\u00fcn\/Naturfarben (2er Set) - H\u00fcbsch\",\"isPartOf\":{\"@id\":\"https:\/\/hubsch-interior.com\/de\/#website\"},\"primaryImageOfPage\":{\"@id\":\"https:\/\/hubsch-interior.com\/de\/produkt\/mix-kerzenhalter-grun-naturfarben-2er-set\/#primaryimage\"},\"image\":{\"@id\":\"https:\/\/hubsch-interior.com\/de\/produkt\/mix-kerzenhalter-grun-naturfarben-2er-set\/#primaryimage\"},\"thumbnailUrl\":\"https:\/\/hubsch-interior.com\/wp-content\/uploads\/2026\/02\/mix-candlestick-greennatural-set-of-2-b6f2076895e6c889e5e4fdfcf5ef8eb6.jpg\",\"datePublished\":\"2021-08-31T07:44:59+00:00\",\"dateModified\":\"2026-04-09T02:45:33+00:00\",\"description\":\"Das 2er Set Mix Kerzenhalter Gr\u00fcn\/Naturfarben ist eine einzigartige Kombination aus Bambus und Keramik. Die Kerzenhalter sind in einem sch\u00f6nen gr\u00fcnen und\",\"breadcrumb\":{\"@id\":\"https:\/\/hubsch-interior.com\/de\/produkt\/mix-kerzenhalter-grun-naturfarben-2er-set\/#breadcrumb\"},\"inLanguage\":\"de\",\"potentialAction\":[{\"@type\":\"ReadAction\",\"target\":[\"https:\/\/hubsch-interior.com\/de\/produkt\/mix-kerzenhalter-grun-naturfarben-2er-set\/\"]}]},{\"@type\":\"ImageObject\",\"inLanguage\":\"de\",\"@id\":\"https:\/\/hubsch-interior.com\/de\/produkt\/mix-kerzenhalter-grun-naturfarben-2er-set\/#primaryimage\",\"url\":\"https:\/\/hubsch-interior.com\/wp-content\/uploads\/2026\/02\/mix-candlestick-greennatural-set-of-2-b6f2076895e6c889e5e4fdfcf5ef8eb6.jpg\",\"contentUrl\":\"https:\/\/hubsch-interior.com\/wp-content\/uploads\/2026\/02\/mix-candlestick-greennatural-set-of-2-b6f2076895e6c889e5e4fdfcf5ef8eb6.jpg\",\"width\":1024,\"height\":1024},{\"@type\":\"BreadcrumbList\",\"@id\":\"https:\/\/hubsch-interior.com\/de\/produkt\/mix-kerzenhalter-grun-naturfarben-2er-set\/#breadcrumb\",\"itemListElement\":[{\"@type\":\"ListItem\",\"position\":1,\"name\":\"Startseite\",\"item\":\"https:\/\/hubsch-interior.com\/de\/\"},{\"@type\":\"ListItem\",\"position\":2,\"name\":\"Produkte\",\"item\":\"https:\/\/hubsch-interior.com\/de\/shop-2\/\"},{\"@type\":\"ListItem\",\"position\":3,\"name\":\"Wohnaccessoires\",\"item\":\"https:\/\/hubsch-interior.com\/de\/produkt-kategorie\/wohnaccessoires\/\"},{\"@type\":\"ListItem\",\"position\":4,\"name\":\"Kerzenst&auml;nder &amp; Laternen\",\"item\":\"https:\/\/hubsch-interior.com\/de\/produkt-kategorie\/wohnaccessoires\/kerzenstaender-laternen-de\/\"},{\"@type\":\"ListItem\",\"position\":5,\"name\":\"Kerzenst&auml;nder\",\"item\":\"https:\/\/hubsch-interior.com\/de\/produkt-kategorie\/wohnaccessoires\/kerzenstaender-laternen-de\/kerzenstaender-de\/\"},{\"@type\":\"ListItem\",\"position\":6,\"name\":\"Mix Kerzenhalter Gr\u00fcn\/Naturfarben (2er Set)\"}]},{\"@type\":\"WebSite\",\"@id\":\"https:\/\/hubsch-interior.com\/de\/#website\",\"url\":\"https:\/\/hubsch-interior.com\/de\/\",\"name\":\"H\u00fcbsch\",\"description\":\"Danish Home Interior and Design\",\"publisher\":{\"@id\":\"https:\/\/hubsch-interior.com\/de\/#organization\"},\"potentialAction\":[{\"@type\":\"SearchAction\",\"target\":{\"@type\":\"EntryPoint\",\"urlTemplate\":\"https:\/\/hubsch-interior.com\/de\/?s={search_term_string}\"},\"query-input\":{\"@type\":\"PropertyValueSpecification\",\"valueRequired\":true,\"valueName\":\"search_term_string\"}}],\"inLanguage\":\"de\"},{\"@type\":\"Organization\",\"@id\":\"https:\/\/hubsch-interior.com\/de\/#organization\",\"name\":\"H\u00fcbsch\",\"url\":\"https:\/\/hubsch-interior.com\/de\/\",\"logo\":{\"@type\":\"ImageObject\",\"inLanguage\":\"de\",\"@id\":\"https:\/\/hubsch-interior.com\/de\/#\/schema\/logo\/image\/\",\"url\":\"https:\/\/hubsch-interior.com\/wp-content\/uploads\/2022\/12\/Hubsch_logo_black_one_line.svg\",\"contentUrl\":\"https:\/\/hubsch-interior.com\/wp-content\/uploads\/2022\/12\/Hubsch_logo_black_one_line.svg\",\"caption\":\"H\u00fcbsch\"},\"image\":{\"@id\":\"https:\/\/hubsch-interior.com\/de\/#\/schema\/logo\/image\/\"}}]}<\/script>\n<!-- \/ Yoast SEO plugin. -->","yoast_head_json":{"title":"Mix Kerzenhalter Gr\u00fcn\/Naturfarben (2er Set) - H\u00fcbsch","description":"Das 2er Set Mix Kerzenhalter Gr\u00fcn\/Naturfarben ist eine einzigartige Kombination aus Bambus und Keramik. Die Kerzenhalter sind in einem sch\u00f6nen gr\u00fcnen und","robots":{"index":"index","follow":"follow","max-snippet":"max-snippet:-1","max-image-preview":"max-image-preview:large","max-video-preview":"max-video-preview:-1"},"canonical":"https:\/\/hubsch-interior.com\/de\/wp-json\/wp\/v2\/product\/694714","og_locale":"de_DE","og_type":"article","og_title":"Mix Kerzenhalter Gr\u00fcn\/Naturfarben (2er Set) - H\u00fcbsch","og_description":"Das 2er Set Mix Kerzenhalter Gr\u00fcn\/Naturfarben ist eine einzigartige Kombination aus Bambus und Keramik. Die Kerzenhalter sind in einem sch\u00f6nen gr\u00fcnen und","og_url":"https:\/\/hubsch-interior.com\/de\/produkt\/mix-kerzenhalter-grun-naturfarben-2er-set\/","og_site_name":"H\u00fcbsch","article_modified_time":"2026-04-09T02:45:33+00:00","og_image":[{"width":1200,"height":1200,"url":"https:\/\/hubsch-interior.com\/wp-content\/uploads\/2025\/04\/mix-candlestick-greennatural-set-of-2-b11742eccfc664b7a4b2d4440c7a7181.jpg","type":"image\/jpeg"}],"twitter_card":"summary_large_image","schema":{"@context":"https:\/\/schema.org","@graph":[{"@type":"WebPage","@id":"https:\/\/hubsch-interior.com\/de\/produkt\/mix-kerzenhalter-grun-naturfarben-2er-set\/","url":"https:\/\/hubsch-interior.com\/de\/produkt\/mix-kerzenhalter-grun-naturfarben-2er-set\/","name":"Mix Kerzenhalter Gr\u00fcn\/Naturfarben (2er Set) - H\u00fcbsch","isPartOf":{"@id":"https:\/\/hubsch-interior.com\/de\/#website"},"primaryImageOfPage":{"@id":"https:\/\/hubsch-interior.com\/de\/produkt\/mix-kerzenhalter-grun-naturfarben-2er-set\/#primaryimage"},"image":{"@id":"https:\/\/hubsch-interior.com\/de\/produkt\/mix-kerzenhalter-grun-naturfarben-2er-set\/#primaryimage"},"thumbnailUrl":"https:\/\/hubsch-interior.com\/wp-content\/uploads\/2026\/02\/mix-candlestick-greennatural-set-of-2-b6f2076895e6c889e5e4fdfcf5ef8eb6.jpg","datePublished":"2021-08-31T07:44:59+00:00","dateModified":"2026-04-09T02:45:33+00:00","description":"Das 2er Set Mix Kerzenhalter Gr\u00fcn\/Naturfarben ist eine einzigartige Kombination aus Bambus und Keramik. Die Kerzenhalter sind in einem sch\u00f6nen gr\u00fcnen und","breadcrumb":{"@id":"https:\/\/hubsch-interior.com\/de\/produkt\/mix-kerzenhalter-grun-naturfarben-2er-set\/#breadcrumb"},"inLanguage":"de","potentialAction":[{"@type":"ReadAction","target":["https:\/\/hubsch-interior.com\/de\/produkt\/mix-kerzenhalter-grun-naturfarben-2er-set\/"]}]},{"@type":"ImageObject","inLanguage":"de","@id":"https:\/\/hubsch-interior.com\/de\/produkt\/mix-kerzenhalter-grun-naturfarben-2er-set\/#primaryimage","url":"https:\/\/hubsch-interior.com\/wp-content\/uploads\/2026\/02\/mix-candlestick-greennatural-set-of-2-b6f2076895e6c889e5e4fdfcf5ef8eb6.jpg","contentUrl":"https:\/\/hubsch-interior.com\/wp-content\/uploads\/2026\/02\/mix-candlestick-greennatural-set-of-2-b6f2076895e6c889e5e4fdfcf5ef8eb6.jpg","width":1024,"height":1024},{"@type":"BreadcrumbList","@id":"https:\/\/hubsch-interior.com\/de\/produkt\/mix-kerzenhalter-grun-naturfarben-2er-set\/#breadcrumb","itemListElement":[{"@type":"ListItem","position":1,"name":"Startseite","item":"https:\/\/hubsch-interior.com\/de\/"},{"@type":"ListItem","position":2,"name":"Produkte","item":"https:\/\/hubsch-interior.com\/de\/shop-2\/"},{"@type":"ListItem","position":3,"name":"Wohnaccessoires","item":"https:\/\/hubsch-interior.com\/de\/produkt-kategorie\/wohnaccessoires\/"},{"@type":"ListItem","position":4,"name":"Kerzenst&auml;nder &amp; Laternen","item":"https:\/\/hubsch-interior.com\/de\/produkt-kategorie\/wohnaccessoires\/kerzenstaender-laternen-de\/"},{"@type":"ListItem","position":5,"name":"Kerzenst&auml;nder","item":"https:\/\/hubsch-interior.com\/de\/produkt-kategorie\/wohnaccessoires\/kerzenstaender-laternen-de\/kerzenstaender-de\/"},{"@type":"ListItem","position":6,"name":"Mix Kerzenhalter Gr\u00fcn\/Naturfarben (2er Set)"}]},{"@type":"WebSite","@id":"https:\/\/hubsch-interior.com\/de\/#website","url":"https:\/\/hubsch-interior.com\/de\/","name":"H\u00fcbsch","description":"Danish Home Interior and Design","publisher":{"@id":"https:\/\/hubsch-interior.com\/de\/#organization"},"potentialAction":[{"@type":"SearchAction","target":{"@type":"EntryPoint","urlTemplate":"https:\/\/hubsch-interior.com\/de\/?s={search_term_string}"},"query-input":{"@type":"PropertyValueSpecification","valueRequired":true,"valueName":"search_term_string"}}],"inLanguage":"de"},{"@type":"Organization","@id":"https:\/\/hubsch-interior.com\/de\/#organization","name":"H\u00fcbsch","url":"https:\/\/hubsch-interior.com\/de\/","logo":{"@type":"ImageObject","inLanguage":"de","@id":"https:\/\/hubsch-interior.com\/de\/#\/schema\/logo\/image\/","url":"https:\/\/hubsch-interior.com\/wp-content\/uploads\/2022\/12\/Hubsch_logo_black_one_line.svg","contentUrl":"https:\/\/hubsch-interior.com\/wp-content\/uploads\/2022\/12\/Hubsch_logo_black_one_line.svg","caption":"H\u00fcbsch"},"image":{"@id":"https:\/\/hubsch-interior.com\/de\/#\/schema\/logo\/image\/"}}]}},"_links":{"self":[{"href":"https:\/\/hubsch-interior.com\/de\/wp-json\/wp\/v2\/product\/694714","targetHints":{"allow":["GET"]}}],"collection":[{"href":"https:\/\/hubsch-interior.com\/de\/wp-json\/wp\/v2\/product"}],"about":[{"href":"https:\/\/hubsch-interior.com\/de\/wp-json\/wp\/v2\/types\/product"}],"wp:featuredmedia":[{"embeddable":true,"href":"https:\/\/hubsch-interior.com\/de\/wp-json\/wp\/v2\/media\/1101121"}],"wp:attachment":[{"href":"https:\/\/hubsch-interior.com\/de\/wp-json\/wp\/v2\/media?parent=694714"}],"wp:term":[{"taxonomy":"product_brand","embeddable":true,"href":"https:\/\/hubsch-interior.com\/de\/wp-json\/wp\/v2\/product_brand?post=694714"},{"taxonomy":"product_cat","embeddable":true,"href":"https:\/\/hubsch-interior.com\/de\/wp-json\/wp\/v2\/product_cat?post=694714"},{"taxonomy":"product_tag","embeddable":true,"href":"https:\/\/hubsch-interior.com\/de\/wp-json\/wp\/v2\/product_tag?post=694714"}],"curies":[{"name":"wp","href":"https:\/\/api.w.org\/{rel}","templated":true}]}}