{"id":695054,"date":"2021-08-31T09:59:35","date_gmt":"2021-08-31T07:59:35","guid":{"rendered":"https:\/\/hubsch-interior.com\/shop-b2c\/product\/product\/"},"modified":"2026-04-10T05:02:42","modified_gmt":"2026-04-10T03:02:42","slug":"lake-karaffe-klar","status":"publish","type":"product","link":"https:\/\/hubsch-interior.com\/de\/produkt\/lake-karaffe-klar\/","title":{"rendered":"Lake Karaffe Klar"},"content":{"rendered":"<p>Die Lake Karaffe Klar\/Naturfarben ist ein elegantes, handgefertigtes Designst\u00fcck aus Acacia-Holz und Glas. Es ist ein wundersch\u00f6ner Kontrast zwischen dem hochwertigen Acacia-Holz und dem klaren oder naturfarbenen Glas. Diese moderne Karaffe ist ein Muss f\u00fcr jeden Anlass, ob als Geschenk oder zum selber Genie\u00dfen. Sie kommt mit einem Ring aus Acacia-Holz, der das sch\u00f6ne Design abrundet. Genie\u00dfen Sie Ihren Lieblingswein oder Ihre Lieblingslimonade in dieser einzigartigen Karaffe.<\/p>\n","protected":false},"excerpt":{"rendered":"<p>Die Lake Karaffe Klar\/Naturfarben ist ein elegantes, handgefertigtes Designst\u00fcck aus Acacia-Holz und Glas. Es ist ein wundersch\u00f6ner Kontrast zwischen dem hochwertigen Acacia-Holz und dem klaren oder naturfarbenen Glas. Diese moderne Karaffe ist ein Muss f\u00fcr jeden Anlass, ob als Geschenk oder zum selber Genie\u00dfen. Sie kommt mit einem Ring aus Acacia-Holz, der das sch\u00f6ne Design [&hellip;]<\/p>\n","protected":false},"featured_media":1106210,"template":"","meta":{"_acf_changed":false,"inline_featured_image":false},"product_brand":[],"product_cat":[3156],"product_tag":[],"class_list":{"0":"post-695054","1":"product","2":"type-product","3":"status-publish","4":"has-post-thumbnail","6":"product_cat-vasen-de","7":"product_shipping_class-pk","9":"pa_color-klar-de","10":"pa_material-akazie-de","11":"pa_material-glas-de","13":"first","14":"instock","15":"taxable","16":"shipping-taxable","17":"purchasable","18":"product-type-simple"},"exclude_global_add_ons":[],"addons":[],"acf":[],"yoast_head":"<!-- This site is optimized with the Yoast SEO plugin v26.4 - https:\/\/yoast.com\/wordpress\/plugins\/seo\/ -->\n<title>Lake Karaffe Klar - H\u00fcbsch<\/title>\n<meta name=\"description\" content=\"Die Lake Karaffe Klar\/Naturfarben ist ein elegantes, handgefertigtes Designst\u00fcck aus Acacia-Holz und Glas. Es ist ein wundersch\u00f6ner Kontrast zwischen dem\" \/>\n<meta name=\"robots\" content=\"index, follow, max-snippet:-1, max-image-preview:large, max-video-preview:-1\" \/>\n<link rel=\"canonical\" href=\"https:\/\/hubsch-interior.com\/de\/wp-json\/wp\/v2\/product\/695054\" \/>\n<meta property=\"og:locale\" content=\"de_DE\" \/>\n<meta property=\"og:type\" content=\"article\" \/>\n<meta property=\"og:title\" content=\"Lake Karaffe Klar - H\u00fcbsch\" \/>\n<meta property=\"og:description\" content=\"Die Lake Karaffe Klar\/Naturfarben ist ein elegantes, handgefertigtes Designst\u00fcck aus Acacia-Holz und Glas. Es ist ein wundersch\u00f6ner Kontrast zwischen dem\" \/>\n<meta property=\"og:url\" content=\"https:\/\/hubsch-interior.com\/de\/produkt\/lake-karaffe-klar\/\" \/>\n<meta property=\"og:site_name\" content=\"H\u00fcbsch\" \/>\n<meta property=\"article:modified_time\" content=\"2026-04-10T03:02:42+00:00\" \/>\n<meta property=\"og:image\" content=\"https:\/\/hubsch-interior.com\/wp-content\/uploads\/2024\/03\/lake-jug-clear-a91708af391dc3e19b889f1c0b5206cd.jpg\" \/>\n\t<meta property=\"og:image:width\" content=\"1200\" \/>\n\t<meta property=\"og:image:height\" content=\"1200\" \/>\n\t<meta property=\"og:image:type\" content=\"image\/jpeg\" \/>\n<meta name=\"twitter:card\" content=\"summary_large_image\" \/>\n<script type=\"application\/ld+json\" class=\"yoast-schema-graph\">{\"@context\":\"https:\/\/schema.org\",\"@graph\":[{\"@type\":\"WebPage\",\"@id\":\"https:\/\/hubsch-interior.com\/de\/produkt\/lake-karaffe-klar\/\",\"url\":\"https:\/\/hubsch-interior.com\/de\/produkt\/lake-karaffe-klar\/\",\"name\":\"Lake Karaffe Klar - H\u00fcbsch\",\"isPartOf\":{\"@id\":\"https:\/\/hubsch-interior.com\/de\/#website\"},\"primaryImageOfPage\":{\"@id\":\"https:\/\/hubsch-interior.com\/de\/produkt\/lake-karaffe-klar\/#primaryimage\"},\"image\":{\"@id\":\"https:\/\/hubsch-interior.com\/de\/produkt\/lake-karaffe-klar\/#primaryimage\"},\"thumbnailUrl\":\"https:\/\/hubsch-interior.com\/wp-content\/uploads\/2026\/02\/lake-jug-clear-cfba6970625c933eb133e414ef1d9de5.jpg\",\"datePublished\":\"2021-08-31T07:59:35+00:00\",\"dateModified\":\"2026-04-10T03:02:42+00:00\",\"description\":\"Die Lake Karaffe Klar\/Naturfarben ist ein elegantes, handgefertigtes Designst\u00fcck aus Acacia-Holz und Glas. Es ist ein wundersch\u00f6ner Kontrast zwischen dem\",\"breadcrumb\":{\"@id\":\"https:\/\/hubsch-interior.com\/de\/produkt\/lake-karaffe-klar\/#breadcrumb\"},\"inLanguage\":\"de\",\"potentialAction\":[{\"@type\":\"ReadAction\",\"target\":[\"https:\/\/hubsch-interior.com\/de\/produkt\/lake-karaffe-klar\/\"]}]},{\"@type\":\"ImageObject\",\"inLanguage\":\"de\",\"@id\":\"https:\/\/hubsch-interior.com\/de\/produkt\/lake-karaffe-klar\/#primaryimage\",\"url\":\"https:\/\/hubsch-interior.com\/wp-content\/uploads\/2026\/02\/lake-jug-clear-cfba6970625c933eb133e414ef1d9de5.jpg\",\"contentUrl\":\"https:\/\/hubsch-interior.com\/wp-content\/uploads\/2026\/02\/lake-jug-clear-cfba6970625c933eb133e414ef1d9de5.jpg\",\"width\":1024,\"height\":1024},{\"@type\":\"BreadcrumbList\",\"@id\":\"https:\/\/hubsch-interior.com\/de\/produkt\/lake-karaffe-klar\/#breadcrumb\",\"itemListElement\":[{\"@type\":\"ListItem\",\"position\":1,\"name\":\"Startseite\",\"item\":\"https:\/\/hubsch-interior.com\/de\/\"},{\"@type\":\"ListItem\",\"position\":2,\"name\":\"Produkte\",\"item\":\"https:\/\/hubsch-interior.com\/de\/shop-2\/\"},{\"@type\":\"ListItem\",\"position\":3,\"name\":\"Wohnaccessoires\",\"item\":\"https:\/\/hubsch-interior.com\/de\/produkt-kategorie\/wohnaccessoires\/\"},{\"@type\":\"ListItem\",\"position\":4,\"name\":\"Vasen\",\"item\":\"https:\/\/hubsch-interior.com\/de\/produkt-kategorie\/wohnaccessoires\/vasen-de\/\"},{\"@type\":\"ListItem\",\"position\":5,\"name\":\"Lake Karaffe Klar\"}]},{\"@type\":\"WebSite\",\"@id\":\"https:\/\/hubsch-interior.com\/de\/#website\",\"url\":\"https:\/\/hubsch-interior.com\/de\/\",\"name\":\"H\u00fcbsch\",\"description\":\"Danish Home Interior and Design\",\"publisher\":{\"@id\":\"https:\/\/hubsch-interior.com\/de\/#organization\"},\"potentialAction\":[{\"@type\":\"SearchAction\",\"target\":{\"@type\":\"EntryPoint\",\"urlTemplate\":\"https:\/\/hubsch-interior.com\/de\/?s={search_term_string}\"},\"query-input\":{\"@type\":\"PropertyValueSpecification\",\"valueRequired\":true,\"valueName\":\"search_term_string\"}}],\"inLanguage\":\"de\"},{\"@type\":\"Organization\",\"@id\":\"https:\/\/hubsch-interior.com\/de\/#organization\",\"name\":\"H\u00fcbsch\",\"url\":\"https:\/\/hubsch-interior.com\/de\/\",\"logo\":{\"@type\":\"ImageObject\",\"inLanguage\":\"de\",\"@id\":\"https:\/\/hubsch-interior.com\/de\/#\/schema\/logo\/image\/\",\"url\":\"https:\/\/hubsch-interior.com\/wp-content\/uploads\/2022\/12\/Hubsch_logo_black_one_line.svg\",\"contentUrl\":\"https:\/\/hubsch-interior.com\/wp-content\/uploads\/2022\/12\/Hubsch_logo_black_one_line.svg\",\"caption\":\"H\u00fcbsch\"},\"image\":{\"@id\":\"https:\/\/hubsch-interior.com\/de\/#\/schema\/logo\/image\/\"}}]}<\/script>\n<!-- \/ Yoast SEO plugin. -->","yoast_head_json":{"title":"Lake Karaffe Klar - H\u00fcbsch","description":"Die Lake Karaffe Klar\/Naturfarben ist ein elegantes, handgefertigtes Designst\u00fcck aus Acacia-Holz und Glas. Es ist ein wundersch\u00f6ner Kontrast zwischen dem","robots":{"index":"index","follow":"follow","max-snippet":"max-snippet:-1","max-image-preview":"max-image-preview:large","max-video-preview":"max-video-preview:-1"},"canonical":"https:\/\/hubsch-interior.com\/de\/wp-json\/wp\/v2\/product\/695054","og_locale":"de_DE","og_type":"article","og_title":"Lake Karaffe Klar - H\u00fcbsch","og_description":"Die Lake Karaffe Klar\/Naturfarben ist ein elegantes, handgefertigtes Designst\u00fcck aus Acacia-Holz und Glas. Es ist ein wundersch\u00f6ner Kontrast zwischen dem","og_url":"https:\/\/hubsch-interior.com\/de\/produkt\/lake-karaffe-klar\/","og_site_name":"H\u00fcbsch","article_modified_time":"2026-04-10T03:02:42+00:00","og_image":[{"width":1200,"height":1200,"url":"https:\/\/hubsch-interior.com\/wp-content\/uploads\/2024\/03\/lake-jug-clear-a91708af391dc3e19b889f1c0b5206cd.jpg","type":"image\/jpeg"}],"twitter_card":"summary_large_image","schema":{"@context":"https:\/\/schema.org","@graph":[{"@type":"WebPage","@id":"https:\/\/hubsch-interior.com\/de\/produkt\/lake-karaffe-klar\/","url":"https:\/\/hubsch-interior.com\/de\/produkt\/lake-karaffe-klar\/","name":"Lake Karaffe Klar - H\u00fcbsch","isPartOf":{"@id":"https:\/\/hubsch-interior.com\/de\/#website"},"primaryImageOfPage":{"@id":"https:\/\/hubsch-interior.com\/de\/produkt\/lake-karaffe-klar\/#primaryimage"},"image":{"@id":"https:\/\/hubsch-interior.com\/de\/produkt\/lake-karaffe-klar\/#primaryimage"},"thumbnailUrl":"https:\/\/hubsch-interior.com\/wp-content\/uploads\/2026\/02\/lake-jug-clear-cfba6970625c933eb133e414ef1d9de5.jpg","datePublished":"2021-08-31T07:59:35+00:00","dateModified":"2026-04-10T03:02:42+00:00","description":"Die Lake Karaffe Klar\/Naturfarben ist ein elegantes, handgefertigtes Designst\u00fcck aus Acacia-Holz und Glas. Es ist ein wundersch\u00f6ner Kontrast zwischen dem","breadcrumb":{"@id":"https:\/\/hubsch-interior.com\/de\/produkt\/lake-karaffe-klar\/#breadcrumb"},"inLanguage":"de","potentialAction":[{"@type":"ReadAction","target":["https:\/\/hubsch-interior.com\/de\/produkt\/lake-karaffe-klar\/"]}]},{"@type":"ImageObject","inLanguage":"de","@id":"https:\/\/hubsch-interior.com\/de\/produkt\/lake-karaffe-klar\/#primaryimage","url":"https:\/\/hubsch-interior.com\/wp-content\/uploads\/2026\/02\/lake-jug-clear-cfba6970625c933eb133e414ef1d9de5.jpg","contentUrl":"https:\/\/hubsch-interior.com\/wp-content\/uploads\/2026\/02\/lake-jug-clear-cfba6970625c933eb133e414ef1d9de5.jpg","width":1024,"height":1024},{"@type":"BreadcrumbList","@id":"https:\/\/hubsch-interior.com\/de\/produkt\/lake-karaffe-klar\/#breadcrumb","itemListElement":[{"@type":"ListItem","position":1,"name":"Startseite","item":"https:\/\/hubsch-interior.com\/de\/"},{"@type":"ListItem","position":2,"name":"Produkte","item":"https:\/\/hubsch-interior.com\/de\/shop-2\/"},{"@type":"ListItem","position":3,"name":"Wohnaccessoires","item":"https:\/\/hubsch-interior.com\/de\/produkt-kategorie\/wohnaccessoires\/"},{"@type":"ListItem","position":4,"name":"Vasen","item":"https:\/\/hubsch-interior.com\/de\/produkt-kategorie\/wohnaccessoires\/vasen-de\/"},{"@type":"ListItem","position":5,"name":"Lake Karaffe Klar"}]},{"@type":"WebSite","@id":"https:\/\/hubsch-interior.com\/de\/#website","url":"https:\/\/hubsch-interior.com\/de\/","name":"H\u00fcbsch","description":"Danish Home Interior and Design","publisher":{"@id":"https:\/\/hubsch-interior.com\/de\/#organization"},"potentialAction":[{"@type":"SearchAction","target":{"@type":"EntryPoint","urlTemplate":"https:\/\/hubsch-interior.com\/de\/?s={search_term_string}"},"query-input":{"@type":"PropertyValueSpecification","valueRequired":true,"valueName":"search_term_string"}}],"inLanguage":"de"},{"@type":"Organization","@id":"https:\/\/hubsch-interior.com\/de\/#organization","name":"H\u00fcbsch","url":"https:\/\/hubsch-interior.com\/de\/","logo":{"@type":"ImageObject","inLanguage":"de","@id":"https:\/\/hubsch-interior.com\/de\/#\/schema\/logo\/image\/","url":"https:\/\/hubsch-interior.com\/wp-content\/uploads\/2022\/12\/Hubsch_logo_black_one_line.svg","contentUrl":"https:\/\/hubsch-interior.com\/wp-content\/uploads\/2022\/12\/Hubsch_logo_black_one_line.svg","caption":"H\u00fcbsch"},"image":{"@id":"https:\/\/hubsch-interior.com\/de\/#\/schema\/logo\/image\/"}}]}},"_links":{"self":[{"href":"https:\/\/hubsch-interior.com\/de\/wp-json\/wp\/v2\/product\/695054","targetHints":{"allow":["GET"]}}],"collection":[{"href":"https:\/\/hubsch-interior.com\/de\/wp-json\/wp\/v2\/product"}],"about":[{"href":"https:\/\/hubsch-interior.com\/de\/wp-json\/wp\/v2\/types\/product"}],"wp:featuredmedia":[{"embeddable":true,"href":"https:\/\/hubsch-interior.com\/de\/wp-json\/wp\/v2\/media\/1106210"}],"wp:attachment":[{"href":"https:\/\/hubsch-interior.com\/de\/wp-json\/wp\/v2\/media?parent=695054"}],"wp:term":[{"taxonomy":"product_brand","embeddable":true,"href":"https:\/\/hubsch-interior.com\/de\/wp-json\/wp\/v2\/product_brand?post=695054"},{"taxonomy":"product_cat","embeddable":true,"href":"https:\/\/hubsch-interior.com\/de\/wp-json\/wp\/v2\/product_cat?post=695054"},{"taxonomy":"product_tag","embeddable":true,"href":"https:\/\/hubsch-interior.com\/de\/wp-json\/wp\/v2\/product_tag?post=695054"}],"curies":[{"name":"wp","href":"https:\/\/api.w.org\/{rel}","templated":true}]}}