{"id":716712,"date":"2021-11-22T15:25:14","date_gmt":"2021-11-22T14:25:14","guid":{"rendered":"https:\/\/hubsch-interior.com\/shop-b2c\/product\/product\/"},"modified":"2026-04-30T04:24:19","modified_gmt":"2026-04-30T02:24:19","slug":"daze-korbe-schwarz-naturfarben-2er-set","status":"publish","type":"product","link":"https:\/\/hubsch-interior.com\/de\/produkt\/daze-korbe-schwarz-naturfarben-2er-set\/","title":{"rendered":"Daze K\u00f6rbe Schwarz\/Naturfarben (2er Set)"},"content":{"rendered":"<p>Der Daze K\u00f6rbe Schwarz\/Naturfarben 2er Set ist ein wundersch\u00f6nes Set aus zwei handgefertigten K\u00f6rben. Sie sind aus einem robusten Bambusrahmen und Rattan gefertigt und mit einem grauen Boden versehen. Durch ihr einzigartiges Design ist es eine perfekte Erg\u00e4nzung f\u00fcr jeden Raum. Sie k\u00f6nnen als Aufbewahrungsk\u00f6rbe f\u00fcr Kleinigkeiten oder als Dekoration dienen. Ein sch\u00f6nes Geschenk f\u00fcr jeden Anlass.<\/p>\n","protected":false},"excerpt":{"rendered":"<p>Der Daze K\u00f6rbe Schwarz\/Naturfarben 2er Set ist ein wundersch\u00f6nes Set aus zwei handgefertigten K\u00f6rben. Sie sind aus einem robusten Bambusrahmen und Rattan gefertigt und mit einem grauen Boden versehen. Durch ihr einzigartiges Design ist es eine perfekte Erg\u00e4nzung f\u00fcr jeden Raum. Sie k\u00f6nnen als Aufbewahrungsk\u00f6rbe f\u00fcr Kleinigkeiten oder als Dekoration dienen. Ein sch\u00f6nes Geschenk f\u00fcr [&hellip;]<\/p>\n","protected":false},"featured_media":1095549,"template":"","meta":{"_acf_changed":false,"inline_featured_image":false},"product_brand":[],"product_cat":[3111,4076],"product_tag":[],"class_list":{"0":"post-716712","1":"product","2":"type-product","3":"status-publish","4":"has-post-thumbnail","6":"product_cat-aufbewahrung-de","7":"product_cat-koerbe-de","8":"product_shipping_class-pk","9":"pa_color-schwarz","10":"pa_color-naturfarben-2","11":"pa_material-bambus-de","12":"pa_material-rattan-de","14":"first","15":"instock","16":"taxable","17":"shipping-taxable","18":"purchasable","19":"product-type-simple"},"exclude_global_add_ons":[],"addons":[],"acf":[],"yoast_head":"<!-- This site is optimized with the Yoast SEO plugin v26.4 - https:\/\/yoast.com\/wordpress\/plugins\/seo\/ -->\n<title>Daze K\u00f6rbe Schwarz\/Naturfarben (2er Set) - H\u00fcbsch<\/title>\n<meta name=\"description\" content=\"Der Daze K\u00f6rbe Schwarz\/Naturfarben 2er Set ist ein wundersch\u00f6nes Set aus zwei handgefertigten K\u00f6rben. Sie sind aus einem robusten Bambusrahmen und Rattan\" \/>\n<meta name=\"robots\" content=\"index, follow, max-snippet:-1, max-image-preview:large, max-video-preview:-1\" \/>\n<link rel=\"canonical\" href=\"https:\/\/hubsch-interior.com\/de\/wp-json\/wp\/v2\/product\/716712\" \/>\n<meta property=\"og:locale\" content=\"de_DE\" \/>\n<meta property=\"og:type\" content=\"article\" \/>\n<meta property=\"og:title\" content=\"Daze K\u00f6rbe Schwarz\/Naturfarben (2er Set) - H\u00fcbsch\" \/>\n<meta property=\"og:description\" content=\"Der Daze K\u00f6rbe Schwarz\/Naturfarben 2er Set ist ein wundersch\u00f6nes Set aus zwei handgefertigten K\u00f6rben. Sie sind aus einem robusten Bambusrahmen und Rattan\" \/>\n<meta property=\"og:url\" content=\"https:\/\/hubsch-interior.com\/de\/produkt\/daze-korbe-schwarz-naturfarben-2er-set\/\" \/>\n<meta property=\"og:site_name\" content=\"H\u00fcbsch\" \/>\n<meta property=\"article:modified_time\" content=\"2026-04-30T02:24:19+00:00\" \/>\n<meta property=\"og:image\" content=\"https:\/\/hubsch-interior.com\/wp-content\/uploads\/2024\/12\/daze-baskets-blacknatural-set-of-2-676764ccb6ad3705562f5f29cc278cb9.jpg\" \/>\n\t<meta property=\"og:image:width\" content=\"1200\" \/>\n\t<meta property=\"og:image:height\" content=\"1200\" \/>\n\t<meta property=\"og:image:type\" content=\"image\/jpeg\" \/>\n<meta name=\"twitter:card\" content=\"summary_large_image\" \/>\n<script type=\"application\/ld+json\" class=\"yoast-schema-graph\">{\"@context\":\"https:\/\/schema.org\",\"@graph\":[{\"@type\":\"WebPage\",\"@id\":\"https:\/\/hubsch-interior.com\/de\/produkt\/daze-korbe-schwarz-naturfarben-2er-set\/\",\"url\":\"https:\/\/hubsch-interior.com\/de\/produkt\/daze-korbe-schwarz-naturfarben-2er-set\/\",\"name\":\"Daze K\u00f6rbe Schwarz\/Naturfarben (2er Set) - H\u00fcbsch\",\"isPartOf\":{\"@id\":\"https:\/\/hubsch-interior.com\/de\/#website\"},\"primaryImageOfPage\":{\"@id\":\"https:\/\/hubsch-interior.com\/de\/produkt\/daze-korbe-schwarz-naturfarben-2er-set\/#primaryimage\"},\"image\":{\"@id\":\"https:\/\/hubsch-interior.com\/de\/produkt\/daze-korbe-schwarz-naturfarben-2er-set\/#primaryimage\"},\"thumbnailUrl\":\"https:\/\/hubsch-interior.com\/wp-content\/uploads\/2026\/02\/daze-baskets-blacknatural-set-of-2-e357927918914ad529c171c990adf115.jpg\",\"datePublished\":\"2021-11-22T14:25:14+00:00\",\"dateModified\":\"2026-04-30T02:24:19+00:00\",\"description\":\"Der Daze K\u00f6rbe Schwarz\/Naturfarben 2er Set ist ein wundersch\u00f6nes Set aus zwei handgefertigten K\u00f6rben. Sie sind aus einem robusten Bambusrahmen und Rattan\",\"breadcrumb\":{\"@id\":\"https:\/\/hubsch-interior.com\/de\/produkt\/daze-korbe-schwarz-naturfarben-2er-set\/#breadcrumb\"},\"inLanguage\":\"de\",\"potentialAction\":[{\"@type\":\"ReadAction\",\"target\":[\"https:\/\/hubsch-interior.com\/de\/produkt\/daze-korbe-schwarz-naturfarben-2er-set\/\"]}]},{\"@type\":\"ImageObject\",\"inLanguage\":\"de\",\"@id\":\"https:\/\/hubsch-interior.com\/de\/produkt\/daze-korbe-schwarz-naturfarben-2er-set\/#primaryimage\",\"url\":\"https:\/\/hubsch-interior.com\/wp-content\/uploads\/2026\/02\/daze-baskets-blacknatural-set-of-2-e357927918914ad529c171c990adf115.jpg\",\"contentUrl\":\"https:\/\/hubsch-interior.com\/wp-content\/uploads\/2026\/02\/daze-baskets-blacknatural-set-of-2-e357927918914ad529c171c990adf115.jpg\",\"width\":1024,\"height\":1024},{\"@type\":\"BreadcrumbList\",\"@id\":\"https:\/\/hubsch-interior.com\/de\/produkt\/daze-korbe-schwarz-naturfarben-2er-set\/#breadcrumb\",\"itemListElement\":[{\"@type\":\"ListItem\",\"position\":1,\"name\":\"Startseite\",\"item\":\"https:\/\/hubsch-interior.com\/de\/\"},{\"@type\":\"ListItem\",\"position\":2,\"name\":\"Produkte\",\"item\":\"https:\/\/hubsch-interior.com\/de\/shop-2\/\"},{\"@type\":\"ListItem\",\"position\":3,\"name\":\"Wohnaccessoires\",\"item\":\"https:\/\/hubsch-interior.com\/de\/produkt-kategorie\/wohnaccessoires\/\"},{\"@type\":\"ListItem\",\"position\":4,\"name\":\"Aufbewahrung\",\"item\":\"https:\/\/hubsch-interior.com\/de\/produkt-kategorie\/wohnaccessoires\/aufbewahrung-de\/\"},{\"@type\":\"ListItem\",\"position\":5,\"name\":\"K&ouml;rbe\",\"item\":\"https:\/\/hubsch-interior.com\/de\/produkt-kategorie\/wohnaccessoires\/aufbewahrung-de\/koerbe-de\/\"},{\"@type\":\"ListItem\",\"position\":6,\"name\":\"Daze K\u00f6rbe Schwarz\/Naturfarben (2er Set)\"}]},{\"@type\":\"WebSite\",\"@id\":\"https:\/\/hubsch-interior.com\/de\/#website\",\"url\":\"https:\/\/hubsch-interior.com\/de\/\",\"name\":\"H\u00fcbsch\",\"description\":\"Danish Home Interior and Design\",\"publisher\":{\"@id\":\"https:\/\/hubsch-interior.com\/de\/#organization\"},\"potentialAction\":[{\"@type\":\"SearchAction\",\"target\":{\"@type\":\"EntryPoint\",\"urlTemplate\":\"https:\/\/hubsch-interior.com\/de\/?s={search_term_string}\"},\"query-input\":{\"@type\":\"PropertyValueSpecification\",\"valueRequired\":true,\"valueName\":\"search_term_string\"}}],\"inLanguage\":\"de\"},{\"@type\":\"Organization\",\"@id\":\"https:\/\/hubsch-interior.com\/de\/#organization\",\"name\":\"H\u00fcbsch\",\"url\":\"https:\/\/hubsch-interior.com\/de\/\",\"logo\":{\"@type\":\"ImageObject\",\"inLanguage\":\"de\",\"@id\":\"https:\/\/hubsch-interior.com\/de\/#\/schema\/logo\/image\/\",\"url\":\"https:\/\/hubsch-interior.com\/wp-content\/uploads\/2022\/12\/Hubsch_logo_black_one_line.svg\",\"contentUrl\":\"https:\/\/hubsch-interior.com\/wp-content\/uploads\/2022\/12\/Hubsch_logo_black_one_line.svg\",\"caption\":\"H\u00fcbsch\"},\"image\":{\"@id\":\"https:\/\/hubsch-interior.com\/de\/#\/schema\/logo\/image\/\"}}]}<\/script>\n<!-- \/ Yoast SEO plugin. -->","yoast_head_json":{"title":"Daze K\u00f6rbe Schwarz\/Naturfarben (2er Set) - H\u00fcbsch","description":"Der Daze K\u00f6rbe Schwarz\/Naturfarben 2er Set ist ein wundersch\u00f6nes Set aus zwei handgefertigten K\u00f6rben. Sie sind aus einem robusten Bambusrahmen und Rattan","robots":{"index":"index","follow":"follow","max-snippet":"max-snippet:-1","max-image-preview":"max-image-preview:large","max-video-preview":"max-video-preview:-1"},"canonical":"https:\/\/hubsch-interior.com\/de\/wp-json\/wp\/v2\/product\/716712","og_locale":"de_DE","og_type":"article","og_title":"Daze K\u00f6rbe Schwarz\/Naturfarben (2er Set) - H\u00fcbsch","og_description":"Der Daze K\u00f6rbe Schwarz\/Naturfarben 2er Set ist ein wundersch\u00f6nes Set aus zwei handgefertigten K\u00f6rben. Sie sind aus einem robusten Bambusrahmen und Rattan","og_url":"https:\/\/hubsch-interior.com\/de\/produkt\/daze-korbe-schwarz-naturfarben-2er-set\/","og_site_name":"H\u00fcbsch","article_modified_time":"2026-04-30T02:24:19+00:00","og_image":[{"width":1200,"height":1200,"url":"https:\/\/hubsch-interior.com\/wp-content\/uploads\/2024\/12\/daze-baskets-blacknatural-set-of-2-676764ccb6ad3705562f5f29cc278cb9.jpg","type":"image\/jpeg"}],"twitter_card":"summary_large_image","schema":{"@context":"https:\/\/schema.org","@graph":[{"@type":"WebPage","@id":"https:\/\/hubsch-interior.com\/de\/produkt\/daze-korbe-schwarz-naturfarben-2er-set\/","url":"https:\/\/hubsch-interior.com\/de\/produkt\/daze-korbe-schwarz-naturfarben-2er-set\/","name":"Daze K\u00f6rbe Schwarz\/Naturfarben (2er Set) - H\u00fcbsch","isPartOf":{"@id":"https:\/\/hubsch-interior.com\/de\/#website"},"primaryImageOfPage":{"@id":"https:\/\/hubsch-interior.com\/de\/produkt\/daze-korbe-schwarz-naturfarben-2er-set\/#primaryimage"},"image":{"@id":"https:\/\/hubsch-interior.com\/de\/produkt\/daze-korbe-schwarz-naturfarben-2er-set\/#primaryimage"},"thumbnailUrl":"https:\/\/hubsch-interior.com\/wp-content\/uploads\/2026\/02\/daze-baskets-blacknatural-set-of-2-e357927918914ad529c171c990adf115.jpg","datePublished":"2021-11-22T14:25:14+00:00","dateModified":"2026-04-30T02:24:19+00:00","description":"Der Daze K\u00f6rbe Schwarz\/Naturfarben 2er Set ist ein wundersch\u00f6nes Set aus zwei handgefertigten K\u00f6rben. Sie sind aus einem robusten Bambusrahmen und Rattan","breadcrumb":{"@id":"https:\/\/hubsch-interior.com\/de\/produkt\/daze-korbe-schwarz-naturfarben-2er-set\/#breadcrumb"},"inLanguage":"de","potentialAction":[{"@type":"ReadAction","target":["https:\/\/hubsch-interior.com\/de\/produkt\/daze-korbe-schwarz-naturfarben-2er-set\/"]}]},{"@type":"ImageObject","inLanguage":"de","@id":"https:\/\/hubsch-interior.com\/de\/produkt\/daze-korbe-schwarz-naturfarben-2er-set\/#primaryimage","url":"https:\/\/hubsch-interior.com\/wp-content\/uploads\/2026\/02\/daze-baskets-blacknatural-set-of-2-e357927918914ad529c171c990adf115.jpg","contentUrl":"https:\/\/hubsch-interior.com\/wp-content\/uploads\/2026\/02\/daze-baskets-blacknatural-set-of-2-e357927918914ad529c171c990adf115.jpg","width":1024,"height":1024},{"@type":"BreadcrumbList","@id":"https:\/\/hubsch-interior.com\/de\/produkt\/daze-korbe-schwarz-naturfarben-2er-set\/#breadcrumb","itemListElement":[{"@type":"ListItem","position":1,"name":"Startseite","item":"https:\/\/hubsch-interior.com\/de\/"},{"@type":"ListItem","position":2,"name":"Produkte","item":"https:\/\/hubsch-interior.com\/de\/shop-2\/"},{"@type":"ListItem","position":3,"name":"Wohnaccessoires","item":"https:\/\/hubsch-interior.com\/de\/produkt-kategorie\/wohnaccessoires\/"},{"@type":"ListItem","position":4,"name":"Aufbewahrung","item":"https:\/\/hubsch-interior.com\/de\/produkt-kategorie\/wohnaccessoires\/aufbewahrung-de\/"},{"@type":"ListItem","position":5,"name":"K&ouml;rbe","item":"https:\/\/hubsch-interior.com\/de\/produkt-kategorie\/wohnaccessoires\/aufbewahrung-de\/koerbe-de\/"},{"@type":"ListItem","position":6,"name":"Daze K\u00f6rbe Schwarz\/Naturfarben (2er Set)"}]},{"@type":"WebSite","@id":"https:\/\/hubsch-interior.com\/de\/#website","url":"https:\/\/hubsch-interior.com\/de\/","name":"H\u00fcbsch","description":"Danish Home Interior and Design","publisher":{"@id":"https:\/\/hubsch-interior.com\/de\/#organization"},"potentialAction":[{"@type":"SearchAction","target":{"@type":"EntryPoint","urlTemplate":"https:\/\/hubsch-interior.com\/de\/?s={search_term_string}"},"query-input":{"@type":"PropertyValueSpecification","valueRequired":true,"valueName":"search_term_string"}}],"inLanguage":"de"},{"@type":"Organization","@id":"https:\/\/hubsch-interior.com\/de\/#organization","name":"H\u00fcbsch","url":"https:\/\/hubsch-interior.com\/de\/","logo":{"@type":"ImageObject","inLanguage":"de","@id":"https:\/\/hubsch-interior.com\/de\/#\/schema\/logo\/image\/","url":"https:\/\/hubsch-interior.com\/wp-content\/uploads\/2022\/12\/Hubsch_logo_black_one_line.svg","contentUrl":"https:\/\/hubsch-interior.com\/wp-content\/uploads\/2022\/12\/Hubsch_logo_black_one_line.svg","caption":"H\u00fcbsch"},"image":{"@id":"https:\/\/hubsch-interior.com\/de\/#\/schema\/logo\/image\/"}}]}},"_links":{"self":[{"href":"https:\/\/hubsch-interior.com\/de\/wp-json\/wp\/v2\/product\/716712","targetHints":{"allow":["GET"]}}],"collection":[{"href":"https:\/\/hubsch-interior.com\/de\/wp-json\/wp\/v2\/product"}],"about":[{"href":"https:\/\/hubsch-interior.com\/de\/wp-json\/wp\/v2\/types\/product"}],"wp:featuredmedia":[{"embeddable":true,"href":"https:\/\/hubsch-interior.com\/de\/wp-json\/wp\/v2\/media\/1095549"}],"wp:attachment":[{"href":"https:\/\/hubsch-interior.com\/de\/wp-json\/wp\/v2\/media?parent=716712"}],"wp:term":[{"taxonomy":"product_brand","embeddable":true,"href":"https:\/\/hubsch-interior.com\/de\/wp-json\/wp\/v2\/product_brand?post=716712"},{"taxonomy":"product_cat","embeddable":true,"href":"https:\/\/hubsch-interior.com\/de\/wp-json\/wp\/v2\/product_cat?post=716712"},{"taxonomy":"product_tag","embeddable":true,"href":"https:\/\/hubsch-interior.com\/de\/wp-json\/wp\/v2\/product_tag?post=716712"}],"curies":[{"name":"wp","href":"https:\/\/api.w.org\/{rel}","templated":true}]}}