{"id":716788,"date":"2021-11-22T15:25:38","date_gmt":"2021-11-22T14:25:38","guid":{"rendered":"https:\/\/hubsch-interior.com\/shop-b2c\/product\/product\/"},"modified":"2026-04-09T04:25:04","modified_gmt":"2026-04-09T02:25:04","slug":"elements-vasen-klar-3er-set","status":"publish","type":"product","link":"https:\/\/hubsch-interior.com\/de\/produkt\/elements-vasen-klar-3er-set\/","title":{"rendered":"Elements Vasen Klar (3er Set)"},"content":{"rendered":"<p>Dieses 3er-Set Elements Vasen in klar ist aus Glas gefertigt. Die verschiedenen Gr\u00f6\u00dfen verleihen der Vase einen nat\u00fcrlichen und zeitlosen Look, der Ihnen viele M\u00f6glichkeiten f\u00fcr die Gestaltung bietet. Dieses Produkt wird von Hand hergestellt und kann daher variieren. Ein perfektes Geschenk f\u00fcr jede Gelegenheit!<\/p>\n","protected":false},"excerpt":{"rendered":"<p>Dieses 3er-Set Elements Vasen in klar ist aus Glas gefertigt. Die verschiedenen Gr\u00f6\u00dfen verleihen der Vase einen nat\u00fcrlichen und zeitlosen Look, der Ihnen viele M\u00f6glichkeiten f\u00fcr die Gestaltung bietet. Dieses Produkt wird von Hand hergestellt und kann daher variieren. Ein perfektes Geschenk f\u00fcr jede Gelegenheit!<\/p>\n","protected":false},"featured_media":1095671,"template":"","meta":{"_acf_changed":false,"inline_featured_image":false},"product_brand":[],"product_cat":[6972,3156,5027,6519],"product_tag":[],"class_list":{"0":"post-716788","1":"product","2":"type-product","3":"status-publish","4":"has-post-thumbnail","6":"product_cat-oster-sale","7":"product_cat-vasen-de","8":"product_cat-bestsellers-de","9":"product_cat-outlet-de","10":"product_shipping_class-pk","12":"pa_color-klar-de","13":"pa_material-glas-de","15":"first","16":"instock","17":"sale","18":"featured","19":"taxable","20":"shipping-taxable","21":"purchasable","22":"product-type-simple"},"exclude_global_add_ons":[],"addons":[],"acf":[],"yoast_head":"<!-- This site is optimized with the Yoast SEO plugin v26.4 - https:\/\/yoast.com\/wordpress\/plugins\/seo\/ -->\n<title>Elements Vasen Klar (3er Set) - H\u00fcbsch<\/title>\n<meta name=\"description\" content=\"Dieses 3er-Set Elements Vasen in klar ist aus Glas gefertigt. Die verschiedenen Gr\u00f6\u00dfen verleihen der Vase einen nat\u00fcrlichen und zeitlosen Look, der Ihnen\" \/>\n<meta name=\"robots\" content=\"index, follow, max-snippet:-1, max-image-preview:large, max-video-preview:-1\" \/>\n<link rel=\"canonical\" href=\"https:\/\/hubsch-interior.com\/de\/wp-json\/wp\/v2\/product\/716788\" \/>\n<meta property=\"og:locale\" content=\"de_DE\" \/>\n<meta property=\"og:type\" content=\"article\" \/>\n<meta property=\"og:title\" content=\"Elements Vasen Klar (3er Set) - H\u00fcbsch\" \/>\n<meta property=\"og:description\" content=\"Dieses 3er-Set Elements Vasen in klar ist aus Glas gefertigt. Die verschiedenen Gr\u00f6\u00dfen verleihen der Vase einen nat\u00fcrlichen und zeitlosen Look, der Ihnen\" \/>\n<meta property=\"og:url\" content=\"https:\/\/hubsch-interior.com\/de\/produkt\/elements-vasen-klar-3er-set\/\" \/>\n<meta property=\"og:site_name\" content=\"H\u00fcbsch\" \/>\n<meta property=\"article:modified_time\" content=\"2026-04-09T02:25:04+00:00\" \/>\n<meta property=\"og:image\" content=\"https:\/\/hubsch-interior.com\/wp-content\/uploads\/2023\/08\/elements-vases-clear-set-of-3-9a3367d983df67c8dfddf49aff7c946e.jpg\" \/>\n\t<meta property=\"og:image:width\" content=\"1200\" \/>\n\t<meta property=\"og:image:height\" content=\"1200\" \/>\n\t<meta property=\"og:image:type\" content=\"image\/jpeg\" \/>\n<meta name=\"twitter:card\" content=\"summary_large_image\" \/>\n<script type=\"application\/ld+json\" class=\"yoast-schema-graph\">{\"@context\":\"https:\/\/schema.org\",\"@graph\":[{\"@type\":\"WebPage\",\"@id\":\"https:\/\/hubsch-interior.com\/de\/produkt\/elements-vasen-klar-3er-set\/\",\"url\":\"https:\/\/hubsch-interior.com\/de\/produkt\/elements-vasen-klar-3er-set\/\",\"name\":\"Elements Vasen Klar (3er Set) - H\u00fcbsch\",\"isPartOf\":{\"@id\":\"https:\/\/hubsch-interior.com\/de\/#website\"},\"primaryImageOfPage\":{\"@id\":\"https:\/\/hubsch-interior.com\/de\/produkt\/elements-vasen-klar-3er-set\/#primaryimage\"},\"image\":{\"@id\":\"https:\/\/hubsch-interior.com\/de\/produkt\/elements-vasen-klar-3er-set\/#primaryimage\"},\"thumbnailUrl\":\"https:\/\/hubsch-interior.com\/wp-content\/uploads\/2026\/02\/elements-vases-clear-set-of-3-153f4c50b0fad991c4a3fd321d299739.jpg\",\"datePublished\":\"2021-11-22T14:25:38+00:00\",\"dateModified\":\"2026-04-09T02:25:04+00:00\",\"description\":\"Dieses 3er-Set Elements Vasen in klar ist aus Glas gefertigt. Die verschiedenen Gr\u00f6\u00dfen verleihen der Vase einen nat\u00fcrlichen und zeitlosen Look, der Ihnen\",\"breadcrumb\":{\"@id\":\"https:\/\/hubsch-interior.com\/de\/produkt\/elements-vasen-klar-3er-set\/#breadcrumb\"},\"inLanguage\":\"de\",\"potentialAction\":[{\"@type\":\"ReadAction\",\"target\":[\"https:\/\/hubsch-interior.com\/de\/produkt\/elements-vasen-klar-3er-set\/\"]}]},{\"@type\":\"ImageObject\",\"inLanguage\":\"de\",\"@id\":\"https:\/\/hubsch-interior.com\/de\/produkt\/elements-vasen-klar-3er-set\/#primaryimage\",\"url\":\"https:\/\/hubsch-interior.com\/wp-content\/uploads\/2026\/02\/elements-vases-clear-set-of-3-153f4c50b0fad991c4a3fd321d299739.jpg\",\"contentUrl\":\"https:\/\/hubsch-interior.com\/wp-content\/uploads\/2026\/02\/elements-vases-clear-set-of-3-153f4c50b0fad991c4a3fd321d299739.jpg\",\"width\":1024,\"height\":1024},{\"@type\":\"BreadcrumbList\",\"@id\":\"https:\/\/hubsch-interior.com\/de\/produkt\/elements-vasen-klar-3er-set\/#breadcrumb\",\"itemListElement\":[{\"@type\":\"ListItem\",\"position\":1,\"name\":\"Startseite\",\"item\":\"https:\/\/hubsch-interior.com\/de\/\"},{\"@type\":\"ListItem\",\"position\":2,\"name\":\"Produkte\",\"item\":\"https:\/\/hubsch-interior.com\/de\/shop-2\/\"},{\"@type\":\"ListItem\",\"position\":3,\"name\":\"Wohnaccessoires\",\"item\":\"https:\/\/hubsch-interior.com\/de\/produkt-kategorie\/wohnaccessoires\/\"},{\"@type\":\"ListItem\",\"position\":4,\"name\":\"Vasen\",\"item\":\"https:\/\/hubsch-interior.com\/de\/produkt-kategorie\/wohnaccessoires\/vasen-de\/\"},{\"@type\":\"ListItem\",\"position\":5,\"name\":\"Elements Vasen Klar (3er Set)\"}]},{\"@type\":\"WebSite\",\"@id\":\"https:\/\/hubsch-interior.com\/de\/#website\",\"url\":\"https:\/\/hubsch-interior.com\/de\/\",\"name\":\"H\u00fcbsch\",\"description\":\"Danish Home Interior and Design\",\"publisher\":{\"@id\":\"https:\/\/hubsch-interior.com\/de\/#organization\"},\"potentialAction\":[{\"@type\":\"SearchAction\",\"target\":{\"@type\":\"EntryPoint\",\"urlTemplate\":\"https:\/\/hubsch-interior.com\/de\/?s={search_term_string}\"},\"query-input\":{\"@type\":\"PropertyValueSpecification\",\"valueRequired\":true,\"valueName\":\"search_term_string\"}}],\"inLanguage\":\"de\"},{\"@type\":\"Organization\",\"@id\":\"https:\/\/hubsch-interior.com\/de\/#organization\",\"name\":\"H\u00fcbsch\",\"url\":\"https:\/\/hubsch-interior.com\/de\/\",\"logo\":{\"@type\":\"ImageObject\",\"inLanguage\":\"de\",\"@id\":\"https:\/\/hubsch-interior.com\/de\/#\/schema\/logo\/image\/\",\"url\":\"https:\/\/hubsch-interior.com\/wp-content\/uploads\/2022\/12\/Hubsch_logo_black_one_line.svg\",\"contentUrl\":\"https:\/\/hubsch-interior.com\/wp-content\/uploads\/2022\/12\/Hubsch_logo_black_one_line.svg\",\"caption\":\"H\u00fcbsch\"},\"image\":{\"@id\":\"https:\/\/hubsch-interior.com\/de\/#\/schema\/logo\/image\/\"}}]}<\/script>\n<!-- \/ Yoast SEO plugin. -->","yoast_head_json":{"title":"Elements Vasen Klar (3er Set) - H\u00fcbsch","description":"Dieses 3er-Set Elements Vasen in klar ist aus Glas gefertigt. Die verschiedenen Gr\u00f6\u00dfen verleihen der Vase einen nat\u00fcrlichen und zeitlosen Look, der Ihnen","robots":{"index":"index","follow":"follow","max-snippet":"max-snippet:-1","max-image-preview":"max-image-preview:large","max-video-preview":"max-video-preview:-1"},"canonical":"https:\/\/hubsch-interior.com\/de\/wp-json\/wp\/v2\/product\/716788","og_locale":"de_DE","og_type":"article","og_title":"Elements Vasen Klar (3er Set) - H\u00fcbsch","og_description":"Dieses 3er-Set Elements Vasen in klar ist aus Glas gefertigt. Die verschiedenen Gr\u00f6\u00dfen verleihen der Vase einen nat\u00fcrlichen und zeitlosen Look, der Ihnen","og_url":"https:\/\/hubsch-interior.com\/de\/produkt\/elements-vasen-klar-3er-set\/","og_site_name":"H\u00fcbsch","article_modified_time":"2026-04-09T02:25:04+00:00","og_image":[{"width":1200,"height":1200,"url":"https:\/\/hubsch-interior.com\/wp-content\/uploads\/2023\/08\/elements-vases-clear-set-of-3-9a3367d983df67c8dfddf49aff7c946e.jpg","type":"image\/jpeg"}],"twitter_card":"summary_large_image","schema":{"@context":"https:\/\/schema.org","@graph":[{"@type":"WebPage","@id":"https:\/\/hubsch-interior.com\/de\/produkt\/elements-vasen-klar-3er-set\/","url":"https:\/\/hubsch-interior.com\/de\/produkt\/elements-vasen-klar-3er-set\/","name":"Elements Vasen Klar (3er Set) - H\u00fcbsch","isPartOf":{"@id":"https:\/\/hubsch-interior.com\/de\/#website"},"primaryImageOfPage":{"@id":"https:\/\/hubsch-interior.com\/de\/produkt\/elements-vasen-klar-3er-set\/#primaryimage"},"image":{"@id":"https:\/\/hubsch-interior.com\/de\/produkt\/elements-vasen-klar-3er-set\/#primaryimage"},"thumbnailUrl":"https:\/\/hubsch-interior.com\/wp-content\/uploads\/2026\/02\/elements-vases-clear-set-of-3-153f4c50b0fad991c4a3fd321d299739.jpg","datePublished":"2021-11-22T14:25:38+00:00","dateModified":"2026-04-09T02:25:04+00:00","description":"Dieses 3er-Set Elements Vasen in klar ist aus Glas gefertigt. Die verschiedenen Gr\u00f6\u00dfen verleihen der Vase einen nat\u00fcrlichen und zeitlosen Look, der Ihnen","breadcrumb":{"@id":"https:\/\/hubsch-interior.com\/de\/produkt\/elements-vasen-klar-3er-set\/#breadcrumb"},"inLanguage":"de","potentialAction":[{"@type":"ReadAction","target":["https:\/\/hubsch-interior.com\/de\/produkt\/elements-vasen-klar-3er-set\/"]}]},{"@type":"ImageObject","inLanguage":"de","@id":"https:\/\/hubsch-interior.com\/de\/produkt\/elements-vasen-klar-3er-set\/#primaryimage","url":"https:\/\/hubsch-interior.com\/wp-content\/uploads\/2026\/02\/elements-vases-clear-set-of-3-153f4c50b0fad991c4a3fd321d299739.jpg","contentUrl":"https:\/\/hubsch-interior.com\/wp-content\/uploads\/2026\/02\/elements-vases-clear-set-of-3-153f4c50b0fad991c4a3fd321d299739.jpg","width":1024,"height":1024},{"@type":"BreadcrumbList","@id":"https:\/\/hubsch-interior.com\/de\/produkt\/elements-vasen-klar-3er-set\/#breadcrumb","itemListElement":[{"@type":"ListItem","position":1,"name":"Startseite","item":"https:\/\/hubsch-interior.com\/de\/"},{"@type":"ListItem","position":2,"name":"Produkte","item":"https:\/\/hubsch-interior.com\/de\/shop-2\/"},{"@type":"ListItem","position":3,"name":"Wohnaccessoires","item":"https:\/\/hubsch-interior.com\/de\/produkt-kategorie\/wohnaccessoires\/"},{"@type":"ListItem","position":4,"name":"Vasen","item":"https:\/\/hubsch-interior.com\/de\/produkt-kategorie\/wohnaccessoires\/vasen-de\/"},{"@type":"ListItem","position":5,"name":"Elements Vasen Klar (3er Set)"}]},{"@type":"WebSite","@id":"https:\/\/hubsch-interior.com\/de\/#website","url":"https:\/\/hubsch-interior.com\/de\/","name":"H\u00fcbsch","description":"Danish Home Interior and Design","publisher":{"@id":"https:\/\/hubsch-interior.com\/de\/#organization"},"potentialAction":[{"@type":"SearchAction","target":{"@type":"EntryPoint","urlTemplate":"https:\/\/hubsch-interior.com\/de\/?s={search_term_string}"},"query-input":{"@type":"PropertyValueSpecification","valueRequired":true,"valueName":"search_term_string"}}],"inLanguage":"de"},{"@type":"Organization","@id":"https:\/\/hubsch-interior.com\/de\/#organization","name":"H\u00fcbsch","url":"https:\/\/hubsch-interior.com\/de\/","logo":{"@type":"ImageObject","inLanguage":"de","@id":"https:\/\/hubsch-interior.com\/de\/#\/schema\/logo\/image\/","url":"https:\/\/hubsch-interior.com\/wp-content\/uploads\/2022\/12\/Hubsch_logo_black_one_line.svg","contentUrl":"https:\/\/hubsch-interior.com\/wp-content\/uploads\/2022\/12\/Hubsch_logo_black_one_line.svg","caption":"H\u00fcbsch"},"image":{"@id":"https:\/\/hubsch-interior.com\/de\/#\/schema\/logo\/image\/"}}]}},"_links":{"self":[{"href":"https:\/\/hubsch-interior.com\/de\/wp-json\/wp\/v2\/product\/716788","targetHints":{"allow":["GET"]}}],"collection":[{"href":"https:\/\/hubsch-interior.com\/de\/wp-json\/wp\/v2\/product"}],"about":[{"href":"https:\/\/hubsch-interior.com\/de\/wp-json\/wp\/v2\/types\/product"}],"wp:featuredmedia":[{"embeddable":true,"href":"https:\/\/hubsch-interior.com\/de\/wp-json\/wp\/v2\/media\/1095671"}],"wp:attachment":[{"href":"https:\/\/hubsch-interior.com\/de\/wp-json\/wp\/v2\/media?parent=716788"}],"wp:term":[{"taxonomy":"product_brand","embeddable":true,"href":"https:\/\/hubsch-interior.com\/de\/wp-json\/wp\/v2\/product_brand?post=716788"},{"taxonomy":"product_cat","embeddable":true,"href":"https:\/\/hubsch-interior.com\/de\/wp-json\/wp\/v2\/product_cat?post=716788"},{"taxonomy":"product_tag","embeddable":true,"href":"https:\/\/hubsch-interior.com\/de\/wp-json\/wp\/v2\/product_tag?post=716788"}],"curies":[{"name":"wp","href":"https:\/\/api.w.org\/{rel}","templated":true}]}}