{"id":716848,"date":"2021-11-22T15:26:34","date_gmt":"2021-11-22T14:26:34","guid":{"rendered":"https:\/\/hubsch-interior.com\/shop-b2c\/product\/product\/"},"modified":"2026-04-05T04:40:55","modified_gmt":"2026-04-05T02:40:55","slug":"mochi-pouf-o70-blau","status":"publish","type":"product","link":"https:\/\/hubsch-interior.com\/de\/produkt\/mochi-pouf-o70-blau\/","title":{"rendered":"Mochi Pouf \u00d870 Blau"},"content":{"rendered":"<p>Der Mochi Pouf \u00d870 Hellblau ist ein luxuri\u00f6ses M\u00f6belst\u00fcck, das Ihrem Raum ein modernes und stilvolles Finish verleiht. Der Pouf besteht aus einer robusten Acrylbasis, die mit einem Lederriemen, einem Herringbone-Muster und einer Wolle aus Nylon und Polyester gepolstert ist. Der Pouf ist hellblau und verleiht Ihrem Raum eine moderne Note. Die wertigen Materialien garantieren eine langlebige Qualit\u00e4t. Lassen Sie sich von dem Mochi Pouf \u00d870 Hellblau verzaubern und machen Sie Ihr Zuhause zu etwas Besonderem.<\/p>\n","protected":false},"excerpt":{"rendered":"<p>Der Mochi Pouf \u00d870 Hellblau ist ein luxuri\u00f6ses M\u00f6belst\u00fcck, das Ihrem Raum ein modernes und stilvolles Finish verleiht. Der Pouf besteht aus einer robusten Acrylbasis, die mit einem Lederriemen, einem Herringbone-Muster und einer Wolle aus Nylon und Polyester gepolstert ist. Der Pouf ist hellblau und verleiht Ihrem Raum eine moderne Note. Die wertigen Materialien garantieren [&hellip;]<\/p>\n","protected":false},"featured_media":1099857,"template":"","meta":{"_acf_changed":false,"inline_featured_image":false},"product_brand":[],"product_cat":[2845,5458],"product_tag":[],"class_list":{"0":"post-716848","1":"product","2":"type-product","3":"status-publish","4":"has-post-thumbnail","6":"product_cat-sitzmoebel-de","7":"product_cat-poufs-de","8":"product_shipping_class-p05","10":"pa_color-blau-2","11":"pa_material-acrylic-10-de","12":"pa_material-leder","13":"pa_material-nylon-10-de","14":"pa_material-polyester-15-de","15":"pa_material-wool-65-de","17":"first","18":"instock","19":"taxable","20":"shipping-taxable","21":"purchasable","22":"product-type-simple"},"exclude_global_add_ons":[],"addons":[],"acf":[],"yoast_head":"<!-- This site is optimized with the Yoast SEO plugin v26.4 - https:\/\/yoast.com\/wordpress\/plugins\/seo\/ -->\n<title>Mochi Pouf \u00d870 Blau - H\u00fcbsch<\/title>\n<meta name=\"description\" content=\"Der Mochi Pouf \u00d870 Hellblau ist ein luxuri\u00f6ses M\u00f6belst\u00fcck, das Ihrem Raum ein modernes und stilvolles Finish verleiht. Der Pouf besteht aus einer robusten\" \/>\n<meta name=\"robots\" content=\"index, follow, max-snippet:-1, max-image-preview:large, max-video-preview:-1\" \/>\n<link rel=\"canonical\" href=\"https:\/\/hubsch-interior.com\/de\/wp-json\/wp\/v2\/product\/716848\" \/>\n<meta property=\"og:locale\" content=\"de_DE\" \/>\n<meta property=\"og:type\" content=\"article\" \/>\n<meta property=\"og:title\" content=\"Mochi Pouf \u00d870 Blau - H\u00fcbsch\" \/>\n<meta property=\"og:description\" content=\"Der Mochi Pouf \u00d870 Hellblau ist ein luxuri\u00f6ses M\u00f6belst\u00fcck, das Ihrem Raum ein modernes und stilvolles Finish verleiht. Der Pouf besteht aus einer robusten\" \/>\n<meta property=\"og:url\" content=\"https:\/\/hubsch-interior.com\/de\/produkt\/mochi-pouf-o70-blau\/\" \/>\n<meta property=\"og:site_name\" content=\"H\u00fcbsch\" \/>\n<meta property=\"article:modified_time\" content=\"2026-04-05T02:40:55+00:00\" \/>\n<meta property=\"og:image\" content=\"https:\/\/hubsch-interior.com\/wp-content\/uploads\/2025\/04\/mochi-pouffe-O70-blue-64805723d441edda7245523a9b8cea6c.jpg\" \/>\n\t<meta property=\"og:image:width\" content=\"1200\" \/>\n\t<meta property=\"og:image:height\" content=\"1200\" \/>\n\t<meta property=\"og:image:type\" content=\"image\/jpeg\" \/>\n<meta name=\"twitter:card\" content=\"summary_large_image\" \/>\n<script type=\"application\/ld+json\" class=\"yoast-schema-graph\">{\"@context\":\"https:\/\/schema.org\",\"@graph\":[{\"@type\":\"WebPage\",\"@id\":\"https:\/\/hubsch-interior.com\/de\/produkt\/mochi-pouf-o70-blau\/\",\"url\":\"https:\/\/hubsch-interior.com\/de\/produkt\/mochi-pouf-o70-blau\/\",\"name\":\"Mochi Pouf \u00d870 Blau - H\u00fcbsch\",\"isPartOf\":{\"@id\":\"https:\/\/hubsch-interior.com\/de\/#website\"},\"primaryImageOfPage\":{\"@id\":\"https:\/\/hubsch-interior.com\/de\/produkt\/mochi-pouf-o70-blau\/#primaryimage\"},\"image\":{\"@id\":\"https:\/\/hubsch-interior.com\/de\/produkt\/mochi-pouf-o70-blau\/#primaryimage\"},\"thumbnailUrl\":\"https:\/\/hubsch-interior.com\/wp-content\/uploads\/2026\/02\/mochi-pouffe-O70-blue-1a7468e6a34536e0c4efb5d49a7a7528.jpg\",\"datePublished\":\"2021-11-22T14:26:34+00:00\",\"dateModified\":\"2026-04-05T02:40:55+00:00\",\"description\":\"Der Mochi Pouf \u00d870 Hellblau ist ein luxuri\u00f6ses M\u00f6belst\u00fcck, das Ihrem Raum ein modernes und stilvolles Finish verleiht. Der Pouf besteht aus einer robusten\",\"breadcrumb\":{\"@id\":\"https:\/\/hubsch-interior.com\/de\/produkt\/mochi-pouf-o70-blau\/#breadcrumb\"},\"inLanguage\":\"de\",\"potentialAction\":[{\"@type\":\"ReadAction\",\"target\":[\"https:\/\/hubsch-interior.com\/de\/produkt\/mochi-pouf-o70-blau\/\"]}]},{\"@type\":\"ImageObject\",\"inLanguage\":\"de\",\"@id\":\"https:\/\/hubsch-interior.com\/de\/produkt\/mochi-pouf-o70-blau\/#primaryimage\",\"url\":\"https:\/\/hubsch-interior.com\/wp-content\/uploads\/2026\/02\/mochi-pouffe-O70-blue-1a7468e6a34536e0c4efb5d49a7a7528.jpg\",\"contentUrl\":\"https:\/\/hubsch-interior.com\/wp-content\/uploads\/2026\/02\/mochi-pouffe-O70-blue-1a7468e6a34536e0c4efb5d49a7a7528.jpg\",\"width\":1024,\"height\":1024},{\"@type\":\"BreadcrumbList\",\"@id\":\"https:\/\/hubsch-interior.com\/de\/produkt\/mochi-pouf-o70-blau\/#breadcrumb\",\"itemListElement\":[{\"@type\":\"ListItem\",\"position\":1,\"name\":\"Startseite\",\"item\":\"https:\/\/hubsch-interior.com\/de\/\"},{\"@type\":\"ListItem\",\"position\":2,\"name\":\"Produkte\",\"item\":\"https:\/\/hubsch-interior.com\/de\/shop-2\/\"},{\"@type\":\"ListItem\",\"position\":3,\"name\":\"M\u00f6bel\",\"item\":\"https:\/\/hubsch-interior.com\/de\/produkt-kategorie\/moebel\/\"},{\"@type\":\"ListItem\",\"position\":4,\"name\":\"Sitzm&ouml;bel\",\"item\":\"https:\/\/hubsch-interior.com\/de\/produkt-kategorie\/moebel\/sitzmoebel-de\/\"},{\"@type\":\"ListItem\",\"position\":5,\"name\":\"Poufs\",\"item\":\"https:\/\/hubsch-interior.com\/de\/produkt-kategorie\/moebel\/sitzmoebel-de\/poufs-de\/\"},{\"@type\":\"ListItem\",\"position\":6,\"name\":\"Mochi Pouf \u00d870 Blau\"}]},{\"@type\":\"WebSite\",\"@id\":\"https:\/\/hubsch-interior.com\/de\/#website\",\"url\":\"https:\/\/hubsch-interior.com\/de\/\",\"name\":\"H\u00fcbsch\",\"description\":\"Danish Home Interior and Design\",\"publisher\":{\"@id\":\"https:\/\/hubsch-interior.com\/de\/#organization\"},\"potentialAction\":[{\"@type\":\"SearchAction\",\"target\":{\"@type\":\"EntryPoint\",\"urlTemplate\":\"https:\/\/hubsch-interior.com\/de\/?s={search_term_string}\"},\"query-input\":{\"@type\":\"PropertyValueSpecification\",\"valueRequired\":true,\"valueName\":\"search_term_string\"}}],\"inLanguage\":\"de\"},{\"@type\":\"Organization\",\"@id\":\"https:\/\/hubsch-interior.com\/de\/#organization\",\"name\":\"H\u00fcbsch\",\"url\":\"https:\/\/hubsch-interior.com\/de\/\",\"logo\":{\"@type\":\"ImageObject\",\"inLanguage\":\"de\",\"@id\":\"https:\/\/hubsch-interior.com\/de\/#\/schema\/logo\/image\/\",\"url\":\"https:\/\/hubsch-interior.com\/wp-content\/uploads\/2022\/12\/Hubsch_logo_black_one_line.svg\",\"contentUrl\":\"https:\/\/hubsch-interior.com\/wp-content\/uploads\/2022\/12\/Hubsch_logo_black_one_line.svg\",\"caption\":\"H\u00fcbsch\"},\"image\":{\"@id\":\"https:\/\/hubsch-interior.com\/de\/#\/schema\/logo\/image\/\"}}]}<\/script>\n<!-- \/ Yoast SEO plugin. -->","yoast_head_json":{"title":"Mochi Pouf \u00d870 Blau - H\u00fcbsch","description":"Der Mochi Pouf \u00d870 Hellblau ist ein luxuri\u00f6ses M\u00f6belst\u00fcck, das Ihrem Raum ein modernes und stilvolles Finish verleiht. Der Pouf besteht aus einer robusten","robots":{"index":"index","follow":"follow","max-snippet":"max-snippet:-1","max-image-preview":"max-image-preview:large","max-video-preview":"max-video-preview:-1"},"canonical":"https:\/\/hubsch-interior.com\/de\/wp-json\/wp\/v2\/product\/716848","og_locale":"de_DE","og_type":"article","og_title":"Mochi Pouf \u00d870 Blau - H\u00fcbsch","og_description":"Der Mochi Pouf \u00d870 Hellblau ist ein luxuri\u00f6ses M\u00f6belst\u00fcck, das Ihrem Raum ein modernes und stilvolles Finish verleiht. Der Pouf besteht aus einer robusten","og_url":"https:\/\/hubsch-interior.com\/de\/produkt\/mochi-pouf-o70-blau\/","og_site_name":"H\u00fcbsch","article_modified_time":"2026-04-05T02:40:55+00:00","og_image":[{"width":1200,"height":1200,"url":"https:\/\/hubsch-interior.com\/wp-content\/uploads\/2025\/04\/mochi-pouffe-O70-blue-64805723d441edda7245523a9b8cea6c.jpg","type":"image\/jpeg"}],"twitter_card":"summary_large_image","schema":{"@context":"https:\/\/schema.org","@graph":[{"@type":"WebPage","@id":"https:\/\/hubsch-interior.com\/de\/produkt\/mochi-pouf-o70-blau\/","url":"https:\/\/hubsch-interior.com\/de\/produkt\/mochi-pouf-o70-blau\/","name":"Mochi Pouf \u00d870 Blau - H\u00fcbsch","isPartOf":{"@id":"https:\/\/hubsch-interior.com\/de\/#website"},"primaryImageOfPage":{"@id":"https:\/\/hubsch-interior.com\/de\/produkt\/mochi-pouf-o70-blau\/#primaryimage"},"image":{"@id":"https:\/\/hubsch-interior.com\/de\/produkt\/mochi-pouf-o70-blau\/#primaryimage"},"thumbnailUrl":"https:\/\/hubsch-interior.com\/wp-content\/uploads\/2026\/02\/mochi-pouffe-O70-blue-1a7468e6a34536e0c4efb5d49a7a7528.jpg","datePublished":"2021-11-22T14:26:34+00:00","dateModified":"2026-04-05T02:40:55+00:00","description":"Der Mochi Pouf \u00d870 Hellblau ist ein luxuri\u00f6ses M\u00f6belst\u00fcck, das Ihrem Raum ein modernes und stilvolles Finish verleiht. Der Pouf besteht aus einer robusten","breadcrumb":{"@id":"https:\/\/hubsch-interior.com\/de\/produkt\/mochi-pouf-o70-blau\/#breadcrumb"},"inLanguage":"de","potentialAction":[{"@type":"ReadAction","target":["https:\/\/hubsch-interior.com\/de\/produkt\/mochi-pouf-o70-blau\/"]}]},{"@type":"ImageObject","inLanguage":"de","@id":"https:\/\/hubsch-interior.com\/de\/produkt\/mochi-pouf-o70-blau\/#primaryimage","url":"https:\/\/hubsch-interior.com\/wp-content\/uploads\/2026\/02\/mochi-pouffe-O70-blue-1a7468e6a34536e0c4efb5d49a7a7528.jpg","contentUrl":"https:\/\/hubsch-interior.com\/wp-content\/uploads\/2026\/02\/mochi-pouffe-O70-blue-1a7468e6a34536e0c4efb5d49a7a7528.jpg","width":1024,"height":1024},{"@type":"BreadcrumbList","@id":"https:\/\/hubsch-interior.com\/de\/produkt\/mochi-pouf-o70-blau\/#breadcrumb","itemListElement":[{"@type":"ListItem","position":1,"name":"Startseite","item":"https:\/\/hubsch-interior.com\/de\/"},{"@type":"ListItem","position":2,"name":"Produkte","item":"https:\/\/hubsch-interior.com\/de\/shop-2\/"},{"@type":"ListItem","position":3,"name":"M\u00f6bel","item":"https:\/\/hubsch-interior.com\/de\/produkt-kategorie\/moebel\/"},{"@type":"ListItem","position":4,"name":"Sitzm&ouml;bel","item":"https:\/\/hubsch-interior.com\/de\/produkt-kategorie\/moebel\/sitzmoebel-de\/"},{"@type":"ListItem","position":5,"name":"Poufs","item":"https:\/\/hubsch-interior.com\/de\/produkt-kategorie\/moebel\/sitzmoebel-de\/poufs-de\/"},{"@type":"ListItem","position":6,"name":"Mochi Pouf \u00d870 Blau"}]},{"@type":"WebSite","@id":"https:\/\/hubsch-interior.com\/de\/#website","url":"https:\/\/hubsch-interior.com\/de\/","name":"H\u00fcbsch","description":"Danish Home Interior and Design","publisher":{"@id":"https:\/\/hubsch-interior.com\/de\/#organization"},"potentialAction":[{"@type":"SearchAction","target":{"@type":"EntryPoint","urlTemplate":"https:\/\/hubsch-interior.com\/de\/?s={search_term_string}"},"query-input":{"@type":"PropertyValueSpecification","valueRequired":true,"valueName":"search_term_string"}}],"inLanguage":"de"},{"@type":"Organization","@id":"https:\/\/hubsch-interior.com\/de\/#organization","name":"H\u00fcbsch","url":"https:\/\/hubsch-interior.com\/de\/","logo":{"@type":"ImageObject","inLanguage":"de","@id":"https:\/\/hubsch-interior.com\/de\/#\/schema\/logo\/image\/","url":"https:\/\/hubsch-interior.com\/wp-content\/uploads\/2022\/12\/Hubsch_logo_black_one_line.svg","contentUrl":"https:\/\/hubsch-interior.com\/wp-content\/uploads\/2022\/12\/Hubsch_logo_black_one_line.svg","caption":"H\u00fcbsch"},"image":{"@id":"https:\/\/hubsch-interior.com\/de\/#\/schema\/logo\/image\/"}}]}},"_links":{"self":[{"href":"https:\/\/hubsch-interior.com\/de\/wp-json\/wp\/v2\/product\/716848","targetHints":{"allow":["GET"]}}],"collection":[{"href":"https:\/\/hubsch-interior.com\/de\/wp-json\/wp\/v2\/product"}],"about":[{"href":"https:\/\/hubsch-interior.com\/de\/wp-json\/wp\/v2\/types\/product"}],"wp:featuredmedia":[{"embeddable":true,"href":"https:\/\/hubsch-interior.com\/de\/wp-json\/wp\/v2\/media\/1099857"}],"wp:attachment":[{"href":"https:\/\/hubsch-interior.com\/de\/wp-json\/wp\/v2\/media?parent=716848"}],"wp:term":[{"taxonomy":"product_brand","embeddable":true,"href":"https:\/\/hubsch-interior.com\/de\/wp-json\/wp\/v2\/product_brand?post=716848"},{"taxonomy":"product_cat","embeddable":true,"href":"https:\/\/hubsch-interior.com\/de\/wp-json\/wp\/v2\/product_cat?post=716848"},{"taxonomy":"product_tag","embeddable":true,"href":"https:\/\/hubsch-interior.com\/de\/wp-json\/wp\/v2\/product_tag?post=716848"}],"curies":[{"name":"wp","href":"https:\/\/api.w.org\/{rel}","templated":true}]}}