{"id":739360,"date":"2022-02-08T14:33:06","date_gmt":"2022-02-08T13:33:06","guid":{"rendered":"https:\/\/hubsch-interior.com\/product\/product\/"},"modified":"2026-04-19T04:16:50","modified_gmt":"2026-04-19T02:16:50","slug":"shine-spiegel-x-large-grau","status":"publish","type":"product","link":"https:\/\/hubsch-interior.com\/de\/produkt\/shine-spiegel-x-large-grau\/","title":{"rendered":"Shine Spiegel X-large Grau"},"content":{"rendered":"<p>Die Spiegel der Serie Shine, die in vier Gr\u00f6\u00dfen erh\u00e4ltlich sind, kommen sowohl einzeln als auch als Gruppe perfekt zur Geltung. Dieser Spiegel mit grauem Rahmen eignet sich ideal als dekoratives St\u00fcck auf dem Boden an eine Wand gelehnt \u2013 und wird auch aufgeh\u00e4ngt zum stilvollen Blickfang. Alle Shine-Spiegel k\u00f6nnen senkrecht oder waagerecht aufgeh\u00e4ngt werden. <\/p>\n","protected":false},"excerpt":{"rendered":"<p>Die Spiegel der Serie Shine, die in vier Gr\u00f6\u00dfen erh\u00e4ltlich sind, kommen sowohl einzeln als auch als Gruppe perfekt zur Geltung. Dieser Spiegel mit grauem Rahmen eignet sich ideal als dekoratives St\u00fcck auf dem Boden an eine Wand gelehnt \u2013 und wird auch aufgeh\u00e4ngt zum stilvollen Blickfang. Alle Shine-Spiegel k\u00f6nnen senkrecht oder waagerecht aufgeh\u00e4ngt werden.<\/p>\n","protected":false},"featured_media":1093233,"template":"","meta":{"_acf_changed":false,"inline_featured_image":false},"product_brand":[],"product_cat":[2925,2926,3481,5027],"product_tag":[],"class_list":{"0":"post-739360","1":"product","2":"type-product","3":"status-publish","4":"has-post-thumbnail","6":"product_cat-spiegel-de","7":"product_cat-wandspiegel-de","8":"product_cat-stehspiegel-de","9":"product_cat-bestsellers-de","10":"product_shipping_class-pk","12":"pa_color-grau-2","13":"pa_material-eisen-de","14":"pa_material-spiegelglas","16":"first","17":"outofstock","18":"featured","19":"taxable","20":"shipping-taxable","21":"purchasable","22":"product-type-simple"},"exclude_global_add_ons":[],"addons":[],"acf":[],"yoast_head":"<!-- This site is optimized with the Yoast SEO plugin v26.4 - https:\/\/yoast.com\/wordpress\/plugins\/seo\/ -->\n<title>Shine Spiegel X-large Grau - H\u00fcbsch<\/title>\n<meta name=\"description\" content=\"Die Spiegel der Serie Shine, die in vier Gr\u00f6\u00dfen erh\u00e4ltlich sind, kommen sowohl einzeln als auch als Gruppe perfekt zur Geltung. Dieser Spiegel mit grauem\" \/>\n<meta name=\"robots\" content=\"index, follow, max-snippet:-1, max-image-preview:large, max-video-preview:-1\" \/>\n<link rel=\"canonical\" href=\"https:\/\/hubsch-interior.com\/de\/wp-json\/wp\/v2\/product\/739360\" \/>\n<meta property=\"og:locale\" content=\"de_DE\" \/>\n<meta property=\"og:type\" content=\"article\" \/>\n<meta property=\"og:title\" content=\"Shine Spiegel X-large Grau - H\u00fcbsch\" \/>\n<meta property=\"og:description\" content=\"Die Spiegel der Serie Shine, die in vier Gr\u00f6\u00dfen erh\u00e4ltlich sind, kommen sowohl einzeln als auch als Gruppe perfekt zur Geltung. Dieser Spiegel mit grauem\" \/>\n<meta property=\"og:url\" content=\"https:\/\/hubsch-interior.com\/de\/produkt\/shine-spiegel-x-large-grau\/\" \/>\n<meta property=\"og:site_name\" content=\"H\u00fcbsch\" \/>\n<meta property=\"article:modified_time\" content=\"2026-04-19T02:16:50+00:00\" \/>\n<meta property=\"og:image\" content=\"https:\/\/hubsch-interior.com\/wp-content\/uploads\/2025\/05\/shine-mirror-x-large-grey-2f470ea1281935af8d6f434f6eeae5a9.jpg\" \/>\n\t<meta property=\"og:image:width\" content=\"1200\" \/>\n\t<meta property=\"og:image:height\" content=\"1200\" \/>\n\t<meta property=\"og:image:type\" content=\"image\/jpeg\" \/>\n<meta name=\"twitter:card\" content=\"summary_large_image\" \/>\n<script type=\"application\/ld+json\" class=\"yoast-schema-graph\">{\"@context\":\"https:\/\/schema.org\",\"@graph\":[{\"@type\":\"WebPage\",\"@id\":\"https:\/\/hubsch-interior.com\/de\/produkt\/shine-spiegel-x-large-grau\/\",\"url\":\"https:\/\/hubsch-interior.com\/de\/produkt\/shine-spiegel-x-large-grau\/\",\"name\":\"Shine Spiegel X-large Grau - H\u00fcbsch\",\"isPartOf\":{\"@id\":\"https:\/\/hubsch-interior.com\/de\/#website\"},\"primaryImageOfPage\":{\"@id\":\"https:\/\/hubsch-interior.com\/de\/produkt\/shine-spiegel-x-large-grau\/#primaryimage\"},\"image\":{\"@id\":\"https:\/\/hubsch-interior.com\/de\/produkt\/shine-spiegel-x-large-grau\/#primaryimage\"},\"thumbnailUrl\":\"https:\/\/hubsch-interior.com\/wp-content\/uploads\/2026\/02\/shine-mirror-x-large-grey-c3431984e0d4c53d018298997ca2c318.jpg\",\"datePublished\":\"2022-02-08T13:33:06+00:00\",\"dateModified\":\"2026-04-19T02:16:50+00:00\",\"description\":\"Die Spiegel der Serie Shine, die in vier Gr\u00f6\u00dfen erh\u00e4ltlich sind, kommen sowohl einzeln als auch als Gruppe perfekt zur Geltung. Dieser Spiegel mit grauem\",\"breadcrumb\":{\"@id\":\"https:\/\/hubsch-interior.com\/de\/produkt\/shine-spiegel-x-large-grau\/#breadcrumb\"},\"inLanguage\":\"de\",\"potentialAction\":[{\"@type\":\"ReadAction\",\"target\":[\"https:\/\/hubsch-interior.com\/de\/produkt\/shine-spiegel-x-large-grau\/\"]}]},{\"@type\":\"ImageObject\",\"inLanguage\":\"de\",\"@id\":\"https:\/\/hubsch-interior.com\/de\/produkt\/shine-spiegel-x-large-grau\/#primaryimage\",\"url\":\"https:\/\/hubsch-interior.com\/wp-content\/uploads\/2026\/02\/shine-mirror-x-large-grey-c3431984e0d4c53d018298997ca2c318.jpg\",\"contentUrl\":\"https:\/\/hubsch-interior.com\/wp-content\/uploads\/2026\/02\/shine-mirror-x-large-grey-c3431984e0d4c53d018298997ca2c318.jpg\",\"width\":1024,\"height\":1024},{\"@type\":\"BreadcrumbList\",\"@id\":\"https:\/\/hubsch-interior.com\/de\/produkt\/shine-spiegel-x-large-grau\/#breadcrumb\",\"itemListElement\":[{\"@type\":\"ListItem\",\"position\":1,\"name\":\"Startseite\",\"item\":\"https:\/\/hubsch-interior.com\/de\/\"},{\"@type\":\"ListItem\",\"position\":2,\"name\":\"Produkte\",\"item\":\"https:\/\/hubsch-interior.com\/de\/shop-2\/\"},{\"@type\":\"ListItem\",\"position\":3,\"name\":\"Wohnaccessoires\",\"item\":\"https:\/\/hubsch-interior.com\/de\/produkt-kategorie\/wohnaccessoires\/\"},{\"@type\":\"ListItem\",\"position\":4,\"name\":\"Spiegel\",\"item\":\"https:\/\/hubsch-interior.com\/de\/produkt-kategorie\/wohnaccessoires\/spiegel-de\/\"},{\"@type\":\"ListItem\",\"position\":5,\"name\":\"Wandspiegel\",\"item\":\"https:\/\/hubsch-interior.com\/de\/produkt-kategorie\/wohnaccessoires\/spiegel-de\/wandspiegel-de\/\"},{\"@type\":\"ListItem\",\"position\":6,\"name\":\"Shine Spiegel X-large Grau\"}]},{\"@type\":\"WebSite\",\"@id\":\"https:\/\/hubsch-interior.com\/de\/#website\",\"url\":\"https:\/\/hubsch-interior.com\/de\/\",\"name\":\"H\u00fcbsch\",\"description\":\"Danish Home Interior and Design\",\"publisher\":{\"@id\":\"https:\/\/hubsch-interior.com\/de\/#organization\"},\"potentialAction\":[{\"@type\":\"SearchAction\",\"target\":{\"@type\":\"EntryPoint\",\"urlTemplate\":\"https:\/\/hubsch-interior.com\/de\/?s={search_term_string}\"},\"query-input\":{\"@type\":\"PropertyValueSpecification\",\"valueRequired\":true,\"valueName\":\"search_term_string\"}}],\"inLanguage\":\"de\"},{\"@type\":\"Organization\",\"@id\":\"https:\/\/hubsch-interior.com\/de\/#organization\",\"name\":\"H\u00fcbsch\",\"url\":\"https:\/\/hubsch-interior.com\/de\/\",\"logo\":{\"@type\":\"ImageObject\",\"inLanguage\":\"de\",\"@id\":\"https:\/\/hubsch-interior.com\/de\/#\/schema\/logo\/image\/\",\"url\":\"https:\/\/hubsch-interior.com\/wp-content\/uploads\/2022\/12\/Hubsch_logo_black_one_line.svg\",\"contentUrl\":\"https:\/\/hubsch-interior.com\/wp-content\/uploads\/2022\/12\/Hubsch_logo_black_one_line.svg\",\"caption\":\"H\u00fcbsch\"},\"image\":{\"@id\":\"https:\/\/hubsch-interior.com\/de\/#\/schema\/logo\/image\/\"}}]}<\/script>\n<!-- \/ Yoast SEO plugin. -->","yoast_head_json":{"title":"Shine Spiegel X-large Grau - H\u00fcbsch","description":"Die Spiegel der Serie Shine, die in vier Gr\u00f6\u00dfen erh\u00e4ltlich sind, kommen sowohl einzeln als auch als Gruppe perfekt zur Geltung. Dieser Spiegel mit grauem","robots":{"index":"index","follow":"follow","max-snippet":"max-snippet:-1","max-image-preview":"max-image-preview:large","max-video-preview":"max-video-preview:-1"},"canonical":"https:\/\/hubsch-interior.com\/de\/wp-json\/wp\/v2\/product\/739360","og_locale":"de_DE","og_type":"article","og_title":"Shine Spiegel X-large Grau - H\u00fcbsch","og_description":"Die Spiegel der Serie Shine, die in vier Gr\u00f6\u00dfen erh\u00e4ltlich sind, kommen sowohl einzeln als auch als Gruppe perfekt zur Geltung. Dieser Spiegel mit grauem","og_url":"https:\/\/hubsch-interior.com\/de\/produkt\/shine-spiegel-x-large-grau\/","og_site_name":"H\u00fcbsch","article_modified_time":"2026-04-19T02:16:50+00:00","og_image":[{"width":1200,"height":1200,"url":"https:\/\/hubsch-interior.com\/wp-content\/uploads\/2025\/05\/shine-mirror-x-large-grey-2f470ea1281935af8d6f434f6eeae5a9.jpg","type":"image\/jpeg"}],"twitter_card":"summary_large_image","schema":{"@context":"https:\/\/schema.org","@graph":[{"@type":"WebPage","@id":"https:\/\/hubsch-interior.com\/de\/produkt\/shine-spiegel-x-large-grau\/","url":"https:\/\/hubsch-interior.com\/de\/produkt\/shine-spiegel-x-large-grau\/","name":"Shine Spiegel X-large Grau - H\u00fcbsch","isPartOf":{"@id":"https:\/\/hubsch-interior.com\/de\/#website"},"primaryImageOfPage":{"@id":"https:\/\/hubsch-interior.com\/de\/produkt\/shine-spiegel-x-large-grau\/#primaryimage"},"image":{"@id":"https:\/\/hubsch-interior.com\/de\/produkt\/shine-spiegel-x-large-grau\/#primaryimage"},"thumbnailUrl":"https:\/\/hubsch-interior.com\/wp-content\/uploads\/2026\/02\/shine-mirror-x-large-grey-c3431984e0d4c53d018298997ca2c318.jpg","datePublished":"2022-02-08T13:33:06+00:00","dateModified":"2026-04-19T02:16:50+00:00","description":"Die Spiegel der Serie Shine, die in vier Gr\u00f6\u00dfen erh\u00e4ltlich sind, kommen sowohl einzeln als auch als Gruppe perfekt zur Geltung. Dieser Spiegel mit grauem","breadcrumb":{"@id":"https:\/\/hubsch-interior.com\/de\/produkt\/shine-spiegel-x-large-grau\/#breadcrumb"},"inLanguage":"de","potentialAction":[{"@type":"ReadAction","target":["https:\/\/hubsch-interior.com\/de\/produkt\/shine-spiegel-x-large-grau\/"]}]},{"@type":"ImageObject","inLanguage":"de","@id":"https:\/\/hubsch-interior.com\/de\/produkt\/shine-spiegel-x-large-grau\/#primaryimage","url":"https:\/\/hubsch-interior.com\/wp-content\/uploads\/2026\/02\/shine-mirror-x-large-grey-c3431984e0d4c53d018298997ca2c318.jpg","contentUrl":"https:\/\/hubsch-interior.com\/wp-content\/uploads\/2026\/02\/shine-mirror-x-large-grey-c3431984e0d4c53d018298997ca2c318.jpg","width":1024,"height":1024},{"@type":"BreadcrumbList","@id":"https:\/\/hubsch-interior.com\/de\/produkt\/shine-spiegel-x-large-grau\/#breadcrumb","itemListElement":[{"@type":"ListItem","position":1,"name":"Startseite","item":"https:\/\/hubsch-interior.com\/de\/"},{"@type":"ListItem","position":2,"name":"Produkte","item":"https:\/\/hubsch-interior.com\/de\/shop-2\/"},{"@type":"ListItem","position":3,"name":"Wohnaccessoires","item":"https:\/\/hubsch-interior.com\/de\/produkt-kategorie\/wohnaccessoires\/"},{"@type":"ListItem","position":4,"name":"Spiegel","item":"https:\/\/hubsch-interior.com\/de\/produkt-kategorie\/wohnaccessoires\/spiegel-de\/"},{"@type":"ListItem","position":5,"name":"Wandspiegel","item":"https:\/\/hubsch-interior.com\/de\/produkt-kategorie\/wohnaccessoires\/spiegel-de\/wandspiegel-de\/"},{"@type":"ListItem","position":6,"name":"Shine Spiegel X-large Grau"}]},{"@type":"WebSite","@id":"https:\/\/hubsch-interior.com\/de\/#website","url":"https:\/\/hubsch-interior.com\/de\/","name":"H\u00fcbsch","description":"Danish Home Interior and Design","publisher":{"@id":"https:\/\/hubsch-interior.com\/de\/#organization"},"potentialAction":[{"@type":"SearchAction","target":{"@type":"EntryPoint","urlTemplate":"https:\/\/hubsch-interior.com\/de\/?s={search_term_string}"},"query-input":{"@type":"PropertyValueSpecification","valueRequired":true,"valueName":"search_term_string"}}],"inLanguage":"de"},{"@type":"Organization","@id":"https:\/\/hubsch-interior.com\/de\/#organization","name":"H\u00fcbsch","url":"https:\/\/hubsch-interior.com\/de\/","logo":{"@type":"ImageObject","inLanguage":"de","@id":"https:\/\/hubsch-interior.com\/de\/#\/schema\/logo\/image\/","url":"https:\/\/hubsch-interior.com\/wp-content\/uploads\/2022\/12\/Hubsch_logo_black_one_line.svg","contentUrl":"https:\/\/hubsch-interior.com\/wp-content\/uploads\/2022\/12\/Hubsch_logo_black_one_line.svg","caption":"H\u00fcbsch"},"image":{"@id":"https:\/\/hubsch-interior.com\/de\/#\/schema\/logo\/image\/"}}]}},"_links":{"self":[{"href":"https:\/\/hubsch-interior.com\/de\/wp-json\/wp\/v2\/product\/739360","targetHints":{"allow":["GET"]}}],"collection":[{"href":"https:\/\/hubsch-interior.com\/de\/wp-json\/wp\/v2\/product"}],"about":[{"href":"https:\/\/hubsch-interior.com\/de\/wp-json\/wp\/v2\/types\/product"}],"wp:featuredmedia":[{"embeddable":true,"href":"https:\/\/hubsch-interior.com\/de\/wp-json\/wp\/v2\/media\/1093233"}],"wp:attachment":[{"href":"https:\/\/hubsch-interior.com\/de\/wp-json\/wp\/v2\/media?parent=739360"}],"wp:term":[{"taxonomy":"product_brand","embeddable":true,"href":"https:\/\/hubsch-interior.com\/de\/wp-json\/wp\/v2\/product_brand?post=739360"},{"taxonomy":"product_cat","embeddable":true,"href":"https:\/\/hubsch-interior.com\/de\/wp-json\/wp\/v2\/product_cat?post=739360"},{"taxonomy":"product_tag","embeddable":true,"href":"https:\/\/hubsch-interior.com\/de\/wp-json\/wp\/v2\/product_tag?post=739360"}],"curies":[{"name":"wp","href":"https:\/\/api.w.org\/{rel}","templated":true}]}}