{"id":739520,"date":"2022-02-08T14:34:03","date_gmt":"2022-02-08T13:34:03","guid":{"rendered":"https:\/\/hubsch-interior.com\/product\/product\/"},"modified":"2026-04-05T04:17:06","modified_gmt":"2026-04-05T02:17:06","slug":"silo-hocker-beige","status":"publish","type":"product","link":"https:\/\/hubsch-interior.com\/de\/produkt\/silo-hocker-beige\/","title":{"rendered":"Silo Hocker Beige"},"content":{"rendered":"<p>Ein praktischer, funktionaler und bequemer Hocker ist ein Muss f\u00fcr jedes Zuhause. Ein Hocker eignet sich sowohl f\u00fcr unerwartete G\u00e4ste als auch f\u00fcr einen Sitzplatzwechsel, wenn Sie eine Pause brauchen. Mit seinen kontrastierenden Materialien hat dieser Hocker einen einzigartigen und eleganten Stil. Die hellgrauen Beine und die sandfarbene Polsterung bilden eine spannende Kombination und verleihen dem kleinen Hocker eine skurrile Note. <\/p>\n","protected":false},"excerpt":{"rendered":"<p>Ein praktischer, funktionaler und bequemer Hocker ist ein Muss f\u00fcr jedes Zuhause. Ein Hocker eignet sich sowohl f\u00fcr unerwartete G\u00e4ste als auch f\u00fcr einen Sitzplatzwechsel, wenn Sie eine Pause brauchen. Mit seinen kontrastierenden Materialien hat dieser Hocker einen einzigartigen und eleganten Stil. Die hellgrauen Beine und die sandfarbene Polsterung bilden eine spannende Kombination und verleihen [&hellip;]<\/p>\n","protected":false},"featured_media":1112777,"template":"","meta":{"_acf_changed":false,"inline_featured_image":false},"product_brand":[],"product_cat":[3042,2845,5031],"product_tag":[],"class_list":{"0":"post-739520","1":"product","2":"type-product","3":"status-publish","4":"has-post-thumbnail","6":"product_cat-hocker-de","7":"product_cat-sitzmoebel-de","8":"product_cat-wieder-auf-lager-de","9":"product_shipping_class-pk","11":"pa_color-beige-4","12":"pa_material-acrylic-10-de","13":"pa_material-polyester-90-de","14":"pa_material-stahl","16":"first","17":"instock","18":"taxable","19":"shipping-taxable","20":"purchasable","21":"product-type-simple"},"exclude_global_add_ons":[],"addons":[],"acf":[],"yoast_head":"<!-- This site is optimized with the Yoast SEO plugin v26.4 - https:\/\/yoast.com\/wordpress\/plugins\/seo\/ -->\n<title>Silo Hocker Beige - H\u00fcbsch<\/title>\n<meta name=\"description\" content=\"Ein praktischer, funktionaler und bequemer Hocker ist ein Muss f\u00fcr jedes Zuhause. Ein Hocker eignet sich sowohl f\u00fcr unerwartete G\u00e4ste als auch f\u00fcr einen\" \/>\n<meta name=\"robots\" content=\"index, follow, max-snippet:-1, max-image-preview:large, max-video-preview:-1\" \/>\n<link rel=\"canonical\" href=\"https:\/\/hubsch-interior.com\/de\/wp-json\/wp\/v2\/product\/739520\" \/>\n<meta property=\"og:locale\" content=\"de_DE\" \/>\n<meta property=\"og:type\" content=\"article\" \/>\n<meta property=\"og:title\" content=\"Silo Hocker Beige - H\u00fcbsch\" \/>\n<meta property=\"og:description\" content=\"Ein praktischer, funktionaler und bequemer Hocker ist ein Muss f\u00fcr jedes Zuhause. Ein Hocker eignet sich sowohl f\u00fcr unerwartete G\u00e4ste als auch f\u00fcr einen\" \/>\n<meta property=\"og:url\" content=\"https:\/\/hubsch-interior.com\/de\/produkt\/silo-hocker-beige\/\" \/>\n<meta property=\"og:site_name\" content=\"H\u00fcbsch\" \/>\n<meta property=\"article:modified_time\" content=\"2026-04-05T02:17:06+00:00\" \/>\n<meta property=\"og:image\" content=\"https:\/\/hubsch-interior.com\/wp-content\/uploads\/2026\/02\/silo-stool-beige-b5790138eeab731408de319c854ad7a1.jpg\" \/>\n\t<meta property=\"og:image:width\" content=\"1024\" \/>\n\t<meta property=\"og:image:height\" content=\"1024\" \/>\n\t<meta property=\"og:image:type\" content=\"image\/jpeg\" \/>\n<meta name=\"twitter:card\" content=\"summary_large_image\" \/>\n<script type=\"application\/ld+json\" class=\"yoast-schema-graph\">{\"@context\":\"https:\/\/schema.org\",\"@graph\":[{\"@type\":\"WebPage\",\"@id\":\"https:\/\/hubsch-interior.com\/de\/produkt\/silo-hocker-beige\/\",\"url\":\"https:\/\/hubsch-interior.com\/de\/produkt\/silo-hocker-beige\/\",\"name\":\"Silo Hocker Beige - H\u00fcbsch\",\"isPartOf\":{\"@id\":\"https:\/\/hubsch-interior.com\/de\/#website\"},\"primaryImageOfPage\":{\"@id\":\"https:\/\/hubsch-interior.com\/de\/produkt\/silo-hocker-beige\/#primaryimage\"},\"image\":{\"@id\":\"https:\/\/hubsch-interior.com\/de\/produkt\/silo-hocker-beige\/#primaryimage\"},\"thumbnailUrl\":\"https:\/\/hubsch-interior.com\/wp-content\/uploads\/2026\/02\/silo-stool-beige-b5790138eeab731408de319c854ad7a1.jpg\",\"datePublished\":\"2022-02-08T13:34:03+00:00\",\"dateModified\":\"2026-04-05T02:17:06+00:00\",\"description\":\"Ein praktischer, funktionaler und bequemer Hocker ist ein Muss f\u00fcr jedes Zuhause. Ein Hocker eignet sich sowohl f\u00fcr unerwartete G\u00e4ste als auch f\u00fcr einen\",\"breadcrumb\":{\"@id\":\"https:\/\/hubsch-interior.com\/de\/produkt\/silo-hocker-beige\/#breadcrumb\"},\"inLanguage\":\"de\",\"potentialAction\":[{\"@type\":\"ReadAction\",\"target\":[\"https:\/\/hubsch-interior.com\/de\/produkt\/silo-hocker-beige\/\"]}]},{\"@type\":\"ImageObject\",\"inLanguage\":\"de\",\"@id\":\"https:\/\/hubsch-interior.com\/de\/produkt\/silo-hocker-beige\/#primaryimage\",\"url\":\"https:\/\/hubsch-interior.com\/wp-content\/uploads\/2026\/02\/silo-stool-beige-b5790138eeab731408de319c854ad7a1.jpg\",\"contentUrl\":\"https:\/\/hubsch-interior.com\/wp-content\/uploads\/2026\/02\/silo-stool-beige-b5790138eeab731408de319c854ad7a1.jpg\",\"width\":1024,\"height\":1024},{\"@type\":\"BreadcrumbList\",\"@id\":\"https:\/\/hubsch-interior.com\/de\/produkt\/silo-hocker-beige\/#breadcrumb\",\"itemListElement\":[{\"@type\":\"ListItem\",\"position\":1,\"name\":\"Startseite\",\"item\":\"https:\/\/hubsch-interior.com\/de\/\"},{\"@type\":\"ListItem\",\"position\":2,\"name\":\"Produkte\",\"item\":\"https:\/\/hubsch-interior.com\/de\/shop-2\/\"},{\"@type\":\"ListItem\",\"position\":3,\"name\":\"M\u00f6bel\",\"item\":\"https:\/\/hubsch-interior.com\/de\/produkt-kategorie\/moebel\/\"},{\"@type\":\"ListItem\",\"position\":4,\"name\":\"Sitzm&ouml;bel\",\"item\":\"https:\/\/hubsch-interior.com\/de\/produkt-kategorie\/moebel\/sitzmoebel-de\/\"},{\"@type\":\"ListItem\",\"position\":5,\"name\":\"Hocker\",\"item\":\"https:\/\/hubsch-interior.com\/de\/produkt-kategorie\/moebel\/sitzmoebel-de\/hocker-de\/\"},{\"@type\":\"ListItem\",\"position\":6,\"name\":\"Silo Hocker Beige\"}]},{\"@type\":\"WebSite\",\"@id\":\"https:\/\/hubsch-interior.com\/de\/#website\",\"url\":\"https:\/\/hubsch-interior.com\/de\/\",\"name\":\"H\u00fcbsch\",\"description\":\"Danish Home Interior and Design\",\"publisher\":{\"@id\":\"https:\/\/hubsch-interior.com\/de\/#organization\"},\"potentialAction\":[{\"@type\":\"SearchAction\",\"target\":{\"@type\":\"EntryPoint\",\"urlTemplate\":\"https:\/\/hubsch-interior.com\/de\/?s={search_term_string}\"},\"query-input\":{\"@type\":\"PropertyValueSpecification\",\"valueRequired\":true,\"valueName\":\"search_term_string\"}}],\"inLanguage\":\"de\"},{\"@type\":\"Organization\",\"@id\":\"https:\/\/hubsch-interior.com\/de\/#organization\",\"name\":\"H\u00fcbsch\",\"url\":\"https:\/\/hubsch-interior.com\/de\/\",\"logo\":{\"@type\":\"ImageObject\",\"inLanguage\":\"de\",\"@id\":\"https:\/\/hubsch-interior.com\/de\/#\/schema\/logo\/image\/\",\"url\":\"https:\/\/hubsch-interior.com\/wp-content\/uploads\/2022\/12\/Hubsch_logo_black_one_line.svg\",\"contentUrl\":\"https:\/\/hubsch-interior.com\/wp-content\/uploads\/2022\/12\/Hubsch_logo_black_one_line.svg\",\"caption\":\"H\u00fcbsch\"},\"image\":{\"@id\":\"https:\/\/hubsch-interior.com\/de\/#\/schema\/logo\/image\/\"}}]}<\/script>\n<!-- \/ Yoast SEO plugin. -->","yoast_head_json":{"title":"Silo Hocker Beige - H\u00fcbsch","description":"Ein praktischer, funktionaler und bequemer Hocker ist ein Muss f\u00fcr jedes Zuhause. Ein Hocker eignet sich sowohl f\u00fcr unerwartete G\u00e4ste als auch f\u00fcr einen","robots":{"index":"index","follow":"follow","max-snippet":"max-snippet:-1","max-image-preview":"max-image-preview:large","max-video-preview":"max-video-preview:-1"},"canonical":"https:\/\/hubsch-interior.com\/de\/wp-json\/wp\/v2\/product\/739520","og_locale":"de_DE","og_type":"article","og_title":"Silo Hocker Beige - H\u00fcbsch","og_description":"Ein praktischer, funktionaler und bequemer Hocker ist ein Muss f\u00fcr jedes Zuhause. Ein Hocker eignet sich sowohl f\u00fcr unerwartete G\u00e4ste als auch f\u00fcr einen","og_url":"https:\/\/hubsch-interior.com\/de\/produkt\/silo-hocker-beige\/","og_site_name":"H\u00fcbsch","article_modified_time":"2026-04-05T02:17:06+00:00","og_image":[{"width":1024,"height":1024,"url":"https:\/\/hubsch-interior.com\/wp-content\/uploads\/2026\/02\/silo-stool-beige-b5790138eeab731408de319c854ad7a1.jpg","type":"image\/jpeg"}],"twitter_card":"summary_large_image","schema":{"@context":"https:\/\/schema.org","@graph":[{"@type":"WebPage","@id":"https:\/\/hubsch-interior.com\/de\/produkt\/silo-hocker-beige\/","url":"https:\/\/hubsch-interior.com\/de\/produkt\/silo-hocker-beige\/","name":"Silo Hocker Beige - H\u00fcbsch","isPartOf":{"@id":"https:\/\/hubsch-interior.com\/de\/#website"},"primaryImageOfPage":{"@id":"https:\/\/hubsch-interior.com\/de\/produkt\/silo-hocker-beige\/#primaryimage"},"image":{"@id":"https:\/\/hubsch-interior.com\/de\/produkt\/silo-hocker-beige\/#primaryimage"},"thumbnailUrl":"https:\/\/hubsch-interior.com\/wp-content\/uploads\/2026\/02\/silo-stool-beige-b5790138eeab731408de319c854ad7a1.jpg","datePublished":"2022-02-08T13:34:03+00:00","dateModified":"2026-04-05T02:17:06+00:00","description":"Ein praktischer, funktionaler und bequemer Hocker ist ein Muss f\u00fcr jedes Zuhause. Ein Hocker eignet sich sowohl f\u00fcr unerwartete G\u00e4ste als auch f\u00fcr einen","breadcrumb":{"@id":"https:\/\/hubsch-interior.com\/de\/produkt\/silo-hocker-beige\/#breadcrumb"},"inLanguage":"de","potentialAction":[{"@type":"ReadAction","target":["https:\/\/hubsch-interior.com\/de\/produkt\/silo-hocker-beige\/"]}]},{"@type":"ImageObject","inLanguage":"de","@id":"https:\/\/hubsch-interior.com\/de\/produkt\/silo-hocker-beige\/#primaryimage","url":"https:\/\/hubsch-interior.com\/wp-content\/uploads\/2026\/02\/silo-stool-beige-b5790138eeab731408de319c854ad7a1.jpg","contentUrl":"https:\/\/hubsch-interior.com\/wp-content\/uploads\/2026\/02\/silo-stool-beige-b5790138eeab731408de319c854ad7a1.jpg","width":1024,"height":1024},{"@type":"BreadcrumbList","@id":"https:\/\/hubsch-interior.com\/de\/produkt\/silo-hocker-beige\/#breadcrumb","itemListElement":[{"@type":"ListItem","position":1,"name":"Startseite","item":"https:\/\/hubsch-interior.com\/de\/"},{"@type":"ListItem","position":2,"name":"Produkte","item":"https:\/\/hubsch-interior.com\/de\/shop-2\/"},{"@type":"ListItem","position":3,"name":"M\u00f6bel","item":"https:\/\/hubsch-interior.com\/de\/produkt-kategorie\/moebel\/"},{"@type":"ListItem","position":4,"name":"Sitzm&ouml;bel","item":"https:\/\/hubsch-interior.com\/de\/produkt-kategorie\/moebel\/sitzmoebel-de\/"},{"@type":"ListItem","position":5,"name":"Hocker","item":"https:\/\/hubsch-interior.com\/de\/produkt-kategorie\/moebel\/sitzmoebel-de\/hocker-de\/"},{"@type":"ListItem","position":6,"name":"Silo Hocker Beige"}]},{"@type":"WebSite","@id":"https:\/\/hubsch-interior.com\/de\/#website","url":"https:\/\/hubsch-interior.com\/de\/","name":"H\u00fcbsch","description":"Danish Home Interior and Design","publisher":{"@id":"https:\/\/hubsch-interior.com\/de\/#organization"},"potentialAction":[{"@type":"SearchAction","target":{"@type":"EntryPoint","urlTemplate":"https:\/\/hubsch-interior.com\/de\/?s={search_term_string}"},"query-input":{"@type":"PropertyValueSpecification","valueRequired":true,"valueName":"search_term_string"}}],"inLanguage":"de"},{"@type":"Organization","@id":"https:\/\/hubsch-interior.com\/de\/#organization","name":"H\u00fcbsch","url":"https:\/\/hubsch-interior.com\/de\/","logo":{"@type":"ImageObject","inLanguage":"de","@id":"https:\/\/hubsch-interior.com\/de\/#\/schema\/logo\/image\/","url":"https:\/\/hubsch-interior.com\/wp-content\/uploads\/2022\/12\/Hubsch_logo_black_one_line.svg","contentUrl":"https:\/\/hubsch-interior.com\/wp-content\/uploads\/2022\/12\/Hubsch_logo_black_one_line.svg","caption":"H\u00fcbsch"},"image":{"@id":"https:\/\/hubsch-interior.com\/de\/#\/schema\/logo\/image\/"}}]}},"_links":{"self":[{"href":"https:\/\/hubsch-interior.com\/de\/wp-json\/wp\/v2\/product\/739520","targetHints":{"allow":["GET"]}}],"collection":[{"href":"https:\/\/hubsch-interior.com\/de\/wp-json\/wp\/v2\/product"}],"about":[{"href":"https:\/\/hubsch-interior.com\/de\/wp-json\/wp\/v2\/types\/product"}],"wp:featuredmedia":[{"embeddable":true,"href":"https:\/\/hubsch-interior.com\/de\/wp-json\/wp\/v2\/media\/1112777"}],"wp:attachment":[{"href":"https:\/\/hubsch-interior.com\/de\/wp-json\/wp\/v2\/media?parent=739520"}],"wp:term":[{"taxonomy":"product_brand","embeddable":true,"href":"https:\/\/hubsch-interior.com\/de\/wp-json\/wp\/v2\/product_brand?post=739520"},{"taxonomy":"product_cat","embeddable":true,"href":"https:\/\/hubsch-interior.com\/de\/wp-json\/wp\/v2\/product_cat?post=739520"},{"taxonomy":"product_tag","embeddable":true,"href":"https:\/\/hubsch-interior.com\/de\/wp-json\/wp\/v2\/product_tag?post=739520"}],"curies":[{"name":"wp","href":"https:\/\/api.w.org\/{rel}","templated":true}]}}