{"id":739540,"date":"2022-02-08T14:34:06","date_gmt":"2022-02-08T13:34:06","guid":{"rendered":"https:\/\/hubsch-interior.com\/product\/product\/"},"modified":"2026-04-08T04:17:03","modified_gmt":"2026-04-08T02:17:03","slug":"silo-hocker-schwarz","status":"publish","type":"product","link":"https:\/\/hubsch-interior.com\/de\/produkt\/silo-hocker-schwarz\/","title":{"rendered":"Silo Hocker Schwarz"},"content":{"rendered":"<p>Ein praktischer, funktionaler und bequemer Hocker ist ein Muss f\u00fcr jedes Zuhause. Ein Hocker eignet sich sowohl f\u00fcr unerwartete G\u00e4ste als auch f\u00fcr einen Sitzplatzwechsel, wenn Sie eine Pause brauchen. Dieser Hocker hat einen mutigen und eleganten Look. Die schwarzen Metallbeine und die schwarze Polsterung bilden eine stilvolle Kombination. Und wissen Sie was? Der Hocker ist stapelbar. <\/p>\n","protected":false},"excerpt":{"rendered":"<p>Ein praktischer, funktionaler und bequemer Hocker ist ein Muss f\u00fcr jedes Zuhause. Ein Hocker eignet sich sowohl f\u00fcr unerwartete G\u00e4ste als auch f\u00fcr einen Sitzplatzwechsel, wenn Sie eine Pause brauchen. Dieser Hocker hat einen mutigen und eleganten Look. Die schwarzen Metallbeine und die schwarze Polsterung bilden eine stilvolle Kombination. Und wissen Sie was? Der Hocker [&hellip;]<\/p>\n","protected":false},"featured_media":1093286,"template":"","meta":{"_acf_changed":false,"inline_featured_image":false},"product_brand":[],"product_cat":[2845,3042,5027],"product_tag":[],"class_list":{"0":"post-739540","1":"product","2":"type-product","3":"status-publish","4":"has-post-thumbnail","6":"product_cat-sitzmoebel-de","7":"product_cat-hocker-de","8":"product_cat-bestsellers-de","9":"product_shipping_class-pk","10":"pa_color-schwarz","11":"pa_material-acrylic-10-de","12":"pa_material-polyester-90-de","13":"pa_material-stahl","15":"first","16":"instock","17":"featured","18":"taxable","19":"shipping-taxable","20":"purchasable","21":"product-type-simple"},"exclude_global_add_ons":[],"addons":[],"acf":[],"yoast_head":"<!-- This site is optimized with the Yoast SEO plugin v26.4 - https:\/\/yoast.com\/wordpress\/plugins\/seo\/ -->\n<title>Silo Hocker Schwarz - H\u00fcbsch<\/title>\n<meta name=\"description\" content=\"Ein praktischer, funktionaler und bequemer Hocker ist ein Muss f\u00fcr jedes Zuhause. Ein Hocker eignet sich sowohl f\u00fcr unerwartete G\u00e4ste als auch f\u00fcr einen\" \/>\n<meta name=\"robots\" content=\"index, follow, max-snippet:-1, max-image-preview:large, max-video-preview:-1\" \/>\n<link rel=\"canonical\" href=\"https:\/\/hubsch-interior.com\/de\/wp-json\/wp\/v2\/product\/739540\" \/>\n<meta property=\"og:locale\" content=\"de_DE\" \/>\n<meta property=\"og:type\" content=\"article\" \/>\n<meta property=\"og:title\" content=\"Silo Hocker Schwarz - H\u00fcbsch\" \/>\n<meta property=\"og:description\" content=\"Ein praktischer, funktionaler und bequemer Hocker ist ein Muss f\u00fcr jedes Zuhause. Ein Hocker eignet sich sowohl f\u00fcr unerwartete G\u00e4ste als auch f\u00fcr einen\" \/>\n<meta property=\"og:url\" content=\"https:\/\/hubsch-interior.com\/de\/produkt\/silo-hocker-schwarz\/\" \/>\n<meta property=\"og:site_name\" content=\"H\u00fcbsch\" \/>\n<meta property=\"article:modified_time\" content=\"2026-04-08T02:17:03+00:00\" \/>\n<meta property=\"og:image\" content=\"https:\/\/hubsch-interior.com\/wp-content\/uploads\/2023\/08\/silo-stool-dark-brown-773ac326a53d40c7262888d0a6259b86.jpg\" \/>\n\t<meta property=\"og:image:width\" content=\"1200\" \/>\n\t<meta property=\"og:image:height\" content=\"1200\" \/>\n\t<meta property=\"og:image:type\" content=\"image\/jpeg\" \/>\n<meta name=\"twitter:card\" content=\"summary_large_image\" \/>\n<script type=\"application\/ld+json\" class=\"yoast-schema-graph\">{\"@context\":\"https:\/\/schema.org\",\"@graph\":[{\"@type\":\"WebPage\",\"@id\":\"https:\/\/hubsch-interior.com\/de\/produkt\/silo-hocker-schwarz\/\",\"url\":\"https:\/\/hubsch-interior.com\/de\/produkt\/silo-hocker-schwarz\/\",\"name\":\"Silo Hocker Schwarz - H\u00fcbsch\",\"isPartOf\":{\"@id\":\"https:\/\/hubsch-interior.com\/de\/#website\"},\"primaryImageOfPage\":{\"@id\":\"https:\/\/hubsch-interior.com\/de\/produkt\/silo-hocker-schwarz\/#primaryimage\"},\"image\":{\"@id\":\"https:\/\/hubsch-interior.com\/de\/produkt\/silo-hocker-schwarz\/#primaryimage\"},\"thumbnailUrl\":\"https:\/\/hubsch-interior.com\/wp-content\/uploads\/2026\/02\/silo-stool-black-534aac7c912de3634897193d2fba4211.jpg\",\"datePublished\":\"2022-02-08T13:34:06+00:00\",\"dateModified\":\"2026-04-08T02:17:03+00:00\",\"description\":\"Ein praktischer, funktionaler und bequemer Hocker ist ein Muss f\u00fcr jedes Zuhause. Ein Hocker eignet sich sowohl f\u00fcr unerwartete G\u00e4ste als auch f\u00fcr einen\",\"breadcrumb\":{\"@id\":\"https:\/\/hubsch-interior.com\/de\/produkt\/silo-hocker-schwarz\/#breadcrumb\"},\"inLanguage\":\"de\",\"potentialAction\":[{\"@type\":\"ReadAction\",\"target\":[\"https:\/\/hubsch-interior.com\/de\/produkt\/silo-hocker-schwarz\/\"]}]},{\"@type\":\"ImageObject\",\"inLanguage\":\"de\",\"@id\":\"https:\/\/hubsch-interior.com\/de\/produkt\/silo-hocker-schwarz\/#primaryimage\",\"url\":\"https:\/\/hubsch-interior.com\/wp-content\/uploads\/2026\/02\/silo-stool-black-534aac7c912de3634897193d2fba4211.jpg\",\"contentUrl\":\"https:\/\/hubsch-interior.com\/wp-content\/uploads\/2026\/02\/silo-stool-black-534aac7c912de3634897193d2fba4211.jpg\",\"width\":1024,\"height\":1024},{\"@type\":\"BreadcrumbList\",\"@id\":\"https:\/\/hubsch-interior.com\/de\/produkt\/silo-hocker-schwarz\/#breadcrumb\",\"itemListElement\":[{\"@type\":\"ListItem\",\"position\":1,\"name\":\"Startseite\",\"item\":\"https:\/\/hubsch-interior.com\/de\/\"},{\"@type\":\"ListItem\",\"position\":2,\"name\":\"Produkte\",\"item\":\"https:\/\/hubsch-interior.com\/de\/shop-2\/\"},{\"@type\":\"ListItem\",\"position\":3,\"name\":\"M\u00f6bel\",\"item\":\"https:\/\/hubsch-interior.com\/de\/produkt-kategorie\/moebel\/\"},{\"@type\":\"ListItem\",\"position\":4,\"name\":\"Sitzm&ouml;bel\",\"item\":\"https:\/\/hubsch-interior.com\/de\/produkt-kategorie\/moebel\/sitzmoebel-de\/\"},{\"@type\":\"ListItem\",\"position\":5,\"name\":\"Hocker\",\"item\":\"https:\/\/hubsch-interior.com\/de\/produkt-kategorie\/moebel\/sitzmoebel-de\/hocker-de\/\"},{\"@type\":\"ListItem\",\"position\":6,\"name\":\"Silo Hocker Schwarz\"}]},{\"@type\":\"WebSite\",\"@id\":\"https:\/\/hubsch-interior.com\/de\/#website\",\"url\":\"https:\/\/hubsch-interior.com\/de\/\",\"name\":\"H\u00fcbsch\",\"description\":\"Danish Home Interior and Design\",\"publisher\":{\"@id\":\"https:\/\/hubsch-interior.com\/de\/#organization\"},\"potentialAction\":[{\"@type\":\"SearchAction\",\"target\":{\"@type\":\"EntryPoint\",\"urlTemplate\":\"https:\/\/hubsch-interior.com\/de\/?s={search_term_string}\"},\"query-input\":{\"@type\":\"PropertyValueSpecification\",\"valueRequired\":true,\"valueName\":\"search_term_string\"}}],\"inLanguage\":\"de\"},{\"@type\":\"Organization\",\"@id\":\"https:\/\/hubsch-interior.com\/de\/#organization\",\"name\":\"H\u00fcbsch\",\"url\":\"https:\/\/hubsch-interior.com\/de\/\",\"logo\":{\"@type\":\"ImageObject\",\"inLanguage\":\"de\",\"@id\":\"https:\/\/hubsch-interior.com\/de\/#\/schema\/logo\/image\/\",\"url\":\"https:\/\/hubsch-interior.com\/wp-content\/uploads\/2022\/12\/Hubsch_logo_black_one_line.svg\",\"contentUrl\":\"https:\/\/hubsch-interior.com\/wp-content\/uploads\/2022\/12\/Hubsch_logo_black_one_line.svg\",\"caption\":\"H\u00fcbsch\"},\"image\":{\"@id\":\"https:\/\/hubsch-interior.com\/de\/#\/schema\/logo\/image\/\"}}]}<\/script>\n<!-- \/ Yoast SEO plugin. -->","yoast_head_json":{"title":"Silo Hocker Schwarz - H\u00fcbsch","description":"Ein praktischer, funktionaler und bequemer Hocker ist ein Muss f\u00fcr jedes Zuhause. Ein Hocker eignet sich sowohl f\u00fcr unerwartete G\u00e4ste als auch f\u00fcr einen","robots":{"index":"index","follow":"follow","max-snippet":"max-snippet:-1","max-image-preview":"max-image-preview:large","max-video-preview":"max-video-preview:-1"},"canonical":"https:\/\/hubsch-interior.com\/de\/wp-json\/wp\/v2\/product\/739540","og_locale":"de_DE","og_type":"article","og_title":"Silo Hocker Schwarz - H\u00fcbsch","og_description":"Ein praktischer, funktionaler und bequemer Hocker ist ein Muss f\u00fcr jedes Zuhause. Ein Hocker eignet sich sowohl f\u00fcr unerwartete G\u00e4ste als auch f\u00fcr einen","og_url":"https:\/\/hubsch-interior.com\/de\/produkt\/silo-hocker-schwarz\/","og_site_name":"H\u00fcbsch","article_modified_time":"2026-04-08T02:17:03+00:00","og_image":[{"width":1200,"height":1200,"url":"https:\/\/hubsch-interior.com\/wp-content\/uploads\/2023\/08\/silo-stool-dark-brown-773ac326a53d40c7262888d0a6259b86.jpg","type":"image\/jpeg"}],"twitter_card":"summary_large_image","schema":{"@context":"https:\/\/schema.org","@graph":[{"@type":"WebPage","@id":"https:\/\/hubsch-interior.com\/de\/produkt\/silo-hocker-schwarz\/","url":"https:\/\/hubsch-interior.com\/de\/produkt\/silo-hocker-schwarz\/","name":"Silo Hocker Schwarz - H\u00fcbsch","isPartOf":{"@id":"https:\/\/hubsch-interior.com\/de\/#website"},"primaryImageOfPage":{"@id":"https:\/\/hubsch-interior.com\/de\/produkt\/silo-hocker-schwarz\/#primaryimage"},"image":{"@id":"https:\/\/hubsch-interior.com\/de\/produkt\/silo-hocker-schwarz\/#primaryimage"},"thumbnailUrl":"https:\/\/hubsch-interior.com\/wp-content\/uploads\/2026\/02\/silo-stool-black-534aac7c912de3634897193d2fba4211.jpg","datePublished":"2022-02-08T13:34:06+00:00","dateModified":"2026-04-08T02:17:03+00:00","description":"Ein praktischer, funktionaler und bequemer Hocker ist ein Muss f\u00fcr jedes Zuhause. Ein Hocker eignet sich sowohl f\u00fcr unerwartete G\u00e4ste als auch f\u00fcr einen","breadcrumb":{"@id":"https:\/\/hubsch-interior.com\/de\/produkt\/silo-hocker-schwarz\/#breadcrumb"},"inLanguage":"de","potentialAction":[{"@type":"ReadAction","target":["https:\/\/hubsch-interior.com\/de\/produkt\/silo-hocker-schwarz\/"]}]},{"@type":"ImageObject","inLanguage":"de","@id":"https:\/\/hubsch-interior.com\/de\/produkt\/silo-hocker-schwarz\/#primaryimage","url":"https:\/\/hubsch-interior.com\/wp-content\/uploads\/2026\/02\/silo-stool-black-534aac7c912de3634897193d2fba4211.jpg","contentUrl":"https:\/\/hubsch-interior.com\/wp-content\/uploads\/2026\/02\/silo-stool-black-534aac7c912de3634897193d2fba4211.jpg","width":1024,"height":1024},{"@type":"BreadcrumbList","@id":"https:\/\/hubsch-interior.com\/de\/produkt\/silo-hocker-schwarz\/#breadcrumb","itemListElement":[{"@type":"ListItem","position":1,"name":"Startseite","item":"https:\/\/hubsch-interior.com\/de\/"},{"@type":"ListItem","position":2,"name":"Produkte","item":"https:\/\/hubsch-interior.com\/de\/shop-2\/"},{"@type":"ListItem","position":3,"name":"M\u00f6bel","item":"https:\/\/hubsch-interior.com\/de\/produkt-kategorie\/moebel\/"},{"@type":"ListItem","position":4,"name":"Sitzm&ouml;bel","item":"https:\/\/hubsch-interior.com\/de\/produkt-kategorie\/moebel\/sitzmoebel-de\/"},{"@type":"ListItem","position":5,"name":"Hocker","item":"https:\/\/hubsch-interior.com\/de\/produkt-kategorie\/moebel\/sitzmoebel-de\/hocker-de\/"},{"@type":"ListItem","position":6,"name":"Silo Hocker Schwarz"}]},{"@type":"WebSite","@id":"https:\/\/hubsch-interior.com\/de\/#website","url":"https:\/\/hubsch-interior.com\/de\/","name":"H\u00fcbsch","description":"Danish Home Interior and Design","publisher":{"@id":"https:\/\/hubsch-interior.com\/de\/#organization"},"potentialAction":[{"@type":"SearchAction","target":{"@type":"EntryPoint","urlTemplate":"https:\/\/hubsch-interior.com\/de\/?s={search_term_string}"},"query-input":{"@type":"PropertyValueSpecification","valueRequired":true,"valueName":"search_term_string"}}],"inLanguage":"de"},{"@type":"Organization","@id":"https:\/\/hubsch-interior.com\/de\/#organization","name":"H\u00fcbsch","url":"https:\/\/hubsch-interior.com\/de\/","logo":{"@type":"ImageObject","inLanguage":"de","@id":"https:\/\/hubsch-interior.com\/de\/#\/schema\/logo\/image\/","url":"https:\/\/hubsch-interior.com\/wp-content\/uploads\/2022\/12\/Hubsch_logo_black_one_line.svg","contentUrl":"https:\/\/hubsch-interior.com\/wp-content\/uploads\/2022\/12\/Hubsch_logo_black_one_line.svg","caption":"H\u00fcbsch"},"image":{"@id":"https:\/\/hubsch-interior.com\/de\/#\/schema\/logo\/image\/"}}]}},"_links":{"self":[{"href":"https:\/\/hubsch-interior.com\/de\/wp-json\/wp\/v2\/product\/739540","targetHints":{"allow":["GET"]}}],"collection":[{"href":"https:\/\/hubsch-interior.com\/de\/wp-json\/wp\/v2\/product"}],"about":[{"href":"https:\/\/hubsch-interior.com\/de\/wp-json\/wp\/v2\/types\/product"}],"wp:featuredmedia":[{"embeddable":true,"href":"https:\/\/hubsch-interior.com\/de\/wp-json\/wp\/v2\/media\/1093286"}],"wp:attachment":[{"href":"https:\/\/hubsch-interior.com\/de\/wp-json\/wp\/v2\/media?parent=739540"}],"wp:term":[{"taxonomy":"product_brand","embeddable":true,"href":"https:\/\/hubsch-interior.com\/de\/wp-json\/wp\/v2\/product_brand?post=739540"},{"taxonomy":"product_cat","embeddable":true,"href":"https:\/\/hubsch-interior.com\/de\/wp-json\/wp\/v2\/product_cat?post=739540"},{"taxonomy":"product_tag","embeddable":true,"href":"https:\/\/hubsch-interior.com\/de\/wp-json\/wp\/v2\/product_tag?post=739540"}],"curies":[{"name":"wp","href":"https:\/\/api.w.org\/{rel}","templated":true}]}}