{"id":739780,"date":"2022-02-08T14:35:26","date_gmt":"2022-02-08T13:35:26","guid":{"rendered":"https:\/\/hubsch-interior.com\/product\/product\/"},"modified":"2026-04-30T04:21:38","modified_gmt":"2026-04-30T02:21:38","slug":"cheery-korbe-naturfarben-2er-set","status":"publish","type":"product","link":"https:\/\/hubsch-interior.com\/de\/produkt\/cheery-korbe-naturfarben-2er-set\/","title":{"rendered":"Cheery K\u00f6rbe Naturfarben (2er Set)"},"content":{"rendered":"<p>Aufbewahrungsk\u00f6rbe sind eine gute M\u00f6glichkeit, um alles zu organisieren \u2013 von Spielzeug \u00fcber Kissen und \u00dcberw\u00fcrfe bis hin zu Badet\u00fcchern oder Bettzeug. Die Cheery-Weidenk\u00f6rbe mit Deckel sind aus Bambus gefertigt und die elegante Aufbewahrungsl\u00f6sung passt perfekt zu jeder modernen Einrichtung. Ob im Kinderzimmer, im Schlafzimmer oder im Wohnzimmer \u2013 mit diesen K\u00f6rben k\u00f6nnen Sie nichts falsch machen. <\/p>\n","protected":false},"excerpt":{"rendered":"<p>Aufbewahrungsk\u00f6rbe sind eine gute M\u00f6glichkeit, um alles zu organisieren \u2013 von Spielzeug \u00fcber Kissen und \u00dcberw\u00fcrfe bis hin zu Badet\u00fcchern oder Bettzeug. Die Cheery-Weidenk\u00f6rbe mit Deckel sind aus Bambus gefertigt und die elegante Aufbewahrungsl\u00f6sung passt perfekt zu jeder modernen Einrichtung. Ob im Kinderzimmer, im Schlafzimmer oder im Wohnzimmer \u2013 mit diesen K\u00f6rben k\u00f6nnen Sie nichts [&hellip;]<\/p>\n","protected":false},"featured_media":1094672,"template":"","meta":{"_acf_changed":false,"inline_featured_image":false},"product_brand":[],"product_cat":[3111,4076,5027],"product_tag":[],"class_list":{"0":"post-739780","1":"product","2":"type-product","3":"status-publish","4":"has-post-thumbnail","6":"product_cat-aufbewahrung-de","7":"product_cat-koerbe-de","8":"product_cat-bestsellers-de","9":"product_shipping_class-pk","10":"pa_color-naturfarben-2","11":"pa_material-bambus-de","13":"first","14":"instock","15":"featured","16":"taxable","17":"shipping-taxable","18":"purchasable","19":"product-type-simple"},"exclude_global_add_ons":[],"addons":[],"acf":[],"yoast_head":"<!-- This site is optimized with the Yoast SEO plugin v26.4 - https:\/\/yoast.com\/wordpress\/plugins\/seo\/ -->\n<title>Cheery K\u00f6rbe Naturfarben (2er Set) - H\u00fcbsch<\/title>\n<meta name=\"description\" content=\"Aufbewahrungsk\u00f6rbe sind eine gute M\u00f6glichkeit, um alles zu organisieren \u2013 von Spielzeug \u00fcber Kissen und \u00dcberw\u00fcrfe bis hin zu Badet\u00fcchern oder Bettzeug.\" \/>\n<meta name=\"robots\" content=\"index, follow, max-snippet:-1, max-image-preview:large, max-video-preview:-1\" \/>\n<link rel=\"canonical\" href=\"https:\/\/hubsch-interior.com\/de\/wp-json\/wp\/v2\/product\/739780\" \/>\n<meta property=\"og:locale\" content=\"de_DE\" \/>\n<meta property=\"og:type\" content=\"article\" \/>\n<meta property=\"og:title\" content=\"Cheery K\u00f6rbe Naturfarben (2er Set) - H\u00fcbsch\" \/>\n<meta property=\"og:description\" content=\"Aufbewahrungsk\u00f6rbe sind eine gute M\u00f6glichkeit, um alles zu organisieren \u2013 von Spielzeug \u00fcber Kissen und \u00dcberw\u00fcrfe bis hin zu Badet\u00fcchern oder Bettzeug.\" \/>\n<meta property=\"og:url\" content=\"https:\/\/hubsch-interior.com\/de\/produkt\/cheery-korbe-naturfarben-2er-set\/\" \/>\n<meta property=\"og:site_name\" content=\"H\u00fcbsch\" \/>\n<meta property=\"article:modified_time\" content=\"2026-04-30T02:21:38+00:00\" \/>\n<meta property=\"og:image\" content=\"https:\/\/hubsch-interior.com\/wp-content\/uploads\/2025\/04\/cheery-baskets-natural-set-of-2-1f1d921029fa0889e6ff2bf39f01761c.jpg\" \/>\n\t<meta property=\"og:image:width\" content=\"1200\" \/>\n\t<meta property=\"og:image:height\" content=\"1200\" \/>\n\t<meta property=\"og:image:type\" content=\"image\/jpeg\" \/>\n<meta name=\"twitter:card\" content=\"summary_large_image\" \/>\n<script type=\"application\/ld+json\" class=\"yoast-schema-graph\">{\"@context\":\"https:\/\/schema.org\",\"@graph\":[{\"@type\":\"WebPage\",\"@id\":\"https:\/\/hubsch-interior.com\/de\/produkt\/cheery-korbe-naturfarben-2er-set\/\",\"url\":\"https:\/\/hubsch-interior.com\/de\/produkt\/cheery-korbe-naturfarben-2er-set\/\",\"name\":\"Cheery K\u00f6rbe Naturfarben (2er Set) - H\u00fcbsch\",\"isPartOf\":{\"@id\":\"https:\/\/hubsch-interior.com\/de\/#website\"},\"primaryImageOfPage\":{\"@id\":\"https:\/\/hubsch-interior.com\/de\/produkt\/cheery-korbe-naturfarben-2er-set\/#primaryimage\"},\"image\":{\"@id\":\"https:\/\/hubsch-interior.com\/de\/produkt\/cheery-korbe-naturfarben-2er-set\/#primaryimage\"},\"thumbnailUrl\":\"https:\/\/hubsch-interior.com\/wp-content\/uploads\/2026\/02\/cheery-baskets-natural-set-of-2-7d7d8576a403d70aab88dde5ccd1edb1.jpg\",\"datePublished\":\"2022-02-08T13:35:26+00:00\",\"dateModified\":\"2026-04-30T02:21:38+00:00\",\"description\":\"Aufbewahrungsk\u00f6rbe sind eine gute M\u00f6glichkeit, um alles zu organisieren \u2013 von Spielzeug \u00fcber Kissen und \u00dcberw\u00fcrfe bis hin zu Badet\u00fcchern oder Bettzeug.\",\"breadcrumb\":{\"@id\":\"https:\/\/hubsch-interior.com\/de\/produkt\/cheery-korbe-naturfarben-2er-set\/#breadcrumb\"},\"inLanguage\":\"de\",\"potentialAction\":[{\"@type\":\"ReadAction\",\"target\":[\"https:\/\/hubsch-interior.com\/de\/produkt\/cheery-korbe-naturfarben-2er-set\/\"]}]},{\"@type\":\"ImageObject\",\"inLanguage\":\"de\",\"@id\":\"https:\/\/hubsch-interior.com\/de\/produkt\/cheery-korbe-naturfarben-2er-set\/#primaryimage\",\"url\":\"https:\/\/hubsch-interior.com\/wp-content\/uploads\/2026\/02\/cheery-baskets-natural-set-of-2-7d7d8576a403d70aab88dde5ccd1edb1.jpg\",\"contentUrl\":\"https:\/\/hubsch-interior.com\/wp-content\/uploads\/2026\/02\/cheery-baskets-natural-set-of-2-7d7d8576a403d70aab88dde5ccd1edb1.jpg\",\"width\":1024,\"height\":1024},{\"@type\":\"BreadcrumbList\",\"@id\":\"https:\/\/hubsch-interior.com\/de\/produkt\/cheery-korbe-naturfarben-2er-set\/#breadcrumb\",\"itemListElement\":[{\"@type\":\"ListItem\",\"position\":1,\"name\":\"Startseite\",\"item\":\"https:\/\/hubsch-interior.com\/de\/\"},{\"@type\":\"ListItem\",\"position\":2,\"name\":\"Produkte\",\"item\":\"https:\/\/hubsch-interior.com\/de\/shop-2\/\"},{\"@type\":\"ListItem\",\"position\":3,\"name\":\"Wohnaccessoires\",\"item\":\"https:\/\/hubsch-interior.com\/de\/produkt-kategorie\/wohnaccessoires\/\"},{\"@type\":\"ListItem\",\"position\":4,\"name\":\"Aufbewahrung\",\"item\":\"https:\/\/hubsch-interior.com\/de\/produkt-kategorie\/wohnaccessoires\/aufbewahrung-de\/\"},{\"@type\":\"ListItem\",\"position\":5,\"name\":\"K&ouml;rbe\",\"item\":\"https:\/\/hubsch-interior.com\/de\/produkt-kategorie\/wohnaccessoires\/aufbewahrung-de\/koerbe-de\/\"},{\"@type\":\"ListItem\",\"position\":6,\"name\":\"Cheery K\u00f6rbe Naturfarben (2er Set)\"}]},{\"@type\":\"WebSite\",\"@id\":\"https:\/\/hubsch-interior.com\/de\/#website\",\"url\":\"https:\/\/hubsch-interior.com\/de\/\",\"name\":\"H\u00fcbsch\",\"description\":\"Danish Home Interior and Design\",\"publisher\":{\"@id\":\"https:\/\/hubsch-interior.com\/de\/#organization\"},\"potentialAction\":[{\"@type\":\"SearchAction\",\"target\":{\"@type\":\"EntryPoint\",\"urlTemplate\":\"https:\/\/hubsch-interior.com\/de\/?s={search_term_string}\"},\"query-input\":{\"@type\":\"PropertyValueSpecification\",\"valueRequired\":true,\"valueName\":\"search_term_string\"}}],\"inLanguage\":\"de\"},{\"@type\":\"Organization\",\"@id\":\"https:\/\/hubsch-interior.com\/de\/#organization\",\"name\":\"H\u00fcbsch\",\"url\":\"https:\/\/hubsch-interior.com\/de\/\",\"logo\":{\"@type\":\"ImageObject\",\"inLanguage\":\"de\",\"@id\":\"https:\/\/hubsch-interior.com\/de\/#\/schema\/logo\/image\/\",\"url\":\"https:\/\/hubsch-interior.com\/wp-content\/uploads\/2022\/12\/Hubsch_logo_black_one_line.svg\",\"contentUrl\":\"https:\/\/hubsch-interior.com\/wp-content\/uploads\/2022\/12\/Hubsch_logo_black_one_line.svg\",\"caption\":\"H\u00fcbsch\"},\"image\":{\"@id\":\"https:\/\/hubsch-interior.com\/de\/#\/schema\/logo\/image\/\"}}]}<\/script>\n<!-- \/ Yoast SEO plugin. -->","yoast_head_json":{"title":"Cheery K\u00f6rbe Naturfarben (2er Set) - H\u00fcbsch","description":"Aufbewahrungsk\u00f6rbe sind eine gute M\u00f6glichkeit, um alles zu organisieren \u2013 von Spielzeug \u00fcber Kissen und \u00dcberw\u00fcrfe bis hin zu Badet\u00fcchern oder Bettzeug.","robots":{"index":"index","follow":"follow","max-snippet":"max-snippet:-1","max-image-preview":"max-image-preview:large","max-video-preview":"max-video-preview:-1"},"canonical":"https:\/\/hubsch-interior.com\/de\/wp-json\/wp\/v2\/product\/739780","og_locale":"de_DE","og_type":"article","og_title":"Cheery K\u00f6rbe Naturfarben (2er Set) - H\u00fcbsch","og_description":"Aufbewahrungsk\u00f6rbe sind eine gute M\u00f6glichkeit, um alles zu organisieren \u2013 von Spielzeug \u00fcber Kissen und \u00dcberw\u00fcrfe bis hin zu Badet\u00fcchern oder Bettzeug.","og_url":"https:\/\/hubsch-interior.com\/de\/produkt\/cheery-korbe-naturfarben-2er-set\/","og_site_name":"H\u00fcbsch","article_modified_time":"2026-04-30T02:21:38+00:00","og_image":[{"width":1200,"height":1200,"url":"https:\/\/hubsch-interior.com\/wp-content\/uploads\/2025\/04\/cheery-baskets-natural-set-of-2-1f1d921029fa0889e6ff2bf39f01761c.jpg","type":"image\/jpeg"}],"twitter_card":"summary_large_image","schema":{"@context":"https:\/\/schema.org","@graph":[{"@type":"WebPage","@id":"https:\/\/hubsch-interior.com\/de\/produkt\/cheery-korbe-naturfarben-2er-set\/","url":"https:\/\/hubsch-interior.com\/de\/produkt\/cheery-korbe-naturfarben-2er-set\/","name":"Cheery K\u00f6rbe Naturfarben (2er Set) - H\u00fcbsch","isPartOf":{"@id":"https:\/\/hubsch-interior.com\/de\/#website"},"primaryImageOfPage":{"@id":"https:\/\/hubsch-interior.com\/de\/produkt\/cheery-korbe-naturfarben-2er-set\/#primaryimage"},"image":{"@id":"https:\/\/hubsch-interior.com\/de\/produkt\/cheery-korbe-naturfarben-2er-set\/#primaryimage"},"thumbnailUrl":"https:\/\/hubsch-interior.com\/wp-content\/uploads\/2026\/02\/cheery-baskets-natural-set-of-2-7d7d8576a403d70aab88dde5ccd1edb1.jpg","datePublished":"2022-02-08T13:35:26+00:00","dateModified":"2026-04-30T02:21:38+00:00","description":"Aufbewahrungsk\u00f6rbe sind eine gute M\u00f6glichkeit, um alles zu organisieren \u2013 von Spielzeug \u00fcber Kissen und \u00dcberw\u00fcrfe bis hin zu Badet\u00fcchern oder Bettzeug.","breadcrumb":{"@id":"https:\/\/hubsch-interior.com\/de\/produkt\/cheery-korbe-naturfarben-2er-set\/#breadcrumb"},"inLanguage":"de","potentialAction":[{"@type":"ReadAction","target":["https:\/\/hubsch-interior.com\/de\/produkt\/cheery-korbe-naturfarben-2er-set\/"]}]},{"@type":"ImageObject","inLanguage":"de","@id":"https:\/\/hubsch-interior.com\/de\/produkt\/cheery-korbe-naturfarben-2er-set\/#primaryimage","url":"https:\/\/hubsch-interior.com\/wp-content\/uploads\/2026\/02\/cheery-baskets-natural-set-of-2-7d7d8576a403d70aab88dde5ccd1edb1.jpg","contentUrl":"https:\/\/hubsch-interior.com\/wp-content\/uploads\/2026\/02\/cheery-baskets-natural-set-of-2-7d7d8576a403d70aab88dde5ccd1edb1.jpg","width":1024,"height":1024},{"@type":"BreadcrumbList","@id":"https:\/\/hubsch-interior.com\/de\/produkt\/cheery-korbe-naturfarben-2er-set\/#breadcrumb","itemListElement":[{"@type":"ListItem","position":1,"name":"Startseite","item":"https:\/\/hubsch-interior.com\/de\/"},{"@type":"ListItem","position":2,"name":"Produkte","item":"https:\/\/hubsch-interior.com\/de\/shop-2\/"},{"@type":"ListItem","position":3,"name":"Wohnaccessoires","item":"https:\/\/hubsch-interior.com\/de\/produkt-kategorie\/wohnaccessoires\/"},{"@type":"ListItem","position":4,"name":"Aufbewahrung","item":"https:\/\/hubsch-interior.com\/de\/produkt-kategorie\/wohnaccessoires\/aufbewahrung-de\/"},{"@type":"ListItem","position":5,"name":"K&ouml;rbe","item":"https:\/\/hubsch-interior.com\/de\/produkt-kategorie\/wohnaccessoires\/aufbewahrung-de\/koerbe-de\/"},{"@type":"ListItem","position":6,"name":"Cheery K\u00f6rbe Naturfarben (2er Set)"}]},{"@type":"WebSite","@id":"https:\/\/hubsch-interior.com\/de\/#website","url":"https:\/\/hubsch-interior.com\/de\/","name":"H\u00fcbsch","description":"Danish Home Interior and Design","publisher":{"@id":"https:\/\/hubsch-interior.com\/de\/#organization"},"potentialAction":[{"@type":"SearchAction","target":{"@type":"EntryPoint","urlTemplate":"https:\/\/hubsch-interior.com\/de\/?s={search_term_string}"},"query-input":{"@type":"PropertyValueSpecification","valueRequired":true,"valueName":"search_term_string"}}],"inLanguage":"de"},{"@type":"Organization","@id":"https:\/\/hubsch-interior.com\/de\/#organization","name":"H\u00fcbsch","url":"https:\/\/hubsch-interior.com\/de\/","logo":{"@type":"ImageObject","inLanguage":"de","@id":"https:\/\/hubsch-interior.com\/de\/#\/schema\/logo\/image\/","url":"https:\/\/hubsch-interior.com\/wp-content\/uploads\/2022\/12\/Hubsch_logo_black_one_line.svg","contentUrl":"https:\/\/hubsch-interior.com\/wp-content\/uploads\/2022\/12\/Hubsch_logo_black_one_line.svg","caption":"H\u00fcbsch"},"image":{"@id":"https:\/\/hubsch-interior.com\/de\/#\/schema\/logo\/image\/"}}]}},"_links":{"self":[{"href":"https:\/\/hubsch-interior.com\/de\/wp-json\/wp\/v2\/product\/739780","targetHints":{"allow":["GET"]}}],"collection":[{"href":"https:\/\/hubsch-interior.com\/de\/wp-json\/wp\/v2\/product"}],"about":[{"href":"https:\/\/hubsch-interior.com\/de\/wp-json\/wp\/v2\/types\/product"}],"wp:featuredmedia":[{"embeddable":true,"href":"https:\/\/hubsch-interior.com\/de\/wp-json\/wp\/v2\/media\/1094672"}],"wp:attachment":[{"href":"https:\/\/hubsch-interior.com\/de\/wp-json\/wp\/v2\/media?parent=739780"}],"wp:term":[{"taxonomy":"product_brand","embeddable":true,"href":"https:\/\/hubsch-interior.com\/de\/wp-json\/wp\/v2\/product_brand?post=739780"},{"taxonomy":"product_cat","embeddable":true,"href":"https:\/\/hubsch-interior.com\/de\/wp-json\/wp\/v2\/product_cat?post=739780"},{"taxonomy":"product_tag","embeddable":true,"href":"https:\/\/hubsch-interior.com\/de\/wp-json\/wp\/v2\/product_tag?post=739780"}],"curies":[{"name":"wp","href":"https:\/\/api.w.org\/{rel}","templated":true}]}}